{"id":6564,"date":"2025-03-11T06:29:39","date_gmt":"2025-03-11T06:29:39","guid":{"rendered":"https:\/\/fmp-components.com\/product\/factory-direct-sale-20-ton-4-stage-dump-truck-hydraulic-cylinder"},"modified":"2025-03-12T06:26:11","modified_gmt":"2025-03-12T06:26:11","slug":"factory-direct-sale-20-ton-4-stage-dump-truck-hydraulic-cylinder","status":"publish","type":"product","link":"https:\/\/fmp-components.com\/tr\/product\/factory-direct-sale-20-ton-4-stage-dump-truck-hydraulic-cylinder\/","title":{"rendered":"Fabrika Do\u011frudan Sat\u0131\u015f 20 Ton 4 Kademeli Damperli Kamyon Hidrolik Silindiri"},"content":{"rendered":"<h2>Fabrika Do\u011frudan Sat\u0131\u015f 20 Ton 4 Kademeli Damperli Kamyon Hidrolik Silindiri<\/h2>\n<p>Hidrolik teknolojisinin g\u00fc\u00e7l\u00fc bir \u00f6rne\u011fi olan 20 Tonluk 4 Kademeli Damperli Kamyon hidrolik silindirimizi sunuyoruz. Bu yeni, standart, \u00e7ok kademeli hidrolik silindir, makine tamir at\u00f6lyeleri, \u00e7iftlikler, enerji ve madencilik, makine \u00fcretimi ve makine fabrikalar\u0131 dahil olmak \u00fczere \u00e7e\u015fitli ortamlarda optimum i\u015flevsellik i\u00e7in tasarlanm\u0131\u015ft\u0131r.<\/p>\n<h3>\u00d6zellikler ve Teknik \u00d6zellikler<\/h3>\n<p>Hidrolik silindirimiz, hidrolik g\u00fc\u00e7 kayna\u011f\u0131na ve \u00e7elik g\u00f6vde malzemesine sahip bir piston silindiridir. Maksimum 3000 itme ve 20 ton \u00e7ekme g\u00fcc\u00fcne sahiptir. \u00dcr\u00fcn\u00fcm\u00fcz, kalitesini ve g\u00fcvenilirli\u011fini garanti alt\u0131na alan ISO9001:2000 sertifikas\u0131na sahiptir.<\/p>\n<table style=\"width: 91.9539%;\" border=\"\">\n<tbody>\n<tr>\n<th style=\"width: 43.5028%;\">Delik Boyutu<\/th>\n<td style=\"width: 442.373%;\">2-6 in\u00e7<\/td>\n<\/tr>\n<tr>\n<th style=\"width: 43.5028%;\">\u00c7ubuk Boyutu<\/th>\n<td style=\"width: 442.373%;\">1.125-4 in\u00e7<\/td>\n<\/tr>\n<tr>\n<th style=\"width: 43.5028%;\">Vuru\u015f Boyutu<\/th>\n<td style=\"width: 442.373%;\">4-100 in\u00e7<\/td>\n<\/tr>\n<tr>\n<th style=\"width: 43.5028%;\">Pin Boyutu<\/th>\n<td style=\"width: 442.373%;\">0,5-2 in\u00e7<\/td>\n<\/tr>\n<tr>\n<th style=\"width: 43.5028%;\">Limanlar<\/th>\n<td style=\"width: 442.373%;\">G\/SAE\/NPT\/M<\/td>\n<\/tr>\n<\/tbody>\n<\/table>\n<h2>Benzersiz Avantajlar<\/h2>\n<ul>\n<li>Enerji Verimlili\u011fi: Hidrolik silindirimiz, i\u015fletme maliyetlerinizi azaltarak optimum enerji verimlili\u011fiyle \u00e7al\u0131\u015facak \u015fekilde tasarlanm\u0131\u015ft\u0131r.<\/li>\n<li>Y\u00fcksek Verimlilik: Y\u00fcksek itme ve \u00e7ekme kapasitesine sahip bu hidrolik silindir, y\u00fcksek verimli \u00e7al\u0131\u015fmay\u0131 garanti eder.<\/li>\n<li>G\u00fcvenlik: ISO9001:2000 sertifikal\u0131 hidrolik silindirimiz ile g\u00fcvenlik garanti alt\u0131na al\u0131nm\u0131\u015ft\u0131r.<\/li>\n<\/ul>\n<p><img loading=\"lazy\" decoding=\"async\" class=\"alignnone  wp-image-6717\" src=\"https:\/\/fmp-components.com\/wp-content\/uploads\/2025\/03\/hydraulic-cylinder-211.webp\" alt=\"Hidrolik Silindirler\" width=\"894\" height=\"896\" title=\"\" srcset=\"https:\/\/fmp-components.com\/wp-content\/uploads\/2025\/03\/hydraulic-cylinder-211.webp 894w, https:\/\/fmp-components.com\/wp-content\/uploads\/2025\/03\/hydraulic-cylinder-211-480x481.webp 480w\" sizes=\"(min-width: 0px) and (max-width: 480px) 480px, (min-width: 481px) 894px, 100vw\" \/><\/p>\n<h2>Hidrolik Sistemi Anlamak<\/h2>\n<p>20 Tonluk 4 Kademeli Damperli Kamyon Hidrolik Silindirimizin hidrolik sistemi, temel s\u0131v\u0131 bas\u0131nc\u0131 prensibiyle \u00e7al\u0131\u015f\u0131r. Esasen, sistem i\u00e7inde belirli bir noktaya bas\u0131n\u00e7 uyguland\u0131\u011f\u0131nda, bu bas\u0131n\u00e7 de\u011fi\u015fimi di\u011fer t\u00fcm bile\u015fenlere e\u015fit ve kay\u0131ps\u0131z olarak iletilir. Bu \u00f6zellik, sistemin \u00f6nemli a\u011f\u0131rl\u0131k veya a\u011f\u0131r y\u00fckleri ta\u015f\u0131rken bile etkili ve g\u00fc\u00e7l\u00fc bir \u015fekilde \u00e7al\u0131\u015fmas\u0131n\u0131 sa\u011flar. S\u0131k\u0131\u015ft\u0131r\u0131lamaz s\u0131v\u0131 kullanan hidrolik sistem, kuvveti art\u0131rarak damperli kamyonun damper kasas\u0131n\u0131n hassas bir \u015fekilde kontrol edilmesini ve hareket ettirilmesini sa\u011flar.<\/p>\n<p>Hidrolik sistemin tasar\u0131m\u0131, hidrolik s\u0131v\u0131, borular, valfler ve hidrolik silindirin kendisi de dahil olmak \u00fczere bir\u00e7ok temel unsuru i\u00e7erir. Hidrolik s\u0131v\u0131, kuvvetin aktar\u0131ld\u0131\u011f\u0131 ortam g\u00f6revi g\u00f6r\u00fcrken, borular ve valfler bu s\u0131v\u0131n\u0131n ak\u0131\u015f\u0131n\u0131 ve y\u00f6n\u00fcn\u00fc d\u00fczenler. Birincil akt\u00fcat\u00f6r olan hidrolik silindir, hidrolik enerjiyi tekrar mekanik enerjiye d\u00f6n\u00fc\u015ft\u00fcrerek kamyonun damperli kasas\u0131n\u0131n istenen hareketini sa\u011flar.<\/p>\n<h2>Ba\u015fvuru<\/h2>\n<p>Bu hidrolik silindir \u00e7ok y\u00f6nl\u00fcd\u00fcr ve \u00e7e\u015fitli end\u00fcstrilerdeki geni\u015f uygulama yelpazesi i\u00e7in uygundur. \u00d6zellikle a\u011f\u0131r ekipmanlar\u0131n kald\u0131r\u0131l\u0131p konumland\u0131r\u0131lmas\u0131 gereken makine tamir at\u00f6lyelerinde faydal\u0131d\u0131r. \u00c7iftliklerde ise hidrolik silindir, a\u011f\u0131r toprak, \u00fcr\u00fcn veya ekipman ta\u015f\u0131ma gibi g\u00f6revler i\u00e7in paha bi\u00e7ilmezdir. Enerji ve madencilik sekt\u00f6rlerinde ise, \u00f6nemli a\u011f\u0131rl\u0131klar\u0131 ve zorlu ortamlar\u0131 kald\u0131rmas\u0131 gereken makinelerin \u00e7al\u0131\u015fmas\u0131nda kritik bir rol oynar.<\/p>\n<p>Hidrolik silindir, b\u00fcy\u00fck bile\u015fenlerin montaj\u0131n\u0131 ve hareketini destekledi\u011fi makine imalat\u0131nda ve fabrikalarda da vazge\u00e7ilmezdir. Sa\u011flam tasar\u0131m\u0131, \u00e7al\u0131\u015fma \u00f6mr\u00fc boyunca istikrarl\u0131 ve g\u00fcvenilir performans sunarken a\u011f\u0131r y\u00fcklere dayanabilmesini sa\u011flar. Bu g\u00fcvenilirlik, zorlu \u00e7al\u0131\u015fma ortamlar\u0131nda \u00fcretkenli\u011fi ve g\u00fcvenli\u011fi korumak i\u00e7in hayati \u00f6nem ta\u015f\u0131r ve hidrolik silindiri modern makine operasyonlar\u0131n\u0131n vazge\u00e7ilmez bir par\u00e7as\u0131 haline getirir.<\/p>\n<p><img loading=\"lazy\" decoding=\"async\" class=\"alignnone size-full wp-image-6660\" src=\"https:\/\/fmp-components.com\/wp-content\/uploads\/2025\/03\/hydraulic-cylinder-workshop-4.webp\" alt=\"teleskopik hidrolik silindir\" width=\"914\" height=\"733\" title=\"\" srcset=\"https:\/\/fmp-components.com\/wp-content\/uploads\/2025\/03\/hydraulic-cylinder-workshop-4.webp 914w, https:\/\/fmp-components.com\/wp-content\/uploads\/2025\/03\/hydraulic-cylinder-workshop-4-480x385.webp 480w\" sizes=\"(min-width: 0px) and (max-width: 480px) 480px, (min-width: 481px) 914px, 100vw\" \/><\/p>\n<h2>SSS<\/h2>\n<dl>\n<dt>S: Teslimat s\u00fcresi ne kadard\u0131r?<\/dt>\n<dd>A: Teslimat s\u00fcresi genellikle 25-35 g\u00fcnd\u00fcr.<\/dd>\n<dt>S: Bu \u00fcr\u00fcn i\u00e7in numune sa\u011fl\u0131yor musunuz?<\/dt>\n<dd>C: Evet, numune sa\u011fl\u0131yoruz ancak \u00fccretsiz de\u011fil.<\/dd>\n<dt>S: Bu \u00fcr\u00fcn \u00f6zelle\u015ftirilebilir mi?<\/dt>\n<dd>C: Evet, numunelerinize veya teknik \u00e7izimlerinize g\u00f6re \u00fcr\u00fcn\u00fc \u00f6zelle\u015ftirebiliriz. Kal\u0131p ve aparatlar\u0131 biz \u00fcretebiliriz.<\/dd>\n<\/dl>\n<h3>FMP Hakk\u0131nda<\/h3>\n<p>FMP, y\u00fcksek kaliteli hidrolik silindirlerin tasar\u0131m\u0131, geli\u015ftirilmesi ve \u00fcretimiyle tan\u0131nan \u00f6nde gelen bir \u0130talyan \u00fcreticisidir. Onlarca y\u0131ll\u0131k uzmanl\u0131\u011f\u0131m\u0131zla, geleneksel \u0130talyan i\u015f\u00e7ili\u011fini ileri teknolojiyle harmanlayarak k\u00fcresel m\u00fc\u015fterilerimizin \u00e7e\u015fitli ihtiya\u00e7lar\u0131na \u00f6zel, ola\u011fan\u00fcst\u00fc hidrolik \u00e7\u00f6z\u00fcmler sunuyoruz. M\u00fchendislikte m\u00fckemmelli\u011fin merkezi olan \u0130talya'da bulunan FMP, d\u00fcnya \u00e7ap\u0131ndaki i\u015fletmelere g\u00fc\u00e7 katan g\u00fcvenilir, dayan\u0131kl\u0131 ve yenilik\u00e7i \u00fcr\u00fcnler sunmaya kendini adam\u0131\u015f, hidrolik sekt\u00f6r\u00fcnde g\u00fcvenilir bir isim olarak kendini kan\u0131tlam\u0131\u015ft\u0131r.<\/p>\n<p>\u0130leri d\u00fczey \u00fcretim geleneklerinin en iyilerini ileri g\u00f6r\u00fc\u015fl\u00fc bir yakla\u015f\u0131mla birle\u015ftiriyoruz. Hidrolik sistemlerdeki kapsaml\u0131 deneyimimizden yararlanan FMP, ara\u015ft\u0131rma, tasar\u0131m ve \u00fcretimde m\u00fckemmellik g\u00f6steren modern bir kurulu\u015fa d\u00f6n\u00fc\u015fm\u00fc\u015ft\u00fcr. Uzmanl\u0131k alan\u0131m\u0131z, \u00e7ift etkili silindirler, otomotiv kald\u0131rma silindirleri, tar\u0131m makineleri silindirleri ve \u00e7e\u015fitli end\u00fcstriyel uygulamalar i\u00e7in \u00f6zel olarak tasarlanm\u0131\u015f \u00e7\u00f6z\u00fcmler gibi geni\u015f bir hidrolik silindir yelpazesini kapsamaktad\u0131r. En zorlu ko\u015fullarda performans g\u00f6sterecek \u015fekilde tasarlanan hidrolik silindirlerimiz, in\u015faat, end\u00fcstriyel tesisler, tar\u0131m ve a\u011f\u0131r makine gibi sekt\u00f6rlerde g\u00fcvenlik, verimlilik ve uzun \u00f6m\u00fcr sa\u011flar.<\/p>\n<p>FMP olarak, hassas makineler ve geli\u015fmi\u015f test sistemleriyle donat\u0131lm\u0131\u015f son teknoloji \u00fcretim tesislerimizle gurur duyuyoruz. \u00dcretim s\u00fcre\u00e7lerimiz, fabrikam\u0131zdan \u00e7\u0131kan her hidrolik silindirin en y\u00fcksek kalite ve g\u00fcvenilirlik standartlar\u0131n\u0131 kar\u015f\u0131lamas\u0131n\u0131 garanti eden s\u0131k\u0131 ulusal ve uluslararas\u0131 standartlara uygundur. Son teknoloji ekipmanlarla bir araya gelen yetenekli teknik ekibimiz, hammadde se\u00e7iminden son kontrole kadar her \u00fcretim a\u015famas\u0131nda titiz bir kalite kontrol\u00fc sa\u011flamam\u0131z\u0131 m\u00fcmk\u00fcn k\u0131lar. M\u00fckemmelli\u011fe olan bu ba\u011fl\u0131l\u0131\u011f\u0131m\u0131z, sekt\u00f6r otoritelerinden sertifikalar ve \u00f6d\u00fcller almam\u0131z\u0131 sa\u011flayarak g\u00fcvenilir bir ortak olarak itibar\u0131m\u0131z\u0131 peki\u015ftirmi\u015ftir.<\/p>\n<p><img loading=\"lazy\" decoding=\"async\" class=\"alignnone size-full wp-image-6720\" src=\"https:\/\/fmp-components.com\/wp-content\/uploads\/2025\/03\/hydraulic-cylinder-8.webp\" alt=\"Teleskopik Hidrolik Silindirler\" width=\"933\" height=\"526\" title=\"\" srcset=\"https:\/\/fmp-components.com\/wp-content\/uploads\/2025\/03\/hydraulic-cylinder-8.webp 933w, https:\/\/fmp-components.com\/wp-content\/uploads\/2025\/03\/hydraulic-cylinder-8-480x271.webp 480w\" sizes=\"(min-width: 0px) and (max-width: 480px) 480px, (min-width: 481px) 933px, 100vw\" \/><\/p>\n<p>Misyonumuz hem basit hem de iddial\u0131: Performans, dayan\u0131kl\u0131l\u0131k ve de\u011fer a\u00e7\u0131s\u0131ndan beklentileri a\u015fan hidrolik silindirler sunmak. Profesyonellik, d\u00fcr\u00fcstl\u00fck ve m\u00fc\u015fteri odakl\u0131l\u0131k ilkeleriyle, yenilik\u00e7ilik ve hassasiyet k\u00fclt\u00fcr\u00fcn\u00fc benimsiyor ve rekabet\u00e7i pazarda \u00f6ne \u00e7\u0131kmak i\u00e7in \u00fcr\u00fcnlerimizi s\u00fcrekli geli\u015ftiriyoruz. Kapsaml\u0131 \u00fcr\u00fcn yelpazemiz ve ki\u015fiye \u00f6zel \u00e7\u00f6z\u00fcmler sunma yetene\u011fimizle, y\u00fcksek performansl\u0131 hidrolik silindir arayan i\u015fletmeler i\u00e7in tercih edilen bir tercihiz.<\/p>\n<p>FMP, bir \u00fcreticiden \u00e7ok daha fazlas\u0131d\u0131r; ba\u015far\u0131n\u0131z\u0131n orta\u011f\u0131y\u0131z. M\u00fc\u015fterilerimizin \u00fcretkenliklerini ve g\u00fcvenliklerini art\u0131ran ara\u00e7lar sunmam\u0131z i\u00e7in bize g\u00fcvendiklerinin fark\u0131nday\u0131z. Bu nedenle, yaln\u0131zca birinci s\u0131n\u0131f \u00fcr\u00fcnler sunmakla kalmay\u0131p ayn\u0131 zamanda ola\u011fan\u00fcst\u00fc hizmet de sunmaya kararl\u0131y\u0131z. \u0130lk dan\u0131\u015fmanl\u0131ktan sat\u0131\u015f sonras\u0131 deste\u011fe kadar, m\u00fc\u015fterilerimizin ihtiya\u00e7lar\u0131n\u0131n profesyonellik ve \u00f6zenle kar\u015f\u0131lanmas\u0131n\u0131 sa\u011flamak i\u00e7in m\u00fc\u015fterilerimizle yak\u0131n i\u015f birli\u011fi i\u00e7indeyiz. Rekabet\u00e7i fiyatlar\u0131m\u0131z ve kaliteye olan sars\u0131lmaz ba\u011fl\u0131l\u0131\u011f\u0131m\u0131z, FMP'yi g\u00fcvenilir hidrolik \u00e7\u00f6z\u00fcmlere yat\u0131r\u0131m yapmak isteyen \u015firketler i\u00e7in ak\u0131ll\u0131 bir tercih haline getiriyor.<\/p>","protected":false},"excerpt":{"rendered":"<p>Factory Direct Sale 20 Ton 4 Stage Dump Truck Hydraulic Cylinder Introducing our 20 Ton 4 Stage Dump Truck hydraulic cylinder, a factory-direct sale powerhouse of hydraulic technology. This new, standard, multistage hydraulic cylinder is designed for optimum functionality in various environments, including machinery repair shops, farms, energy and mining, machinery manufacturing, and machinery factories. [&hellip;]<\/p>","protected":false},"featured_media":6741,"comment_status":"closed","ping_status":"closed","template":"","meta":{"_et_pb_use_builder":"","_et_pb_old_content":"","_et_gb_content_width":""},"product_brand":[],"product_cat":[103],"product_tag":[34,105],"class_list":{"0":"post-6564","1":"product","2":"type-product","3":"status-publish","4":"has-post-thumbnail","6":"product_cat-telescopic-hydraulic-cylinders","7":"product_tag-hydraulic-cylinder","8":"product_tag-telescopic-hydraulic-cylinders","10":"first","11":"instock","12":"product-type-simple"},"_links":{"self":[{"href":"https:\/\/fmp-components.com\/tr\/wp-json\/wp\/v2\/product\/6564","targetHints":{"allow":["GET"]}}],"collection":[{"href":"https:\/\/fmp-components.com\/tr\/wp-json\/wp\/v2\/product"}],"about":[{"href":"https:\/\/fmp-components.com\/tr\/wp-json\/wp\/v2\/types\/product"}],"replies":[{"embeddable":true,"href":"https:\/\/fmp-components.com\/tr\/wp-json\/wp\/v2\/comments?post=6564"}],"wp:featuredmedia":[{"embeddable":true,"href":"https:\/\/fmp-components.com\/tr\/wp-json\/wp\/v2\/media\/6741"}],"wp:attachment":[{"href":"https:\/\/fmp-components.com\/tr\/wp-json\/wp\/v2\/media?parent=6564"}],"wp:term":[{"taxonomy":"product_brand","embeddable":true,"href":"https:\/\/fmp-components.com\/tr\/wp-json\/wp\/v2\/product_brand?post=6564"},{"taxonomy":"product_cat","embeddable":true,"href":"https:\/\/fmp-components.com\/tr\/wp-json\/wp\/v2\/product_cat?post=6564"},{"taxonomy":"product_tag","embeddable":true,"href":"https:\/\/fmp-components.com\/tr\/wp-json\/wp\/v2\/product_tag?post=6564"}],"curies":[{"name":"wp","href":"https:\/\/api.w.org\/{rel}","templated":true}]}}