{"id":6563,"date":"2025-03-11T06:29:39","date_gmt":"2025-03-11T06:29:39","guid":{"rendered":"https:\/\/fmp-components.com\/product\/quality-manufacturing-4-stage-telescopic-hydraulic-cylinder-for-dump-trailer"},"modified":"2025-03-12T06:21:59","modified_gmt":"2025-03-12T06:21:59","slug":"quality-manufacturing-4-stage-telescopic-hydraulic-cylinder-for-dump-trailer","status":"publish","type":"product","link":"https:\/\/fmp-components.com\/tr\/product\/quality-manufacturing-4-stage-telescopic-hydraulic-cylinder-for-dump-trailer\/","title":{"rendered":"Damperli R\u00f6mork i\u00e7in Kaliteli \u00dcretim 4 Kademeli Teleskopik Hidrolik Silindir"},"content":{"rendered":"<h2>Damperli R\u00f6mork i\u00e7in Kaliteli \u00dcretim 4 Kademeli Teleskopik Hidrolik Silindir<\/h2>\n<p>4 Kademeli Teleskopik Hidrolik Silindir, etkileyici i\u015flevsellik ve performans sunan ola\u011fan\u00fcst\u00fc bir \u00fcr\u00fcnd\u00fcr. Makine Tamir At\u00f6lyeleri, \u00c7iftlikler, Enerji ve Madencilik, Makine \u0130malat\u0131 ve Makine Fabrikalar\u0131 dahil olmak \u00fczere \u00e7e\u015fitli sekt\u00f6rlerde kullan\u0131m i\u00e7in tasarlanm\u0131\u015ft\u0131r.<\/p>\n<h2>\u00dcr\u00fcn \u00d6zellikleri<\/h2>\n<table style=\"width: 97.0168%; height: 123px;\" border=\"\">\n<tbody>\n<tr>\n<td><b>Delik Boyutu<\/b><\/td>\n<td>2-6 in\u00e7<\/td>\n<\/tr>\n<tr>\n<td><b>\u00c7ubuk Boyutu<\/b><\/td>\n<td>1.125-4 in\u00e7<\/td>\n<\/tr>\n<tr>\n<td><b>Vuru\u015f Boyutu<\/b><\/td>\n<td>4-100 in\u00e7<\/td>\n<\/tr>\n<tr>\n<td><b>Pin Boyutu<\/b><\/td>\n<td>0,5-2 in\u00e7<\/td>\n<\/tr>\n<tr>\n<td><b>Limanlar<\/b><\/td>\n<td>G\/SAE\/NPT\/M<\/td>\n<\/tr>\n<\/tbody>\n<\/table>\n<h3>Benzersiz \u00d6zellikler ve Avantajlar<\/h3>\n<ul>\n<li>Enerji verimlili\u011fi<\/li>\n<li>Son derece verimli<\/li>\n<li>Kullan\u0131m\u0131 g\u00fcvenlidir<\/li>\n<\/ul>\n<h2>Hidrolik Sistemi Anlamak<\/h2>\n<p>Hidrolik sistem, i\u015flevselli\u011finin ve verimlili\u011finin temelini olu\u015fturan ak\u0131\u015fkan bas\u0131nc\u0131 prensibine g\u00f6re \u00e7al\u0131\u015f\u0131r. Bir hidrolik sistemde, herhangi bir noktaya bas\u0131n\u00e7 uyguland\u0131\u011f\u0131nda, hidrolik ak\u0131\u015fkan arac\u0131l\u0131\u011f\u0131yla sistemdeki di\u011fer t\u00fcm noktalara iletilen bir kuvvet olu\u015fur. Bu \u00f6zellik, sistemin a\u011f\u0131r y\u00fckleri kald\u0131rmaktan makinelerdeki hassas hareketlere kadar \u00e7ok \u00e7e\u015fitli g\u00f6revleri yerine getirmesini sa\u011flar.<\/p>\n<p>Bas\u0131n\u00e7 iletimi, hidrolik s\u0131v\u0131lar\u0131n s\u0131k\u0131\u015ft\u0131r\u0131lamaz olmas\u0131 nedeniyle ger\u00e7ekle\u015fir; s\u0131v\u0131ya bir kuvvet uyguland\u0131\u011f\u0131nda, s\u0131v\u0131n\u0131n her y\u00f6ne hareket etmesi ve bas\u0131n\u00e7 uygulamas\u0131 gerekir. Bu, k\u00fc\u00e7\u00fck bir giri\u015f kuvvetinin \u00f6nemli bir \u00e7\u0131k\u0131\u015f kuvvetine yol a\u00e7abilece\u011fi ve hidrolik sistemleri ola\u011fan\u00fcst\u00fc g\u00fc\u00e7l\u00fc ve verimli hale getirebilece\u011fi anlam\u0131na gelir. \u00d6rne\u011fin, bir hidrolik pompa bas\u0131n\u00e7 \u00fcretti\u011finde, s\u0131v\u0131y\u0131 borular ve hortumlar arac\u0131l\u0131\u011f\u0131yla hidrolik silindirler veya motorlar gibi \u00e7e\u015fitli bile\u015fenlere iter ve burada bas\u0131n\u00e7 mekanik harekete d\u00f6n\u00fc\u015ft\u00fcr\u00fcl\u00fcr.<\/p>\n<p><img loading=\"lazy\" decoding=\"async\" class=\"alignnone  wp-image-6663\" src=\"https:\/\/fmp-components.com\/wp-content\/uploads\/2025\/03\/telescopic-hydraulic-cylinder-11.webp\" alt=\"teleskopik hidrolik silindir\" width=\"914\" height=\"914\" title=\"\" srcset=\"https:\/\/fmp-components.com\/wp-content\/uploads\/2025\/03\/telescopic-hydraulic-cylinder-11.webp 914w, https:\/\/fmp-components.com\/wp-content\/uploads\/2025\/03\/telescopic-hydraulic-cylinder-11-480x480.webp 480w\" sizes=\"(min-width: 0px) and (max-width: 480px) 480px, (min-width: 481px) 914px, 100vw\" \/><\/p>\n<p>Ayr\u0131ca, hidrolik sistemlerin birbirine ba\u011fl\u0131 yap\u0131s\u0131, birden fazla bile\u015fenin senkronizasyonuna olanak tan\u0131yarak e\u015f zamanl\u0131 ve verimli bir \u015fekilde \u00e7al\u0131\u015fmas\u0131n\u0131 sa\u011flar. Bu \u00f6zellik, in\u015faat makineleri gibi ayn\u0131 anda birden fazla i\u015flevin ger\u00e7ekle\u015ftirilmesi gereken koordineli hareket gerektiren uygulamalarda \u00f6zellikle faydal\u0131d\u0131r.<\/p>\n<p>Ayr\u0131ca, hidrolik sistemler kolayca kontrol edilebilir ve ayarlanabilir. Operat\u00f6rler, valfler ve pompalar kullanarak hidrolik s\u0131v\u0131 ak\u0131\u015f\u0131n\u0131 y\u00f6nlendirerek, sistemin performans\u0131n\u0131 belirli gereksinimleri kar\u015f\u0131layacak \u015fekilde hassas bir \u015fekilde ayarlayabilirler. Bu \u00e7ok y\u00f6nl\u00fcl\u00fck, hidrolik sistemleri imalat, tar\u0131m, otomotiv ve enerji dahil olmak \u00fczere bir\u00e7ok sekt\u00f6rdeki \u00e7e\u015fitli uygulamalar i\u00e7in uygun hale getirir.<\/p>\n<h2>SSS<\/h2>\n<dl>\n<dt><b>S: Siz bir ticaret \u015firketi misiniz yoksa \u00fcretici misiniz?<\/b><\/dt>\n<dd>A: Biz bir fabrikay\u0131z.<\/dd>\n<dt><b>S: Teslimat s\u00fcreniz ne kadard\u0131r?<\/b><\/dt>\n<dd>A: Genellikle 25-35 g\u00fcn s\u00fcrer.<\/dd>\n<dt><b>S: Numune sa\u011fl\u0131yor musunuz? \u00dccretsiz mi yoksa ekstra m\u0131?<\/b><\/dt>\n<dd>C: Evet, numune sa\u011fl\u0131yoruz ancak \u00fccretsiz de\u011fil.<\/dd>\n<\/dl>\n<h3>FMP Hakk\u0131nda<\/h3>\n<p>FMP, y\u00fcksek kaliteli hidrolik silindirlerin tasar\u0131m\u0131, geli\u015ftirilmesi ve \u00fcretimiyle tan\u0131nan \u00f6nde gelen bir \u0130talyan \u00fcreticisidir. Onlarca y\u0131ll\u0131k uzmanl\u0131\u011f\u0131m\u0131zla, geleneksel \u0130talyan i\u015f\u00e7ili\u011fini ileri teknolojiyle harmanlayarak k\u00fcresel m\u00fc\u015fterilerimizin \u00e7e\u015fitli ihtiya\u00e7lar\u0131na \u00f6zel, ola\u011fan\u00fcst\u00fc hidrolik \u00e7\u00f6z\u00fcmler sunuyoruz. M\u00fchendislikte m\u00fckemmelli\u011fin merkezi olan \u0130talya'da bulunan FMP, d\u00fcnya \u00e7ap\u0131ndaki i\u015fletmelere g\u00fc\u00e7 katan g\u00fcvenilir, dayan\u0131kl\u0131 ve yenilik\u00e7i \u00fcr\u00fcnler sunmaya kendini adam\u0131\u015f, hidrolik sekt\u00f6r\u00fcnde g\u00fcvenilir bir isim olarak kendini kan\u0131tlam\u0131\u015ft\u0131r.<\/p>\n<p>\u0130leri d\u00fczey \u00fcretim geleneklerinin en iyilerini ileri g\u00f6r\u00fc\u015fl\u00fc bir yakla\u015f\u0131mla birle\u015ftiriyoruz. Hidrolik sistemlerdeki kapsaml\u0131 deneyimimizden yararlanan FMP, ara\u015ft\u0131rma, tasar\u0131m ve \u00fcretimde m\u00fckemmellik g\u00f6steren modern bir kurulu\u015fa d\u00f6n\u00fc\u015fm\u00fc\u015ft\u00fcr. Uzmanl\u0131k alan\u0131m\u0131z, \u00e7ift etkili silindirler, otomotiv kald\u0131rma silindirleri, tar\u0131m makineleri silindirleri ve \u00e7e\u015fitli end\u00fcstriyel uygulamalar i\u00e7in \u00f6zel olarak tasarlanm\u0131\u015f \u00e7\u00f6z\u00fcmler gibi geni\u015f bir hidrolik silindir yelpazesini kapsamaktad\u0131r. En zorlu ko\u015fullarda performans g\u00f6sterecek \u015fekilde tasarlanan hidrolik silindirlerimiz, in\u015faat, end\u00fcstriyel tesisler, tar\u0131m ve a\u011f\u0131r makine gibi sekt\u00f6rlerde g\u00fcvenlik, verimlilik ve uzun \u00f6m\u00fcr sa\u011flar.<\/p>\n<p>FMP olarak, hassas makineler ve geli\u015fmi\u015f test sistemleriyle donat\u0131lm\u0131\u015f son teknoloji \u00fcretim tesislerimizle gurur duyuyoruz. \u00dcretim s\u00fcre\u00e7lerimiz, fabrikam\u0131zdan \u00e7\u0131kan her hidrolik silindirin en y\u00fcksek kalite ve g\u00fcvenilirlik standartlar\u0131n\u0131 kar\u015f\u0131lamas\u0131n\u0131 garanti eden s\u0131k\u0131 ulusal ve uluslararas\u0131 standartlara uygundur. Son teknoloji ekipmanlarla bir araya gelen yetenekli teknik ekibimiz, hammadde se\u00e7iminden son kontrole kadar her \u00fcretim a\u015famas\u0131nda titiz bir kalite kontrol\u00fc sa\u011flamam\u0131z\u0131 m\u00fcmk\u00fcn k\u0131lar. M\u00fckemmelli\u011fe olan bu ba\u011fl\u0131l\u0131\u011f\u0131m\u0131z, sekt\u00f6r otoritelerinden sertifikalar ve \u00f6d\u00fcller almam\u0131z\u0131 sa\u011flayarak g\u00fcvenilir bir ortak olarak itibar\u0131m\u0131z\u0131 peki\u015ftirmi\u015ftir.<\/p>\n<p><img loading=\"lazy\" decoding=\"async\" class=\"alignnone size-full wp-image-6720\" src=\"https:\/\/fmp-components.com\/wp-content\/uploads\/2025\/03\/hydraulic-cylinder-8.webp\" alt=\"Teleskopik Hidrolik Silindirler\" width=\"933\" height=\"526\" title=\"\" srcset=\"https:\/\/fmp-components.com\/wp-content\/uploads\/2025\/03\/hydraulic-cylinder-8.webp 933w, https:\/\/fmp-components.com\/wp-content\/uploads\/2025\/03\/hydraulic-cylinder-8-480x271.webp 480w\" sizes=\"(min-width: 0px) and (max-width: 480px) 480px, (min-width: 481px) 933px, 100vw\" \/><\/p>\n<p>Misyonumuz hem basit hem de iddial\u0131: Performans, dayan\u0131kl\u0131l\u0131k ve de\u011fer a\u00e7\u0131s\u0131ndan beklentileri a\u015fan hidrolik silindirler sunmak. Profesyonellik, d\u00fcr\u00fcstl\u00fck ve m\u00fc\u015fteri odakl\u0131l\u0131k ilkeleriyle, yenilik\u00e7ilik ve hassasiyet k\u00fclt\u00fcr\u00fcn\u00fc benimsiyor ve rekabet\u00e7i pazarda \u00f6ne \u00e7\u0131kmak i\u00e7in \u00fcr\u00fcnlerimizi s\u00fcrekli geli\u015ftiriyoruz. Kapsaml\u0131 \u00fcr\u00fcn yelpazemiz ve ki\u015fiye \u00f6zel \u00e7\u00f6z\u00fcmler sunma yetene\u011fimizle, y\u00fcksek performansl\u0131 hidrolik silindir arayan i\u015fletmeler i\u00e7in tercih edilen bir tercihiz.<\/p>\n<p>FMP, bir \u00fcreticiden \u00e7ok daha fazlas\u0131d\u0131r; ba\u015far\u0131n\u0131z\u0131n orta\u011f\u0131y\u0131z. M\u00fc\u015fterilerimizin \u00fcretkenliklerini ve g\u00fcvenliklerini art\u0131ran ara\u00e7lar sunmam\u0131z i\u00e7in bize g\u00fcvendiklerinin fark\u0131nday\u0131z. Bu nedenle, yaln\u0131zca birinci s\u0131n\u0131f \u00fcr\u00fcnler sunmakla kalmay\u0131p ayn\u0131 zamanda ola\u011fan\u00fcst\u00fc hizmet de sunmaya kararl\u0131y\u0131z. \u0130lk dan\u0131\u015fmanl\u0131ktan sat\u0131\u015f sonras\u0131 deste\u011fe kadar, m\u00fc\u015fterilerimizin ihtiya\u00e7lar\u0131n\u0131n profesyonellik ve \u00f6zenle kar\u015f\u0131lanmas\u0131n\u0131 sa\u011flamak i\u00e7in m\u00fc\u015fterilerimizle yak\u0131n i\u015f birli\u011fi i\u00e7indeyiz. Rekabet\u00e7i fiyatlar\u0131m\u0131z ve kaliteye olan sars\u0131lmaz ba\u011fl\u0131l\u0131\u011f\u0131m\u0131z, FMP'yi g\u00fcvenilir hidrolik \u00e7\u00f6z\u00fcmlere yat\u0131r\u0131m yapmak isteyen \u015firketler i\u00e7in ak\u0131ll\u0131 bir tercih haline getiriyor.<\/p>","protected":false},"excerpt":{"rendered":"<p>Quality Manufacturing 4 Stage Telescopic Hydraulic Cylinder for Dump Trailer The 4 Stage Telescopic Hydraulic Cylinder is an exceptional product that offers impressive functionality and performance. It is designed for use in various industries including Machinery Repair Shops, Farms, Energy &amp; Mining, Machinery manufacturing and Machinery Factories. Product Specifications Bore Size 2-6 inch Rod Size [&hellip;]<\/p>","protected":false},"featured_media":6739,"comment_status":"closed","ping_status":"closed","template":"","meta":{"_et_pb_use_builder":"","_et_pb_old_content":"","_et_gb_content_width":""},"product_brand":[],"product_cat":[103],"product_tag":[34,105],"class_list":{"0":"post-6563","1":"product","2":"type-product","3":"status-publish","4":"has-post-thumbnail","6":"product_cat-telescopic-hydraulic-cylinders","7":"product_tag-hydraulic-cylinder","8":"product_tag-telescopic-hydraulic-cylinders","10":"first","11":"instock","12":"product-type-simple"},"_links":{"self":[{"href":"https:\/\/fmp-components.com\/tr\/wp-json\/wp\/v2\/product\/6563","targetHints":{"allow":["GET"]}}],"collection":[{"href":"https:\/\/fmp-components.com\/tr\/wp-json\/wp\/v2\/product"}],"about":[{"href":"https:\/\/fmp-components.com\/tr\/wp-json\/wp\/v2\/types\/product"}],"replies":[{"embeddable":true,"href":"https:\/\/fmp-components.com\/tr\/wp-json\/wp\/v2\/comments?post=6563"}],"wp:featuredmedia":[{"embeddable":true,"href":"https:\/\/fmp-components.com\/tr\/wp-json\/wp\/v2\/media\/6739"}],"wp:attachment":[{"href":"https:\/\/fmp-components.com\/tr\/wp-json\/wp\/v2\/media?parent=6563"}],"wp:term":[{"taxonomy":"product_brand","embeddable":true,"href":"https:\/\/fmp-components.com\/tr\/wp-json\/wp\/v2\/product_brand?post=6563"},{"taxonomy":"product_cat","embeddable":true,"href":"https:\/\/fmp-components.com\/tr\/wp-json\/wp\/v2\/product_cat?post=6563"},{"taxonomy":"product_tag","embeddable":true,"href":"https:\/\/fmp-components.com\/tr\/wp-json\/wp\/v2\/product_tag?post=6563"}],"curies":[{"name":"wp","href":"https:\/\/api.w.org\/{rel}","templated":true}]}}