{"id":6562,"date":"2025-03-11T06:29:39","date_gmt":"2025-03-11T06:29:39","guid":{"rendered":"https:\/\/fmp-components.com\/product\/high-quality-5-stage-flatbed-tow-truck-hydraulic-cylinder"},"modified":"2025-03-12T06:17:04","modified_gmt":"2025-03-12T06:17:04","slug":"high-quality-5-stage-flatbed-tow-truck-hydraulic-cylinder","status":"publish","type":"product","link":"https:\/\/fmp-components.com\/tr\/product\/high-quality-5-stage-flatbed-tow-truck-hydraulic-cylinder\/","title":{"rendered":"Y\u00fcksek Kaliteli 5 A\u015famal\u0131 Platform \u00c7ekici Hidrolik Silindiri"},"content":{"rendered":"<h2>Y\u00fcksek Kaliteli 5 A\u015famal\u0131 Platform \u00c7ekici Hidrolik Silindiri<\/h2>\n<p>Makinelerinizi Y\u00fcksek Kaliteli 5 Kademeli Platformlu \u00c7ekici Hidrolik Silindiri ile geli\u015ftirin. Bu sa\u011flam ve verimli hidrolik silindir, t\u00fcm makine tamir at\u00f6lyeleri, \u00e7iftlikler, enerji ve madencilik sekt\u00f6rleri ve makine fabrikalar\u0131 i\u00e7in olmazsa olmazd\u0131r.<\/p>\n<h3>\u00dcr\u00fcn Fonksiyonu ve \u00d6nemi<\/h3>\n<p>Hidrolik Silindir, ak\u0131\u015fkan g\u00fcc\u00fcn\u00fcn mekanik g\u00fcce d\u00f6n\u00fc\u015ft\u00fcr\u00fclmesinde \u00f6nemli bir rol oynar. Bu d\u00f6n\u00fc\u015f\u00fcm, makine par\u00e7alar\u0131n\u0131n hareketini kolayla\u015ft\u0131rarak onu \u00e7e\u015fitli end\u00fcstriler i\u00e7in vazge\u00e7ilmez bir bile\u015fen haline getirir. \u00dcst d\u00fczey \u00fcretimi ve tasar\u0131m\u0131yla bu silindir, optimum performans ve dayan\u0131kl\u0131l\u0131k sa\u011flar.<\/p>\n<h3>Teknik \u00d6zellikler<\/h3>\n<table style=\"width: 96.9442%;\" border=\"\">\n<tbody>\n<tr>\n<td style=\"width: 43.5028%;\"><b>Delik Boyutu<\/b><\/td>\n<td style=\"width: 468.927%;\">2-6 in\u00e7<\/td>\n<\/tr>\n<tr>\n<td style=\"width: 43.5028%;\"><b>\u00c7ubuk Boyutu<\/b><\/td>\n<td style=\"width: 468.927%;\">1.125-4 in\u00e7<\/td>\n<\/tr>\n<tr>\n<td style=\"width: 43.5028%;\"><b>Vuru\u015f Boyutu<\/b><\/td>\n<td style=\"width: 468.927%;\">4-100 in\u00e7<\/td>\n<\/tr>\n<tr>\n<td style=\"width: 43.5028%;\"><b>Pin Boyutu<\/b><\/td>\n<td style=\"width: 468.927%;\">0,5-2 in\u00e7<\/td>\n<\/tr>\n<tr>\n<td style=\"width: 43.5028%;\"><b>Limanlar<\/b><\/td>\n<td style=\"width: 468.927%;\">G\/SAE\/NPT\/M<\/td>\n<\/tr>\n<\/tbody>\n<\/table>\n<h2>Benzersiz \u00d6zellikler ve Avantajlar<\/h2>\n<ul>\n<li>Enerji Verimlili\u011fi: Minimum enerji kullan\u0131m\u0131yla maksimum g\u00fc\u00e7 da\u011f\u0131t\u0131m\u0131 i\u00e7in tasarlanm\u0131\u015ft\u0131r.<\/li>\n<li>Y\u00fcksek Performans: Y\u00fcksek itme kuvveti ve 20 ton \u00e7ekme kuvveti sunarak zorlu ko\u015fullarda y\u00fcksek performans sa\u011flar.<\/li>\n<li>G\u00fcvenli ve G\u00fcvenilir: Dayan\u0131kl\u0131 \u00e7elikten \u00fcretilmi\u015f olup g\u00fcvenlik ve kalite a\u00e7\u0131s\u0131ndan ISO9001:2000 sertifikal\u0131d\u0131r.<\/li>\n<\/ul>\n<h2>Hidrolik Sistemleri Anlamak<\/h2>\n<p>Hidrolik sistem, g\u00fc\u00e7 \u00fcretmek i\u00e7in bas\u0131n\u00e7l\u0131 s\u0131v\u0131 kullanan bir teknolojidir. \u00dcretilen g\u00fc\u00e7, a\u011f\u0131r y\u00fckleri kald\u0131rmak veya makine par\u00e7alar\u0131n\u0131 hareket ettirmek gibi \u00e7e\u015fitli g\u00f6revleri ger\u00e7ekle\u015ftirmek i\u00e7in kullan\u0131l\u0131r. Hidrolik Silindir, bu sistemin \u00f6nemli bir bile\u015fenidir.<\/p>\n<h2>Hidrolik Silindirlerin Uygulamalar\u0131<\/h2>\n<p>Hidrolik Silindirlerimiz, makine tamir at\u00f6lyelerinde, \u00e7iftliklerde, enerji ve madencilik sekt\u00f6rlerinde ve makine fabrikalar\u0131nda yayg\u0131n olarak kullan\u0131lmaktad\u0131r. Bu end\u00fcstrilerin sorunsuz \u00e7al\u0131\u015fmas\u0131 ve performans\u0131 i\u00e7in olmazsa olmazd\u0131r.<\/p>\n<p><img loading=\"lazy\" decoding=\"async\" class=\"alignnone  wp-image-6665\" src=\"https:\/\/fmp-components.com\/wp-content\/uploads\/2025\/03\/telescopic-hydraulic-cylinder-9.webp\" alt=\"teleskopik hidrolik silindir\" width=\"912\" height=\"912\" title=\"\" srcset=\"https:\/\/fmp-components.com\/wp-content\/uploads\/2025\/03\/telescopic-hydraulic-cylinder-9.webp 912w, https:\/\/fmp-components.com\/wp-content\/uploads\/2025\/03\/telescopic-hydraulic-cylinder-9-480x480.webp 480w\" sizes=\"(min-width: 0px) and (max-width: 480px) 480px, (min-width: 481px) 912px, 100vw\" \/><\/p>\n<h2>Hidrolik Silindirler ve G\u00fc\u00e7 \u00dcniteleri<\/h2>\n<p>Hidrolik silindirler ve g\u00fc\u00e7 \u00fcniteleri, bir hidrolik sistemin ayr\u0131lmaz par\u00e7alar\u0131d\u0131r. Her ikisi de uyum i\u00e7inde \u00e7al\u0131\u015farak hidrolik teknolojisinin \u00e7e\u015fitli end\u00fcstrilerde yayg\u0131n olarak kullan\u0131lmas\u0131n\u0131 sa\u011flar. FMP olarak, hidrolik sisteminizin optimum performansta \u00e7al\u0131\u015fmas\u0131n\u0131 sa\u011flayan g\u00fc\u00e7 \u00fcniteleri de sat\u0131\u015fa sunuyoruz.<\/p>\n<h2>S\u0131k\u00e7a Sorulan Sorular<\/h2>\n<dl>\n<dt>S: Siz bir ticaret \u015firketi misiniz yoksa \u00fcretici misiniz?<\/dt>\n<dd>A: Biz bir fabrikay\u0131z, kendi \u00fcr\u00fcnlerimizi \u00fcretiyoruz.<\/dd>\n<dt>S: Teslimat s\u00fcresi ne kadard\u0131r?<\/dt>\n<dd>A: Genellikle teslimat 25-35 g\u00fcn s\u00fcrmektedir.<\/dd>\n<dt>S: Numune sa\u011fl\u0131yor musunuz? \u00dccretsiz mi yoksa ekstra m\u0131?<\/dt>\n<dd>C: Evet, numune sa\u011fl\u0131yoruz ancak \u00fccretsiz de\u011fil.<\/dd>\n<\/dl>\n<h3>FMP Hakk\u0131nda<\/h3>\n<p>FMP, y\u00fcksek kaliteli hidrolik silindirlerin tasar\u0131m\u0131, geli\u015ftirilmesi ve \u00fcretimiyle tan\u0131nan \u00f6nde gelen bir \u0130talyan \u00fcreticisidir. Onlarca y\u0131ll\u0131k uzmanl\u0131\u011f\u0131m\u0131zla, geleneksel \u0130talyan i\u015f\u00e7ili\u011fini ileri teknolojiyle harmanlayarak k\u00fcresel m\u00fc\u015fterilerimizin \u00e7e\u015fitli ihtiya\u00e7lar\u0131na \u00f6zel, ola\u011fan\u00fcst\u00fc hidrolik \u00e7\u00f6z\u00fcmler sunuyoruz. M\u00fchendislikte m\u00fckemmelli\u011fin merkezi olan \u0130talya'da bulunan FMP, d\u00fcnya \u00e7ap\u0131ndaki i\u015fletmelere g\u00fc\u00e7 katan g\u00fcvenilir, dayan\u0131kl\u0131 ve yenilik\u00e7i \u00fcr\u00fcnler sunmaya kendini adam\u0131\u015f, hidrolik sekt\u00f6r\u00fcnde g\u00fcvenilir bir isim olarak kendini kan\u0131tlam\u0131\u015ft\u0131r.<\/p>\n<p>\u0130leri d\u00fczey \u00fcretim geleneklerinin en iyilerini ileri g\u00f6r\u00fc\u015fl\u00fc bir yakla\u015f\u0131mla birle\u015ftiriyoruz. Hidrolik sistemlerdeki kapsaml\u0131 deneyimimizden yararlanan FMP, ara\u015ft\u0131rma, tasar\u0131m ve \u00fcretimde m\u00fckemmellik g\u00f6steren modern bir kurulu\u015fa d\u00f6n\u00fc\u015fm\u00fc\u015ft\u00fcr. Uzmanl\u0131k alan\u0131m\u0131z, \u00e7ift etkili silindirler, otomotiv kald\u0131rma silindirleri, tar\u0131m makineleri silindirleri ve \u00e7e\u015fitli end\u00fcstriyel uygulamalar i\u00e7in \u00f6zel olarak tasarlanm\u0131\u015f \u00e7\u00f6z\u00fcmler gibi geni\u015f bir hidrolik silindir yelpazesini kapsamaktad\u0131r. En zorlu ko\u015fullarda performans g\u00f6sterecek \u015fekilde tasarlanan hidrolik silindirlerimiz, in\u015faat, end\u00fcstriyel tesisler, tar\u0131m ve a\u011f\u0131r makine gibi sekt\u00f6rlerde g\u00fcvenlik, verimlilik ve uzun \u00f6m\u00fcr sa\u011flar.<\/p>\n<p>FMP olarak, hassas makineler ve geli\u015fmi\u015f test sistemleriyle donat\u0131lm\u0131\u015f son teknoloji \u00fcretim tesislerimizle gurur duyuyoruz. \u00dcretim s\u00fcre\u00e7lerimiz, fabrikam\u0131zdan \u00e7\u0131kan her hidrolik silindirin en y\u00fcksek kalite ve g\u00fcvenilirlik standartlar\u0131n\u0131 kar\u015f\u0131lamas\u0131n\u0131 garanti eden s\u0131k\u0131 ulusal ve uluslararas\u0131 standartlara uygundur. Son teknoloji ekipmanlarla bir araya gelen yetenekli teknik ekibimiz, hammadde se\u00e7iminden son kontrole kadar her \u00fcretim a\u015famas\u0131nda titiz bir kalite kontrol\u00fc sa\u011flamam\u0131z\u0131 m\u00fcmk\u00fcn k\u0131lar. M\u00fckemmelli\u011fe olan bu ba\u011fl\u0131l\u0131\u011f\u0131m\u0131z, sekt\u00f6r otoritelerinden sertifikalar ve \u00f6d\u00fcller almam\u0131z\u0131 sa\u011flayarak g\u00fcvenilir bir ortak olarak itibar\u0131m\u0131z\u0131 peki\u015ftirmi\u015ftir.<\/p>\n<p><img loading=\"lazy\" decoding=\"async\" class=\"alignnone size-full wp-image-6720\" src=\"https:\/\/fmp-components.com\/wp-content\/uploads\/2025\/03\/hydraulic-cylinder-8.webp\" alt=\"Teleskopik Hidrolik Silindirler\" width=\"933\" height=\"526\" title=\"\" srcset=\"https:\/\/fmp-components.com\/wp-content\/uploads\/2025\/03\/hydraulic-cylinder-8.webp 933w, https:\/\/fmp-components.com\/wp-content\/uploads\/2025\/03\/hydraulic-cylinder-8-480x271.webp 480w\" sizes=\"(min-width: 0px) and (max-width: 480px) 480px, (min-width: 481px) 933px, 100vw\" \/><\/p>\n<p>Misyonumuz hem basit hem de iddial\u0131: Performans, dayan\u0131kl\u0131l\u0131k ve de\u011fer a\u00e7\u0131s\u0131ndan beklentileri a\u015fan hidrolik silindirler sunmak. Profesyonellik, d\u00fcr\u00fcstl\u00fck ve m\u00fc\u015fteri odakl\u0131l\u0131k ilkeleriyle, yenilik\u00e7ilik ve hassasiyet k\u00fclt\u00fcr\u00fcn\u00fc benimsiyor ve rekabet\u00e7i pazarda \u00f6ne \u00e7\u0131kmak i\u00e7in \u00fcr\u00fcnlerimizi s\u00fcrekli geli\u015ftiriyoruz. Kapsaml\u0131 \u00fcr\u00fcn yelpazemiz ve ki\u015fiye \u00f6zel \u00e7\u00f6z\u00fcmler sunma yetene\u011fimizle, y\u00fcksek performansl\u0131 hidrolik silindir arayan i\u015fletmeler i\u00e7in tercih edilen bir tercihiz.<\/p>\n<p>FMP, bir \u00fcreticiden \u00e7ok daha fazlas\u0131d\u0131r; ba\u015far\u0131n\u0131z\u0131n orta\u011f\u0131y\u0131z. M\u00fc\u015fterilerimizin \u00fcretkenliklerini ve g\u00fcvenliklerini art\u0131ran ara\u00e7lar sunmam\u0131z i\u00e7in bize g\u00fcvendiklerinin fark\u0131nday\u0131z. Bu nedenle, yaln\u0131zca birinci s\u0131n\u0131f \u00fcr\u00fcnler sunmakla kalmay\u0131p ayn\u0131 zamanda ola\u011fan\u00fcst\u00fc hizmet de sunmaya kararl\u0131y\u0131z. \u0130lk dan\u0131\u015fmanl\u0131ktan sat\u0131\u015f sonras\u0131 deste\u011fe kadar, m\u00fc\u015fterilerimizin ihtiya\u00e7lar\u0131n\u0131n profesyonellik ve \u00f6zenle kar\u015f\u0131lanmas\u0131n\u0131 sa\u011flamak i\u00e7in m\u00fc\u015fterilerimizle yak\u0131n i\u015f birli\u011fi i\u00e7indeyiz. Rekabet\u00e7i fiyatlar\u0131m\u0131z ve kaliteye olan sars\u0131lmaz ba\u011fl\u0131l\u0131\u011f\u0131m\u0131z, FMP'yi g\u00fcvenilir hidrolik \u00e7\u00f6z\u00fcmlere yat\u0131r\u0131m yapmak isteyen \u015firketler i\u00e7in ak\u0131ll\u0131 bir tercih haline getiriyor.<\/p>","protected":false},"excerpt":{"rendered":"<p>High Quality 5 Stage Flatbed Tow Truck Hydraulic Cylinder Upgrade your machinery with the High Quality 5 Stage Flatbed Tow Truck Hydraulic Cylinder. This robust and efficient hydraulic cylinder is a must-have for any machinery repair shops, farms, energy and mining sectors, and machinery factories. Product Function and Importance The Hydraulic Cylinder plays a crucial [&hellip;]<\/p>","protected":false},"featured_media":6737,"comment_status":"closed","ping_status":"closed","template":"","meta":{"_et_pb_use_builder":"","_et_pb_old_content":"","_et_gb_content_width":""},"product_brand":[],"product_cat":[103],"product_tag":[34,105],"class_list":{"0":"post-6562","1":"product","2":"type-product","3":"status-publish","4":"has-post-thumbnail","6":"product_cat-telescopic-hydraulic-cylinders","7":"product_tag-hydraulic-cylinder","8":"product_tag-telescopic-hydraulic-cylinders","10":"first","11":"instock","12":"product-type-simple"},"_links":{"self":[{"href":"https:\/\/fmp-components.com\/tr\/wp-json\/wp\/v2\/product\/6562","targetHints":{"allow":["GET"]}}],"collection":[{"href":"https:\/\/fmp-components.com\/tr\/wp-json\/wp\/v2\/product"}],"about":[{"href":"https:\/\/fmp-components.com\/tr\/wp-json\/wp\/v2\/types\/product"}],"replies":[{"embeddable":true,"href":"https:\/\/fmp-components.com\/tr\/wp-json\/wp\/v2\/comments?post=6562"}],"wp:featuredmedia":[{"embeddable":true,"href":"https:\/\/fmp-components.com\/tr\/wp-json\/wp\/v2\/media\/6737"}],"wp:attachment":[{"href":"https:\/\/fmp-components.com\/tr\/wp-json\/wp\/v2\/media?parent=6562"}],"wp:term":[{"taxonomy":"product_brand","embeddable":true,"href":"https:\/\/fmp-components.com\/tr\/wp-json\/wp\/v2\/product_brand?post=6562"},{"taxonomy":"product_cat","embeddable":true,"href":"https:\/\/fmp-components.com\/tr\/wp-json\/wp\/v2\/product_cat?post=6562"},{"taxonomy":"product_tag","embeddable":true,"href":"https:\/\/fmp-components.com\/tr\/wp-json\/wp\/v2\/product_tag?post=6562"}],"curies":[{"name":"wp","href":"https:\/\/api.w.org\/{rel}","templated":true}]}}