{"id":6561,"date":"2025-03-11T06:29:39","date_gmt":"2025-03-11T06:29:39","guid":{"rendered":"https:\/\/fmp-components.com\/product\/hot-sale-3-stage-trailer-hydraulic-telescopic-cylinder"},"modified":"2025-03-18T01:05:50","modified_gmt":"2025-03-18T01:05:50","slug":"hot-sale-3-stage-trailer-hydraulic-telescopic-cylinder","status":"publish","type":"product","link":"https:\/\/fmp-components.com\/tr\/product\/hot-sale-3-stage-trailer-hydraulic-telescopic-cylinder\/","title":{"rendered":"S\u0131cak Sat\u0131\u015f 3 Kademeli R\u00f6mork Hidrolik Teleskopik Silindir"},"content":{"rendered":"<h2>S\u0131cak Sat\u0131\u015f 3 Kademeli R\u00f6mork Hidrolik Teleskopik Silindir<\/h2>\n<p>S\u0131cak Sat\u0131\u015f 3 Kademeli Treyler Hidrolik Teleskopik Silindirimizi sunuyoruz. Hidrolik g\u00fc\u00e7le \u00e7al\u0131\u015fan standart bir \u00e7elik konstr\u00fcksiyon piston silindiridir. Bu \u00e7ok kademeli hidrolik silindir, Makine Tamir At\u00f6lyeleri, \u00c7iftlikler, Enerji ve Madencilik, Makine \u0130malat\u0131 ve Makine Fabrikalar\u0131 gibi \u00e7e\u015fitli sekt\u00f6rlerde sa\u011flam ve verimli \u00e7al\u0131\u015fma sa\u011flamak \u00fczere tasarlanm\u0131\u015f, 2025 y\u0131l\u0131 i\u00e7in yeni bir \u00fcr\u00fcnd\u00fcr.<\/p>\n<h2>\u00dcr\u00fcn \u00d6zellikleri ve Detaylar\u0131<\/h2>\n<table style=\"width: 93.3339%;\" border=\"\">\n<tbody>\n<tr>\n<th style=\"width: 43.5028%;\">Delik Boyutu<\/th>\n<td style=\"width: 449.718%;\">2-6 in\u00e7<\/td>\n<\/tr>\n<tr>\n<th style=\"width: 43.5028%;\">\u00c7ubuk Boyutu<\/th>\n<td style=\"width: 449.718%;\">1.125-4 in\u00e7<\/td>\n<\/tr>\n<tr>\n<th style=\"width: 43.5028%;\">Vuru\u015f Boyutu<\/th>\n<td style=\"width: 449.718%;\">4-100 in\u00e7<\/td>\n<\/tr>\n<tr>\n<th style=\"width: 43.5028%;\">Pin Boyutu<\/th>\n<td style=\"width: 449.718%;\">0,5-2 in\u00e7<\/td>\n<\/tr>\n<tr>\n<th style=\"width: 43.5028%;\">Limanlar<\/th>\n<td style=\"width: 449.718%;\">G\/SAE\/NPT\/M<\/td>\n<\/tr>\n<\/tbody>\n<\/table>\n<h2>Temel \u00d6zellikler ve Avantajlar<\/h2>\n<ul>\n<li>Enerji verimlili\u011fi ve y\u00fcksek performans<\/li>\n<li>G\u00fcvenli ve g\u00fcvenilir \u00e7al\u0131\u015fma<\/li>\n<li>Sa\u011flam ve dayan\u0131kl\u0131 \u00e7elik g\u00f6vde<\/li>\n<li>\u00c7ekirdek bile\u015fenlerin garantisi 1 y\u0131ld\u0131r<\/li>\n<li>3000 tonluk maksimum itme ve 20 tonluk maksimum \u00e7ekme<\/li>\n<li>ISO 9001:2000 sertifikas\u0131<\/li>\n<\/ul>\n<p><img loading=\"lazy\" decoding=\"async\" class=\"alignnone wp-image-6662\" src=\"https:\/\/fmp-components.com\/wp-content\/uploads\/2025\/03\/telescopic-hydraulic-cylinder-4.webp\" alt=\"teleskopik hidrolik silindir\" width=\"894\" height=\"894\" title=\"\" srcset=\"https:\/\/fmp-components.com\/wp-content\/uploads\/2025\/03\/telescopic-hydraulic-cylinder-4.webp 894w, https:\/\/fmp-components.com\/wp-content\/uploads\/2025\/03\/telescopic-hydraulic-cylinder-4-480x480.webp 480w\" sizes=\"(min-width: 0px) and (max-width: 480px) 480px, (min-width: 481px) 894px, 100vw\" \/><\/p>\n<h2>Hidrolik Sistem ve \u00c7al\u0131\u015fma Prensibi<\/h2>\n<p>Hidrolik teleskopik silindir, hidrolik enerjiyi mekanik harekete d\u00f6n\u00fc\u015ft\u00fcrerek \u00e7al\u0131\u015f\u0131r ve bas\u0131nc\u0131 kuvvete d\u00f6n\u00fc\u015ft\u00fcr\u00fcr. Bu s\u00fcre\u00e7, silindirin end\u00fcstriyel uygulamalarda \u00e7e\u015fitli makine ve ekipmanlara g\u00fc\u00e7 ve kontrol sa\u011flayan \u00f6nemli bir bile\u015fen olarak g\u00f6rev yapt\u0131\u011f\u0131 hidrolik sistemlerin i\u015fleyi\u015fi i\u00e7in temel \u00f6nem ta\u015f\u0131r. Hidrolik s\u0131v\u0131 silindire pompaland\u0131\u011f\u0131nda, silindirin i\u00e7 k\u0131s\u0131mlar\u0131n\u0131 geni\u015fleten ve \u00f6nemli bir do\u011frusal harekete olanak tan\u0131yan bir bas\u0131n\u00e7 olu\u015fturur. Bu benzersiz tasar\u0131m, teleskopik silindirin kullan\u0131lmad\u0131\u011f\u0131 zamanlarda kompakt boyutunu korurken etkileyici uzama uzunluklar\u0131na ula\u015fmas\u0131n\u0131 sa\u011flar.<\/p>\n<p>Hassasiyetle \u00f6nemli bir kuvvet \u00fcretme kabiliyeti, hidrolik teleskopik silindirleri bir\u00e7ok ortamda vazge\u00e7ilmez k\u0131lar. Operat\u00f6rler, hidrolik s\u0131v\u0131n\u0131n ak\u0131\u015f\u0131n\u0131 ve bas\u0131nc\u0131n\u0131 kontrol ederek p\u00fcr\u00fczs\u00fcz ve kontroll\u00fc hareketler elde edebilir ve bu da onu hem g\u00fc\u00e7 hem de hassasiyet gerektiren g\u00f6revler i\u00e7in ideal hale getirir. Bu \u00e7ok y\u00f6nl\u00fcl\u00fck, hidrolik teleskopik silindirlerin \u00e7ok \u00e7e\u015fitli operasyonel taleplere uyum sa\u011flamas\u0131n\u0131 sa\u011flayarak, g\u00fc\u00e7 sa\u011flad\u0131klar\u0131 ekipman\u0131n verimlili\u011fini ve etkinli\u011fini art\u0131r\u0131r.<\/p>\n<h2>Uygulamalar<\/h2>\n<p>Hidrolik teleskopik silindirlerimiz, makine tamir at\u00f6lyeleri, \u00e7iftlikler, enerji ve madencilik, makine imalat\u0131 ve makine fabrikalar\u0131 dahil olmak \u00fczere \u00e7e\u015fitli sekt\u00f6rlerde yayg\u0131n olarak kullan\u0131lmaktad\u0131r. Makine tamir at\u00f6lyelerinde bu silindirler, a\u011f\u0131r ekipmanlar\u0131n kald\u0131r\u0131lmas\u0131 ve bak\u0131m g\u00f6revlerinin kolayla\u015ft\u0131r\u0131lmas\u0131 i\u00e7in olmazsa olmazd\u0131r ve teknisyenlerin verimli ve g\u00fcvenli bir \u015fekilde \u00e7al\u0131\u015fmas\u0131n\u0131 sa\u011flar.<\/p>\n<p>\u00c7iftliklerde, trakt\u00f6rlerde ve di\u011fer tar\u0131m makinelerinde kald\u0131rma, e\u011fme ve malzeme bo\u015faltma gibi g\u00f6revleri yerine getirmek i\u00e7in hidrolik teleskopik silindirler kullan\u0131l\u0131r. Bu \u00f6zellik, tar\u0131msal faaliyetlerde verimlili\u011fi \u00f6nemli \u00f6l\u00e7\u00fcde art\u0131rarak \u00e7ift\u00e7ilerin i\u015flerini kolay ve verimli bir \u015fekilde y\u00f6netmelerini sa\u011flar.<\/p>\n<p>Enerji ve madencilik sekt\u00f6rlerinde hidrolik teleskopik silindirimiz, delme, kaz\u0131 ve malzeme ta\u015f\u0131ma gibi uygulamalarda hayati bir rol oynamaktad\u0131r. Sa\u011flam tasar\u0131m\u0131 ve y\u00fcksek kuvvet \u00fcretme kabiliyeti, g\u00fcvenilirlik ve performans\u0131n \u00f6n planda oldu\u011fu bu sekt\u00f6rlerin tipik zorlu ortamlar\u0131 i\u00e7in idealdir.<\/p>\n<p>Ayr\u0131ca, makine imalat\u0131nda ve fabrikalarda hidrolik teleskopik silindirler, montaj hatlar\u0131 ve otomasyon sistemlerinin ayr\u0131lmaz bir par\u00e7as\u0131d\u0131r. Hareketlerin hassas bir \u015fekilde kontrol edilmesini sa\u011flayarak, \u00fcretim s\u00fcre\u00e7lerinin ak\u0131c\u0131l\u0131\u011f\u0131na ve genel operasyonel verimlili\u011fe katk\u0131da bulunurlar. \u0130ster a\u011f\u0131r y\u00fckleri kald\u0131rmak, ister makineleri kontrol etmek veya karma\u015f\u0131k hidrolik sistemleri \u00e7al\u0131\u015ft\u0131rmak olsun, hidrolik teleskopik silindirimiz e\u015fsiz performans ve g\u00fcvenilirlik sunarak \u00e7e\u015fitli sekt\u00f6rlerdeki profesyoneller i\u00e7in g\u00fcvenilir bir tercih haline gelir.<\/p>\n<p><img loading=\"lazy\" decoding=\"async\" class=\"alignnone wp-image-6663\" src=\"https:\/\/fmp-components.com\/wp-content\/uploads\/2025\/03\/telescopic-hydraulic-cylinder-11.webp\" alt=\"teleskopik hidrolik silindir\" width=\"955\" height=\"955\" title=\"\" srcset=\"https:\/\/fmp-components.com\/wp-content\/uploads\/2025\/03\/telescopic-hydraulic-cylinder-11.webp 955w, https:\/\/fmp-components.com\/wp-content\/uploads\/2025\/03\/telescopic-hydraulic-cylinder-11-480x480.webp 480w\" sizes=\"(min-width: 0px) and (max-width: 480px) 480px, (min-width: 481px) 955px, 100vw\" \/><\/p>\n<h2>Hidrolik Silindirler ve G\u00fc\u00e7 \u00dcniteleri<\/h2>\n<p>Hidrolik silindirler ve g\u00fc\u00e7 \u00fcniteleri, hidrolik sistemlerin vazge\u00e7ilmez bile\u015fenleridir. Hidrolik teknolojisinin end\u00fcstriyel alanda yayg\u0131n olarak kullan\u0131lmas\u0131n\u0131 sa\u011flamak i\u00e7in birlikte \u00e7al\u0131\u015f\u0131rlar ve \u00e7e\u015fitli m\u00fchendislik ve mekanik ekipmanlara g\u00fcvenilir g\u00fc\u00e7 ve kontrol deste\u011fi sa\u011flarlar. FMP olarak ayr\u0131ca sat\u0131l\u0131k g\u00fc\u00e7 \u00fcniteleri de sunuyoruz.<\/p>\n<h2>SSS<\/h2>\n<h3>S: Ticaret \u015firketi misiniz yoksa \u00fcretici misiniz?<\/h3>\n<p>A: Biz bir fabrikay\u0131z.<\/p>\n<h3>S: Teslimat s\u00fcreniz ne kadard\u0131r?<\/h3>\n<p>A: Genellikle 25-35 g\u00fcnd\u00fcr.<\/p>\n<h3>S: Numunelere g\u00f6re \u00fcretim yapabilir misiniz?<\/h3>\n<p>C: Evet, numuneleriniz veya teknik \u00e7izimleriniz do\u011frultusunda \u00fcretim yapabiliriz. Kal\u0131p ve aparatlar\u0131 biz \u00fcretebiliriz.<\/p>\n<h3>FMP Hakk\u0131nda<\/h3>\n<p class=\"break-words\">FMP, y\u00fcksek kaliteli hidrolik silindirlerin tasar\u0131m\u0131, geli\u015ftirilmesi ve \u00fcretiminde uzmanla\u015fm\u0131\u015f lider bir \u0130talyan \u00fcreticisidir. Onlarca y\u0131ll\u0131k uzmanl\u0131\u011fa dayanan zengin bir mirasa sahip olarak, \u0130talyan i\u015f\u00e7ili\u011fini en son teknolojiyle gururla birle\u015ftirerek, k\u00fcresel m\u00fc\u015fterilerimizin \u00e7e\u015fitli ihtiya\u00e7lar\u0131n\u0131 kar\u015f\u0131lamak \u00fczere tasarlanm\u0131\u015f ola\u011fan\u00fcst\u00fc hidrolik \u00e7\u00f6z\u00fcmler sunuyoruz. M\u00fchendislik m\u00fckemmelli\u011finin merkezi \u0130talya'da bulunan FMP, hidrolik sekt\u00f6r\u00fcnde g\u00fcvenilir bir isim olarak \u00f6ne \u00e7\u0131kmakta ve d\u00fcnya \u00e7ap\u0131ndaki i\u015fletmelere g\u00fc\u00e7 katan g\u00fcvenilir, dayan\u0131kl\u0131 ve yenilik\u00e7i \u00fcr\u00fcnler sunmaya kendini adam\u0131\u015ft\u0131r.<\/p>\n<p class=\"break-words\">\u015eirketimiz, ileri d\u00fczey \u00fcretim geleneklerinin en iyilerini ileri g\u00f6r\u00fc\u015fl\u00fc bir yakla\u015f\u0131mla birle\u015ftiriyor. Hidrolik sistemlerdeki uzun y\u0131llara dayanan deneyiminden g\u00fc\u00e7 alan FMP, ara\u015ft\u0131rma, tasar\u0131m ve \u00fcretimde m\u00fckemmellik g\u00f6steren modern bir kurulu\u015fa d\u00f6n\u00fc\u015fm\u00fc\u015ft\u00fcr. \u00c7ift etkili silindirler, otomotiv kald\u0131rma silindirleri, tar\u0131m makineleri silindirleri ve \u00e7e\u015fitli end\u00fcstriyel uygulamalar i\u00e7in \u00f6zel olarak tasarlanm\u0131\u015f \u00e7\u00f6z\u00fcmler de dahil olmak \u00fczere geni\u015f bir hidrolik silindir yelpazesinde uzmanla\u015f\u0131yoruz. \u0130ster in\u015faat, ister end\u00fcstriyel tesisler, ister tar\u0131m veya a\u011f\u0131r makineler olsun, hidrolik silindirlerimiz en zorlu ko\u015fullarda bile g\u00fcvenlik, verimlilik ve uzun \u00f6m\u00fcr sa\u011flayacak \u015fekilde \u00fcretilmi\u015ftir.<\/p>\n<p><img loading=\"lazy\" decoding=\"async\" class=\"alignnone size-full wp-image-6720\" src=\"https:\/\/fmp-components.com\/wp-content\/uploads\/2025\/03\/hydraulic-cylinder-8.webp\" alt=\"Teleskopik Hidrolik Silindirler\" width=\"933\" height=\"526\" title=\"\" srcset=\"https:\/\/fmp-components.com\/wp-content\/uploads\/2025\/03\/hydraulic-cylinder-8.webp 933w, https:\/\/fmp-components.com\/wp-content\/uploads\/2025\/03\/hydraulic-cylinder-8-480x271.webp 480w\" sizes=\"(min-width: 0px) and (max-width: 480px) 480px, (min-width: 481px) 933px, 100vw\" \/><\/p>\n<p class=\"break-words\">FMP olarak, hassas makineler ve geli\u015fmi\u015f test sistemleriyle donat\u0131lm\u0131\u015f son teknoloji \u00fcretim tesislerimizle gurur duyuyoruz. \u00dcretim s\u00fcre\u00e7lerimiz, fabrikam\u0131zdan \u00e7\u0131kan her hidrolik silindirin \u00fcst\u00fcn kalite ve g\u00fcvenilirlikte olmas\u0131n\u0131 sa\u011flayan s\u0131k\u0131 ulusal ve uluslararas\u0131 standartlara uygundur. Son teknoloji ekipmanlarla bir araya gelen yetenekli teknik ekibimiz, hammadde se\u00e7iminden son kontrole kadar \u00fcretimin her a\u015famas\u0131nda s\u0131k\u0131 bir kalite kontrol\u00fc sa\u011flamam\u0131z\u0131 sa\u011flar. M\u00fckemmelli\u011fe olan bu ba\u011fl\u0131l\u0131\u011f\u0131m\u0131z, bize sekt\u00f6r otoritelerinden sertifikalar ve takdirler kazand\u0131rarak, g\u00fcvenilir bir i\u015f orta\u011f\u0131 olarak itibar\u0131m\u0131z\u0131 daha da sa\u011flamla\u015ft\u0131rm\u0131\u015ft\u0131r.<\/p>\n<p class=\"break-words\">Misyonumuz basit ama iddial\u0131: M\u00fc\u015fterilerimize performans, dayan\u0131kl\u0131l\u0131k ve de\u011fer a\u00e7\u0131s\u0131ndan beklentileri a\u015fan hidrolik silindirler sunmak. Profesyonellik, d\u00fcr\u00fcstl\u00fck ve m\u00fc\u015fteri odakl\u0131l\u0131k ilkeleriyle \u00e7al\u0131\u015f\u0131yoruz. Yenilik\u00e7ilik ve hassasiyet k\u00fclt\u00fcr\u00fcn\u00fc benimseyerek, rekabet\u00e7i bir pazarda \u00f6ne \u00e7\u0131kmak i\u00e7in \u00fcr\u00fcnlerimizi s\u00fcrekli olarak geli\u015ftiriyoruz. Kapsaml\u0131 \u00fcr\u00fcn yelpazemiz ve ki\u015fiye \u00f6zel \u00e7\u00f6z\u00fcmler sunma becerimiz, bizi y\u00fcksek performansl\u0131 hidrolik silindir arayan i\u015fletmeler i\u00e7in vazge\u00e7ilmez k\u0131l\u0131yor.<\/p>\n<p class=\"break-words\">FMP, yaln\u0131zca bir \u00fcreticiden daha fazlas\u0131d\u0131r; ba\u015far\u0131n\u0131z\u0131n orta\u011f\u0131y\u0131z. M\u00fc\u015fterilerimizin \u00fcretkenliklerini ve g\u00fcvenliklerini art\u0131ran ara\u00e7lar sunmam\u0131z i\u00e7in bize g\u00fcvendi\u011finin fark\u0131nday\u0131z. Bu nedenle, yaln\u0131zca birinci s\u0131n\u0131f \u00fcr\u00fcnler sunmakla kalmay\u0131p ayn\u0131 zamanda ola\u011fan\u00fcst\u00fc hizmet de sunmaya kararl\u0131y\u0131z. \u0130lk dan\u0131\u015fmanl\u0131ktan sat\u0131\u015f sonras\u0131 deste\u011fe kadar, ihtiya\u00e7lar\u0131n\u0131n profesyonellik ve \u00f6zenle kar\u015f\u0131lanmas\u0131n\u0131 sa\u011flamak i\u00e7in m\u00fc\u015fterilerimizle yak\u0131n bir \u015fekilde \u00e7al\u0131\u015f\u0131yoruz. Rekabet\u00e7i fiyatlar\u0131m\u0131z ve kaliteye olan sars\u0131lmaz ba\u011fl\u0131l\u0131\u011f\u0131m\u0131z, FMP'yi g\u00fcvenebilecekleri hidrolik \u00e7\u00f6z\u00fcmlere yat\u0131r\u0131m yapmak isteyen \u015firketler i\u00e7in ak\u0131ll\u0131 bir tercih haline getiriyor.<\/p>","protected":false},"excerpt":{"rendered":"<p>Hot Sale 3 Stage Trailer Hydraulic Telescopic Cylinder Introducing our Hot Sale 3 Stage Trailer Hydraulic Telescopic Cylinder, a standard steel structure plunger cylinder that operates under hydraulic power. This multistage hydraulic cylinder is a new product for 2025 that is designed to provide robust and efficient operation across various industries such as Machinery Repair [&hellip;]<\/p>","protected":false},"featured_media":6736,"comment_status":"closed","ping_status":"closed","template":"","meta":{"_et_pb_use_builder":"","_et_pb_old_content":"","_et_gb_content_width":""},"product_brand":[],"product_cat":[103],"product_tag":[34,105],"class_list":{"0":"post-6561","1":"product","2":"type-product","3":"status-publish","4":"has-post-thumbnail","6":"product_cat-telescopic-hydraulic-cylinders","7":"product_tag-hydraulic-cylinder","8":"product_tag-telescopic-hydraulic-cylinders","10":"first","11":"instock","12":"product-type-simple"},"_links":{"self":[{"href":"https:\/\/fmp-components.com\/tr\/wp-json\/wp\/v2\/product\/6561","targetHints":{"allow":["GET"]}}],"collection":[{"href":"https:\/\/fmp-components.com\/tr\/wp-json\/wp\/v2\/product"}],"about":[{"href":"https:\/\/fmp-components.com\/tr\/wp-json\/wp\/v2\/types\/product"}],"replies":[{"embeddable":true,"href":"https:\/\/fmp-components.com\/tr\/wp-json\/wp\/v2\/comments?post=6561"}],"wp:featuredmedia":[{"embeddable":true,"href":"https:\/\/fmp-components.com\/tr\/wp-json\/wp\/v2\/media\/6736"}],"wp:attachment":[{"href":"https:\/\/fmp-components.com\/tr\/wp-json\/wp\/v2\/media?parent=6561"}],"wp:term":[{"taxonomy":"product_brand","embeddable":true,"href":"https:\/\/fmp-components.com\/tr\/wp-json\/wp\/v2\/product_brand?post=6561"},{"taxonomy":"product_cat","embeddable":true,"href":"https:\/\/fmp-components.com\/tr\/wp-json\/wp\/v2\/product_cat?post=6561"},{"taxonomy":"product_tag","embeddable":true,"href":"https:\/\/fmp-components.com\/tr\/wp-json\/wp\/v2\/product_tag?post=6561"}],"curies":[{"name":"wp","href":"https:\/\/api.w.org\/{rel}","templated":true}]}}