{"id":6560,"date":"2025-03-11T06:29:39","date_gmt":"2025-03-11T06:29:39","guid":{"rendered":"https:\/\/fmp-components.com\/product\/high-quality-small-dump-truck-hoist-hydraulic-cylinder"},"modified":"2025-03-12T06:11:55","modified_gmt":"2025-03-12T06:11:55","slug":"high-quality-small-dump-truck-hoist-hydraulic-cylinder","status":"publish","type":"product","link":"https:\/\/fmp-components.com\/tr\/product\/high-quality-small-dump-truck-hoist-hydraulic-cylinder\/","title":{"rendered":"Y\u00fcksek Kaliteli K\u00fc\u00e7\u00fck Damperli Kamyon Kald\u0131rma Hidrolik Silindiri"},"content":{"rendered":"<h2>Y\u00fcksek Kaliteli K\u00fc\u00e7\u00fck Damperli Kamyon Kald\u0131rma Hidrolik Silindiri<\/h2>\n<p>K\u00fc\u00e7\u00fck damperli kamyon kald\u0131rma hidrolik silindirimizin \u00fcst\u00fcn g\u00fcc\u00fcn\u00fc deneyimleyin. Bu y\u00fcksek kaliteli ve standart \u00fcr\u00fcn, makine tamir at\u00f6lyeleri, \u00e7iftlikler, enerji ve madencilik, makine imalat\u0131 ve makine fabrikalar\u0131 dahil olmak \u00fczere \u00e7e\u015fitli sekt\u00f6rler i\u00e7in m\u00fckemmeldir. Hidrolik silindirimiz yeni, dayan\u0131kl\u0131 \u00e7elikten \u00fcretilmi\u015ftir ve g\u00f6n\u00fcl rahatl\u0131\u011f\u0131n\u0131z i\u00e7in bir y\u0131l garantilidir.<\/p>\n<h3>\u00d6zellikler ve \u0130\u015flevler<\/h3>\n<p>Hidrolik silindirimiz, 3000 tonluk maksimum itme ve 20 tonluk maksimum \u00e7ekme kapasitesi sunar. \u00c7ok kademeli hidrolik silindir tipi, operasyonlar\u0131n\u0131zda verimlilik ve g\u00fcvenlik sa\u011flar. Silindirin G\/SAE\/NPT\/M tipi ba\u011flant\u0131 noktalar\u0131, onu farkl\u0131 uygulamalar i\u00e7in \u00e7ok y\u00f6nl\u00fc k\u0131lar. M\u00fckemmel kalitesini ve uluslararas\u0131 standartlara uygunlu\u011funu garanti eden ISO9001:2000 sertifikas\u0131na sahiptir.<\/p>\n<h3>Teknik \u00d6zellikler<\/h3>\n<table style=\"width: 94.6494%;\" border=\"\">\n<tbody>\n<tr>\n<td style=\"width: 42.9379%;\"><i>Delik Boyutu<\/i><\/td>\n<td style=\"width: 446.328%;\">2-6 in\u00e7<\/td>\n<\/tr>\n<tr>\n<td style=\"width: 42.9379%;\"><i>\u00c7ubuk Boyutu<\/i><\/td>\n<td style=\"width: 446.328%;\">1.125-4 in\u00e7<\/td>\n<\/tr>\n<tr>\n<td style=\"width: 42.9379%;\"><i>Vuru\u015f Boyutu<\/i><\/td>\n<td style=\"width: 446.328%;\">4-100 in\u00e7<\/td>\n<\/tr>\n<tr>\n<td style=\"width: 42.9379%;\"><i>Pin Boyutu<\/i><\/td>\n<td style=\"width: 446.328%;\">0,5-2 in\u00e7<\/td>\n<\/tr>\n<tr>\n<td style=\"width: 42.9379%;\"><i>Limanlar<\/i><\/td>\n<td style=\"width: 446.328%;\">G\/SAE\/NPT\/M<\/td>\n<\/tr>\n<\/tbody>\n<\/table>\n<h2>Ay\u0131rt Edici Avantajlar<\/h2>\n<ul>\n<li>Enerji tasarrufu<\/li>\n<li>Y\u00fcksek verimlilik<\/li>\n<li>G\u00fcvenli ve g\u00fcvenilir<\/li>\n<\/ul>\n<h2>Hidrolik Sistem ve \u00c7al\u0131\u015fma Prensibi<\/h2>\n<p>Hidrolik silindirimiz, basit ama son derece etkili bir prensiple \u00e7al\u0131\u015f\u0131r. Bas\u0131n\u00e7 alt\u0131ndaki hidrolik s\u0131v\u0131y\u0131 do\u011frusal hareket olu\u015fturmak i\u00e7in kullan\u0131r ve bu da onu bir\u00e7ok end\u00fcstriyel uygulamada \u00f6nemli bir bile\u015fen haline getirir. \u0130\u015flem, hidrolik s\u0131v\u0131n\u0131n silindire pompalanmas\u0131yla ba\u015flar ve i\u00e7erideki pistona etki eden bir bas\u0131n\u00e7 olu\u015fturur. Piston bu bas\u0131nca tepki olarak hareket ettik\u00e7e, hidrolik enerjiyi mekanik harekete d\u00f6n\u00fc\u015ft\u00fcrerek \u00e7e\u015fitli g\u00f6revlerin kolayl\u0131kla ger\u00e7ekle\u015ftirilmesini sa\u011flar.<\/p>\n<p>Bu mekanizma, verimli g\u00fc\u00e7 aktar\u0131m\u0131 sa\u011flaman\u0131n yan\u0131 s\u0131ra, zorlu end\u00fcstriyel ortamlar i\u00e7in olmazsa olmaz olan g\u00fcvenilir ve g\u00fc\u00e7l\u00fc bir performans da sunar. Hareketin h\u0131z\u0131n\u0131 ve kuvvetini hassas bir \u015fekilde kontrol edebilme yetene\u011fi, hidrolik silindirlerin kullan\u0131\u015fl\u0131l\u0131\u011f\u0131n\u0131 daha da art\u0131rarak, hassas hareketlerin gerekli oldu\u011fu uygulamalarda onlar\u0131 vazge\u00e7ilmez k\u0131lar. \u0130ster a\u011f\u0131r y\u00fckleri kald\u0131rmak ister karma\u015f\u0131k makine operasyonlar\u0131n\u0131 etkinle\u015ftirmek olsun, hidrolik silindirler \u00e7e\u015fitli sekt\u00f6rlerde performans ve \u00fcretkenli\u011fi optimize etmede \u00f6nemli bir rol oynar.<\/p>\n<p><img loading=\"lazy\" decoding=\"async\" class=\"alignnone  wp-image-6661\" src=\"https:\/\/fmp-components.com\/wp-content\/uploads\/2025\/03\/telescopic-hydraulic-cylinder-10.webp\" alt=\"teleskopik hidrolik silindir\" width=\"948\" height=\"948\" title=\"\" srcset=\"https:\/\/fmp-components.com\/wp-content\/uploads\/2025\/03\/telescopic-hydraulic-cylinder-10.webp 948w, https:\/\/fmp-components.com\/wp-content\/uploads\/2025\/03\/telescopic-hydraulic-cylinder-10-480x480.webp 480w\" sizes=\"(min-width: 0px) and (max-width: 480px) 480px, (min-width: 481px) 948px, 100vw\" \/><\/p>\n<h2>Uygulama Senaryolar\u0131<\/h2>\n<p>Bu hidrolik silindir son derece \u00e7ok y\u00f6nl\u00fcd\u00fcr ve \u00e7ok \u00e7e\u015fitli senaryolarda kullan\u0131m i\u00e7in idealdir. Makine tamir at\u00f6lyelerinde a\u011f\u0131r ekipmanlar\u0131n kald\u0131r\u0131lmas\u0131n\u0131 ve konumland\u0131r\u0131lmas\u0131n\u0131 kolayla\u015ft\u0131r\u0131r, bak\u0131m g\u00f6revlerini kolayla\u015ft\u0131r\u0131r ve genel operasyonel verimlili\u011fi art\u0131r\u0131r. Sa\u011flam yap\u0131s\u0131, s\u0131k kullan\u0131m\u0131n zorluklar\u0131na dayanabilmesini sa\u011flayarak tamir profesyonelleri i\u00e7in g\u00fcvenilir bir se\u00e7imdir.<\/p>\n<p>\u00c7iftliklerde, trakt\u00f6rler, y\u00fckleyiciler ve di\u011fer ekipmanlar dahil olmak \u00fczere \u00e7e\u015fitli tar\u0131m makinelerinin \u00e7al\u0131\u015ft\u0131r\u0131lmas\u0131 i\u00e7in hidrolik silindirler olmazsa olmazd\u0131r. Malzemelerin kald\u0131r\u0131lmas\u0131, e\u011filmesi ve bo\u015falt\u0131lmas\u0131 gibi g\u00f6revleri m\u00fcmk\u00fcn k\u0131larak tar\u0131msal faaliyetlerde verimlili\u011fi ve etkinli\u011fi \u00f6nemli \u00f6l\u00e7\u00fcde art\u0131r\u0131rlar. Bu i\u015flevleri hassasiyetle yerine getirebilme yetene\u011fi, modern tar\u0131m uygulamalar\u0131 i\u00e7in hayati \u00f6nem ta\u015f\u0131r.<\/p>\n<p>Enerji ve madencilik sekt\u00f6rlerinde hidrolik silindirler, delme, kaz\u0131 ve malzeme ta\u015f\u0131ma gibi uygulamalarda kullan\u0131l\u0131r. \u00d6nemli bir kuvvet \u00fcretme kapasiteleri, g\u00fcvenilirlik ve performans\u0131n kritik \u00f6neme sahip oldu\u011fu bu sekt\u00f6rlerde s\u0131kl\u0131kla kar\u015f\u0131la\u015f\u0131lan zorlu g\u00f6revler i\u00e7in onlar\u0131 uygun hale getirir.<\/p>\n<p>Ayr\u0131ca, makine imalat\u0131nda ve fabrikalarda hidrolik silindirler, montaj hatlar\u0131 ve otomasyon sistemlerinin ayr\u0131lmaz bir par\u00e7as\u0131d\u0131r. Hassas hareket ve operasyonlara olanak sa\u011flayarak verimli \u00fcretim s\u00fcre\u00e7lerine katk\u0131da bulunur ve dolay\u0131s\u0131yla \u00fcretkenli\u011fi art\u0131r\u0131r. Hidrolik silindirin g\u00fc\u00e7l\u00fc ve hassas hareket kabiliyeti, onu her t\u00fcrl\u00fc a\u011f\u0131r hizmet uygulamas\u0131 i\u00e7in m\u00fckemmel bir se\u00e7im haline getirerek, g\u00fcn\u00fcm\u00fcz end\u00fcstriyel ortam\u0131nda gerekli olan y\u00fcksek standartlar\u0131 kar\u015f\u0131lamas\u0131n\u0131 sa\u011flar.<\/p>\n<p><img loading=\"lazy\" decoding=\"async\" class=\"alignnone size-full wp-image-6660\" src=\"https:\/\/fmp-components.com\/wp-content\/uploads\/2025\/03\/hydraulic-cylinder-workshop-4.webp\" alt=\"teleskopik hidrolik silindir\" width=\"914\" height=\"733\" title=\"\" srcset=\"https:\/\/fmp-components.com\/wp-content\/uploads\/2025\/03\/hydraulic-cylinder-workshop-4.webp 914w, https:\/\/fmp-components.com\/wp-content\/uploads\/2025\/03\/hydraulic-cylinder-workshop-4-480x385.webp 480w\" sizes=\"(min-width: 0px) and (max-width: 480px) 480px, (min-width: 481px) 914px, 100vw\" \/><\/p>\n<h2>SSS<\/h2>\n<ol>\n<li><strong>S: Siz bir ticaret \u015firketi misiniz yoksa \u00fcretici misiniz?<\/strong><br \/>\nA: Biz \u00fcreticiyiz.<\/li>\n<li><strong>S: Teslimat s\u00fcreniz nedir?<\/strong><br \/>\nA: Genel teslimat s\u00fcremiz 25-35 g\u00fcnd\u00fcr.<\/li>\n<li><strong>S: Numune sa\u011fl\u0131yor musunuz?<\/strong><br \/>\nC: Evet, numune sa\u011fl\u0131yoruz ancak \u00fccretsiz de\u011fil.<\/li>\n<\/ol>\n<h3>FMP Hakk\u0131nda<\/h3>\n<p class=\"break-words\">FMP, y\u00fcksek kaliteli hidrolik silindirlerin tasar\u0131m\u0131, geli\u015ftirilmesi ve \u00fcretiminde uzmanla\u015fm\u0131\u015f lider bir \u0130talyan \u00fcreticisidir. Onlarca y\u0131ll\u0131k uzmanl\u0131\u011fa dayanan zengin bir mirasa sahip olarak, \u0130talyan i\u015f\u00e7ili\u011fini en son teknolojiyle gururla birle\u015ftirerek, k\u00fcresel m\u00fc\u015fterilerimizin \u00e7e\u015fitli ihtiya\u00e7lar\u0131n\u0131 kar\u015f\u0131lamak \u00fczere tasarlanm\u0131\u015f ola\u011fan\u00fcst\u00fc hidrolik \u00e7\u00f6z\u00fcmler sunuyoruz. M\u00fchendislik m\u00fckemmelli\u011finin merkezi \u0130talya'da bulunan FMP, hidrolik sekt\u00f6r\u00fcnde g\u00fcvenilir bir isim olarak \u00f6ne \u00e7\u0131kmakta ve d\u00fcnya \u00e7ap\u0131ndaki i\u015fletmelere g\u00fc\u00e7 katan g\u00fcvenilir, dayan\u0131kl\u0131 ve yenilik\u00e7i \u00fcr\u00fcnler sunmaya kendini adam\u0131\u015ft\u0131r.<\/p>\n<p class=\"break-words\">\u015eirketimiz, ileri d\u00fczey \u00fcretim geleneklerinin en iyilerini ileri g\u00f6r\u00fc\u015fl\u00fc bir yakla\u015f\u0131mla birle\u015ftiriyor. Hidrolik sistemlerdeki uzun y\u0131llara dayanan deneyiminden g\u00fc\u00e7 alan FMP, ara\u015ft\u0131rma, tasar\u0131m ve \u00fcretimde m\u00fckemmellik g\u00f6steren modern bir kurulu\u015fa d\u00f6n\u00fc\u015fm\u00fc\u015ft\u00fcr. \u00c7ift etkili silindirler, otomotiv kald\u0131rma silindirleri, tar\u0131m makineleri silindirleri ve \u00e7e\u015fitli end\u00fcstriyel uygulamalar i\u00e7in \u00f6zel olarak tasarlanm\u0131\u015f \u00e7\u00f6z\u00fcmler de dahil olmak \u00fczere geni\u015f bir hidrolik silindir yelpazesinde uzmanla\u015f\u0131yoruz. \u0130ster in\u015faat, ister end\u00fcstriyel tesisler, ister tar\u0131m veya a\u011f\u0131r makineler olsun, hidrolik silindirlerimiz en zorlu ko\u015fullarda bile g\u00fcvenlik, verimlilik ve uzun \u00f6m\u00fcr sa\u011flayacak \u015fekilde \u00fcretilmi\u015ftir.<\/p>\n<p><img loading=\"lazy\" decoding=\"async\" class=\"alignnone size-full wp-image-6720\" src=\"https:\/\/fmp-components.com\/wp-content\/uploads\/2025\/03\/hydraulic-cylinder-8.webp\" alt=\"Teleskopik Hidrolik Silindirler\" width=\"933\" height=\"526\" title=\"\" srcset=\"https:\/\/fmp-components.com\/wp-content\/uploads\/2025\/03\/hydraulic-cylinder-8.webp 933w, https:\/\/fmp-components.com\/wp-content\/uploads\/2025\/03\/hydraulic-cylinder-8-480x271.webp 480w\" sizes=\"(min-width: 0px) and (max-width: 480px) 480px, (min-width: 481px) 933px, 100vw\" \/><\/p>\n<p class=\"break-words\">FMP olarak, hassas makineler ve geli\u015fmi\u015f test sistemleriyle donat\u0131lm\u0131\u015f son teknoloji \u00fcretim tesislerimizle gurur duyuyoruz. \u00dcretim s\u00fcre\u00e7lerimiz, fabrikam\u0131zdan \u00e7\u0131kan her hidrolik silindirin \u00fcst\u00fcn kalite ve g\u00fcvenilirlikte olmas\u0131n\u0131 sa\u011flayan s\u0131k\u0131 ulusal ve uluslararas\u0131 standartlara uygundur. Son teknoloji ekipmanlarla bir araya gelen yetenekli teknik ekibimiz, hammadde se\u00e7iminden son kontrole kadar \u00fcretimin her a\u015famas\u0131nda s\u0131k\u0131 bir kalite kontrol\u00fc sa\u011flamam\u0131z\u0131 sa\u011flar. M\u00fckemmelli\u011fe olan bu ba\u011fl\u0131l\u0131\u011f\u0131m\u0131z, bize sekt\u00f6r otoritelerinden sertifikalar ve takdirler kazand\u0131rarak, g\u00fcvenilir bir i\u015f orta\u011f\u0131 olarak itibar\u0131m\u0131z\u0131 daha da sa\u011flamla\u015ft\u0131rm\u0131\u015ft\u0131r.<\/p>\n<p class=\"break-words\">Misyonumuz basit ama iddial\u0131: M\u00fc\u015fterilerimize performans, dayan\u0131kl\u0131l\u0131k ve de\u011fer a\u00e7\u0131s\u0131ndan beklentileri a\u015fan hidrolik silindirler sunmak. Profesyonellik, d\u00fcr\u00fcstl\u00fck ve m\u00fc\u015fteri odakl\u0131l\u0131k ilkeleriyle \u00e7al\u0131\u015f\u0131yoruz. Yenilik\u00e7ilik ve hassasiyet k\u00fclt\u00fcr\u00fcn\u00fc benimseyerek, rekabet\u00e7i bir pazarda \u00f6ne \u00e7\u0131kmak i\u00e7in \u00fcr\u00fcnlerimizi s\u00fcrekli olarak geli\u015ftiriyoruz. Kapsaml\u0131 \u00fcr\u00fcn yelpazemiz ve ki\u015fiye \u00f6zel \u00e7\u00f6z\u00fcmler sunma becerimiz, bizi y\u00fcksek performansl\u0131 hidrolik silindir arayan i\u015fletmeler i\u00e7in vazge\u00e7ilmez k\u0131l\u0131yor.<\/p>\n<p class=\"break-words\">FMP, yaln\u0131zca bir \u00fcreticiden daha fazlas\u0131d\u0131r; ba\u015far\u0131n\u0131z\u0131n orta\u011f\u0131y\u0131z. M\u00fc\u015fterilerimizin \u00fcretkenliklerini ve g\u00fcvenliklerini art\u0131ran ara\u00e7lar sunmam\u0131z i\u00e7in bize g\u00fcvendi\u011finin fark\u0131nday\u0131z. Bu nedenle, yaln\u0131zca birinci s\u0131n\u0131f \u00fcr\u00fcnler sunmakla kalmay\u0131p ayn\u0131 zamanda ola\u011fan\u00fcst\u00fc hizmet de sunmaya kararl\u0131y\u0131z. \u0130lk dan\u0131\u015fmanl\u0131ktan sat\u0131\u015f sonras\u0131 deste\u011fe kadar, ihtiya\u00e7lar\u0131n\u0131n profesyonellik ve \u00f6zenle kar\u015f\u0131lanmas\u0131n\u0131 sa\u011flamak i\u00e7in m\u00fc\u015fterilerimizle yak\u0131n bir \u015fekilde \u00e7al\u0131\u015f\u0131yoruz. Rekabet\u00e7i fiyatlar\u0131m\u0131z ve kaliteye olan sars\u0131lmaz ba\u011fl\u0131l\u0131\u011f\u0131m\u0131z, FMP'yi g\u00fcvenebilecekleri hidrolik \u00e7\u00f6z\u00fcmlere yat\u0131r\u0131m yapmak isteyen \u015firketler i\u00e7in ak\u0131ll\u0131 bir tercih haline getiriyor.<\/p>","protected":false},"excerpt":{"rendered":"<p>High Quality Small Dump Truck Hoist Hydraulic Cylinder Experience the premium power of our small dump truck hoist hydraulic cylinder. This high-quality, standard product is perfect for various industries including machinery repair shops, farms, energy and mining, machinery manufacturing, and machinery factories. Our hydraulic cylinder is new, made of durable steel, and comes with a [&hellip;]<\/p>","protected":false},"featured_media":6735,"comment_status":"closed","ping_status":"closed","template":"","meta":{"_et_pb_use_builder":"","_et_pb_old_content":"","_et_gb_content_width":""},"product_brand":[],"product_cat":[103],"product_tag":[34,105],"class_list":{"0":"post-6560","1":"product","2":"type-product","3":"status-publish","4":"has-post-thumbnail","6":"product_cat-telescopic-hydraulic-cylinders","7":"product_tag-hydraulic-cylinder","8":"product_tag-telescopic-hydraulic-cylinders","10":"first","11":"instock","12":"product-type-simple"},"_links":{"self":[{"href":"https:\/\/fmp-components.com\/tr\/wp-json\/wp\/v2\/product\/6560","targetHints":{"allow":["GET"]}}],"collection":[{"href":"https:\/\/fmp-components.com\/tr\/wp-json\/wp\/v2\/product"}],"about":[{"href":"https:\/\/fmp-components.com\/tr\/wp-json\/wp\/v2\/types\/product"}],"replies":[{"embeddable":true,"href":"https:\/\/fmp-components.com\/tr\/wp-json\/wp\/v2\/comments?post=6560"}],"wp:featuredmedia":[{"embeddable":true,"href":"https:\/\/fmp-components.com\/tr\/wp-json\/wp\/v2\/media\/6735"}],"wp:attachment":[{"href":"https:\/\/fmp-components.com\/tr\/wp-json\/wp\/v2\/media?parent=6560"}],"wp:term":[{"taxonomy":"product_brand","embeddable":true,"href":"https:\/\/fmp-components.com\/tr\/wp-json\/wp\/v2\/product_brand?post=6560"},{"taxonomy":"product_cat","embeddable":true,"href":"https:\/\/fmp-components.com\/tr\/wp-json\/wp\/v2\/product_cat?post=6560"},{"taxonomy":"product_tag","embeddable":true,"href":"https:\/\/fmp-components.com\/tr\/wp-json\/wp\/v2\/product_tag?post=6560"}],"curies":[{"name":"wp","href":"https:\/\/api.w.org\/{rel}","templated":true}]}}