{"id":6553,"date":"2025-03-11T06:29:39","date_gmt":"2025-03-11T06:29:39","guid":{"rendered":"https:\/\/fmp-components.com\/product\/factory-price-multi-stage-trailer-hydraulic-cylinder"},"modified":"2025-03-12T06:40:42","modified_gmt":"2025-03-12T06:40:42","slug":"factory-price-multi-stage-trailer-hydraulic-cylinder","status":"publish","type":"product","link":"https:\/\/fmp-components.com\/tr\/product\/factory-price-multi-stage-trailer-hydraulic-cylinder\/","title":{"rendered":"Fabrika Fiyat\u0131 \u00c7ok Kademeli R\u00f6mork Hidrolik Silindiri"},"content":{"rendered":"<h2>Fabrika Fiyat\u0131 \u00c7ok Kademeli R\u00f6mork Hidrolik Silindiri<\/h2>\n<p>Fabrika Fiyatl\u0131 \u00c7ok Kademeli R\u00f6mork hidrolik silindirimiz, makineleriniz i\u00e7in olmazsa olmazd\u0131r. Bu \u00e7ok y\u00f6nl\u00fc hidrolik silindir, onu ekipman\u0131n\u0131z\u0131n vazge\u00e7ilmez bir par\u00e7as\u0131 haline getiren bir dizi \u00f6zellik sunar.<\/p>\n<p><img loading=\"lazy\" decoding=\"async\" class=\"alignnone  wp-image-6664\" src=\"https:\/\/fmp-components.com\/wp-content\/uploads\/2025\/03\/telescopic-hydraulic-cylinder-8.webp\" alt=\"teleskopik hidrolik silindir\" width=\"906\" height=\"906\" title=\"\" srcset=\"https:\/\/fmp-components.com\/wp-content\/uploads\/2025\/03\/telescopic-hydraulic-cylinder-8.webp 906w, https:\/\/fmp-components.com\/wp-content\/uploads\/2025\/03\/telescopic-hydraulic-cylinder-8-480x480.webp 480w\" sizes=\"(min-width: 0px) and (max-width: 480px) 480px, (min-width: 481px) 906px, 100vw\" \/><\/p>\n<h3>\u00dcr\u00fcn \u00d6zellikleri ve \u0130\u015flevselli\u011fi<\/h3>\n<p>\u00c7ok kademeli hidrolik silindirimiz, g\u00fcvenilir ve verimli performans sa\u011flamak \u00fczere tasarlanm\u0131\u015ft\u0131r. Bu hidrolik silindir, piston yap\u0131s\u0131 ve hidrolik g\u00fc\u00e7 kayna\u011f\u0131 ile standart bir modeldir. Dayan\u0131kl\u0131 \u00e7elikten \u00fcretilmi\u015f olup uzun \u00f6m\u00fcrl\u00fc kullan\u0131m sa\u011flar. Maksimum 3000 itme g\u00fcc\u00fc ve 20 ton \u00e7ekme g\u00fcc\u00fcyle a\u011f\u0131r hizmet g\u00f6revlerini kolayl\u0131kla yerine getirebilir.<\/p>\n<h3>Teknik \u00d6zellikler<\/h3>\n<table style=\"width: 93.759%;\" border=\"\">\n<tbody>\n<tr>\n<td style=\"width: 43.5028%;\"><strong>Delik Boyutu<\/strong><\/td>\n<td style=\"width: 451.977%;\">2-6 in\u00e7<\/td>\n<\/tr>\n<tr>\n<td style=\"width: 43.5028%;\"><strong>\u00c7ubuk Boyutu<\/strong><\/td>\n<td style=\"width: 451.977%;\">1.125-4 in\u00e7<\/td>\n<\/tr>\n<tr>\n<td style=\"width: 43.5028%;\"><strong>Vuru\u015f Boyutu<\/strong><\/td>\n<td style=\"width: 451.977%;\">4-100 in\u00e7<\/td>\n<\/tr>\n<tr>\n<td style=\"width: 43.5028%;\"><strong>Pin Boyutu<\/strong><\/td>\n<td style=\"width: 451.977%;\">0,5-2 in\u00e7<\/td>\n<\/tr>\n<tr>\n<td style=\"width: 43.5028%;\"><strong>Limanlar<\/strong><\/td>\n<td style=\"width: 451.977%;\">G\/SAE\/NPT\/M<\/td>\n<\/tr>\n<\/tbody>\n<\/table>\n<h2>Benzersiz Avantajlar<\/h2>\n<ul>\n<li>Enerji verimlili\u011fi<\/li>\n<li>Son derece verimli<\/li>\n<li>G\u00fcvenli ve g\u00fcvenilir<\/li>\n<\/ul>\n<h2>Hidrolik Sistem ve \u00c7al\u0131\u015fma Prensibi<\/h2>\n<p>\u00c7ok kademeli hidrolik silindir, hidrolik enerjiyi mekanik harekete d\u00f6n\u00fc\u015ft\u00fcrme ve b\u00f6ylece bas\u0131nc\u0131 kuvvete d\u00f6n\u00fc\u015ft\u00fcrme prensibiyle \u00e7al\u0131\u015f\u0131r. Bu s\u00fcre\u00e7, hidrolik s\u0131v\u0131n\u0131n bir g\u00fc\u00e7 \u00fcnitesi taraf\u0131ndan bas\u0131n\u00e7land\u0131r\u0131l\u0131p silindire y\u00f6nlendirilmesiyle ba\u015flar. S\u0131v\u0131 i\u00e7eri girdi\u011finde, silindir i\u00e7indeki pistona kuvvet uygulayarak hareket etmesini sa\u011flar. \u00c7ok kademeli tasar\u0131m, kuvvet ve strok uzunlu\u011funda \u00f6nemli bir art\u0131\u015f sa\u011flayarak hassas ve g\u00fc\u00e7l\u00fc hareketler gerektiren uygulamalar i\u00e7in idealdir. Birden fazla kademe kullan\u0131larak, bu silindirler daha fazla uzama ve geri \u00e7ekilme sa\u011flayarak \u00e7e\u015fitli g\u00f6revlerde i\u015flevselliklerini ve \u00e7ok y\u00f6nl\u00fcl\u00fcklerini art\u0131rabilir.<\/p>\n<p><img loading=\"lazy\" decoding=\"async\" class=\"alignnone  wp-image-6665\" src=\"https:\/\/fmp-components.com\/wp-content\/uploads\/2025\/03\/telescopic-hydraulic-cylinder-9.webp\" alt=\"teleskopik hidrolik silindir\" width=\"919\" height=\"919\" title=\"\" srcset=\"https:\/\/fmp-components.com\/wp-content\/uploads\/2025\/03\/telescopic-hydraulic-cylinder-9.webp 919w, https:\/\/fmp-components.com\/wp-content\/uploads\/2025\/03\/telescopic-hydraulic-cylinder-9-480x480.webp 480w\" sizes=\"(min-width: 0px) and (max-width: 480px) 480px, (min-width: 481px) 919px, 100vw\" \/><\/p>\n<h2>Uygulama Senaryolar\u0131<\/h2>\n<p>Hidrolik silindirlerimiz a\u015fa\u011f\u0131dakiler de dahil olmak \u00fczere \u00e7ok \u00e7e\u015fitli end\u00fcstrilerde yayg\u0131n olarak kullan\u0131lmaktad\u0131r:<\/p>\n<ul>\n<li><strong>Makine Tamir At\u00f6lyeleri:<\/strong> Burada, bak\u0131m ve onar\u0131mlar s\u0131ras\u0131nda a\u011f\u0131r makine par\u00e7alar\u0131n\u0131n kald\u0131r\u0131lmas\u0131 ve manevra ettirilmesi i\u00e7in \u00f6nemlidirler ve teknisyenlerin verimli ve g\u00fcvenli bir \u015fekilde \u00e7al\u0131\u015fmas\u0131n\u0131 sa\u011flarlar.<\/li>\n<li><strong>\u00c7iftlikler:<\/strong> Tar\u0131msal ortamlarda hidrolik silindirler, ekipmanlar\u0131 kald\u0131rma ve konumland\u0131rma, balya veya toprak gibi a\u011f\u0131r y\u00fckleri ta\u015f\u0131ma ve \u00fcretkenli\u011fi art\u0131ran aletlere g\u00fc\u00e7 sa\u011flama gibi g\u00f6revlerde kullan\u0131l\u0131r.<\/li>\n<li><strong>Enerji ve Madencilik End\u00fcstrileri:<\/strong> Bu sekt\u00f6rler, zorlu ortamlarda, g\u00fcvenilirli\u011fin \u00e7ok \u00f6nemli oldu\u011fu durumlarda, a\u011f\u0131r malzemelerin kald\u0131r\u0131lmas\u0131, kaz\u0131lmas\u0131 ve ta\u015f\u0131nmas\u0131nda sa\u011flam performanslar\u0131 nedeniyle hidrolik silindirlere g\u00fcvenmektedir.<\/li>\n<li><strong>Makine \u0130malat Fabrikalar\u0131:<\/strong> \u00dcretimde hidrolik silindirler, makinelerin montaj\u0131nda \u200b\u200bve \u00e7al\u0131\u015ft\u0131r\u0131lmas\u0131nda \u00f6nemli bir rol oynar ve \u00e7e\u015fitli malzemeleri presleme, b\u00fckme ve \u015fekillendirme gibi g\u00f6revler i\u00e7in gerekli kuvveti sa\u011flar.<\/li>\n<\/ul>\n<h2>Hidrolik Silindirler ve g\u00fc\u00e7 \u00fcniteleri<\/h2>\n<p>Hidrolik silindirler ve g\u00fc\u00e7 \u00fcniteleri, hidrolik teknolojisinin \u00e7e\u015fitli end\u00fcstrilerde etkili bir \u015fekilde uygulanmas\u0131n\u0131 kolayla\u015ft\u0131rmak i\u00e7in birlikte \u00e7al\u0131\u015fan bir hidrolik sistemin ayr\u0131lmaz par\u00e7alar\u0131d\u0131r. Hidrolik silindir, hidrolik enerjiyi mekanik harekete d\u00f6n\u00fc\u015ft\u00fcrmekten sorumlu akt\u00fcat\u00f6r g\u00f6revi g\u00f6r\u00fcrken, g\u00fc\u00e7 \u00fcnitesi sistemin \u00e7al\u0131\u015fmas\u0131 i\u00e7in gereken hidrolik bas\u0131nc\u0131 \u00fcretir ve d\u00fczenler.<\/p>\n<p>Birbirleriyle uyumlu \u00e7al\u0131\u015fmalar\u0131, hidrolik sistemlerin \u00e7e\u015fitli m\u00fchendislik ve mekanik ekipmanlar i\u00e7in g\u00fcvenilir g\u00fc\u00e7 ve hassas kontrol sa\u011flamas\u0131n\u0131 garanti eder. Bu sinerji, end\u00fcstrilerin karma\u015f\u0131k g\u00f6revleri kolayl\u0131kla \u00fcstlenmelerini sa\u011flayarak operasyonel verimlili\u011fi ve \u00fcretkenli\u011fi art\u0131r\u0131r. \u0130ster in\u015faat, ister tar\u0131m veya imalat olsun, hidrolik silindirler ve g\u00fc\u00e7 \u00fcniteleri aras\u0131ndaki i\u015f birli\u011fi, optimum performans elde etmek ve modern end\u00fcstriyel uygulamalar\u0131n taleplerini kar\u015f\u0131lamak i\u00e7in olmazsa olmazd\u0131r.<\/p>\n<h2>SSS<\/h2>\n<p><strong>S: Siz bir ticaret \u015firketi misiniz yoksa \u00fcretici misiniz?<\/strong><br \/>\nA: Biz \u00fcreticiyiz.<\/p>\n<p><strong>S: Teslimat s\u00fcreniz nedir?<\/strong><br \/>\nA: Teslimat s\u00fcremiz genellikle 25-35 g\u00fcnd\u00fcr.<\/p>\n<p><strong>S: Numune sa\u011fl\u0131yor musunuz?<\/strong><br \/>\nC: Evet, numune sa\u011fl\u0131yoruz ancak bunlar \u00fccretsiz de\u011fil.<\/p>\n<h3>FMP Hakk\u0131nda<\/h3>\n<p>FMP, y\u00fcksek kaliteli hidrolik silindirlerin tasar\u0131m\u0131, geli\u015ftirilmesi ve \u00fcretiminde uzmanla\u015fm\u0131\u015f, \u00f6nde gelen bir \u0130talyan \u00fcreticisidir. Onlarca y\u0131ll\u0131k uzmanl\u0131\u011f\u0131m\u0131zla, geleneksel \u0130talyan i\u015f\u00e7ili\u011fini en son teknolojiyle harmanlayarak, k\u00fcresel m\u00fc\u015fterilerimizin \u00e7e\u015fitli ihtiya\u00e7lar\u0131n\u0131 kar\u015f\u0131layan ola\u011fan\u00fcst\u00fc hidrolik \u00e7\u00f6z\u00fcmler sunuyoruz. Merkezi \u0130talya'da bulunan ve m\u00fchendislikte m\u00fckemmelli\u011fin merkezi olan FMP, d\u00fcnya \u00e7ap\u0131ndaki i\u015fletmelere g\u00fc\u00e7 katan g\u00fcvenilir, dayan\u0131kl\u0131 ve yenilik\u00e7i \u00fcr\u00fcnler sunmaya kendini adam\u0131\u015f, hidrolik sekt\u00f6r\u00fcnde g\u00fcvenilir bir isim olarak kendini kan\u0131tlam\u0131\u015ft\u0131r.<\/p>\n<p>\u015eirketimiz, ileri \u00fcretim geleneklerini ileri g\u00f6r\u00fc\u015fl\u00fc bir yakla\u015f\u0131mla harmanlamaktad\u0131r. Hidrolik sistemlerdeki uzun y\u0131llara dayanan deneyiminden yararlanan FMP, ara\u015ft\u0131rma, tasar\u0131m ve \u00fcretimde m\u00fckemmellik g\u00f6steren modern bir kurulu\u015fa d\u00f6n\u00fc\u015fm\u00fc\u015ft\u00fcr. \u00c7ift etkili silindirler, otomotiv kald\u0131rma silindirleri, tar\u0131m makineleri silindirleri ve \u00e7e\u015fitli end\u00fcstriyel uygulamalar i\u00e7in \u00f6zel olarak tasarlanm\u0131\u015f \u00e7\u00f6z\u00fcmler de dahil olmak \u00fczere geni\u015f bir hidrolik silindir yelpazesi sunuyoruz. \u0130ster in\u015faat, ister end\u00fcstriyel tesisler, ister tar\u0131m veya a\u011f\u0131r makineler olsun, hidrolik silindirlerimiz en zorlu ko\u015fullarda bile g\u00fcvenlik, verimlilik ve uzun \u00f6m\u00fcr sa\u011flayacak \u015fekilde tasarlanm\u0131\u015ft\u0131r.<\/p>\n<p><img loading=\"lazy\" decoding=\"async\" class=\"alignnone size-full wp-image-6720\" src=\"https:\/\/fmp-components.com\/wp-content\/uploads\/2025\/03\/hydraulic-cylinder-8.webp\" alt=\"Teleskopik Hidrolik Silindirler\" width=\"933\" height=\"526\" title=\"\" srcset=\"https:\/\/fmp-components.com\/wp-content\/uploads\/2025\/03\/hydraulic-cylinder-8.webp 933w, https:\/\/fmp-components.com\/wp-content\/uploads\/2025\/03\/hydraulic-cylinder-8-480x271.webp 480w\" sizes=\"(min-width: 0px) and (max-width: 480px) 480px, (min-width: 481px) 933px, 100vw\" \/><\/p>\n<p>FMP olarak, hassas makineler ve geli\u015fmi\u015f test sistemleriyle donat\u0131lm\u0131\u015f son teknoloji \u00fcretim tesislerimizle gurur duyuyoruz. \u00dcretim s\u00fcre\u00e7lerimiz, s\u0131k\u0131 ulusal ve uluslararas\u0131 standartlara uygun olup, \u00fcretilen her hidrolik silindirin en y\u00fcksek kalite ve g\u00fcvenilirlik standartlar\u0131n\u0131 kar\u015f\u0131lamas\u0131n\u0131 garanti eder. Son teknoloji ekipmanlarla bir araya gelen yetenekli teknik ekibimiz, hammadde se\u00e7iminden son kontrole kadar \u00fcretimin her a\u015famas\u0131nda s\u0131k\u0131 bir kalite kontrol\u00fc sa\u011flamam\u0131z\u0131 m\u00fcmk\u00fcn k\u0131lar. M\u00fckemmelli\u011fe olan bu ba\u011fl\u0131l\u0131\u011f\u0131m\u0131z, sekt\u00f6r otoritelerinden sertifikalar ve takdirler almam\u0131z\u0131 sa\u011flayarak g\u00fcvenilir bir i\u015f orta\u011f\u0131 olarak itibar\u0131m\u0131z\u0131 peki\u015ftirmi\u015ftir.<\/p>\n<p>Misyonumuz hem basit hem de iddial\u0131: M\u00fc\u015fterilerimize performans, dayan\u0131kl\u0131l\u0131k ve de\u011fer a\u00e7\u0131s\u0131ndan beklentileri a\u015fan hidrolik silindirler sunmak. Profesyonellik, d\u00fcr\u00fcstl\u00fck ve m\u00fc\u015fteri odakl\u0131l\u0131k ilkeleriyle \u00e7al\u0131\u015f\u0131yoruz. Yenilik\u00e7ilik ve hassasiyet k\u00fclt\u00fcr\u00fcn\u00fc besleyerek, rekabet\u00e7i bir pazarda \u00f6ne \u00e7\u0131kmak i\u00e7in \u00fcr\u00fcnlerimizi s\u00fcrekli olarak geli\u015ftiriyoruz. Geni\u015f \u00fcr\u00fcn yelpazemiz ve ki\u015fiye \u00f6zel \u00e7\u00f6z\u00fcmler sunma becerimiz, bizi y\u00fcksek performansl\u0131 hidrolik silindir arayan i\u015fletmeler i\u00e7in tercih edilen se\u00e7enek haline getiriyor.<\/p>\n<p>FMP, bir \u00fcreticiden \u00e7ok daha fazlas\u0131d\u0131r; ba\u015far\u0131n\u0131z\u0131n orta\u011f\u0131y\u0131z. M\u00fc\u015fterilerimizin \u00fcretkenliklerini ve g\u00fcvenliklerini art\u0131ran ara\u00e7lar sunmam\u0131z i\u00e7in bize g\u00fcvendi\u011finin bilincindeyiz. Bu nedenle, yaln\u0131zca birinci s\u0131n\u0131f \u00fcr\u00fcnler sunmakla kalmay\u0131p ayn\u0131 zamanda ola\u011fan\u00fcst\u00fc hizmet de sunmaya kendimizi adad\u0131k. \u0130lk dan\u0131\u015fmanl\u0131ktan sat\u0131\u015f sonras\u0131 deste\u011fe kadar, m\u00fc\u015fterilerimizin ihtiya\u00e7lar\u0131n\u0131n profesyonellik ve \u00f6zenle kar\u015f\u0131lanmas\u0131n\u0131 sa\u011flamak i\u00e7in m\u00fc\u015fterilerimizle yak\u0131n i\u015f birli\u011fi i\u00e7indeyiz. Rekabet\u00e7i fiyatlar\u0131m\u0131z ve kaliteye olan sars\u0131lmaz ba\u011fl\u0131l\u0131\u011f\u0131m\u0131z, FMP'yi g\u00fcvenilir hidrolik \u00e7\u00f6z\u00fcmlere yat\u0131r\u0131m yapmak isteyen \u015firketler i\u00e7in ak\u0131ll\u0131 bir tercih haline getiriyor.<\/p>","protected":false},"excerpt":{"rendered":"<p>Factory Price Multi Stage Trailer Hydraulic Cylinder Our Factory Price Multi Stage Trailer hydraulic cylinder is a must-have for your machinery. This versatile hydraulic cylinder offers a range of features that make it an essential part of your equipment. Product Features and Functionality Our multi stage hydraulic cylinder is designed to provide reliable and efficient [&hellip;]<\/p>","protected":false},"featured_media":6749,"comment_status":"closed","ping_status":"closed","template":"","meta":{"_et_pb_use_builder":"","_et_pb_old_content":"","_et_gb_content_width":""},"product_brand":[],"product_cat":[103],"product_tag":[34,105],"class_list":{"0":"post-6553","1":"product","2":"type-product","3":"status-publish","4":"has-post-thumbnail","6":"product_cat-telescopic-hydraulic-cylinders","7":"product_tag-hydraulic-cylinder","8":"product_tag-telescopic-hydraulic-cylinders","10":"first","11":"instock","12":"product-type-simple"},"_links":{"self":[{"href":"https:\/\/fmp-components.com\/tr\/wp-json\/wp\/v2\/product\/6553","targetHints":{"allow":["GET"]}}],"collection":[{"href":"https:\/\/fmp-components.com\/tr\/wp-json\/wp\/v2\/product"}],"about":[{"href":"https:\/\/fmp-components.com\/tr\/wp-json\/wp\/v2\/types\/product"}],"replies":[{"embeddable":true,"href":"https:\/\/fmp-components.com\/tr\/wp-json\/wp\/v2\/comments?post=6553"}],"wp:featuredmedia":[{"embeddable":true,"href":"https:\/\/fmp-components.com\/tr\/wp-json\/wp\/v2\/media\/6749"}],"wp:attachment":[{"href":"https:\/\/fmp-components.com\/tr\/wp-json\/wp\/v2\/media?parent=6553"}],"wp:term":[{"taxonomy":"product_brand","embeddable":true,"href":"https:\/\/fmp-components.com\/tr\/wp-json\/wp\/v2\/product_brand?post=6553"},{"taxonomy":"product_cat","embeddable":true,"href":"https:\/\/fmp-components.com\/tr\/wp-json\/wp\/v2\/product_cat?post=6553"},{"taxonomy":"product_tag","embeddable":true,"href":"https:\/\/fmp-components.com\/tr\/wp-json\/wp\/v2\/product_tag?post=6553"}],"curies":[{"name":"wp","href":"https:\/\/api.w.org\/{rel}","templated":true}]}}