{"id":6548,"date":"2025-03-11T06:29:39","date_gmt":"2025-03-11T06:29:39","guid":{"rendered":"https:\/\/fmp-components.com\/product\/manufacturer-supplier-20-ton-hydraulic-telescopic-cylinder-for-sale"},"modified":"2025-03-12T06:24:11","modified_gmt":"2025-03-12T06:24:11","slug":"manufacturer-supplier-20-ton-hydraulic-telescopic-cylinder-for-sale","status":"publish","type":"product","link":"https:\/\/fmp-components.com\/tr\/product\/manufacturer-supplier-20-ton-hydraulic-telescopic-cylinder-for-sale\/","title":{"rendered":"\u00dcretici Tedarik\u00e7i 20 Ton Hidrolik Teleskopik Silindir Sat\u0131l\u0131k"},"content":{"rendered":"<h2>\u00dcretici Tedarik\u00e7i 20 Ton Hidrolik Teleskopik Silindir Sat\u0131l\u0131k<\/h2>\n<p>FMP'nin birinci s\u0131n\u0131f \u00fcr\u00fcn\u00fc olan 20 Tonluk Hidrolik Teleskopik Silindirimizin g\u00fcc\u00fcn\u00fc ve verimlili\u011fini deneyimleyin. Bu \u00e7ok kademeli hidrolik silindir, yeni ve standartlara uygun olarak \u00fcretilmi\u015ftir ve t\u00fcm a\u011f\u0131r hizmet ihtiya\u00e7lar\u0131n\u0131z i\u00e7in g\u00fcvenilir ve sa\u011flam bir performans sunar.<\/p>\n<p><img loading=\"lazy\" decoding=\"async\" class=\"alignnone  wp-image-6661\" src=\"https:\/\/fmp-components.com\/wp-content\/uploads\/2025\/03\/telescopic-hydraulic-cylinder-10.webp\" alt=\"teleskopik hidrolik silindir\" width=\"888\" height=\"888\" title=\"\" srcset=\"https:\/\/fmp-components.com\/wp-content\/uploads\/2025\/03\/telescopic-hydraulic-cylinder-10.webp 888w, https:\/\/fmp-components.com\/wp-content\/uploads\/2025\/03\/telescopic-hydraulic-cylinder-10-480x480.webp 480w\" sizes=\"(min-width: 0px) and (max-width: 480px) 480px, (min-width: 481px) 888px, 100vw\" \/><\/p>\n<h3>\u00d6zellikler ve \u0130\u015flevler<\/h3>\n<p>Hidrolik teleskopik silindir, 3000 ton maksimum itme ve 20 ton maksimum \u00e7ekme g\u00fcc\u00fcne sahiptir. Sa\u011flam \u00e7elikten \u00fcretilmi\u015ftir ve hidrolik olarak \u00e7al\u0131\u015f\u0131r. Silindir, makine tamir at\u00f6lyeleri, \u00e7iftlikler, enerji ve madencilik, makine imalat\u0131 ve makine fabrikalar\u0131 dahil olmak \u00fczere \u00e7e\u015fitli end\u00fcstriler i\u00e7in uygundur.<\/p>\n<h3>\u00dcr\u00fcn \u00d6zellikleri<\/h3>\n<table style=\"width: 100.077%;\" border=\"\">\n<tbody>\n<tr>\n<td style=\"width: 42.9379%;\"><i>Delik Boyutu<\/i><\/td>\n<td style=\"width: 474.576%;\">2-6 in\u00e7<\/td>\n<\/tr>\n<tr>\n<td style=\"width: 42.9379%;\"><i>\u00c7ubuk Boyutu<\/i><\/td>\n<td style=\"width: 474.576%;\">1.125-4 in\u00e7<\/td>\n<\/tr>\n<tr>\n<td style=\"width: 42.9379%;\"><i>Vuru\u015f Boyutu<\/i><\/td>\n<td style=\"width: 474.576%;\">4-100 in\u00e7<\/td>\n<\/tr>\n<tr>\n<td style=\"width: 42.9379%;\"><i>Pin Boyutu<\/i><\/td>\n<td style=\"width: 474.576%;\">0,5-2 in\u00e7<\/td>\n<\/tr>\n<tr>\n<td style=\"width: 42.9379%;\"><i>Limanlar<\/i><\/td>\n<td style=\"width: 474.576%;\">G\/SAE\/NPT\/M<\/td>\n<\/tr>\n<\/tbody>\n<\/table>\n<h3>Temel Faydalar<\/h3>\n<ul>\n<li>Enerji Verimlili\u011fi: Hidrolik silindir verimli bir \u015fekilde \u00e7al\u0131\u015farak minimum enerji t\u00fcketimiyle maksimum verimlilik sa\u011flar.<\/li>\n<li>Y\u00fcksek Performans: 3000'lik maksimum itme g\u00fcc\u00fc ve 20 tonluk \u00e7eki\u015f g\u00fcc\u00fcyle bu silindir, y\u00fcksek performansl\u0131 g\u00f6revler i\u00e7in \u00fcretilmi\u015ftir.<\/li>\n<li>G\u00fcvenlik: G\u00fcvenlik d\u00fc\u015f\u00fcn\u00fclerek tasarlanan hidrolik silindir, y\u00fcksek bas\u0131nca dayan\u0131kl\u0131 dayan\u0131kl\u0131 malzemelerden \u00fcretilmi\u015ftir.<\/li>\n<\/ul>\n<h2>Hidrolik Sistem ve \u00c7al\u0131\u015fma Prensibi<\/h2>\n<p>Hidrolik teleskopik silindir, hidrolik enerjiyi etkili bir \u015fekilde mekanik harekete d\u00f6n\u00fc\u015ft\u00fcrerek \u00e7al\u0131\u015f\u0131r. S\u00fcre\u00e7, hidrolik s\u0131v\u0131n\u0131n bir pompa taraf\u0131ndan bas\u0131n\u00e7land\u0131r\u0131lmas\u0131yla ba\u015flar ve \u00f6nemli miktarda kuvvet olu\u015fturur. Bu bas\u0131n\u00e7l\u0131 s\u0131v\u0131 daha sonra teleskopik silindire y\u00f6nlendirilir ve burada i\u00e7indeki piston(lar) \u00fczerinde etki eder. Hidrolik s\u0131v\u0131 silindire girdi\u011finde, silindirin i\u00e7 k\u0131s\u0131mlar\u0131n\u0131 geni\u015fleten ve \u00f6nemli \u00f6l\u00e7\u00fcde do\u011frusal harekete olanak tan\u0131yan bir bas\u0131n\u00e7 olu\u015fturur. Bu benzersiz tasar\u0131m, hidrolik silindirin geri \u00e7ekildi\u011finde kompakt boyutunu korurken etkileyici uzama mesafelerine ula\u015fmas\u0131n\u0131 sa\u011flar.<\/p>\n<p>Hidrolik enerjiyi mekanik harekete d\u00f6n\u00fc\u015ft\u00fcrme yetene\u011fi, teleskopik silindirleri \u00e7e\u015fitli uygulamalarda vazge\u00e7ilmez k\u0131lar. Bas\u0131n\u00e7l\u0131 s\u0131v\u0131n\u0131n \u00fcretti\u011fi kuvvet hassas bir \u015fekilde kontrol edilebilir ve bu da operat\u00f6rlerin ak\u0131c\u0131 ve hassas hareketler elde etmesini sa\u011flar. Bu yetenek, hassas konumland\u0131rma ve g\u00fc\u00e7l\u00fc kald\u0131rma gerektiren ortamlarda hayati \u00f6nem ta\u015f\u0131r ve hidrolik teleskopik silindirleri modern makine ve ekipmanlarda hayati bir bile\u015fen haline getirir.<\/p>\n<h3>Hidrolik Silindirin Uygulamas\u0131<\/h3>\n<p>Hidrolik silindir, makine imalat\u0131 ve onar\u0131m\u0131, tar\u0131m, enerji ve madencilik gibi bir\u00e7ok sekt\u00f6rde yayg\u0131n uygulama alan\u0131 bulmaktad\u0131r. Makine imalat\u0131 ve onar\u0131m\u0131nda, a\u011f\u0131r ekipmanlar\u0131n kald\u0131r\u0131lmas\u0131n\u0131 ve konumland\u0131r\u0131lmas\u0131n\u0131 kolayla\u015ft\u0131rarak bak\u0131m g\u00f6revlerini kolayla\u015ft\u0131r\u0131r ve genel operasyonel verimlili\u011fi art\u0131r\u0131r. Sa\u011flam yap\u0131s\u0131, bu ortamlardaki tipik zorlu ko\u015fullara dayanabilmesini sa\u011flar.<\/p>\n<p>Tar\u0131m sekt\u00f6r\u00fcnde, trakt\u00f6r ve y\u00fckleyici gibi \u00e7e\u015fitli makinelerin \u00e7al\u0131\u015ft\u0131r\u0131lmas\u0131 i\u00e7in hidrolik silindirler olmazsa olmazd\u0131r. Malzemelerin kald\u0131r\u0131lmas\u0131, yat\u0131r\u0131lmas\u0131 ve bo\u015falt\u0131lmas\u0131 gibi i\u015flemleri m\u00fcmk\u00fcn k\u0131larak \u00e7iftliklerde \u00fcretkenli\u011fi ve verimlili\u011fi \u00f6nemli \u00f6l\u00e7\u00fcde art\u0131r\u0131rlar. Bu g\u00f6revleri hassasiyetle yerine getirebilme yetene\u011fi, tar\u0131msal faaliyetlerin optimize edilmesi ve g\u00f6revlerin zaman\u0131nda tamamlanmas\u0131 i\u00e7in hayati \u00f6nem ta\u015f\u0131r.<\/p>\n<p>Enerji ve madencilik sekt\u00f6rlerinde hidrolik silindirler, delme, kaz\u0131 ve malzeme ta\u015f\u0131ma gibi uygulamalarda \u00f6nemli bir rol oynar. \u00d6nemli bir kuvvet \u00fcretme kapasiteleri, g\u00fcvenilirlik ve performans\u0131n \u00f6n planda oldu\u011fu bu sekt\u00f6rlerin zorlu talepleri i\u00e7in onlar\u0131 ideal hale getirir. \u0130ster a\u011f\u0131r y\u00fckleri kald\u0131rmak ister makineleri kontrol etmek olsun, hidrolik silindirler, end\u00fcstri zorluklar\u0131n\u0131n \u00fcstesinden gelmek i\u00e7in gereken g\u00fc\u00e7 ve hassasiyeti sa\u011flar.<\/p>\n<h2>Hidrolik Silindirler ve G\u00fc\u00e7 \u00dcniteleri<\/h2>\n<p>Hidrolik silindirler ve g\u00fc\u00e7 \u00fcniteleri, hidrolik sistemlerin ayr\u0131lmaz par\u00e7alar\u0131d\u0131r ve hidrolik teknolojisinin end\u00fcstriyel ortamlarda etkili bir \u015fekilde uygulanmas\u0131n\u0131 sa\u011flamak i\u00e7in birlikte \u00e7al\u0131\u015f\u0131rlar. Hidrolik silindir, hidrolik enerjiyi mekanik harekete d\u00f6n\u00fc\u015ft\u00fcren akt\u00fcat\u00f6r g\u00f6revi g\u00f6r\u00fcrken, g\u00fc\u00e7 \u00fcnitesi enerji kayna\u011f\u0131 g\u00f6revi g\u00f6rerek sistemi \u00e7al\u0131\u015ft\u0131rmak i\u00e7in gerekli bas\u0131n\u00e7 ve ak\u0131\u015f\u0131 \u00fcretir.<\/p>\n<p>Bu i\u015f birli\u011fi, \u00e7e\u015fitli m\u00fchendislik ve mekanik ekipmanlara g\u00fcvenilir g\u00fc\u00e7 ve kontrol deste\u011fi sa\u011flamak i\u00e7in olmazsa olmazd\u0131r. G\u00fc\u00e7 \u00fcnitesi genellikle, optimum bas\u0131n\u00e7 ve ak\u0131\u015f h\u0131zlar\u0131n\u0131 korumak i\u00e7in uyum i\u00e7inde \u00e7al\u0131\u015fan bir hidrolik pompa, motor, rezervuar ve kontrol valflerinden olu\u015fur. Hidrolik silindirlerin uygun miktarda bas\u0131n\u00e7l\u0131 s\u0131v\u0131 almas\u0131n\u0131 sa\u011flayarak g\u00fc\u00e7 \u00fcnitesi, hidrolik sistemin genel performans\u0131n\u0131 ve verimlili\u011fini art\u0131r\u0131r.<\/p>\n<p>FMP olarak, bu sinerjinin \u00f6neminin fark\u0131nday\u0131z ve sat\u0131\u015fa sundu\u011fumuz kapsaml\u0131 bir g\u00fc\u00e7 \u00fcnitesi yelpazesi sunuyoruz. \u00c7\u00f6z\u00fcmlerimiz, t\u00fcm hidrolik sistem ihtiya\u00e7lar\u0131n\u0131z\u0131 kar\u015f\u0131layacak \u015fekilde tasarlanm\u0131\u015ft\u0131r ve uygulamalar\u0131n\u0131zda optimum performans elde etmenizi sa\u011flar. Kalite ve g\u00fcvenilirli\u011fe olan ba\u011fl\u0131l\u0131\u011f\u0131m\u0131zla, hidrolik silindirlerimizin ve g\u00fc\u00e7 \u00fcnitelerimizin operasyonlar\u0131n\u0131zda ihtiya\u00e7 duydu\u011funuz performans ve verimlili\u011fi sa\u011flamak i\u00e7in kusursuz bir \u015fekilde birlikte \u00e7al\u0131\u015fmas\u0131n\u0131 sa\u011fl\u0131yoruz.<\/p>\n<p><img loading=\"lazy\" decoding=\"async\" class=\"alignnone  wp-image-6662\" src=\"https:\/\/fmp-components.com\/wp-content\/uploads\/2025\/03\/telescopic-hydraulic-cylinder-4.webp\" alt=\"teleskopik hidrolik silindir\" width=\"999\" height=\"999\" title=\"\" srcset=\"https:\/\/fmp-components.com\/wp-content\/uploads\/2025\/03\/telescopic-hydraulic-cylinder-4.webp 999w, https:\/\/fmp-components.com\/wp-content\/uploads\/2025\/03\/telescopic-hydraulic-cylinder-4-480x480.webp 480w\" sizes=\"(min-width: 0px) and (max-width: 480px) 480px, (min-width: 481px) 999px, 100vw\" \/><\/p>\n<h2>S\u0131k\u00e7a Sorulan Sorular<\/h2>\n<p><span>S: Siz bir ticaret \u015firketi misiniz yoksa \u00fcretici misiniz?<\/span><br \/>\n<span>A: Biz \u00fcreticiyiz.<\/span><br \/>\n<span>S: Teslimat s\u00fcreniz ne kadard\u0131r?<\/span><br \/>\n<span>A: Genellikle 25-35 g\u00fcnd\u00fcr.<\/span><br \/>\n<span>S: Numune sa\u011fl\u0131yor musunuz? \u00dccretsiz mi yoksa ekstra m\u0131?<\/span><br \/>\n<span>C: Evet, numune sunabiliriz ancak \u00fccretsiz de\u011fil.<\/span>&#8221;<\/p>\n<h3>FMP Hakk\u0131nda<\/h3>\n<p>FMP, y\u00fcksek kaliteli hidrolik silindirlerin tasar\u0131m\u0131, geli\u015ftirilmesi ve \u00fcretimiyle tan\u0131nan \u00f6nde gelen bir \u0130talyan \u00fcreticisidir. Onlarca y\u0131ll\u0131k uzmanl\u0131\u011f\u0131m\u0131zla, geleneksel \u0130talyan i\u015f\u00e7ili\u011fini ileri teknolojiyle harmanlayarak k\u00fcresel m\u00fc\u015fterilerimizin \u00e7e\u015fitli ihtiya\u00e7lar\u0131na \u00f6zel, ola\u011fan\u00fcst\u00fc hidrolik \u00e7\u00f6z\u00fcmler sunuyoruz. M\u00fchendislikte m\u00fckemmelli\u011fin merkezi olan \u0130talya'da bulunan FMP, d\u00fcnya \u00e7ap\u0131ndaki i\u015fletmelere g\u00fc\u00e7 katan g\u00fcvenilir, dayan\u0131kl\u0131 ve yenilik\u00e7i \u00fcr\u00fcnler sunmaya kendini adam\u0131\u015f, hidrolik sekt\u00f6r\u00fcnde g\u00fcvenilir bir isim olarak kendini kan\u0131tlam\u0131\u015ft\u0131r.<\/p>\n<p>\u0130leri d\u00fczey \u00fcretim geleneklerinin en iyilerini ileri g\u00f6r\u00fc\u015fl\u00fc bir yakla\u015f\u0131mla birle\u015ftiriyoruz. Hidrolik sistemlerdeki kapsaml\u0131 deneyimimizden yararlanan FMP, ara\u015ft\u0131rma, tasar\u0131m ve \u00fcretimde m\u00fckemmellik g\u00f6steren modern bir kurulu\u015fa d\u00f6n\u00fc\u015fm\u00fc\u015ft\u00fcr. Uzmanl\u0131k alan\u0131m\u0131z, \u00e7ift etkili silindirler, otomotiv kald\u0131rma silindirleri, tar\u0131m makineleri silindirleri ve \u00e7e\u015fitli end\u00fcstriyel uygulamalar i\u00e7in \u00f6zel olarak tasarlanm\u0131\u015f \u00e7\u00f6z\u00fcmler gibi geni\u015f bir hidrolik silindir yelpazesini kapsamaktad\u0131r. En zorlu ko\u015fullarda performans g\u00f6sterecek \u015fekilde tasarlanan hidrolik silindirlerimiz, in\u015faat, end\u00fcstriyel tesisler, tar\u0131m ve a\u011f\u0131r makine gibi sekt\u00f6rlerde g\u00fcvenlik, verimlilik ve uzun \u00f6m\u00fcr sa\u011flar.<\/p>\n<p>FMP olarak, hassas makineler ve geli\u015fmi\u015f test sistemleriyle donat\u0131lm\u0131\u015f son teknoloji \u00fcretim tesislerimizle gurur duyuyoruz. \u00dcretim s\u00fcre\u00e7lerimiz, fabrikam\u0131zdan \u00e7\u0131kan her hidrolik silindirin en y\u00fcksek kalite ve g\u00fcvenilirlik standartlar\u0131n\u0131 kar\u015f\u0131lamas\u0131n\u0131 garanti eden s\u0131k\u0131 ulusal ve uluslararas\u0131 standartlara uygundur. Son teknoloji ekipmanlarla bir araya gelen yetenekli teknik ekibimiz, hammadde se\u00e7iminden son kontrole kadar her \u00fcretim a\u015famas\u0131nda titiz bir kalite kontrol\u00fc sa\u011flamam\u0131z\u0131 m\u00fcmk\u00fcn k\u0131lar. M\u00fckemmelli\u011fe olan bu ba\u011fl\u0131l\u0131\u011f\u0131m\u0131z, sekt\u00f6r otoritelerinden sertifikalar ve \u00f6d\u00fcller almam\u0131z\u0131 sa\u011flayarak g\u00fcvenilir bir ortak olarak itibar\u0131m\u0131z\u0131 peki\u015ftirmi\u015ftir.<\/p>\n<p><img loading=\"lazy\" decoding=\"async\" class=\"alignnone size-full wp-image-6720\" src=\"https:\/\/fmp-components.com\/wp-content\/uploads\/2025\/03\/hydraulic-cylinder-8.webp\" alt=\"Teleskopik Hidrolik Silindirler\" width=\"933\" height=\"526\" title=\"\" srcset=\"https:\/\/fmp-components.com\/wp-content\/uploads\/2025\/03\/hydraulic-cylinder-8.webp 933w, https:\/\/fmp-components.com\/wp-content\/uploads\/2025\/03\/hydraulic-cylinder-8-480x271.webp 480w\" sizes=\"(min-width: 0px) and (max-width: 480px) 480px, (min-width: 481px) 933px, 100vw\" \/><\/p>\n<p>Misyonumuz hem basit hem de iddial\u0131: Performans, dayan\u0131kl\u0131l\u0131k ve de\u011fer a\u00e7\u0131s\u0131ndan beklentileri a\u015fan hidrolik silindirler sunmak. Profesyonellik, d\u00fcr\u00fcstl\u00fck ve m\u00fc\u015fteri odakl\u0131l\u0131k ilkeleriyle, yenilik\u00e7ilik ve hassasiyet k\u00fclt\u00fcr\u00fcn\u00fc benimsiyor ve rekabet\u00e7i pazarda \u00f6ne \u00e7\u0131kmak i\u00e7in \u00fcr\u00fcnlerimizi s\u00fcrekli geli\u015ftiriyoruz. Kapsaml\u0131 \u00fcr\u00fcn yelpazemiz ve ki\u015fiye \u00f6zel \u00e7\u00f6z\u00fcmler sunma yetene\u011fimizle, y\u00fcksek performansl\u0131 hidrolik silindir arayan i\u015fletmeler i\u00e7in tercih edilen bir tercihiz.<\/p>\n<p>FMP, bir \u00fcreticiden \u00e7ok daha fazlas\u0131d\u0131r; ba\u015far\u0131n\u0131z\u0131n orta\u011f\u0131y\u0131z. M\u00fc\u015fterilerimizin \u00fcretkenliklerini ve g\u00fcvenliklerini art\u0131ran ara\u00e7lar sunmam\u0131z i\u00e7in bize g\u00fcvendiklerinin fark\u0131nday\u0131z. Bu nedenle, yaln\u0131zca birinci s\u0131n\u0131f \u00fcr\u00fcnler sunmakla kalmay\u0131p ayn\u0131 zamanda ola\u011fan\u00fcst\u00fc hizmet de sunmaya kararl\u0131y\u0131z. \u0130lk dan\u0131\u015fmanl\u0131ktan sat\u0131\u015f sonras\u0131 deste\u011fe kadar, m\u00fc\u015fterilerimizin ihtiya\u00e7lar\u0131n\u0131n profesyonellik ve \u00f6zenle kar\u015f\u0131lanmas\u0131n\u0131 sa\u011flamak i\u00e7in m\u00fc\u015fterilerimizle yak\u0131n i\u015f birli\u011fi i\u00e7indeyiz. Rekabet\u00e7i fiyatlar\u0131m\u0131z ve kaliteye olan sars\u0131lmaz ba\u011fl\u0131l\u0131\u011f\u0131m\u0131z, FMP'yi g\u00fcvenilir hidrolik \u00e7\u00f6z\u00fcmlere yat\u0131r\u0131m yapmak isteyen \u015firketler i\u00e7in ak\u0131ll\u0131 bir tercih haline getiriyor.<\/p>","protected":false},"excerpt":{"rendered":"<p>Manufacturer Supplier 20 Ton Hydraulic Telescopic Cylinder for Sale Experience the power and efficiency of our 20 Ton Hydraulic Telescopic Cylinder, a top-notch product From FMP. This multistage hydraulic cylinder is new and built to standard, ensuring reliable and robust performance for all your heavy-duty needs. Features and Functionality The hydraulic telescopic cylinder boasts of [&hellip;]<\/p>","protected":false},"featured_media":6740,"comment_status":"closed","ping_status":"closed","template":"","meta":{"_et_pb_use_builder":"","_et_pb_old_content":"","_et_gb_content_width":""},"product_brand":[],"product_cat":[103],"product_tag":[34,105],"class_list":{"0":"post-6548","1":"product","2":"type-product","3":"status-publish","4":"has-post-thumbnail","6":"product_cat-telescopic-hydraulic-cylinders","7":"product_tag-hydraulic-cylinder","8":"product_tag-telescopic-hydraulic-cylinders","10":"first","11":"instock","12":"product-type-simple"},"_links":{"self":[{"href":"https:\/\/fmp-components.com\/tr\/wp-json\/wp\/v2\/product\/6548","targetHints":{"allow":["GET"]}}],"collection":[{"href":"https:\/\/fmp-components.com\/tr\/wp-json\/wp\/v2\/product"}],"about":[{"href":"https:\/\/fmp-components.com\/tr\/wp-json\/wp\/v2\/types\/product"}],"replies":[{"embeddable":true,"href":"https:\/\/fmp-components.com\/tr\/wp-json\/wp\/v2\/comments?post=6548"}],"wp:featuredmedia":[{"embeddable":true,"href":"https:\/\/fmp-components.com\/tr\/wp-json\/wp\/v2\/media\/6740"}],"wp:attachment":[{"href":"https:\/\/fmp-components.com\/tr\/wp-json\/wp\/v2\/media?parent=6548"}],"wp:term":[{"taxonomy":"product_brand","embeddable":true,"href":"https:\/\/fmp-components.com\/tr\/wp-json\/wp\/v2\/product_brand?post=6548"},{"taxonomy":"product_cat","embeddable":true,"href":"https:\/\/fmp-components.com\/tr\/wp-json\/wp\/v2\/product_cat?post=6548"},{"taxonomy":"product_tag","embeddable":true,"href":"https:\/\/fmp-components.com\/tr\/wp-json\/wp\/v2\/product_tag?post=6548"}],"curies":[{"name":"wp","href":"https:\/\/api.w.org\/{rel}","templated":true}]}}