{"id":6546,"date":"2025-03-11T06:28:19","date_gmt":"2025-03-11T06:28:19","guid":{"rendered":"https:\/\/fmp-components.com\/product\/professional-5-stage-multi-stage-telescopic-hydraulic-cylinder"},"modified":"2025-03-12T02:00:00","modified_gmt":"2025-03-12T02:00:00","slug":"professional-5-stage-multi-stage-telescopic-hydraulic-cylinder","status":"publish","type":"product","link":"https:\/\/fmp-components.com\/tr\/product\/professional-5-stage-multi-stage-telescopic-hydraulic-cylinder\/","title":{"rendered":"Profesyonel 5 Kademeli \u00c7ok Kademeli Teleskopik Hidrolik Silindir"},"content":{"rendered":"<h2>Profesyonel 5 Kademeli \u00c7ok Kademeli Teleskopik Hidrolik Silindir<\/h2>\n<p>En \u00fcst d\u00fczey Profesyonel 5 Kademeli \u00c7ok Kademeli Teleskopik Hidrolik Silindirimizi sunuyoruz. Bu son teknoloji hidrolik silindir, makine tamir at\u00f6lyeleri, \u00e7iftlikler, enerji ve madencilik ve imalat gibi \u00e7e\u015fitli sekt\u00f6rlerde yayg\u0131n kullan\u0131m i\u00e7in tasarlanm\u0131\u015ft\u0131r. Ola\u011fan\u00fcst\u00fc i\u015flevselli\u011fi, dayan\u0131kl\u0131l\u0131\u011f\u0131 ve verimlili\u011fiyle bilinen \u00f6nemli bir bile\u015fendir.<\/p>\n<h2>\u00dcr\u00fcn \u00d6zellikleri<\/h2>\n<table style=\"width: 102.74%;\" border=\"\">\n<tbody>\n<tr>\n<th style=\"width: 42.9185%;\">\u00dcr\u00fcn Ad\u0131<\/th>\n<td style=\"width: 357.94%;\">Teleskopik Silindir<\/td>\n<\/tr>\n<tr>\n<th style=\"width: 42.9185%;\">Sertifikasyon<\/th>\n<td style=\"width: 357.94%;\">ISO9001:2000<\/td>\n<\/tr>\n<tr>\n<th style=\"width: 42.9185%;\">Delik Boyutu<\/th>\n<td style=\"width: 357.94%;\">2-6 in\u00e7<\/td>\n<\/tr>\n<tr>\n<th style=\"width: 42.9185%;\">\u00c7ubuk Boyutu<\/th>\n<td style=\"width: 357.94%;\">1.125-4 in\u00e7<\/td>\n<\/tr>\n<tr>\n<th style=\"width: 42.9185%;\">Vuru\u015f Boyutu<\/th>\n<td style=\"width: 357.94%;\">4-100 in\u00e7<\/td>\n<\/tr>\n<tr>\n<th style=\"width: 42.9185%;\">Pin Boyutu<\/th>\n<td style=\"width: 357.94%;\">0,5-2 in\u00e7<\/td>\n<\/tr>\n<tr>\n<th style=\"width: 42.9185%;\">Limanlar<\/th>\n<td style=\"width: 357.94%;\">G\/SAE\/NPT\/M<\/td>\n<\/tr>\n<\/tbody>\n<\/table>\n<h2>Ay\u0131rt Edici \u00d6zellikler ve Avantajlar<\/h2>\n<ul>\n<li>Enerji verimlili\u011fi: Azalt\u0131lm\u0131\u015f enerji t\u00fcketimi.<\/li>\n<li>Y\u00fcksek Performans: Sorunsuz, verimli operasyonlar sa\u011flar.<\/li>\n<li>G\u00fcvenlik: Kullan\u0131c\u0131 g\u00fcvenli\u011fi d\u00fc\u015f\u00fcn\u00fclerek tasarlanm\u0131\u015ft\u0131r.<\/li>\n<\/ul>\n<h2>Hidrolik Sistemleri ve \u00c7al\u0131\u015fma Prensibini Anlamak<\/h2>\n<p>Hidrolik sistemler, kapal\u0131 bir ak\u0131\u015fkan\u0131n herhangi bir noktas\u0131ndaki bas\u0131n\u00e7 de\u011fi\u015fiminin, ak\u0131\u015fkan\u0131n di\u011fer t\u00fcm noktalar\u0131na kesintisiz olarak iletildi\u011fini belirten temel ak\u0131\u015fkan bas\u0131nc\u0131 prensibiyle \u00e7al\u0131\u015f\u0131r. Bu temel prensip, hidrolik enerjiyi mekanik enerjiye d\u00f6n\u00fc\u015ft\u00fcren akt\u00fcat\u00f6r g\u00f6revi g\u00f6ren hidrolik silindirlerin i\u015flevselli\u011finin temelini olu\u015fturur. Bas\u0131n\u00e7l\u0131 ak\u0131\u015fkan\u0131n g\u00fcc\u00fcnden yararlanan hidrolik sistemler, a\u011f\u0131r y\u00fckleri kald\u0131rmaktan \u00e7e\u015fitli end\u00fcstriyel uygulamalarda hassas hareketlere olanak sa\u011flamaya kadar \u00e7ok \u00e7e\u015fitli g\u00f6revleri ger\u00e7ekle\u015ftirmek i\u00e7in son derece verimli bir ara\u00e7 sa\u011flar.<\/p>\n<p><img loading=\"lazy\" decoding=\"async\" class=\"alignnone  wp-image-6661\" src=\"https:\/\/fmp-components.com\/wp-content\/uploads\/2025\/03\/telescopic-hydraulic-cylinder-10.webp\" alt=\"teleskopik hidrolik silindir\" width=\"896\" height=\"896\" title=\"\" srcset=\"https:\/\/fmp-components.com\/wp-content\/uploads\/2025\/03\/telescopic-hydraulic-cylinder-10.webp 896w, https:\/\/fmp-components.com\/wp-content\/uploads\/2025\/03\/telescopic-hydraulic-cylinder-10-480x480.webp 480w\" sizes=\"(min-width: 0px) and (max-width: 480px) 480px, (min-width: 481px) 896px, 100vw\" \/><\/p>\n<p>Hidrolik sistemlerin verimlili\u011fi b\u00fcy\u00fck \u00f6l\u00e7\u00fcde kullan\u0131lan ak\u0131\u015fkan\u0131n s\u0131k\u0131\u015ft\u0131r\u0131lamazl\u0131\u011f\u0131na ba\u011fl\u0131d\u0131r. Bir hidrolik ak\u0131\u015fkana bas\u0131n\u00e7 uyguland\u0131\u011f\u0131nda, ak\u0131\u015fkan sistem i\u00e7inde hareket ederek belirli eylemleri ger\u00e7ekle\u015ftirmek \u00fczere y\u00f6nlendirilebilen bir kuvvet olu\u015fturur. Bu kusursuz bas\u0131n\u00e7 aktar\u0131m\u0131, h\u0131zl\u0131 ve g\u00fc\u00e7l\u00fc hareketlere olanak tan\u0131r ve hidrolik sistemleri, minimum fiziksel eforla y\u00fcksek kuvvet \u00e7\u0131k\u0131\u015f\u0131 gerektiren g\u00f6revler i\u00e7in \u00f6zellikle etkili k\u0131lar. Bu bas\u0131nc\u0131 kontrol etme ve y\u00f6nlendirme yetene\u011fi, hidrolik silindirlerin bu kadar hassas ve g\u00fcvenilir bir \u015fekilde \u00e7al\u0131\u015fmas\u0131n\u0131 sa\u011flar.<\/p>\n<h2>Hidrolik Silindirler ve G\u00fc\u00e7 \u00dcniteleri<\/h2>\n<p>Hidrolik silindirler ve g\u00fc\u00e7 \u00fcniteleri, hidrolik sistemlerin vazge\u00e7ilmez bile\u015fenleridir. Bu bile\u015fenlerin sinerjisi, hidrolik teknolojisinin end\u00fcstriyel sekt\u00f6rde yayg\u0131n olarak uygulanmas\u0131 ve \u00e7e\u015fitli m\u00fchendislik ve mekanik ekipmanlara g\u00fcvenilir g\u00fc\u00e7 ve kontrol deste\u011fi sa\u011flanmas\u0131 a\u00e7\u0131s\u0131ndan hayati \u00f6nem ta\u015f\u0131r.<\/p>\n<p>Hidrolik silindir, hidrolik enerjiyi mekanik harekete d\u00f6n\u00fc\u015ft\u00fcrmekten sorumlu akt\u00fcat\u00f6r g\u00f6revi g\u00f6r\u00fcr. Bunu, bas\u0131nc\u0131 kuvvete d\u00f6n\u00fc\u015ft\u00fcrerek ger\u00e7ekle\u015ftirir ve silindirin nesneleri ola\u011fan\u00fcst\u00fc bir verimlilikle kald\u0131rmas\u0131n\u0131, itmesini veya \u00e7ekmesini sa\u011flar. Silindirin tasar\u0131m\u0131, farkl\u0131 strok uzunluklar\u0131na ve kuvvet \u00e7\u0131k\u0131\u015flar\u0131na olanak tan\u0131yarak, in\u015faat makinelerinden otomotiv kald\u0131r\u0131c\u0131lar\u0131na kadar bir\u00e7ok uygulamaya uyarlanabilir.<\/p>\n<p>\u00d6te yandan, g\u00fc\u00e7 \u00fcnitesi hidrolik sistemin kalbi olarak g\u00f6rev yapar. Hidrolik s\u0131v\u0131y\u0131 sistem i\u00e7inde hareket ettirmek i\u00e7in gereken enerjiyi \u00fcretir ve \u00e7al\u0131\u015fma i\u00e7in gerekli kontrol sinyallerini sa\u011flar. Genellikle bir motor, pompa, rezervuar ve kontrol valflerinden olu\u015fan g\u00fc\u00e7 \u00fcnitesi, hidrolik sistem i\u00e7inde tutarl\u0131 bas\u0131n\u00e7 ve ak\u0131\u015f h\u0131zlar\u0131n\u0131n sa\u011flanmas\u0131 i\u00e7in olmazsa olmazd\u0131r. Hidrolik silindir ve g\u00fc\u00e7 \u00fcnitesi aras\u0131ndaki koordinasyon hayati \u00f6nem ta\u015f\u0131r; hidrolik sistem ancak uyumlu bir \u015fekilde \u00e7al\u0131\u015farak etkili ve g\u00fcvenilir bir \u015fekilde \u00e7al\u0131\u015fabilir.<\/p>\n<p><img loading=\"lazy\" decoding=\"async\" class=\"alignnone  wp-image-6662\" src=\"https:\/\/fmp-components.com\/wp-content\/uploads\/2025\/03\/telescopic-hydraulic-cylinder-4.webp\" alt=\"teleskopik hidrolik silindir\" width=\"907\" height=\"907\" title=\"\" srcset=\"https:\/\/fmp-components.com\/wp-content\/uploads\/2025\/03\/telescopic-hydraulic-cylinder-4.webp 907w, https:\/\/fmp-components.com\/wp-content\/uploads\/2025\/03\/telescopic-hydraulic-cylinder-4-480x480.webp 480w\" sizes=\"(min-width: 0px) and (max-width: 480px) 480px, (min-width: 481px) 907px, 100vw\" \/><\/p>\n<p>FMP olarak, bu bile\u015fenlerin hidrolik uygulamalardaki \u00f6neminin fark\u0131nday\u0131z ve y\u00fcksek kaliteli g\u00fc\u00e7 \u00fcniteleri sunmaktan gurur duyuyoruz. Hem hidrolik silindirler hem de g\u00fc\u00e7 \u00fcniteleri sa\u011flayarak, m\u00fc\u015fterilerimizin verimli ve etkili hidrolik sistemler olu\u015fturmak i\u00e7in gerekli t\u00fcm unsurlara eri\u015febilmelerini sa\u011fl\u0131yoruz. Bu kapsaml\u0131 yakla\u015f\u0131m, \u00e7ok \u00e7e\u015fitli sekt\u00f6rleri desteklememizi ve i\u015fletmelerin g\u00fcvenilir hidrolik \u00e7\u00f6z\u00fcmlerle operasyonel kapasitelerini art\u0131rmalar\u0131n\u0131 sa\u011flamam\u0131z\u0131 m\u00fcmk\u00fcn k\u0131l\u0131yor.<\/p>\n<h2>SSS<\/h2>\n<dl>\n<dt>S: Siz bir ticaret \u015firketi misiniz yoksa \u00fcretici misiniz?<\/dt>\n<dd>A: Biz bir fabrikay\u0131z.<\/dd>\n<dt>S: Teslimat s\u00fcreniz ne kadard\u0131r?<\/dt>\n<dd>A: Genellikle 25-35 g\u00fcnd\u00fcr.<\/dd>\n<dt>S: Numune sa\u011fl\u0131yor musunuz? \u00dccretsiz mi yoksa ekstra m\u0131?<\/dt>\n<dd>C: Evet, numune sunabiliriz ancak \u00fccretsiz de\u011fil.<\/dd>\n<\/dl>\n<h3>FMP Hakk\u0131nda<\/h3>\n<p>FMP, en y\u00fcksek kalitede hidrolik silindirlerin tasar\u0131m\u0131, geli\u015ftirilmesi ve \u00fcretiminde uzmanla\u015fm\u0131\u015f, \u00f6nde gelen bir \u0130talyan \u00fcreticisidir. Onlarca y\u0131ll\u0131k uzmanl\u0131\u011f\u0131m\u0131zla olu\u015fturdu\u011fumuz miras\u0131m\u0131zla, \u0130talyan i\u015f\u00e7ili\u011fini en son teknolojiyle kusursuz bir \u015fekilde harmanlayarak, k\u00fcresel m\u00fc\u015fterilerimizin \u00e7e\u015fitli ihtiya\u00e7lar\u0131na \u00f6zel, ola\u011fan\u00fcst\u00fc hidrolik \u00e7\u00f6z\u00fcmler sunuyoruz. M\u00fchendislik m\u00fckemmelli\u011finin merkez \u00fcss\u00fc \u0130talya'da bulunan FMP, d\u00fcnya \u00e7ap\u0131ndaki i\u015fletmelere g\u00fc\u00e7 katan g\u00fcvenilir, dayan\u0131kl\u0131 ve yenilik\u00e7i \u00fcr\u00fcnler sunmaya kendini adam\u0131\u015f, hidrolik sekt\u00f6r\u00fcnde g\u00fcvenilir bir isim olarak kendini kan\u0131tlam\u0131\u015ft\u0131r.<\/p>\n<p>\u015eirketimiz, ileri \u00fcretim geleneklerini ileri g\u00f6r\u00fc\u015fl\u00fc bir yakla\u015f\u0131mla birle\u015ftiriyor. Hidrolik sistemlerdeki engin deneyiminden yararlanan FMP, ara\u015ft\u0131rma, tasar\u0131m ve \u00fcretimde m\u00fckemmellik g\u00f6steren modern bir kurulu\u015fa d\u00f6n\u00fc\u015fm\u00fc\u015ft\u00fcr. \u00c7ift etkili silindirler, otomotiv kald\u0131rma silindirleri, tar\u0131m makineleri silindirleri ve \u00e7e\u015fitli end\u00fcstriyel uygulamalar i\u00e7in \u00f6zel olarak tasarlanm\u0131\u015f \u00e7\u00f6z\u00fcmler de dahil olmak \u00fczere geni\u015f bir hidrolik silindir yelpazesi sunuyoruz. \u0130ster in\u015faat, ister end\u00fcstriyel tesisler, ister tar\u0131m veya a\u011f\u0131r makine olsun, hangi sekt\u00f6r olursa olsun, hidrolik silindirlerimiz en zorlu ko\u015fullarda bile g\u00fcvenlik, verimlilik ve uzun \u00f6m\u00fcr sa\u011flayacak \u015fekilde tasarlanm\u0131\u015ft\u0131r.<\/p>\n<p><img loading=\"lazy\" decoding=\"async\" class=\"alignnone size-full wp-image-6720\" src=\"https:\/\/fmp-components.com\/wp-content\/uploads\/2025\/03\/hydraulic-cylinder-8.webp\" alt=\"Teleskopik Hidrolik Silindirler\" width=\"933\" height=\"526\" title=\"\" srcset=\"https:\/\/fmp-components.com\/wp-content\/uploads\/2025\/03\/hydraulic-cylinder-8.webp 933w, https:\/\/fmp-components.com\/wp-content\/uploads\/2025\/03\/hydraulic-cylinder-8-480x271.webp 480w\" sizes=\"(min-width: 0px) and (max-width: 480px) 480px, (min-width: 481px) 933px, 100vw\" \/><\/p>\n<p>FMP olarak, hassas makineler ve geli\u015fmi\u015f test sistemleriyle donat\u0131lm\u0131\u015f son teknoloji \u00fcretim tesislerimizle gurur duyuyoruz. \u00dcretim s\u00fcre\u00e7lerimiz, \u00fcretti\u011fimiz her hidrolik silindirin en y\u00fcksek kalite ve g\u00fcvenilirlikte olmas\u0131n\u0131 sa\u011flayan s\u0131k\u0131 ulusal ve uluslararas\u0131 standartlar\u0131 kar\u015f\u0131lamaktad\u0131r. Son teknoloji ekipmanlarla bir araya gelen yetenekli teknik ekibimiz, hammadde se\u00e7iminden son kontrole kadar \u00fcretimin her a\u015famas\u0131nda s\u0131k\u0131 bir kalite kontrol\u00fc sa\u011flamam\u0131z\u0131 m\u00fcmk\u00fcn k\u0131lmaktad\u0131r. M\u00fckemmelli\u011fe olan bu ba\u011fl\u0131l\u0131\u011f\u0131m\u0131z, sekt\u00f6r otoritelerinden sertifikalar ve takdirler almam\u0131z\u0131 sa\u011flayarak, g\u00fcvenilir bir i\u015f orta\u011f\u0131 olarak itibar\u0131m\u0131z\u0131 daha da sa\u011flamla\u015ft\u0131rm\u0131\u015ft\u0131r.<\/p>\n<p>Misyonumuz hem basit hem de iddial\u0131d\u0131r: M\u00fc\u015fterilerimize performans, dayan\u0131kl\u0131l\u0131k ve de\u011fer a\u00e7\u0131s\u0131ndan beklentileri a\u015fan hidrolik silindirler sunmak. Profesyonellik, d\u00fcr\u00fcstl\u00fck ve m\u00fc\u015fteri odakl\u0131l\u0131k temel ilkeleriyle faaliyet g\u00f6steriyoruz. Yenilik\u00e7ilik ve hassasiyet k\u00fclt\u00fcr\u00fcn\u00fc benimseyerek, rekabet\u00e7i bir pazarda \u00f6ne \u00e7\u0131kmak i\u00e7in \u00fcr\u00fcnlerimizi s\u00fcrekli olarak geli\u015ftiriyoruz. Kapsaml\u0131 \u00fcr\u00fcn yelpazemiz ve ki\u015fiye \u00f6zel \u00e7\u00f6z\u00fcmler sunma becerimiz, bizi y\u00fcksek performansl\u0131 hidrolik silindirler arayan i\u015fletmeler i\u00e7in tercih edilen se\u00e7enek haline getiriyor.<\/p>\n<p>FMP, bir \u00fcreticiden \u00e7ok daha fazlas\u0131d\u0131r; ba\u015far\u0131n\u0131z\u0131n orta\u011f\u0131y\u0131z. M\u00fc\u015fterilerimizin, \u00fcretkenli\u011fi ve g\u00fcvenli\u011fi art\u0131ran ara\u00e7lar sa\u011flamam\u0131z i\u00e7in bize g\u00fcvendi\u011finin fark\u0131nday\u0131z. Bu nedenle, yaln\u0131zca birinci s\u0131n\u0131f \u00fcr\u00fcnler sunmaya de\u011fil, ayn\u0131 zamanda ola\u011fan\u00fcst\u00fc hizmet sunmaya da kararl\u0131y\u0131z. \u0130lk dan\u0131\u015fmanl\u0131ktan sat\u0131\u015f sonras\u0131 deste\u011fe kadar, ihtiya\u00e7lar\u0131n\u0131n profesyonellik ve \u00f6zenle kar\u015f\u0131lanmas\u0131n\u0131 sa\u011flamak i\u00e7in m\u00fc\u015fterilerimizle yak\u0131n bir \u015fekilde \u00e7al\u0131\u015f\u0131yoruz. Rekabet\u00e7i fiyatlar\u0131m\u0131z ve kaliteye olan sars\u0131lmaz ba\u011fl\u0131l\u0131\u011f\u0131m\u0131z, FMP'yi g\u00fcvenilir hidrolik \u00e7\u00f6z\u00fcmlere yat\u0131r\u0131m yapmak isteyen \u015firketler i\u00e7in ak\u0131ll\u0131 bir tercih haline getiriyor.<\/p>","protected":false},"excerpt":{"rendered":"<p>Professional 5 Stage Multi Stage Telescopic Hydraulic Cylinder Introducing our top-tier Professional 5 Stage Multi Stage Telescopic Hydraulic Cylinder. This state-of-the-art hydraulic cylinder is designed for extensive use across various industries, including machinery repair shops, farms, energy and mining, and manufacturing. It&#8217;s a crucial component known for its exceptional functionality, durability, and efficiency. Product Specifications [&hellip;]<\/p>","protected":false},"featured_media":6697,"comment_status":"closed","ping_status":"closed","template":"","meta":{"_et_pb_use_builder":"","_et_pb_old_content":"","_et_gb_content_width":""},"product_brand":[],"product_cat":[103],"product_tag":[34,105],"class_list":{"0":"post-6546","1":"product","2":"type-product","3":"status-publish","4":"has-post-thumbnail","6":"product_cat-telescopic-hydraulic-cylinders","7":"product_tag-hydraulic-cylinder","8":"product_tag-telescopic-hydraulic-cylinders","10":"first","11":"instock","12":"product-type-simple"},"_links":{"self":[{"href":"https:\/\/fmp-components.com\/tr\/wp-json\/wp\/v2\/product\/6546","targetHints":{"allow":["GET"]}}],"collection":[{"href":"https:\/\/fmp-components.com\/tr\/wp-json\/wp\/v2\/product"}],"about":[{"href":"https:\/\/fmp-components.com\/tr\/wp-json\/wp\/v2\/types\/product"}],"replies":[{"embeddable":true,"href":"https:\/\/fmp-components.com\/tr\/wp-json\/wp\/v2\/comments?post=6546"}],"wp:featuredmedia":[{"embeddable":true,"href":"https:\/\/fmp-components.com\/tr\/wp-json\/wp\/v2\/media\/6697"}],"wp:attachment":[{"href":"https:\/\/fmp-components.com\/tr\/wp-json\/wp\/v2\/media?parent=6546"}],"wp:term":[{"taxonomy":"product_brand","embeddable":true,"href":"https:\/\/fmp-components.com\/tr\/wp-json\/wp\/v2\/product_brand?post=6546"},{"taxonomy":"product_cat","embeddable":true,"href":"https:\/\/fmp-components.com\/tr\/wp-json\/wp\/v2\/product_cat?post=6546"},{"taxonomy":"product_tag","embeddable":true,"href":"https:\/\/fmp-components.com\/tr\/wp-json\/wp\/v2\/product_tag?post=6546"}],"curies":[{"name":"wp","href":"https:\/\/api.w.org\/{rel}","templated":true}]}}