{"id":6545,"date":"2025-03-11T06:28:19","date_gmt":"2025-03-11T06:28:19","guid":{"rendered":"https:\/\/fmp-components.com\/product\/chinese-factory-dump-truck-hydraulic-cylinders-multistage-hydraulic-cylinder-for-sale"},"modified":"2025-03-18T02:11:48","modified_gmt":"2025-03-18T02:11:48","slug":"italian-factory-dump-truck-hydraulic-cylinders-multistage-hydraulic-cylinder-for-sale","status":"publish","type":"product","link":"https:\/\/fmp-components.com\/tr\/product\/italian-factory-dump-truck-hydraulic-cylinders-multistage-hydraulic-cylinder-for-sale\/","title":{"rendered":"\u0130talyan Fabrika Damperli Kamyon Hidrolik Silindirleri \u00c7ok Kademeli Hidrolik Silindir Sat\u0131l\u0131k"},"content":{"rendered":"<h2>\u0130talyan Fabrika Damperli Kamyon Hidrolik Silindirleri \u00c7ok Kademeli Hidrolik Silindir Sat\u0131l\u0131k<\/h2>\n<p>Sizlere en \u00fcst d\u00fczey \u0130talyan Fabrika \u00dcretimi Damperli Kamyon Hidrolik Silindirleri \u00c7ok Kademeli Hidrolik Silindirimizi sunuyoruz. Uzman m\u00fchendislik \u00fcr\u00fcn\u00fc ve \u00e7ok y\u00f6nl\u00fc olan hidrolik silindirimiz, \u00e7e\u015fitli sekt\u00f6rlerin a\u011f\u0131r i\u015f gereksinimlerini kar\u015f\u0131lamak \u00fczere tasarlanm\u0131\u015ft\u0131r.<\/p>\n<h3>\u00d6zellikler ve \u0130\u015flevler<\/h3>\n<p>\u00c7ok kademeli hidrolik silindirimiz, makine tamir at\u00f6lyelerinde, \u00e7iftliklerde, enerji ve madencilik sekt\u00f6rlerinde, makine imalat\u0131nda ve makine fabrikalar\u0131nda vazge\u00e7ilmez bir rol oynamaktad\u0131r. Hidrolik tahrikli standart bir pistonlu silindir olup, sorunsuz ve verimli \u00e7al\u0131\u015fma sa\u011flar.<\/p>\n<p><img loading=\"lazy\" decoding=\"async\" class=\"alignnone wp-image-6658\" src=\"https:\/\/fmp-components.com\/wp-content\/uploads\/2025\/03\/telescopic-hydraulic-cylinder-6.webp\" alt=\"teleskopik hidrolik silindir\" width=\"929\" height=\"929\" title=\"\" srcset=\"https:\/\/fmp-components.com\/wp-content\/uploads\/2025\/03\/telescopic-hydraulic-cylinder-6.webp 929w, https:\/\/fmp-components.com\/wp-content\/uploads\/2025\/03\/telescopic-hydraulic-cylinder-6-480x480.webp 480w\" sizes=\"(min-width: 0px) and (max-width: 480px) 480px, (min-width: 481px) 929px, 100vw\" \/><\/p>\n<h3>Teknik \u00d6zellikler<\/h3>\n<p>Hidrolik silindirimiz a\u015fa\u011f\u0131daki \u00f6zelliklere sahiptir:<\/p>\n<table style=\"width: 101.731%; height: 112px;\" border=\"\">\n<tbody>\n<tr>\n<td colspan=\"\" rowspan=\"\"><i>Delik Boyutu<\/i><\/td>\n<td colspan=\"\" rowspan=\"\">2-6 in\u00e7<\/td>\n<\/tr>\n<tr>\n<td colspan=\"\" rowspan=\"\"><i>\u00c7ubuk Boyutu<\/i><\/td>\n<td colspan=\"\" rowspan=\"\">1.125-4 in\u00e7<\/td>\n<\/tr>\n<tr>\n<td colspan=\"\" rowspan=\"\"><i>Vuru\u015f Boyutu<\/i><\/td>\n<td colspan=\"\" rowspan=\"\">4-100 in\u00e7<\/td>\n<\/tr>\n<tr>\n<td colspan=\"\" rowspan=\"\"><i>Pin Boyutu<\/i><\/td>\n<td colspan=\"\" rowspan=\"\">0,5-2 in\u00e7<\/td>\n<\/tr>\n<tr>\n<td colspan=\"\" rowspan=\"\"><i>Limanlar<\/i><\/td>\n<td colspan=\"\" rowspan=\"\">G\/SAE\/NPT\/M<\/td>\n<\/tr>\n<\/tbody>\n<\/table>\n<h2>Benzersiz Avantajlar<\/h2>\n<h3>Enerji Verimli<\/h3>\n<p>Hidrolik silindirlerimiz enerji verimlili\u011fi g\u00f6z \u00f6n\u00fcnde bulundurularak tasarlanm\u0131\u015ft\u0131r. Hidrolik s\u0131v\u0131n\u0131n kullan\u0131m\u0131n\u0131 en \u00fcst d\u00fczeye \u00e7\u0131kararak \u00f6nemli bir kuvvet \u00fcretirken enerji t\u00fcketimini en aza indirirler. Bu, yaln\u0131zca i\u015fletme maliyetlerini d\u00fc\u015f\u00fcrmekle kalmaz, ayn\u0131 zamanda end\u00fcstriyel operasyonlarla ili\u015fkili karbon ayak izini azaltarak \u00e7evresel s\u00fcrd\u00fcr\u00fclebilirli\u011fe de katk\u0131da bulunur. Enerji kullan\u0131m\u0131n\u0131 optimize ederek, silindirlerimiz i\u015fletmelerin gereksiz israf olmadan operasyonel hedeflerine ula\u015fmalar\u0131n\u0131 sa\u011flar.<\/p>\n<h3>Son derece verimli<\/h3>\n<p>Enerji verimlili\u011finin yan\u0131 s\u0131ra, hidrolik silindirlerimiz y\u00fcksek performans verimlili\u011fi i\u00e7in tasarlanm\u0131\u015ft\u0131r. H\u0131zl\u0131 tepki s\u00fcreleri ve hassas kontrol sergileyerek, \u00e7ok \u00e7e\u015fitli uygulamalarda sorunsuz ve etkili \u00e7al\u0131\u015fma sa\u011flarlar. Bu verimlilik, g\u00f6revlerin daha h\u0131zl\u0131 ve daha do\u011fru bir \u015fekilde tamamlanabilmesi sayesinde artan \u00fcretkenli\u011fe d\u00f6n\u00fc\u015f\u00fcr. Hidrolik silindirlerimiz zorlu ko\u015fullar\u0131n \u00fcstesinden gelmek \u00fczere \u00fcretilmi\u015ftir ve en zorlu ortamlarda bile g\u00fcvenilir bir \u015fekilde performans g\u00f6stermelerini sa\u011flar.<\/p>\n<h3>G\u00fcvenli ve G\u00fcvenilir<\/h3>\n<p>End\u00fcstriyel uygulamalarda g\u00fcvenlik ve g\u00fcvenilirlik son derece \u00f6nemlidir ve hidrolik silindirlerimiz bu kritik standartlar\u0131 kar\u015f\u0131layacak \u015fekilde tasarlanm\u0131\u015ft\u0131r. Y\u00fcksek kaliteli malzemeler ve geli\u015fmi\u015f m\u00fchendislik teknikleri kullan\u0131larak \u00fcretilen silindirlerimiz, dayan\u0131kl\u0131l\u0131k ve uzun \u00f6m\u00fcrl\u00fcl\u00fck sa\u011flar. Ayr\u0131ca, her silindir y\u00fcksek bas\u0131n\u00e7lara ve a\u011f\u0131r y\u00fcklere ar\u0131zas\u0131z dayanabilmesini garanti etmek i\u00e7in titiz testlerden ge\u00e7irilir. G\u00fcvenli\u011fe olan bu ba\u011fl\u0131l\u0131\u011f\u0131m\u0131z, m\u00fc\u015fterilerimizin hidrolik \u00e7\u00f6z\u00fcmlerimizin g\u00fcvenilir bir \u015fekilde \u00e7al\u0131\u015faca\u011f\u0131ndan emin olarak makinelerini g\u00fcvenle \u00e7al\u0131\u015ft\u0131rabilecekleri anlam\u0131na gelir.<\/p>\n<p><img loading=\"lazy\" decoding=\"async\" class=\"alignnone wp-image-6657\" src=\"https:\/\/fmp-components.com\/wp-content\/uploads\/2025\/03\/telescopic-hydraulic-cylinder-3.webp\" alt=\"teleskopik hidrolik silindir\" width=\"904\" height=\"904\" title=\"\" srcset=\"https:\/\/fmp-components.com\/wp-content\/uploads\/2025\/03\/telescopic-hydraulic-cylinder-3.webp 904w, https:\/\/fmp-components.com\/wp-content\/uploads\/2025\/03\/telescopic-hydraulic-cylinder-3-480x480.webp 480w\" sizes=\"(min-width: 0px) and (max-width: 480px) 480px, (min-width: 481px) 904px, 100vw\" \/><\/p>\n<h2>Hidrolik Sistem ve \u00c7al\u0131\u015fma Prensibi<\/h2>\n<p>Hidrolik silindirimiz, s\u0131k\u0131\u015ft\u0131r\u0131lamaz, kapal\u0131 bir ak\u0131\u015fkan i\u00e7indeki bir noktadaki bas\u0131n\u00e7 de\u011fi\u015fiminin ak\u0131\u015fkan boyunca e\u015fit olarak iletildi\u011fini \u00f6ne s\u00fcren Pascal yasas\u0131 prensibiyle \u00e7al\u0131\u015f\u0131r. Bu temel prensip, hidrolik silindirin do\u011frusal hareket ve kuvveti etkili bir \u015fekilde \u00fcretmesini sa\u011flar. Hidrolik s\u0131v\u0131 bas\u0131n\u00e7land\u0131r\u0131ld\u0131\u011f\u0131nda, silindir i\u00e7indeki pistonu hareket ettiren bir kuvvet olu\u015fturur ve hidrolik enerjiyi mekanik harekete d\u00f6n\u00fc\u015ft\u00fcr\u00fcr. Bu verimli d\u00f6n\u00fc\u015f\u00fcm, g\u00fc\u00e7l\u00fc kald\u0131rma ve itme hareketlerine olanak tan\u0131yarak hidrolik sistemleri \u00e7e\u015fitli end\u00fcstrilerde yayg\u0131n olarak kullan\u0131labilir hale getirir.<\/p>\n<h2>Hidrolik Silindirler ve G\u00fc\u00e7 \u00dcniteleri<\/h2>\n<p>Hidrolik silindirler ve g\u00fc\u00e7 \u00fcniteleri, herhangi bir hidrolik sistemin ayr\u0131lmaz bile\u015fenleridir. Bu ikisinin sinerjisi, hidrolik teknolojisinin end\u00fcstriyel sekt\u00f6rde yayg\u0131n olarak uygulanmas\u0131 i\u00e7in hayati \u00f6nem ta\u015f\u0131r ve \u00e7e\u015fitli m\u00fchendislik ve mekanik ekipmanlar i\u00e7in g\u00fcvenilir g\u00fc\u00e7 ve kontrol deste\u011fi sa\u011flar.<\/p>\n<p>Hidrolik silindir, hidrolik enerjiyi mekanik harekete d\u00f6n\u00fc\u015ft\u00fcrmekten sorumlu akt\u00fcat\u00f6r g\u00f6revi g\u00f6r\u00fcr. A\u011f\u0131r y\u00fcklerin kald\u0131r\u0131lmas\u0131ndan makinelerdeki hassas hareketlere kadar \u00e7e\u015fitli g\u00f6revleri yerine getirmek \u00fczere tasarlanm\u0131\u015ft\u0131r. \u00d6te yandan, g\u00fc\u00e7 \u00fcnitesi hidrolik sistemin kalbi olarak g\u00f6rev yapar, hidrolik s\u0131v\u0131y\u0131 hareket ettirmek i\u00e7in gerekli enerjiyi \u00fcretir ve sistemin verimli \u00e7al\u0131\u015fmas\u0131n\u0131 sa\u011flar.<\/p>\n<p>FMP olarak, bu bile\u015fenlerin \u00f6nemini biliyoruz ve y\u00fcksek kaliteli g\u00fc\u00e7 \u00fcnitelerini sat\u0131\u015fa sunmaktan gurur duyuyoruz. Hem hidrolik silindirler hem de g\u00fc\u00e7 \u00fcniteleri sa\u011flayarak, m\u00fc\u015fterilerimizin operasyonel yeteneklerini art\u0131ran tamamen entegre hidrolik sistemler olu\u015fturmalar\u0131n\u0131 sa\u011fl\u0131yoruz. Bu kapsaml\u0131 yakla\u015f\u0131m, i\u015fletmelerin hidrolik teknolojisinin avantajlar\u0131ndan yararlanmalar\u0131n\u0131, operasyonlar\u0131nda verimlilik, g\u00fcvenlik ve performans sa\u011flamalar\u0131n\u0131 m\u00fcmk\u00fcn k\u0131l\u0131yor.<\/p>\n<p><img loading=\"lazy\" decoding=\"async\" class=\"alignnone wp-image-6656\" src=\"https:\/\/fmp-components.com\/wp-content\/uploads\/2025\/03\/telescopic-hydraulic-cylinder-5.webp\" alt=\"teleskopik hidrolik silindir\" width=\"895\" height=\"895\" title=\"\" srcset=\"https:\/\/fmp-components.com\/wp-content\/uploads\/2025\/03\/telescopic-hydraulic-cylinder-5.webp 895w, https:\/\/fmp-components.com\/wp-content\/uploads\/2025\/03\/telescopic-hydraulic-cylinder-5-480x480.webp 480w\" sizes=\"(min-width: 0px) and (max-width: 480px) 480px, (min-width: 481px) 895px, 100vw\" \/><\/p>\n<h2>S\u0131k\u00e7a Sorulan Sorular<\/h2>\n<p>S: Siz bir ticaret \u015firketi misiniz yoksa \u00fcretici misiniz?<br \/>\nA: Biz \u00fcreticiyiz.<br \/>\n<img alt=\"\" \/><br \/>\nS: Teslimat s\u00fcreniz nedir?<br \/>\nA: Genellikle 25-35 g\u00fcnd\u00fcr.<br \/>\nS: Numune sa\u011fl\u0131yor musunuz? \u00dccretsiz mi yoksa ekstra m\u0131?<br \/>\nC: Evet, numune sunuyoruz ancak \u00fccretsiz de\u011fil.<\/p>\n<h3>FMP Hakk\u0131nda<\/h3>\n<p>FMP, en y\u00fcksek kalitede hidrolik silindirlerin tasar\u0131m\u0131, geli\u015ftirilmesi ve \u00fcretiminde uzmanla\u015fm\u0131\u015f, \u00f6nde gelen bir \u0130talyan \u00fcreticisidir. Onlarca y\u0131ll\u0131k uzmanl\u0131\u011f\u0131m\u0131zla olu\u015fturdu\u011fumuz miras\u0131m\u0131zla, \u0130talyan i\u015f\u00e7ili\u011fini en son teknolojiyle kusursuz bir \u015fekilde harmanlayarak, k\u00fcresel m\u00fc\u015fterilerimizin \u00e7e\u015fitli ihtiya\u00e7lar\u0131na \u00f6zel, ola\u011fan\u00fcst\u00fc hidrolik \u00e7\u00f6z\u00fcmler sunuyoruz. M\u00fchendislik m\u00fckemmelli\u011finin merkez \u00fcss\u00fc \u0130talya'da bulunan FMP, d\u00fcnya \u00e7ap\u0131ndaki i\u015fletmelere g\u00fc\u00e7 katan g\u00fcvenilir, dayan\u0131kl\u0131 ve yenilik\u00e7i \u00fcr\u00fcnler sunmaya kendini adam\u0131\u015f, hidrolik sekt\u00f6r\u00fcnde g\u00fcvenilir bir isim olarak kendini kan\u0131tlam\u0131\u015ft\u0131r.<\/p>\n<p>\u015eirketimiz, ileri \u00fcretim geleneklerini ileri g\u00f6r\u00fc\u015fl\u00fc bir yakla\u015f\u0131mla birle\u015ftiriyor. Hidrolik sistemlerdeki engin deneyiminden yararlanan FMP, ara\u015ft\u0131rma, tasar\u0131m ve \u00fcretimde m\u00fckemmellik g\u00f6steren modern bir kurulu\u015fa d\u00f6n\u00fc\u015fm\u00fc\u015ft\u00fcr. \u00c7ift etkili silindirler, otomotiv kald\u0131rma silindirleri, tar\u0131m makineleri silindirleri ve \u00e7e\u015fitli end\u00fcstriyel uygulamalar i\u00e7in \u00f6zel olarak tasarlanm\u0131\u015f \u00e7\u00f6z\u00fcmler de dahil olmak \u00fczere geni\u015f bir hidrolik silindir yelpazesi sunuyoruz. \u0130ster in\u015faat, ister end\u00fcstriyel tesisler, ister tar\u0131m veya a\u011f\u0131r makine olsun, hangi sekt\u00f6r olursa olsun, hidrolik silindirlerimiz en zorlu ko\u015fullarda bile g\u00fcvenlik, verimlilik ve uzun \u00f6m\u00fcr sa\u011flayacak \u015fekilde tasarlanm\u0131\u015ft\u0131r.<\/p>\n<p><img loading=\"lazy\" decoding=\"async\" class=\"alignnone size-full wp-image-6720\" src=\"https:\/\/fmp-components.com\/wp-content\/uploads\/2025\/03\/hydraulic-cylinder-8.webp\" alt=\"Teleskopik Hidrolik Silindirler\" width=\"933\" height=\"526\" title=\"\" srcset=\"https:\/\/fmp-components.com\/wp-content\/uploads\/2025\/03\/hydraulic-cylinder-8.webp 933w, https:\/\/fmp-components.com\/wp-content\/uploads\/2025\/03\/hydraulic-cylinder-8-480x271.webp 480w\" sizes=\"(min-width: 0px) and (max-width: 480px) 480px, (min-width: 481px) 933px, 100vw\" \/><\/p>\n<p>FMP olarak, hassas makineler ve geli\u015fmi\u015f test sistemleriyle donat\u0131lm\u0131\u015f son teknoloji \u00fcretim tesislerimizle gurur duyuyoruz. \u00dcretim s\u00fcre\u00e7lerimiz, \u00fcretti\u011fimiz her hidrolik silindirin en y\u00fcksek kalite ve g\u00fcvenilirlikte olmas\u0131n\u0131 sa\u011flayan s\u0131k\u0131 ulusal ve uluslararas\u0131 standartlar\u0131 kar\u015f\u0131lamaktad\u0131r. Son teknoloji ekipmanlarla bir araya gelen yetenekli teknik ekibimiz, hammadde se\u00e7iminden son kontrole kadar \u00fcretimin her a\u015famas\u0131nda s\u0131k\u0131 bir kalite kontrol\u00fc sa\u011flamam\u0131z\u0131 m\u00fcmk\u00fcn k\u0131lmaktad\u0131r. M\u00fckemmelli\u011fe olan bu ba\u011fl\u0131l\u0131\u011f\u0131m\u0131z, sekt\u00f6r otoritelerinden sertifikalar ve takdirler almam\u0131z\u0131 sa\u011flayarak, g\u00fcvenilir bir i\u015f orta\u011f\u0131 olarak itibar\u0131m\u0131z\u0131 daha da sa\u011flamla\u015ft\u0131rm\u0131\u015ft\u0131r.<\/p>\n<p>Misyonumuz hem basit hem de iddial\u0131d\u0131r: M\u00fc\u015fterilerimize performans, dayan\u0131kl\u0131l\u0131k ve de\u011fer a\u00e7\u0131s\u0131ndan beklentileri a\u015fan hidrolik silindirler sunmak. Profesyonellik, d\u00fcr\u00fcstl\u00fck ve m\u00fc\u015fteri odakl\u0131l\u0131k temel ilkeleriyle faaliyet g\u00f6steriyoruz. Yenilik\u00e7ilik ve hassasiyet k\u00fclt\u00fcr\u00fcn\u00fc benimseyerek, rekabet\u00e7i bir pazarda \u00f6ne \u00e7\u0131kmak i\u00e7in \u00fcr\u00fcnlerimizi s\u00fcrekli olarak geli\u015ftiriyoruz. Kapsaml\u0131 \u00fcr\u00fcn yelpazemiz ve ki\u015fiye \u00f6zel \u00e7\u00f6z\u00fcmler sunma becerimiz, bizi y\u00fcksek performansl\u0131 hidrolik silindirler arayan i\u015fletmeler i\u00e7in tercih edilen se\u00e7enek haline getiriyor.<\/p>\n<p>FMP, bir \u00fcreticiden \u00e7ok daha fazlas\u0131d\u0131r; ba\u015far\u0131n\u0131z\u0131n orta\u011f\u0131y\u0131z. M\u00fc\u015fterilerimizin, \u00fcretkenli\u011fi ve g\u00fcvenli\u011fi art\u0131ran ara\u00e7lar sa\u011flamam\u0131z i\u00e7in bize g\u00fcvendi\u011finin fark\u0131nday\u0131z. Bu nedenle, yaln\u0131zca birinci s\u0131n\u0131f \u00fcr\u00fcnler sunmaya de\u011fil, ayn\u0131 zamanda ola\u011fan\u00fcst\u00fc hizmet sunmaya da kararl\u0131y\u0131z. \u0130lk dan\u0131\u015fmanl\u0131ktan sat\u0131\u015f sonras\u0131 deste\u011fe kadar, ihtiya\u00e7lar\u0131n\u0131n profesyonellik ve \u00f6zenle kar\u015f\u0131lanmas\u0131n\u0131 sa\u011flamak i\u00e7in m\u00fc\u015fterilerimizle yak\u0131n bir \u015fekilde \u00e7al\u0131\u015f\u0131yoruz. Rekabet\u00e7i fiyatlar\u0131m\u0131z ve kaliteye olan sars\u0131lmaz ba\u011fl\u0131l\u0131\u011f\u0131m\u0131z, FMP'yi g\u00fcvenilir hidrolik \u00e7\u00f6z\u00fcmlere yat\u0131r\u0131m yapmak isteyen \u015firketler i\u00e7in ak\u0131ll\u0131 bir tercih haline getiriyor.<\/p>","protected":false},"excerpt":{"rendered":"<p>Italian Factory Dump Truck Hydraulic Cylinders Multistage Hydraulic Cylinder For Sale We present to you our top-of-the-line, Italian Factory Dump Truck Hydraulic Cylinders Multistage Hydraulic Cylinder. Expertly engineered and versatile, our hydraulic cylinder is designed to meet the heavy-duty demands of various industries. Features and Functions Our multistage hydraulic cylinder plays an indispensable role in [&hellip;]<\/p>","protected":false},"featured_media":6699,"comment_status":"closed","ping_status":"closed","template":"","meta":{"_et_pb_use_builder":"","_et_pb_old_content":"","_et_gb_content_width":""},"product_brand":[],"product_cat":[103],"product_tag":[34,105],"class_list":{"0":"post-6545","1":"product","2":"type-product","3":"status-publish","4":"has-post-thumbnail","6":"product_cat-telescopic-hydraulic-cylinders","7":"product_tag-hydraulic-cylinder","8":"product_tag-telescopic-hydraulic-cylinders","10":"first","11":"instock","12":"product-type-simple"},"_links":{"self":[{"href":"https:\/\/fmp-components.com\/tr\/wp-json\/wp\/v2\/product\/6545","targetHints":{"allow":["GET"]}}],"collection":[{"href":"https:\/\/fmp-components.com\/tr\/wp-json\/wp\/v2\/product"}],"about":[{"href":"https:\/\/fmp-components.com\/tr\/wp-json\/wp\/v2\/types\/product"}],"replies":[{"embeddable":true,"href":"https:\/\/fmp-components.com\/tr\/wp-json\/wp\/v2\/comments?post=6545"}],"wp:featuredmedia":[{"embeddable":true,"href":"https:\/\/fmp-components.com\/tr\/wp-json\/wp\/v2\/media\/6699"}],"wp:attachment":[{"href":"https:\/\/fmp-components.com\/tr\/wp-json\/wp\/v2\/media?parent=6545"}],"wp:term":[{"taxonomy":"product_brand","embeddable":true,"href":"https:\/\/fmp-components.com\/tr\/wp-json\/wp\/v2\/product_brand?post=6545"},{"taxonomy":"product_cat","embeddable":true,"href":"https:\/\/fmp-components.com\/tr\/wp-json\/wp\/v2\/product_cat?post=6545"},{"taxonomy":"product_tag","embeddable":true,"href":"https:\/\/fmp-components.com\/tr\/wp-json\/wp\/v2\/product_tag?post=6545"}],"curies":[{"name":"wp","href":"https:\/\/api.w.org\/{rel}","templated":true}]}}