{"id":6541,"date":"2025-03-11T06:28:19","date_gmt":"2025-03-11T06:28:19","guid":{"rendered":"https:\/\/fmp-components.com\/product\/effective-3-stage-multistage-telescopic-hydraulic-cylinder-for-sale"},"modified":"2025-03-12T06:48:32","modified_gmt":"2025-03-12T06:48:32","slug":"effective-3-stage-multistage-telescopic-hydraulic-cylinder-for-sale","status":"publish","type":"product","link":"https:\/\/fmp-components.com\/tr\/product\/effective-3-stage-multistage-telescopic-hydraulic-cylinder-for-sale\/","title":{"rendered":"Sat\u0131l\u0131k Etkili 3 Kademeli \u00c7ok Kademeli Teleskopik Hidrolik Silindir"},"content":{"rendered":"<h2>Sat\u0131l\u0131k Etkili 3 Kademeli \u00c7ok Kademeli Teleskopik Hidrolik Silindir<\/h2>\n<p>FMP, Makine Tamir At\u00f6lyeleri, \u00c7iftlikler, Enerji ve Madencilik, Makine \u0130malat\u0131 ve Makine Fabrikalar\u0131 gibi \u00e7e\u015fitli sekt\u00f6rlere uygun, etkili 3 kademeli \u00e7ok kademeli teleskopik hidrolik silindirini sunar. Hidrolik silindir, y\u00fcksek verimlili\u011fi, g\u00fcvenli\u011fi ve enerji tasarrufu \u00f6zellikleriyle tan\u0131n\u0131r.<\/p>\n<h3>\u00dcr\u00fcn \u00d6zellikleri<\/h3>\n<p>\u00dcr\u00fcn 1 y\u0131l garantilidir ve 38 kg a\u011f\u0131rl\u0131\u011f\u0131ndad\u0131r. Ana bile\u015fenleri bir Rulman ve Hidrolik Silindir'dir. Hidrolik silindir, \u00e7elik g\u00f6vdeli, hidrolik g\u00fc\u00e7le \u00e7al\u0131\u015fan standart bir piston silindiridir. Maksimum 3000 itme g\u00fcc\u00fcne ve maksimum 20 ton \u00e7ekme kapasitesine sahiptir.<\/p>\n<table style=\"width: 97.7932%;\" border=\"\">\n<tbody>\n<tr>\n<td style=\"width: 43.5028%;\"><b>Delik Boyutu<\/b><\/td>\n<td style=\"width: 473.446%;\">2-6 in\u00e7<\/td>\n<\/tr>\n<tr>\n<td style=\"width: 43.5028%;\"><b>\u00c7ubuk Boyutu<\/b><\/td>\n<td style=\"width: 473.446%;\">1.125-4 in\u00e7<\/td>\n<\/tr>\n<tr>\n<td style=\"width: 43.5028%;\"><b>Vuru\u015f Boyutu<\/b><\/td>\n<td style=\"width: 473.446%;\">4-100 in\u00e7<\/td>\n<\/tr>\n<tr>\n<td style=\"width: 43.5028%;\"><b>Pin Boyutu<\/b><\/td>\n<td style=\"width: 473.446%;\">0,5-2 in\u00e7<\/td>\n<\/tr>\n<tr>\n<td style=\"width: 43.5028%;\"><b>Limanlar<\/b><\/td>\n<td style=\"width: 473.446%;\">G\/SAE\/NPT\/M<\/td>\n<\/tr>\n<\/tbody>\n<\/table>\n<h3>Benzersiz \u00d6zellikler ve Avantajlar<\/h3>\n<p>Bu \u00e7ok kademeli hidrolik silindir, enerji verimlili\u011fi, y\u00fcksek performans ve g\u00fcvenlik gibi benzersiz \u00f6zellikler ve avantajlar sunar. \u00c7ok y\u00f6nl\u00fcl\u00fc\u011f\u00fc, \u00e7e\u015fitli uygulama ve end\u00fcstrilerde kullan\u0131lmas\u0131n\u0131 sa\u011flar.<\/p>\n<p><img loading=\"lazy\" decoding=\"async\" class=\"alignnone  wp-image-6662\" src=\"https:\/\/fmp-components.com\/wp-content\/uploads\/2025\/03\/telescopic-hydraulic-cylinder-4.webp\" alt=\"teleskopik hidrolik silindir\" width=\"920\" height=\"920\" title=\"\" srcset=\"https:\/\/fmp-components.com\/wp-content\/uploads\/2025\/03\/telescopic-hydraulic-cylinder-4.webp 920w, https:\/\/fmp-components.com\/wp-content\/uploads\/2025\/03\/telescopic-hydraulic-cylinder-4-480x480.webp 480w\" sizes=\"(min-width: 0px) and (max-width: 480px) 480px, (min-width: 481px) 920px, 100vw\" \/><\/p>\n<h3>Hidrolik Sistemler ve \u00c7al\u0131\u015fma Prensibi<\/h3>\n<p>Hidrolik silindir, hidrolik enerjinin mekanik harekete d\u00f6n\u00fc\u015ft\u00fcr\u00fclmesi prensibiyle \u00e7al\u0131\u015f\u0131r. Bu d\u00f6n\u00fc\u015f\u00fcm, hidrolik silindir ve g\u00fc\u00e7 \u00fcnitelerinin i\u015f birli\u011fiyle sa\u011flan\u0131r.<\/p>\n<h3>Uygulamalar<\/h3>\n<p>\u00c7ok kademeli hidrolik silindir, \u00e7e\u015fitli end\u00fcstrilerde uygulama alan\u0131 bulmakta olup \u00f6zellikle makine tamir at\u00f6lyelerinde, \u00e7iftliklerde, enerji ve madencilikte, makine imalat\u0131nda ve makine fabrikalar\u0131nda olduk\u00e7a kullan\u0131\u015fl\u0131d\u0131r.<\/p>\n<h2>Hidrolik Silindirler ve G\u00fc\u00e7 \u00dcniteleri<\/h2>\n<p>Hidrolik silindir ve g\u00fc\u00e7 \u00fcnitesi, hidrolik sistemin vazge\u00e7ilmez bile\u015fenleridir. Sinerjik \u00e7al\u0131\u015fmalar\u0131, hidrolik teknolojisinin \u00e7e\u015fitli end\u00fcstrilerde yayg\u0131n olarak uygulanmas\u0131n\u0131 sa\u011flayarak, \u00e7e\u015fitli m\u00fchendislik ve makine ekipmanlar\u0131na g\u00fcvenilir g\u00fc\u00e7 ve kontrol deste\u011fi sa\u011flar.<\/p>\n<h2>SSS<\/h2>\n<p><b>S: Siz bir ticaret \u015firketi misiniz yoksa \u00fcretici misiniz?<\/b><br \/>\nA: Biz bir fabrikay\u0131z.<\/p>\n<p><b>S: Teslimat s\u00fcreniz ne kadard\u0131r?<\/b><br \/>\nA: Genellikle 25-35 g\u00fcnd\u00fcr.<\/p>\n<p><b>S: Numune sa\u011fl\u0131yor musunuz? \u00dccretsiz mi, yoksa ek \u00fccrete tabi mi?<\/b><br \/>\nC: Evet, numune sunabiliriz ancak \u00fccretsiz de\u011fil.<\/p>\n<h3>FMP Hakk\u0131nda<\/h3>\n<p>FMP, y\u00fcksek kaliteli hidrolik silindirlerin tasar\u0131m\u0131, geli\u015ftirilmesi ve \u00fcretiminde uzmanla\u015fm\u0131\u015f, \u00f6nde gelen bir \u0130talyan \u00fcreticisidir. Onlarca y\u0131ll\u0131k uzmanl\u0131\u011f\u0131m\u0131zla, geleneksel \u0130talyan i\u015f\u00e7ili\u011fini en son teknolojiyle harmanlayarak, k\u00fcresel m\u00fc\u015fterilerimizin \u00e7e\u015fitli ihtiya\u00e7lar\u0131n\u0131 kar\u015f\u0131layan ola\u011fan\u00fcst\u00fc hidrolik \u00e7\u00f6z\u00fcmler sunuyoruz. Merkezi \u0130talya'da bulunan ve m\u00fchendislikte m\u00fckemmelli\u011fin merkezi olan FMP, d\u00fcnya \u00e7ap\u0131ndaki i\u015fletmelere g\u00fc\u00e7 katan g\u00fcvenilir, dayan\u0131kl\u0131 ve yenilik\u00e7i \u00fcr\u00fcnler sunmaya kendini adam\u0131\u015f, hidrolik sekt\u00f6r\u00fcnde g\u00fcvenilir bir isim olarak kendini kan\u0131tlam\u0131\u015ft\u0131r.<\/p>\n<p>\u015eirketimiz, ileri \u00fcretim geleneklerini ileri g\u00f6r\u00fc\u015fl\u00fc bir yakla\u015f\u0131mla harmanlamaktad\u0131r. Hidrolik sistemlerdeki uzun y\u0131llara dayanan deneyiminden yararlanan FMP, ara\u015ft\u0131rma, tasar\u0131m ve \u00fcretimde m\u00fckemmellik g\u00f6steren modern bir kurulu\u015fa d\u00f6n\u00fc\u015fm\u00fc\u015ft\u00fcr. \u00c7ift etkili silindirler, otomotiv kald\u0131rma silindirleri, tar\u0131m makineleri silindirleri ve \u00e7e\u015fitli end\u00fcstriyel uygulamalar i\u00e7in \u00f6zel olarak tasarlanm\u0131\u015f \u00e7\u00f6z\u00fcmler de dahil olmak \u00fczere geni\u015f bir hidrolik silindir yelpazesi sunuyoruz. \u0130ster in\u015faat, ister end\u00fcstriyel tesisler, ister tar\u0131m veya a\u011f\u0131r makineler olsun, hidrolik silindirlerimiz en zorlu ko\u015fullarda bile g\u00fcvenlik, verimlilik ve uzun \u00f6m\u00fcr sa\u011flayacak \u015fekilde tasarlanm\u0131\u015ft\u0131r.<\/p>\n<p><img loading=\"lazy\" decoding=\"async\" class=\"alignnone size-full wp-image-6720\" src=\"https:\/\/fmp-components.com\/wp-content\/uploads\/2025\/03\/hydraulic-cylinder-8.webp\" alt=\"Teleskopik Hidrolik Silindirler\" width=\"933\" height=\"526\" title=\"\" srcset=\"https:\/\/fmp-components.com\/wp-content\/uploads\/2025\/03\/hydraulic-cylinder-8.webp 933w, https:\/\/fmp-components.com\/wp-content\/uploads\/2025\/03\/hydraulic-cylinder-8-480x271.webp 480w\" sizes=\"(min-width: 0px) and (max-width: 480px) 480px, (min-width: 481px) 933px, 100vw\" \/><\/p>\n<p>FMP olarak, hassas makineler ve geli\u015fmi\u015f test sistemleriyle donat\u0131lm\u0131\u015f son teknoloji \u00fcretim tesislerimizle gurur duyuyoruz. \u00dcretim s\u00fcre\u00e7lerimiz, s\u0131k\u0131 ulusal ve uluslararas\u0131 standartlara uygun olup, \u00fcretilen her hidrolik silindirin en y\u00fcksek kalite ve g\u00fcvenilirlik standartlar\u0131n\u0131 kar\u015f\u0131lamas\u0131n\u0131 garanti eder. Son teknoloji ekipmanlarla bir araya gelen yetenekli teknik ekibimiz, hammadde se\u00e7iminden son kontrole kadar \u00fcretimin her a\u015famas\u0131nda s\u0131k\u0131 bir kalite kontrol\u00fc sa\u011flamam\u0131z\u0131 m\u00fcmk\u00fcn k\u0131lar. M\u00fckemmelli\u011fe olan bu ba\u011fl\u0131l\u0131\u011f\u0131m\u0131z, sekt\u00f6r otoritelerinden sertifikalar ve takdirler almam\u0131z\u0131 sa\u011flayarak g\u00fcvenilir bir i\u015f orta\u011f\u0131 olarak itibar\u0131m\u0131z\u0131 peki\u015ftirmi\u015ftir.<\/p>\n<p>Misyonumuz hem basit hem de iddial\u0131: M\u00fc\u015fterilerimize performans, dayan\u0131kl\u0131l\u0131k ve de\u011fer a\u00e7\u0131s\u0131ndan beklentileri a\u015fan hidrolik silindirler sunmak. Profesyonellik, d\u00fcr\u00fcstl\u00fck ve m\u00fc\u015fteri odakl\u0131l\u0131k ilkeleriyle \u00e7al\u0131\u015f\u0131yoruz. Yenilik\u00e7ilik ve hassasiyet k\u00fclt\u00fcr\u00fcn\u00fc besleyerek, rekabet\u00e7i bir pazarda \u00f6ne \u00e7\u0131kmak i\u00e7in \u00fcr\u00fcnlerimizi s\u00fcrekli olarak geli\u015ftiriyoruz. Geni\u015f \u00fcr\u00fcn yelpazemiz ve ki\u015fiye \u00f6zel \u00e7\u00f6z\u00fcmler sunma becerimiz, bizi y\u00fcksek performansl\u0131 hidrolik silindir arayan i\u015fletmeler i\u00e7in tercih edilen se\u00e7enek haline getiriyor.<\/p>\n<p>FMP, bir \u00fcreticiden \u00e7ok daha fazlas\u0131d\u0131r; ba\u015far\u0131n\u0131z\u0131n orta\u011f\u0131y\u0131z. M\u00fc\u015fterilerimizin \u00fcretkenliklerini ve g\u00fcvenliklerini art\u0131ran ara\u00e7lar sunmam\u0131z i\u00e7in bize g\u00fcvendi\u011finin bilincindeyiz. Bu nedenle, yaln\u0131zca birinci s\u0131n\u0131f \u00fcr\u00fcnler sunmakla kalmay\u0131p ayn\u0131 zamanda ola\u011fan\u00fcst\u00fc hizmet de sunmaya kendimizi adad\u0131k. \u0130lk dan\u0131\u015fmanl\u0131ktan sat\u0131\u015f sonras\u0131 deste\u011fe kadar, m\u00fc\u015fterilerimizin ihtiya\u00e7lar\u0131n\u0131n profesyonellik ve \u00f6zenle kar\u015f\u0131lanmas\u0131n\u0131 sa\u011flamak i\u00e7in m\u00fc\u015fterilerimizle yak\u0131n i\u015f birli\u011fi i\u00e7indeyiz. Rekabet\u00e7i fiyatlar\u0131m\u0131z ve kaliteye olan sars\u0131lmaz ba\u011fl\u0131l\u0131\u011f\u0131m\u0131z, FMP'yi g\u00fcvenilir hidrolik \u00e7\u00f6z\u00fcmlere yat\u0131r\u0131m yapmak isteyen \u015firketler i\u00e7in ak\u0131ll\u0131 bir tercih haline getiriyor.<\/p>","protected":false},"excerpt":{"rendered":"<p>Effective 3 Stage Multistage Telescopic Hydraulic Cylinder For Sale FMP presents its effective 3-stage multistage telescopic hydraulic cylinder that is suitable for diverse industries such as Machinery Repair Shops, Farms, Energy &amp; Mining, Machinery manufacturing, and Machinery Factory. The hydraulic cylinder is recognized for its high efficiency, safety, and energy-saving features. Product Specifications The product [&hellip;]<\/p>","protected":false},"featured_media":6753,"comment_status":"closed","ping_status":"closed","template":"","meta":{"_et_pb_use_builder":"","_et_pb_old_content":"","_et_gb_content_width":""},"product_brand":[],"product_cat":[103],"product_tag":[34,105],"class_list":{"0":"post-6541","1":"product","2":"type-product","3":"status-publish","4":"has-post-thumbnail","6":"product_cat-telescopic-hydraulic-cylinders","7":"product_tag-hydraulic-cylinder","8":"product_tag-telescopic-hydraulic-cylinders","10":"first","11":"instock","12":"product-type-simple"},"_links":{"self":[{"href":"https:\/\/fmp-components.com\/tr\/wp-json\/wp\/v2\/product\/6541","targetHints":{"allow":["GET"]}}],"collection":[{"href":"https:\/\/fmp-components.com\/tr\/wp-json\/wp\/v2\/product"}],"about":[{"href":"https:\/\/fmp-components.com\/tr\/wp-json\/wp\/v2\/types\/product"}],"replies":[{"embeddable":true,"href":"https:\/\/fmp-components.com\/tr\/wp-json\/wp\/v2\/comments?post=6541"}],"wp:featuredmedia":[{"embeddable":true,"href":"https:\/\/fmp-components.com\/tr\/wp-json\/wp\/v2\/media\/6753"}],"wp:attachment":[{"href":"https:\/\/fmp-components.com\/tr\/wp-json\/wp\/v2\/media?parent=6541"}],"wp:term":[{"taxonomy":"product_brand","embeddable":true,"href":"https:\/\/fmp-components.com\/tr\/wp-json\/wp\/v2\/product_brand?post=6541"},{"taxonomy":"product_cat","embeddable":true,"href":"https:\/\/fmp-components.com\/tr\/wp-json\/wp\/v2\/product_cat?post=6541"},{"taxonomy":"product_tag","embeddable":true,"href":"https:\/\/fmp-components.com\/tr\/wp-json\/wp\/v2\/product_tag?post=6541"}],"curies":[{"name":"wp","href":"https:\/\/api.w.org\/{rel}","templated":true}]}}