{"id":6539,"date":"2025-03-11T06:28:19","date_gmt":"2025-03-11T06:28:19","guid":{"rendered":"https:\/\/fmp-components.com\/product\/professional-craftsmanship-telescopic-double-acting-hydraulic-cylinder-for-dump-truck"},"modified":"2025-03-18T01:59:35","modified_gmt":"2025-03-18T01:59:35","slug":"professional-craftsmanship-telescopic-double-acting-hydraulic-cylinder-for-dump-truck","status":"publish","type":"product","link":"https:\/\/fmp-components.com\/tr\/product\/professional-craftsmanship-telescopic-double-acting-hydraulic-cylinder-for-dump-truck\/","title":{"rendered":"Damperli Kamyon \u0130\u00e7in Profesyonel \u0130\u015f\u00e7ilikli Teleskopik \u00c7ift Etkili Hidrolik Silindir"},"content":{"rendered":"<h2>Damperli Kamyon \u0130\u00e7in Profesyonel \u0130\u015f\u00e7ilikli Teleskopik \u00c7ift Etkili Hidrolik Silindir<\/h2>\n<p>Teleskopik \u00c7ift Etkili Hidrolik Silindirimiz, Damperli Kamyonlar i\u00e7in \u00f6zel olarak profesyonel i\u015f\u00e7ilikle tasarlanm\u0131\u015ft\u0131r. \u0130talya'da bulunan sekt\u00f6r lideri FMP taraf\u0131ndan \u00fcretilen bu hidrolik silindir, g\u00fcvenilir ve verimli performans sunmay\u0131 garanti eder. Temel \u00f6zellikleri aras\u0131nda \u00e7ok kademeli yap\u0131s\u0131, y\u00fcksek itme ve \u00e7ekme kapasitesi ve ISO9001:2000 sertifikas\u0131 yer al\u0131r.<\/p>\n<p><img loading=\"lazy\" decoding=\"async\" class=\"alignnone wp-image-6665\" src=\"https:\/\/fmp-components.com\/wp-content\/uploads\/2025\/03\/telescopic-hydraulic-cylinder-9.webp\" alt=\"teleskopik hidrolik silindir\" width=\"934\" height=\"934\" title=\"\" srcset=\"https:\/\/fmp-components.com\/wp-content\/uploads\/2025\/03\/telescopic-hydraulic-cylinder-9.webp 934w, https:\/\/fmp-components.com\/wp-content\/uploads\/2025\/03\/telescopic-hydraulic-cylinder-9-480x480.webp 480w\" sizes=\"(min-width: 0px) and (max-width: 480px) 480px, (min-width: 481px) 934px, 100vw\" \/><\/p>\n<h3>\u00dcr\u00fcn \u00d6zellikleri ve \u00d6nemi<\/h3>\n<p>Standart piston silindir yap\u0131s\u0131na sahip Hidrolik Silindirimiz, maksimum 3000 itme kuvveti ve 20 ton \u00e7ekme kapasitesiyle \u00e7al\u0131\u015f\u0131r. G\u00f6vde malzemesi dayan\u0131kl\u0131 \u00e7elikten \u00fcretilmi\u015ftir ve uzun \u00f6m\u00fcrl\u00fc olup a\u015f\u0131nma ve y\u0131pranmaya kar\u015f\u0131 dayan\u0131kl\u0131d\u0131r. Delik \u00e7ap\u0131 ve \u00e7ubuk boyutu s\u0131ras\u0131yla 2-6 in\u00e7 ve 1,125-4 in\u00e7 aras\u0131nda de\u011fi\u015ferek \u00e7e\u015fitli uygulamalar i\u00e7in \u00e7ok y\u00f6nl\u00fcl\u00fck sunar.<\/p>\n<h3>Teknik \u00d6zellikler<\/h3>\n<table style=\"width: 101.297%; height: 118px;\" border=\"\">\n<tbody>\n<tr>\n<td><i>Delik Boyutu<\/i><\/td>\n<td>2-6 in\u00e7<\/td>\n<\/tr>\n<tr>\n<td><i>\u00c7ubuk Boyutu<\/i><\/td>\n<td>1.125-4 in\u00e7<\/td>\n<\/tr>\n<tr>\n<td><i>Vuru\u015f Boyutu<\/i><\/td>\n<td>4-100 in\u00e7<\/td>\n<\/tr>\n<tr>\n<td><i>Pin Boyutu<\/i><\/td>\n<td>0,5-2 in\u00e7<\/td>\n<\/tr>\n<tr>\n<td><i>Limanlar<\/i><\/td>\n<td>G\/SAE\/NPT\/M<\/td>\n<\/tr>\n<\/tbody>\n<\/table>\n<h2>Benzersiz \u00d6zellikler ve Avantajlar<\/h2>\n<h3>Enerji Verimli<\/h3>\n<p>Hidrolik silindirlerimiz, enerji verimlili\u011fini optimize etmek ve \u00e7al\u0131\u015fma s\u0131ras\u0131nda enerji t\u00fcketimini \u00f6nemli \u00f6l\u00e7\u00fcde azaltmak i\u00e7in titizlikle tasarlanm\u0131\u015ft\u0131r. Bu, i\u015fletmelerin operasyonel maliyetlerini d\u00fc\u015f\u00fcrmeye yard\u0131mc\u0131 olmakla kalmaz, ayn\u0131 zamanda at\u0131k ve enerji kullan\u0131m\u0131n\u0131 en aza indirerek \u00e7evresel s\u00fcrd\u00fcr\u00fclebilirli\u011fe de katk\u0131da bulunur. Geli\u015fmi\u015f m\u00fchendislik tekniklerinden yararlanan silindirlerimiz, her bir enerji biriminin verimli bir \u015fekilde kullan\u0131lmas\u0131n\u0131 sa\u011flayarak kaynaklar\u0131 korurken \u00fcretkenli\u011fi en \u00fcst d\u00fczeye \u00e7\u0131kar\u0131r.<\/p>\n<h3>Son Derece Etkili<\/h3>\n<p>Etkileyici itme ve \u00e7ekme kapasiteleriyle hidrolik silindirlerimiz zorlu ko\u015fullarda m\u00fckemmel performans sunar. En zorlu ortamlarda bile g\u00fc\u00e7l\u00fc performans sunmak \u00fczere tasarlanm\u0131\u015flard\u0131r ve bu da onlar\u0131 a\u011f\u0131r hizmet uygulamalar\u0131 i\u00e7in uygun hale getirir. Sa\u011flam yap\u0131lar\u0131 dayan\u0131kl\u0131l\u0131k ve g\u00fcvenilirlik sa\u011flayarak, \u00e7e\u015fitli end\u00fcstriyel ortamlarda ister kald\u0131rma, ister itme veya \u00e7ekme olsun, b\u00fcy\u00fck y\u00fckleri kald\u0131rmalar\u0131na ve tutarl\u0131 bir performans sergilemelerine olanak tan\u0131r.<\/p>\n<h3>Emniyet<\/h3>\n<p>Tasar\u0131m felsefemizde g\u00fcvenlik en \u00f6nemli \u00f6nceli\u011fimizdir. Hidrolik silindirlerimiz, s\u0131k\u0131 g\u00fcvenlik ve kalite kriterlerine uyumu garanti eden ISO 9001:2000 standard\u0131 kapsam\u0131nda sertifikaland\u0131r\u0131lm\u0131\u015ft\u0131r. Bu sertifika, \u00fcr\u00fcnlerimizin performans ve g\u00fcvenilirlik a\u00e7\u0131s\u0131ndan s\u0131k\u0131 end\u00fcstri standartlar\u0131n\u0131 kar\u015f\u0131lad\u0131\u011f\u0131n\u0131 bilerek m\u00fc\u015fterilerimize g\u00f6n\u00fcl rahatl\u0131\u011f\u0131 sa\u011flar. G\u00fcvenli\u011fi \u00f6n planda tutarak, hidrolik operasyonlarla ili\u015fkili riskleri azaltmaya yard\u0131mc\u0131 olarak g\u00fcvenli bir \u00e7al\u0131\u015fma ortam\u0131 sa\u011fl\u0131yoruz.<\/p>\n<h2>\u00c7al\u0131\u015fma Prensibi ve Uygulamalar\u0131<\/h2>\n<p>Hidrolik silindir, hidrolik enerjiyi mekanik enerjiye d\u00f6n\u00fc\u015ft\u00fcrerek \u00e7al\u0131\u015f\u0131r. Bu d\u00f6n\u00fc\u015f\u00fcm, silindir i\u00e7indeki bir pistonu hareket ettiren ve do\u011frusal hareket olu\u015fturan hidrolik s\u0131v\u0131n\u0131n bas\u0131n\u00e7land\u0131r\u0131lmas\u0131yla sa\u011flan\u0131r. Bu prensip, hidrolik silindirleri a\u015fa\u011f\u0131dakiler de dahil olmak \u00fczere \u00e7e\u015fitli end\u00fcstrilerde vazge\u00e7ilmez k\u0131lar:<\/p>\n<ul>\n<li><strong>Makine Tamir At\u00f6lyeleri:<\/strong> A\u011f\u0131r makinelerin kald\u0131r\u0131lmas\u0131 ve konumland\u0131r\u0131lmas\u0131 i\u00e7in idealdir, verimli bak\u0131m ve onar\u0131m \u00e7al\u0131\u015fmalar\u0131n\u0131 kolayla\u015ft\u0131r\u0131r.<\/li>\n<li><strong>\u00c7iftlikler:<\/strong> A\u011f\u0131r y\u00fcklerin ta\u015f\u0131nmas\u0131 ve tar\u0131m ekipmanlar\u0131n\u0131n \u00e7al\u0131\u015ft\u0131r\u0131lmas\u0131 gibi g\u00f6revler i\u00e7in gereklidir, \u00fcretkenli\u011fi ve verimlili\u011fi art\u0131r\u0131r.<\/li>\n<li><strong>Enerji ve Madencilik:<\/strong> \u00d6nemli kald\u0131rma ve kuvvet gerektiren operasyonlarda kullan\u0131l\u0131r, zorlu ortamlarda g\u00fc\u00e7 ve g\u00fcvenilirlik sa\u011flar.<\/li>\n<li><strong>Makine \u0130malat\u0131:<\/strong> Makine par\u00e7alar\u0131n\u0131n montaj\u0131 ve hareket ettirilmesinde \u00f6nemli rol oynar, \u00fcretim s\u00fcre\u00e7lerinde hassasiyet ve etkinli\u011fi sa\u011flar.<\/li>\n<li><strong>Makine Fabrikalar\u0131:<\/strong> Kald\u0131rmadan preslemeye kadar \u00e7e\u015fitli uygulamalarda kullan\u0131l\u0131r ve \u00fcretim hatlar\u0131nda sorunsuz \u00e7al\u0131\u015fmay\u0131 sa\u011flar.<\/li>\n<\/ul>\n<p><img loading=\"lazy\" decoding=\"async\" class=\"alignnone wp-image-6664\" src=\"https:\/\/fmp-components.com\/wp-content\/uploads\/2025\/03\/telescopic-hydraulic-cylinder-8.webp\" alt=\"teleskopik hidrolik silindir\" width=\"907\" height=\"907\" title=\"\" srcset=\"https:\/\/fmp-components.com\/wp-content\/uploads\/2025\/03\/telescopic-hydraulic-cylinder-8.webp 907w, https:\/\/fmp-components.com\/wp-content\/uploads\/2025\/03\/telescopic-hydraulic-cylinder-8-480x480.webp 480w\" sizes=\"(min-width: 0px) and (max-width: 480px) 480px, (min-width: 481px) 907px, 100vw\" \/><\/p>\n<h2>Hidrolik Silindirler ve G\u00fc\u00e7 \u00dcniteleri<\/h2>\n<p>Hidrolik silindirler ve g\u00fc\u00e7 \u00fcniteleri, hidrolik teknolojinin \u00e7e\u015fitli end\u00fcstrilerde etkili bir \u015fekilde uygulanmas\u0131n\u0131 kolayla\u015ft\u0131rmak i\u00e7in uyum i\u00e7inde \u00e7al\u0131\u015fan hidrolik sistemin kritik bile\u015fenleridir. Hidrolik silindir, hidrolik enerjiyi mekanik harekete d\u00f6n\u00fc\u015ft\u00fcren bir akt\u00fcat\u00f6r g\u00f6revi g\u00f6r\u00fcrken, g\u00fc\u00e7 \u00fcnitesi gerekli hidrolik bas\u0131nc\u0131 \u00fcretir ve d\u00fczenler.<\/p>\n<p>Sinerjik \u00e7al\u0131\u015fma prensipleri, hidrolik teknolojisinin end\u00fcstriyel uygulamalarda yayg\u0131n olarak kullan\u0131lmas\u0131n\u0131 sa\u011flayarak, \u00e7e\u015fitli m\u00fchendislik ve mekanik ekipmanlar i\u00e7in g\u00fcvenilir g\u00fc\u00e7 ve hassas kontrol sa\u011flar. FMP olarak, hidrolik silindirlerimizi tamamlayacak ve genel sistem performans\u0131n\u0131 art\u0131racak \u015fekilde tasarlanm\u0131\u015f, y\u00fcksek kaliteli g\u00fc\u00e7 \u00fcniteleri de sunuyoruz. Bu kapsaml\u0131 yakla\u015f\u0131m, m\u00fc\u015fterilerimizin operasyonlar\u0131nda optimum verimlilik ve \u00fcretkenli\u011fe ula\u015fmalar\u0131na yard\u0131mc\u0131 olur.<\/p>\n<h2>SSS<\/h2>\n<h3>S: Siz bir ticaret \u015firketi misiniz yoksa \u00fcretici misiniz?<\/h3>\n<p>A: Biz \u00fcreticiyiz.<\/p>\n<h3>S: Teslimat s\u00fcreniz ne kadard\u0131r?<\/h3>\n<p>A: Genellikle 25-35 g\u00fcnd\u00fcr.<\/p>\n<h3>S: Numune sa\u011fl\u0131yor musunuz?<\/h3>\n<p>C: Evet, numune sunabiliriz ancak \u00fccretsiz de\u011fil.<\/p>\n<h3>FMP Hakk\u0131nda<\/h3>\n<p>FMP, y\u00fcksek kaliteli hidrolik silindirlerin tasar\u0131m\u0131, geli\u015ftirilmesi ve \u00fcretiminde uzmanla\u015fm\u0131\u015f, \u00f6nde gelen bir \u0130talyan \u00fcreticisidir. Onlarca y\u0131ll\u0131k uzmanl\u0131\u011f\u0131m\u0131zla, geleneksel \u0130talyan i\u015f\u00e7ili\u011fini en son teknolojiyle harmanlayarak, k\u00fcresel m\u00fc\u015fterilerimizin \u00e7e\u015fitli ihtiya\u00e7lar\u0131n\u0131 kar\u015f\u0131layan ola\u011fan\u00fcst\u00fc hidrolik \u00e7\u00f6z\u00fcmler sunuyoruz. Merkezi \u0130talya'da bulunan ve m\u00fchendislikte m\u00fckemmelli\u011fin merkezi olan FMP, d\u00fcnya \u00e7ap\u0131ndaki i\u015fletmelere g\u00fc\u00e7 katan g\u00fcvenilir, dayan\u0131kl\u0131 ve yenilik\u00e7i \u00fcr\u00fcnler sunmaya kendini adam\u0131\u015f, hidrolik sekt\u00f6r\u00fcnde g\u00fcvenilir bir isim olarak kendini kan\u0131tlam\u0131\u015ft\u0131r.<\/p>\n<p>\u015eirketimiz, ileri \u00fcretim geleneklerini ileri g\u00f6r\u00fc\u015fl\u00fc bir yakla\u015f\u0131mla harmanlamaktad\u0131r. Hidrolik sistemlerdeki uzun y\u0131llara dayanan deneyiminden yararlanan FMP, ara\u015ft\u0131rma, tasar\u0131m ve \u00fcretimde m\u00fckemmellik g\u00f6steren modern bir kurulu\u015fa d\u00f6n\u00fc\u015fm\u00fc\u015ft\u00fcr. \u00c7ift etkili silindirler, otomotiv kald\u0131rma silindirleri, tar\u0131m makineleri silindirleri ve \u00e7e\u015fitli end\u00fcstriyel uygulamalar i\u00e7in \u00f6zel olarak tasarlanm\u0131\u015f \u00e7\u00f6z\u00fcmler de dahil olmak \u00fczere geni\u015f bir hidrolik silindir yelpazesi sunuyoruz. \u0130ster in\u015faat, ister end\u00fcstriyel tesisler, ister tar\u0131m veya a\u011f\u0131r makineler olsun, hidrolik silindirlerimiz en zorlu ko\u015fullarda bile g\u00fcvenlik, verimlilik ve uzun \u00f6m\u00fcr sa\u011flayacak \u015fekilde tasarlanm\u0131\u015ft\u0131r.<\/p>\n<p><img loading=\"lazy\" decoding=\"async\" class=\"alignnone size-full wp-image-6720\" src=\"https:\/\/fmp-components.com\/wp-content\/uploads\/2025\/03\/hydraulic-cylinder-8.webp\" alt=\"Teleskopik Hidrolik Silindirler\" width=\"933\" height=\"526\" title=\"\" srcset=\"https:\/\/fmp-components.com\/wp-content\/uploads\/2025\/03\/hydraulic-cylinder-8.webp 933w, https:\/\/fmp-components.com\/wp-content\/uploads\/2025\/03\/hydraulic-cylinder-8-480x271.webp 480w\" sizes=\"(min-width: 0px) and (max-width: 480px) 480px, (min-width: 481px) 933px, 100vw\" \/><\/p>\n<p>FMP olarak, hassas makineler ve geli\u015fmi\u015f test sistemleriyle donat\u0131lm\u0131\u015f son teknoloji \u00fcretim tesislerimizle gurur duyuyoruz. \u00dcretim s\u00fcre\u00e7lerimiz, s\u0131k\u0131 ulusal ve uluslararas\u0131 standartlara uygun olup, \u00fcretilen her hidrolik silindirin en y\u00fcksek kalite ve g\u00fcvenilirlik standartlar\u0131n\u0131 kar\u015f\u0131lamas\u0131n\u0131 garanti eder. Son teknoloji ekipmanlarla bir araya gelen yetenekli teknik ekibimiz, hammadde se\u00e7iminden son kontrole kadar \u00fcretimin her a\u015famas\u0131nda s\u0131k\u0131 bir kalite kontrol\u00fc sa\u011flamam\u0131z\u0131 m\u00fcmk\u00fcn k\u0131lar. M\u00fckemmelli\u011fe olan bu ba\u011fl\u0131l\u0131\u011f\u0131m\u0131z, sekt\u00f6r otoritelerinden sertifikalar ve takdirler almam\u0131z\u0131 sa\u011flayarak g\u00fcvenilir bir i\u015f orta\u011f\u0131 olarak itibar\u0131m\u0131z\u0131 peki\u015ftirmi\u015ftir.<\/p>\n<p>Misyonumuz hem basit hem de iddial\u0131: M\u00fc\u015fterilerimize performans, dayan\u0131kl\u0131l\u0131k ve de\u011fer a\u00e7\u0131s\u0131ndan beklentileri a\u015fan hidrolik silindirler sunmak. Profesyonellik, d\u00fcr\u00fcstl\u00fck ve m\u00fc\u015fteri odakl\u0131l\u0131k ilkeleriyle \u00e7al\u0131\u015f\u0131yoruz. Yenilik\u00e7ilik ve hassasiyet k\u00fclt\u00fcr\u00fcn\u00fc besleyerek, rekabet\u00e7i bir pazarda \u00f6ne \u00e7\u0131kmak i\u00e7in \u00fcr\u00fcnlerimizi s\u00fcrekli olarak geli\u015ftiriyoruz. Geni\u015f \u00fcr\u00fcn yelpazemiz ve ki\u015fiye \u00f6zel \u00e7\u00f6z\u00fcmler sunma becerimiz, bizi y\u00fcksek performansl\u0131 hidrolik silindir arayan i\u015fletmeler i\u00e7in tercih edilen se\u00e7enek haline getiriyor.<\/p>\n<p>FMP, bir \u00fcreticiden \u00e7ok daha fazlas\u0131d\u0131r; ba\u015far\u0131n\u0131z\u0131n orta\u011f\u0131y\u0131z. M\u00fc\u015fterilerimizin \u00fcretkenliklerini ve g\u00fcvenliklerini art\u0131ran ara\u00e7lar sunmam\u0131z i\u00e7in bize g\u00fcvendi\u011finin bilincindeyiz. Bu nedenle, yaln\u0131zca birinci s\u0131n\u0131f \u00fcr\u00fcnler sunmakla kalmay\u0131p ayn\u0131 zamanda ola\u011fan\u00fcst\u00fc hizmet de sunmaya kendimizi adad\u0131k. \u0130lk dan\u0131\u015fmanl\u0131ktan sat\u0131\u015f sonras\u0131 deste\u011fe kadar, m\u00fc\u015fterilerimizin ihtiya\u00e7lar\u0131n\u0131n profesyonellik ve \u00f6zenle kar\u015f\u0131lanmas\u0131n\u0131 sa\u011flamak i\u00e7in m\u00fc\u015fterilerimizle yak\u0131n i\u015f birli\u011fi i\u00e7indeyiz. Rekabet\u00e7i fiyatlar\u0131m\u0131z ve kaliteye olan sars\u0131lmaz ba\u011fl\u0131l\u0131\u011f\u0131m\u0131z, FMP'yi g\u00fcvenilir hidrolik \u00e7\u00f6z\u00fcmlere yat\u0131r\u0131m yapmak isteyen \u015firketler i\u00e7in ak\u0131ll\u0131 bir tercih haline getiriyor.<\/p>","protected":false},"excerpt":{"rendered":"<p>Professional Craftsmanship Telescopic Double Acting Hydraulic Cylinder For Dump Truck Our Telescopic Double Acting Hydraulic Cylinder is designed with professional craftsmanship, specifically for Dump Trucks. Manufactured by FMP, an industry leader located in Italy City, this hydraulic cylinder is guaranteed to provide reliable and efficient performance. Its key features include its multistage structure, high thrust [&hellip;]<\/p>","protected":false},"featured_media":6751,"comment_status":"closed","ping_status":"closed","template":"","meta":{"_et_pb_use_builder":"","_et_pb_old_content":"","_et_gb_content_width":""},"product_brand":[],"product_cat":[103],"product_tag":[34,105],"class_list":{"0":"post-6539","1":"product","2":"type-product","3":"status-publish","4":"has-post-thumbnail","6":"product_cat-telescopic-hydraulic-cylinders","7":"product_tag-hydraulic-cylinder","8":"product_tag-telescopic-hydraulic-cylinders","10":"first","11":"instock","12":"product-type-simple"},"_links":{"self":[{"href":"https:\/\/fmp-components.com\/tr\/wp-json\/wp\/v2\/product\/6539","targetHints":{"allow":["GET"]}}],"collection":[{"href":"https:\/\/fmp-components.com\/tr\/wp-json\/wp\/v2\/product"}],"about":[{"href":"https:\/\/fmp-components.com\/tr\/wp-json\/wp\/v2\/types\/product"}],"replies":[{"embeddable":true,"href":"https:\/\/fmp-components.com\/tr\/wp-json\/wp\/v2\/comments?post=6539"}],"wp:featuredmedia":[{"embeddable":true,"href":"https:\/\/fmp-components.com\/tr\/wp-json\/wp\/v2\/media\/6751"}],"wp:attachment":[{"href":"https:\/\/fmp-components.com\/tr\/wp-json\/wp\/v2\/media?parent=6539"}],"wp:term":[{"taxonomy":"product_brand","embeddable":true,"href":"https:\/\/fmp-components.com\/tr\/wp-json\/wp\/v2\/product_brand?post=6539"},{"taxonomy":"product_cat","embeddable":true,"href":"https:\/\/fmp-components.com\/tr\/wp-json\/wp\/v2\/product_cat?post=6539"},{"taxonomy":"product_tag","embeddable":true,"href":"https:\/\/fmp-components.com\/tr\/wp-json\/wp\/v2\/product_tag?post=6539"}],"curies":[{"name":"wp","href":"https:\/\/api.w.org\/{rel}","templated":true}]}}