{"id":6536,"date":"2025-03-11T06:28:19","date_gmt":"2025-03-11T06:28:19","guid":{"rendered":"https:\/\/fmp-components.com\/product\/telescopic-hydraulic-cylinder-20-ton-hydraulic-cylinders-for-dump-truck"},"modified":"2025-03-14T02:58:01","modified_gmt":"2025-03-14T02:58:01","slug":"telescopic-hydraulic-cylinder-20-ton-hydraulic-cylinders-for-dump-truck","status":"publish","type":"product","link":"https:\/\/fmp-components.com\/tr\/product\/telescopic-hydraulic-cylinder-20-ton-hydraulic-cylinders-for-dump-truck\/","title":{"rendered":"Teleskopik Hidrolik Silindir 20 Tonluk Damperli Kamyon Hidrolik Silindirleri"},"content":{"rendered":"<h2>Teleskopik Hidrolik Silindir 20 Tonluk Damperli Kamyon Hidrolik Silindirleri<\/h2>\n<p>Birinci s\u0131n\u0131f Teleskopik hidrolik silindirimiz, damperli kamyonlar gibi a\u011f\u0131r hizmet tipi uygulamalar i\u00e7in ideal, g\u00fc\u00e7l\u00fc ve y\u00fcksek kapasiteli bir hidrolik sistem bile\u015fenidir. 20 tonluk maksimum \u00e7eki\u015f g\u00fcc\u00fc ve 3000 tonluk etkileyici maksimum itme g\u00fcc\u00fcyle \u00fcst\u00fcn performans ve ola\u011fan\u00fcst\u00fc g\u00fcvenilirlik sunar.<\/p>\n<h3>\u00d6zellikler ve \u0130\u015flevler<\/h3>\n<p>Bu hidrolik silindir, hidrolik enerjiyle \u00e7al\u0131\u015fan standart bir piston silindiri yap\u0131s\u0131na sahiptir. G\u00f6vde malzemesi, dayan\u0131kl\u0131l\u0131\u011f\u0131n\u0131 ve uzun \u00f6m\u00fcrl\u00fcl\u00fc\u011f\u00fcn\u00fc garanti eden sa\u011flam \u00e7elikten yap\u0131lm\u0131\u015ft\u0131r. Delik \u00e7ap\u0131 2 ila 6 in\u00e7, \u00e7ubuk \u00e7ap\u0131 1,125 ila 4 in\u00e7 ve strok \u00e7ap\u0131 4 ila 100 in\u00e7 aras\u0131nda de\u011fi\u015fmektedir. Pim \u00e7ap\u0131 0,5 ila 2 in\u00e7 aras\u0131nda de\u011fi\u015fmekte olup G\/SAE\/NPT\/M ba\u011flant\u0131 noktalar\u0131na sahiptir.<\/p>\n<h3>\u00dcr\u00fcn \u00d6zellikleri<\/h3>\n<table style=\"width: 95.3977%;\" border=\"\">\n<tbody>\n<tr>\n<th style=\"width: 34.1463%;\">\u00dcr\u00fcn Ad\u0131<\/th>\n<td style=\"width: 232.404%;\">Teleskopik Hidrolik Silindir<\/td>\n<\/tr>\n<tr>\n<th style=\"width: 34.1463%;\">Sertifikasyon<\/th>\n<td style=\"width: 232.404%;\">ISO9001:2000<\/td>\n<\/tr>\n<tr>\n<th style=\"width: 34.1463%;\">Delik Boyutu<\/th>\n<td style=\"width: 232.404%;\">2-6 in\u00e7<\/td>\n<\/tr>\n<tr>\n<th style=\"width: 34.1463%;\">\u00c7ubuk Boyutu<\/th>\n<td style=\"width: 232.404%;\">1.125-4 in\u00e7<\/td>\n<\/tr>\n<tr>\n<th style=\"width: 34.1463%;\">Vuru\u015f Boyutu<\/th>\n<td style=\"width: 232.404%;\">4-100 in\u00e7<\/td>\n<\/tr>\n<tr>\n<th style=\"width: 34.1463%;\">Pin Boyutu<\/th>\n<td style=\"width: 232.404%;\">0,5-2 in\u00e7<\/td>\n<\/tr>\n<tr>\n<th style=\"width: 34.1463%;\">Limanlar<\/th>\n<td style=\"width: 232.404%;\">G\/SAE\/NPT\/M<\/td>\n<\/tr>\n<\/tbody>\n<\/table>\n<h2>Benzersiz Avantajlar<\/h2>\n<ul>\n<li>Enerji verimlili\u011fi: Maksimum verimlilik i\u00e7in hidrolik g\u00fcc\u00fcn kullan\u0131m\u0131n\u0131 optimize eder<\/li>\n<li>Y\u00fcksek verimlilik: Daha az enerji t\u00fcketimiyle y\u00fcksek performans sa\u011flar<\/li>\n<li>G\u00fcvenlik: A\u011f\u0131r hizmet uygulamalar\u0131nda bile g\u00fcvenli \u00e7al\u0131\u015fmay\u0131 sa\u011flar<\/li>\n<\/ul>\n<h3>Hidrolik Sistem ve \u00c7al\u0131\u015fma Prensibi<\/h3>\n<p>Bu silindirin hidrolik sistemi, s\u0131v\u0131 bas\u0131nc\u0131 prensibiyle \u00e7al\u0131\u015f\u0131r. Hidrolik s\u0131v\u0131, kuvvet veya hareket \u00fcretmek i\u00e7in bas\u0131n\u00e7land\u0131r\u0131l\u0131r ve sistem boyunca iletilir. Bu kuvvet daha sonra hidrolik silindiri \u00e7al\u0131\u015ft\u0131rmak i\u00e7in kullan\u0131l\u0131r ve hidrolik enerjiyi mekanik enerjiye d\u00f6n\u00fc\u015ft\u00fcr\u00fcr.<\/p>\n<p><img loading=\"lazy\" decoding=\"async\" class=\"alignnone wp-image-6662\" src=\"https:\/\/fmp-components.com\/wp-content\/uploads\/2025\/03\/telescopic-hydraulic-cylinder-4.webp\" alt=\"teleskopik hidrolik silindir\" width=\"792\" height=\"792\" title=\"\" srcset=\"https:\/\/fmp-components.com\/wp-content\/uploads\/2025\/03\/telescopic-hydraulic-cylinder-4.webp 792w, https:\/\/fmp-components.com\/wp-content\/uploads\/2025\/03\/telescopic-hydraulic-cylinder-4-480x480.webp 480w\" sizes=\"(min-width: 0px) and (max-width: 480px) 480px, (min-width: 481px) 792px, 100vw\" \/><\/p>\n<h2>Uygulama Senaryosu<\/h2>\n<p>Bu hidrolik silindir \u00f6ncelikle damperli kamyonlarda kullan\u0131l\u0131r, ancak makine tamir at\u00f6lyeleri, \u00e7iftlikler, enerji ve madencilik, makine imalat\u0131 ve makine fabrikalar\u0131 gibi \u00e7e\u015fitli end\u00fcstrilerde de uygulanabilir.<\/p>\n<h2>Hidrolik Silindirler ve G\u00fc\u00e7 \u00dcniteleri<\/h2>\n<p>Hidrolik silindirler ve g\u00fc\u00e7 \u00fcniteleri aras\u0131ndaki sinerji, hidrolik sistemlerin \u00e7al\u0131\u015fmas\u0131 i\u00e7in hayati \u00f6nem ta\u015f\u0131r. Akt\u00fcat\u00f6rler olarak hidrolik silindirler, hidrolik enerjiyi mekanik harekete d\u00f6n\u00fc\u015ft\u00fcr\u00fcr. G\u00fc\u00e7 \u00fcniteleri ise gerekli enerjiyi ve kontrol sinyallerini sa\u011flar. Birlikte, hidrolik sistemlerin sorunsuz \u00e7al\u0131\u015fmas\u0131n\u0131 sa\u011flarlar.<\/p>\n<h2>S\u0131k\u00e7a Sorulan Sorular<\/h2>\n<p>S: Siz bir ticaret \u015firketi misiniz yoksa \u00fcretici misiniz?<br \/>\nA: Biz \u00fcreticiyiz.<br \/>\nS: Teslimat s\u00fcreniz ne kadard\u0131r?<br \/>\nA: Genellikle teslimat s\u00fcremiz 25-35 g\u00fcnd\u00fcr.<br \/>\nS: Numune sa\u011fl\u0131yor musunuz? \u00dccretsiz mi yoksa ekstra m\u0131?<br \/>\nC: Evet, numune sa\u011fl\u0131yoruz ancak \u00fccretsiz de\u011fil.<\/p>\n<h3>FMP Hakk\u0131nda<\/h3>\n<p class=\"break-words\">FMP, y\u00fcksek kaliteli hidrolik silindirlerin tasar\u0131m\u0131, geli\u015ftirilmesi ve \u00fcretiminde uzmanla\u015fm\u0131\u015f lider bir \u0130talyan \u00fcreticisidir. Onlarca y\u0131ll\u0131k uzmanl\u0131\u011fa dayanan zengin bir mirasa sahip olarak, \u0130talyan i\u015f\u00e7ili\u011fini en son teknolojiyle gururla birle\u015ftirerek, k\u00fcresel m\u00fc\u015fterilerimizin \u00e7e\u015fitli ihtiya\u00e7lar\u0131n\u0131 kar\u015f\u0131lamak \u00fczere tasarlanm\u0131\u015f ola\u011fan\u00fcst\u00fc hidrolik \u00e7\u00f6z\u00fcmler sunuyoruz. M\u00fchendislik m\u00fckemmelli\u011finin merkezi \u0130talya'da bulunan FMP, hidrolik sekt\u00f6r\u00fcnde g\u00fcvenilir bir isim olarak \u00f6ne \u00e7\u0131kmakta ve d\u00fcnya \u00e7ap\u0131ndaki i\u015fletmelere g\u00fc\u00e7 katan g\u00fcvenilir, dayan\u0131kl\u0131 ve yenilik\u00e7i \u00fcr\u00fcnler sunmaya kendini adam\u0131\u015ft\u0131r.<\/p>\n<p class=\"break-words\">\u015eirketimiz, ileri d\u00fczey \u00fcretim geleneklerinin en iyilerini ileri g\u00f6r\u00fc\u015fl\u00fc bir yakla\u015f\u0131mla birle\u015ftiriyor. Hidrolik sistemlerdeki uzun y\u0131llara dayanan deneyiminden g\u00fc\u00e7 alan FMP, ara\u015ft\u0131rma, tasar\u0131m ve \u00fcretimde m\u00fckemmellik g\u00f6steren modern bir kurulu\u015fa d\u00f6n\u00fc\u015fm\u00fc\u015ft\u00fcr. \u00c7ift etkili silindirler, otomotiv kald\u0131rma silindirleri, tar\u0131m makineleri silindirleri ve \u00e7e\u015fitli end\u00fcstriyel uygulamalar i\u00e7in \u00f6zel olarak tasarlanm\u0131\u015f \u00e7\u00f6z\u00fcmler de dahil olmak \u00fczere geni\u015f bir hidrolik silindir yelpazesinde uzmanla\u015f\u0131yoruz. \u0130ster in\u015faat, ister end\u00fcstriyel tesisler, ister tar\u0131m veya a\u011f\u0131r makineler olsun, hidrolik silindirlerimiz en zorlu ko\u015fullarda bile g\u00fcvenlik, verimlilik ve uzun \u00f6m\u00fcr sa\u011flayacak \u015fekilde \u00fcretilmi\u015ftir.<\/p>\n<p><img loading=\"lazy\" decoding=\"async\" class=\"alignnone size-full wp-image-6720\" src=\"https:\/\/fmp-components.com\/wp-content\/uploads\/2025\/03\/hydraulic-cylinder-8.webp\" alt=\"Teleskopik Hidrolik Silindirler\" width=\"933\" height=\"526\" title=\"\" srcset=\"https:\/\/fmp-components.com\/wp-content\/uploads\/2025\/03\/hydraulic-cylinder-8.webp 933w, https:\/\/fmp-components.com\/wp-content\/uploads\/2025\/03\/hydraulic-cylinder-8-480x271.webp 480w\" sizes=\"(min-width: 0px) and (max-width: 480px) 480px, (min-width: 481px) 933px, 100vw\" \/><\/p>\n<p class=\"break-words\">FMP olarak, hassas makineler ve geli\u015fmi\u015f test sistemleriyle donat\u0131lm\u0131\u015f son teknoloji \u00fcretim tesislerimizle gurur duyuyoruz. \u00dcretim s\u00fcre\u00e7lerimiz, fabrikam\u0131zdan \u00e7\u0131kan her hidrolik silindirin \u00fcst\u00fcn kalite ve g\u00fcvenilirlikte olmas\u0131n\u0131 sa\u011flayan s\u0131k\u0131 ulusal ve uluslararas\u0131 standartlara uygundur. Son teknoloji ekipmanlarla bir araya gelen yetenekli teknik ekibimiz, hammadde se\u00e7iminden son kontrole kadar \u00fcretimin her a\u015famas\u0131nda s\u0131k\u0131 bir kalite kontrol\u00fc sa\u011flamam\u0131z\u0131 sa\u011flar. M\u00fckemmelli\u011fe olan bu ba\u011fl\u0131l\u0131\u011f\u0131m\u0131z, bize sekt\u00f6r otoritelerinden sertifikalar ve takdirler kazand\u0131rarak, g\u00fcvenilir bir i\u015f orta\u011f\u0131 olarak itibar\u0131m\u0131z\u0131 daha da sa\u011flamla\u015ft\u0131rm\u0131\u015ft\u0131r.<\/p>\n<p class=\"break-words\">Misyonumuz basit ama iddial\u0131: M\u00fc\u015fterilerimize performans, dayan\u0131kl\u0131l\u0131k ve de\u011fer a\u00e7\u0131s\u0131ndan beklentileri a\u015fan hidrolik silindirler sunmak. Profesyonellik, d\u00fcr\u00fcstl\u00fck ve m\u00fc\u015fteri odakl\u0131l\u0131k ilkeleriyle \u00e7al\u0131\u015f\u0131yoruz. Yenilik\u00e7ilik ve hassasiyet k\u00fclt\u00fcr\u00fcn\u00fc benimseyerek, rekabet\u00e7i bir pazarda \u00f6ne \u00e7\u0131kmak i\u00e7in \u00fcr\u00fcnlerimizi s\u00fcrekli olarak geli\u015ftiriyoruz. Kapsaml\u0131 \u00fcr\u00fcn yelpazemiz ve ki\u015fiye \u00f6zel \u00e7\u00f6z\u00fcmler sunma becerimiz, bizi y\u00fcksek performansl\u0131 hidrolik silindir arayan i\u015fletmeler i\u00e7in vazge\u00e7ilmez k\u0131l\u0131yor.<\/p>\n<p class=\"break-words\">FMP, yaln\u0131zca bir \u00fcreticiden daha fazlas\u0131d\u0131r; ba\u015far\u0131n\u0131z\u0131n orta\u011f\u0131y\u0131z. M\u00fc\u015fterilerimizin \u00fcretkenliklerini ve g\u00fcvenliklerini art\u0131ran ara\u00e7lar sunmam\u0131z i\u00e7in bize g\u00fcvendi\u011finin fark\u0131nday\u0131z. Bu nedenle, yaln\u0131zca birinci s\u0131n\u0131f \u00fcr\u00fcnler sunmakla kalmay\u0131p ayn\u0131 zamanda ola\u011fan\u00fcst\u00fc hizmet de sunmaya kararl\u0131y\u0131z. \u0130lk dan\u0131\u015fmanl\u0131ktan sat\u0131\u015f sonras\u0131 deste\u011fe kadar, ihtiya\u00e7lar\u0131n\u0131n profesyonellik ve \u00f6zenle kar\u015f\u0131lanmas\u0131n\u0131 sa\u011flamak i\u00e7in m\u00fc\u015fterilerimizle yak\u0131n bir \u015fekilde \u00e7al\u0131\u015f\u0131yoruz. Rekabet\u00e7i fiyatlar\u0131m\u0131z ve kaliteye olan sars\u0131lmaz ba\u011fl\u0131l\u0131\u011f\u0131m\u0131z, FMP'yi g\u00fcvenebilecekleri hidrolik \u00e7\u00f6z\u00fcmlere yat\u0131r\u0131m yapmak isteyen \u015firketler i\u00e7in ak\u0131ll\u0131 bir tercih haline getiriyor.<\/p>","protected":false},"excerpt":{"rendered":"<p>Telescopic Hydraulic Cylinder 20 Ton Hydraulic Cylinders For Dump Truck Our premium Telescopic hydraulic cylinder is a powerful, high-capacity hydraulic system component that is ideal for heavy-duty applications such as dump trucks. With a maximum pull of 20 tons and an impressive max thrust of 3000, it offers superior performance and exceptional reliability. Features and [&hellip;]<\/p>","protected":false},"featured_media":6801,"comment_status":"closed","ping_status":"closed","template":"","meta":{"_et_pb_use_builder":"","_et_pb_old_content":"","_et_gb_content_width":""},"product_brand":[],"product_cat":[103],"product_tag":[34,105],"class_list":{"0":"post-6536","1":"product","2":"type-product","3":"status-publish","4":"has-post-thumbnail","6":"product_cat-telescopic-hydraulic-cylinders","7":"product_tag-hydraulic-cylinder","8":"product_tag-telescopic-hydraulic-cylinders","10":"first","11":"instock","12":"product-type-simple"},"_links":{"self":[{"href":"https:\/\/fmp-components.com\/tr\/wp-json\/wp\/v2\/product\/6536","targetHints":{"allow":["GET"]}}],"collection":[{"href":"https:\/\/fmp-components.com\/tr\/wp-json\/wp\/v2\/product"}],"about":[{"href":"https:\/\/fmp-components.com\/tr\/wp-json\/wp\/v2\/types\/product"}],"replies":[{"embeddable":true,"href":"https:\/\/fmp-components.com\/tr\/wp-json\/wp\/v2\/comments?post=6536"}],"wp:featuredmedia":[{"embeddable":true,"href":"https:\/\/fmp-components.com\/tr\/wp-json\/wp\/v2\/media\/6801"}],"wp:attachment":[{"href":"https:\/\/fmp-components.com\/tr\/wp-json\/wp\/v2\/media?parent=6536"}],"wp:term":[{"taxonomy":"product_brand","embeddable":true,"href":"https:\/\/fmp-components.com\/tr\/wp-json\/wp\/v2\/product_brand?post=6536"},{"taxonomy":"product_cat","embeddable":true,"href":"https:\/\/fmp-components.com\/tr\/wp-json\/wp\/v2\/product_cat?post=6536"},{"taxonomy":"product_tag","embeddable":true,"href":"https:\/\/fmp-components.com\/tr\/wp-json\/wp\/v2\/product_tag?post=6536"}],"curies":[{"name":"wp","href":"https:\/\/api.w.org\/{rel}","templated":true}]}}