{"id":6529,"date":"2025-03-11T06:28:19","date_gmt":"2025-03-11T06:28:19","guid":{"rendered":"https:\/\/fmp-components.com\/product\/dump-trailer-truck-20-tons-100-ton-5-stage-telescopic-hydraulic-cylinder-with-long-stroke"},"modified":"2025-03-12T02:11:55","modified_gmt":"2025-03-12T02:11:55","slug":"dump-trailer-truck-20-tons-100-ton-5-stage-telescopic-hydraulic-cylinder-with-long-stroke","status":"publish","type":"product","link":"https:\/\/fmp-components.com\/tr\/product\/dump-trailer-truck-20-tons-100-ton-5-stage-telescopic-hydraulic-cylinder-with-long-stroke\/","title":{"rendered":"20 Ton - 100 Ton 5 Kademeli Teleskopik Hidrolik Silindirli Uzun Stroklu Damperli Treyler Kamyonu"},"content":{"rendered":"<h2>20 Ton - 100 Ton 5 Kademeli Teleskopik Hidrolik Silindirli Uzun Stroklu Damperli Treyler Kamyonu<\/h2>\n<p>Uzun stroklu 5 kademeli teleskopik hidrolik silindir, damperli kamyonlar i\u00e7in tasarlanm\u0131\u015f y\u00fcksek kaliteli, a\u011f\u0131r hizmet tipi bir ekipmand\u0131r. 38 kg a\u011f\u0131rl\u0131k ta\u015f\u0131yabilir ve maksimum 3000 Nm itme kuvveti ve 20 tona kadar \u00e7ekme g\u00fcc\u00fc sa\u011flayabilir. Bu hidrolik silindir, makine tamir at\u00f6lyeleri, \u00e7iftlikler, enerji ve madencilik ve makine imalat\u0131 dahil olmak \u00fczere \u00e7e\u015fitli sekt\u00f6rlerde kullan\u0131m i\u00e7in m\u00fckemmeldir.<\/p>\n<p><img loading=\"lazy\" decoding=\"async\" class=\"alignnone  wp-image-6664\" src=\"https:\/\/fmp-components.com\/wp-content\/uploads\/2025\/03\/telescopic-hydraulic-cylinder-8.webp\" alt=\"teleskopik hidrolik silindir\" width=\"873\" height=\"873\" title=\"\" srcset=\"https:\/\/fmp-components.com\/wp-content\/uploads\/2025\/03\/telescopic-hydraulic-cylinder-8.webp 873w, https:\/\/fmp-components.com\/wp-content\/uploads\/2025\/03\/telescopic-hydraulic-cylinder-8-480x480.webp 480w\" sizes=\"(min-width: 0px) and (max-width: 480px) 480px, (min-width: 481px) 873px, 100vw\" \/><\/p>\n<h3>Ba\u015fl\u0131ca \u00dcr\u00fcn \u00d6zellikleri<\/h3>\n<table style=\"width: 102.38%;\" border=\"\">\n<tbody>\n<tr>\n<td style=\"width: 41.5179%;\">\u00dcr\u00fcn Ad\u0131<\/td>\n<td style=\"width: 381.25%;\">Teleskopik Silindir<\/td>\n<\/tr>\n<tr>\n<td style=\"width: 41.5179%;\">Sertifikasyon<\/td>\n<td style=\"width: 381.25%;\">ISO9001:2000<\/td>\n<\/tr>\n<tr>\n<td style=\"width: 41.5179%;\">Delik Boyutu<\/td>\n<td style=\"width: 381.25%;\">2-6 in\u00e7<\/td>\n<\/tr>\n<tr>\n<td style=\"width: 41.5179%;\">\u00c7ubuk Boyutu<\/td>\n<td style=\"width: 381.25%;\">1.125-4 in\u00e7<\/td>\n<\/tr>\n<tr>\n<td style=\"width: 41.5179%;\">Vuru\u015f Boyutu<\/td>\n<td style=\"width: 381.25%;\">4-100 in\u00e7<\/td>\n<\/tr>\n<tr>\n<td style=\"width: 41.5179%;\">Pin Boyutu<\/td>\n<td style=\"width: 381.25%;\">0,5-2 in\u00e7<\/td>\n<\/tr>\n<tr>\n<td style=\"width: 41.5179%;\">Limanlar<\/td>\n<td style=\"width: 381.25%;\">G\/SAE\/NPT\/M<\/td>\n<\/tr>\n<\/tbody>\n<\/table>\n<h2>Dikkat \u00c7ekici \u00d6zellikler ve Avantajlar<\/h2>\n<p>Bu \u00e7ok kademeli hidrolik silindir, enerji tasarrufu, verimlilik ve g\u00fcvenlik odakl\u0131 olarak titizlikle tasarlanm\u0131\u015ft\u0131r. Tasar\u0131m\u0131, i\u015flevselli\u011fini ve g\u00fcvenilirli\u011fini art\u0131ran bir\u00e7ok \u00f6nemli \u00f6zelli\u011fi i\u00e7ermektedir. Ba\u015fl\u0131ca bile\u015fenlerden biri, sorunsuz \u00e7al\u0131\u015fmay\u0131 sa\u011flayan ve s\u00fcrt\u00fcnmeyi azaltarak silindirin \u00f6mr\u00fcn\u00fc uzatan rulmand\u0131r. Silindirin g\u00f6vdesi, ola\u011fan\u00fcst\u00fc mukavemeti ve dayan\u0131kl\u0131l\u0131\u011f\u0131yla bilinen sa\u011flam \u00e7elikten yap\u0131lm\u0131\u015ft\u0131r. Bu malzeme se\u00e7imi, silindirin \u00f6mr\u00fcn\u00fc uzatmakla kalmaz, ayn\u0131 zamanda performanstan \u00f6d\u00fcn vermeden zorlu \u00e7al\u0131\u015fma ko\u015fullar\u0131na dayanabilmesini de sa\u011flar.<\/p>\n<p>Ayr\u0131ca, bu hidrolik silindir, y\u00fcksek kalite standartlar\u0131na ba\u011fl\u0131l\u0131\u011f\u0131n\u0131n bir kan\u0131t\u0131 olan ISO 9001:2000 sertifikas\u0131na sahiptir. Bu sertifika, kalite y\u00f6netim sistemlerine ve s\u00fcrekli iyile\u015ftirmeye olan ba\u011fl\u0131l\u0131\u011f\u0131m\u0131z\u0131 yans\u0131tarak, m\u00fc\u015fterilerimize g\u00fcvenilir ve verimli bir \u00fcr\u00fcne yat\u0131r\u0131m yapt\u0131klar\u0131n\u0131n g\u00fcvencesini vermektedir. Bu \u00f6zelliklerin birle\u015fimi, \u00e7ok kademeli hidrolik silindirimizi \u00e7e\u015fitli end\u00fcstriyel uygulamalar i\u00e7in g\u00fcvenilir bir se\u00e7enek haline getirmektedir.<\/p>\n<h2>Hidrolik Sistem ve \u00c7al\u0131\u015fma Prensibi<\/h2>\n<p>Hidrolik silindir, hidrolik enerjiyi mekanik harekete d\u00f6n\u00fc\u015ft\u00fcrme temel prensibiyle \u00e7al\u0131\u015f\u0131r. Bas\u0131n\u00e7l\u0131 s\u0131v\u0131n\u0131n g\u00fcc\u00fcn\u00fc kullanarak \u00f6nemli bir kuvvet ve hareket \u00fcretir; bu da \u00e7ok \u00e7e\u015fitli mekanik i\u015flemler i\u00e7in gereklidir. Hidrolik s\u0131v\u0131 silindire verildi\u011finde, i\u00e7erideki pistona etki eden bir bas\u0131n\u00e7 olu\u015fturur. Bu bas\u0131n\u00e7, pistonun hareket etmesine ve hidrolik enerjinin do\u011frusal harekete d\u00f6n\u00fc\u015fmesine neden olur. Bu verimli d\u00f6n\u00fc\u015f\u00fcm s\u00fcreci, hidrolik sistemleri g\u00fc\u00e7 ve hassasiyet gerektiren i\u015fler i\u00e7in bu kadar etkili k\u0131lan \u015feydir.<\/p>\n<p>Hidrolik silindirin s\u0131v\u0131 bas\u0131nc\u0131 yoluyla kuvvet \u00fcretme yetene\u011fi, a\u011f\u0131r y\u00fckleri kald\u0131rma, itme veya \u00e7ekme gibi \u00e7e\u015fitli i\u015flemleri ger\u00e7ekle\u015ftirmesine olanak tan\u0131r. Bu prensip, i\u015flemlerin verimlili\u011fini art\u0131rmakla kalmaz, ayn\u0131 zamanda kullan\u0131ld\u0131\u011f\u0131 makinelerin genel g\u00fcvenli\u011fine ve g\u00fcvenilirli\u011fine de katk\u0131da bulunur.<\/p>\n<p><img loading=\"lazy\" decoding=\"async\" class=\"alignnone  wp-image-6665\" src=\"https:\/\/fmp-components.com\/wp-content\/uploads\/2025\/03\/telescopic-hydraulic-cylinder-9.webp\" alt=\"teleskopik hidrolik silindir\" width=\"874\" height=\"874\" title=\"\" srcset=\"https:\/\/fmp-components.com\/wp-content\/uploads\/2025\/03\/telescopic-hydraulic-cylinder-9.webp 874w, https:\/\/fmp-components.com\/wp-content\/uploads\/2025\/03\/telescopic-hydraulic-cylinder-9-480x480.webp 480w\" sizes=\"(min-width: 0px) and (max-width: 480px) 480px, (min-width: 481px) 874px, 100vw\" \/><\/p>\n<h2>Hidrolik Silindir Uygulamas\u0131<\/h2>\n<p>Etkileyici kapasitesi ve tasar\u0131m\u0131yla bu hidrolik silindir, bir\u00e7ok sekt\u00f6rde a\u011f\u0131r hizmet uygulamalar\u0131 i\u00e7in en uygunudur. Makine imalat\u0131, enerji ve madencilik sekt\u00f6rlerinin yan\u0131 s\u0131ra tar\u0131m faaliyetlerinde de \u00fcst\u00fcn performans g\u00f6sterir. Uzun strok ve 20 tonluk maksimum \u00e7ekme kapasitesiyle bu silindir, \u00f6nemli y\u00fckleri kolayl\u0131kla ta\u015f\u0131mak i\u00e7in idealdir. Sa\u011flam yap\u0131s\u0131 ve y\u00fcksek performans\u0131, a\u011f\u0131r malzemelerin g\u00fcvenilir bir \u015fekilde kald\u0131r\u0131lmas\u0131n\u0131 ve ta\u015f\u0131nmas\u0131n\u0131 gerektiren i\u015flemlerde vazge\u00e7ilmez bir ara\u00e7 haline getirir.<\/p>\n<p>\u0130ster b\u00fcy\u00fck makine par\u00e7alar\u0131n\u0131 kald\u0131rmak, ister madencilik operasyonlar\u0131na yard\u0131mc\u0131 olmak, isterse de ekipman veya a\u011f\u0131r y\u00fckleri kald\u0131rmak gibi tar\u0131msal i\u015fleri kolayla\u015ft\u0131rmak olsun, bu hidrolik silindir ola\u011fan\u00fcst\u00fc performans sunar. \u00c7ok y\u00f6nl\u00fcl\u00fc\u011f\u00fc, \u00e7e\u015fitli uygulamalara uyum sa\u011flayabilmesini sa\u011flar ve bu da onu bir\u00e7ok sekt\u00f6rdeki profesyoneller i\u00e7in tercih edilen bir se\u00e7enek haline getirir.<\/p>\n<h2>Hidrolik Silindirler ve G\u00fc\u00e7 \u00dcniteleri<\/h2>\n<p>Hidrolik silindir ve g\u00fc\u00e7 \u00fcnitesi, herhangi bir hidrolik sistemin kritik bile\u015fenleridir. Bu ikisinin birle\u015fik i\u015flevselli\u011fi, end\u00fcstriyel sekt\u00f6rde hidrolik teknolojisinin yayg\u0131n olarak kullan\u0131lmas\u0131n\u0131 sa\u011flayarak, \u00e7e\u015fitli m\u00fchendislik ve mekanik ekipmanlar i\u00e7in g\u00fcvenilir g\u00fc\u00e7 ve kontrol deste\u011fi sunar. Hidrolik silindir, hidrolik enerjiyi mekanik harekete d\u00f6n\u00fc\u015ft\u00fcrmekten sorumlu olan ve \u00e7ok \u00e7e\u015fitli g\u00f6revlerin verimli bir \u015fekilde yerine getirilmesini sa\u011flayan y\u00fcr\u00fctme eleman\u0131d\u0131r.<\/p>\n<p>Bu arada, g\u00fc\u00e7 \u00fcnitesi hidrolik sistemin \u00e7ekirde\u011fini olu\u015fturarak hidrolik s\u0131v\u0131y\u0131 hareket ettirmek i\u00e7in gerekli enerjiyi \u00fcretir ve \u00e7al\u0131\u015fma i\u00e7in gereken kontrol sinyallerini sa\u011flar. G\u00fc\u00e7 \u00fcnitesi tipik olarak bir motor, pompa, depo ve kontrol vanalar\u0131ndan olu\u015fur ve bunlar\u0131n t\u00fcm\u00fc sistem i\u00e7indeki bas\u0131nc\u0131 ve ak\u0131\u015f h\u0131zlar\u0131n\u0131 tutarl\u0131 tutmak i\u00e7in uyum i\u00e7inde \u00e7al\u0131\u015f\u0131r.<\/p>\n<p>Hidrolik silindir ve g\u00fc\u00e7 \u00fcnitesi aras\u0131ndaki koordineli i\u015f birli\u011fi, hidrolik sistemin sorunsuz \u00e7al\u0131\u015fmas\u0131 i\u00e7in hayati \u00f6nem ta\u015f\u0131r. Birlikte, end\u00fcstriyel makinelerin g\u00fcvenilir ve verimli bir \u015fekilde \u00e7al\u0131\u015fmas\u0131n\u0131 sa\u011flayarak verimlili\u011fi ve g\u00fcvenli\u011fi art\u0131r\u0131rlar. FMP olarak, m\u00fc\u015fterilerimizin \u00f6zel ihtiya\u00e7lar\u0131na g\u00f6re uyarlanm\u0131\u015f tam entegre hidrolik sistemler olu\u015fturmalar\u0131n\u0131 sa\u011flayan y\u00fcksek kaliteli g\u00fc\u00e7 \u00fcniteleri de sat\u0131yoruz. Bu kapsaml\u0131 yakla\u015f\u0131m, i\u015fletmelerin hidrolik teknolojisinin t\u00fcm avantajlar\u0131ndan tam olarak yararlanmas\u0131n\u0131 ve operasyonel hedeflerine g\u00fcvenle ula\u015fmas\u0131n\u0131 sa\u011flar.<\/p>\n<p><img loading=\"lazy\" decoding=\"async\" class=\"alignnone  wp-image-6717\" src=\"https:\/\/fmp-components.com\/wp-content\/uploads\/2025\/03\/hydraulic-cylinder-211.webp\" alt=\"Hidrolik Silindirler\" width=\"923\" height=\"925\" title=\"\" srcset=\"https:\/\/fmp-components.com\/wp-content\/uploads\/2025\/03\/hydraulic-cylinder-211.webp 923w, https:\/\/fmp-components.com\/wp-content\/uploads\/2025\/03\/hydraulic-cylinder-211-480x481.webp 480w\" sizes=\"(min-width: 0px) and (max-width: 480px) 480px, (min-width: 481px) 923px, 100vw\" \/><\/p>\n<h3>S\u0131k\u00e7a Sorulan Sorular<\/h3>\n<p><strong>S: Siz bir ticaret \u015firketi misiniz yoksa \u00fcretici misiniz?<\/strong><br \/>\nA: Biz \u00fcreticiyiz.<\/p>\n<p><strong>S: Teslimat s\u00fcreniz ne kadard\u0131r?<\/strong><br \/>\nA: Genellikle 25-35 g\u00fcnd\u00fcr.<\/p>\n<p><strong>S: Numune sa\u011fl\u0131yor musunuz? \u00dccretsiz mi yoksa ekstra m\u0131?<\/strong><br \/>\nC: Evet, numune sunabiliriz ancak \u00fccretsiz de\u011fil.<\/p>\n<h3>FMP Hakk\u0131nda<\/h3>\n<p>FMP, en y\u00fcksek kalitede hidrolik silindirlerin tasar\u0131m\u0131, geli\u015ftirilmesi ve \u00fcretiminde uzmanla\u015fm\u0131\u015f, \u00f6nde gelen bir \u0130talyan \u00fcreticisidir. Onlarca y\u0131ll\u0131k uzmanl\u0131\u011f\u0131m\u0131zla olu\u015fturdu\u011fumuz miras\u0131m\u0131zla, \u0130talyan i\u015f\u00e7ili\u011fini en son teknolojiyle kusursuz bir \u015fekilde harmanlayarak, k\u00fcresel m\u00fc\u015fterilerimizin \u00e7e\u015fitli ihtiya\u00e7lar\u0131na \u00f6zel, ola\u011fan\u00fcst\u00fc hidrolik \u00e7\u00f6z\u00fcmler sunuyoruz. M\u00fchendislik m\u00fckemmelli\u011finin merkez \u00fcss\u00fc \u0130talya'da bulunan FMP, d\u00fcnya \u00e7ap\u0131ndaki i\u015fletmelere g\u00fc\u00e7 katan g\u00fcvenilir, dayan\u0131kl\u0131 ve yenilik\u00e7i \u00fcr\u00fcnler sunmaya kendini adam\u0131\u015f, hidrolik sekt\u00f6r\u00fcnde g\u00fcvenilir bir isim olarak kendini kan\u0131tlam\u0131\u015ft\u0131r.<\/p>\n<p>\u015eirketimiz, ileri \u00fcretim geleneklerini ileri g\u00f6r\u00fc\u015fl\u00fc bir yakla\u015f\u0131mla birle\u015ftiriyor. Hidrolik sistemlerdeki engin deneyiminden yararlanan FMP, ara\u015ft\u0131rma, tasar\u0131m ve \u00fcretimde m\u00fckemmellik g\u00f6steren modern bir kurulu\u015fa d\u00f6n\u00fc\u015fm\u00fc\u015ft\u00fcr. \u00c7ift etkili silindirler, otomotiv kald\u0131rma silindirleri, tar\u0131m makineleri silindirleri ve \u00e7e\u015fitli end\u00fcstriyel uygulamalar i\u00e7in \u00f6zel olarak tasarlanm\u0131\u015f \u00e7\u00f6z\u00fcmler de dahil olmak \u00fczere geni\u015f bir hidrolik silindir yelpazesi sunuyoruz. \u0130ster in\u015faat, ister end\u00fcstriyel tesisler, ister tar\u0131m veya a\u011f\u0131r makine olsun, hangi sekt\u00f6r olursa olsun, hidrolik silindirlerimiz en zorlu ko\u015fullarda bile g\u00fcvenlik, verimlilik ve uzun \u00f6m\u00fcr sa\u011flayacak \u015fekilde tasarlanm\u0131\u015ft\u0131r.<\/p>\n<p><img loading=\"lazy\" decoding=\"async\" class=\"alignnone size-full wp-image-6720\" src=\"https:\/\/fmp-components.com\/wp-content\/uploads\/2025\/03\/hydraulic-cylinder-8.webp\" alt=\"Teleskopik Hidrolik Silindirler\" width=\"933\" height=\"526\" title=\"\" srcset=\"https:\/\/fmp-components.com\/wp-content\/uploads\/2025\/03\/hydraulic-cylinder-8.webp 933w, https:\/\/fmp-components.com\/wp-content\/uploads\/2025\/03\/hydraulic-cylinder-8-480x271.webp 480w\" sizes=\"(min-width: 0px) and (max-width: 480px) 480px, (min-width: 481px) 933px, 100vw\" \/><\/p>\n<p>FMP olarak, hassas makineler ve geli\u015fmi\u015f test sistemleriyle donat\u0131lm\u0131\u015f son teknoloji \u00fcretim tesislerimizle gurur duyuyoruz. \u00dcretim s\u00fcre\u00e7lerimiz, \u00fcretti\u011fimiz her hidrolik silindirin en y\u00fcksek kalite ve g\u00fcvenilirlikte olmas\u0131n\u0131 sa\u011flayan s\u0131k\u0131 ulusal ve uluslararas\u0131 standartlar\u0131 kar\u015f\u0131lamaktad\u0131r. Son teknoloji ekipmanlarla bir araya gelen yetenekli teknik ekibimiz, hammadde se\u00e7iminden son kontrole kadar \u00fcretimin her a\u015famas\u0131nda s\u0131k\u0131 bir kalite kontrol\u00fc sa\u011flamam\u0131z\u0131 m\u00fcmk\u00fcn k\u0131lmaktad\u0131r. M\u00fckemmelli\u011fe olan bu ba\u011fl\u0131l\u0131\u011f\u0131m\u0131z, sekt\u00f6r otoritelerinden sertifikalar ve takdirler almam\u0131z\u0131 sa\u011flayarak, g\u00fcvenilir bir i\u015f orta\u011f\u0131 olarak itibar\u0131m\u0131z\u0131 daha da sa\u011flamla\u015ft\u0131rm\u0131\u015ft\u0131r.<\/p>\n<p>Misyonumuz hem basit hem de iddial\u0131d\u0131r: M\u00fc\u015fterilerimize performans, dayan\u0131kl\u0131l\u0131k ve de\u011fer a\u00e7\u0131s\u0131ndan beklentileri a\u015fan hidrolik silindirler sunmak. Profesyonellik, d\u00fcr\u00fcstl\u00fck ve m\u00fc\u015fteri odakl\u0131l\u0131k temel ilkeleriyle faaliyet g\u00f6steriyoruz. Yenilik\u00e7ilik ve hassasiyet k\u00fclt\u00fcr\u00fcn\u00fc benimseyerek, rekabet\u00e7i bir pazarda \u00f6ne \u00e7\u0131kmak i\u00e7in \u00fcr\u00fcnlerimizi s\u00fcrekli olarak geli\u015ftiriyoruz. Kapsaml\u0131 \u00fcr\u00fcn yelpazemiz ve ki\u015fiye \u00f6zel \u00e7\u00f6z\u00fcmler sunma becerimiz, bizi y\u00fcksek performansl\u0131 hidrolik silindirler arayan i\u015fletmeler i\u00e7in tercih edilen se\u00e7enek haline getiriyor.<\/p>\n<p>FMP, bir \u00fcreticiden \u00e7ok daha fazlas\u0131d\u0131r; ba\u015far\u0131n\u0131z\u0131n orta\u011f\u0131y\u0131z. M\u00fc\u015fterilerimizin, \u00fcretkenli\u011fi ve g\u00fcvenli\u011fi art\u0131ran ara\u00e7lar sa\u011flamam\u0131z i\u00e7in bize g\u00fcvendi\u011finin fark\u0131nday\u0131z. Bu nedenle, yaln\u0131zca birinci s\u0131n\u0131f \u00fcr\u00fcnler sunmaya de\u011fil, ayn\u0131 zamanda ola\u011fan\u00fcst\u00fc hizmet sunmaya da kararl\u0131y\u0131z. \u0130lk dan\u0131\u015fmanl\u0131ktan sat\u0131\u015f sonras\u0131 deste\u011fe kadar, ihtiya\u00e7lar\u0131n\u0131n profesyonellik ve \u00f6zenle kar\u015f\u0131lanmas\u0131n\u0131 sa\u011flamak i\u00e7in m\u00fc\u015fterilerimizle yak\u0131n bir \u015fekilde \u00e7al\u0131\u015f\u0131yoruz. Rekabet\u00e7i fiyatlar\u0131m\u0131z ve kaliteye olan sars\u0131lmaz ba\u011fl\u0131l\u0131\u011f\u0131m\u0131z, FMP'yi g\u00fcvenilir hidrolik \u00e7\u00f6z\u00fcmlere yat\u0131r\u0131m yapmak isteyen \u015firketler i\u00e7in ak\u0131ll\u0131 bir tercih haline getiriyor.<\/p>","protected":false},"excerpt":{"rendered":"<p>Dump Trailer Truck 20 Tons 100 Ton 5 Stage Telescopic Hydraulic Cylinder with Long Stroke The 5 stage telescopic hydraulic cylinder with long stroke is a high-quality, heavy-duty piece of equipment designed for dump trailer trucks. It carries a weight of 38kg and can deliver a maximum thrust of 3000 and pull up to 20 [&hellip;]<\/p>","protected":false},"featured_media":6700,"comment_status":"closed","ping_status":"closed","template":"","meta":{"_et_pb_use_builder":"","_et_pb_old_content":"","_et_gb_content_width":""},"product_brand":[],"product_cat":[103],"product_tag":[34,105],"class_list":{"0":"post-6529","1":"product","2":"type-product","3":"status-publish","4":"has-post-thumbnail","6":"product_cat-telescopic-hydraulic-cylinders","7":"product_tag-hydraulic-cylinder","8":"product_tag-telescopic-hydraulic-cylinders","10":"first","11":"instock","12":"product-type-simple"},"_links":{"self":[{"href":"https:\/\/fmp-components.com\/tr\/wp-json\/wp\/v2\/product\/6529","targetHints":{"allow":["GET"]}}],"collection":[{"href":"https:\/\/fmp-components.com\/tr\/wp-json\/wp\/v2\/product"}],"about":[{"href":"https:\/\/fmp-components.com\/tr\/wp-json\/wp\/v2\/types\/product"}],"replies":[{"embeddable":true,"href":"https:\/\/fmp-components.com\/tr\/wp-json\/wp\/v2\/comments?post=6529"}],"wp:featuredmedia":[{"embeddable":true,"href":"https:\/\/fmp-components.com\/tr\/wp-json\/wp\/v2\/media\/6700"}],"wp:attachment":[{"href":"https:\/\/fmp-components.com\/tr\/wp-json\/wp\/v2\/media?parent=6529"}],"wp:term":[{"taxonomy":"product_brand","embeddable":true,"href":"https:\/\/fmp-components.com\/tr\/wp-json\/wp\/v2\/product_brand?post=6529"},{"taxonomy":"product_cat","embeddable":true,"href":"https:\/\/fmp-components.com\/tr\/wp-json\/wp\/v2\/product_cat?post=6529"},{"taxonomy":"product_tag","embeddable":true,"href":"https:\/\/fmp-components.com\/tr\/wp-json\/wp\/v2\/product_tag?post=6529"}],"curies":[{"name":"wp","href":"https:\/\/api.w.org\/{rel}","templated":true}]}}