{"id":6526,"date":"2025-03-11T06:26:57","date_gmt":"2025-03-11T06:26:57","guid":{"rendered":"https:\/\/fmp-components.com\/product\/factory-price-small-dump-truck-hydraulic-cylinder-telescopic-hydraulic-cylinder-for-sale"},"modified":"2025-03-18T01:07:30","modified_gmt":"2025-03-18T01:07:30","slug":"factory-price-small-dump-truck-hydraulic-cylinder-telescopic-hydraulic-cylinder-for-sale","status":"publish","type":"product","link":"https:\/\/fmp-components.com\/tr\/product\/factory-price-small-dump-truck-hydraulic-cylinder-telescopic-hydraulic-cylinder-for-sale\/","title":{"rendered":"Fabrika Fiyat\u0131na K\u00fc\u00e7\u00fck Damperli Kamyon Hidrolik Silindiri Teleskopik Hidrolik Silindir Sat\u0131l\u0131k"},"content":{"rendered":"<h2>Fabrika Fiyat\u0131na K\u00fc\u00e7\u00fck Damperli Kamyon Hidrolik Silindiri Teleskopik Hidrolik Silindir Sat\u0131l\u0131k<\/h2>\n<p>\u00c7ok kademeli hidrolik silindir, k\u00fc\u00e7\u00fck damperli kamyonlar, makine tamir at\u00f6lyeleri, \u00e7iftlikler, enerji ve madencilik, makine imalat\u0131 ve makine fabrikalar\u0131 i\u00e7in ola\u011fan\u00fcst\u00fc performans sunan 2025 y\u0131l\u0131 i\u00e7in yeni bir \u00fcr\u00fcnd\u00fcr. Sa\u011flam \u00e7elikten \u00fcretilen bu hidrolik silindir, y\u00fcksek itme ve \u00e7ekme kuvvetlerine dayanacak \u015fekilde tasarlanm\u0131\u015ft\u0131r ve g\u00fcvenilir \u00e7al\u0131\u015fma ve uzun \u00f6m\u00fcr sa\u011flar.<\/p>\n<h2>\u00d6zellikler ve Teknik \u00d6zellikler<\/h2>\n<table style=\"width: 100.555%;\" border=\"\">\n<tbody>\n<tr>\n<th style=\"width: 43.5028%;\">Delik Boyutu<\/th>\n<td style=\"width: 488.136%;\">2-6 in\u00e7<\/td>\n<\/tr>\n<tr>\n<th style=\"width: 43.5028%;\">\u00c7ubuk Boyutu<\/th>\n<td style=\"width: 488.136%;\">1.125-4 in\u00e7<\/td>\n<\/tr>\n<tr>\n<th style=\"width: 43.5028%;\">Vuru\u015f Boyutu<\/th>\n<td style=\"width: 488.136%;\">4-100 in\u00e7<\/td>\n<\/tr>\n<tr>\n<th style=\"width: 43.5028%;\">Pin Boyutu<\/th>\n<td style=\"width: 488.136%;\">0,5-2 in\u00e7<\/td>\n<\/tr>\n<tr>\n<th style=\"width: 43.5028%;\">Limanlar<\/th>\n<td style=\"width: 488.136%;\">G\/SAE\/NPT\/M<\/td>\n<\/tr>\n<\/tbody>\n<\/table>\n<h2>Temel Faydalar<\/h2>\n<ul>\n<li>Enerji verimlili\u011fi<\/li>\n<li>Y\u00fcksek performans<\/li>\n<li>G\u00fcvenlik ve g\u00fcvenilirlik<\/li>\n<\/ul>\n<h2>Hidrolik Sistemler ve \u00c7al\u0131\u015fma Prensibi<\/h2>\n<p>Hidrolik silindirler, hidrolik g\u00fcc\u00fc mekanik harekete d\u00f6n\u00fc\u015ft\u00fcrerek \u00e7al\u0131\u015fan temel bile\u015fenlerdir. Bu d\u00f6n\u00fc\u015f\u00fcm, damperli kamyonlar\u0131n ve di\u011fer \u00e7e\u015fitli makinelerin \u00e7al\u0131\u015fmas\u0131 i\u00e7in gerekli itici g\u00fcc\u00fc sa\u011flad\u0131\u011f\u0131 i\u00e7in hayati \u00f6nem ta\u015f\u0131r. Hidrolik s\u0131v\u0131 bas\u0131n\u00e7land\u0131r\u0131l\u0131p silindire y\u00f6nlendirildi\u011finde, pistonu iterek g\u00fc\u00e7l\u00fc ve hassas hareketlere d\u00f6n\u00fc\u015fen do\u011frusal bir hareket yarat\u0131r. Bu mekanizma, a\u011f\u0131r y\u00fcklerin etkili bir \u015fekilde kald\u0131r\u0131lmas\u0131n\u0131, itilmesini veya \u00e7ekilmesini sa\u011flayarak hidrolik silindirleri bir\u00e7ok end\u00fcstriyel uygulamada vazge\u00e7ilmez k\u0131lar. Tutarl\u0131 ve g\u00fcvenilir bir kuvvet sa\u011flama yetenekleri, makinelerin in\u015faat, ta\u015f\u0131mac\u0131l\u0131k veya imalat gibi alanlarda g\u00f6revlerini verimli bir \u015fekilde yerine getirmesini sa\u011flar.<\/p>\n<p><img loading=\"lazy\" decoding=\"async\" class=\"alignnone wp-image-6662\" src=\"https:\/\/fmp-components.com\/wp-content\/uploads\/2025\/03\/telescopic-hydraulic-cylinder-4.webp\" alt=\"teleskopik hidrolik silindir\" width=\"898\" height=\"898\" title=\"\" srcset=\"https:\/\/fmp-components.com\/wp-content\/uploads\/2025\/03\/telescopic-hydraulic-cylinder-4.webp 898w, https:\/\/fmp-components.com\/wp-content\/uploads\/2025\/03\/telescopic-hydraulic-cylinder-4-480x480.webp 480w\" sizes=\"(min-width: 0px) and (max-width: 480px) 480px, (min-width: 481px) 898px, 100vw\" \/><\/p>\n<h2>Uygulamalar<\/h2>\n<p>Bu hidrolik silindirler, \u00e7ok say\u0131da uygulama i\u00e7in idealdir. K\u00fc\u00e7\u00fck damperli kamyonlarda, kamyon kasas\u0131n\u0131n kald\u0131r\u0131lmas\u0131 ve e\u011filmesinde hayati bir rol oynar ve malzemelerin kolayca bo\u015falt\u0131lmas\u0131n\u0131 sa\u011flar. Makine tamir at\u00f6lyelerinde, bu silindirler teknisyenlerin a\u011f\u0131r bile\u015fenleri g\u00fcvenli bir \u015fekilde kald\u0131rmas\u0131na ve manevra yapmas\u0131na yard\u0131mc\u0131 olarak verimli bak\u0131m ve onar\u0131m sa\u011flar. Enerji ve madencilik sekt\u00f6rleri de, bu silindirlerin zorlu ortamlarda a\u011f\u0131r ekipman ve malzemeleri kald\u0131rman\u0131n getirdi\u011fi zorlu taleplere dayanabilmesi sayesinde sa\u011flam tasar\u0131mlar\u0131ndan \u00f6nemli \u00f6l\u00e7\u00fcde faydalan\u0131r. Ayr\u0131ca, makine imalat\u0131nda ve fabrikalarda, bu hidrolik silindirler montaj, malzeme ta\u015f\u0131ma ve di\u011fer kritik operasyonlar i\u00e7in gerekli kuvveti sa\u011flayarak \u00fcretim s\u00fcre\u00e7lerinin verimlili\u011fini art\u0131r\u0131r. \u00c7ok y\u00f6nl\u00fcl\u00fckleri ve g\u00fcvenilirlikleri, onlar\u0131 \u00e7e\u015fitli sekt\u00f6rlerdeki profesyoneller i\u00e7in vazge\u00e7ilmez bir tercih haline getirir.<\/p>\n<h2>Hidrolik Silindirler ve G\u00fc\u00e7 \u00dcniteleri<\/h2>\n<p>Hidrolik silindir ve g\u00fc\u00e7 \u00fcnitesi, optimum performans ve i\u015flevsellik sa\u011flamak i\u00e7in birlikte \u00e7al\u0131\u015fan, her hidrolik sistemin ayr\u0131lmaz bile\u015fenleridir. Hidrolik silindir, hidrolik enerjiyi mekanik harekete d\u00f6n\u00fc\u015ft\u00fcren akt\u00fcat\u00f6r g\u00f6revi g\u00f6r\u00fcrken, g\u00fc\u00e7 \u00fcnitesi enerji kayna\u011f\u0131 olarak g\u00f6rev yaparak \u00e7al\u0131\u015fma i\u00e7in gereken bas\u0131n\u00e7l\u0131 s\u0131v\u0131y\u0131 sa\u011flar. Bu birle\u015fik i\u015flev, hidrolik teknolojisinin end\u00fcstriyel sekt\u00f6rde etkili bir \u015fekilde uygulanmas\u0131 ve \u00e7e\u015fitli m\u00fchendislik ve mekanik ekipmanlara g\u00fcvenilir g\u00fc\u00e7 ve kontrol deste\u011fi sa\u011flanmas\u0131 i\u00e7in hayati \u00f6nem ta\u015f\u0131r. Bu sinerji, operasyonlar\u0131n verimlili\u011fini art\u0131rman\u0131n yan\u0131 s\u0131ra \u00f6nemli \u00f6l\u00e7\u00fcde kuvvet ve hassasiyet gerektiren g\u00f6revlerin y\u00fcr\u00fct\u00fclmesini de sa\u011flar. FMP olarak, hidrolik silindirlerimizi tamamlayan ve hidrolik sistem ihtiya\u00e7lar\u0131n\u0131z i\u00e7in kapsaml\u0131 \u00e7\u00f6z\u00fcmler sunan \u00e7e\u015fitli g\u00fc\u00e7 \u00fcniteleri de sat\u0131\u015fa sunuyoruz. Kalite ve inovasyona olan ba\u011fl\u0131l\u0131\u011f\u0131m\u0131z, operasyonel yeteneklerinizi art\u0131racak en iyi \u00fcr\u00fcnleri alman\u0131z\u0131 sa\u011flar.<\/p>\n<p><img loading=\"lazy\" decoding=\"async\" class=\"alignnone wp-image-6661\" src=\"https:\/\/fmp-components.com\/wp-content\/uploads\/2025\/03\/telescopic-hydraulic-cylinder-10.webp\" alt=\"teleskopik hidrolik silindir\" width=\"924\" height=\"924\" title=\"\" srcset=\"https:\/\/fmp-components.com\/wp-content\/uploads\/2025\/03\/telescopic-hydraulic-cylinder-10.webp 924w, https:\/\/fmp-components.com\/wp-content\/uploads\/2025\/03\/telescopic-hydraulic-cylinder-10-480x480.webp 480w\" sizes=\"(min-width: 0px) and (max-width: 480px) 480px, (min-width: 481px) 924px, 100vw\" \/><\/p>\n<h3>FMP Hakk\u0131nda<\/h3>\n<p class=\"break-words\">FMP, y\u00fcksek kaliteli hidrolik silindirlerin tasar\u0131m\u0131, geli\u015ftirilmesi ve \u00fcretiminde uzmanla\u015fm\u0131\u015f lider bir \u0130talyan \u00fcreticisidir. Onlarca y\u0131ll\u0131k uzmanl\u0131\u011fa dayanan zengin bir mirasa sahip olarak, \u0130talyan i\u015f\u00e7ili\u011fini en son teknolojiyle gururla birle\u015ftirerek, k\u00fcresel m\u00fc\u015fterilerimizin \u00e7e\u015fitli ihtiya\u00e7lar\u0131n\u0131 kar\u015f\u0131lamak \u00fczere tasarlanm\u0131\u015f ola\u011fan\u00fcst\u00fc hidrolik \u00e7\u00f6z\u00fcmler sunuyoruz. M\u00fchendislik m\u00fckemmelli\u011finin merkezi \u0130talya'da bulunan FMP, hidrolik sekt\u00f6r\u00fcnde g\u00fcvenilir bir isim olarak \u00f6ne \u00e7\u0131kmakta ve d\u00fcnya \u00e7ap\u0131ndaki i\u015fletmelere g\u00fc\u00e7 katan g\u00fcvenilir, dayan\u0131kl\u0131 ve yenilik\u00e7i \u00fcr\u00fcnler sunmaya kendini adam\u0131\u015ft\u0131r.<\/p>\n<p class=\"break-words\">\u015eirketimiz, ileri d\u00fczey \u00fcretim geleneklerinin en iyilerini ileri g\u00f6r\u00fc\u015fl\u00fc bir yakla\u015f\u0131mla birle\u015ftiriyor. Hidrolik sistemlerdeki uzun y\u0131llara dayanan deneyiminden g\u00fc\u00e7 alan FMP, ara\u015ft\u0131rma, tasar\u0131m ve \u00fcretimde m\u00fckemmellik g\u00f6steren modern bir kurulu\u015fa d\u00f6n\u00fc\u015fm\u00fc\u015ft\u00fcr. \u00c7ift etkili silindirler, otomotiv kald\u0131rma silindirleri, tar\u0131m makineleri silindirleri ve \u00e7e\u015fitli end\u00fcstriyel uygulamalar i\u00e7in \u00f6zel olarak tasarlanm\u0131\u015f \u00e7\u00f6z\u00fcmler de dahil olmak \u00fczere geni\u015f bir hidrolik silindir yelpazesinde uzmanla\u015f\u0131yoruz. \u0130ster in\u015faat, ister end\u00fcstriyel tesisler, ister tar\u0131m veya a\u011f\u0131r makineler olsun, hidrolik silindirlerimiz en zorlu ko\u015fullarda bile g\u00fcvenlik, verimlilik ve uzun \u00f6m\u00fcr sa\u011flayacak \u015fekilde \u00fcretilmi\u015ftir.<\/p>\n<p><img loading=\"lazy\" decoding=\"async\" class=\"alignnone size-full wp-image-6720\" src=\"https:\/\/fmp-components.com\/wp-content\/uploads\/2025\/03\/hydraulic-cylinder-8.webp\" alt=\"Teleskopik Hidrolik Silindirler\" width=\"933\" height=\"526\" title=\"\" srcset=\"https:\/\/fmp-components.com\/wp-content\/uploads\/2025\/03\/hydraulic-cylinder-8.webp 933w, https:\/\/fmp-components.com\/wp-content\/uploads\/2025\/03\/hydraulic-cylinder-8-480x271.webp 480w\" sizes=\"(min-width: 0px) and (max-width: 480px) 480px, (min-width: 481px) 933px, 100vw\" \/><\/p>\n<p class=\"break-words\">FMP olarak, hassas makineler ve geli\u015fmi\u015f test sistemleriyle donat\u0131lm\u0131\u015f son teknoloji \u00fcretim tesislerimizle gurur duyuyoruz. \u00dcretim s\u00fcre\u00e7lerimiz, fabrikam\u0131zdan \u00e7\u0131kan her hidrolik silindirin \u00fcst\u00fcn kalite ve g\u00fcvenilirlikte olmas\u0131n\u0131 sa\u011flayan s\u0131k\u0131 ulusal ve uluslararas\u0131 standartlara uygundur. Son teknoloji ekipmanlarla bir araya gelen yetenekli teknik ekibimiz, hammadde se\u00e7iminden son kontrole kadar \u00fcretimin her a\u015famas\u0131nda s\u0131k\u0131 bir kalite kontrol\u00fc sa\u011flamam\u0131z\u0131 sa\u011flar. M\u00fckemmelli\u011fe olan bu ba\u011fl\u0131l\u0131\u011f\u0131m\u0131z, bize sekt\u00f6r otoritelerinden sertifikalar ve takdirler kazand\u0131rarak, g\u00fcvenilir bir i\u015f orta\u011f\u0131 olarak itibar\u0131m\u0131z\u0131 daha da sa\u011flamla\u015ft\u0131rm\u0131\u015ft\u0131r.<\/p>\n<p class=\"break-words\">Misyonumuz basit ama iddial\u0131: M\u00fc\u015fterilerimize performans, dayan\u0131kl\u0131l\u0131k ve de\u011fer a\u00e7\u0131s\u0131ndan beklentileri a\u015fan hidrolik silindirler sunmak. Profesyonellik, d\u00fcr\u00fcstl\u00fck ve m\u00fc\u015fteri odakl\u0131l\u0131k ilkeleriyle \u00e7al\u0131\u015f\u0131yoruz. Yenilik\u00e7ilik ve hassasiyet k\u00fclt\u00fcr\u00fcn\u00fc benimseyerek, rekabet\u00e7i bir pazarda \u00f6ne \u00e7\u0131kmak i\u00e7in \u00fcr\u00fcnlerimizi s\u00fcrekli olarak geli\u015ftiriyoruz. Kapsaml\u0131 \u00fcr\u00fcn yelpazemiz ve ki\u015fiye \u00f6zel \u00e7\u00f6z\u00fcmler sunma becerimiz, bizi y\u00fcksek performansl\u0131 hidrolik silindir arayan i\u015fletmeler i\u00e7in vazge\u00e7ilmez k\u0131l\u0131yor.<\/p>\n<p class=\"break-words\">FMP, yaln\u0131zca bir \u00fcreticiden daha fazlas\u0131d\u0131r; ba\u015far\u0131n\u0131z\u0131n orta\u011f\u0131y\u0131z. M\u00fc\u015fterilerimizin \u00fcretkenliklerini ve g\u00fcvenliklerini art\u0131ran ara\u00e7lar sunmam\u0131z i\u00e7in bize g\u00fcvendi\u011finin fark\u0131nday\u0131z. Bu nedenle, yaln\u0131zca birinci s\u0131n\u0131f \u00fcr\u00fcnler sunmakla kalmay\u0131p ayn\u0131 zamanda ola\u011fan\u00fcst\u00fc hizmet de sunmaya kararl\u0131y\u0131z. \u0130lk dan\u0131\u015fmanl\u0131ktan sat\u0131\u015f sonras\u0131 deste\u011fe kadar, ihtiya\u00e7lar\u0131n\u0131n profesyonellik ve \u00f6zenle kar\u015f\u0131lanmas\u0131n\u0131 sa\u011flamak i\u00e7in m\u00fc\u015fterilerimizle yak\u0131n bir \u015fekilde \u00e7al\u0131\u015f\u0131yoruz. Rekabet\u00e7i fiyatlar\u0131m\u0131z ve kaliteye olan sars\u0131lmaz ba\u011fl\u0131l\u0131\u011f\u0131m\u0131z, FMP'yi g\u00fcvenebilecekleri hidrolik \u00e7\u00f6z\u00fcmlere yat\u0131r\u0131m yapmak isteyen \u015firketler i\u00e7in ak\u0131ll\u0131 bir tercih haline getiriyor.<\/p>\n<h2>SSS<\/h2>\n<dl>\n<dt>S: Siz bir ticaret \u015firketi misiniz yoksa \u00fcretici misiniz?<\/dt>\n<dd>A: Biz \u00fcreticiyiz.<\/dd>\n<dt>S: Teslimat s\u00fcreniz ne kadard\u0131r?<\/dt>\n<dd>A: Genellikle 25-35 g\u00fcnd\u00fcr.<\/dd>\n<dt>S: Numune sa\u011fl\u0131yor musunuz? \u00dccretsiz mi yoksa ekstra m\u0131?<\/dt>\n<dd>C: Evet, numune sunabiliriz ancak \u00fccretsiz de\u011fil.<\/dd>\n<\/dl>","protected":false},"excerpt":{"rendered":"<p>Factory Price Small Dump Truck Hydraulic Cylinder Telescopic Hydraulic Cylinder For Sale The multi-stage hydraulic cylinder is a new product for 2025, which offers exceptional performance for small dump trucks, machinery repair shops, farms, energy and mining, machinery manufacturing, and machinery factories. Made from sturdy steel, this hydraulic cylinder is designed to withstand high thrust [&hellip;]<\/p>","protected":false},"featured_media":6682,"comment_status":"closed","ping_status":"closed","template":"","meta":{"_et_pb_use_builder":"","_et_pb_old_content":"","_et_gb_content_width":""},"product_brand":[],"product_cat":[103],"product_tag":[34,105],"class_list":{"0":"post-6526","1":"product","2":"type-product","3":"status-publish","4":"has-post-thumbnail","6":"product_cat-telescopic-hydraulic-cylinders","7":"product_tag-hydraulic-cylinder","8":"product_tag-telescopic-hydraulic-cylinders","10":"first","11":"instock","12":"product-type-simple"},"_links":{"self":[{"href":"https:\/\/fmp-components.com\/tr\/wp-json\/wp\/v2\/product\/6526","targetHints":{"allow":["GET"]}}],"collection":[{"href":"https:\/\/fmp-components.com\/tr\/wp-json\/wp\/v2\/product"}],"about":[{"href":"https:\/\/fmp-components.com\/tr\/wp-json\/wp\/v2\/types\/product"}],"replies":[{"embeddable":true,"href":"https:\/\/fmp-components.com\/tr\/wp-json\/wp\/v2\/comments?post=6526"}],"wp:featuredmedia":[{"embeddable":true,"href":"https:\/\/fmp-components.com\/tr\/wp-json\/wp\/v2\/media\/6682"}],"wp:attachment":[{"href":"https:\/\/fmp-components.com\/tr\/wp-json\/wp\/v2\/media?parent=6526"}],"wp:term":[{"taxonomy":"product_brand","embeddable":true,"href":"https:\/\/fmp-components.com\/tr\/wp-json\/wp\/v2\/product_brand?post=6526"},{"taxonomy":"product_cat","embeddable":true,"href":"https:\/\/fmp-components.com\/tr\/wp-json\/wp\/v2\/product_cat?post=6526"},{"taxonomy":"product_tag","embeddable":true,"href":"https:\/\/fmp-components.com\/tr\/wp-json\/wp\/v2\/product_tag?post=6526"}],"curies":[{"name":"wp","href":"https:\/\/api.w.org\/{rel}","templated":true}]}}