{"id":6523,"date":"2025-03-11T06:26:57","date_gmt":"2025-03-11T06:26:57","guid":{"rendered":"https:\/\/fmp-components.com\/product\/chinese-factory-5-stage-telescopic-hydraulic-cylinder-multistage-hydraulic-cylinder"},"modified":"2025-03-18T02:13:27","modified_gmt":"2025-03-18T02:13:27","slug":"italian-factory-5-stage-telescopic-hydraulic-cylinder-multistage-hydraulic-cylinder","status":"publish","type":"product","link":"https:\/\/fmp-components.com\/tr\/product\/italian-factory-5-stage-telescopic-hydraulic-cylinder-multistage-hydraulic-cylinder\/","title":{"rendered":"\u0130talyan Fabrikas\u0131 5 Kademeli Teleskopik Hidrolik Silindir \u00c7ok Kademeli Hidrolik Silindir"},"content":{"rendered":"<h2>Fabrika \u00dcretimi 5 Kademeli Teleskopik Hidrolik Silindir \u00c7ok Kademeli Hidrolik Silindir<\/h2>\n<p>Y\u00fcksek kaliteli hidrolik silindirleriyle tan\u0131nan \u0130talyan fabrika FMP'den 5 kademeli teleskopik hidrolik silindiri sunuyoruz. Kusursuz bir \u015fekilde \u00fcretilen bu \u00e7ok kademeli hidrolik silindir, makine tamir at\u00f6lyeleri, \u00e7iftlikler, enerji ve madencilik, makine imalat\u0131 ve makine fabrikalar\u0131 gibi \u00e7e\u015fitli sekt\u00f6rlerde benzersiz verimlilik ve performans sunmaktad\u0131r.<\/p>\n<h3>\u00d6zellikler ve \u0130\u015flevler<\/h3>\n<p>G\u00fc\u00e7l\u00fc \u00e7elik g\u00f6vdeye sahip hidrolik silindirimiz, 3000'e kadar maksimum itme kuvveti ve 20 ton \u00e7ekme kapasitesi sunmaktad\u0131r. Silindir ayr\u0131ca ISO9001:2000 sertifikas\u0131na sahip olup, en y\u00fcksek kalite ve g\u00fcvenilirli\u011fi garanti etmektedir.<\/p>\n<h3>Teknik \u00d6zellikler<\/h3>\n<table style=\"width: 98.6435%;\" border=\"\">\n<tbody>\n<tr>\n<td style=\"width: 43.5028%;\"><b>Delik Boyutu<\/b><\/td>\n<td style=\"width: 477.966%;\">2-6 in\u00e7<\/td>\n<\/tr>\n<tr>\n<td style=\"width: 43.5028%;\"><b>\u00c7ubuk Boyutu<\/b><\/td>\n<td style=\"width: 477.966%;\">1.125-4 in\u00e7<\/td>\n<\/tr>\n<tr>\n<td style=\"width: 43.5028%;\"><b>Vuru\u015f Boyutu<\/b><\/td>\n<td style=\"width: 477.966%;\">4-100 in\u00e7<\/td>\n<\/tr>\n<tr>\n<td style=\"width: 43.5028%;\"><b>Pin Boyutu<\/b><\/td>\n<td style=\"width: 477.966%;\">0,5-2 in\u00e7<\/td>\n<\/tr>\n<tr>\n<td style=\"width: 43.5028%;\"><b>Limanlar<\/b><\/td>\n<td style=\"width: 477.966%;\">G\/SAE\/NPT\/M<\/td>\n<\/tr>\n<\/tbody>\n<\/table>\n<h3>Benzersiz Avantajlar<\/h3>\n<ul>\n<li>Enerji tasarruflu: Hidrolik silindirimiz minimum enerji t\u00fcketimiyle optimum performans sunar.<\/li>\n<li>Son derece verimli: \u00c7ok a\u015famal\u0131 tasar\u0131m, \u00e7e\u015fitli uygulamalarda verimlili\u011fin art\u0131r\u0131lmas\u0131na olanak tan\u0131r.<\/li>\n<li>G\u00fcvenlik: Kullan\u0131c\u0131 g\u00fcvenli\u011fini sa\u011flamak amac\u0131yla \u00fcr\u00fcn, temel bile\u015fenleri i\u00e7in 1 y\u0131ll\u0131k garanti ile birlikte gelir.<\/li>\n<\/ul>\n<h2>Hidrolik Sistem ve \u00c7al\u0131\u015fma Prensibi<\/h2>\n<p>Hidrolik sistem, hidrolik enerjiyi mekanik harekete d\u00f6n\u00fc\u015ft\u00fcrme temel prensibiyle \u00e7al\u0131\u015f\u0131r ve bu s\u00fcre\u00e7 b\u00fcy\u00fck \u00f6l\u00e7\u00fcde hidrolik silindire ba\u011fl\u0131d\u0131r. Bu silindir, bas\u0131n\u00e7l\u0131 s\u0131v\u0131y\u0131 g\u00fc\u00e7l\u00fc harekete d\u00f6n\u00fc\u015ft\u00fcrmede \u00e7ok \u00f6nemli bir rol oynar ve farkl\u0131 end\u00fcstrilerde \u00e7ok \u00e7e\u015fitli uygulamalar\u0131 m\u00fcmk\u00fcn k\u0131lar. Hidrolik silindirin \u00f6nemli bir kuvvet \u00fcretme yetene\u011fi, hassas kontrol ve g\u00fc\u00e7 gerektiren g\u00f6revler i\u00e7in onu paha bi\u00e7ilmez k\u0131lar.<\/p>\n<p>Hidrolik silindiri tamamlayan g\u00fc\u00e7 \u00fcnitesi, hidrolik sisteme gerekli enerjiyi ve kontrol sinyallerini sa\u011flar. Bu \u00fcnite, hidrolik s\u0131v\u0131 bas\u0131nc\u0131n\u0131 \u00fcretir ve d\u00fczenler, b\u00f6ylece sistemin etkili ve verimli bir \u015fekilde \u00e7al\u0131\u015fmas\u0131n\u0131 sa\u011flar. Hidrolik silindir ve g\u00fc\u00e7 \u00fcnitesi aras\u0131ndaki uyumlu etkile\u015fim, performans\u0131 en \u00fcst d\u00fczeye \u00e7\u0131karan, enerji kayb\u0131n\u0131 en aza indiren ve genel verimlili\u011fi art\u0131ran sa\u011flam bir sistemle sonu\u00e7lan\u0131r. Birlikte, \u00e7e\u015fitli mekanik ve end\u00fcstriyel uygulamalar i\u00e7in gerekli olan kusursuz bir \u00e7al\u0131\u015fma sa\u011flarlar.<\/p>\n<p><img loading=\"lazy\" decoding=\"async\" class=\"alignnone wp-image-6662\" src=\"https:\/\/fmp-components.com\/wp-content\/uploads\/2025\/03\/telescopic-hydraulic-cylinder-4.webp\" alt=\"teleskopik hidrolik silindir\" width=\"931\" height=\"931\" title=\"\" srcset=\"https:\/\/fmp-components.com\/wp-content\/uploads\/2025\/03\/telescopic-hydraulic-cylinder-4.webp 931w, https:\/\/fmp-components.com\/wp-content\/uploads\/2025\/03\/telescopic-hydraulic-cylinder-4-480x480.webp 480w\" sizes=\"(min-width: 0px) and (max-width: 480px) 480px, (min-width: 481px) 931px, 100vw\" \/><\/p>\n<h2>Ba\u015fvuru<\/h2>\n<p>Hidrolik silindirlerimiz, \u00e7ok \u00e7e\u015fitli uygulamalar i\u00e7in m\u00fckemmel bir \u015fekilde uygundur ve bu da onlar\u0131 makine tamir at\u00f6lyeleri, \u00e7iftlikler, enerji ve madencilik, makine imalat\u0131 ve makine fabrikalar\u0131 gibi sekt\u00f6rler i\u00e7in ideal bir se\u00e7im haline getirir. Makine tamir at\u00f6lyelerinde, a\u011f\u0131r par\u00e7alar\u0131n kald\u0131r\u0131lmas\u0131n\u0131 ve manevras\u0131n\u0131 kolayla\u015ft\u0131rarak teknisyenlerin onar\u0131mlar\u0131 g\u00fcvenli ve verimli bir \u015fekilde ger\u00e7ekle\u015ftirmelerini sa\u011flarlar. Tar\u0131m alanlar\u0131nda, bu silindirler trakt\u00f6r gibi ekipmanlar\u0131n i\u015flevselli\u011fini art\u0131rarak verimli malzeme ta\u015f\u0131ma olana\u011f\u0131 sa\u011flar. Enerji ve madencilik sekt\u00f6rleri, a\u011f\u0131r i\u015flerin zorlu ko\u015fullar\u0131na dayanabilen hidrolik silindirlerimizin sa\u011flam performans\u0131ndan faydalan\u0131r. Ayr\u0131ca, imalat ortamlar\u0131nda silindirlerimiz \u00e7e\u015fitli \u00fcretim s\u00fcre\u00e7lerini destekleyerek i\u015flemlerin sorunsuz ve etkili bir \u015fekilde y\u00fcr\u00fct\u00fclmesini sa\u011flar.<\/p>\n<p>Sizi d\u00fcnyam\u0131za davet ediyoruz ve \u00fcr\u00fcnlerimizin ard\u0131ndaki i\u015f\u00e7ili\u011fe tan\u0131k olman\u0131z\u0131 istiyoruz. \u00dcretim s\u00fcrecimizi uygulamal\u0131 olarak deneyimleyebilece\u011finiz VR Fabrikam\u0131z\u0131 ziyaret edebilirsiniz. Bu sanal tur, kaliteye ve yenili\u011fe olan ba\u011fl\u0131l\u0131\u011f\u0131m\u0131z hakk\u0131nda bilgi verecek ve hidrolik \u00e7\u00f6z\u00fcmlerimizi nas\u0131l hayata ge\u00e7irdi\u011fimizi g\u00f6sterecektir.<\/p>\n<h2>Hidrolik Silindirler ve G\u00fc\u00e7 \u00dcniteleri<\/h2>\n<p>Hidrolik silindirler ve g\u00fc\u00e7 \u00fcniteleri, herhangi bir hidrolik sistemin ayr\u0131lmaz bile\u015fenleridir. End\u00fcstriyel sekt\u00f6rde hidrolik teknolojisinin yayg\u0131n olarak uygulanmas\u0131 i\u00e7in i\u015fbirlikleri \u015fartt\u0131r. Birlikte, \u00e7e\u015fitli m\u00fchendislik ve mekanik ekipmanlar i\u00e7in g\u00fcvenilir g\u00fc\u00e7 ve kontrol deste\u011fi sa\u011flarlar. Hidrolik silindir, hidrolik enerjiyi mekanik harekete d\u00f6n\u00fc\u015ft\u00fcren akt\u00fcat\u00f6r g\u00f6revi g\u00f6r\u00fcrken, g\u00fc\u00e7 \u00fcnitesi ise gerekli bas\u0131nc\u0131 ve kontrol sinyallerini sa\u011flayan enerji kayna\u011f\u0131 olarak g\u00f6rev yapar.<\/p>\n<p>FMP olarak, hidrolik ihtiya\u00e7lar\u0131n\u0131z\u0131n tamam\u0131 i\u00e7in tek elden \u00e7\u00f6z\u00fcm sunan bir g\u00fc\u00e7 \u00fcnitesi se\u00e7ene\u011fi de sat\u0131\u015fa sunuyoruz. Y\u00fcksek kaliteli hidrolik \u00e7\u00f6z\u00fcmler sa\u011flama taahh\u00fcd\u00fcm\u00fcz, hem silindirler hem de g\u00fc\u00e7 \u00fcniteleri konusunda bize g\u00fcvenebilece\u011finizi, operasyonlar\u0131n\u0131z\u0131 kolayla\u015ft\u0131r\u0131p verimlili\u011finizi art\u0131rabilece\u011finizi garanti eder. Kapsaml\u0131 \u00fcr\u00fcn yelpazemizle, \u00e7e\u015fitli sekt\u00f6rlerdeki m\u00fc\u015fterilerimizin farkl\u0131 gereksinimlerini kar\u015f\u0131lamaya kendimizi adad\u0131k.<\/p>\n<p><img loading=\"lazy\" decoding=\"async\" class=\"alignnone wp-image-6663\" src=\"https:\/\/fmp-components.com\/wp-content\/uploads\/2025\/03\/telescopic-hydraulic-cylinder-11.webp\" alt=\"teleskopik hidrolik silindir\" width=\"941\" height=\"941\" title=\"\" srcset=\"https:\/\/fmp-components.com\/wp-content\/uploads\/2025\/03\/telescopic-hydraulic-cylinder-11.webp 941w, https:\/\/fmp-components.com\/wp-content\/uploads\/2025\/03\/telescopic-hydraulic-cylinder-11-480x480.webp 480w\" sizes=\"(min-width: 0px) and (max-width: 480px) 480px, (min-width: 481px) 941px, 100vw\" \/><\/p>\n<h2>SSS<\/h2>\n<p><b>S: Siz bir ticaret \u015firketi misiniz yoksa \u00fcretici misiniz?<\/b><br \/>\nA: Biz \u0130talya merkezli bir \u00fcreticiyiz.<\/p>\n<p><b>S: Hidrolik silindirlerinizin teslimat s\u00fcresi nedir?<\/b><br \/>\nA: Genellikle 25-35 g\u00fcnd\u00fcr.<\/p>\n<p><b>S: Numune sa\u011fl\u0131yor musunuz?<\/b><br \/>\nC: Evet, numune sa\u011fl\u0131yoruz ancak \u00fccretsiz de\u011fil.<\/p>\n<h3>FMP Hakk\u0131nda<\/h3>\n<p>FMP, y\u00fcksek kaliteli hidrolik silindirlerin tasar\u0131m\u0131, geli\u015ftirilmesi ve \u00fcretimindeki uzmanl\u0131\u011f\u0131yla tan\u0131nan \u00f6nde gelen bir \u0130talyan \u00fcreticisidir. Onlarca y\u0131ll\u0131k zengin bir mirasa sahip olarak, geleneksel \u0130talyan i\u015f\u00e7ili\u011fini en son teknolojiyle harmanlayarak, k\u00fcresel m\u00fc\u015fterilerimizin \u00e7e\u015fitli ihtiya\u00e7lar\u0131n\u0131 kar\u015f\u0131layan ola\u011fan\u00fcst\u00fc hidrolik \u00e7\u00f6z\u00fcmler \u00fcretiyoruz. Merkezi \u0130talya'da bulunan ve m\u00fchendislikte m\u00fckemmelli\u011fin merkezi olan FMP, d\u00fcnya \u00e7ap\u0131ndaki i\u015fletmelere g\u00fc\u00e7 katan g\u00fcvenilir, dayan\u0131kl\u0131 ve yenilik\u00e7i \u00fcr\u00fcnler sunmaya kendini adam\u0131\u015f, hidrolik sekt\u00f6r\u00fcnde g\u00fcvenilir bir isim olarak kendini kan\u0131tlam\u0131\u015ft\u0131r.<\/p>\n<p>\u015eirketimiz, ileri \u00fcretim geleneklerini ilerici bir bak\u0131\u015f a\u00e7\u0131s\u0131yla birle\u015ftiriyor. Hidrolik sistemlerdeki kapsaml\u0131 deneyimimizden yararlanan FMP, ara\u015ft\u0131rma, tasar\u0131m ve \u00fcretimde m\u00fckemmellik g\u00f6steren modern bir kurulu\u015fa d\u00f6n\u00fc\u015fm\u00fc\u015ft\u00fcr. \u00c7ift etkili silindirler, otomotiv kald\u0131rma silindirleri, tar\u0131m makineleri silindirleri ve \u00e7e\u015fitli end\u00fcstriyel uygulamalara \u00f6zel tasarlanm\u0131\u015f \u00e7\u00f6z\u00fcmler de dahil olmak \u00fczere kapsaml\u0131 bir hidrolik silindir yelpazesi sunuyoruz. \u0130ster in\u015faat, ister end\u00fcstriyel tesisler, ister tar\u0131m veya a\u011f\u0131r makineler olsun, hidrolik silindirlerimiz en zorlu ko\u015fullarda bile g\u00fcvenlik, verimlilik ve uzun \u00f6m\u00fcr sa\u011flayacak \u015fekilde tasarlanm\u0131\u015ft\u0131r.<\/p>\n<p>FMP olarak, hassas makineler ve geli\u015fmi\u015f test sistemleriyle donat\u0131lm\u0131\u015f son teknoloji \u00fcretim tesislerimizle gurur duyuyoruz. \u00dcretim s\u00fcre\u00e7lerimiz, s\u0131k\u0131 ulusal ve uluslararas\u0131 standartlara uygun olup, \u00fcretilen her hidrolik silindirin en y\u00fcksek kalite ve g\u00fcvenilirlik standartlar\u0131n\u0131 kar\u015f\u0131lamas\u0131n\u0131 sa\u011flar. Geli\u015fmi\u015f ekipmanlarla bir araya gelen yetenekli teknik ekibimiz, hammadde se\u00e7iminden son kontrole kadar \u00fcretimin her a\u015famas\u0131nda s\u0131k\u0131 bir kalite kontrol\u00fc uygulamam\u0131z\u0131 sa\u011flar. M\u00fckemmelli\u011fe olan bu ba\u011fl\u0131l\u0131\u011f\u0131m\u0131z, sekt\u00f6r otoritelerinden sertifikalar ve \u00f6d\u00fcller almam\u0131z\u0131 sa\u011flayarak g\u00fcvenilir bir ortak olarak itibar\u0131m\u0131z\u0131 peki\u015ftirmi\u015ftir.<\/p>\n<p><img loading=\"lazy\" decoding=\"async\" class=\"alignnone size-full wp-image-6720\" src=\"https:\/\/fmp-components.com\/wp-content\/uploads\/2025\/03\/hydraulic-cylinder-8.webp\" alt=\"Teleskopik Hidrolik Silindirler\" width=\"933\" height=\"526\" title=\"\" srcset=\"https:\/\/fmp-components.com\/wp-content\/uploads\/2025\/03\/hydraulic-cylinder-8.webp 933w, https:\/\/fmp-components.com\/wp-content\/uploads\/2025\/03\/hydraulic-cylinder-8-480x271.webp 480w\" sizes=\"(min-width: 0px) and (max-width: 480px) 480px, (min-width: 481px) 933px, 100vw\" \/><\/p>\n<p>Misyonumuz basit ama iddial\u0131: M\u00fc\u015fterilerimize performans, dayan\u0131kl\u0131l\u0131k ve de\u011fer a\u00e7\u0131s\u0131ndan beklentileri a\u015fan hidrolik silindirler sunmak. Profesyonellik, d\u00fcr\u00fcstl\u00fck ve m\u00fc\u015fteri odakl\u0131l\u0131k temeline dayanarak \u00e7al\u0131\u015f\u0131yoruz. Yenilik\u00e7ilik ve hassasiyet k\u00fclt\u00fcr\u00fcn\u00fc destekleyerek, pazarda rekabet g\u00fcc\u00fcm\u00fcz\u00fc korumak i\u00e7in \u00fcr\u00fcnlerimizi s\u00fcrekli geli\u015ftiriyoruz. Geni\u015f \u00fcr\u00fcn yelpazemiz ve ki\u015fiye \u00f6zel \u00e7\u00f6z\u00fcmler sunma becerimiz, bizi y\u00fcksek performansl\u0131 hidrolik silindir arayan i\u015fletmeler i\u00e7in tercih edilen se\u00e7enek haline getiriyor.<\/p>\n<p>FMP, bir \u00fcreticiden \u00e7ok daha fazlas\u0131d\u0131r; ba\u015far\u0131n\u0131z\u0131n orta\u011f\u0131y\u0131z. M\u00fc\u015fterilerimizin \u00fcretkenliklerini ve g\u00fcvenliklerini art\u0131ran ara\u00e7lar sunmam\u0131z i\u00e7in bize g\u00fcvendiklerinin fark\u0131nday\u0131z. Bu nedenle, yaln\u0131zca en kaliteli \u00fcr\u00fcnleri de\u011fil, ayn\u0131 zamanda ola\u011fan\u00fcst\u00fc hizmeti de sunmaya kararl\u0131y\u0131z. \u0130lk dan\u0131\u015fmanl\u0131ktan sat\u0131\u015f sonras\u0131 deste\u011fe kadar, m\u00fc\u015fterilerimizin ihtiya\u00e7lar\u0131n\u0131n profesyonellik ve \u00f6zenle kar\u015f\u0131lanmas\u0131n\u0131 sa\u011flamak i\u00e7in onlarla yak\u0131n i\u015f birli\u011fi i\u00e7indeyiz. Rekabet\u00e7i fiyatlar\u0131m\u0131z ve kaliteye olan sars\u0131lmaz ba\u011fl\u0131l\u0131\u011f\u0131m\u0131z, FMP'yi g\u00fcvenebilecekleri hidrolik \u00e7\u00f6z\u00fcmlere yat\u0131r\u0131m yapmak isteyen \u015firketler i\u00e7in ak\u0131ll\u0131 bir tercih haline getiriyor.<\/p>","protected":false},"excerpt":{"rendered":"<p>Factory 5 Stage Telescopic Hydraulic Cylinder Multistage Hydraulic Cylinder Introducing the 5 Stage Telescopic hydraulic cylinder From FMP, a Italian Factory renowned for its high-quality hydraulic cylinders. Crafted to perfection, this multistage hydraulic cylinder offers unparalleled efficiency and performance in various industries such as machinery repair shops, farms, energy &amp; mining, machinery manufacturing, and machinery [&hellip;]<\/p>","protected":false},"featured_media":6688,"comment_status":"closed","ping_status":"closed","template":"","meta":{"_et_pb_use_builder":"","_et_pb_old_content":"","_et_gb_content_width":""},"product_brand":[],"product_cat":[103],"product_tag":[34,105],"class_list":{"0":"post-6523","1":"product","2":"type-product","3":"status-publish","4":"has-post-thumbnail","6":"product_cat-telescopic-hydraulic-cylinders","7":"product_tag-hydraulic-cylinder","8":"product_tag-telescopic-hydraulic-cylinders","10":"first","11":"instock","12":"product-type-simple"},"_links":{"self":[{"href":"https:\/\/fmp-components.com\/tr\/wp-json\/wp\/v2\/product\/6523","targetHints":{"allow":["GET"]}}],"collection":[{"href":"https:\/\/fmp-components.com\/tr\/wp-json\/wp\/v2\/product"}],"about":[{"href":"https:\/\/fmp-components.com\/tr\/wp-json\/wp\/v2\/types\/product"}],"replies":[{"embeddable":true,"href":"https:\/\/fmp-components.com\/tr\/wp-json\/wp\/v2\/comments?post=6523"}],"wp:featuredmedia":[{"embeddable":true,"href":"https:\/\/fmp-components.com\/tr\/wp-json\/wp\/v2\/media\/6688"}],"wp:attachment":[{"href":"https:\/\/fmp-components.com\/tr\/wp-json\/wp\/v2\/media?parent=6523"}],"wp:term":[{"taxonomy":"product_brand","embeddable":true,"href":"https:\/\/fmp-components.com\/tr\/wp-json\/wp\/v2\/product_brand?post=6523"},{"taxonomy":"product_cat","embeddable":true,"href":"https:\/\/fmp-components.com\/tr\/wp-json\/wp\/v2\/product_cat?post=6523"},{"taxonomy":"product_tag","embeddable":true,"href":"https:\/\/fmp-components.com\/tr\/wp-json\/wp\/v2\/product_tag?post=6523"}],"curies":[{"name":"wp","href":"https:\/\/api.w.org\/{rel}","templated":true}]}}