{"id":6522,"date":"2025-03-11T06:26:57","date_gmt":"2025-03-11T06:26:57","guid":{"rendered":"https:\/\/fmp-components.com\/product\/factory-customized-2-stage-hydraulic-cylinder-small-dump-truck-multistage-hydraulic-cylinder"},"modified":"2025-03-12T01:10:20","modified_gmt":"2025-03-12T01:10:20","slug":"factory-customized-2-stage-hydraulic-cylinder-small-dump-truck-multistage-hydraulic-cylinder","status":"publish","type":"product","link":"https:\/\/fmp-components.com\/tr\/product\/factory-customized-2-stage-hydraulic-cylinder-small-dump-truck-multistage-hydraulic-cylinder\/","title":{"rendered":"Fabrika \u00d6zelle\u015ftirilmi\u015f 2 Kademeli Hidrolik Silindir K\u00fc\u00e7\u00fck Damperli Kamyon \u00c7ok Kademeli Hidrolik Silindir"},"content":{"rendered":"<h2>Fabrika \u00d6zelle\u015ftirilmi\u015f 2 Kademeli Hidrolik Silindir K\u00fc\u00e7\u00fck Damperli Kamyon \u00c7ok Kademeli Hidrolik Silindir<\/h2>\n<p>Fabrika \u00d6zel \u00dcretim 2 Kademeli Hidrolik Silindirimizin ola\u011fan\u00fcst\u00fc verimlili\u011fini ve dayan\u0131kl\u0131l\u0131\u011f\u0131n\u0131 ke\u015ffedin. K\u00fc\u00e7\u00fck damperli kamyonlar ve di\u011fer makineler i\u00e7in \u00f6zel olarak tasarlanan bu \u00e7ok kademeli hidrolik silindir, e\u015fsiz performans ve g\u00fcvenilirlik sunar. \u0130ster makine tamiri, ister tar\u0131m, ister enerji ve madencilik, ister makine imalat\u0131nda \u00e7al\u0131\u015f\u0131n, hidrolik silindirimiz beklentilerinizi a\u015facakt\u0131r.<\/p>\n<h2>\u00dcr\u00fcn \u00d6zellikleri<\/h2>\n<p>Hidrolik silindirlerimizin tasar\u0131m ve \u00fcretim s\u00fcrecine b\u00fcy\u00fck \u00f6zen ve titizlikle odakland\u0131k. \u0130\u015fte temel parametreler:<\/p>\n<table style=\"width: 100.555%;\" border=\"\">\n<tbody>\n<tr>\n<td style=\"width: 43.5028%;\"><i>Delik Boyutu:<\/i><\/td>\n<td style=\"width: 488.136%;\">2-6 in\u00e7<\/td>\n<\/tr>\n<tr>\n<td style=\"width: 43.5028%;\"><i>\u00c7ubuk Boyutu:<\/i><\/td>\n<td style=\"width: 488.136%;\">1.125-4 in\u00e7<\/td>\n<\/tr>\n<tr>\n<td style=\"width: 43.5028%;\"><i>Vuru\u015f Boyutu:<\/i><\/td>\n<td style=\"width: 488.136%;\">4-100 in\u00e7<\/td>\n<\/tr>\n<tr>\n<td style=\"width: 43.5028%;\"><i>Pin Boyutu:<\/i><\/td>\n<td style=\"width: 488.136%;\">0,5-2 in\u00e7<\/td>\n<\/tr>\n<tr>\n<td style=\"width: 43.5028%;\"><i>Limanlar:<\/i><\/td>\n<td style=\"width: 488.136%;\">G\/SAE\/NPT\/M<\/td>\n<\/tr>\n<\/tbody>\n<\/table>\n<h2>Benzersiz \u00d6zellikler ve Avantajlar<\/h2>\n<p>Hidrolik silindirlerimiz, onlar\u0131 pazarda \u00f6ne \u00e7\u0131karan bir dizi benzersiz \u00f6zellikle tasarlanm\u0131\u015ft\u0131r. \u00d6ne \u00e7\u0131kan \u00f6zelliklerinden biri, \u00e7al\u0131\u015fma s\u0131ras\u0131nda minimum enerji israf\u0131n\u0131 sa\u011flayarak i\u015fletme maliyetlerini ve \u00e7evresel etkiyi azaltan enerji verimlili\u011fidir. Ayr\u0131ca, bu silindirler y\u00fcksek performans i\u00e7in tasarlanm\u0131\u015f olup, en zorlu g\u00f6revleri bile hassasiyetle yerine getirmek i\u00e7in gereken g\u00fcc\u00fc ve h\u0131z\u0131 sa\u011flar. G\u00fcvenlik de en \u00f6nemli \u00f6nceliklerimizden biridir; hidrolik silindirlerimiz, a\u015f\u0131r\u0131 bas\u0131nc\u0131 \u00f6nleyen ve \u00e7e\u015fitli ko\u015fullarda g\u00fcvenilir \u00e7al\u0131\u015fma sa\u011flayan geli\u015fmi\u015f g\u00fcvenlik mekanizmalar\u0131yla donat\u0131lm\u0131\u015ft\u0131r.<\/p>\n<p>Bu silindirler, dayan\u0131kl\u0131l\u0131klar\u0131n\u0131 ve performanslar\u0131n\u0131 art\u0131ran dayan\u0131kl\u0131 malzemeler ve sa\u011flam yap\u0131lar\u0131yla en zorlu ortamlara dayanacak \u015fekilde \u00fcretilmi\u015ftir. A\u015f\u0131r\u0131 s\u0131cakl\u0131klar, a\u011f\u0131r y\u00fckler veya zorlu \u00e7al\u0131\u015fma ko\u015fullar\u0131yla kar\u015f\u0131 kar\u015f\u0131ya kalsan\u0131z bile, hidrolik silindirlerimiz uzun \u00f6m\u00fcrl\u00fc olacak \u015fekilde \u00fcretilmi\u015ftir, tutarl\u0131 sonu\u00e7lar sunar ve ar\u0131za s\u00fcrelerini en aza indirir. Enerji verimlili\u011fi, y\u00fcksek performans ve g\u00fcvenli\u011fin bu birle\u015fimi, hidrolik silindirlerimizi her sekt\u00f6r i\u00e7in de\u011ferli bir yat\u0131r\u0131m haline getirir.<\/p>\n<p><img loading=\"lazy\" decoding=\"async\" class=\"alignnone  wp-image-6665\" src=\"https:\/\/fmp-components.com\/wp-content\/uploads\/2025\/03\/telescopic-hydraulic-cylinder-9.webp\" alt=\"teleskopik hidrolik silindir\" width=\"916\" height=\"916\" title=\"\" srcset=\"https:\/\/fmp-components.com\/wp-content\/uploads\/2025\/03\/telescopic-hydraulic-cylinder-9.webp 916w, https:\/\/fmp-components.com\/wp-content\/uploads\/2025\/03\/telescopic-hydraulic-cylinder-9-480x480.webp 480w\" sizes=\"(min-width: 0px) and (max-width: 480px) 480px, (min-width: 481px) 916px, 100vw\" \/><\/p>\n<h3>Hidrolik Sistemler ve \u00c7al\u0131\u015fma Prensipleri<\/h3>\n<p>Hidrolik sistemler, s\u0131v\u0131 bas\u0131nc\u0131n\u0131n kuvvetinden yararlanma temel prensibiyle \u00e7al\u0131\u015f\u0131r. Hidrolik silindirlerimizde, silindire pompalanan hidrolik s\u0131v\u0131n\u0131n bas\u0131nc\u0131yla bir piston hareket ettirilir. S\u0131v\u0131 i\u00e7eri girdi\u011finde, pistona bas\u0131n\u00e7 uygulayarak hareket etmesini sa\u011flar. Bu hareket daha sonra ba\u011fl\u0131 makinelere etkili bir \u015fekilde aktar\u0131l\u0131r ve \u00e7ok \u00e7e\u015fitli g\u00f6revleri ger\u00e7ekle\u015ftirmek i\u00e7in gereken g\u00fcc\u00fc sa\u011flar. Hidrolik sistemler, s\u0131v\u0131 bas\u0131nc\u0131n\u0131 kullanarak \u00f6nemli bir kuvvet \u00fcretebilir ve sorunsuz, kontroll\u00fc hareketi kolayla\u015ft\u0131rarak in\u015faat ekipmanlar\u0131ndan \u00fcretim s\u00fcre\u00e7lerine kadar \u00e7e\u015fitli uygulamalarda vazge\u00e7ilmez hale gelir.<\/p>\n<h2>Hidrolik Silindirler ve G\u00fc\u00e7 \u00dcniteleri<\/h2>\n<p>Hidrolik silindirler ve g\u00fc\u00e7 \u00fcniteleri, hidrolik sistemlerin ayr\u0131lmaz par\u00e7alar\u0131d\u0131r ve hidrolik teknolojisinin \u00e7e\u015fitli end\u00fcstrilerde etkili bir \u015fekilde uygulanmas\u0131n\u0131 sa\u011flamak i\u00e7in uyum i\u00e7inde \u00e7al\u0131\u015f\u0131rlar. Hidrolik silindir, hidrolik enerjiyi mekanik harekete d\u00f6n\u00fc\u015ft\u00fcren akt\u00fcat\u00f6r g\u00f6revi g\u00f6r\u00fcrken, g\u00fc\u00e7 \u00fcnitesi sistemin kalbi olarak silindirin \u00e7al\u0131\u015fmas\u0131n\u0131 sa\u011flayan bas\u0131n\u00e7l\u0131 s\u0131v\u0131y\u0131 sa\u011flar. Birlikte, \u00e7e\u015fitli m\u00fchendislik ve mekanik ekipmanlar i\u00e7in g\u00fcvenilir g\u00fc\u00e7 ve kontrol deste\u011fi sa\u011flarlar.<\/p>\n<p>FMP olarak, bu bile\u015fenlerin operasyonel verimlili\u011fi art\u0131rmada oynad\u0131\u011f\u0131 kritik rol\u00fcn fark\u0131nday\u0131z. Bu nedenle, t\u00fcm hidrolik sistem ihtiya\u00e7lar\u0131n\u0131z i\u00e7in kapsaml\u0131 bir \u00e7\u00f6z\u00fcme sahip olman\u0131z\u0131 sa\u011flamak amac\u0131yla, sat\u0131\u015fa sundu\u011fumuz \u00e7e\u015fitli g\u00fc\u00e7 \u00fcniteleri de sunuyoruz. Kalite ve performansa olan ba\u011fl\u0131l\u0131\u011f\u0131m\u0131z, hangi sekt\u00f6r veya uygulama olursa olsun, operasyonlar\u0131n\u0131z i\u00e7in gerekli g\u00fcvenilirli\u011fi ve etkinli\u011fi sa\u011flayaca\u011f\u0131na g\u00fcvenebilece\u011finiz anlam\u0131na gelir.<\/p>\n<h2>SSS<\/h2>\n<p><b>S: Siz bir ticaret \u015firketi misiniz yoksa \u00fcretici misiniz?<\/b><br \/>\nA: Biz bir fabrikay\u0131z.<\/p>\n<p><b>S: Teslimat s\u00fcreniz ne kadard\u0131r?<\/b><br \/>\nA: Genellikle 25-35 g\u00fcnd\u00fcr.<\/p>\n<p><b>S: Numune sa\u011fl\u0131yor musunuz? \u00dccretsiz mi yoksa ekstra m\u0131?<\/b><br \/>\nC: Evet, numune sunabiliriz ancak \u00fccretsiz de\u011fil.<\/p>\n<p><img loading=\"lazy\" decoding=\"async\" class=\"alignnone  wp-image-6717\" src=\"https:\/\/fmp-components.com\/wp-content\/uploads\/2025\/03\/hydraulic-cylinder-211.webp\" alt=\"Hidrolik Silindirler\" width=\"910\" height=\"912\" title=\"\" srcset=\"https:\/\/fmp-components.com\/wp-content\/uploads\/2025\/03\/hydraulic-cylinder-211.webp 910w, https:\/\/fmp-components.com\/wp-content\/uploads\/2025\/03\/hydraulic-cylinder-211-480x481.webp 480w\" sizes=\"(min-width: 0px) and (max-width: 480px) 480px, (min-width: 481px) 910px, 100vw\" \/><\/p>\n<h3>FMP Hakk\u0131nda<\/h3>\n<p>FMP, y\u00fcksek kaliteli hidrolik silindirlerin tasar\u0131m\u0131, geli\u015ftirilmesi ve \u00fcretimindeki uzmanl\u0131\u011f\u0131yla tan\u0131nan \u00f6nde gelen bir \u0130talyan \u00fcreticisidir. Onlarca y\u0131ll\u0131k zengin bir mirasa sahip olarak, geleneksel \u0130talyan i\u015f\u00e7ili\u011fini en son teknolojiyle harmanlayarak, k\u00fcresel m\u00fc\u015fterilerimizin \u00e7e\u015fitli ihtiya\u00e7lar\u0131n\u0131 kar\u015f\u0131layan ola\u011fan\u00fcst\u00fc hidrolik \u00e7\u00f6z\u00fcmler \u00fcretiyoruz. Merkezi \u0130talya'da bulunan ve m\u00fchendislikte m\u00fckemmelli\u011fin merkezi olan FMP, d\u00fcnya \u00e7ap\u0131ndaki i\u015fletmelere g\u00fc\u00e7 katan g\u00fcvenilir, dayan\u0131kl\u0131 ve yenilik\u00e7i \u00fcr\u00fcnler sunmaya kendini adam\u0131\u015f, hidrolik sekt\u00f6r\u00fcnde g\u00fcvenilir bir isim olarak kendini kan\u0131tlam\u0131\u015ft\u0131r.<\/p>\n<p>\u015eirketimiz, ileri \u00fcretim geleneklerini ilerici bir bak\u0131\u015f a\u00e7\u0131s\u0131yla birle\u015ftiriyor. Hidrolik sistemlerdeki kapsaml\u0131 deneyimimizden yararlanan FMP, ara\u015ft\u0131rma, tasar\u0131m ve \u00fcretimde m\u00fckemmellik g\u00f6steren modern bir kurulu\u015fa d\u00f6n\u00fc\u015fm\u00fc\u015ft\u00fcr. \u00c7ift etkili silindirler, otomotiv kald\u0131rma silindirleri, tar\u0131m makineleri silindirleri ve \u00e7e\u015fitli end\u00fcstriyel uygulamalara \u00f6zel tasarlanm\u0131\u015f \u00e7\u00f6z\u00fcmler de dahil olmak \u00fczere kapsaml\u0131 bir hidrolik silindir yelpazesi sunuyoruz. \u0130ster in\u015faat, ister end\u00fcstriyel tesisler, ister tar\u0131m veya a\u011f\u0131r makineler olsun, hidrolik silindirlerimiz en zorlu ko\u015fullarda bile g\u00fcvenlik, verimlilik ve uzun \u00f6m\u00fcr sa\u011flayacak \u015fekilde tasarlanm\u0131\u015ft\u0131r.<\/p>\n<p>FMP olarak, hassas makineler ve geli\u015fmi\u015f test sistemleriyle donat\u0131lm\u0131\u015f son teknoloji \u00fcretim tesislerimizle gurur duyuyoruz. \u00dcretim s\u00fcre\u00e7lerimiz, s\u0131k\u0131 ulusal ve uluslararas\u0131 standartlara uygun olup, \u00fcretilen her hidrolik silindirin en y\u00fcksek kalite ve g\u00fcvenilirlik standartlar\u0131n\u0131 kar\u015f\u0131lamas\u0131n\u0131 sa\u011flar. Geli\u015fmi\u015f ekipmanlarla bir araya gelen yetenekli teknik ekibimiz, hammadde se\u00e7iminden son kontrole kadar \u00fcretimin her a\u015famas\u0131nda s\u0131k\u0131 bir kalite kontrol\u00fc uygulamam\u0131z\u0131 sa\u011flar. M\u00fckemmelli\u011fe olan bu ba\u011fl\u0131l\u0131\u011f\u0131m\u0131z, sekt\u00f6r otoritelerinden sertifikalar ve \u00f6d\u00fcller almam\u0131z\u0131 sa\u011flayarak g\u00fcvenilir bir ortak olarak itibar\u0131m\u0131z\u0131 peki\u015ftirmi\u015ftir.<\/p>\n<p><img loading=\"lazy\" decoding=\"async\" class=\"alignnone size-full wp-image-6720\" src=\"https:\/\/fmp-components.com\/wp-content\/uploads\/2025\/03\/hydraulic-cylinder-8.webp\" alt=\"Teleskopik Hidrolik Silindirler\" width=\"933\" height=\"526\" title=\"\" srcset=\"https:\/\/fmp-components.com\/wp-content\/uploads\/2025\/03\/hydraulic-cylinder-8.webp 933w, https:\/\/fmp-components.com\/wp-content\/uploads\/2025\/03\/hydraulic-cylinder-8-480x271.webp 480w\" sizes=\"(min-width: 0px) and (max-width: 480px) 480px, (min-width: 481px) 933px, 100vw\" \/><\/p>\n<p>Misyonumuz basit ama iddial\u0131: M\u00fc\u015fterilerimize performans, dayan\u0131kl\u0131l\u0131k ve de\u011fer a\u00e7\u0131s\u0131ndan beklentileri a\u015fan hidrolik silindirler sunmak. Profesyonellik, d\u00fcr\u00fcstl\u00fck ve m\u00fc\u015fteri odakl\u0131l\u0131k temeline dayanarak \u00e7al\u0131\u015f\u0131yoruz. Yenilik\u00e7ilik ve hassasiyet k\u00fclt\u00fcr\u00fcn\u00fc destekleyerek, pazarda rekabet g\u00fcc\u00fcm\u00fcz\u00fc korumak i\u00e7in \u00fcr\u00fcnlerimizi s\u00fcrekli geli\u015ftiriyoruz. Geni\u015f \u00fcr\u00fcn yelpazemiz ve ki\u015fiye \u00f6zel \u00e7\u00f6z\u00fcmler sunma becerimiz, bizi y\u00fcksek performansl\u0131 hidrolik silindir arayan i\u015fletmeler i\u00e7in tercih edilen se\u00e7enek haline getiriyor.<\/p>\n<p>FMP, bir \u00fcreticiden \u00e7ok daha fazlas\u0131d\u0131r; ba\u015far\u0131n\u0131z\u0131n orta\u011f\u0131y\u0131z. M\u00fc\u015fterilerimizin \u00fcretkenliklerini ve g\u00fcvenliklerini art\u0131ran ara\u00e7lar sunmam\u0131z i\u00e7in bize g\u00fcvendiklerinin fark\u0131nday\u0131z. Bu nedenle, yaln\u0131zca en kaliteli \u00fcr\u00fcnleri de\u011fil, ayn\u0131 zamanda ola\u011fan\u00fcst\u00fc hizmeti de sunmaya kararl\u0131y\u0131z. \u0130lk dan\u0131\u015fmanl\u0131ktan sat\u0131\u015f sonras\u0131 deste\u011fe kadar, m\u00fc\u015fterilerimizin ihtiya\u00e7lar\u0131n\u0131n profesyonellik ve \u00f6zenle kar\u015f\u0131lanmas\u0131n\u0131 sa\u011flamak i\u00e7in onlarla yak\u0131n i\u015f birli\u011fi i\u00e7indeyiz. Rekabet\u00e7i fiyatlar\u0131m\u0131z ve kaliteye olan sars\u0131lmaz ba\u011fl\u0131l\u0131\u011f\u0131m\u0131z, FMP'yi g\u00fcvenebilecekleri hidrolik \u00e7\u00f6z\u00fcmlere yat\u0131r\u0131m yapmak isteyen \u015firketler i\u00e7in ak\u0131ll\u0131 bir tercih haline getiriyor.<\/p>","protected":false},"excerpt":{"rendered":"<p>Fabrikada \u00d6zelle\u015ftirilmi\u015f 2 Kademeli Hidrolik Silindir K\u00fc\u00e7\u00fck Damperli Kamyon \u00c7ok Kademeli Hidrolik Silindiri Fabrikada \u00d6zelle\u015ftirilmi\u015f 2 Kademeli Hidrolik Silindirimizin ola\u011fan\u00fcst\u00fc verimlili\u011fini ve dayan\u0131kl\u0131l\u0131\u011f\u0131n\u0131 ke\u015ffedin. \u00d6zellikle k\u00fc\u00e7\u00fck damperli kamyonlar ve di\u011fer makineler i\u00e7in tasarlanan bu \u00e7ok kademeli hidrolik silindir, e\u015fsiz performans ve g\u00fcvenilirlik sunar. \u0130ster makine tamiri, ister tar\u0131m, enerji ve madencilik sekt\u00f6r\u00fcnde \u00e7al\u0131\u015f\u0131n, ister [\u2026]<\/p>","protected":false},"featured_media":6690,"comment_status":"closed","ping_status":"closed","template":"","meta":{"_et_pb_use_builder":"","_et_pb_old_content":"","_et_gb_content_width":""},"product_brand":[],"product_cat":[103],"product_tag":[34,105],"class_list":{"0":"post-6522","1":"product","2":"type-product","3":"status-publish","4":"has-post-thumbnail","6":"product_cat-telescopic-hydraulic-cylinders","7":"product_tag-hydraulic-cylinder","8":"product_tag-telescopic-hydraulic-cylinders","10":"first","11":"instock","12":"product-type-simple"},"_links":{"self":[{"href":"https:\/\/fmp-components.com\/tr\/wp-json\/wp\/v2\/product\/6522","targetHints":{"allow":["GET"]}}],"collection":[{"href":"https:\/\/fmp-components.com\/tr\/wp-json\/wp\/v2\/product"}],"about":[{"href":"https:\/\/fmp-components.com\/tr\/wp-json\/wp\/v2\/types\/product"}],"replies":[{"embeddable":true,"href":"https:\/\/fmp-components.com\/tr\/wp-json\/wp\/v2\/comments?post=6522"}],"wp:featuredmedia":[{"embeddable":true,"href":"https:\/\/fmp-components.com\/tr\/wp-json\/wp\/v2\/media\/6690"}],"wp:attachment":[{"href":"https:\/\/fmp-components.com\/tr\/wp-json\/wp\/v2\/media?parent=6522"}],"wp:term":[{"taxonomy":"product_brand","embeddable":true,"href":"https:\/\/fmp-components.com\/tr\/wp-json\/wp\/v2\/product_brand?post=6522"},{"taxonomy":"product_cat","embeddable":true,"href":"https:\/\/fmp-components.com\/tr\/wp-json\/wp\/v2\/product_cat?post=6522"},{"taxonomy":"product_tag","embeddable":true,"href":"https:\/\/fmp-components.com\/tr\/wp-json\/wp\/v2\/product_tag?post=6522"}],"curies":[{"name":"wp","href":"https:\/\/api.w.org\/{rel}","templated":true}]}}