{"id":6521,"date":"2025-03-11T06:26:57","date_gmt":"2025-03-11T06:26:57","guid":{"rendered":"https:\/\/fmp-components.com\/product\/excellent-quality-small-dump-truck-hydraulic-hoist-cylinder-telescopic-hydraulic-cylinder"},"modified":"2025-03-20T00:46:54","modified_gmt":"2025-03-20T00:46:54","slug":"excellent-quality-small-dump-truck-hydraulic-hoist-cylinder-telescopic-hydraulic-cylinder","status":"publish","type":"product","link":"https:\/\/fmp-components.com\/tr\/product\/excellent-quality-small-dump-truck-hydraulic-hoist-cylinder-telescopic-hydraulic-cylinder\/","title":{"rendered":"M\u00fckemmel Kalite K\u00fc\u00e7\u00fck Damperli Kamyon Hidrolik Kald\u0131rma Silindiri Teleskopik Hidrolik Silindir"},"content":{"rendered":"<h2>M\u00fckemmel Kalite K\u00fc\u00e7\u00fck Damperli Kamyon Hidrolik Kald\u0131rma Silindiri Teleskopik Hidrolik Silindir<\/h2>\n<p>Hidrolik Silindirimiz, k\u00fc\u00e7\u00fck damperli kamyonlar i\u00e7in m\u00fckemmel kalitede bir hidrolik kald\u0131rma silindiri ve teleskopik bir hidrolik silindirdir. Makine tamir at\u00f6lyelerinde, \u00e7iftliklerde, enerji ve madencilik end\u00fcstrilerinde, makine imalat\u0131nda ve makine fabrikalar\u0131nda \u00fcst\u00fcn performans i\u00e7in tasarlanm\u0131\u015f, 2025'in yeni bir \u00fcr\u00fcn\u00fcd\u00fcr.<\/p>\n<h2>\u00d6zellikler ve Teknik \u00d6zellikler<\/h2>\n<p>Hidrolik silindir standart olarak pistonlu yap\u0131ya sahip olup hidrolikle \u00e7al\u0131\u015f\u0131r. Dayan\u0131kl\u0131 \u00e7elikten \u00fcretilmi\u015f olup siyah renktedir. Maksimum itme g\u00fcc\u00fc 3000 kw olup, maksimum 20 ton \u00e7ekme kapasitesine sahiptir.<\/p>\n<h3>Teknik Parametreler<\/h3>\n<table style=\"width: 100.836%;\" border=\"\">\n<tbody>\n<tr>\n<td style=\"width: 42.9379%;\"><i>Delik Boyutu<\/i><\/td>\n<td style=\"width: 478.531%;\">2-6 in\u00e7<\/td>\n<\/tr>\n<tr>\n<td style=\"width: 42.9379%;\"><i>\u00c7ubuk Boyutu<\/i><\/td>\n<td style=\"width: 478.531%;\">1.125-4 in\u00e7<\/td>\n<\/tr>\n<tr>\n<td style=\"width: 42.9379%;\"><i>Vuru\u015f Boyutu<\/i><\/td>\n<td style=\"width: 478.531%;\">4-100 in\u00e7<\/td>\n<\/tr>\n<tr>\n<td style=\"width: 42.9379%;\"><i>Pin Boyutu<\/i><\/td>\n<td style=\"width: 478.531%;\">0,5-2 in\u00e7<\/td>\n<\/tr>\n<tr>\n<td style=\"width: 42.9379%;\"><i>Limanlar<\/i><\/td>\n<td style=\"width: 478.531%;\">G\/SAE\/NPT\/M<\/td>\n<\/tr>\n<\/tbody>\n<\/table>\n<h3>Benzersiz \u00d6zellikler ve Avantajlar<\/h3>\n<ul>\n<li>Enerji verimlili\u011fi<\/li>\n<li>Son derece etkili<\/li>\n<li>Kullan\u0131m\u0131 g\u00fcvenlidir<\/li>\n<\/ul>\n<h2>Hidrolik Sistemin ve \u00c7al\u0131\u015fma Prensibinin Anla\u015f\u0131lmas\u0131<\/h2>\n<p>Hidrolik sistem, ak\u0131\u015fkan g\u00fcc\u00fcn\u00fcn temel prensibine g\u00f6re \u00e7al\u0131\u015f\u0131r ve bas\u0131n\u00e7l\u0131 s\u0131v\u0131n\u0131n \u00fcretti\u011fi kuvveti kullanarak g\u00fcc\u00fc etkili bir \u015fekilde olu\u015fturur, kontrol eder ve iletir. Bu sistem, ak\u0131\u015fkanlar\u0131n s\u0131k\u0131\u015ft\u0131r\u0131lamazl\u0131\u011f\u0131ndan yararlanarak kuvvetin mesafeler boyunca verimli bir \u015fekilde aktar\u0131lmas\u0131n\u0131 sa\u011flar. Hidrolik silindir, hidrolik enerjiyi faydal\u0131 mekanik i\u015fe d\u00f6n\u00fc\u015ft\u00fcrme gibi temel bir i\u015flevi yerine getirdi\u011fi i\u00e7in bu \u00e7er\u00e7evede kritik bir bile\u015fendir. Hidrolik s\u0131v\u0131n\u0131n bas\u0131nc\u0131n\u0131 kullanarak silindir, do\u011frusal kuvvet ve hareket \u00fcreterek \u00e7e\u015fitli mekanik g\u00f6revlerin hassasiyet ve g\u00fc\u00e7le ger\u00e7ekle\u015ftirilmesini sa\u011flar. Bu \u00f6zellik, hidrolik sistemleri \u00f6nemli g\u00fc\u00e7 ve kontrol gerektiren uygulamalar i\u00e7in ideal hale getirerek bir\u00e7ok sekt\u00f6rde \u00fcretkenli\u011fi art\u0131r\u0131r.<\/p>\n<p><img loading=\"lazy\" decoding=\"async\" class=\"alignnone wp-image-6656\" src=\"https:\/\/fmp-components.com\/wp-content\/uploads\/2025\/03\/telescopic-hydraulic-cylinder-5.webp\" alt=\"teleskopik hidrolik silindir\" width=\"928\" height=\"928\" title=\"\" srcset=\"https:\/\/fmp-components.com\/wp-content\/uploads\/2025\/03\/telescopic-hydraulic-cylinder-5.webp 928w, https:\/\/fmp-components.com\/wp-content\/uploads\/2025\/03\/telescopic-hydraulic-cylinder-5-480x480.webp 480w\" sizes=\"(min-width: 0px) and (max-width: 480px) 480px, (min-width: 481px) 928px, 100vw\" \/><\/p>\n<h2>Hidrolik Silindir Uygulamalar\u0131<\/h2>\n<p>Hidrolik silindirler, \u00e7ok y\u00f6nl\u00fcl\u00fcklerini ve etkinliklerini sergileyen \u00e7e\u015fitli end\u00fcstrilerde geni\u015f bir uygulama yelpazesine sahiptir. Makine tamir at\u00f6lyelerinde, a\u011f\u0131r ekipmanlar\u0131n kald\u0131r\u0131lmas\u0131 ve manevra ettirilmesinde \u00f6nemli rol oynarlar ve teknisyenlerin bak\u0131m ve onar\u0131mlar\u0131n\u0131 g\u00fcvenli ve verimli bir \u015fekilde yapmalar\u0131n\u0131 sa\u011flarlar. Tar\u0131mda ise hidrolik silindirler, trakt\u00f6r ve bi\u00e7erd\u00f6ver gibi \u00e7e\u015fitli tar\u0131m ekipmanlar\u0131n\u0131n i\u015flevselli\u011fini art\u0131rarak mahsul ve malzemelerin verimli bir \u015fekilde ta\u015f\u0131nmas\u0131n\u0131 sa\u011flar. Enerji ve madencilik sekt\u00f6rleri de zorlu ko\u015fullar alt\u0131nda g\u00fc\u00e7l\u00fc performanslar\u0131 nedeniyle hidrolik silindirlere g\u00fcvenir ve a\u011f\u0131r y\u00fckleri kald\u0131rma ve zorlu ortamlarda makine \u00e7al\u0131\u015ft\u0131rma gibi g\u00f6revleri kolayla\u015ft\u0131r\u0131r. Ayr\u0131ca, makine imalat\u0131nda ve makine fabrikalar\u0131nda bu silindirler, montaj hatlar\u0131nda ve \u00fcretim s\u00fcre\u00e7lerinde hayati bir rol oynayarak sorunsuz \u00e7al\u0131\u015fma ve y\u00fcksek verimlilik sa\u011flar.<\/p>\n<h2>Hidrolik Silindirler ve G\u00fc\u00e7 \u00dcniteleri<\/h2>\n<p>Hidrolik silindirler ve g\u00fc\u00e7 \u00fcniteleri, hidrolik sistemlerin vazge\u00e7ilmez bile\u015fenleridir ve hidrolik teknolojisinin end\u00fcstriyel ortamlarda etkili bir \u015fekilde uygulanmas\u0131n\u0131 sa\u011flamak i\u00e7in birlikte \u00e7al\u0131\u015f\u0131rlar. Hidrolik silindir, hidrolik enerjiyi mekanik harekete d\u00f6n\u00fc\u015ft\u00fcren akt\u00fcat\u00f6r g\u00f6revi g\u00f6r\u00fcrken, g\u00fc\u00e7 \u00fcnitesi hidrolik s\u0131v\u0131 kayna\u011f\u0131 olarak g\u00f6rev yapar ve silindirin \u00e7al\u0131\u015fmas\u0131 i\u00e7in gereken bas\u0131nc\u0131 \u00fcretir ve d\u00fczenler. Birlikte, \u00e7e\u015fitli m\u00fchendislik ve mekanik ekipmanlara g\u00fcvenilir g\u00fc\u00e7 ve kontrol deste\u011fi sa\u011flarlar.<\/p>\n<p>FMP olarak, verimli hidrolik sistemler olu\u015fturmada bu bile\u015fenlerin \u00f6neminin fark\u0131nday\u0131z ve bu nedenle sat\u0131\u015fa sundu\u011fumuz \u00e7e\u015fitli g\u00fc\u00e7 \u00fcniteleri de sunuyoruz. Hem hidrolik silindirler hem de g\u00fc\u00e7 \u00fcniteleri sa\u011flayarak, t\u00fcm hidrolik ihtiya\u00e7lar\u0131n\u0131z i\u00e7in kapsaml\u0131 bir \u00e7\u00f6z\u00fcm olarak konumlan\u0131yoruz. Y\u00fcksek kaliteli \u00fcr\u00fcnler sunma taahh\u00fcd\u00fcm\u00fcz, sekt\u00f6r veya uygulama ne olursa olsun, operasyonlar\u0131n\u0131z\u0131n verimlili\u011fini ve g\u00fcvenilirli\u011fini art\u0131racak \u00e7\u00f6z\u00fcmlerimize g\u00fcvenebilece\u011finiz anlam\u0131na gelir.<\/p>\n<p><img loading=\"lazy\" decoding=\"async\" class=\"alignnone wp-image-6657\" src=\"https:\/\/fmp-components.com\/wp-content\/uploads\/2025\/03\/telescopic-hydraulic-cylinder-3.webp\" alt=\"teleskopik hidrolik silindir\" width=\"933\" height=\"933\" title=\"\" srcset=\"https:\/\/fmp-components.com\/wp-content\/uploads\/2025\/03\/telescopic-hydraulic-cylinder-3.webp 933w, https:\/\/fmp-components.com\/wp-content\/uploads\/2025\/03\/telescopic-hydraulic-cylinder-3-480x480.webp 480w\" sizes=\"(min-width: 0px) and (max-width: 480px) 480px, (min-width: 481px) 933px, 100vw\" \/><\/p>\n<h3>S\u0131k\u00e7a Sorulan Sorular<\/h3>\n<p>S: Siz bir ticaret \u015firketi misiniz yoksa \u00fcretici misiniz?<br \/>\nA: Biz \u0130talya'da bulunan bir fabrikay\u0131z.<\/p>\n<p>S: Teslimat s\u00fcreniz nedir?<br \/>\nA: Genellikle 25-35 g\u00fcnd\u00fcr.<\/p>\n<p>S: Numune sa\u011fl\u0131yor musunuz?<br \/>\nC: Evet, numune sa\u011fl\u0131yoruz ancak \u00fccretsiz de\u011fil.<\/p>\n<h3>FMP Hakk\u0131nda<\/h3>\n<p>FMP, y\u00fcksek kaliteli hidrolik silindirlerin tasar\u0131m\u0131, geli\u015ftirilmesi ve \u00fcretimindeki uzmanl\u0131\u011f\u0131yla tan\u0131nan \u00f6nde gelen bir \u0130talyan \u00fcreticisidir. Onlarca y\u0131ll\u0131k zengin bir mirasa sahip olarak, geleneksel \u0130talyan i\u015f\u00e7ili\u011fini en son teknolojiyle harmanlayarak, k\u00fcresel m\u00fc\u015fterilerimizin \u00e7e\u015fitli ihtiya\u00e7lar\u0131n\u0131 kar\u015f\u0131layan ola\u011fan\u00fcst\u00fc hidrolik \u00e7\u00f6z\u00fcmler \u00fcretiyoruz. Merkezi \u0130talya'da bulunan ve m\u00fchendislikte m\u00fckemmelli\u011fin merkezi olan FMP, d\u00fcnya \u00e7ap\u0131ndaki i\u015fletmelere g\u00fc\u00e7 katan g\u00fcvenilir, dayan\u0131kl\u0131 ve yenilik\u00e7i \u00fcr\u00fcnler sunmaya kendini adam\u0131\u015f, hidrolik sekt\u00f6r\u00fcnde g\u00fcvenilir bir isim olarak kendini kan\u0131tlam\u0131\u015ft\u0131r.<\/p>\n<p>\u015eirketimiz, ileri \u00fcretim geleneklerini ilerici bir bak\u0131\u015f a\u00e7\u0131s\u0131yla birle\u015ftiriyor. Hidrolik sistemlerdeki kapsaml\u0131 deneyimimizden yararlanan FMP, ara\u015ft\u0131rma, tasar\u0131m ve \u00fcretimde m\u00fckemmellik g\u00f6steren modern bir kurulu\u015fa d\u00f6n\u00fc\u015fm\u00fc\u015ft\u00fcr. \u00c7ift etkili silindirler, otomotiv kald\u0131rma silindirleri, tar\u0131m makineleri silindirleri ve \u00e7e\u015fitli end\u00fcstriyel uygulamalara \u00f6zel tasarlanm\u0131\u015f \u00e7\u00f6z\u00fcmler de dahil olmak \u00fczere kapsaml\u0131 bir hidrolik silindir yelpazesi sunuyoruz. \u0130ster in\u015faat, ister end\u00fcstriyel tesisler, ister tar\u0131m veya a\u011f\u0131r makineler olsun, hidrolik silindirlerimiz en zorlu ko\u015fullarda bile g\u00fcvenlik, verimlilik ve uzun \u00f6m\u00fcr sa\u011flayacak \u015fekilde tasarlanm\u0131\u015ft\u0131r.<\/p>\n<p>FMP olarak, hassas makineler ve geli\u015fmi\u015f test sistemleriyle donat\u0131lm\u0131\u015f son teknoloji \u00fcretim tesislerimizle gurur duyuyoruz. \u00dcretim s\u00fcre\u00e7lerimiz, s\u0131k\u0131 ulusal ve uluslararas\u0131 standartlara uygun olup, \u00fcretilen her hidrolik silindirin en y\u00fcksek kalite ve g\u00fcvenilirlik standartlar\u0131n\u0131 kar\u015f\u0131lamas\u0131n\u0131 sa\u011flar. Geli\u015fmi\u015f ekipmanlarla bir araya gelen yetenekli teknik ekibimiz, hammadde se\u00e7iminden son kontrole kadar \u00fcretimin her a\u015famas\u0131nda s\u0131k\u0131 bir kalite kontrol\u00fc uygulamam\u0131z\u0131 sa\u011flar. M\u00fckemmelli\u011fe olan bu ba\u011fl\u0131l\u0131\u011f\u0131m\u0131z, sekt\u00f6r otoritelerinden sertifikalar ve \u00f6d\u00fcller almam\u0131z\u0131 sa\u011flayarak g\u00fcvenilir bir ortak olarak itibar\u0131m\u0131z\u0131 peki\u015ftirmi\u015ftir.<\/p>\n<p><img loading=\"lazy\" decoding=\"async\" class=\"alignnone size-full wp-image-6720\" src=\"https:\/\/fmp-components.com\/wp-content\/uploads\/2025\/03\/hydraulic-cylinder-8.webp\" alt=\"Teleskopik Hidrolik Silindirler\" width=\"933\" height=\"526\" title=\"\" srcset=\"https:\/\/fmp-components.com\/wp-content\/uploads\/2025\/03\/hydraulic-cylinder-8.webp 933w, https:\/\/fmp-components.com\/wp-content\/uploads\/2025\/03\/hydraulic-cylinder-8-480x271.webp 480w\" sizes=\"(min-width: 0px) and (max-width: 480px) 480px, (min-width: 481px) 933px, 100vw\" \/><\/p>\n<p>Misyonumuz basit ama iddial\u0131: M\u00fc\u015fterilerimize performans, dayan\u0131kl\u0131l\u0131k ve de\u011fer a\u00e7\u0131s\u0131ndan beklentileri a\u015fan hidrolik silindirler sunmak. Profesyonellik, d\u00fcr\u00fcstl\u00fck ve m\u00fc\u015fteri odakl\u0131l\u0131k temeline dayanarak \u00e7al\u0131\u015f\u0131yoruz. Yenilik\u00e7ilik ve hassasiyet k\u00fclt\u00fcr\u00fcn\u00fc destekleyerek, pazarda rekabet g\u00fcc\u00fcm\u00fcz\u00fc korumak i\u00e7in \u00fcr\u00fcnlerimizi s\u00fcrekli geli\u015ftiriyoruz. Geni\u015f \u00fcr\u00fcn yelpazemiz ve ki\u015fiye \u00f6zel \u00e7\u00f6z\u00fcmler sunma becerimiz, bizi y\u00fcksek performansl\u0131 hidrolik silindir arayan i\u015fletmeler i\u00e7in tercih edilen se\u00e7enek haline getiriyor.<\/p>\n<p>FMP, bir \u00fcreticiden \u00e7ok daha fazlas\u0131d\u0131r; ba\u015far\u0131n\u0131z\u0131n orta\u011f\u0131y\u0131z. M\u00fc\u015fterilerimizin \u00fcretkenliklerini ve g\u00fcvenliklerini art\u0131ran ara\u00e7lar sunmam\u0131z i\u00e7in bize g\u00fcvendiklerinin fark\u0131nday\u0131z. Bu nedenle, yaln\u0131zca en kaliteli \u00fcr\u00fcnleri de\u011fil, ayn\u0131 zamanda ola\u011fan\u00fcst\u00fc hizmeti de sunmaya kararl\u0131y\u0131z. \u0130lk dan\u0131\u015fmanl\u0131ktan sat\u0131\u015f sonras\u0131 deste\u011fe kadar, m\u00fc\u015fterilerimizin ihtiya\u00e7lar\u0131n\u0131n profesyonellik ve \u00f6zenle kar\u015f\u0131lanmas\u0131n\u0131 sa\u011flamak i\u00e7in onlarla yak\u0131n i\u015f birli\u011fi i\u00e7indeyiz. Rekabet\u00e7i fiyatlar\u0131m\u0131z ve kaliteye olan sars\u0131lmaz ba\u011fl\u0131l\u0131\u011f\u0131m\u0131z, FMP'yi g\u00fcvenebilecekleri hidrolik \u00e7\u00f6z\u00fcmlere yat\u0131r\u0131m yapmak isteyen \u015firketler i\u00e7in ak\u0131ll\u0131 bir tercih haline getiriyor.<\/p>","protected":false},"excerpt":{"rendered":"<p>Excellent Quality Small Dump Truck Hydraulic Hoist Cylinder Telescopic Hydraulic Cylinder Our Hydraulic Cylinder is an excellent quality small dump truck hydraulic hoist cylinder and a telescopic hydraulic cylinder. It&#8217;s a new product of 2025, designed for superior performance in machinery repair shops, farms, energy and mining industries, machinery manufacturing, and machinery factories. Features and [&hellip;]<\/p>","protected":false},"featured_media":6781,"comment_status":"closed","ping_status":"closed","template":"","meta":{"_et_pb_use_builder":"","_et_pb_old_content":"","_et_gb_content_width":""},"product_brand":[],"product_cat":[103],"product_tag":[34,105],"class_list":{"0":"post-6521","1":"product","2":"type-product","3":"status-publish","4":"has-post-thumbnail","6":"product_cat-telescopic-hydraulic-cylinders","7":"product_tag-hydraulic-cylinder","8":"product_tag-telescopic-hydraulic-cylinders","10":"first","11":"instock","12":"product-type-simple"},"_links":{"self":[{"href":"https:\/\/fmp-components.com\/tr\/wp-json\/wp\/v2\/product\/6521","targetHints":{"allow":["GET"]}}],"collection":[{"href":"https:\/\/fmp-components.com\/tr\/wp-json\/wp\/v2\/product"}],"about":[{"href":"https:\/\/fmp-components.com\/tr\/wp-json\/wp\/v2\/types\/product"}],"replies":[{"embeddable":true,"href":"https:\/\/fmp-components.com\/tr\/wp-json\/wp\/v2\/comments?post=6521"}],"wp:featuredmedia":[{"embeddable":true,"href":"https:\/\/fmp-components.com\/tr\/wp-json\/wp\/v2\/media\/6781"}],"wp:attachment":[{"href":"https:\/\/fmp-components.com\/tr\/wp-json\/wp\/v2\/media?parent=6521"}],"wp:term":[{"taxonomy":"product_brand","embeddable":true,"href":"https:\/\/fmp-components.com\/tr\/wp-json\/wp\/v2\/product_brand?post=6521"},{"taxonomy":"product_cat","embeddable":true,"href":"https:\/\/fmp-components.com\/tr\/wp-json\/wp\/v2\/product_cat?post=6521"},{"taxonomy":"product_tag","embeddable":true,"href":"https:\/\/fmp-components.com\/tr\/wp-json\/wp\/v2\/product_tag?post=6521"}],"curies":[{"name":"wp","href":"https:\/\/api.w.org\/{rel}","templated":true}]}}