{"id":6519,"date":"2025-03-11T06:26:57","date_gmt":"2025-03-11T06:26:57","guid":{"rendered":"https:\/\/fmp-components.com\/product\/quality-manufacturing-small-dump-truck-telescopic-hydraulic-cylinder-for-sale"},"modified":"2025-03-12T01:20:27","modified_gmt":"2025-03-12T01:20:27","slug":"quality-manufacturing-small-dump-truck-telescopic-hydraulic-cylinder-for-sale","status":"publish","type":"product","link":"https:\/\/fmp-components.com\/tr\/product\/quality-manufacturing-small-dump-truck-telescopic-hydraulic-cylinder-for-sale\/","title":{"rendered":"Kaliteli \u00dcretim K\u00fc\u00e7\u00fck Damperli Kamyon Teleskopik Hidrolik Silindir Sat\u0131l\u0131k"},"content":{"rendered":"<h2>Kaliteli \u00dcretim K\u00fc\u00e7\u00fck Damperli Kamyon Teleskopik Hidrolik Silindir Sat\u0131l\u0131k<\/h2>\n<p>\u00dcst\u00fcn \u00fcretim teknikleriyle \u00fcretilen, \u00fcst\u00fcn kaliteli k\u00fc\u00e7\u00fck damperli kamyon teleskopik hidrolik silindirimizi sunuyoruz. Bu \u00fcr\u00fcn, sekt\u00f6rde \u00e7\u0131\u011f\u0131r a\u00e7an bir \u00fcr\u00fcnd\u00fcr ve bir y\u0131ll\u0131k garanti ve yeni bir g\u00f6r\u00fcn\u00fcm sunar. Kalitesi ISO9001:2000 sertifikas\u0131yla garanti alt\u0131na al\u0131nm\u0131\u015ft\u0131r.<\/p>\n<h3>\u00dcr\u00fcn \u00d6zellikleri<\/h3>\n<p>\u00dcr\u00fcn\u00fcm\u00fcz, etkileyici 3000 tonluk maksimum itme ve 20 tonluk maksimum \u00e7ekme g\u00fcc\u00fcne sahip \u00e7ok kademeli bir hidrolik silindirdir. Standart yap\u0131s\u0131, hidrolik g\u00fc\u00e7le \u00e7al\u0131\u015fan ve dayan\u0131kl\u0131 \u00e7elikten yap\u0131lm\u0131\u015f bir piston silindiridir.<\/p>\n<h3>Teknik Parametreler<\/h3>\n<table style=\"width: 101.206%;\" border=\"\">\n<tbody>\n<tr>\n<th style=\"width: 16.9576%;\">Delik Boyutu<\/th>\n<th style=\"width: 20.4489%;\">\u00c7ubuk Boyutu<\/th>\n<th style=\"width: 19.9501%;\">Vuru\u015f Boyutu<\/th>\n<th style=\"width: 16.4589%;\">Pin Boyutu<\/th>\n<th style=\"width: 156.608%;\">Limanlar<\/th>\n<\/tr>\n<tr>\n<td style=\"width: 16.9576%;\">2-6 in\u00e7<\/td>\n<td style=\"width: 20.4489%;\">1.125-4 in\u00e7<\/td>\n<td style=\"width: 19.9501%;\">4-100 in\u00e7<\/td>\n<td style=\"width: 16.4589%;\">0,5-2 in\u00e7<\/td>\n<td style=\"width: 156.608%;\">G\/SAE\/NPT\/M<\/td>\n<\/tr>\n<\/tbody>\n<\/table>\n<h3>Benzersiz Avantajlar<\/h3>\n<p>Hidrolik silindirlerimiz, ola\u011fan\u00fcst\u00fc enerji verimlili\u011fi, y\u00fcksek performans ve g\u00fc\u00e7l\u00fc g\u00fcvenlik \u00f6zellikleri gibi bir\u00e7ok benzersiz avantaj\u0131yla \u00f6ne \u00e7\u0131kar. Bu silindirler, enerji t\u00fcketimini en aza indirirken \u00e7\u0131kt\u0131y\u0131 en \u00fcst d\u00fczeye \u00e7\u0131karmak \u00fczere tasarlanm\u0131\u015ft\u0131r ve bu da onlar\u0131 yaln\u0131zca uygun maliyetli olmakla kalmaz, ayn\u0131 zamanda \u00e7evre dostu da yapar. Y\u00fcksek performanslar\u0131, zorlu g\u00f6revleri hassasiyet ve g\u00fc\u00e7le yerine getirmelerini sa\u011flayarak \u00e7ok \u00e7e\u015fitli end\u00fcstriyel uygulamalar i\u00e7in uygun hale getirir. G\u00fcvenlik, tasar\u0131m s\u00fcrecimizde en \u00f6nemli husustur; hidrolik silindirlerimiz, a\u015f\u0131r\u0131 bas\u0131nc\u0131 \u00f6nleyen ve zorlu ko\u015fullarda g\u00fcvenilir \u00e7al\u0131\u015fma sa\u011flayan geli\u015fmi\u015f g\u00fcvenlik mekanizmalar\u0131yla donat\u0131lm\u0131\u015ft\u0131r. Bu g\u00fcvenilirlik ve tutarl\u0131l\u0131k kombinasyonu, hidrolik silindirlerimizi makine tamir at\u00f6lyeleri, \u00e7iftlikler, enerji ve madencilik, makine \u00fcretimi ve makine fabrikalar\u0131 dahil olmak \u00fczere \u00e7e\u015fitli sekt\u00f6rlerde vazge\u00e7ilmez bir bile\u015fen haline getirir.<\/p>\n<h3>\u00c7al\u0131\u015fma Prensibi ve Uygulamalar\u0131<\/h3>\n<p>Hidrolik silindir, hidrolik enerjiyi mekanik harekete d\u00f6n\u00fc\u015ft\u00fcrerek \u00e7al\u0131\u015f\u0131r ve bas\u0131nc\u0131 kuvvete d\u00f6n\u00fc\u015ft\u00fcr\u00fcr. Hidrolik s\u0131v\u0131 silindire pompaland\u0131\u011f\u0131nda, i\u00e7indeki bir pistonu hareket ettiren bir bas\u0131n\u00e7 olu\u015fturur. Bu hareket, \u00e7e\u015fitli g\u00f6revleri yerine getirmek i\u00e7in kullan\u0131labilen do\u011frusal bir kuvvet \u00fcretir ve bu da hidrolik silindirleri bir\u00e7ok uygulama i\u00e7in vazge\u00e7ilmez k\u0131lar. \u00d6rne\u011fin, k\u00fc\u00e7\u00fck damperli kamyonlar\u0131n ve di\u011fer a\u011f\u0131r hizmet tipi ara\u00e7lar\u0131n \u00e7al\u0131\u015ft\u0131r\u0131lmas\u0131nda, kald\u0131rma ve yat\u0131rma mekanizmalar\u0131n\u0131 kolayla\u015ft\u0131rd\u0131klar\u0131 i\u00e7in hayati \u00f6nem ta\u015f\u0131rlar. Ayr\u0131ca, kontroll\u00fc ve g\u00fc\u00e7l\u00fc hareket sa\u011flama kabiliyetleri, hassasiyet ve mukavemetin \u00f6nemli oldu\u011fu in\u015faat, tar\u0131m makineleri ve malzeme ta\u015f\u0131ma ekipmanlar\u0131nda paha bi\u00e7ilmezdir.<\/p>\n<p><img loading=\"lazy\" decoding=\"async\" class=\"alignnone  wp-image-6661\" src=\"https:\/\/fmp-components.com\/wp-content\/uploads\/2025\/03\/telescopic-hydraulic-cylinder-10.webp\" alt=\"teleskopik hidrolik silindir\" width=\"911\" height=\"911\" title=\"\" srcset=\"https:\/\/fmp-components.com\/wp-content\/uploads\/2025\/03\/telescopic-hydraulic-cylinder-10.webp 911w, https:\/\/fmp-components.com\/wp-content\/uploads\/2025\/03\/telescopic-hydraulic-cylinder-10-480x480.webp 480w\" sizes=\"(min-width: 0px) and (max-width: 480px) 480px, (min-width: 481px) 911px, 100vw\" \/><\/p>\n<h2>Hidrolik Silindirler ve G\u00fc\u00e7 \u00dcniteleri<\/h2>\n<p>Hidrolik silindirler ve g\u00fc\u00e7 \u00fcniteleri, her hidrolik sistemin vazge\u00e7ilmez bile\u015fenleridir. Bu sinerji, hidrolik teknolojisinin \u00e7e\u015fitli end\u00fcstriyel sekt\u00f6rlerde etkili bir \u015fekilde uygulanmas\u0131 i\u00e7in hayati \u00f6nem ta\u015f\u0131r. Hidrolik silindir, hidrolik enerjiyi mekanik harekete d\u00f6n\u00fc\u015ft\u00fcren akt\u00fcat\u00f6r g\u00f6revi g\u00f6r\u00fcrken, g\u00fc\u00e7 \u00fcnitesi sistemin kalbi olarak silindirin \u00e7al\u0131\u015fmas\u0131n\u0131 sa\u011flamak i\u00e7in gerekli hidrolik s\u0131v\u0131y\u0131 ve bas\u0131nc\u0131 sa\u011flar. Birlikte, \u00e7e\u015fitli m\u00fchendislik ve mekanik ekipmanlara g\u00fcvenilir g\u00fc\u00e7 ve kontrol deste\u011fi sa\u011flarlar.<\/p>\n<p>FMP olarak, hem hidrolik silindirlerin hem de g\u00fc\u00e7 \u00fcnitelerinin operasyonel verimlili\u011fi art\u0131rmada oynad\u0131\u011f\u0131 kritik rol\u00fcn fark\u0131nday\u0131z. Bu nedenle, eksiksiz bir hidrolik \u00e7\u00f6z\u00fcme eri\u015febilmenizi sa\u011flamak i\u00e7in sat\u0131\u015fa sundu\u011fumuz \u00e7e\u015fitli g\u00fc\u00e7 \u00fcniteleri de sunuyoruz. Y\u00fcksek kaliteli \u00fcr\u00fcnler sunma taahh\u00fcd\u00fcm\u00fcz, hangi sekt\u00f6r veya uygulama olursa olsun, operasyonlar\u0131n\u0131z\u0131n g\u00fcvenilirli\u011fini ve etkinli\u011fini art\u0131rmak i\u00e7in \u00e7\u00f6z\u00fcmlerimize g\u00fcvenebilece\u011finiz anlam\u0131na gelir.<\/p>\n<h2>SSS<\/h2>\n<p><b>S: Siz bir ticaret \u015firketi misiniz yoksa \u00fcretici misiniz?<\/b><br \/>\nA: Biz \u00fcreticiyiz.<\/p>\n<p><b>S: Teslimat s\u00fcreniz ne kadard\u0131r?<\/b><br \/>\nA: Genellikle 25-35 g\u00fcnd\u00fcr.<\/p>\n<p><b>S: Numune sa\u011fl\u0131yor musunuz?<\/b><br \/>\nC: Evet, numune sunuyoruz ancak \u00fccretsiz de\u011fil.<\/p>\n<p><img loading=\"lazy\" decoding=\"async\" class=\"alignnone size-full wp-image-6660\" src=\"https:\/\/fmp-components.com\/wp-content\/uploads\/2025\/03\/hydraulic-cylinder-workshop-4.webp\" alt=\"teleskopik hidrolik silindir\" width=\"914\" height=\"733\" title=\"\" srcset=\"https:\/\/fmp-components.com\/wp-content\/uploads\/2025\/03\/hydraulic-cylinder-workshop-4.webp 914w, https:\/\/fmp-components.com\/wp-content\/uploads\/2025\/03\/hydraulic-cylinder-workshop-4-480x385.webp 480w\" sizes=\"(min-width: 0px) and (max-width: 480px) 480px, (min-width: 481px) 914px, 100vw\" \/><\/p>\n<h3>FMP Hakk\u0131nda<\/h3>\n<p>FMP, y\u00fcksek kaliteli hidrolik silindirlerin tasar\u0131m\u0131, geli\u015ftirilmesi ve \u00fcretimindeki uzmanl\u0131\u011f\u0131yla tan\u0131nan \u00f6nde gelen bir \u0130talyan \u00fcreticisidir. Onlarca y\u0131ll\u0131k zengin bir mirasa sahip olarak, geleneksel \u0130talyan i\u015f\u00e7ili\u011fini en son teknolojiyle harmanlayarak, k\u00fcresel m\u00fc\u015fterilerimizin \u00e7e\u015fitli ihtiya\u00e7lar\u0131n\u0131 kar\u015f\u0131layan ola\u011fan\u00fcst\u00fc hidrolik \u00e7\u00f6z\u00fcmler \u00fcretiyoruz. Merkezi \u0130talya'da bulunan ve m\u00fchendislikte m\u00fckemmelli\u011fin merkezi olan FMP, d\u00fcnya \u00e7ap\u0131ndaki i\u015fletmelere g\u00fc\u00e7 katan g\u00fcvenilir, dayan\u0131kl\u0131 ve yenilik\u00e7i \u00fcr\u00fcnler sunmaya kendini adam\u0131\u015f, hidrolik sekt\u00f6r\u00fcnde g\u00fcvenilir bir isim olarak kendini kan\u0131tlam\u0131\u015ft\u0131r.<\/p>\n<p>\u015eirketimiz, ileri \u00fcretim geleneklerini ilerici bir bak\u0131\u015f a\u00e7\u0131s\u0131yla birle\u015ftiriyor. Hidrolik sistemlerdeki kapsaml\u0131 deneyimimizden yararlanan FMP, ara\u015ft\u0131rma, tasar\u0131m ve \u00fcretimde m\u00fckemmellik g\u00f6steren modern bir kurulu\u015fa d\u00f6n\u00fc\u015fm\u00fc\u015ft\u00fcr. \u00c7ift etkili silindirler, otomotiv kald\u0131rma silindirleri, tar\u0131m makineleri silindirleri ve \u00e7e\u015fitli end\u00fcstriyel uygulamalara \u00f6zel tasarlanm\u0131\u015f \u00e7\u00f6z\u00fcmler de dahil olmak \u00fczere kapsaml\u0131 bir hidrolik silindir yelpazesi sunuyoruz. \u0130ster in\u015faat, ister end\u00fcstriyel tesisler, ister tar\u0131m veya a\u011f\u0131r makineler olsun, hidrolik silindirlerimiz en zorlu ko\u015fullarda bile g\u00fcvenlik, verimlilik ve uzun \u00f6m\u00fcr sa\u011flayacak \u015fekilde tasarlanm\u0131\u015ft\u0131r.<\/p>\n<p>FMP olarak, hassas makineler ve geli\u015fmi\u015f test sistemleriyle donat\u0131lm\u0131\u015f son teknoloji \u00fcretim tesislerimizle gurur duyuyoruz. \u00dcretim s\u00fcre\u00e7lerimiz, s\u0131k\u0131 ulusal ve uluslararas\u0131 standartlara uygun olup, \u00fcretilen her hidrolik silindirin en y\u00fcksek kalite ve g\u00fcvenilirlik standartlar\u0131n\u0131 kar\u015f\u0131lamas\u0131n\u0131 sa\u011flar. Geli\u015fmi\u015f ekipmanlarla bir araya gelen yetenekli teknik ekibimiz, hammadde se\u00e7iminden son kontrole kadar \u00fcretimin her a\u015famas\u0131nda s\u0131k\u0131 bir kalite kontrol\u00fc uygulamam\u0131z\u0131 sa\u011flar. M\u00fckemmelli\u011fe olan bu ba\u011fl\u0131l\u0131\u011f\u0131m\u0131z, sekt\u00f6r otoritelerinden sertifikalar ve \u00f6d\u00fcller almam\u0131z\u0131 sa\u011flayarak g\u00fcvenilir bir ortak olarak itibar\u0131m\u0131z\u0131 peki\u015ftirmi\u015ftir.<\/p>\n<p><img loading=\"lazy\" decoding=\"async\" class=\"alignnone size-full wp-image-6720\" src=\"https:\/\/fmp-components.com\/wp-content\/uploads\/2025\/03\/hydraulic-cylinder-8.webp\" alt=\"Teleskopik Hidrolik Silindirler\" width=\"933\" height=\"526\" title=\"\" srcset=\"https:\/\/fmp-components.com\/wp-content\/uploads\/2025\/03\/hydraulic-cylinder-8.webp 933w, https:\/\/fmp-components.com\/wp-content\/uploads\/2025\/03\/hydraulic-cylinder-8-480x271.webp 480w\" sizes=\"(min-width: 0px) and (max-width: 480px) 480px, (min-width: 481px) 933px, 100vw\" \/><\/p>\n<p>Misyonumuz basit ama iddial\u0131: M\u00fc\u015fterilerimize performans, dayan\u0131kl\u0131l\u0131k ve de\u011fer a\u00e7\u0131s\u0131ndan beklentileri a\u015fan hidrolik silindirler sunmak. Profesyonellik, d\u00fcr\u00fcstl\u00fck ve m\u00fc\u015fteri odakl\u0131l\u0131k temeline dayanarak \u00e7al\u0131\u015f\u0131yoruz. Yenilik\u00e7ilik ve hassasiyet k\u00fclt\u00fcr\u00fcn\u00fc destekleyerek, pazarda rekabet g\u00fcc\u00fcm\u00fcz\u00fc korumak i\u00e7in \u00fcr\u00fcnlerimizi s\u00fcrekli geli\u015ftiriyoruz. Geni\u015f \u00fcr\u00fcn yelpazemiz ve ki\u015fiye \u00f6zel \u00e7\u00f6z\u00fcmler sunma becerimiz, bizi y\u00fcksek performansl\u0131 hidrolik silindir arayan i\u015fletmeler i\u00e7in tercih edilen se\u00e7enek haline getiriyor.<\/p>\n<p>FMP, bir \u00fcreticiden \u00e7ok daha fazlas\u0131d\u0131r; ba\u015far\u0131n\u0131z\u0131n orta\u011f\u0131y\u0131z. M\u00fc\u015fterilerimizin \u00fcretkenliklerini ve g\u00fcvenliklerini art\u0131ran ara\u00e7lar sunmam\u0131z i\u00e7in bize g\u00fcvendiklerinin fark\u0131nday\u0131z. Bu nedenle, yaln\u0131zca en kaliteli \u00fcr\u00fcnleri de\u011fil, ayn\u0131 zamanda ola\u011fan\u00fcst\u00fc hizmeti de sunmaya kararl\u0131y\u0131z. \u0130lk dan\u0131\u015fmanl\u0131ktan sat\u0131\u015f sonras\u0131 deste\u011fe kadar, m\u00fc\u015fterilerimizin ihtiya\u00e7lar\u0131n\u0131n profesyonellik ve \u00f6zenle kar\u015f\u0131lanmas\u0131n\u0131 sa\u011flamak i\u00e7in onlarla yak\u0131n i\u015f birli\u011fi i\u00e7indeyiz. Rekabet\u00e7i fiyatlar\u0131m\u0131z ve kaliteye olan sars\u0131lmaz ba\u011fl\u0131l\u0131\u011f\u0131m\u0131z, FMP'yi g\u00fcvenebilecekleri hidrolik \u00e7\u00f6z\u00fcmlere yat\u0131r\u0131m yapmak isteyen \u015firketler i\u00e7in ak\u0131ll\u0131 bir tercih haline getiriyor.<\/p>","protected":false},"excerpt":{"rendered":"<p>Quality Manufacturing Small Dump Truck Telescopic Hydraulic Cylinder For Sale Introducing our top-quality small dump truck telescopic hydraulic cylinder, made with supreme manufacturing techniques. This product is a game-changer in the industry, offering a one-year warranty and a new condition. Its quality is guaranteed by ISO9001:2000 certification. Product Features Our product is a multistage hydraulic [&hellip;]<\/p>","protected":false},"featured_media":6692,"comment_status":"closed","ping_status":"closed","template":"","meta":{"_et_pb_use_builder":"","_et_pb_old_content":"","_et_gb_content_width":""},"product_brand":[],"product_cat":[103],"product_tag":[34,105],"class_list":{"0":"post-6519","1":"product","2":"type-product","3":"status-publish","4":"has-post-thumbnail","6":"product_cat-telescopic-hydraulic-cylinders","7":"product_tag-hydraulic-cylinder","8":"product_tag-telescopic-hydraulic-cylinders","10":"first","11":"instock","12":"product-type-simple"},"_links":{"self":[{"href":"https:\/\/fmp-components.com\/tr\/wp-json\/wp\/v2\/product\/6519","targetHints":{"allow":["GET"]}}],"collection":[{"href":"https:\/\/fmp-components.com\/tr\/wp-json\/wp\/v2\/product"}],"about":[{"href":"https:\/\/fmp-components.com\/tr\/wp-json\/wp\/v2\/types\/product"}],"replies":[{"embeddable":true,"href":"https:\/\/fmp-components.com\/tr\/wp-json\/wp\/v2\/comments?post=6519"}],"wp:featuredmedia":[{"embeddable":true,"href":"https:\/\/fmp-components.com\/tr\/wp-json\/wp\/v2\/media\/6692"}],"wp:attachment":[{"href":"https:\/\/fmp-components.com\/tr\/wp-json\/wp\/v2\/media?parent=6519"}],"wp:term":[{"taxonomy":"product_brand","embeddable":true,"href":"https:\/\/fmp-components.com\/tr\/wp-json\/wp\/v2\/product_brand?post=6519"},{"taxonomy":"product_cat","embeddable":true,"href":"https:\/\/fmp-components.com\/tr\/wp-json\/wp\/v2\/product_cat?post=6519"},{"taxonomy":"product_tag","embeddable":true,"href":"https:\/\/fmp-components.com\/tr\/wp-json\/wp\/v2\/product_tag?post=6519"}],"curies":[{"name":"wp","href":"https:\/\/api.w.org\/{rel}","templated":true}]}}