{"id":6518,"date":"2025-03-11T06:26:57","date_gmt":"2025-03-11T06:26:57","guid":{"rendered":"https:\/\/fmp-components.com\/product\/quality-manufacturing-2-stage-hydraulic-cylinder-telescopic-hydraulic-cylinder-for-sale"},"modified":"2025-03-12T01:24:32","modified_gmt":"2025-03-12T01:24:32","slug":"quality-manufacturing-2-stage-hydraulic-cylinder-telescopic-hydraulic-cylinder-for-sale","status":"publish","type":"product","link":"https:\/\/fmp-components.com\/tr\/product\/quality-manufacturing-2-stage-hydraulic-cylinder-telescopic-hydraulic-cylinder-for-sale\/","title":{"rendered":"Kaliteli \u00dcretim 2 Kademeli Hidrolik Silindir Teleskopik Hidrolik Silindir Sat\u0131l\u0131k"},"content":{"rendered":"<h2>Kaliteli \u00dcretim 2 Kademeli Hidrolik Silindir Teleskopik Hidrolik Silindir Sat\u0131l\u0131k<\/h2>\n<p>Son teknoloji 2 Kademeli Teleskopik hidrolik silindirimiz, g\u00fc\u00e7l\u00fc performans ve maksimum verimlilik i\u00e7in tasarlanm\u0131\u015ft\u0131r. Y\u00fcksek kaliteli \u00e7elikten \u00fcretilen bu \u00e7ok kademeli hidrolik silindir, makine tamir at\u00f6lyeleri, \u00e7iftlikler, enerji ve madencilik end\u00fcstrileri ve daha bir\u00e7ok alanda a\u011f\u0131r hizmet uygulamalar\u0131 i\u00e7in m\u00fckemmeldir.<\/p>\n<h3>\u00dcr\u00fcn \u00d6zellikleri<\/h3>\n<table style=\"width: 97.6872%;\" border=\"\">\n<tbody>\n<tr>\n<td style=\"width: 43.5028%;\"><b>Delik Boyutu<\/b><\/td>\n<td style=\"width: 472.881%;\">2-6 in\u00e7<\/td>\n<\/tr>\n<tr>\n<td style=\"width: 43.5028%;\"><b>\u00c7ubuk Boyutu<\/b><\/td>\n<td style=\"width: 472.881%;\">1.125-4 in\u00e7<\/td>\n<\/tr>\n<tr>\n<td style=\"width: 43.5028%;\"><b>Vuru\u015f Boyutu<\/b><\/td>\n<td style=\"width: 472.881%;\">4-100 in\u00e7<\/td>\n<\/tr>\n<tr>\n<td style=\"width: 43.5028%;\"><b>Pin Boyutu<\/b><\/td>\n<td style=\"width: 472.881%;\">0,5-2 in\u00e7<\/td>\n<\/tr>\n<tr>\n<td style=\"width: 43.5028%;\"><b>Limanlar<\/b><\/td>\n<td style=\"width: 472.881%;\">G\/SAE\/NPT\/M<\/td>\n<\/tr>\n<\/tbody>\n<\/table>\n<h3>Temel \u00d6zellikler<\/h3>\n<ul>\n<li>Enerji verimlili\u011fi<\/li>\n<li>Sa\u011flam ve dayan\u0131kl\u0131 yap\u0131<\/li>\n<li>Y\u00fcksek verimlilik, maksimum \u00fcretkenli\u011fi garanti eder<\/li>\n<li>\u00c7ekirdek bile\u015fenlerde 1 y\u0131ll\u0131k garanti sa\u011flanarak g\u00fcvenlik sa\u011flan\u0131r<\/li>\n<\/ul>\n<h2>Hidrolik Sistem ve \u00c7al\u0131\u015fma Prensibi<\/h2>\n<p>Hidrolik sistem, hidrolik bas\u0131nc\u0131 mekanik harekete d\u00f6n\u00fc\u015ft\u00fcrme temel prensibiyle \u00e7al\u0131\u015f\u0131r ve \u00e7e\u015fitli g\u00f6revlerin ola\u011fan\u00fcst\u00fc verimlilik ve g\u00fc\u00e7le ger\u00e7ekle\u015ftirilmesini sa\u011flar. Bu sistemin merkezinde, hidrolik enerjiyi g\u00fc\u00e7l\u00fc bir do\u011frusal kuvvete d\u00f6n\u00fc\u015ft\u00fcrmede \u00f6nemli bir rol oynayan hayati bir bile\u015fen olan 2 Kademeli Hidrolik Silindir bulunur. Bu d\u00f6n\u00fc\u015f\u00fcm, silindirin makine ve ekipmanlar\u0131 etkili bir \u015fekilde \u00e7al\u0131\u015ft\u0131rmas\u0131n\u0131 sa\u011flayarak onu \u00e7e\u015fitli end\u00fcstriyel uygulamalarda \u00f6nemli bir oyuncu haline getirir. Hidrolik sistem, ak\u0131\u015fkan\u0131n s\u0131k\u0131\u015ft\u0131r\u0131lamazl\u0131\u011f\u0131ndan yararlanarak, \u00fcretilen kuvvetin sorunsuz ve g\u00fcvenilir bir \u015fekilde iletilmesini sa\u011flayarak mekanik hareketler \u00fczerinde hassas kontrol sa\u011flar.<\/p>\n<p><img loading=\"lazy\" decoding=\"async\" class=\"alignnone  wp-image-6662\" src=\"https:\/\/fmp-components.com\/wp-content\/uploads\/2025\/03\/telescopic-hydraulic-cylinder-4.webp\" alt=\"teleskopik hidrolik silindir\" width=\"936\" height=\"936\" title=\"\" srcset=\"https:\/\/fmp-components.com\/wp-content\/uploads\/2025\/03\/telescopic-hydraulic-cylinder-4.webp 936w, https:\/\/fmp-components.com\/wp-content\/uploads\/2025\/03\/telescopic-hydraulic-cylinder-4-480x480.webp 480w\" sizes=\"(min-width: 0px) and (max-width: 480px) 480px, (min-width: 481px) 936px, 100vw\" \/><\/p>\n<h2>Uygulamalar<\/h2>\n<p>2 Kademeli Hidrolik Silindirin \u00e7ok y\u00f6nl\u00fcl\u00fc\u011f\u00fc, onu bir\u00e7ok sekt\u00f6rde kullan\u0131m i\u00e7in ideal hale getirir. \u00d6zellikle makine tamir at\u00f6lyeleri i\u00e7in uygundur; burada a\u011f\u0131r ekipmanlar\u0131n bak\u0131m ve onar\u0131m i\u00e7in kald\u0131r\u0131lmas\u0131na ve konumland\u0131r\u0131lmas\u0131na yard\u0131mc\u0131 olur. \u00c7iftliklerde, bu silindirler tar\u0131m makinelerinin i\u015flevselli\u011fini art\u0131rarak s\u00fcrme, kald\u0131rma ve malzeme ta\u015f\u0131ma gibi g\u00f6revlerin verimli bir \u015fekilde y\u00fcr\u00fct\u00fclmesini sa\u011flar. Enerji ve madencilik sekt\u00f6rleri de bu hidrolik silindirlerden faydalan\u0131r, \u00e7\u00fcnk\u00fc zorlu ortamlarda malzeme kald\u0131rma ve ta\u015f\u0131ma gibi a\u011f\u0131r hizmet operasyonlar\u0131yla ili\u015fkili zorlu ko\u015fullara dayanabilirler. Ayr\u0131ca, makine imalat\u0131nda ve di\u011fer \u00e7e\u015fitli sekt\u00f6rlerde, bu hidrolik silindir montaj hatlar\u0131nda ve \u00fcretim s\u00fcre\u00e7lerinde paha bi\u00e7ilmez bir de\u011fere sahip olup, operasyonlar\u0131n sorunsuz ve verimli bir \u015fekilde y\u00fcr\u00fct\u00fclmesini sa\u011flar. G\u00fcvenilirli\u011fi, g\u00fcc\u00fc ve verimlili\u011fi, onu sa\u011flam bir hidrolik sistem gerektiren her uygulama i\u00e7in ideal bir se\u00e7im haline getirir.<\/p>\n<h2>Hidrolik Silindirler ve G\u00fc\u00e7 \u00dcniteleri<\/h2>\n<p>Hidrolik silindirler ve g\u00fc\u00e7 \u00fcniteleri, hidrolik teknolojisinin \u00e7e\u015fitli end\u00fcstriyel alanlarda etkili bir \u015fekilde uygulanmas\u0131n\u0131 sa\u011flamak i\u00e7in uyum i\u00e7inde \u00e7al\u0131\u015fan, her hidrolik sistemin vazge\u00e7ilmez bile\u015fenleridir. Hidrolik silindir, hidrolik enerjiyi mekanik harekete ve bas\u0131nc\u0131 g\u00fcce d\u00f6n\u00fc\u015ft\u00fcrmekten sorumlu akt\u00fcat\u00f6r g\u00f6revi g\u00f6r\u00fcr. Bu \u00f6zellik, a\u011f\u0131r y\u00fckleri kald\u0131rmaktan makineleri hassas bir \u015fekilde s\u00fcrmeye kadar \u00e7ok \u00e7e\u015fitli i\u015flevleri yerine getirmesini sa\u011flar.<\/p>\n<p>\u00d6te yandan g\u00fc\u00e7 \u00fcnitesi, hidrolik silindiri \u00e7al\u0131\u015ft\u0131rmak i\u00e7in gerekli enerji ve kontrol sinyallerini sa\u011flayarak hidrolik sistemin \u00e7ekirde\u011fini olu\u015fturur. Hidrolik s\u0131v\u0131 bas\u0131nc\u0131n\u0131 \u00fcretip d\u00fczenleyerek sistemin verimli ve etkili bir \u015fekilde \u00e7al\u0131\u015fmas\u0131n\u0131 sa\u011flar. Hidrolik silindir ile g\u00fc\u00e7 \u00fcnitesi aras\u0131ndaki koordinasyon, hidrolik sistemin normal \u00e7al\u0131\u015fmas\u0131 i\u00e7in olmazsa olmazd\u0131r ve \u00e7e\u015fitli uygulamalarda kusursuz performans sa\u011flar.<\/p>\n<p>FMP olarak, bu bile\u015fenlerin operasyonel verimlili\u011fi art\u0131rmadaki \u00f6neminin fark\u0131nday\u0131z ve bu nedenle sat\u0131\u015fa sundu\u011fumuz \u00e7e\u015fitli g\u00fc\u00e7 \u00fcniteleri de mevcuttur. Y\u00fcksek kaliteli hidrolik \u00e7\u00f6z\u00fcmler sunma taahh\u00fcd\u00fcm\u00fcz, end\u00fcstriyel sekt\u00f6rdeki \u00f6zel uygulamalar\u0131n\u0131z i\u00e7in ihtiya\u00e7 duydu\u011funuz performans, g\u00fcvenilirlik ve kontrol\u00fc sa\u011flamak \u00fczere \u00fcr\u00fcnlerimize g\u00fcvenebilece\u011finiz anlam\u0131na gelir.<\/p>\n<p><img loading=\"lazy\" decoding=\"async\" class=\"alignnone  wp-image-6663\" src=\"https:\/\/fmp-components.com\/wp-content\/uploads\/2025\/03\/telescopic-hydraulic-cylinder-11.webp\" alt=\"teleskopik hidrolik silindir\" width=\"921\" height=\"921\" title=\"\" srcset=\"https:\/\/fmp-components.com\/wp-content\/uploads\/2025\/03\/telescopic-hydraulic-cylinder-11.webp 921w, https:\/\/fmp-components.com\/wp-content\/uploads\/2025\/03\/telescopic-hydraulic-cylinder-11-480x480.webp 480w\" sizes=\"(min-width: 0px) and (max-width: 480px) 480px, (min-width: 481px) 921px, 100vw\" \/><\/p>\n<h3>FMP Hakk\u0131nda<\/h3>\n<p>FMP, y\u00fcksek kaliteli hidrolik silindirlerin tasar\u0131m\u0131, geli\u015ftirilmesi ve \u00fcretimindeki uzmanl\u0131\u011f\u0131yla tan\u0131nan \u00f6nde gelen bir \u0130talyan \u00fcreticisidir. Onlarca y\u0131ll\u0131k zengin bir mirasa sahip olarak, geleneksel \u0130talyan i\u015f\u00e7ili\u011fini en son teknolojiyle harmanlayarak, k\u00fcresel m\u00fc\u015fterilerimizin \u00e7e\u015fitli ihtiya\u00e7lar\u0131n\u0131 kar\u015f\u0131layan ola\u011fan\u00fcst\u00fc hidrolik \u00e7\u00f6z\u00fcmler \u00fcretiyoruz. Merkezi \u0130talya'da bulunan ve m\u00fchendislikte m\u00fckemmelli\u011fin merkezi olan FMP, d\u00fcnya \u00e7ap\u0131ndaki i\u015fletmelere g\u00fc\u00e7 katan g\u00fcvenilir, dayan\u0131kl\u0131 ve yenilik\u00e7i \u00fcr\u00fcnler sunmaya kendini adam\u0131\u015f, hidrolik sekt\u00f6r\u00fcnde g\u00fcvenilir bir isim olarak kendini kan\u0131tlam\u0131\u015ft\u0131r.<\/p>\n<p>\u015eirketimiz, ileri \u00fcretim geleneklerini ilerici bir bak\u0131\u015f a\u00e7\u0131s\u0131yla birle\u015ftiriyor. Hidrolik sistemlerdeki kapsaml\u0131 deneyimimizden yararlanan FMP, ara\u015ft\u0131rma, tasar\u0131m ve \u00fcretimde m\u00fckemmellik g\u00f6steren modern bir kurulu\u015fa d\u00f6n\u00fc\u015fm\u00fc\u015ft\u00fcr. \u00c7ift etkili silindirler, otomotiv kald\u0131rma silindirleri, tar\u0131m makineleri silindirleri ve \u00e7e\u015fitli end\u00fcstriyel uygulamalara \u00f6zel tasarlanm\u0131\u015f \u00e7\u00f6z\u00fcmler de dahil olmak \u00fczere kapsaml\u0131 bir hidrolik silindir yelpazesi sunuyoruz. \u0130ster in\u015faat, ister end\u00fcstriyel tesisler, ister tar\u0131m veya a\u011f\u0131r makineler olsun, hidrolik silindirlerimiz en zorlu ko\u015fullarda bile g\u00fcvenlik, verimlilik ve uzun \u00f6m\u00fcr sa\u011flayacak \u015fekilde tasarlanm\u0131\u015ft\u0131r.<\/p>\n<p>FMP olarak, hassas makineler ve geli\u015fmi\u015f test sistemleriyle donat\u0131lm\u0131\u015f son teknoloji \u00fcretim tesislerimizle gurur duyuyoruz. \u00dcretim s\u00fcre\u00e7lerimiz, s\u0131k\u0131 ulusal ve uluslararas\u0131 standartlara uygun olup, \u00fcretilen her hidrolik silindirin en y\u00fcksek kalite ve g\u00fcvenilirlik standartlar\u0131n\u0131 kar\u015f\u0131lamas\u0131n\u0131 sa\u011flar. Geli\u015fmi\u015f ekipmanlarla bir araya gelen yetenekli teknik ekibimiz, hammadde se\u00e7iminden son kontrole kadar \u00fcretimin her a\u015famas\u0131nda s\u0131k\u0131 bir kalite kontrol\u00fc uygulamam\u0131z\u0131 sa\u011flar. M\u00fckemmelli\u011fe olan bu ba\u011fl\u0131l\u0131\u011f\u0131m\u0131z, sekt\u00f6r otoritelerinden sertifikalar ve \u00f6d\u00fcller almam\u0131z\u0131 sa\u011flayarak g\u00fcvenilir bir ortak olarak itibar\u0131m\u0131z\u0131 peki\u015ftirmi\u015ftir.<\/p>\n<p><img loading=\"lazy\" decoding=\"async\" class=\"alignnone size-full wp-image-6720\" src=\"https:\/\/fmp-components.com\/wp-content\/uploads\/2025\/03\/hydraulic-cylinder-8.webp\" alt=\"Teleskopik Hidrolik Silindirler\" width=\"933\" height=\"526\" title=\"\" srcset=\"https:\/\/fmp-components.com\/wp-content\/uploads\/2025\/03\/hydraulic-cylinder-8.webp 933w, https:\/\/fmp-components.com\/wp-content\/uploads\/2025\/03\/hydraulic-cylinder-8-480x271.webp 480w\" sizes=\"(min-width: 0px) and (max-width: 480px) 480px, (min-width: 481px) 933px, 100vw\" \/><\/p>\n<p>Misyonumuz basit ama iddial\u0131: M\u00fc\u015fterilerimize performans, dayan\u0131kl\u0131l\u0131k ve de\u011fer a\u00e7\u0131s\u0131ndan beklentileri a\u015fan hidrolik silindirler sunmak. Profesyonellik, d\u00fcr\u00fcstl\u00fck ve m\u00fc\u015fteri odakl\u0131l\u0131k temeline dayanarak \u00e7al\u0131\u015f\u0131yoruz. Yenilik\u00e7ilik ve hassasiyet k\u00fclt\u00fcr\u00fcn\u00fc destekleyerek, pazarda rekabet g\u00fcc\u00fcm\u00fcz\u00fc korumak i\u00e7in \u00fcr\u00fcnlerimizi s\u00fcrekli geli\u015ftiriyoruz. Geni\u015f \u00fcr\u00fcn yelpazemiz ve ki\u015fiye \u00f6zel \u00e7\u00f6z\u00fcmler sunma becerimiz, bizi y\u00fcksek performansl\u0131 hidrolik silindir arayan i\u015fletmeler i\u00e7in tercih edilen se\u00e7enek haline getiriyor.<\/p>\n<p>FMP, bir \u00fcreticiden \u00e7ok daha fazlas\u0131d\u0131r; ba\u015far\u0131n\u0131z\u0131n orta\u011f\u0131y\u0131z. M\u00fc\u015fterilerimizin \u00fcretkenliklerini ve g\u00fcvenliklerini art\u0131ran ara\u00e7lar sunmam\u0131z i\u00e7in bize g\u00fcvendiklerinin fark\u0131nday\u0131z. Bu nedenle, yaln\u0131zca en kaliteli \u00fcr\u00fcnleri de\u011fil, ayn\u0131 zamanda ola\u011fan\u00fcst\u00fc hizmeti de sunmaya kararl\u0131y\u0131z. \u0130lk dan\u0131\u015fmanl\u0131ktan sat\u0131\u015f sonras\u0131 deste\u011fe kadar, m\u00fc\u015fterilerimizin ihtiya\u00e7lar\u0131n\u0131n profesyonellik ve \u00f6zenle kar\u015f\u0131lanmas\u0131n\u0131 sa\u011flamak i\u00e7in onlarla yak\u0131n i\u015f birli\u011fi i\u00e7indeyiz. Rekabet\u00e7i fiyatlar\u0131m\u0131z ve kaliteye olan sars\u0131lmaz ba\u011fl\u0131l\u0131\u011f\u0131m\u0131z, FMP'yi g\u00fcvenebilecekleri hidrolik \u00e7\u00f6z\u00fcmlere yat\u0131r\u0131m yapmak isteyen \u015firketler i\u00e7in ak\u0131ll\u0131 bir tercih haline getiriyor.<\/p>","protected":false},"excerpt":{"rendered":"<p>Quality Manufacturing 2 Stage Hydraulic Cylinder Telescopic Hydraulic Cylinder For Sale Our state-of-the-art 2 Stage Telescopic hydraulic cylinder is designed for robust performance and maximum efficiency. Made with high-quality steel, this multi-stage hydraulic cylinder is perfect for heavy-duty applications in machinery repair shops, farms, energy &amp; mining industries, and more. Product Specifications Bore Size 2-6 [&hellip;]<\/p>","protected":false},"featured_media":6693,"comment_status":"closed","ping_status":"closed","template":"","meta":{"_et_pb_use_builder":"","_et_pb_old_content":"","_et_gb_content_width":""},"product_brand":[],"product_cat":[103],"product_tag":[34,105],"class_list":{"0":"post-6518","1":"product","2":"type-product","3":"status-publish","4":"has-post-thumbnail","6":"product_cat-telescopic-hydraulic-cylinders","7":"product_tag-hydraulic-cylinder","8":"product_tag-telescopic-hydraulic-cylinders","10":"first","11":"instock","12":"product-type-simple"},"_links":{"self":[{"href":"https:\/\/fmp-components.com\/tr\/wp-json\/wp\/v2\/product\/6518","targetHints":{"allow":["GET"]}}],"collection":[{"href":"https:\/\/fmp-components.com\/tr\/wp-json\/wp\/v2\/product"}],"about":[{"href":"https:\/\/fmp-components.com\/tr\/wp-json\/wp\/v2\/types\/product"}],"replies":[{"embeddable":true,"href":"https:\/\/fmp-components.com\/tr\/wp-json\/wp\/v2\/comments?post=6518"}],"wp:featuredmedia":[{"embeddable":true,"href":"https:\/\/fmp-components.com\/tr\/wp-json\/wp\/v2\/media\/6693"}],"wp:attachment":[{"href":"https:\/\/fmp-components.com\/tr\/wp-json\/wp\/v2\/media?parent=6518"}],"wp:term":[{"taxonomy":"product_brand","embeddable":true,"href":"https:\/\/fmp-components.com\/tr\/wp-json\/wp\/v2\/product_brand?post=6518"},{"taxonomy":"product_cat","embeddable":true,"href":"https:\/\/fmp-components.com\/tr\/wp-json\/wp\/v2\/product_cat?post=6518"},{"taxonomy":"product_tag","embeddable":true,"href":"https:\/\/fmp-components.com\/tr\/wp-json\/wp\/v2\/product_tag?post=6518"}],"curies":[{"name":"wp","href":"https:\/\/api.w.org\/{rel}","templated":true}]}}