{"id":6517,"date":"2025-03-11T06:26:57","date_gmt":"2025-03-11T06:26:57","guid":{"rendered":"https:\/\/fmp-components.com\/product\/factory-serving-small-dump-truck-hydraulic-hoist-cylinder-multistage-hydraulic-cylinder"},"modified":"2025-03-12T01:35:55","modified_gmt":"2025-03-12T01:35:55","slug":"factory-serving-small-dump-truck-hydraulic-hoist-cylinder-multistage-hydraulic-cylinder","status":"publish","type":"product","link":"https:\/\/fmp-components.com\/tr\/product\/factory-serving-small-dump-truck-hydraulic-hoist-cylinder-multistage-hydraulic-cylinder\/","title":{"rendered":"K\u00fc\u00e7\u00fck Damperli Kamyon Hidrolik Kald\u0131rma Silindiri \u00c7ok Kademeli Hidrolik Silindir Fabrikas\u0131"},"content":{"rendered":"<h2>K\u00fc\u00e7\u00fck Damperli Kamyon Hidrolik Kald\u0131rma Silindiri \u00c7ok Kademeli Hidrolik Silindir Fabrikas\u0131<\/h2>\n<p>Makine ihtiya\u00e7lar\u0131n\u0131z\u0131 kar\u015f\u0131lamak \u00fczere tasarlanm\u0131\u015f, son teknoloji \u00fcr\u00fcn\u00fc, yepyeni Fabrika Servis K\u00fc\u00e7\u00fck Damperli Kamyon Hidrolik Kald\u0131rma Silindiri \u00c7ok Kademeli Hidrolik Silindirimizi sunuyoruz. En y\u00fcksek kaliteli malzemelerle \u00fcretilen ve \u00fcst\u00fcn performans i\u00e7in tasarlanan bu hidrolik silindir, \u00e7ok \u00e7e\u015fitli uygulamalar i\u00e7in do\u011fru se\u00e7imdir.<\/p>\n<h3>\u00dcr\u00fcn \u00d6zellikleri ve \u00d6nemi<\/h3>\n<p>\u00c7ok kademeli hidrolik silindirimiz, k\u00fc\u00e7\u00fck damperli kamyonlar i\u00e7in tasarlanm\u0131\u015f olup, sa\u011flam ve g\u00fcvenilir bir hidrolik vin\u00e7 g\u00f6revi g\u00f6r\u00fcr. A\u011f\u0131r y\u00fcklerin kald\u0131r\u0131lmas\u0131 ve ta\u015f\u0131nmas\u0131nda \u00f6nemli bir rol oynar ve bu sayede makine tamir at\u00f6lyeleri, \u00e7iftlikler, enerji ve madencilik, makine imalat\u0131 ve makine fabrikalar\u0131 gibi \u00e7e\u015fitli sekt\u00f6rlerde \u00fcretkenli\u011fi ve verimlili\u011fi art\u0131r\u0131r.<\/p>\n<h3>Teknik \u00d6zellikler<\/h3>\n<p>Hidrolik kald\u0131rma silindirimiz, optimum performans ve dayan\u0131kl\u0131l\u0131\u011f\u0131 garanti eden ayr\u0131nt\u0131l\u0131 \u00f6zelliklerle \u00fcretilmi\u015ftir.<\/p>\n<table style=\"width: 101.27%;\" border=\"\">\n<tbody>\n<tr>\n<td style=\"width: 42.9379%;\"><i>Delik Boyutu<\/i><\/td>\n<td style=\"width: 480.791%;\">2-6 in\u00e7<\/td>\n<\/tr>\n<tr>\n<td style=\"width: 42.9379%;\"><i>\u00c7ubuk Boyutu<\/i><\/td>\n<td style=\"width: 480.791%;\">1.125-4 in\u00e7<\/td>\n<\/tr>\n<tr>\n<td style=\"width: 42.9379%;\"><i>Vuru\u015f Boyutu<\/i><\/td>\n<td style=\"width: 480.791%;\">4-100 in\u00e7<\/td>\n<\/tr>\n<tr>\n<td style=\"width: 42.9379%;\"><i>Pin Boyutu<\/i><\/td>\n<td style=\"width: 480.791%;\">0,5-2 in\u00e7<\/td>\n<\/tr>\n<tr>\n<td style=\"width: 42.9379%;\"><i>Limanlar<\/i><\/td>\n<td style=\"width: 480.791%;\">G\/SAE\/NPT\/M<\/td>\n<\/tr>\n<\/tbody>\n<\/table>\n<h2>Benzersiz \u00d6zellikler ve Avantajlar<\/h2>\n<p>\u00c7ok kademeli hidrolik silindirimiz, onu pazarda \u00f6ne \u00e7\u0131karan bir dizi benzersiz \u00f6zellik ve avantajla tasarlanm\u0131\u015ft\u0131r. 3000 tonluk ola\u011fan\u00fcst\u00fc maksimum itme g\u00fcc\u00fc ve 20 tonluk maksimum \u00e7ekme kapasitesiyle bu silindir, ola\u011fan\u00fcst\u00fc g\u00fc\u00e7 ve verimlilik sunarak a\u011f\u0131r hizmet uygulamalar\u0131 i\u00e7in idealdir. Enerji tasarrufu sa\u011flayan tasar\u0131m\u0131, performans\u0131 en \u00fcst d\u00fczeye \u00e7\u0131karmakla kalmaz, ayn\u0131 zamanda i\u015fletme maliyetlerini de en aza indirerek kullan\u0131c\u0131lar\u0131n hem verimlilik hem de s\u00fcrd\u00fcr\u00fclebilirlikten faydalanmas\u0131n\u0131 sa\u011flar.<\/p>\n<p>Y\u00fcksek kaliteli \u00e7elikten \u00fcretilen silindir, benzersiz dayan\u0131kl\u0131l\u0131k ve g\u00fcvenlik \u00f6zellikleriyle zorlu \u00e7al\u0131\u015fma ortamlar\u0131 i\u00e7in idealdir. Sa\u011flam \u00e7elik g\u00f6vdesi, zorlu g\u00f6revlerle ili\u015fkili gerilim ve zorlanmalara dayanabilmesini sa\u011flayarak operat\u00f6rlere g\u00f6n\u00fcl rahatl\u0131\u011f\u0131 sa\u011flar. Ayr\u0131ca, \u00e7ok kademeli hidrolik silindirimiz, \u00fcr\u00fcnlerimizde en y\u00fcksek kalite ve g\u00fcvenilirlik standartlar\u0131n\u0131 koruma taahh\u00fcd\u00fcm\u00fcz\u00fc yans\u0131tan ISO9001:2000 sertifikal\u0131d\u0131r. Bu sertifika, m\u00fc\u015fterilerimize, s\u0131k\u0131 uluslararas\u0131 kalite y\u00f6netim standartlar\u0131n\u0131 kar\u015f\u0131layan bir \u00fcr\u00fcne yat\u0131r\u0131m yapt\u0131klar\u0131n\u0131n g\u00fcvencesini vererek, \u00e7e\u015fitli end\u00fcstriyel uygulamalardaki \u00e7ekicili\u011fini daha da art\u0131r\u0131r.<\/p>\n<p><img loading=\"lazy\" decoding=\"async\" class=\"alignnone  wp-image-6664\" src=\"https:\/\/fmp-components.com\/wp-content\/uploads\/2025\/03\/telescopic-hydraulic-cylinder-8.webp\" alt=\"teleskopik hidrolik silindir\" width=\"919\" height=\"919\" title=\"\" srcset=\"https:\/\/fmp-components.com\/wp-content\/uploads\/2025\/03\/telescopic-hydraulic-cylinder-8.webp 919w, https:\/\/fmp-components.com\/wp-content\/uploads\/2025\/03\/telescopic-hydraulic-cylinder-8-480x480.webp 480w\" sizes=\"(min-width: 0px) and (max-width: 480px) 480px, (min-width: 481px) 919px, 100vw\" \/><\/p>\n<h2>Hidrolik Sistem ve \u00c7al\u0131\u015fma Prensipleri<\/h2>\n<p>Hidrolik kald\u0131rma silindirimiz, do\u011frusal hareket ve kuvvet olu\u015fturmak i\u00e7in olmazsa olmaz olan bas\u0131n\u00e7l\u0131 ak\u0131\u015fkan g\u00fcc\u00fc prensiplerine g\u00f6re \u00e7al\u0131\u015f\u0131r. Bu sistemde, bas\u0131n\u00e7l\u0131 hidrolik ak\u0131\u015fkan silindire y\u00f6nlendirilerek pistonun hareket etmesi sa\u011flan\u0131r. Bu hareket, a\u011f\u0131r y\u00fckleri verimli bir \u015fekilde kald\u0131rmak veya ta\u015f\u0131mak i\u00e7in gerekli kuvveti \u00fcretir. Hidrolik kald\u0131rma silindirinin tasar\u0131m\u0131, bu i\u015flemin hem sorunsuz hem de g\u00fc\u00e7l\u00fc olmas\u0131n\u0131 sa\u011flayarak y\u00fcksek performans ve g\u00fcvenilirli\u011fe katk\u0131da bulunur.<\/p>\n<p>Hidrolik enerjinin mekanik harekete etkili bir \u015fekilde d\u00f6n\u00fc\u015ft\u00fcr\u00fclmesi, hidrolik kald\u0131rma silindirimizin \u00e7ok \u00e7e\u015fitli g\u00f6revleri hassasiyetle ger\u00e7ekle\u015ftirmesini sa\u011flar. Bu verimli sistem, \u00fcretkenli\u011fi art\u0131rman\u0131n yan\u0131 s\u0131ra y\u00fcklerin g\u00fcvenli bir \u015fekilde ta\u015f\u0131nmas\u0131n\u0131 da sa\u011flayarak, in\u015faat, imalat ve ta\u015f\u0131mac\u0131l\u0131k gibi \u00e7e\u015fitli end\u00fcstriyel uygulamalarda hayati bir bile\u015fen haline getirir.<\/p>\n<p><img loading=\"lazy\" decoding=\"async\" class=\"alignnone  wp-image-6665\" src=\"https:\/\/fmp-components.com\/wp-content\/uploads\/2025\/03\/telescopic-hydraulic-cylinder-9.webp\" alt=\"teleskopik hidrolik silindir\" width=\"906\" height=\"906\" title=\"\" srcset=\"https:\/\/fmp-components.com\/wp-content\/uploads\/2025\/03\/telescopic-hydraulic-cylinder-9.webp 906w, https:\/\/fmp-components.com\/wp-content\/uploads\/2025\/03\/telescopic-hydraulic-cylinder-9-480x480.webp 480w\" sizes=\"(min-width: 0px) and (max-width: 480px) 480px, (min-width: 481px) 906px, 100vw\" \/><\/p>\n<h2>Hidrolik Silindirler ve G\u00fc\u00e7 \u00dcniteleri<\/h2>\n<p>Hidrolik silindirler ve g\u00fc\u00e7 \u00fcniteleri, hidrolik sistemlerin vazge\u00e7ilmez unsurlar\u0131d\u0131r ve her biri genel i\u015flevselli\u011finde \u00f6nemli bir rol oynar. Hidrolik silindir, hidrolik enerjiyi mekanik harekete d\u00f6n\u00fc\u015ft\u00fcren akt\u00fcat\u00f6r g\u00f6revi g\u00f6r\u00fcrken, g\u00fc\u00e7 \u00fcnitesi sistemin kalbi olarak silindirin \u00e7al\u0131\u015fmas\u0131n\u0131 sa\u011flamak i\u00e7in gerekli hidrolik s\u0131v\u0131y\u0131 ve bas\u0131nc\u0131 sa\u011flar.<\/p>\n<p>Bu iki bile\u015fenin koordineli \u00e7al\u0131\u015fmas\u0131, hidrolik teknolojisinin end\u00fcstriyel sekt\u00f6rde yayg\u0131n olarak uygulanmas\u0131 i\u00e7in olmazsa olmazd\u0131r. Birlikte, \u00e7e\u015fitli m\u00fchendislik ve mekanik ekipmanlara g\u00fcvenilir g\u00fc\u00e7 ve kontrol deste\u011fi sa\u011flayarak operasyonlar\u0131n sorunsuz ve verimli bir \u015fekilde y\u00fcr\u00fct\u00fclmesini sa\u011flarlar.<\/p>\n<p>\u015eirketimizde, bu bile\u015fenlerin operasyonel verimlili\u011fi art\u0131rmadaki \u00f6neminin fark\u0131nday\u0131z ve bu nedenle sat\u0131\u015fa sundu\u011fumuz y\u00fcksek kaliteli g\u00fc\u00e7 \u00fcniteleri de mevcuttur. G\u00fcvenilir hidrolik \u00e7\u00f6z\u00fcmler sunma taahh\u00fcd\u00fcm\u00fcz, \u00f6zel uygulamalar\u0131n\u0131zda ihtiya\u00e7 duydu\u011funuz performans ve kontrol i\u00e7in \u00fcr\u00fcnlerimize g\u00fcvenebilmenizi sa\u011flar.<\/p>\n<p><img loading=\"lazy\" decoding=\"async\" class=\"alignnone  wp-image-6717\" src=\"https:\/\/fmp-components.com\/wp-content\/uploads\/2025\/03\/hydraulic-cylinder-211.webp\" alt=\"Hidrolik Silindirler\" width=\"910\" height=\"912\" title=\"\" srcset=\"https:\/\/fmp-components.com\/wp-content\/uploads\/2025\/03\/hydraulic-cylinder-211.webp 910w, https:\/\/fmp-components.com\/wp-content\/uploads\/2025\/03\/hydraulic-cylinder-211-480x481.webp 480w\" sizes=\"(min-width: 0px) and (max-width: 480px) 480px, (min-width: 481px) 910px, 100vw\" \/><\/p>\n<h2>SSS<\/h2>\n<p><b>S: Siz bir ticaret \u015firketi misiniz yoksa \u00fcretici misiniz?<\/b><br \/>\nA: Biz bir fabrikay\u0131z.<\/p>\n<p><b>S: Teslimat s\u00fcreniz ne kadard\u0131r?<\/b><br \/>\nA: Genellikle 25-35 g\u00fcnd\u00fcr.<\/p>\n<p><b>S: Numune sa\u011fl\u0131yor musunuz?<\/b><br \/>\nC: Evet, numune sunabiliriz ancak \u00fccretsiz de\u011fil.<\/p>\n<h3>FMP Hakk\u0131nda<\/h3>\n<p>FMP, y\u00fcksek kaliteli hidrolik silindirlerin tasar\u0131m\u0131, geli\u015ftirilmesi ve \u00fcretimindeki uzmanl\u0131\u011f\u0131yla tan\u0131nan \u00f6nde gelen bir \u0130talyan \u00fcreticisidir. Onlarca y\u0131ll\u0131k zengin bir mirasa sahip olarak, geleneksel \u0130talyan i\u015f\u00e7ili\u011fini en son teknolojiyle harmanlayarak, k\u00fcresel m\u00fc\u015fterilerimizin \u00e7e\u015fitli ihtiya\u00e7lar\u0131n\u0131 kar\u015f\u0131layan ola\u011fan\u00fcst\u00fc hidrolik \u00e7\u00f6z\u00fcmler \u00fcretiyoruz. Merkezi \u0130talya'da bulunan ve m\u00fchendislikte m\u00fckemmelli\u011fin merkezi olan FMP, d\u00fcnya \u00e7ap\u0131ndaki i\u015fletmelere g\u00fc\u00e7 katan g\u00fcvenilir, dayan\u0131kl\u0131 ve yenilik\u00e7i \u00fcr\u00fcnler sunmaya kendini adam\u0131\u015f, hidrolik sekt\u00f6r\u00fcnde g\u00fcvenilir bir isim olarak kendini kan\u0131tlam\u0131\u015ft\u0131r.<\/p>\n<p>\u015eirketimiz, ileri \u00fcretim geleneklerini ilerici bir bak\u0131\u015f a\u00e7\u0131s\u0131yla birle\u015ftiriyor. Hidrolik sistemlerdeki kapsaml\u0131 deneyimimizden yararlanan FMP, ara\u015ft\u0131rma, tasar\u0131m ve \u00fcretimde m\u00fckemmellik g\u00f6steren modern bir kurulu\u015fa d\u00f6n\u00fc\u015fm\u00fc\u015ft\u00fcr. \u00c7ift etkili silindirler, otomotiv kald\u0131rma silindirleri, tar\u0131m makineleri silindirleri ve \u00e7e\u015fitli end\u00fcstriyel uygulamalara \u00f6zel tasarlanm\u0131\u015f \u00e7\u00f6z\u00fcmler de dahil olmak \u00fczere kapsaml\u0131 bir hidrolik silindir yelpazesi sunuyoruz. \u0130ster in\u015faat, ister end\u00fcstriyel tesisler, ister tar\u0131m veya a\u011f\u0131r makineler olsun, hidrolik silindirlerimiz en zorlu ko\u015fullarda bile g\u00fcvenlik, verimlilik ve uzun \u00f6m\u00fcr sa\u011flayacak \u015fekilde tasarlanm\u0131\u015ft\u0131r.<\/p>\n<p>FMP olarak, hassas makineler ve geli\u015fmi\u015f test sistemleriyle donat\u0131lm\u0131\u015f son teknoloji \u00fcretim tesislerimizle gurur duyuyoruz. \u00dcretim s\u00fcre\u00e7lerimiz, s\u0131k\u0131 ulusal ve uluslararas\u0131 standartlara uygun olup, \u00fcretilen her hidrolik silindirin en y\u00fcksek kalite ve g\u00fcvenilirlik standartlar\u0131n\u0131 kar\u015f\u0131lamas\u0131n\u0131 sa\u011flar. Geli\u015fmi\u015f ekipmanlarla bir araya gelen yetenekli teknik ekibimiz, hammadde se\u00e7iminden son kontrole kadar \u00fcretimin her a\u015famas\u0131nda s\u0131k\u0131 bir kalite kontrol\u00fc uygulamam\u0131z\u0131 sa\u011flar. M\u00fckemmelli\u011fe olan bu ba\u011fl\u0131l\u0131\u011f\u0131m\u0131z, sekt\u00f6r otoritelerinden sertifikalar ve \u00f6d\u00fcller almam\u0131z\u0131 sa\u011flayarak g\u00fcvenilir bir ortak olarak itibar\u0131m\u0131z\u0131 peki\u015ftirmi\u015ftir.<\/p>\n<p><img loading=\"lazy\" decoding=\"async\" class=\"alignnone size-full wp-image-6720\" src=\"https:\/\/fmp-components.com\/wp-content\/uploads\/2025\/03\/hydraulic-cylinder-8.webp\" alt=\"Teleskopik Hidrolik Silindirler\" width=\"933\" height=\"526\" title=\"\" srcset=\"https:\/\/fmp-components.com\/wp-content\/uploads\/2025\/03\/hydraulic-cylinder-8.webp 933w, https:\/\/fmp-components.com\/wp-content\/uploads\/2025\/03\/hydraulic-cylinder-8-480x271.webp 480w\" sizes=\"(min-width: 0px) and (max-width: 480px) 480px, (min-width: 481px) 933px, 100vw\" \/><\/p>\n<p>Misyonumuz basit ama iddial\u0131: M\u00fc\u015fterilerimize performans, dayan\u0131kl\u0131l\u0131k ve de\u011fer a\u00e7\u0131s\u0131ndan beklentileri a\u015fan hidrolik silindirler sunmak. Profesyonellik, d\u00fcr\u00fcstl\u00fck ve m\u00fc\u015fteri odakl\u0131l\u0131k temeline dayanarak \u00e7al\u0131\u015f\u0131yoruz. Yenilik\u00e7ilik ve hassasiyet k\u00fclt\u00fcr\u00fcn\u00fc destekleyerek, pazarda rekabet g\u00fcc\u00fcm\u00fcz\u00fc korumak i\u00e7in \u00fcr\u00fcnlerimizi s\u00fcrekli geli\u015ftiriyoruz. Geni\u015f \u00fcr\u00fcn yelpazemiz ve ki\u015fiye \u00f6zel \u00e7\u00f6z\u00fcmler sunma becerimiz, bizi y\u00fcksek performansl\u0131 hidrolik silindir arayan i\u015fletmeler i\u00e7in tercih edilen se\u00e7enek haline getiriyor.<\/p>\n<p>FMP, bir \u00fcreticiden \u00e7ok daha fazlas\u0131d\u0131r; ba\u015far\u0131n\u0131z\u0131n orta\u011f\u0131y\u0131z. M\u00fc\u015fterilerimizin \u00fcretkenliklerini ve g\u00fcvenliklerini art\u0131ran ara\u00e7lar sunmam\u0131z i\u00e7in bize g\u00fcvendiklerinin fark\u0131nday\u0131z. Bu nedenle, yaln\u0131zca en kaliteli \u00fcr\u00fcnleri de\u011fil, ayn\u0131 zamanda ola\u011fan\u00fcst\u00fc hizmeti de sunmaya kararl\u0131y\u0131z. \u0130lk dan\u0131\u015fmanl\u0131ktan sat\u0131\u015f sonras\u0131 deste\u011fe kadar, m\u00fc\u015fterilerimizin ihtiya\u00e7lar\u0131n\u0131n profesyonellik ve \u00f6zenle kar\u015f\u0131lanmas\u0131n\u0131 sa\u011flamak i\u00e7in onlarla yak\u0131n i\u015f birli\u011fi i\u00e7indeyiz. Rekabet\u00e7i fiyatlar\u0131m\u0131z ve kaliteye olan sars\u0131lmaz ba\u011fl\u0131l\u0131\u011f\u0131m\u0131z, FMP'yi g\u00fcvenebilecekleri hidrolik \u00e7\u00f6z\u00fcmlere yat\u0131r\u0131m yapmak isteyen \u015firketler i\u00e7in ak\u0131ll\u0131 bir tercih haline getiriyor.<\/p>","protected":false},"excerpt":{"rendered":"<p>Factory Serving Small Dump Truck Hydraulic Hoist Cylinder Multistage Hydraulic Cylinder Introducing our brand new Factory Serving Small Dump Truck Hydraulic Hoist Cylinder Multistage Hydraulic Cylinder, a cutting-edge solution designed to meet your machinery needs. Built with the highest quality materials and engineered for superior performance, this hydraulic cylinder is the right choice for a [&hellip;]<\/p>","protected":false},"featured_media":6694,"comment_status":"closed","ping_status":"closed","template":"","meta":{"_et_pb_use_builder":"","_et_pb_old_content":"","_et_gb_content_width":""},"product_brand":[],"product_cat":[103],"product_tag":[34,105],"class_list":{"0":"post-6517","1":"product","2":"type-product","3":"status-publish","4":"has-post-thumbnail","6":"product_cat-telescopic-hydraulic-cylinders","7":"product_tag-hydraulic-cylinder","8":"product_tag-telescopic-hydraulic-cylinders","10":"first","11":"instock","12":"product-type-simple"},"_links":{"self":[{"href":"https:\/\/fmp-components.com\/tr\/wp-json\/wp\/v2\/product\/6517","targetHints":{"allow":["GET"]}}],"collection":[{"href":"https:\/\/fmp-components.com\/tr\/wp-json\/wp\/v2\/product"}],"about":[{"href":"https:\/\/fmp-components.com\/tr\/wp-json\/wp\/v2\/types\/product"}],"replies":[{"embeddable":true,"href":"https:\/\/fmp-components.com\/tr\/wp-json\/wp\/v2\/comments?post=6517"}],"wp:featuredmedia":[{"embeddable":true,"href":"https:\/\/fmp-components.com\/tr\/wp-json\/wp\/v2\/media\/6694"}],"wp:attachment":[{"href":"https:\/\/fmp-components.com\/tr\/wp-json\/wp\/v2\/media?parent=6517"}],"wp:term":[{"taxonomy":"product_brand","embeddable":true,"href":"https:\/\/fmp-components.com\/tr\/wp-json\/wp\/v2\/product_brand?post=6517"},{"taxonomy":"product_cat","embeddable":true,"href":"https:\/\/fmp-components.com\/tr\/wp-json\/wp\/v2\/product_cat?post=6517"},{"taxonomy":"product_tag","embeddable":true,"href":"https:\/\/fmp-components.com\/tr\/wp-json\/wp\/v2\/product_tag?post=6517"}],"curies":[{"name":"wp","href":"https:\/\/api.w.org\/{rel}","templated":true}]}}