{"id":6516,"date":"2025-03-11T06:26:57","date_gmt":"2025-03-11T06:26:57","guid":{"rendered":"https:\/\/fmp-components.com\/product\/professional-5-stage-telescopic-dump-truck-hydraulic-cylinder-multistage-hydraulic-cylinder"},"modified":"2025-03-18T01:07:16","modified_gmt":"2025-03-18T01:07:16","slug":"professional-5-stage-telescopic-dump-truck-hydraulic-cylinder-multistage-hydraulic-cylinder","status":"publish","type":"product","link":"https:\/\/fmp-components.com\/tr\/product\/professional-5-stage-telescopic-dump-truck-hydraulic-cylinder-multistage-hydraulic-cylinder\/","title":{"rendered":"Profesyonel 5 Kademeli Teleskopik Damperli Kamyon Hidrolik Silindiri \u00c7ok Kademeli Hidrolik Silindir"},"content":{"rendered":"<h2>Kalite G\u00fcvencesi Damperli Kamyon Hidrolik Kald\u0131rma Silindiri 4 Kademeli K\u00fc\u00e7\u00fck Damperli Kamyon Hidrolik Silindiri<\/h2>\n<p>4 Kademeli K\u00fc\u00e7\u00fck Damperli Kamyon hidrolik silindirimiz, optimum performans sa\u011flayan kalite g\u00fcvenceli bir \u00fcr\u00fcnd\u00fcr. 2025 y\u0131l\u0131nda piyasaya s\u00fcr\u00fclecek olan bu yeni \u00fcr\u00fcn, 1 y\u0131l garantilidir. Bu hidrolik silindir, makine tamir at\u00f6lyelerinde, \u00e7iftliklerde, enerji ve madencilik end\u00fcstrilerinde, makine imalat\u0131nda ve makine fabrikalar\u0131nda kullan\u0131m i\u00e7in tasarlanm\u0131\u015ft\u0131r.<\/p>\n<h3>\u00d6zellikler ve Avantajlar<\/h3>\n<ul>\n<li>Hidrolik g\u00fc\u00e7le \u00e7al\u0131\u015fan standart piston silindir yap\u0131s\u0131na sahiptir.<\/li>\n<li>Dayan\u0131kl\u0131l\u0131\u011f\u0131n\u0131 art\u0131ran \u00e7elikten \u00fcretilmi\u015ftir.<\/li>\n<li>Maksimum itme g\u00fcc\u00fc 3000, \u00e7ekme g\u00fcc\u00fc ise 20 tondur.<\/li>\n<li>G\/SAE\/NPT\/M portlu \u00e7ok kademeli hidrolik silindirdir.<\/li>\n<li>Kalite g\u00fcvencesi i\u00e7in ISO9001:2000 sertifikas\u0131na sahiptir.<\/li>\n<li>Delik \u00e7ap\u0131 2-6 in\u00e7, \u00e7ubuk \u00e7ap\u0131 1.125-4 in\u00e7 ve strok \u00e7ap\u0131 4-100 in\u00e7tir.<\/li>\n<\/ul>\n<p><img loading=\"lazy\" decoding=\"async\" class=\"alignnone wp-image-6717\" src=\"https:\/\/fmp-components.com\/wp-content\/uploads\/2025\/03\/hydraulic-cylinder-211.webp\" alt=\"Hidrolik Silindirler\" width=\"937\" height=\"939\" title=\"\" srcset=\"https:\/\/fmp-components.com\/wp-content\/uploads\/2025\/03\/hydraulic-cylinder-211.webp 937w, https:\/\/fmp-components.com\/wp-content\/uploads\/2025\/03\/hydraulic-cylinder-211-480x481.webp 480w\" sizes=\"(min-width: 0px) and (max-width: 480px) 480px, (min-width: 481px) 937px, 100vw\" \/><\/p>\n<h2>Teknik \u00d6zellikler<\/h2>\n<table style=\"width: 100.445%;\" border=\"\">\n<tbody>\n<tr>\n<th style=\"width: 42.9185%;\">\u00dcr\u00fcn Ad\u0131<\/th>\n<td style=\"width: 348.927%;\">Teleskopik Silindir<\/td>\n<\/tr>\n<tr>\n<th style=\"width: 42.9185%;\">Sertifikasyon<\/th>\n<td style=\"width: 348.927%;\">ISO9001:2000<\/td>\n<\/tr>\n<tr>\n<th style=\"width: 42.9185%;\">Delik Boyutu<\/th>\n<td style=\"width: 348.927%;\">2-6 in\u00e7<\/td>\n<\/tr>\n<tr>\n<th style=\"width: 42.9185%;\">\u00c7ubuk Boyutu<\/th>\n<td style=\"width: 348.927%;\">1.125-4 in\u00e7<\/td>\n<\/tr>\n<tr>\n<th style=\"width: 42.9185%;\">Vuru\u015f Boyutu<\/th>\n<td style=\"width: 348.927%;\">4-100 in\u00e7<\/td>\n<\/tr>\n<tr>\n<th style=\"width: 42.9185%;\">Pin Boyutu<\/th>\n<td style=\"width: 348.927%;\">0,5-2 in\u00e7<\/td>\n<\/tr>\n<tr>\n<th style=\"width: 42.9185%;\">Limanlar<\/th>\n<td style=\"width: 348.927%;\">G\/SAE\/NPT\/M<\/td>\n<\/tr>\n<\/tbody>\n<\/table>\n<h2>Benzersiz \u00d6zellikler ve Avantajlar<\/h2>\n<p>Hidrolik silindirimiz, ola\u011fan\u00fcst\u00fc enerji verimlili\u011fi, y\u00fcksek performans\u0131 ve sa\u011flam g\u00fcvenlik \u00f6zellikleriyle \u00f6ne \u00e7\u0131karak \u00e7e\u015fitli uygulamalar i\u00e7in ola\u011fan\u00fcst\u00fc bir tercihtir. Tasar\u0131m\u0131, enerji t\u00fcketimini en aza indirirken verimi en \u00fcst d\u00fczeye \u00e7\u0131kar\u0131r; bu da yaln\u0131zca i\u015fletme maliyetlerini d\u00fc\u015f\u00fcrmekle kalmaz, ayn\u0131 zamanda \u00e7evresel etkiyi de azalt\u0131r. Hidrolik silindirimizin y\u00fcksek performans\u0131, zorlu g\u00f6revleri hassasiyet ve g\u00fc\u00e7le yerine getirmesini sa\u011flayarak g\u00fcvenilirlik ve dayan\u0131kl\u0131l\u0131k gerektiren uygulamalar i\u00e7in uygundur.<\/p>\n<p>Bu avantajlar\u0131n yan\u0131 s\u0131ra, hidrolik silindirimizin \u00e7ok y\u00f6nl\u00fcl\u00fc\u011f\u00fc, \u00e7ok \u00e7e\u015fitli sekt\u00f6rlerde kullan\u0131lmas\u0131n\u0131 sa\u011flar. \u0130n\u015faat, tar\u0131m, ula\u015f\u0131m veya imalat gibi alanlarda, bu hidrolik silindir belirli operasyonel ihtiya\u00e7lar\u0131 kar\u015f\u0131layacak \u015fekilde uyarlanabilir. \u00c7e\u015fitli sistem ve ekipmanlarla uyumlulu\u011fu, \u00e7ekicili\u011fini daha da art\u0131rarak kullan\u0131c\u0131lara hidrolik ihtiya\u00e7lar\u0131 i\u00e7in g\u00fcvenilir bir \u00e7\u00f6z\u00fcm sunar.<\/p>\n<h2>Hidrolik Sistemler ve \u00c7al\u0131\u015fma Prensipleri<\/h2>\n<p>Hidrolik silindirimiz, kuvvet \u00fcretmek ve hareket yaratmak i\u00e7in olmazsa olmaz olan bas\u0131n\u00e7l\u0131 ak\u0131\u015fkan g\u00fcc\u00fcn\u00fcn temel prensibine g\u00f6re \u00e7al\u0131\u015f\u0131r. Hidrolik ak\u0131\u015fkan silindire pompaland\u0131\u011f\u0131nda, i\u00e7indeki pistona etki eden bir bas\u0131n\u00e7 olu\u015fturur. Bu bas\u0131n\u00e7, pistonun hareket etmesini sa\u011flayarak hidrolik enerjiyi etkili bir \u015fekilde mekanik enerjiye d\u00f6n\u00fc\u015ft\u00fcr\u00fcr.<\/p>\n<p>Hidrolik sistemin ayr\u0131lmaz bir par\u00e7as\u0131 olan hidrolik silindir, kontroll\u00fc hareket ve kuvvet \u00fcretiminin kolayla\u015ft\u0131r\u0131lmas\u0131nda \u00f6nemli bir rol oynar. Bu verimli d\u00f6n\u00fc\u015f\u00fcm s\u00fcreci, a\u011f\u0131r y\u00fcklerin ve makinelerin hassas bir \u015fekilde ta\u015f\u0131nmas\u0131n\u0131 sa\u011flayarak hidrolik sistemleri \u00e7e\u015fitli uygulamalarda vazge\u00e7ilmez k\u0131lar. Hidrolik silindirimizin g\u00fcvenilir \u00e7al\u0131\u015fmas\u0131, kullan\u0131ld\u0131\u011f\u0131 hidrolik sistemlerin genel verimlili\u011fine ve etkinli\u011fine katk\u0131da bulunur.<\/p>\n<h2>Uygulama Senaryolar\u0131<\/h2>\n<p>Bu hidrolik silindir, \u00f6nemli kald\u0131rma ve y\u00fck ta\u015f\u0131ma kapasitesi gerektiren damperli kamyonlar ve k\u00fc\u00e7\u00fck kamyonlarda kullan\u0131m i\u00e7in idealdir. Damperli kamyonlarda, kasay\u0131 kald\u0131r\u0131p indirmek i\u00e7in gerekli kuvveti sa\u011flayarak \u00e7ak\u0131l, kum ve in\u015faat at\u0131klar\u0131 gibi malzemelerin verimli bir \u015fekilde bo\u015falt\u0131lmas\u0131n\u0131 sa\u011flar. Sa\u011flam tasar\u0131m\u0131, in\u015faat ve ta\u015f\u0131mac\u0131l\u0131k uygulamalar\u0131nda tipik olan a\u011f\u0131r y\u00fckleri g\u00fcvenlik veya performanstan \u00f6d\u00fcn vermeden ta\u015f\u0131yabilmesini sa\u011flar.<\/p>\n<p>Ayr\u0131ca, k\u00fc\u00e7\u00fck kamyonlarda hidrolik silindir, arac\u0131n a\u011f\u0131r y\u00fckleri ta\u015f\u0131ma ve y\u00f6netme kabiliyetini art\u0131rarak, malzeme ta\u015f\u0131ma ve lojistik operasyonlar\u0131 i\u00e7in kritik bir bile\u015fen haline getirir. Kald\u0131rma, e\u011fme veya indirme gibi i\u015flemlerde hidrolik silindirimiz, bu ara\u00e7lar\u0131n sorunsuz \u00e7al\u0131\u015fmas\u0131na katk\u0131da bulunarak zorlu ko\u015fullarda verimli bir \u015fekilde performans g\u00f6stermelerini sa\u011flar.<\/p>\n<h2>SSS<\/h2>\n<p><strong>S: Teslimat s\u00fcresi ne kadard\u0131r? <\/strong><br \/>\nA: Genel teslimat s\u00fcresi 25-35 g\u00fcnd\u00fcr.<\/p>\n<p><strong>S: Numune sa\u011fl\u0131yor musunuz? <\/strong><br \/>\nC: Evet, numune sa\u011fl\u0131yoruz ancak \u00fccretsiz de\u011fil.<\/p>\n<p><strong>S: Numunelere g\u00f6re \u00fcretim yapabilir misiniz? <\/strong><br \/>\nC: Evet, numuneleriniz veya teknik \u00e7izimleriniz do\u011frultusunda \u00fcretim yapabiliriz. Kal\u0131p ve aparatlar\u0131 biz \u00fcretebiliriz.<\/p>\n<p><img loading=\"lazy\" decoding=\"async\" class=\"alignnone wp-image-6665\" src=\"https:\/\/fmp-components.com\/wp-content\/uploads\/2025\/03\/telescopic-hydraulic-cylinder-9.webp\" alt=\"teleskopik hidrolik silindir\" width=\"900\" height=\"900\" title=\"\" srcset=\"https:\/\/fmp-components.com\/wp-content\/uploads\/2025\/03\/telescopic-hydraulic-cylinder-9.webp 900w, https:\/\/fmp-components.com\/wp-content\/uploads\/2025\/03\/telescopic-hydraulic-cylinder-9-480x480.webp 480w\" sizes=\"(min-width: 0px) and (max-width: 480px) 480px, (min-width: 481px) 900px, 100vw\" \/><\/p>\n<h3>FMP Hakk\u0131nda<\/h3>\n<p>FMP, en y\u00fcksek kalitede hidrolik silindirlerin tasar\u0131m\u0131, geli\u015ftirilmesi ve \u00fcretiminde uzmanla\u015fm\u0131\u015f, \u00f6nde gelen bir \u0130talyan \u00fcreticisidir. Onlarca y\u0131ll\u0131k uzmanl\u0131\u011f\u0131m\u0131zla olu\u015fturdu\u011fumuz miras\u0131m\u0131zla, \u0130talyan i\u015f\u00e7ili\u011fini en son teknolojiyle kusursuz bir \u015fekilde harmanlayarak, k\u00fcresel m\u00fc\u015fterilerimizin \u00e7e\u015fitli ihtiya\u00e7lar\u0131na \u00f6zel, ola\u011fan\u00fcst\u00fc hidrolik \u00e7\u00f6z\u00fcmler sunuyoruz. M\u00fchendislik m\u00fckemmelli\u011finin merkez \u00fcss\u00fc \u0130talya'da bulunan FMP, d\u00fcnya \u00e7ap\u0131ndaki i\u015fletmelere g\u00fc\u00e7 katan g\u00fcvenilir, dayan\u0131kl\u0131 ve yenilik\u00e7i \u00fcr\u00fcnler sunmaya kendini adam\u0131\u015f, hidrolik sekt\u00f6r\u00fcnde g\u00fcvenilir bir isim olarak kendini kan\u0131tlam\u0131\u015ft\u0131r.<\/p>\n<p>\u015eirketimiz, ileri \u00fcretim geleneklerini ileri g\u00f6r\u00fc\u015fl\u00fc bir yakla\u015f\u0131mla birle\u015ftiriyor. Hidrolik sistemlerdeki engin deneyiminden yararlanan FMP, ara\u015ft\u0131rma, tasar\u0131m ve \u00fcretimde m\u00fckemmellik g\u00f6steren modern bir kurulu\u015fa d\u00f6n\u00fc\u015fm\u00fc\u015ft\u00fcr. \u00c7ift etkili silindirler, otomotiv kald\u0131rma silindirleri, tar\u0131m makineleri silindirleri ve \u00e7e\u015fitli end\u00fcstriyel uygulamalar i\u00e7in \u00f6zel olarak tasarlanm\u0131\u015f \u00e7\u00f6z\u00fcmler de dahil olmak \u00fczere geni\u015f bir hidrolik silindir yelpazesi sunuyoruz. \u0130ster in\u015faat, ister end\u00fcstriyel tesisler, ister tar\u0131m veya a\u011f\u0131r makine olsun, hangi sekt\u00f6r olursa olsun, hidrolik silindirlerimiz en zorlu ko\u015fullarda bile g\u00fcvenlik, verimlilik ve uzun \u00f6m\u00fcr sa\u011flayacak \u015fekilde tasarlanm\u0131\u015ft\u0131r.<\/p>\n<p><img loading=\"lazy\" decoding=\"async\" class=\"alignnone size-full wp-image-6720\" src=\"https:\/\/fmp-components.com\/wp-content\/uploads\/2025\/03\/hydraulic-cylinder-8.webp\" alt=\"Teleskopik Hidrolik Silindirler\" width=\"933\" height=\"526\" title=\"\" srcset=\"https:\/\/fmp-components.com\/wp-content\/uploads\/2025\/03\/hydraulic-cylinder-8.webp 933w, https:\/\/fmp-components.com\/wp-content\/uploads\/2025\/03\/hydraulic-cylinder-8-480x271.webp 480w\" sizes=\"(min-width: 0px) and (max-width: 480px) 480px, (min-width: 481px) 933px, 100vw\" \/><\/p>\n<p>FMP olarak, hassas makineler ve geli\u015fmi\u015f test sistemleriyle donat\u0131lm\u0131\u015f son teknoloji \u00fcretim tesislerimizle gurur duyuyoruz. \u00dcretim s\u00fcre\u00e7lerimiz, \u00fcretti\u011fimiz her hidrolik silindirin en y\u00fcksek kalite ve g\u00fcvenilirlikte olmas\u0131n\u0131 sa\u011flayan s\u0131k\u0131 ulusal ve uluslararas\u0131 standartlar\u0131 kar\u015f\u0131lamaktad\u0131r. Son teknoloji ekipmanlarla bir araya gelen yetenekli teknik ekibimiz, hammadde se\u00e7iminden son kontrole kadar \u00fcretimin her a\u015famas\u0131nda s\u0131k\u0131 bir kalite kontrol\u00fc sa\u011flamam\u0131z\u0131 m\u00fcmk\u00fcn k\u0131lmaktad\u0131r. M\u00fckemmelli\u011fe olan bu ba\u011fl\u0131l\u0131\u011f\u0131m\u0131z, sekt\u00f6r otoritelerinden sertifikalar ve takdirler almam\u0131z\u0131 sa\u011flayarak, g\u00fcvenilir bir i\u015f orta\u011f\u0131 olarak itibar\u0131m\u0131z\u0131 daha da sa\u011flamla\u015ft\u0131rm\u0131\u015ft\u0131r.<\/p>\n<p>Misyonumuz hem basit hem de iddial\u0131d\u0131r: M\u00fc\u015fterilerimize performans, dayan\u0131kl\u0131l\u0131k ve de\u011fer a\u00e7\u0131s\u0131ndan beklentileri a\u015fan hidrolik silindirler sunmak. Profesyonellik, d\u00fcr\u00fcstl\u00fck ve m\u00fc\u015fteri odakl\u0131l\u0131k temel ilkeleriyle faaliyet g\u00f6steriyoruz. Yenilik\u00e7ilik ve hassasiyet k\u00fclt\u00fcr\u00fcn\u00fc benimseyerek, rekabet\u00e7i bir pazarda \u00f6ne \u00e7\u0131kmak i\u00e7in \u00fcr\u00fcnlerimizi s\u00fcrekli olarak geli\u015ftiriyoruz. Kapsaml\u0131 \u00fcr\u00fcn yelpazemiz ve ki\u015fiye \u00f6zel \u00e7\u00f6z\u00fcmler sunma becerimiz, bizi y\u00fcksek performansl\u0131 hidrolik silindirler arayan i\u015fletmeler i\u00e7in tercih edilen se\u00e7enek haline getiriyor.<\/p>\n<p>FMP, bir \u00fcreticiden \u00e7ok daha fazlas\u0131d\u0131r; ba\u015far\u0131n\u0131z\u0131n orta\u011f\u0131y\u0131z. M\u00fc\u015fterilerimizin, \u00fcretkenli\u011fi ve g\u00fcvenli\u011fi art\u0131ran ara\u00e7lar sa\u011flamam\u0131z i\u00e7in bize g\u00fcvendi\u011finin fark\u0131nday\u0131z. Bu nedenle, yaln\u0131zca birinci s\u0131n\u0131f \u00fcr\u00fcnler sunmaya de\u011fil, ayn\u0131 zamanda ola\u011fan\u00fcst\u00fc hizmet sunmaya da kararl\u0131y\u0131z. \u0130lk dan\u0131\u015fmanl\u0131ktan sat\u0131\u015f sonras\u0131 deste\u011fe kadar, ihtiya\u00e7lar\u0131n\u0131n profesyonellik ve \u00f6zenle kar\u015f\u0131lanmas\u0131n\u0131 sa\u011flamak i\u00e7in m\u00fc\u015fterilerimizle yak\u0131n bir \u015fekilde \u00e7al\u0131\u015f\u0131yoruz. Rekabet\u00e7i fiyatlar\u0131m\u0131z ve kaliteye olan sars\u0131lmaz ba\u011fl\u0131l\u0131\u011f\u0131m\u0131z, FMP'yi g\u00fcvenilir hidrolik \u00e7\u00f6z\u00fcmlere yat\u0131r\u0131m yapmak isteyen \u015firketler i\u00e7in ak\u0131ll\u0131 bir tercih haline getiriyor.<\/p>","protected":false},"excerpt":{"rendered":"<p>Quality Assurance Dump Truck Hydraulic Hoist Cylinder 4 Stage Small Dump Truck Hydraulic Cylinder Our 4 Stage Small Dump Truck hydraulic cylinder is a quality assured product that ensures optimal performance. It is a new product, launching in 2025, with a 1-year warranty. This hydraulic cylinder is designed for use in machinery repair shops, farms, [&hellip;]<\/p>","protected":false},"featured_media":6695,"comment_status":"closed","ping_status":"closed","template":"","meta":{"_et_pb_use_builder":"","_et_pb_old_content":"","_et_gb_content_width":""},"product_brand":[],"product_cat":[103],"product_tag":[34,105],"class_list":{"0":"post-6516","1":"product","2":"type-product","3":"status-publish","4":"has-post-thumbnail","6":"product_cat-telescopic-hydraulic-cylinders","7":"product_tag-hydraulic-cylinder","8":"product_tag-telescopic-hydraulic-cylinders","10":"first","11":"instock","12":"product-type-simple"},"_links":{"self":[{"href":"https:\/\/fmp-components.com\/tr\/wp-json\/wp\/v2\/product\/6516","targetHints":{"allow":["GET"]}}],"collection":[{"href":"https:\/\/fmp-components.com\/tr\/wp-json\/wp\/v2\/product"}],"about":[{"href":"https:\/\/fmp-components.com\/tr\/wp-json\/wp\/v2\/types\/product"}],"replies":[{"embeddable":true,"href":"https:\/\/fmp-components.com\/tr\/wp-json\/wp\/v2\/comments?post=6516"}],"wp:featuredmedia":[{"embeddable":true,"href":"https:\/\/fmp-components.com\/tr\/wp-json\/wp\/v2\/media\/6695"}],"wp:attachment":[{"href":"https:\/\/fmp-components.com\/tr\/wp-json\/wp\/v2\/media?parent=6516"}],"wp:term":[{"taxonomy":"product_brand","embeddable":true,"href":"https:\/\/fmp-components.com\/tr\/wp-json\/wp\/v2\/product_brand?post=6516"},{"taxonomy":"product_cat","embeddable":true,"href":"https:\/\/fmp-components.com\/tr\/wp-json\/wp\/v2\/product_cat?post=6516"},{"taxonomy":"product_tag","embeddable":true,"href":"https:\/\/fmp-components.com\/tr\/wp-json\/wp\/v2\/product_tag?post=6516"}],"curies":[{"name":"wp","href":"https:\/\/api.w.org\/{rel}","templated":true}]}}