{"id":6511,"date":"2025-03-11T06:26:57","date_gmt":"2025-03-11T06:26:57","guid":{"rendered":"https:\/\/fmp-components.com\/product\/competitive-price-telescopic-hydraulic-cylinder-hydraulic-cylinder-for-dump-trailer"},"modified":"2025-03-11T08:51:40","modified_gmt":"2025-03-11T08:51:40","slug":"competitive-price-telescopic-hydraulic-cylinder-hydraulic-cylinder-for-dump-trailer","status":"publish","type":"product","link":"https:\/\/fmp-components.com\/tr\/product\/competitive-price-telescopic-hydraulic-cylinder-hydraulic-cylinder-for-dump-trailer\/","title":{"rendered":"Rekabet\u00e7i Fiyatl\u0131 Teleskopik Hidrolik Silindir Damperli R\u00f6mork \u0130\u00e7in Hidrolik Silindir"},"content":{"rendered":"<h2>Rekabet\u00e7i Fiyatl\u0131 Teleskopik Hidrolik Silindir Damperli R\u00f6mork \u0130\u00e7in Hidrolik Silindir<\/h2>\n<p>FMP'nin damperli r\u00f6morklar i\u00e7in teleskopik hidrolik silindiri, \u00fcst\u00fcn performans ve i\u015flevsellik sunan ola\u011fan\u00fcst\u00fc bir \u00fcr\u00fcnd\u00fcr. \u00c7e\u015fitli uygulamalar i\u00e7in tasarlanan bu hidrolik silindir, bir\u00e7ok sekt\u00f6rde kritik bir bile\u015fen olup, \u00f6nemini ve \u00e7ok y\u00f6nl\u00fcl\u00fc\u011f\u00fcn\u00fc vurgulamaktad\u0131r.<\/p>\n<h3>Teknik \u00d6zellikler<\/h3>\n<p>Hidrolik silindir a\u015fa\u011f\u0131daki teknik \u00f6zelliklere sahiptir:<\/p>\n<table style=\"width: 98.5375%;\" border=\"\">\n<tbody>\n<tr>\n<th style=\"width: 43.5028%;\">Delik Boyutu<\/th>\n<td style=\"width: 477.401%;\">2-6 in\u00e7<\/td>\n<\/tr>\n<tr>\n<th style=\"width: 43.5028%;\">\u00c7ubuk Boyutu<\/th>\n<td style=\"width: 477.401%;\">1.125-4 in\u00e7<\/td>\n<\/tr>\n<tr>\n<th style=\"width: 43.5028%;\">Vuru\u015f Boyutu<\/th>\n<td style=\"width: 477.401%;\">4-100 in\u00e7<\/td>\n<\/tr>\n<tr>\n<th style=\"width: 43.5028%;\">Pin Boyutu<\/th>\n<td style=\"width: 477.401%;\">0,5-2 in\u00e7<\/td>\n<\/tr>\n<tr>\n<th style=\"width: 43.5028%;\">Limanlar<\/th>\n<td style=\"width: 477.401%;\">G\/SAE\/NPT\/M<\/td>\n<\/tr>\n<\/tbody>\n<\/table>\n<h3>Benzersiz \u00d6zellikler ve Avantajlar<\/h3>\n<h4>Enerji Verimlili\u011fi<\/h4>\n<p>Hidrolik silindir, optimum performans sa\u011flarken daha az enerji t\u00fcketmek \u00fczere titizlikle tasarlanm\u0131\u015ft\u0131r. Bu enerji verimli tasar\u0131m, yaln\u0131zca i\u015fletme maliyetlerini d\u00fc\u015f\u00fcrmekle kalmaz, ayn\u0131 zamanda daha k\u00fc\u00e7\u00fck bir \u00e7evresel ayak izine de katk\u0131da bulunur. Hidrolik s\u0131v\u0131n\u0131n kullan\u0131m\u0131n\u0131 en \u00fcst d\u00fczeye \u00e7\u0131kararak ve enerji israf\u0131n\u0131 en aza indirerek, bu silindir i\u015fletmelerin y\u00fcksek verimlilik seviyelerini korurken s\u00fcrd\u00fcr\u00fclebilirlik hedeflerine ula\u015fmalar\u0131na yard\u0131mc\u0131 olur.<\/p>\n<h4>Son derece verimli<\/h4>\n<p>Yenilik\u00e7i \u00e7ok kademeli tasar\u0131m\u0131 sayesinde, hidrolik silindir geni\u015f bir \u00e7al\u0131\u015fma ko\u015fullar\u0131 yelpazesinde y\u00fcksek verimlilik sa\u011flama konusunda \u00fcst\u00fcnl\u00fck g\u00f6sterir. Bu tasar\u0131m, kompakt boyutunu korurken daha y\u00fcksek kuvvet \u00e7\u0131k\u0131\u015f\u0131na olanak tan\u0131yarak a\u011f\u0131r y\u00fckleri kolayl\u0131kla ta\u015f\u0131mas\u0131n\u0131 sa\u011flar. A\u015f\u0131r\u0131 s\u0131cakl\u0131klarda veya de\u011fi\u015fen bas\u0131n\u00e7 ko\u015fullar\u0131nda \u00e7al\u0131\u015f\u0131rken bile, bu hidrolik silindir tutarl\u0131 performans sa\u011flayarak zorlu end\u00fcstriyel uygulamalar i\u00e7in g\u00fcvenilir bir se\u00e7im haline gelir.<\/p>\n<h4>Emniyet<\/h4>\n<p>Bu hidrolik silindirin tasar\u0131m\u0131nda g\u00fcvenlik en \u00f6ncelikli unsurdur. Hem kullan\u0131c\u0131lar\u0131 hem de ekipman\u0131 koruyan \u00f6zellikler i\u00e7eren, en y\u00fcksek g\u00fcvenlik standartlar\u0131 g\u00f6z \u00f6n\u00fcnde bulundurularak \u00fcretilmi\u015ftir. Bu g\u00fcvenlik mekanizmalar\u0131 aras\u0131nda bas\u0131n\u00e7 tahliye vanalar\u0131 ve y\u00fcksek gerilime dayan\u0131kl\u0131 sa\u011flam malzemeler bulunur; bu sayede silindir zorlu ortamlarda bile g\u00fcvenli bir \u015fekilde \u00e7al\u0131\u015f\u0131r. G\u00fcvenli\u011fe \u00f6ncelik verilerek, bu hidrolik silindir kaza riskini en aza indirir ve genel \u00e7al\u0131\u015fma g\u00fcvenilirli\u011fini art\u0131rarak kullan\u0131c\u0131lara g\u00f6n\u00fcl rahatl\u0131\u011f\u0131 sa\u011flar.<\/p>\n<p><img loading=\"lazy\" decoding=\"async\" class=\"alignnone  wp-image-6663\" src=\"https:\/\/fmp-components.com\/wp-content\/uploads\/2025\/03\/telescopic-hydraulic-cylinder-11.webp\" alt=\"teleskopik hidrolik silindir\" width=\"925\" height=\"925\" title=\"\" srcset=\"https:\/\/fmp-components.com\/wp-content\/uploads\/2025\/03\/telescopic-hydraulic-cylinder-11.webp 925w, https:\/\/fmp-components.com\/wp-content\/uploads\/2025\/03\/telescopic-hydraulic-cylinder-11-480x480.webp 480w\" sizes=\"(min-width: 0px) and (max-width: 480px) 480px, (min-width: 481px) 925px, 100vw\" \/><\/p>\n<h2>Hidrolik Sistem Nas\u0131l \u00c7al\u0131\u015f\u0131r?<\/h2>\n<p>Hidrolik silindir, hidrolik sistemin temel bir bile\u015fenidir ve \u00e7al\u0131\u015fmas\u0131nda hayati bir rol oynar. Hidrolik enerjiyi mekanik harekete d\u00f6n\u00fc\u015ft\u00fcrerek, \u00e7e\u015fitli end\u00fcstriyel uygulamalar i\u00e7in gerekli kuvveti sa\u011flar. Hidrolik s\u0131v\u0131 bas\u0131n\u00e7land\u0131r\u0131l\u0131p silindire y\u00f6nlendirildi\u011finde, i\u00e7indeki pistonu hareket ettiren bir kuvvet olu\u015fturur. Bu hareket do\u011frusal harekete d\u00f6n\u00fc\u015ferek silindirin a\u011f\u0131r y\u00fckleri kald\u0131rma, itme veya \u00e7ekme gibi g\u00f6revleri yerine getirmesini sa\u011flar. Bu s\u00fcrecin verimlili\u011fi, hidrolik silindir ile gerekli bas\u0131nc\u0131 sa\u011flayan g\u00fc\u00e7 \u00fcnitesi gibi di\u011fer sistem bile\u015fenleri aras\u0131ndaki koordineli etkile\u015fimle art\u0131r\u0131l\u0131r. Bu sinerji, hassas kontrol ve uyarlanabilirlik sa\u011flayarak, in\u015faattan imalata kadar geni\u015f bir yelpazedeki end\u00fcstriyel faaliyetler i\u00e7in hidrolik sistemleri vazge\u00e7ilmez k\u0131lar.<\/p>\n<h3>FMP Hakk\u0131nda<\/h3>\n<p class=\"break-words\">FMP, y\u00fcksek kaliteli hidrolik silindirlerin tasar\u0131m\u0131, geli\u015ftirilmesi ve \u00fcretiminde uzmanla\u015fm\u0131\u015f lider bir \u0130talyan \u00fcreticisidir. Onlarca y\u0131ll\u0131k uzmanl\u0131\u011fa dayanan zengin bir mirasa sahip olarak, \u0130talyan i\u015f\u00e7ili\u011fini en son teknolojiyle gururla birle\u015ftirerek, k\u00fcresel m\u00fc\u015fterilerimizin \u00e7e\u015fitli ihtiya\u00e7lar\u0131n\u0131 kar\u015f\u0131lamak \u00fczere tasarlanm\u0131\u015f ola\u011fan\u00fcst\u00fc hidrolik \u00e7\u00f6z\u00fcmler sunuyoruz. M\u00fchendislik m\u00fckemmelli\u011finin merkezi \u0130talya'da bulunan FMP, hidrolik sekt\u00f6r\u00fcnde g\u00fcvenilir bir isim olarak \u00f6ne \u00e7\u0131kmakta ve d\u00fcnya \u00e7ap\u0131ndaki i\u015fletmelere g\u00fc\u00e7 katan g\u00fcvenilir, dayan\u0131kl\u0131 ve yenilik\u00e7i \u00fcr\u00fcnler sunmaya kendini adam\u0131\u015ft\u0131r.<\/p>\n<p class=\"break-words\">\u015eirketimiz, ileri d\u00fczey \u00fcretim geleneklerinin en iyilerini ileri g\u00f6r\u00fc\u015fl\u00fc bir yakla\u015f\u0131mla birle\u015ftiriyor. Hidrolik sistemlerdeki uzun y\u0131llara dayanan deneyiminden g\u00fc\u00e7 alan FMP, ara\u015ft\u0131rma, tasar\u0131m ve \u00fcretimde m\u00fckemmellik g\u00f6steren modern bir kurulu\u015fa d\u00f6n\u00fc\u015fm\u00fc\u015ft\u00fcr. \u00c7ift etkili silindirler, otomotiv kald\u0131rma silindirleri, tar\u0131m makineleri silindirleri ve \u00e7e\u015fitli end\u00fcstriyel uygulamalar i\u00e7in \u00f6zel olarak tasarlanm\u0131\u015f \u00e7\u00f6z\u00fcmler de dahil olmak \u00fczere geni\u015f bir hidrolik silindir yelpazesinde uzmanla\u015f\u0131yoruz. \u0130ster in\u015faat, ister end\u00fcstriyel tesisler, ister tar\u0131m veya a\u011f\u0131r makineler olsun, hidrolik silindirlerimiz en zorlu ko\u015fullarda bile g\u00fcvenlik, verimlilik ve uzun \u00f6m\u00fcr sa\u011flayacak \u015fekilde \u00fcretilmi\u015ftir.<\/p>\n<p><img loading=\"lazy\" decoding=\"async\" class=\"alignnone size-full wp-image-6720\" src=\"https:\/\/fmp-components.com\/wp-content\/uploads\/2025\/03\/hydraulic-cylinder-8.webp\" alt=\"Teleskopik Hidrolik Silindirler\" width=\"933\" height=\"526\" title=\"\" srcset=\"https:\/\/fmp-components.com\/wp-content\/uploads\/2025\/03\/hydraulic-cylinder-8.webp 933w, https:\/\/fmp-components.com\/wp-content\/uploads\/2025\/03\/hydraulic-cylinder-8-480x271.webp 480w\" sizes=\"(min-width: 0px) and (max-width: 480px) 480px, (min-width: 481px) 933px, 100vw\" \/><\/p>\n<p class=\"break-words\">FMP olarak, hassas makineler ve geli\u015fmi\u015f test sistemleriyle donat\u0131lm\u0131\u015f son teknoloji \u00fcretim tesislerimizle gurur duyuyoruz. \u00dcretim s\u00fcre\u00e7lerimiz, fabrikam\u0131zdan \u00e7\u0131kan her hidrolik silindirin \u00fcst\u00fcn kalite ve g\u00fcvenilirlikte olmas\u0131n\u0131 sa\u011flayan s\u0131k\u0131 ulusal ve uluslararas\u0131 standartlara uygundur. Son teknoloji ekipmanlarla bir araya gelen yetenekli teknik ekibimiz, hammadde se\u00e7iminden son kontrole kadar \u00fcretimin her a\u015famas\u0131nda s\u0131k\u0131 bir kalite kontrol\u00fc sa\u011flamam\u0131z\u0131 sa\u011flar. M\u00fckemmelli\u011fe olan bu ba\u011fl\u0131l\u0131\u011f\u0131m\u0131z, bize sekt\u00f6r otoritelerinden sertifikalar ve takdirler kazand\u0131rarak, g\u00fcvenilir bir i\u015f orta\u011f\u0131 olarak itibar\u0131m\u0131z\u0131 daha da sa\u011flamla\u015ft\u0131rm\u0131\u015ft\u0131r.<\/p>\n<p class=\"break-words\">Misyonumuz basit ama iddial\u0131: M\u00fc\u015fterilerimize performans, dayan\u0131kl\u0131l\u0131k ve de\u011fer a\u00e7\u0131s\u0131ndan beklentileri a\u015fan hidrolik silindirler sunmak. Profesyonellik, d\u00fcr\u00fcstl\u00fck ve m\u00fc\u015fteri odakl\u0131l\u0131k ilkeleriyle \u00e7al\u0131\u015f\u0131yoruz. Yenilik\u00e7ilik ve hassasiyet k\u00fclt\u00fcr\u00fcn\u00fc benimseyerek, rekabet\u00e7i bir pazarda \u00f6ne \u00e7\u0131kmak i\u00e7in \u00fcr\u00fcnlerimizi s\u00fcrekli olarak geli\u015ftiriyoruz. Kapsaml\u0131 \u00fcr\u00fcn yelpazemiz ve ki\u015fiye \u00f6zel \u00e7\u00f6z\u00fcmler sunma becerimiz, bizi y\u00fcksek performansl\u0131 hidrolik silindir arayan i\u015fletmeler i\u00e7in vazge\u00e7ilmez k\u0131l\u0131yor.<\/p>\n<p class=\"break-words\">FMP, yaln\u0131zca bir \u00fcreticiden daha fazlas\u0131d\u0131r; ba\u015far\u0131n\u0131z\u0131n orta\u011f\u0131y\u0131z. M\u00fc\u015fterilerimizin \u00fcretkenliklerini ve g\u00fcvenliklerini art\u0131ran ara\u00e7lar sunmam\u0131z i\u00e7in bize g\u00fcvendi\u011finin fark\u0131nday\u0131z. Bu nedenle, yaln\u0131zca birinci s\u0131n\u0131f \u00fcr\u00fcnler sunmakla kalmay\u0131p ayn\u0131 zamanda ola\u011fan\u00fcst\u00fc hizmet de sunmaya kararl\u0131y\u0131z. \u0130lk dan\u0131\u015fmanl\u0131ktan sat\u0131\u015f sonras\u0131 deste\u011fe kadar, ihtiya\u00e7lar\u0131n\u0131n profesyonellik ve \u00f6zenle kar\u015f\u0131lanmas\u0131n\u0131 sa\u011flamak i\u00e7in m\u00fc\u015fterilerimizle yak\u0131n bir \u015fekilde \u00e7al\u0131\u015f\u0131yoruz. Rekabet\u00e7i fiyatlar\u0131m\u0131z ve kaliteye olan sars\u0131lmaz ba\u011fl\u0131l\u0131\u011f\u0131m\u0131z, FMP'yi g\u00fcvenebilecekleri hidrolik \u00e7\u00f6z\u00fcmlere yat\u0131r\u0131m yapmak isteyen \u015firketler i\u00e7in ak\u0131ll\u0131 bir tercih haline getiriyor.<\/p>\n<p><img loading=\"lazy\" decoding=\"async\" class=\"alignnone  wp-image-6717\" src=\"https:\/\/fmp-components.com\/wp-content\/uploads\/2025\/03\/hydraulic-cylinder-211.webp\" alt=\"Hidrolik Silindirler\" width=\"954\" height=\"956\" title=\"\" srcset=\"https:\/\/fmp-components.com\/wp-content\/uploads\/2025\/03\/hydraulic-cylinder-211.webp 954w, https:\/\/fmp-components.com\/wp-content\/uploads\/2025\/03\/hydraulic-cylinder-211-480x481.webp 480w\" sizes=\"(min-width: 0px) and (max-width: 480px) 480px, (min-width: 481px) 954px, 100vw\" \/><\/p>\n<h2>SSS<\/h2>\n<dl>\n<dt>S: Teslimat s\u00fcreniz ne kadard\u0131r?<\/dt>\n<dd>A: Genellikle 25-35 g\u00fcnd\u00fcr.<\/dd>\n<dt>S: Numune sa\u011fl\u0131yor musunuz? \u00dccretsiz mi yoksa ekstra m\u0131?<\/dt>\n<dd>C: Evet, numune sunabiliriz ancak \u00fccretsiz de\u011fil.<\/dd>\n<dt>S: Numunelere g\u00f6re \u00fcretim yapabilir misiniz?<\/dt>\n<dd>C: Evet, numuneleriniz veya teknik \u00e7izimleriniz do\u011frultusunda \u00fcretim yapabiliriz. Kal\u0131p ve aparatlar\u0131 biz \u00fcretebiliriz.<\/dd>\n<\/dl>","protected":false},"excerpt":{"rendered":"<p>Competitive Price Telescopic Hydraulic Cylinder Hydraulic Cylinder For Dump Trailer The Telescopic hydraulic cylinder for Dump Trailers From FMP is an exceptional product offering superior performance and functionality. Designed for a variety of applications, this hydraulic cylinder is a critical component in many industries, highlighting its importance and versatility. Technical Specifications The hydraulic cylinder comes [&hellip;]<\/p>","protected":false},"featured_media":6681,"comment_status":"closed","ping_status":"closed","template":"","meta":{"_et_pb_use_builder":"","_et_pb_old_content":"","_et_gb_content_width":""},"product_brand":[],"product_cat":[103],"product_tag":[34,105],"class_list":{"0":"post-6511","1":"product","2":"type-product","3":"status-publish","4":"has-post-thumbnail","6":"product_cat-telescopic-hydraulic-cylinders","7":"product_tag-hydraulic-cylinder","8":"product_tag-telescopic-hydraulic-cylinders","10":"first","11":"instock","12":"product-type-simple"},"_links":{"self":[{"href":"https:\/\/fmp-components.com\/tr\/wp-json\/wp\/v2\/product\/6511","targetHints":{"allow":["GET"]}}],"collection":[{"href":"https:\/\/fmp-components.com\/tr\/wp-json\/wp\/v2\/product"}],"about":[{"href":"https:\/\/fmp-components.com\/tr\/wp-json\/wp\/v2\/types\/product"}],"replies":[{"embeddable":true,"href":"https:\/\/fmp-components.com\/tr\/wp-json\/wp\/v2\/comments?post=6511"}],"wp:featuredmedia":[{"embeddable":true,"href":"https:\/\/fmp-components.com\/tr\/wp-json\/wp\/v2\/media\/6681"}],"wp:attachment":[{"href":"https:\/\/fmp-components.com\/tr\/wp-json\/wp\/v2\/media?parent=6511"}],"wp:term":[{"taxonomy":"product_brand","embeddable":true,"href":"https:\/\/fmp-components.com\/tr\/wp-json\/wp\/v2\/product_brand?post=6511"},{"taxonomy":"product_cat","embeddable":true,"href":"https:\/\/fmp-components.com\/tr\/wp-json\/wp\/v2\/product_cat?post=6511"},{"taxonomy":"product_tag","embeddable":true,"href":"https:\/\/fmp-components.com\/tr\/wp-json\/wp\/v2\/product_tag?post=6511"}],"curies":[{"name":"wp","href":"https:\/\/api.w.org\/{rel}","templated":true}]}}