{"id":6510,"date":"2025-03-11T06:26:57","date_gmt":"2025-03-11T06:26:57","guid":{"rendered":"https:\/\/fmp-components.com\/product\/guaranteed-quality-mini-dump-truck-hydraulic-cylinders-telescopic-hydraulic-cylinder"},"modified":"2025-03-18T01:06:37","modified_gmt":"2025-03-18T01:06:37","slug":"guaranteed-quality-mini-dump-truck-hydraulic-cylinders-telescopic-hydraulic-cylinder","status":"publish","type":"product","link":"https:\/\/fmp-components.com\/tr\/product\/guaranteed-quality-mini-dump-truck-hydraulic-cylinders-telescopic-hydraulic-cylinder\/","title":{"rendered":"Garantili Kalite Mini Damperli Kamyon Hidrolik Silindirleri Teleskopik Hidrolik Silindir"},"content":{"rendered":"<h2>Garantili Kalite Mini Damperli Kamyon Hidrolik Silindirleri Teleskopik Hidrolik Silindir<\/h2>\n<p>2025 y\u0131l\u0131 i\u00e7in yeni \u00fcr\u00fcn\u00fcm\u00fcz olan \u00fcst\u00fcn kaliteli Mini Damperli Kamyon Hidrolik Silindirleri Teleskopik Hidrolik Silindirini tan\u0131t\u0131yoruz. Bu \u00fcr\u00fcn, \u00f6zellikle Makine Tamir At\u00f6lyeleri, \u00c7iftlikler, Enerji ve Madencilik ve Makine \u0130malat\u0131 sekt\u00f6rleri i\u00e7in tasarlanm\u0131\u015f standart, pistonlu silindir tipi bir hidrolik silindirdir. Sa\u011flam \u00e7elikten \u00fcretilmi\u015ftir ve a\u011f\u0131r hizmet uygulamalar\u0131 i\u00e7in m\u00fckemmel olan \u00e7ok kademeli bir tasar\u0131ma sahiptir.<\/p>\n<h3>Benzersiz \u00d6zellikler ve Avantajlar<\/h3>\n<ul>\n<li><b>Enerji Verimlili\u011fi:<\/b> Hidrolik silindirimiz daha az enerji t\u00fcketecek \u015fekilde tasarlanm\u0131\u015ft\u0131r, bu da onu daha verimli ve \u00e7evre dostu hale getirir.<\/li>\n<li><b>Y\u00fcksek Performans:<\/b> 3000 tonluk azami itme g\u00fcc\u00fc ve 20 tonluk azami \u00e7ekme kuvvetiyle, her t\u00fcrl\u00fc g\u00f6rev i\u00e7in ola\u011fan\u00fcst\u00fc bir g\u00fc\u00e7 sa\u011flar.<\/li>\n<li><b>Emniyet:<\/b> \u00dcr\u00fcn\u00fcm\u00fcz ISO9001:2000 sertifikas\u0131na sahiptir ve bu da g\u00fcvenli\u011fini ve g\u00fcvenilirli\u011fini garanti eder.<\/li>\n<\/ul>\n<h3>Teknik Detaylar<\/h3>\n<p>Hidrolik silindirimiz 2-6 in\u00e7 aras\u0131 i\u00e7 \u00e7ap, 1,125-4 in\u00e7 aras\u0131 piston kolu \u00e7ap\u0131 ve 4-100 in\u00e7 aras\u0131 strok uzunlu\u011funa sahiptir. G\/SAE\/NPT\/M ba\u011flant\u0131 noktalar\u0131 ve 0,5-2 in\u00e7 aras\u0131 pim boyutuyla birlikte gelir. T\u00fcm bu \u00f6zellikler, \u00e7e\u015fitli \u00e7al\u0131\u015fma senaryolar\u0131nda \u00e7ok y\u00f6nl\u00fcl\u00fc\u011f\u00fcn\u00fc ve uyarlanabilirli\u011fini sa\u011flamak \u00fczere tasarlanm\u0131\u015ft\u0131r.<\/p>\n<table style=\"width: 101.488%;\" border=\"\">\n<tbody>\n<tr>\n<td style=\"width: 42.9379%;\"><i>Delik Boyutu<\/i><\/td>\n<td style=\"width: 481.921%;\">2-6 in\u00e7<\/td>\n<\/tr>\n<tr>\n<td style=\"width: 42.9379%;\"><i>\u00c7ubuk Boyutu<\/i><\/td>\n<td style=\"width: 481.921%;\">1.125-4 in\u00e7<\/td>\n<\/tr>\n<tr>\n<td style=\"width: 42.9379%;\"><i>Vuru\u015f Boyutu<\/i><\/td>\n<td style=\"width: 481.921%;\">4-100 in\u00e7<\/td>\n<\/tr>\n<tr>\n<td style=\"width: 42.9379%;\"><i>Pin Boyutu<\/i><\/td>\n<td style=\"width: 481.921%;\">0,5-2 in\u00e7<\/td>\n<\/tr>\n<tr>\n<td style=\"width: 42.9379%;\"><i>Limanlar<\/i><\/td>\n<td style=\"width: 481.921%;\">G\/SAE\/NPT\/M<\/td>\n<\/tr>\n<\/tbody>\n<\/table>\n<h3>Hidrolik Sistem ve \u00c7al\u0131\u015fma Prensibi<\/h3>\n<p>Hidrolik silindirlerimiz, bas\u0131n\u00e7l\u0131 s\u0131v\u0131 \u00e7o\u011faltma temel prensibiyle \u00e7al\u0131\u015f\u0131r. Bu sistem, hidrolik s\u0131v\u0131n\u0131n g\u00fcc\u00fcnden yararlanmak ve kuvvet ile hareketin verimli bir \u015fekilde aktar\u0131lmas\u0131n\u0131 sa\u011flamak \u00fczere tasarlanm\u0131\u015ft\u0131r. Bas\u0131n\u00e7l\u0131 s\u0131v\u0131 kullanarak, hidrolik silindirlerimiz kuvvet \u00e7\u0131k\u0131\u015f\u0131n\u0131 art\u0131rabilir ve zorlu g\u00f6revleri kolayl\u0131kla ve hassasiyetle yerine getirebilir. Bu tasar\u0131m, \u00e7e\u015fitli uygulamalarda tutarl\u0131 performans sa\u011flaman\u0131n yan\u0131 s\u0131ra en y\u00fcksek g\u00fcvenlik ve verimlilik standartlar\u0131n\u0131 da vurgular. Hidrolik sistem, enerji kayb\u0131n\u0131 en aza indirmek, verimlili\u011fi en \u00fcst d\u00fczeye \u00e7\u0131karmak ve operasyonel b\u00fct\u00fcnl\u00fc\u011f\u00fc korumak i\u00e7in titizlikle tasarlanm\u0131\u015ft\u0131r ve bu da onu modern end\u00fcstriyel makinelerde vazge\u00e7ilmez bir bile\u015fen haline getirir.<\/p>\n<p><img loading=\"lazy\" decoding=\"async\" class=\"alignnone wp-image-6657\" src=\"https:\/\/fmp-components.com\/wp-content\/uploads\/2025\/03\/telescopic-hydraulic-cylinder-3.webp\" alt=\"teleskopik hidrolik silindir\" width=\"917\" height=\"917\" title=\"\" srcset=\"https:\/\/fmp-components.com\/wp-content\/uploads\/2025\/03\/telescopic-hydraulic-cylinder-3.webp 917w, https:\/\/fmp-components.com\/wp-content\/uploads\/2025\/03\/telescopic-hydraulic-cylinder-3-480x480.webp 480w\" sizes=\"(min-width: 0px) and (max-width: 480px) 480px, (min-width: 481px) 917px, 100vw\" \/><\/p>\n<h3>Hidrolik Silindirler ve G\u00fc\u00e7 \u00dcniteleri<\/h3>\n<p>Hidrolik silindirler ve g\u00fc\u00e7 \u00fcniteleri, herhangi bir hidrolik sistemin ayr\u0131lmaz bile\u015fenleridir ve optimum performans sa\u011flamak i\u00e7in birlikte \u00e7al\u0131\u015f\u0131rlar. Hidrolik silindir, hidrolik enerjiyi mekanik harekete d\u00f6n\u00fc\u015ft\u00fcrmekten sorumlu akt\u00fcat\u00f6r g\u00f6revi g\u00f6r\u00fcr. Bas\u0131nc\u0131 kuvvete d\u00f6n\u00fc\u015ft\u00fcrerek kald\u0131rma ve itmeden s\u0131k\u0131\u015ft\u0131rma ve d\u00f6nd\u00fcrmeye kadar geni\u015f bir yelpazedeki g\u00f6revlerin yerine getirilmesini sa\u011flar. \u00d6te yandan, g\u00fc\u00e7 \u00fcnitesi hidrolik sistemin kalbi olarak g\u00f6rev yapar ve \u00e7al\u0131\u015fma i\u00e7in gerekli enerjiyi ve kontrol sinyallerini sa\u011flar. Hidrolik s\u0131v\u0131 bas\u0131nc\u0131n\u0131 \u00fcretir ve d\u00fczenler, silindirin sorunsuz ve verimli bir \u015fekilde \u00e7al\u0131\u015fmas\u0131n\u0131 sa\u011flar.<\/p>\n<p>Hidrolik silindir ve g\u00fc\u00e7 \u00fcnitesinin koordineli \u00e7al\u0131\u015fmas\u0131, \u00e7e\u015fitli sekt\u00f6rlerde hidrolik teknolojisinin etkin bir \u015fekilde uygulanmas\u0131 i\u00e7in \u00e7ok \u00f6nemlidir. Bu sinerji, m\u00fchendislik ve mekanik ekipmanlar i\u00e7in g\u00fcvenilir g\u00fc\u00e7 ve kontrol deste\u011fi sa\u011flamakla kalmaz, ayn\u0131 zamanda operasyonlar\u0131n genel verimlili\u011fini de art\u0131r\u0131r. Her iki bile\u015fenin de sorunsuz bir \u015fekilde birlikte \u00e7al\u0131\u015fmas\u0131n\u0131 sa\u011flayarak, hidrolik sistem karma\u015f\u0131k g\u00f6revleri hassasiyet ve g\u00fcvenilirlikle yerine getirebilir. FMP olarak, hidrolik silindirlerimizi tamamlamak ve hidrolik sistem ihtiya\u00e7lar\u0131n\u0131z i\u00e7in kapsaml\u0131 \u00e7\u00f6z\u00fcmler sunmak \u00fczere tasarlanm\u0131\u015f bir dizi g\u00fc\u00e7 \u00fcnitesi de sat\u0131\u015fa sunuyoruz. Kalite ve yenili\u011fe olan ba\u011fl\u0131l\u0131\u011f\u0131m\u0131z, operasyonel yeteneklerinizi geli\u015ftirmek i\u00e7in en etkili \u00fcr\u00fcnleri alman\u0131z\u0131 garanti eder.<\/p>\n<p><img loading=\"lazy\" decoding=\"async\" class=\"alignnone wp-image-6658\" src=\"https:\/\/fmp-components.com\/wp-content\/uploads\/2025\/03\/telescopic-hydraulic-cylinder-6.webp\" alt=\"teleskopik hidrolik silindir\" width=\"929\" height=\"929\" title=\"\" srcset=\"https:\/\/fmp-components.com\/wp-content\/uploads\/2025\/03\/telescopic-hydraulic-cylinder-6.webp 929w, https:\/\/fmp-components.com\/wp-content\/uploads\/2025\/03\/telescopic-hydraulic-cylinder-6-480x480.webp 480w\" sizes=\"(min-width: 0px) and (max-width: 480px) 480px, (min-width: 481px) 929px, 100vw\" \/><\/p>\n<h2>SSS<\/h2>\n<p><b>S: Siz bir ticaret \u015firketi misiniz yoksa \u00fcretici misiniz?<\/b><br \/>\nA: Biz bir fabrikay\u0131z.<\/p>\n<p><b>S: Teslimat s\u00fcreniz ne kadard\u0131r?<\/b><br \/>\nA: Genellikle 25-35 g\u00fcnd\u00fcr.<\/p>\n<p><b>S: Numune veriyor musunuz? \u00dccretsiz mi yoksa \u00fccretli mi?<\/b><br \/>\nC: Evet, numune sunabiliriz ancak \u00fccretsiz de\u011fil.<\/p>\n<h3>FMP Hakk\u0131nda<\/h3>\n<p class=\"break-words\">FMP, y\u00fcksek kaliteli hidrolik silindirlerin tasar\u0131m\u0131, geli\u015ftirilmesi ve \u00fcretiminde uzmanla\u015fm\u0131\u015f lider bir \u0130talyan \u00fcreticisidir. Onlarca y\u0131ll\u0131k uzmanl\u0131\u011fa dayanan zengin bir mirasa sahip olarak, \u0130talyan i\u015f\u00e7ili\u011fini en son teknolojiyle gururla birle\u015ftirerek, k\u00fcresel m\u00fc\u015fterilerimizin \u00e7e\u015fitli ihtiya\u00e7lar\u0131n\u0131 kar\u015f\u0131lamak \u00fczere tasarlanm\u0131\u015f ola\u011fan\u00fcst\u00fc hidrolik \u00e7\u00f6z\u00fcmler sunuyoruz. M\u00fchendislik m\u00fckemmelli\u011finin merkezi \u0130talya'da bulunan FMP, hidrolik sekt\u00f6r\u00fcnde g\u00fcvenilir bir isim olarak \u00f6ne \u00e7\u0131kmakta ve d\u00fcnya \u00e7ap\u0131ndaki i\u015fletmelere g\u00fc\u00e7 katan g\u00fcvenilir, dayan\u0131kl\u0131 ve yenilik\u00e7i \u00fcr\u00fcnler sunmaya kendini adam\u0131\u015ft\u0131r.<\/p>\n<p class=\"break-words\">\u015eirketimiz, ileri d\u00fczey \u00fcretim geleneklerinin en iyilerini ileri g\u00f6r\u00fc\u015fl\u00fc bir yakla\u015f\u0131mla birle\u015ftiriyor. Hidrolik sistemlerdeki uzun y\u0131llara dayanan deneyiminden g\u00fc\u00e7 alan FMP, ara\u015ft\u0131rma, tasar\u0131m ve \u00fcretimde m\u00fckemmellik g\u00f6steren modern bir kurulu\u015fa d\u00f6n\u00fc\u015fm\u00fc\u015ft\u00fcr. \u00c7ift etkili silindirler, otomotiv kald\u0131rma silindirleri, tar\u0131m makineleri silindirleri ve \u00e7e\u015fitli end\u00fcstriyel uygulamalar i\u00e7in \u00f6zel olarak tasarlanm\u0131\u015f \u00e7\u00f6z\u00fcmler de dahil olmak \u00fczere geni\u015f bir hidrolik silindir yelpazesinde uzmanla\u015f\u0131yoruz. \u0130ster in\u015faat, ister end\u00fcstriyel tesisler, ister tar\u0131m veya a\u011f\u0131r makineler olsun, hidrolik silindirlerimiz en zorlu ko\u015fullarda bile g\u00fcvenlik, verimlilik ve uzun \u00f6m\u00fcr sa\u011flayacak \u015fekilde \u00fcretilmi\u015ftir.<\/p>\n<p><img loading=\"lazy\" decoding=\"async\" class=\"alignnone size-full wp-image-6720\" src=\"https:\/\/fmp-components.com\/wp-content\/uploads\/2025\/03\/hydraulic-cylinder-8.webp\" alt=\"Teleskopik Hidrolik Silindirler\" width=\"933\" height=\"526\" title=\"\" srcset=\"https:\/\/fmp-components.com\/wp-content\/uploads\/2025\/03\/hydraulic-cylinder-8.webp 933w, https:\/\/fmp-components.com\/wp-content\/uploads\/2025\/03\/hydraulic-cylinder-8-480x271.webp 480w\" sizes=\"(min-width: 0px) and (max-width: 480px) 480px, (min-width: 481px) 933px, 100vw\" \/><\/p>\n<p class=\"break-words\">FMP olarak, hassas makineler ve geli\u015fmi\u015f test sistemleriyle donat\u0131lm\u0131\u015f son teknoloji \u00fcretim tesislerimizle gurur duyuyoruz. \u00dcretim s\u00fcre\u00e7lerimiz, fabrikam\u0131zdan \u00e7\u0131kan her hidrolik silindirin \u00fcst\u00fcn kalite ve g\u00fcvenilirlikte olmas\u0131n\u0131 sa\u011flayan s\u0131k\u0131 ulusal ve uluslararas\u0131 standartlara uygundur. Son teknoloji ekipmanlarla bir araya gelen yetenekli teknik ekibimiz, hammadde se\u00e7iminden son kontrole kadar \u00fcretimin her a\u015famas\u0131nda s\u0131k\u0131 bir kalite kontrol\u00fc sa\u011flamam\u0131z\u0131 sa\u011flar. M\u00fckemmelli\u011fe olan bu ba\u011fl\u0131l\u0131\u011f\u0131m\u0131z, bize sekt\u00f6r otoritelerinden sertifikalar ve takdirler kazand\u0131rarak, g\u00fcvenilir bir i\u015f orta\u011f\u0131 olarak itibar\u0131m\u0131z\u0131 daha da sa\u011flamla\u015ft\u0131rm\u0131\u015ft\u0131r.<\/p>\n<p class=\"break-words\">Misyonumuz basit ama iddial\u0131: M\u00fc\u015fterilerimize performans, dayan\u0131kl\u0131l\u0131k ve de\u011fer a\u00e7\u0131s\u0131ndan beklentileri a\u015fan hidrolik silindirler sunmak. Profesyonellik, d\u00fcr\u00fcstl\u00fck ve m\u00fc\u015fteri odakl\u0131l\u0131k ilkeleriyle \u00e7al\u0131\u015f\u0131yoruz. Yenilik\u00e7ilik ve hassasiyet k\u00fclt\u00fcr\u00fcn\u00fc benimseyerek, rekabet\u00e7i bir pazarda \u00f6ne \u00e7\u0131kmak i\u00e7in \u00fcr\u00fcnlerimizi s\u00fcrekli olarak geli\u015ftiriyoruz. Kapsaml\u0131 \u00fcr\u00fcn yelpazemiz ve ki\u015fiye \u00f6zel \u00e7\u00f6z\u00fcmler sunma becerimiz, bizi y\u00fcksek performansl\u0131 hidrolik silindir arayan i\u015fletmeler i\u00e7in vazge\u00e7ilmez k\u0131l\u0131yor.<\/p>\n<p class=\"break-words\">FMP, yaln\u0131zca bir \u00fcreticiden daha fazlas\u0131d\u0131r; ba\u015far\u0131n\u0131z\u0131n orta\u011f\u0131y\u0131z. M\u00fc\u015fterilerimizin \u00fcretkenliklerini ve g\u00fcvenliklerini art\u0131ran ara\u00e7lar sunmam\u0131z i\u00e7in bize g\u00fcvendi\u011finin fark\u0131nday\u0131z. Bu nedenle, yaln\u0131zca birinci s\u0131n\u0131f \u00fcr\u00fcnler sunmakla kalmay\u0131p ayn\u0131 zamanda ola\u011fan\u00fcst\u00fc hizmet de sunmaya kararl\u0131y\u0131z. \u0130lk dan\u0131\u015fmanl\u0131ktan sat\u0131\u015f sonras\u0131 deste\u011fe kadar, ihtiya\u00e7lar\u0131n\u0131n profesyonellik ve \u00f6zenle kar\u015f\u0131lanmas\u0131n\u0131 sa\u011flamak i\u00e7in m\u00fc\u015fterilerimizle yak\u0131n bir \u015fekilde \u00e7al\u0131\u015f\u0131yoruz. Rekabet\u00e7i fiyatlar\u0131m\u0131z ve kaliteye olan sars\u0131lmaz ba\u011fl\u0131l\u0131\u011f\u0131m\u0131z, FMP'yi g\u00fcvenebilecekleri hidrolik \u00e7\u00f6z\u00fcmlere yat\u0131r\u0131m yapmak isteyen \u015firketler i\u00e7in ak\u0131ll\u0131 bir tercih haline getiriyor.<\/p>","protected":false},"excerpt":{"rendered":"<p>Guaranteed Quality Mini Dump Truck Hydraulic Cylinders Telescopic Hydraulic Cylinder Introducing our top-quality Mini Dump Truck Hydraulic Cylinders Telescopic Hydraulic Cylinder, a new product for 2025. This product is a standard, plunger cylinder type hydraulic cylinder, designed specifically for the Machinery Repair Shops, Farms, Energy &amp; Mining, and Machinery Manufacturing industries. It\u2019s made from robust [&hellip;]<\/p>","protected":false},"featured_media":6685,"comment_status":"closed","ping_status":"closed","template":"","meta":{"_et_pb_use_builder":"","_et_pb_old_content":"","_et_gb_content_width":""},"product_brand":[],"product_cat":[103],"product_tag":[34,105],"class_list":{"0":"post-6510","1":"product","2":"type-product","3":"status-publish","4":"has-post-thumbnail","6":"product_cat-telescopic-hydraulic-cylinders","7":"product_tag-hydraulic-cylinder","8":"product_tag-telescopic-hydraulic-cylinders","10":"first","11":"instock","12":"product-type-simple"},"_links":{"self":[{"href":"https:\/\/fmp-components.com\/tr\/wp-json\/wp\/v2\/product\/6510","targetHints":{"allow":["GET"]}}],"collection":[{"href":"https:\/\/fmp-components.com\/tr\/wp-json\/wp\/v2\/product"}],"about":[{"href":"https:\/\/fmp-components.com\/tr\/wp-json\/wp\/v2\/types\/product"}],"replies":[{"embeddable":true,"href":"https:\/\/fmp-components.com\/tr\/wp-json\/wp\/v2\/comments?post=6510"}],"wp:featuredmedia":[{"embeddable":true,"href":"https:\/\/fmp-components.com\/tr\/wp-json\/wp\/v2\/media\/6685"}],"wp:attachment":[{"href":"https:\/\/fmp-components.com\/tr\/wp-json\/wp\/v2\/media?parent=6510"}],"wp:term":[{"taxonomy":"product_brand","embeddable":true,"href":"https:\/\/fmp-components.com\/tr\/wp-json\/wp\/v2\/product_brand?post=6510"},{"taxonomy":"product_cat","embeddable":true,"href":"https:\/\/fmp-components.com\/tr\/wp-json\/wp\/v2\/product_cat?post=6510"},{"taxonomy":"product_tag","embeddable":true,"href":"https:\/\/fmp-components.com\/tr\/wp-json\/wp\/v2\/product_tag?post=6510"}],"curies":[{"name":"wp","href":"https:\/\/api.w.org\/{rel}","templated":true}]}}