{"id":6507,"date":"2025-03-11T06:26:57","date_gmt":"2025-03-11T06:26:57","guid":{"rendered":"https:\/\/fmp-components.com\/product\/high-quality-small-hydraulic-cylinder-telescopic-hydraulic-cylinder-for-dump-truck"},"modified":"2025-03-17T08:57:58","modified_gmt":"2025-03-17T08:57:58","slug":"high-quality-small-hydraulic-cylinder-telescopic-hydraulic-cylinder-for-dump-truck","status":"publish","type":"product","link":"https:\/\/fmp-components.com\/tr\/product\/high-quality-small-hydraulic-cylinder-telescopic-hydraulic-cylinder-for-dump-truck\/","title":{"rendered":"Damperli Kamyon \u0130\u00e7in Y\u00fcksek Kaliteli K\u00fc\u00e7\u00fck Hidrolik Silindir Teleskopik Hidrolik Silindir"},"content":{"rendered":"<h2>Damperli Kamyon \u0130\u00e7in Y\u00fcksek Kaliteli K\u00fc\u00e7\u00fck Hidrolik Silindir Teleskopik Hidrolik Silindir<\/h2>\n<p>Y\u00fcksek Kaliteli K\u00fc\u00e7\u00fck Hidrolik Silindirimiz, hidrolik makine sekt\u00f6r\u00fcn\u00fcn lider \u00fcreticilerinden FMP'nin standart ve vazge\u00e7ilmez bir \u00fcr\u00fcn\u00fcd\u00fcr. FMP, \u0130talya merkezlidir. Damperli kamyonlar i\u00e7in \u00f6zel olarak tasarlanm\u0131\u015f bu Teleskopik Hidrolik Silindir, \u00fcst\u00fcn kalitesi ve g\u00fcvenilir performans\u0131yla dikkat \u00e7ekici bir \u00fcr\u00fcnd\u00fcr.<\/p>\n<h2>\u0130\u015flev ve \u00d6nem<\/h2>\n<p>Bu Teleskopik Hidrolik Silindir, damperli kamyonlar\u0131n mekanizmas\u0131nda \u00f6nemli bir bile\u015fendir. Damper g\u00f6vdesini kald\u0131rmak ve indirmek i\u00e7in gerekli g\u00fcc\u00fc sa\u011flar. Dayan\u0131kl\u0131 \u00e7elikten \u00fcretilen bu silindir, a\u011f\u0131r y\u00fcklere dayanabilir ve a\u015f\u0131nma ve y\u0131pranmaya kar\u015f\u0131 dayan\u0131kl\u0131d\u0131r, bu da uzun bir kullan\u0131m \u00f6mr\u00fc sa\u011flar.<\/p>\n<h3>\u00dcr\u00fcn \u00d6zellikleri<\/h3>\n<table style=\"width: 103.251%; height: 167px;\" border=\"\">\n<tbody>\n<tr>\n<td colspan=\"\" rowspan=\"\"><i>Delik Boyutu<\/i><\/td>\n<td colspan=\"\" rowspan=\"\">2-6 in\u00e7<\/td>\n<\/tr>\n<tr>\n<td colspan=\"\" rowspan=\"\"><i>\u00c7ubuk Boyutu<\/i><\/td>\n<td colspan=\"\" rowspan=\"\">1.125-4 in\u00e7<\/td>\n<\/tr>\n<tr>\n<td colspan=\"\" rowspan=\"\"><i>Vuru\u015f Boyutu<\/i><\/td>\n<td colspan=\"\" rowspan=\"\">4-100 in\u00e7<\/td>\n<\/tr>\n<tr>\n<td colspan=\"\" rowspan=\"\"><i>Pin Boyutu<\/i><\/td>\n<td colspan=\"\" rowspan=\"\">0,5-2 in\u00e7<\/td>\n<\/tr>\n<tr>\n<td colspan=\"\" rowspan=\"\"><i>Limanlar<\/i><\/td>\n<td colspan=\"\" rowspan=\"\">G\/SAE\/NPT\/M<\/td>\n<\/tr>\n<\/tbody>\n<\/table>\n<h3>Benzersiz \u00d6zellikler ve Avantajlar<\/h3>\n<ul>\n<li>Enerji Verimlili\u011fi: Hidrolik silindirlerimiz, maksimum performans sunarken daha az g\u00fc\u00e7 t\u00fcketecek \u015fekilde tasarlanm\u0131\u015ft\u0131r.<\/li>\n<li>Y\u00fcksek Verimlilik: Y\u00fcksek itme ve \u00e7ekme kapasiteleri sayesinde a\u011f\u0131r i\u015flerin \u00fcstesinden kolayl\u0131kla gelebilirler.<\/li>\n<li>G\u00fcvenli ve G\u00fcvenilir: Y\u00fcksek kaliteli malzemelerin ve ileri \u00fcretim tekniklerinin kullan\u0131m\u0131, \u00fcr\u00fcnlerimizin g\u00fcvenli\u011fini ve g\u00fcvenilirli\u011fini garanti eder.<\/li>\n<\/ul>\n<p><img loading=\"lazy\" decoding=\"async\" class=\"alignnone wp-image-6664\" src=\"https:\/\/fmp-components.com\/wp-content\/uploads\/2025\/03\/telescopic-hydraulic-cylinder-8.webp\" alt=\"teleskopik hidrolik silindir\" width=\"941\" height=\"941\" title=\"\" srcset=\"https:\/\/fmp-components.com\/wp-content\/uploads\/2025\/03\/telescopic-hydraulic-cylinder-8.webp 941w, https:\/\/fmp-components.com\/wp-content\/uploads\/2025\/03\/telescopic-hydraulic-cylinder-8-480x480.webp 480w\" sizes=\"(min-width: 0px) and (max-width: 480px) 480px, (min-width: 481px) 941px, 100vw\" \/><\/p>\n<h2>Hidrolik Sistemler ve \u00c7al\u0131\u015fma Prensipleri<\/h2>\n<p>Hidrolik silindirlerimiz, do\u011frusal kuvvet ve hareket \u00fcretmek i\u00e7in bas\u0131n\u00e7l\u0131 hidrolik s\u0131v\u0131 kullanma temel prensibiyle \u00e7al\u0131\u015f\u0131r. Bu mekanizma, g\u00fc\u00e7l\u00fc ve hassas itme veya \u00e7ekme kuvvetleri gerektiren uygulamalarda kritik \u00f6neme sahiptir. Hidrolik s\u0131v\u0131 bas\u0131n\u00e7land\u0131r\u0131l\u0131p silindire y\u00f6nlendirildi\u011finde, a\u011f\u0131r y\u00fckleri hareket ettirebilen veya karma\u015f\u0131k g\u00f6revleri ola\u011fan\u00fcst\u00fc bir hassasiyetle ger\u00e7ekle\u015ftirebilen g\u00fc\u00e7l\u00fc bir kuvvet olu\u015fturur. Hidrolik enerjiyi mekanik harekete d\u00f6n\u00fc\u015ft\u00fcrme yetene\u011fi, hidrolik silindirlerimizi verimlilik ve hassasiyetin \u00f6n planda oldu\u011fu \u00e7ok \u00e7e\u015fitli end\u00fcstriyel ortamlarda vazge\u00e7ilmez k\u0131lar.<\/p>\n<h2>Uygulamalar<\/h2>\n<p>Bu hidrolik silindirler, \u00e7ok y\u00f6nl\u00fcl\u00fcklerini ve g\u00fcvenilirliklerini kan\u0131tlayarak \u00e7e\u015fitli end\u00fcstrilerde yayg\u0131n olarak kullan\u0131lmaktad\u0131r. Makine Tamir At\u00f6lyelerinde, a\u011f\u0131r ekipmanlar\u0131n kald\u0131r\u0131lmas\u0131n\u0131 ve konumland\u0131r\u0131lmas\u0131n\u0131 kolayla\u015ft\u0131rarak teknisyenlerin onar\u0131mlar\u0131 g\u00fcvenli ve etkili bir \u015fekilde ger\u00e7ekle\u015ftirmelerini sa\u011flarlar. \u00c7iftliklerde ise hidrolik silindirler, trakt\u00f6r ve bi\u00e7erd\u00f6ver gibi tar\u0131m makinelerinin i\u015flevselli\u011fini art\u0131rarak malzeme ve mahsullerin verimli bir \u015fekilde ta\u015f\u0131nmas\u0131n\u0131 sa\u011flar. Enerji ve Madencilik sekt\u00f6rleri, malzeme kald\u0131rma ve ta\u015f\u0131ma gibi a\u011f\u0131r hizmet operasyonlar\u0131yla ili\u015fkili zorlu ortamlara dayanabildikleri i\u00e7in bu silindirlerin sa\u011flam yap\u0131s\u0131ndan faydalanmaktad\u0131r. Makine \u0130malat\u0131 ve Makine Fabrikalar\u0131nda ise hidrolik silindirlerimiz, montaj hatlar\u0131nda ve \u00fcretim s\u00fcre\u00e7lerinde kritik bir rol oynar ve par\u00e7alar\u0131n ta\u015f\u0131nmas\u0131ndan preslerin \u00e7al\u0131\u015ft\u0131r\u0131lmas\u0131na kadar \u00e7e\u015fitli g\u00f6revler i\u00e7in gerekli kuvveti sa\u011flar.<\/p>\n<h2>Hidrolik Silindirler ve G\u00fc\u00e7 \u00dcniteleri<\/h2>\n<p>Hidrolik silindirler ve g\u00fc\u00e7 \u00fcniteleri, her hidrolik sistemin temel bile\u015fenleridir. Hidrolik teknolojisinin end\u00fcstriyel sekt\u00f6rde etkili bir \u015fekilde uygulanmas\u0131 ve \u00e7e\u015fitli m\u00fchendislik ve mekanik ekipmanlar\u0131n g\u00fcvenilir g\u00fc\u00e7 ve kontrol deste\u011fi almas\u0131 i\u00e7in entegrasyonlar\u0131 hayati \u00f6nem ta\u015f\u0131r. Hidrolik silindir, g\u00fc\u00e7 \u00fcnitesi taraf\u0131ndan sa\u011flanan hidrolik enerjiyi mekanik harekete d\u00f6n\u00fc\u015ft\u00fcren bir akt\u00fcat\u00f6r g\u00f6revi g\u00f6r\u00fcr. G\u00fc\u00e7 \u00fcnitesi ise enerji kayna\u011f\u0131 olarak g\u00f6rev yaparak, \u00e7al\u0131\u015fma i\u00e7in gereken hidrolik s\u0131v\u0131 bas\u0131nc\u0131n\u0131 \u00fcretir ve d\u00fczenler.<\/p>\n<p>FMP olarak, verimli hidrolik sistemler olu\u015fturmada bu bile\u015fenlerin \u00f6neminin fark\u0131nday\u0131z ve bu nedenle sat\u0131\u015fa sundu\u011fumuz \u00e7e\u015fitli g\u00fc\u00e7 \u00fcniteleri de sunuyoruz. Hem hidrolik silindirler hem de g\u00fc\u00e7 \u00fcniteleri sa\u011flayarak, t\u00fcm hidrolik ihtiya\u00e7lar\u0131n\u0131z i\u00e7in kapsaml\u0131 bir \u00e7\u00f6z\u00fcm olarak konumlan\u0131yoruz. Kalite ve performansa olan ba\u011fl\u0131l\u0131\u011f\u0131m\u0131z, hangi sekt\u00f6rde olursan\u0131z olun, operasyonlar\u0131n\u0131zda verimlili\u011fi ve g\u00fcvenilirli\u011fi art\u0131rmak \u00fczere tasarlanm\u0131\u015f \u00fcr\u00fcnler alman\u0131z\u0131 sa\u011flar.<\/p>\n<p><img loading=\"lazy\" decoding=\"async\" class=\"alignnone wp-image-6663\" src=\"https:\/\/fmp-components.com\/wp-content\/uploads\/2025\/03\/telescopic-hydraulic-cylinder-11.webp\" alt=\"teleskopik hidrolik silindir\" width=\"906\" height=\"906\" title=\"\" srcset=\"https:\/\/fmp-components.com\/wp-content\/uploads\/2025\/03\/telescopic-hydraulic-cylinder-11.webp 906w, https:\/\/fmp-components.com\/wp-content\/uploads\/2025\/03\/telescopic-hydraulic-cylinder-11-480x480.webp 480w\" sizes=\"(min-width: 0px) and (max-width: 480px) 480px, (min-width: 481px) 906px, 100vw\" \/><\/p>\n<h2>SSS<\/h2>\n<p><b>S: Teslimat s\u00fcreniz ne kadard\u0131r?<\/b><br \/>\nA: Genellikle 25-35 g\u00fcnd\u00fcr.<\/p>\n<p><b>S: Numune sa\u011fl\u0131yor musunuz? \u00dccretsiz mi yoksa ekstra m\u0131?<\/b><br \/>\nC: Evet, numune sunabiliriz ancak \u00fccretsiz de\u011fil.<\/p>\n<p><b>S: Numunelere g\u00f6re \u00fcretim yapabilir misiniz?<\/b><br \/>\nC: Evet, numuneleriniz veya teknik \u00e7izimleriniz do\u011frultusunda \u00fcretim yapabiliriz. Kal\u0131p ve aparatlar\u0131 biz \u00fcretebiliriz.\"<\/p>\n<h3>FMP Hakk\u0131nda<\/h3>\n<p>FMP, y\u00fcksek kaliteli hidrolik silindirlerin tasar\u0131m\u0131, geli\u015ftirilmesi ve \u00fcretimindeki uzmanl\u0131\u011f\u0131yla tan\u0131nan \u00f6nde gelen bir \u0130talyan \u00fcreticisidir. Onlarca y\u0131ll\u0131k zengin bir mirasa sahip olarak, geleneksel \u0130talyan i\u015f\u00e7ili\u011fini en son teknolojiyle harmanlayarak, k\u00fcresel m\u00fc\u015fterilerimizin \u00e7e\u015fitli ihtiya\u00e7lar\u0131n\u0131 kar\u015f\u0131layan ola\u011fan\u00fcst\u00fc hidrolik \u00e7\u00f6z\u00fcmler \u00fcretiyoruz. Merkezi \u0130talya'da bulunan ve m\u00fchendislikte m\u00fckemmelli\u011fin merkezi olan FMP, d\u00fcnya \u00e7ap\u0131ndaki i\u015fletmelere g\u00fc\u00e7 katan g\u00fcvenilir, dayan\u0131kl\u0131 ve yenilik\u00e7i \u00fcr\u00fcnler sunmaya kendini adam\u0131\u015f, hidrolik sekt\u00f6r\u00fcnde g\u00fcvenilir bir isim olarak kendini kan\u0131tlam\u0131\u015ft\u0131r.<\/p>\n<p>\u015eirketimiz, ileri \u00fcretim geleneklerini ilerici bir bak\u0131\u015f a\u00e7\u0131s\u0131yla birle\u015ftiriyor. Hidrolik sistemlerdeki kapsaml\u0131 deneyimimizden yararlanan FMP, ara\u015ft\u0131rma, tasar\u0131m ve \u00fcretimde m\u00fckemmellik g\u00f6steren modern bir kurulu\u015fa d\u00f6n\u00fc\u015fm\u00fc\u015ft\u00fcr. \u00c7ift etkili silindirler, otomotiv kald\u0131rma silindirleri, tar\u0131m makineleri silindirleri ve \u00e7e\u015fitli end\u00fcstriyel uygulamalara \u00f6zel tasarlanm\u0131\u015f \u00e7\u00f6z\u00fcmler de dahil olmak \u00fczere kapsaml\u0131 bir hidrolik silindir yelpazesi sunuyoruz. \u0130ster in\u015faat, ister end\u00fcstriyel tesisler, ister tar\u0131m veya a\u011f\u0131r makineler olsun, hidrolik silindirlerimiz en zorlu ko\u015fullarda bile g\u00fcvenlik, verimlilik ve uzun \u00f6m\u00fcr sa\u011flayacak \u015fekilde tasarlanm\u0131\u015ft\u0131r.<\/p>\n<p>FMP olarak, hassas makineler ve geli\u015fmi\u015f test sistemleriyle donat\u0131lm\u0131\u015f son teknoloji \u00fcretim tesislerimizle gurur duyuyoruz. \u00dcretim s\u00fcre\u00e7lerimiz, s\u0131k\u0131 ulusal ve uluslararas\u0131 standartlara uygun olup, \u00fcretilen her hidrolik silindirin en y\u00fcksek kalite ve g\u00fcvenilirlik standartlar\u0131n\u0131 kar\u015f\u0131lamas\u0131n\u0131 sa\u011flar. Geli\u015fmi\u015f ekipmanlarla bir araya gelen yetenekli teknik ekibimiz, hammadde se\u00e7iminden son kontrole kadar \u00fcretimin her a\u015famas\u0131nda s\u0131k\u0131 bir kalite kontrol\u00fc uygulamam\u0131z\u0131 sa\u011flar. M\u00fckemmelli\u011fe olan bu ba\u011fl\u0131l\u0131\u011f\u0131m\u0131z, sekt\u00f6r otoritelerinden sertifikalar ve \u00f6d\u00fcller almam\u0131z\u0131 sa\u011flayarak g\u00fcvenilir bir ortak olarak itibar\u0131m\u0131z\u0131 peki\u015ftirmi\u015ftir.<\/p>\n<p><img loading=\"lazy\" decoding=\"async\" class=\"alignnone size-full wp-image-6720\" src=\"https:\/\/fmp-components.com\/wp-content\/uploads\/2025\/03\/hydraulic-cylinder-8.webp\" alt=\"Teleskopik Hidrolik Silindirler\" width=\"933\" height=\"526\" title=\"\" srcset=\"https:\/\/fmp-components.com\/wp-content\/uploads\/2025\/03\/hydraulic-cylinder-8.webp 933w, https:\/\/fmp-components.com\/wp-content\/uploads\/2025\/03\/hydraulic-cylinder-8-480x271.webp 480w\" sizes=\"(min-width: 0px) and (max-width: 480px) 480px, (min-width: 481px) 933px, 100vw\" \/><\/p>\n<p>Misyonumuz basit ama iddial\u0131: M\u00fc\u015fterilerimize performans, dayan\u0131kl\u0131l\u0131k ve de\u011fer a\u00e7\u0131s\u0131ndan beklentileri a\u015fan hidrolik silindirler sunmak. Profesyonellik, d\u00fcr\u00fcstl\u00fck ve m\u00fc\u015fteri odakl\u0131l\u0131k temeline dayanarak \u00e7al\u0131\u015f\u0131yoruz. Yenilik\u00e7ilik ve hassasiyet k\u00fclt\u00fcr\u00fcn\u00fc destekleyerek, pazarda rekabet g\u00fcc\u00fcm\u00fcz\u00fc korumak i\u00e7in \u00fcr\u00fcnlerimizi s\u00fcrekli geli\u015ftiriyoruz. Geni\u015f \u00fcr\u00fcn yelpazemiz ve ki\u015fiye \u00f6zel \u00e7\u00f6z\u00fcmler sunma becerimiz, bizi y\u00fcksek performansl\u0131 hidrolik silindir arayan i\u015fletmeler i\u00e7in tercih edilen se\u00e7enek haline getiriyor.<\/p>\n<p>FMP, bir \u00fcreticiden \u00e7ok daha fazlas\u0131d\u0131r; ba\u015far\u0131n\u0131z\u0131n orta\u011f\u0131y\u0131z. M\u00fc\u015fterilerimizin \u00fcretkenliklerini ve g\u00fcvenliklerini art\u0131ran ara\u00e7lar sunmam\u0131z i\u00e7in bize g\u00fcvendiklerinin fark\u0131nday\u0131z. Bu nedenle, yaln\u0131zca en kaliteli \u00fcr\u00fcnleri de\u011fil, ayn\u0131 zamanda ola\u011fan\u00fcst\u00fc hizmeti de sunmaya kararl\u0131y\u0131z. \u0130lk dan\u0131\u015fmanl\u0131ktan sat\u0131\u015f sonras\u0131 deste\u011fe kadar, m\u00fc\u015fterilerimizin ihtiya\u00e7lar\u0131n\u0131n profesyonellik ve \u00f6zenle kar\u015f\u0131lanmas\u0131n\u0131 sa\u011flamak i\u00e7in onlarla yak\u0131n i\u015f birli\u011fi i\u00e7indeyiz. Rekabet\u00e7i fiyatlar\u0131m\u0131z ve kaliteye olan sars\u0131lmaz ba\u011fl\u0131l\u0131\u011f\u0131m\u0131z, FMP'yi g\u00fcvenebilecekleri hidrolik \u00e7\u00f6z\u00fcmlere yat\u0131r\u0131m yapmak isteyen \u015firketler i\u00e7in ak\u0131ll\u0131 bir tercih haline getiriyor.<\/p>","protected":false},"excerpt":{"rendered":"<p>High Quality Small Hydraulic Cylinder Telescopic Hydraulic Cylinder For Dump Truck Our High-Quality Small hydraulic cylinder is a standard and essential product from FMP, a leading manufacturer in the hydraulic machinery industry. FMP is based in Italy. This Telescopic Hydraulic Cylinder, specially designed for dump trucks, is a noteworthy product for its top-notch quality and [&hellip;]<\/p>","protected":false},"featured_media":6689,"comment_status":"closed","ping_status":"closed","template":"","meta":{"_et_pb_use_builder":"","_et_pb_old_content":"","_et_gb_content_width":""},"product_brand":[],"product_cat":[103],"product_tag":[34,105],"class_list":{"0":"post-6507","1":"product","2":"type-product","3":"status-publish","4":"has-post-thumbnail","6":"product_cat-telescopic-hydraulic-cylinders","7":"product_tag-hydraulic-cylinder","8":"product_tag-telescopic-hydraulic-cylinders","10":"first","11":"instock","12":"product-type-simple"},"_links":{"self":[{"href":"https:\/\/fmp-components.com\/tr\/wp-json\/wp\/v2\/product\/6507","targetHints":{"allow":["GET"]}}],"collection":[{"href":"https:\/\/fmp-components.com\/tr\/wp-json\/wp\/v2\/product"}],"about":[{"href":"https:\/\/fmp-components.com\/tr\/wp-json\/wp\/v2\/types\/product"}],"replies":[{"embeddable":true,"href":"https:\/\/fmp-components.com\/tr\/wp-json\/wp\/v2\/comments?post=6507"}],"wp:featuredmedia":[{"embeddable":true,"href":"https:\/\/fmp-components.com\/tr\/wp-json\/wp\/v2\/media\/6689"}],"wp:attachment":[{"href":"https:\/\/fmp-components.com\/tr\/wp-json\/wp\/v2\/media?parent=6507"}],"wp:term":[{"taxonomy":"product_brand","embeddable":true,"href":"https:\/\/fmp-components.com\/tr\/wp-json\/wp\/v2\/product_brand?post=6507"},{"taxonomy":"product_cat","embeddable":true,"href":"https:\/\/fmp-components.com\/tr\/wp-json\/wp\/v2\/product_cat?post=6507"},{"taxonomy":"product_tag","embeddable":true,"href":"https:\/\/fmp-components.com\/tr\/wp-json\/wp\/v2\/product_tag?post=6507"}],"curies":[{"name":"wp","href":"https:\/\/api.w.org\/{rel}","templated":true}]}}