{"id":6506,"date":"2025-03-11T06:25:30","date_gmt":"2025-03-11T06:25:30","guid":{"rendered":"https:\/\/fmp-components.com\/product\/factory-direct-sale-double-acting-small-dump-truck-telescopic-hydraulic-cylinder"},"modified":"2025-03-18T02:00:07","modified_gmt":"2025-03-18T02:00:07","slug":"factory-direct-sale-double-acting-small-dump-truck-telescopic-hydraulic-cylinder","status":"publish","type":"product","link":"https:\/\/fmp-components.com\/tr\/product\/factory-direct-sale-double-acting-small-dump-truck-telescopic-hydraulic-cylinder\/","title":{"rendered":"Fabrika Do\u011frudan Sat\u0131\u015f \u00c7ift Etkili K\u00fc\u00e7\u00fck Damperli Kamyon Teleskopik Hidrolik Silindir"},"content":{"rendered":"<h2>Fabrika Do\u011frudan Sat\u0131\u015f \u00c7ift Etkili K\u00fc\u00e7\u00fck Damperli Kamyon Teleskopik Hidrolik Silindir<\/h2>\n<p>Fabrikadan Do\u011frudan Sat\u0131\u015f \u00c7ift Etkili K\u00fc\u00e7\u00fck Damperli Kamyon Teleskopik Hidrolik Silindirimiz, makine tamir at\u00f6lyeleri, \u00e7iftlikler, enerji ve madencilik end\u00fcstrileri, makine imalat\u0131 ve makine fabrikalar\u0131 i\u00e7in sa\u011flam, verimli ve g\u00fcvenilir bir \u00e7\u00f6z\u00fcmd\u00fcr. Bu ISO9001:2000 sertifikal\u0131 hidrolik silindir, \u0130talya'da bulunan sayg\u0131n bir \u00fcretici olan FMP taraf\u0131ndan tasarlanm\u0131\u015f ve \u00fcretilmi\u015ftir.<\/p>\n<h3>\u0130\u015flevsellik ve \u00d6nem<\/h3>\n<p>Teleskopik Hidrolik Silindir, \u00e7e\u015fitli end\u00fcstrilerdeki \u00e7o\u011fu uygulama i\u00e7in gerekli g\u00fcc\u00fc sa\u011flar. 3000 tonluk maksimum itme ve 20 tonluk maksimum \u00e7ekme kapasitesine sahip olacak \u015fekilde tasarlanm\u0131\u015f olup, sa\u011flam ve g\u00fcvenilir bir performans sunar. Standart pistonlu silindir yap\u0131s\u0131yla, farkl\u0131 ihtiya\u00e7lar\u0131n\u0131z\u0131 kar\u015f\u0131lamak i\u00e7in \u00e7ok y\u00f6nl\u00fc ve uyarlanabilirdir.<\/p>\n<h3>\u00dcr\u00fcn \u00d6zellikleri<\/h3>\n<p>Bu hidrolik silindir, dayan\u0131kl\u0131l\u0131\u011f\u0131n\u0131 ve uzun \u00f6m\u00fcrl\u00fcl\u00fc\u011f\u00fcn\u00fc garanti eden y\u00fcksek kaliteli \u00e7elikten \u00fcretilmi\u015ftir. Temel \u00f6zellikleri \u015funlard\u0131r:<\/p>\n<table style=\"width: 93.2692%;\" border=\"\">\n<tbody>\n<tr>\n<th style=\"width: 43.4286%;\">Delik Boyutu<\/th>\n<td style=\"width: 385.714%;\">2-6 in\u00e7<\/td>\n<\/tr>\n<tr>\n<th style=\"width: 43.4286%;\">\u00c7ubuk Boyutu<\/th>\n<td style=\"width: 385.714%;\">1.125-4 in\u00e7<\/td>\n<\/tr>\n<tr>\n<th style=\"width: 43.4286%;\">Vuru\u015f Boyutu<\/th>\n<td style=\"width: 385.714%;\">4-100 in\u00e7<\/td>\n<\/tr>\n<tr>\n<th style=\"width: 43.4286%;\">Pin Boyutu<\/th>\n<td style=\"width: 385.714%;\">0,5-2 in\u00e7<\/td>\n<\/tr>\n<tr>\n<th style=\"width: 43.4286%;\">Limanlar<\/th>\n<td style=\"width: 385.714%;\">G\/SAE\/NPT\/M<\/td>\n<\/tr>\n<\/tbody>\n<\/table>\n<h2>Benzersiz \u00d6zellikler ve Avantajlar<\/h2>\n<ul>\n<li style=\"list-style-type: none;\">\n<ul>\n<li>Enerji verimlili\u011fi: Enerji t\u00fcketimini azaltmak i\u00e7in optimum tasar\u0131m.<\/li>\n<li>Y\u00fcksek Performans: Maksimum 3000 itme g\u00fcc\u00fc ve maksimum 20 ton \u00e7ekme g\u00fcc\u00fc sa\u011flar.<\/li>\n<li>G\u00fcvenlik: S\u0131k\u0131 g\u00fcvenlik standartlar\u0131na uygun olarak \u00fcretilmi\u015ftir.<\/li>\n<\/ul>\n<\/li>\n<\/ul>\n<p><img loading=\"lazy\" decoding=\"async\" class=\"alignnone size-full wp-image-6757\" src=\"https:\/\/fmp-components.com\/wp-content\/uploads\/2025\/03\/Telescopic-Hydraulic-Cylinders-114.webp\" alt=\"Teleskopik Hidrolik Silindirler\" width=\"2160\" height=\"2160\" title=\"\" srcset=\"https:\/\/fmp-components.com\/wp-content\/uploads\/2025\/03\/Telescopic-Hydraulic-Cylinders-114.webp 2160w, https:\/\/fmp-components.com\/wp-content\/uploads\/2025\/03\/Telescopic-Hydraulic-Cylinders-114-1280x1280.webp 1280w, https:\/\/fmp-components.com\/wp-content\/uploads\/2025\/03\/Telescopic-Hydraulic-Cylinders-114-980x980.webp 980w, https:\/\/fmp-components.com\/wp-content\/uploads\/2025\/03\/Telescopic-Hydraulic-Cylinders-114-480x480.webp 480w\" sizes=\"(min-width: 0px) and (max-width: 480px) 480px, (min-width: 481px) and (max-width: 980px) 980px, (min-width: 981px) and (max-width: 1280px) 1280px, (min-width: 1281px) 2160px, 100vw\" \/><\/p>\n<h2>Hidrolik Sistem ve \u00c7al\u0131\u015fma Prensibi<\/h2>\n<p>Hidrolik silindirler, s\u0131v\u0131 bas\u0131nc\u0131yla kuvvetin \u00e7arp\u0131lmas\u0131 prensibine g\u00f6re \u00e7al\u0131\u015f\u0131r. \u00dcretilen kuvvet, silindir pistonunu hareket ettirir ve piston da mekanik bir hareket \u00fcretir.<\/p>\n<h2>Uygulama Senaryolar\u0131<\/h2>\n<p>Hidrolik silindirimiz makine tamir at\u00f6lyelerinde, \u00e7iftliklerde, enerji ve madencilik end\u00fcstrilerinde, makine imalat\u0131nda ve makine fabrikalar\u0131nda yayg\u0131n olarak kullan\u0131lmaktad\u0131r. K\u00fc\u00e7\u00fck damperli kamyonlar ve di\u011fer a\u011f\u0131r makineler i\u00e7in uygundur.<\/p>\n<h2>Hidrolik Silindirler ve G\u00fc\u00e7 \u00dcniteleri<\/h2>\n<p>Hidrolik silindir ve g\u00fc\u00e7 \u00fcnitesi, hidrolik sistemin vazge\u00e7ilmez bile\u015fenleridir. Sinerjik \u00e7al\u0131\u015fmalar\u0131, hidrolik teknolojisinin end\u00fcstriyel alanda yayg\u0131n olarak kullan\u0131lmas\u0131n\u0131 sa\u011flayarak \u00e7e\u015fitli m\u00fchendislik ve mekanik ekipmanlara g\u00fcvenilir g\u00fc\u00e7 ve kontrol deste\u011fi sa\u011flar. FMP ayr\u0131ca sat\u0131l\u0131k g\u00fc\u00e7 \u00fcniteleri de sunmaktad\u0131r.<\/p>\n<h2>SSS<\/h2>\n<p><strong>S: Siz bir ticaret \u015firketi misiniz yoksa \u00fcretici misiniz?<\/strong><\/p>\n<p>A: Biz \u00fcreticiyiz.<\/p>\n<p><strong>S: Teslimat s\u00fcreniz nedir?<\/strong><\/p>\n<p>A: Genellikle 25-35 g\u00fcnd\u00fcr.<\/p>\n<p><strong>S: Numune sa\u011fl\u0131yor musunuz? E\u011fer sa\u011fl\u0131yorsan\u0131z, \u00fccretsiz mi?<\/strong><\/p>\n<p>C: Evet, numune sa\u011fl\u0131yoruz ancak \u00fccretsiz de\u011fil.<\/p>\n<h3>FMP Hakk\u0131nda<\/h3>\n<p class=\"break-words\">FMP, y\u00fcksek kaliteli hidrolik silindirlerin tasar\u0131m\u0131, geli\u015ftirilmesi ve \u00fcretiminde uzmanla\u015fm\u0131\u015f lider bir \u0130talyan \u00fcreticisidir. Onlarca y\u0131ll\u0131k uzmanl\u0131\u011fa dayanan zengin bir mirasa sahip olarak, \u0130talyan i\u015f\u00e7ili\u011fini en son teknolojiyle gururla birle\u015ftirerek, k\u00fcresel m\u00fc\u015fterilerimizin \u00e7e\u015fitli ihtiya\u00e7lar\u0131n\u0131 kar\u015f\u0131lamak \u00fczere tasarlanm\u0131\u015f ola\u011fan\u00fcst\u00fc hidrolik \u00e7\u00f6z\u00fcmler sunuyoruz. M\u00fchendislik m\u00fckemmelli\u011finin merkezi \u0130talya'da bulunan FMP, hidrolik sekt\u00f6r\u00fcnde g\u00fcvenilir bir isim olarak \u00f6ne \u00e7\u0131kmakta ve d\u00fcnya \u00e7ap\u0131ndaki i\u015fletmelere g\u00fc\u00e7 katan g\u00fcvenilir, dayan\u0131kl\u0131 ve yenilik\u00e7i \u00fcr\u00fcnler sunmaya kendini adam\u0131\u015ft\u0131r.<\/p>\n<p class=\"break-words\">\u015eirketimiz, ileri d\u00fczey \u00fcretim geleneklerinin en iyilerini ileri g\u00f6r\u00fc\u015fl\u00fc bir yakla\u015f\u0131mla birle\u015ftiriyor. Hidrolik sistemlerdeki uzun y\u0131llara dayanan deneyiminden g\u00fc\u00e7 alan FMP, ara\u015ft\u0131rma, tasar\u0131m ve \u00fcretimde m\u00fckemmellik g\u00f6steren modern bir kurulu\u015fa d\u00f6n\u00fc\u015fm\u00fc\u015ft\u00fcr. \u00c7ift etkili silindirler, otomotiv kald\u0131rma silindirleri, tar\u0131m makineleri silindirleri ve \u00e7e\u015fitli end\u00fcstriyel uygulamalar i\u00e7in \u00f6zel olarak tasarlanm\u0131\u015f \u00e7\u00f6z\u00fcmler de dahil olmak \u00fczere geni\u015f bir hidrolik silindir yelpazesinde uzmanla\u015f\u0131yoruz. \u0130ster in\u015faat, ister end\u00fcstriyel tesisler, ister tar\u0131m veya a\u011f\u0131r makineler olsun, hidrolik silindirlerimiz en zorlu ko\u015fullarda bile g\u00fcvenlik, verimlilik ve uzun \u00f6m\u00fcr sa\u011flayacak \u015fekilde \u00fcretilmi\u015ftir.<\/p>\n<p><img loading=\"lazy\" decoding=\"async\" class=\"alignnone size-full wp-image-6720\" src=\"https:\/\/fmp-components.com\/wp-content\/uploads\/2025\/03\/hydraulic-cylinder-8.webp\" alt=\"Teleskopik Hidrolik Silindirler\" width=\"933\" height=\"526\" title=\"\" srcset=\"https:\/\/fmp-components.com\/wp-content\/uploads\/2025\/03\/hydraulic-cylinder-8.webp 933w, https:\/\/fmp-components.com\/wp-content\/uploads\/2025\/03\/hydraulic-cylinder-8-480x271.webp 480w\" sizes=\"(min-width: 0px) and (max-width: 480px) 480px, (min-width: 481px) 933px, 100vw\" \/><\/p>\n<p class=\"break-words\">FMP olarak, hassas makineler ve geli\u015fmi\u015f test sistemleriyle donat\u0131lm\u0131\u015f son teknoloji \u00fcretim tesislerimizle gurur duyuyoruz. \u00dcretim s\u00fcre\u00e7lerimiz, fabrikam\u0131zdan \u00e7\u0131kan her hidrolik silindirin \u00fcst\u00fcn kalite ve g\u00fcvenilirlikte olmas\u0131n\u0131 sa\u011flayan s\u0131k\u0131 ulusal ve uluslararas\u0131 standartlara uygundur. Son teknoloji ekipmanlarla bir araya gelen yetenekli teknik ekibimiz, hammadde se\u00e7iminden son kontrole kadar \u00fcretimin her a\u015famas\u0131nda s\u0131k\u0131 bir kalite kontrol\u00fc sa\u011flamam\u0131z\u0131 sa\u011flar. M\u00fckemmelli\u011fe olan bu ba\u011fl\u0131l\u0131\u011f\u0131m\u0131z, bize sekt\u00f6r otoritelerinden sertifikalar ve takdirler kazand\u0131rarak, g\u00fcvenilir bir i\u015f orta\u011f\u0131 olarak itibar\u0131m\u0131z\u0131 daha da sa\u011flamla\u015ft\u0131rm\u0131\u015ft\u0131r.<\/p>\n<p class=\"break-words\">Misyonumuz basit ama iddial\u0131: M\u00fc\u015fterilerimize performans, dayan\u0131kl\u0131l\u0131k ve de\u011fer a\u00e7\u0131s\u0131ndan beklentileri a\u015fan hidrolik silindirler sunmak. Profesyonellik, d\u00fcr\u00fcstl\u00fck ve m\u00fc\u015fteri odakl\u0131l\u0131k ilkeleriyle \u00e7al\u0131\u015f\u0131yoruz. Yenilik\u00e7ilik ve hassasiyet k\u00fclt\u00fcr\u00fcn\u00fc benimseyerek, rekabet\u00e7i bir pazarda \u00f6ne \u00e7\u0131kmak i\u00e7in \u00fcr\u00fcnlerimizi s\u00fcrekli olarak geli\u015ftiriyoruz. Kapsaml\u0131 \u00fcr\u00fcn yelpazemiz ve ki\u015fiye \u00f6zel \u00e7\u00f6z\u00fcmler sunma becerimiz, bizi y\u00fcksek performansl\u0131 hidrolik silindir arayan i\u015fletmeler i\u00e7in vazge\u00e7ilmez k\u0131l\u0131yor.<\/p>\n<p class=\"break-words\">FMP, yaln\u0131zca bir \u00fcreticiden daha fazlas\u0131d\u0131r; ba\u015far\u0131n\u0131z\u0131n orta\u011f\u0131y\u0131z. M\u00fc\u015fterilerimizin \u00fcretkenliklerini ve g\u00fcvenliklerini art\u0131ran ara\u00e7lar sunmam\u0131z i\u00e7in bize g\u00fcvendi\u011finin fark\u0131nday\u0131z. Bu nedenle, yaln\u0131zca birinci s\u0131n\u0131f \u00fcr\u00fcnler sunmakla kalmay\u0131p ayn\u0131 zamanda ola\u011fan\u00fcst\u00fc hizmet de sunmaya kararl\u0131y\u0131z. \u0130lk dan\u0131\u015fmanl\u0131ktan sat\u0131\u015f sonras\u0131 deste\u011fe kadar, ihtiya\u00e7lar\u0131n\u0131n profesyonellik ve \u00f6zenle kar\u015f\u0131lanmas\u0131n\u0131 sa\u011flamak i\u00e7in m\u00fc\u015fterilerimizle yak\u0131n bir \u015fekilde \u00e7al\u0131\u015f\u0131yoruz. Rekabet\u00e7i fiyatlar\u0131m\u0131z ve kaliteye olan sars\u0131lmaz ba\u011fl\u0131l\u0131\u011f\u0131m\u0131z, FMP'yi g\u00fcvenebilecekleri hidrolik \u00e7\u00f6z\u00fcmlere yat\u0131r\u0131m yapmak isteyen \u015firketler i\u00e7in ak\u0131ll\u0131 bir tercih haline getiriyor.<\/p>","protected":false},"excerpt":{"rendered":"<p>Factory Direct Sale Double Acting Small Dump Truck Telescopic Hydraulic Cylinder Our Factory Direct Sale Double Acting Small Dump Truck Telescopic Hydraulic Cylinder is a robust, efficient, and reliable solution for machinery repair shops, farms, energy &amp; mining industries, machinery manufacturing, and machinery factories. This ISO9001:2000 certified hydraulic cylinder is designed and manufactured by FMP, [&hellip;]<\/p>","protected":false},"featured_media":6777,"comment_status":"closed","ping_status":"closed","template":"","meta":{"_et_pb_use_builder":"","_et_pb_old_content":"","_et_gb_content_width":""},"product_brand":[],"product_cat":[103],"product_tag":[34,105],"class_list":{"0":"post-6506","1":"product","2":"type-product","3":"status-publish","4":"has-post-thumbnail","6":"product_cat-telescopic-hydraulic-cylinders","7":"product_tag-hydraulic-cylinder","8":"product_tag-telescopic-hydraulic-cylinders","10":"first","11":"instock","12":"product-type-simple"},"_links":{"self":[{"href":"https:\/\/fmp-components.com\/tr\/wp-json\/wp\/v2\/product\/6506","targetHints":{"allow":["GET"]}}],"collection":[{"href":"https:\/\/fmp-components.com\/tr\/wp-json\/wp\/v2\/product"}],"about":[{"href":"https:\/\/fmp-components.com\/tr\/wp-json\/wp\/v2\/types\/product"}],"replies":[{"embeddable":true,"href":"https:\/\/fmp-components.com\/tr\/wp-json\/wp\/v2\/comments?post=6506"}],"wp:featuredmedia":[{"embeddable":true,"href":"https:\/\/fmp-components.com\/tr\/wp-json\/wp\/v2\/media\/6777"}],"wp:attachment":[{"href":"https:\/\/fmp-components.com\/tr\/wp-json\/wp\/v2\/media?parent=6506"}],"wp:term":[{"taxonomy":"product_brand","embeddable":true,"href":"https:\/\/fmp-components.com\/tr\/wp-json\/wp\/v2\/product_brand?post=6506"},{"taxonomy":"product_cat","embeddable":true,"href":"https:\/\/fmp-components.com\/tr\/wp-json\/wp\/v2\/product_cat?post=6506"},{"taxonomy":"product_tag","embeddable":true,"href":"https:\/\/fmp-components.com\/tr\/wp-json\/wp\/v2\/product_tag?post=6506"}],"curies":[{"name":"wp","href":"https:\/\/api.w.org\/{rel}","templated":true}]}}