{"id":6500,"date":"2025-03-11T06:25:30","date_gmt":"2025-03-11T06:25:30","guid":{"rendered":"https:\/\/fmp-components.com\/product\/new-arrival-dump-truck-double-acting-telescopic-hydraulic-cylinder"},"modified":"2025-03-11T08:39:06","modified_gmt":"2025-03-11T08:39:06","slug":"new-arrival-dump-truck-double-acting-telescopic-hydraulic-cylinder","status":"publish","type":"product","link":"https:\/\/fmp-components.com\/tr\/product\/new-arrival-dump-truck-double-acting-telescopic-hydraulic-cylinder\/","title":{"rendered":"Yeni Gelen Damperli Kamyon \u00c7ift Etkili Teleskopik Hidrolik Silindir"},"content":{"rendered":"<h2>Yeni Gelen Damperli Kamyon \u00c7ift Etkili Teleskopik Hidrolik Silindir<\/h2>\n<p>\u00dcr\u00fcn yelpazemize en son eklenen, yeni nesil damperli kamyon \u00e7ift etkili teleskopik hidrolik silindiri sunuyoruz. Makine tamir at\u00f6lyeleri, \u00e7iftlikler, enerji ve madencilik end\u00fcstrileri ve makine \u00fcretim fabrikalar\u0131 dahil olmak \u00fczere \u00e7e\u015fitli uygulamalar i\u00e7in idealdir.<\/p>\n<h2>\u00dcr\u00fcn \u00d6zellikleri ve Avantajlar\u0131<\/h2>\n<p>Bu hidrolik silindir, onu \u00e7e\u015fitli end\u00fcstriyel uygulamalar i\u00e7in m\u00fckemmel bir se\u00e7im haline getiren bir dizi etkileyici \u00f6zelli\u011fe sahiptir:<\/p>\n<ul>\n<li>Standart piston silindir yap\u0131s\u0131<\/li>\n<li>Geli\u015fmi\u015f dayan\u0131kl\u0131l\u0131k i\u00e7in \u00e7elik g\u00f6vde malzemesi<\/li>\n<li>Maksimum itme g\u00fcc\u00fc 3000<\/li>\n<li>\u00c7ok kademeli hidrolik silindir tipi<\/li>\n<li>Maksimum \u00e7ekme kuvveti 20 ton<\/li>\n<li>ISO9001:2000 Sertifikas\u0131<\/li>\n<li>Siyah renkte mevcuttur<\/li>\n<\/ul>\n<h2>Teknik \u00d6zellikler<\/h2>\n<table style=\"width: 98.4483%;\" border=\"\">\n<tbody>\n<tr>\n<td style=\"width: 42.9379%;\"><i>Delik Boyutu<\/i><\/td>\n<td style=\"width: 466.102%;\">2-6 in\u00e7<\/td>\n<\/tr>\n<tr>\n<td style=\"width: 42.9379%;\"><i>\u00c7ubuk Boyutu<\/i><\/td>\n<td style=\"width: 466.102%;\">1.125-4 in\u00e7<\/td>\n<\/tr>\n<tr>\n<td style=\"width: 42.9379%;\"><i>Vuru\u015f Boyutu<\/i><\/td>\n<td style=\"width: 466.102%;\">4-100 in\u00e7<\/td>\n<\/tr>\n<tr>\n<td style=\"width: 42.9379%;\"><i>Pin Boyutu<\/i><\/td>\n<td style=\"width: 466.102%;\">0,5-2 in\u00e7<\/td>\n<\/tr>\n<tr>\n<td style=\"width: 42.9379%;\"><i>Limanlar<\/i><\/td>\n<td style=\"width: 466.102%;\">G\/SAE\/NPT\/M<\/td>\n<\/tr>\n<\/tbody>\n<\/table>\n<h2>Benzersiz Avantajlar ve Faydalar<\/h2>\n<p>Bu hidrolik silindir, ola\u011fan\u00fcst\u00fc enerji verimlili\u011fi, y\u00fcksek performans\u0131 ve sa\u011flam g\u00fcvenlik \u00f6zellikleriyle \u00f6ne \u00e7\u0131kar. Enerji tasarruflu tasar\u0131m\u0131, g\u00fc\u00e7 t\u00fcketimini en aza indirirken \u00e7\u0131kt\u0131y\u0131 en \u00fcst d\u00fczeye \u00e7\u0131kararak daha d\u00fc\u015f\u00fck i\u015fletme maliyetleri ve daha az \u00e7evresel etki sa\u011flar. Silindir, makinelerin zorlu ko\u015fullarda bile sorunsuz ve etkili bir \u015fekilde \u00e7al\u0131\u015fmas\u0131n\u0131 sa\u011flayarak s\u00fcrekli olarak g\u00fcvenilir bir performans sunar. Bu g\u00fcvenilirlik, onu imalat ve in\u015faattan tar\u0131m ve ula\u015f\u0131ma kadar \u00e7e\u015fitli sekt\u00f6rlerde paha bi\u00e7ilmez bir ara\u00e7 haline getirir. Kald\u0131rma, itme ve \u00e7ekme i\u00e7in g\u00fcvenilir bir \u00e7\u00f6z\u00fcm sunarak \u00fcretkenli\u011fi ve operasyonel verimlili\u011fi art\u0131r\u0131r ve nihayetinde her t\u00fcrl\u00fc proje veya g\u00f6revin ba\u015far\u0131s\u0131na katk\u0131da bulunur.<\/p>\n<p><img loading=\"lazy\" decoding=\"async\" class=\"alignnone  wp-image-6665\" src=\"https:\/\/fmp-components.com\/wp-content\/uploads\/2025\/03\/telescopic-hydraulic-cylinder-9.webp\" alt=\"teleskopik hidrolik silindir\" width=\"917\" height=\"917\" title=\"\" srcset=\"https:\/\/fmp-components.com\/wp-content\/uploads\/2025\/03\/telescopic-hydraulic-cylinder-9.webp 917w, https:\/\/fmp-components.com\/wp-content\/uploads\/2025\/03\/telescopic-hydraulic-cylinder-9-480x480.webp 480w\" sizes=\"(min-width: 0px) and (max-width: 480px) 480px, (min-width: 481px) 917px, 100vw\" \/><\/p>\n<h2>Hidrolik Sistemler ve \u00c7al\u0131\u015fma Prensipleri<\/h2>\n<p>Hidrolik silindir, hidrolik enerjiyi mekanik harekete d\u00f6n\u00fc\u015ft\u00fcrerek bas\u0131nc\u0131 kuvvete d\u00f6n\u00fc\u015ft\u00fcr\u00fcr. Bu d\u00f6n\u00fc\u015f\u00fcm, hidrolik silindir ve g\u00fc\u00e7 \u00fcnitesi aras\u0131ndaki iyi koordine edilmi\u015f bir etkile\u015fimle sa\u011flan\u0131r. Hidrolik s\u0131v\u0131 g\u00fc\u00e7 \u00fcnitesi taraf\u0131ndan bas\u0131n\u00e7land\u0131r\u0131l\u0131p silindire y\u00f6nlendirildi\u011finde, i\u00e7indeki pistonu hareket ettiren bir kuvvet \u00fcretir. Bu hareket, a\u011f\u0131r y\u00fckleri kald\u0131rmak veya makine bile\u015fenlerini \u00e7al\u0131\u015ft\u0131rmak gibi \u00e7e\u015fitli g\u00f6revleri ger\u00e7ekle\u015ftirmek i\u00e7in kullan\u0131labilen do\u011frusal bir hareket yarat\u0131r. Hidrolik silindir ve g\u00fc\u00e7 \u00fcnitesi aras\u0131ndaki sinerji, hidrolik sistemlerin etkili \u00e7al\u0131\u015fmas\u0131 i\u00e7in \u00e7ok \u00f6nemlidir ve \u00e7e\u015fitli uygulamalarda hassas kontrol ve uyarlanabilirlik sa\u011flar. Bu i\u015f birli\u011fi, \u00f6nemli kuvvet ve hareket gerektiren g\u00f6revlerin do\u011fruluk ve verimlilikle ger\u00e7ekle\u015ftirilmesini sa\u011flayarak hidrolik sistemleri modern end\u00fcstriyel operasyonlarda vazge\u00e7ilmez k\u0131lar.<\/p>\n<h2>SSS<\/h2>\n<p><span>S: Siz bir ticaret \u015firketi misiniz yoksa \u00fcretici misiniz?<\/span><br \/>\n<span>A: Biz \u00fcreticiyiz.<\/span><br \/>\n<span>S: Teslimat s\u00fcreniz ne kadard\u0131r?<\/span><br \/>\n<span>A: Genellikle 25-35 g\u00fcnd\u00fcr.<\/span><br \/>\n<span>S: Numune sa\u011fl\u0131yor musunuz? \u00dccretsiz mi yoksa ekstra m\u0131?<\/span><br \/>\n<span>C: Evet, numune sunuyoruz ancak \u00fccretsiz de\u011fil.<\/span><\/p>\n<p><img loading=\"lazy\" decoding=\"async\" class=\"alignnone  wp-image-6717\" src=\"https:\/\/fmp-components.com\/wp-content\/uploads\/2025\/03\/hydraulic-cylinder-211.webp\" alt=\"Hidrolik Silindirler\" width=\"934\" height=\"936\" title=\"\" srcset=\"https:\/\/fmp-components.com\/wp-content\/uploads\/2025\/03\/hydraulic-cylinder-211.webp 934w, https:\/\/fmp-components.com\/wp-content\/uploads\/2025\/03\/hydraulic-cylinder-211-480x481.webp 480w\" sizes=\"(min-width: 0px) and (max-width: 480px) 480px, (min-width: 481px) 934px, 100vw\" \/><\/p>\n<h3>FMP Hakk\u0131nda<\/h3>\n<p class=\"break-words\">FMP, y\u00fcksek kaliteli hidrolik silindirlerin tasar\u0131m\u0131, geli\u015ftirilmesi ve \u00fcretiminde uzmanla\u015fm\u0131\u015f lider bir \u0130talyan \u00fcreticisidir. Onlarca y\u0131ll\u0131k uzmanl\u0131\u011fa dayanan zengin bir mirasa sahip olarak, \u0130talyan i\u015f\u00e7ili\u011fini en son teknolojiyle gururla birle\u015ftirerek, k\u00fcresel m\u00fc\u015fterilerimizin \u00e7e\u015fitli ihtiya\u00e7lar\u0131n\u0131 kar\u015f\u0131lamak \u00fczere tasarlanm\u0131\u015f ola\u011fan\u00fcst\u00fc hidrolik \u00e7\u00f6z\u00fcmler sunuyoruz. M\u00fchendislik m\u00fckemmelli\u011finin merkezi \u0130talya'da bulunan FMP, hidrolik sekt\u00f6r\u00fcnde g\u00fcvenilir bir isim olarak \u00f6ne \u00e7\u0131kmakta ve d\u00fcnya \u00e7ap\u0131ndaki i\u015fletmelere g\u00fc\u00e7 katan g\u00fcvenilir, dayan\u0131kl\u0131 ve yenilik\u00e7i \u00fcr\u00fcnler sunmaya kendini adam\u0131\u015ft\u0131r.<\/p>\n<p class=\"break-words\">\u015eirketimiz, ileri d\u00fczey \u00fcretim geleneklerinin en iyilerini ileri g\u00f6r\u00fc\u015fl\u00fc bir yakla\u015f\u0131mla birle\u015ftiriyor. Hidrolik sistemlerdeki uzun y\u0131llara dayanan deneyiminden g\u00fc\u00e7 alan FMP, ara\u015ft\u0131rma, tasar\u0131m ve \u00fcretimde m\u00fckemmellik g\u00f6steren modern bir kurulu\u015fa d\u00f6n\u00fc\u015fm\u00fc\u015ft\u00fcr. \u00c7ift etkili silindirler, otomotiv kald\u0131rma silindirleri, tar\u0131m makineleri silindirleri ve \u00e7e\u015fitli end\u00fcstriyel uygulamalar i\u00e7in \u00f6zel olarak tasarlanm\u0131\u015f \u00e7\u00f6z\u00fcmler de dahil olmak \u00fczere geni\u015f bir hidrolik silindir yelpazesinde uzmanla\u015f\u0131yoruz. \u0130ster in\u015faat, ister end\u00fcstriyel tesisler, ister tar\u0131m veya a\u011f\u0131r makineler olsun, hidrolik silindirlerimiz en zorlu ko\u015fullarda bile g\u00fcvenlik, verimlilik ve uzun \u00f6m\u00fcr sa\u011flayacak \u015fekilde \u00fcretilmi\u015ftir.<\/p>\n<p><img loading=\"lazy\" decoding=\"async\" class=\"alignnone size-full wp-image-6720\" src=\"https:\/\/fmp-components.com\/wp-content\/uploads\/2025\/03\/hydraulic-cylinder-8.webp\" alt=\"Teleskopik Hidrolik Silindirler\" width=\"933\" height=\"526\" title=\"\" srcset=\"https:\/\/fmp-components.com\/wp-content\/uploads\/2025\/03\/hydraulic-cylinder-8.webp 933w, https:\/\/fmp-components.com\/wp-content\/uploads\/2025\/03\/hydraulic-cylinder-8-480x271.webp 480w\" sizes=\"(min-width: 0px) and (max-width: 480px) 480px, (min-width: 481px) 933px, 100vw\" \/><\/p>\n<p class=\"break-words\">FMP olarak, hassas makineler ve geli\u015fmi\u015f test sistemleriyle donat\u0131lm\u0131\u015f son teknoloji \u00fcretim tesislerimizle gurur duyuyoruz. \u00dcretim s\u00fcre\u00e7lerimiz, fabrikam\u0131zdan \u00e7\u0131kan her hidrolik silindirin \u00fcst\u00fcn kalite ve g\u00fcvenilirlikte olmas\u0131n\u0131 sa\u011flayan s\u0131k\u0131 ulusal ve uluslararas\u0131 standartlara uygundur. Son teknoloji ekipmanlarla bir araya gelen yetenekli teknik ekibimiz, hammadde se\u00e7iminden son kontrole kadar \u00fcretimin her a\u015famas\u0131nda s\u0131k\u0131 bir kalite kontrol\u00fc sa\u011flamam\u0131z\u0131 sa\u011flar. M\u00fckemmelli\u011fe olan bu ba\u011fl\u0131l\u0131\u011f\u0131m\u0131z, bize sekt\u00f6r otoritelerinden sertifikalar ve takdirler kazand\u0131rarak, g\u00fcvenilir bir i\u015f orta\u011f\u0131 olarak itibar\u0131m\u0131z\u0131 daha da sa\u011flamla\u015ft\u0131rm\u0131\u015ft\u0131r.<\/p>\n<p class=\"break-words\">Misyonumuz basit ama iddial\u0131: M\u00fc\u015fterilerimize performans, dayan\u0131kl\u0131l\u0131k ve de\u011fer a\u00e7\u0131s\u0131ndan beklentileri a\u015fan hidrolik silindirler sunmak. Profesyonellik, d\u00fcr\u00fcstl\u00fck ve m\u00fc\u015fteri odakl\u0131l\u0131k ilkeleriyle \u00e7al\u0131\u015f\u0131yoruz. Yenilik\u00e7ilik ve hassasiyet k\u00fclt\u00fcr\u00fcn\u00fc benimseyerek, rekabet\u00e7i bir pazarda \u00f6ne \u00e7\u0131kmak i\u00e7in \u00fcr\u00fcnlerimizi s\u00fcrekli olarak geli\u015ftiriyoruz. Kapsaml\u0131 \u00fcr\u00fcn yelpazemiz ve ki\u015fiye \u00f6zel \u00e7\u00f6z\u00fcmler sunma becerimiz, bizi y\u00fcksek performansl\u0131 hidrolik silindir arayan i\u015fletmeler i\u00e7in vazge\u00e7ilmez k\u0131l\u0131yor.<\/p>\n<p class=\"break-words\">FMP, yaln\u0131zca bir \u00fcreticiden daha fazlas\u0131d\u0131r; ba\u015far\u0131n\u0131z\u0131n orta\u011f\u0131y\u0131z. M\u00fc\u015fterilerimizin \u00fcretkenliklerini ve g\u00fcvenliklerini art\u0131ran ara\u00e7lar sunmam\u0131z i\u00e7in bize g\u00fcvendi\u011finin fark\u0131nday\u0131z. Bu nedenle, yaln\u0131zca birinci s\u0131n\u0131f \u00fcr\u00fcnler sunmakla kalmay\u0131p ayn\u0131 zamanda ola\u011fan\u00fcst\u00fc hizmet de sunmaya kararl\u0131y\u0131z. \u0130lk dan\u0131\u015fmanl\u0131ktan sat\u0131\u015f sonras\u0131 deste\u011fe kadar, ihtiya\u00e7lar\u0131n\u0131n profesyonellik ve \u00f6zenle kar\u015f\u0131lanmas\u0131n\u0131 sa\u011flamak i\u00e7in m\u00fc\u015fterilerimizle yak\u0131n bir \u015fekilde \u00e7al\u0131\u015f\u0131yoruz. Rekabet\u00e7i fiyatlar\u0131m\u0131z ve kaliteye olan sars\u0131lmaz ba\u011fl\u0131l\u0131\u011f\u0131m\u0131z, FMP'yi g\u00fcvenebilecekleri hidrolik \u00e7\u00f6z\u00fcmlere yat\u0131r\u0131m yapmak isteyen \u015firketler i\u00e7in ak\u0131ll\u0131 bir tercih haline getiriyor.<\/p>","protected":false},"excerpt":{"rendered":"<p>New Arrival Dump Truck Double Acting Telescopic Hydraulic Cylinder Introducing the latest addition to our product line, a new arrival dump truck double acting telescopic hydraulic cylinder. It&#8217;s ideal for a variety of applications, including machinery repair shops, farms, energy and mining industries, and machinery manufacturing factories. Product Features and Advantages This hydraulic cylinder comes [&hellip;]<\/p>","protected":false},"featured_media":6677,"comment_status":"closed","ping_status":"closed","template":"","meta":{"_et_pb_use_builder":"","_et_pb_old_content":"","_et_gb_content_width":""},"product_brand":[],"product_cat":[103],"product_tag":[34,105],"class_list":{"0":"post-6500","1":"product","2":"type-product","3":"status-publish","4":"has-post-thumbnail","6":"product_cat-telescopic-hydraulic-cylinders","7":"product_tag-hydraulic-cylinder","8":"product_tag-telescopic-hydraulic-cylinders","10":"first","11":"instock","12":"product-type-simple"},"_links":{"self":[{"href":"https:\/\/fmp-components.com\/tr\/wp-json\/wp\/v2\/product\/6500","targetHints":{"allow":["GET"]}}],"collection":[{"href":"https:\/\/fmp-components.com\/tr\/wp-json\/wp\/v2\/product"}],"about":[{"href":"https:\/\/fmp-components.com\/tr\/wp-json\/wp\/v2\/types\/product"}],"replies":[{"embeddable":true,"href":"https:\/\/fmp-components.com\/tr\/wp-json\/wp\/v2\/comments?post=6500"}],"wp:featuredmedia":[{"embeddable":true,"href":"https:\/\/fmp-components.com\/tr\/wp-json\/wp\/v2\/media\/6677"}],"wp:attachment":[{"href":"https:\/\/fmp-components.com\/tr\/wp-json\/wp\/v2\/media?parent=6500"}],"wp:term":[{"taxonomy":"product_brand","embeddable":true,"href":"https:\/\/fmp-components.com\/tr\/wp-json\/wp\/v2\/product_brand?post=6500"},{"taxonomy":"product_cat","embeddable":true,"href":"https:\/\/fmp-components.com\/tr\/wp-json\/wp\/v2\/product_cat?post=6500"},{"taxonomy":"product_tag","embeddable":true,"href":"https:\/\/fmp-components.com\/tr\/wp-json\/wp\/v2\/product_tag?post=6500"}],"curies":[{"name":"wp","href":"https:\/\/api.w.org\/{rel}","templated":true}]}}