{"id":6420,"date":"2025-03-10T06:32:17","date_gmt":"2025-03-10T06:32:17","guid":{"rendered":"https:\/\/fmp-components.com\/?post_type=product&#038;p=6420"},"modified":"2025-03-10T06:34:35","modified_gmt":"2025-03-10T06:34:35","slug":"jaw-couplings","status":"publish","type":"product","link":"https:\/\/fmp-components.com\/tr\/product\/jaw-couplings\/","title":{"rendered":"\u00c7eneli Kaplinler"},"content":{"rendered":"<p>\u00c7eneli kaplinler, g\u00fc\u00e7 aktar\u0131m uygulamalar\u0131nda yayg\u0131n olarak kullan\u0131lan \u00e7ok y\u00f6nl\u00fc bir mekanik bile\u015fendir. Bu esnek kaplin mekanizmas\u0131, d\u00f6nme kuvvetini iletmek i\u00e7in iki d\u00f6nen \u015faft\u0131 birbirine ba\u011flayarak, ayn\u0131 anda titre\u015fim enerjisini emerek ve eksenel\/a\u00e7\u0131sal hizalama hatalar\u0131n\u0131 telafi ederek \u00e7al\u0131\u015f\u0131r. Bu \u00e7al\u0131\u015fma \u00f6zellikleri, ba\u011fl\u0131 makinelerin a\u015f\u0131r\u0131 gerilimden ve erken a\u015f\u0131nmadan korunmas\u0131na yard\u0131mc\u0131 olur.<\/p>\n<p>Montaj \u00fc\u00e7 temel bile\u015fenden olu\u015fur:<\/p>\n<ol start=\"1\">\n<li>Radyal \u00e7\u0131k\u0131nt\u0131lara (\u00e7ene elemanlar\u0131) sahip \u00e7ift metal g\u00f6bekler<\/li>\n<li>Esnek bir elastomerik ek par\u00e7a (genellikle \u00f6r\u00fcmcek eleman\u0131 olarak adland\u0131r\u0131l\u0131r)<br \/>\nBu bile\u015fenler, g\u00f6bek \u00e7enelerinin \u00f6r\u00fcmce\u011fin esnek loblar\u0131yla birbirine ge\u00e7ti\u011fi d\u00f6n\u00fc\u015f\u00fcml\u00fc bir kavrama d\u00fczeninde hassas bir \u015fekilde birle\u015ftirilmi\u015ftir. Tork iletimi, hem burulma esnekli\u011fi hem de s\u00f6n\u00fcmleme \u00f6zellikleri sa\u011flayan s\u0131k\u0131\u015ft\u0131r\u0131lm\u0131\u015f polimer ek par\u00e7as\u0131n\u0131n elastik deformasyonu yoluyla ger\u00e7ekle\u015fir. \u00d6r\u00fcmce\u011fin viskoelastik malzeme \u00f6zellikleri, ba\u011fl\u0131 \u015faftlar aras\u0131nda s\u00fcrekli g\u00fc\u00e7 aktar\u0131m\u0131n\u0131 korurken etkili titre\u015fim s\u00f6n\u00fcmlemesi sa\u011flar.<\/li>\n<\/ol>\n<h2>\u00c7ene Ba\u011flant\u0131 Boyutlar\u0131<\/h2>\n<p><img loading=\"lazy\" decoding=\"async\" class=\"size-full wp-image-6423 aligncenter\" src=\"https:\/\/fmp-components.com\/wp-content\/uploads\/2025\/03\/Jaw-Coupling-specification-2.webp\" alt=\"\u00c7ene Ba\u011flant\u0131lar\u0131 spesifikasyonu\" width=\"828\" height=\"620\" title=\"\" srcset=\"https:\/\/fmp-components.com\/wp-content\/uploads\/2025\/03\/Jaw-Coupling-specification-2.webp 828w, https:\/\/fmp-components.com\/wp-content\/uploads\/2025\/03\/Jaw-Coupling-specification-2-480x359.webp 480w\" sizes=\"(min-width: 0px) and (max-width: 480px) 480px, (min-width: 481px) 828px, 100vw\" \/> <img loading=\"lazy\" decoding=\"async\" class=\"wp-image-6424 aligncenter\" src=\"https:\/\/fmp-components.com\/wp-content\/uploads\/2025\/03\/Jaw-Coupling-specification-1.webp\" alt=\"\u00c7ene Ba\u011flant\u0131lar\u0131 spesifikasyonu\" width=\"804\" height=\"658\" title=\"\" srcset=\"https:\/\/fmp-components.com\/wp-content\/uploads\/2025\/03\/Jaw-Coupling-specification-1.webp 804w, https:\/\/fmp-components.com\/wp-content\/uploads\/2025\/03\/Jaw-Coupling-specification-1-480x393.webp 480w\" sizes=\"(min-width: 0px) and (max-width: 480px) 480px, (min-width: 481px) 804px, 100vw\" \/><\/p>\n<h2>\u00c7ene Tipi Esnek Kaplinlerin \u00d6zellikleri<\/h2>\n<p>\u00c7ene tipi kaplinlerdeki elastomerik bile\u015fenler genellikle y\u00fcksek performansl\u0131 plastik veya kau\u00e7uktan \u00fcretilir. Bu ekler, kaplinin standart ko\u015fullar alt\u0131nda genellikle 10 y\u0131la kadar s\u00fcren \u00e7al\u0131\u015fma \u00f6mr\u00fcn\u00fc belirler. Tasar\u0131mlar\u0131 gere\u011fi, elastomerler \u00f6ncelikle \u00e7ekme geriliminden ziyade bas\u0131n\u00e7 kuvvetlerine dayan\u0131r. Titre\u015fim s\u00f6n\u00fcmleme ve darbe emme \u00f6zellikleriyle bilinen bu kaplinler, y\u00fcksek titre\u015fimli ortamlar i\u00e7in idealdir. Rijit kaplinlerin aksine, \u00e7al\u0131\u015fma s\u0131cakl\u0131k aral\u0131klar\u0131 (-35\u00b0C ila +80\u00b0C), elastomerin termal s\u0131n\u0131rlar\u0131 taraf\u0131ndan belirlenir.<\/p>\n<p><strong>Temel Avantajlar<\/strong>:<\/p>\n<ol start=\"1\">\n<li><strong>Kompakt Tasar\u0131m<\/strong>: \u00dc\u00e7 sertlik derecesinde elastomer se\u00e7enekleriyle bo\u015fluksuz yap\u0131.<\/li>\n<li><strong>Dinamik Performans<\/strong>: Titre\u015fimleri etkili bir \u015fekilde s\u00f6n\u00fcmler ve radyal\/a\u00e7\u0131sal hizalama hatalar\u0131n\u0131 telafi eder.<\/li>\n<li><strong>Kullan\u0131m Kolayl\u0131\u011f\u0131<\/strong>: Kolay kurulum, inceleme ve bak\u0131m i\u00e7in basitle\u015ftirilmi\u015f yap\u0131.<\/li>\n<li><strong>Dayan\u0131kl\u0131l\u0131k<\/strong>: Ya\u011f direnci ve elektrik izolasyonu ile bak\u0131m gerektirmeyen \u00e7al\u0131\u015fma; 20\u00b0C ile 60\u00b0C aras\u0131nda optimum performans.<\/li>\n<li><strong>Elastomer \u00c7e\u015fitleri<\/strong>: Ki\u015fiye \u00f6zel esneklik i\u00e7in \u00e7ok loblu yap\u0131land\u0131rmalara (4, 6, 8 veya 10 yaprak) sahiptir.<\/li>\n<li><strong>Montaj Se\u00e7enekleri<\/strong>: Set vidalar\u0131, s\u0131k\u0131\u015ft\u0131rma mekanizmalar\u0131 ve kama yuvas\u0131 sabitlemesi dahil olmak \u00fczere \u00e7e\u015fitli montaj y\u00f6ntemlerini destekler.<\/li>\n<\/ol>\n<p><img loading=\"lazy\" decoding=\"async\" class=\"size-full wp-image-6425 aligncenter\" src=\"https:\/\/fmp-components.com\/wp-content\/uploads\/2025\/03\/jaw-coupling-1.webp\" alt=\"\u00c7ene Ba\u011flant\u0131lar\u0131\" width=\"600\" height=\"600\" title=\"\" srcset=\"https:\/\/fmp-components.com\/wp-content\/uploads\/2025\/03\/jaw-coupling-1.webp 600w, https:\/\/fmp-components.com\/wp-content\/uploads\/2025\/03\/jaw-coupling-1-480x480.webp 480w\" sizes=\"(min-width: 0px) and (max-width: 480px) 480px, (min-width: 481px) 600px, 100vw\" \/><\/p>","protected":false},"excerpt":{"rendered":"<p>Jaw couplings represent a versatile mechanical component widely used for power transmission applications. This flexible coupling mechanism functions by interconnecting two rotating shafts to transmit rotational force while simultaneously absorbing vibrational energy and compensating for axial\/angular misalignments. Such operational characteristics help safeguard connected machinery from excessive stress and premature wear. The assembly comprises three primary [&hellip;]<\/p>","protected":false},"featured_media":6422,"comment_status":"open","ping_status":"closed","template":"","meta":{"_et_pb_use_builder":"","_et_pb_old_content":"","_et_gb_content_width":""},"product_brand":[],"product_cat":[101],"product_tag":[],"class_list":{"0":"post-6420","1":"product","2":"type-product","3":"status-publish","4":"has-post-thumbnail","6":"product_cat-coupling","8":"first","9":"instock","10":"shipping-taxable","11":"product-type-simple"},"_links":{"self":[{"href":"https:\/\/fmp-components.com\/tr\/wp-json\/wp\/v2\/product\/6420","targetHints":{"allow":["GET"]}}],"collection":[{"href":"https:\/\/fmp-components.com\/tr\/wp-json\/wp\/v2\/product"}],"about":[{"href":"https:\/\/fmp-components.com\/tr\/wp-json\/wp\/v2\/types\/product"}],"replies":[{"embeddable":true,"href":"https:\/\/fmp-components.com\/tr\/wp-json\/wp\/v2\/comments?post=6420"}],"wp:featuredmedia":[{"embeddable":true,"href":"https:\/\/fmp-components.com\/tr\/wp-json\/wp\/v2\/media\/6422"}],"wp:attachment":[{"href":"https:\/\/fmp-components.com\/tr\/wp-json\/wp\/v2\/media?parent=6420"}],"wp:term":[{"taxonomy":"product_brand","embeddable":true,"href":"https:\/\/fmp-components.com\/tr\/wp-json\/wp\/v2\/product_brand?post=6420"},{"taxonomy":"product_cat","embeddable":true,"href":"https:\/\/fmp-components.com\/tr\/wp-json\/wp\/v2\/product_cat?post=6420"},{"taxonomy":"product_tag","embeddable":true,"href":"https:\/\/fmp-components.com\/tr\/wp-json\/wp\/v2\/product_tag?post=6420"}],"curies":[{"name":"wp","href":"https:\/\/api.w.org\/{rel}","templated":true}]}}