{"id":6412,"date":"2025-03-10T06:01:59","date_gmt":"2025-03-10T06:01:59","guid":{"rendered":"https:\/\/fmp-components.com\/?post_type=product&#038;p=6412"},"modified":"2025-03-10T06:02:00","modified_gmt":"2025-03-10T06:02:00","slug":"nm-couplings","status":"publish","type":"product","link":"https:\/\/fmp-components.com\/tr\/product\/nm-couplings\/","title":{"rendered":"NM Kaplinler"},"content":{"rendered":"<h2>NM Kaplinlerin Parametreleri<\/h2>\n<table class=\"has-title all magic-9\" border=\"1\">\n<tbody>\n<tr>\n<td colspan=\"1\" rowspan=\"1\">\n<div class=\"magic-10\" data-spm-anchor-id=\"a2700.details.0.i13.236d5a3715iTIC\"><strong>\u00f6\u011fe<\/strong><\/div>\n<\/td>\n<td colspan=\"1\" rowspan=\"1\">\n<div class=\"magic-11\">NM Kaplinler<\/div>\n<\/td>\n<\/tr>\n<tr>\n<td colspan=\"1\" rowspan=\"1\">\n<div class=\"magic-10\"><strong>Uygulanabilir End\u00fcstriler<\/strong><\/div>\n<\/td>\n<td colspan=\"1\" rowspan=\"1\">\n<div class=\"magic-11\">Oteller, Giyim Ma\u011fazalar\u0131, \u0130n\u015faat Malzemesi Ma\u011fazalar\u0131, \u00dcretim Tesisleri, Makine Tamir At\u00f6lyeleri, Yiyecek ve \u0130\u00e7ecek Fabrikalar\u0131, \u00c7iftlikler, Restoranlar, Ev Kullan\u0131m\u0131, Perakende, G\u0131da Ma\u011fazalar\u0131, Matbaalar, \u0130n\u015faat \u0130\u015fleri, Enerji ve Madencilik, Yiyecek ve \u0130\u00e7ecek Ma\u011fazalar\u0131, Di\u011fer, Reklam \u015eirketleri<\/div>\n<\/td>\n<\/tr>\n<tr>\n<td colspan=\"1\" rowspan=\"1\">\n<div class=\"magic-10\"><strong>\u00d6zelle\u015ftirilmi\u015f destek<\/strong><\/div>\n<\/td>\n<td colspan=\"1\" rowspan=\"1\">\n<div class=\"magic-11\">OEM<\/div>\n<\/td>\n<\/tr>\n<tr>\n<td colspan=\"1\" rowspan=\"1\">\n<div class=\"magic-10\"><strong>Yap\u0131<\/strong><\/div>\n<\/td>\n<td colspan=\"1\" rowspan=\"1\">\n<div class=\"magic-11\">\u00c7ene<\/div>\n<\/td>\n<\/tr>\n<tr>\n<td colspan=\"1\" rowspan=\"1\">\n<div class=\"magic-10\"><strong>Esnek veya Sert<\/strong><\/div>\n<\/td>\n<td colspan=\"1\" rowspan=\"1\">\n<div class=\"magic-11\">Esnek<\/div>\n<\/td>\n<\/tr>\n<tr>\n<td colspan=\"1\" rowspan=\"1\">\n<div class=\"magic-10\"><strong>Standart veya Standart D\u0131\u015f\u0131<\/strong><\/div>\n<\/td>\n<td colspan=\"1\" rowspan=\"1\">\n<div class=\"magic-11\">Standart<\/div>\n<\/td>\n<\/tr>\n<tr>\n<td colspan=\"1\" rowspan=\"1\">\n<div class=\"magic-10\"><strong>Malzeme<\/strong><\/div>\n<\/td>\n<td colspan=\"1\" rowspan=\"1\">\n<div class=\"magic-11\">\u00dct\u00fc<\/div>\n<\/td>\n<\/tr>\n<tr>\n<td colspan=\"1\" rowspan=\"1\">\n<div class=\"magic-10\"><strong>Men\u015fe Yeri<\/strong><\/div>\n<\/td>\n<td colspan=\"1\" rowspan=\"1\">\n<div class=\"magic-11\">\u0130talya<\/div>\n<\/td>\n<\/tr>\n<tr>\n<td colspan=\"1\" rowspan=\"1\">\n<div class=\"magic-10\"><strong>Renk<\/strong><\/div>\n<\/td>\n<td colspan=\"1\" rowspan=\"1\">\n<div class=\"magic-11\" data-spm-anchor-id=\"a2700.details.0.i12.236d5a3715iTIC\">ye\u015fil\/mavi\/k\u0131rm\u0131z\u0131\/turuncu<\/div>\n<\/td>\n<\/tr>\n<\/tbody>\n<\/table>\n<p><img loading=\"lazy\" decoding=\"async\" class=\"alignnone size-full wp-image-6413\" src=\"https:\/\/fmp-components.com\/wp-content\/uploads\/2025\/03\/nm-coupling-1.webp\" alt=\"MH Ba\u011flant\u0131s\u0131\" width=\"836\" height=\"669\" title=\"\" srcset=\"https:\/\/fmp-components.com\/wp-content\/uploads\/2025\/03\/nm-coupling-1.webp 836w, https:\/\/fmp-components.com\/wp-content\/uploads\/2025\/03\/nm-coupling-1-480x384.webp 480w\" sizes=\"(min-width: 0px) and (max-width: 480px) 480px, (min-width: 481px) 836px, 100vw\" \/><\/p>\n<h2>NM Kaplinlerin \u00d6zellikleri<\/h2>\n<ul>\n<li>Y\u00fcksek kaliteli d\u00f6k\u00fcm demir daha ani tork de\u011fi\u015fimlerine dayan\u0131kl\u0131d\u0131r.<\/li>\n<li>\u00d6zel kau\u00e7uk malzemesi a\u015f\u0131nma ve \u0131s\u0131ya dayan\u0131kl\u0131, ya\u011f\/gaz ge\u00e7irmez \u00f6zelli\u011fe sahip olup, sorunsuz \u015fanz\u0131man ve uzun kullan\u0131m \u00f6mr\u00fc sa\u011flar.<\/li>\n<li>D\u00fc\u015f\u00fck g\u00fcr\u00fclt\u00fcl\u00fc \u00e7al\u0131\u015fma.<\/li>\n<li>Kau\u00e7uk komponentlerin h\u0131zl\u0131, kolay ve ekonomik de\u011fi\u015fimi.<\/li>\n<li>Radyal ve eksenel y\u00f6ndeki yanl\u0131\u015f hizalamay\u0131 telafi eder<\/li>\n<li>Sentetik kau\u00e7uk ara halka<\/li>\n<li>Tahrik ve tahrik edilen sistem aras\u0131ndaki \u015foku, titre\u015fimi ve g\u00fcr\u00fclt\u00fcy\u00fc azalt\u0131r<\/li>\n<li>Tahrik rezonans\u0131na ve \u015fok y\u00fcklerine kar\u015f\u0131 koruma sa\u011flar<\/li>\n<li>Kat\u0131 G\u00f6bek veya Bitmi\u015f Delik olarak mevcuttur<\/li>\n<\/ul>\n<p><img loading=\"lazy\" decoding=\"async\" class=\"wp-image-6415 aligncenter\" src=\"https:\/\/fmp-components.com\/wp-content\/uploads\/2025\/03\/nm-coupling.webp\" alt=\"MH Ba\u011flant\u0131s\u0131\" width=\"884\" height=\"663\" title=\"\" srcset=\"https:\/\/fmp-components.com\/wp-content\/uploads\/2025\/03\/nm-coupling.webp 480w, https:\/\/fmp-components.com\/wp-content\/uploads\/2025\/03\/nm-coupling-300x225.webp 300w, https:\/\/fmp-components.com\/wp-content\/uploads\/2025\/03\/nm-coupling-16x12.webp 16w\" sizes=\"(max-width: 884px) 100vw, 884px\" \/><\/p>","protected":false},"excerpt":{"rendered":"<p>Parameters of NM Couplings item NM Couplings Applicable Industries Hotels, Garment Shops, Building Material Shops, Manufacturing Plant, Machinery Repair Shops, Food &amp; Beverage Factory, Farms, Restaurant, Home Use, Retail, Food Shop, Printing Shops, Construction works\u00a0, Energy &amp; Mining, Food &amp; Beverage Shops, Other, Advertising Company Customized support OEM Structure Jaw Flexible or Rigid Flexible Standard [&hellip;]<\/p>","protected":false},"featured_media":6414,"comment_status":"open","ping_status":"closed","template":"","meta":{"_et_pb_use_builder":"","_et_pb_old_content":"","_et_gb_content_width":""},"product_brand":[],"product_cat":[101],"product_tag":[],"class_list":{"0":"post-6412","1":"product","2":"type-product","3":"status-publish","4":"has-post-thumbnail","6":"product_cat-coupling","8":"first","9":"instock","10":"shipping-taxable","11":"product-type-simple"},"_links":{"self":[{"href":"https:\/\/fmp-components.com\/tr\/wp-json\/wp\/v2\/product\/6412","targetHints":{"allow":["GET"]}}],"collection":[{"href":"https:\/\/fmp-components.com\/tr\/wp-json\/wp\/v2\/product"}],"about":[{"href":"https:\/\/fmp-components.com\/tr\/wp-json\/wp\/v2\/types\/product"}],"replies":[{"embeddable":true,"href":"https:\/\/fmp-components.com\/tr\/wp-json\/wp\/v2\/comments?post=6412"}],"wp:featuredmedia":[{"embeddable":true,"href":"https:\/\/fmp-components.com\/tr\/wp-json\/wp\/v2\/media\/6414"}],"wp:attachment":[{"href":"https:\/\/fmp-components.com\/tr\/wp-json\/wp\/v2\/media?parent=6412"}],"wp:term":[{"taxonomy":"product_brand","embeddable":true,"href":"https:\/\/fmp-components.com\/tr\/wp-json\/wp\/v2\/product_brand?post=6412"},{"taxonomy":"product_cat","embeddable":true,"href":"https:\/\/fmp-components.com\/tr\/wp-json\/wp\/v2\/product_cat?post=6412"},{"taxonomy":"product_tag","embeddable":true,"href":"https:\/\/fmp-components.com\/tr\/wp-json\/wp\/v2\/product_tag?post=6412"}],"curies":[{"name":"wp","href":"https:\/\/api.w.org\/{rel}","templated":true}]}}