{"id":6409,"date":"2025-03-10T05:58:14","date_gmt":"2025-03-10T05:58:14","guid":{"rendered":"https:\/\/fmp-components.com\/?post_type=product&#038;p=6409"},"modified":"2025-03-10T05:58:16","modified_gmt":"2025-03-10T05:58:16","slug":"rigid-couplings","status":"publish","type":"product","link":"https:\/\/fmp-components.com\/tr\/product\/rigid-couplings\/","title":{"rendered":"Sert Kaplinler"},"content":{"rendered":"<h2>Sert Kaplinlerin \u00d6zellikleri<\/h2>\n<p><img loading=\"lazy\" decoding=\"async\" class=\"alignnone size-full wp-image-6411\" src=\"https:\/\/fmp-components.com\/wp-content\/uploads\/2025\/03\/rigid-coupling-1.webp\" alt=\"sert ba\u011flant\u0131\" width=\"879\" height=\"698\" title=\"\" srcset=\"https:\/\/fmp-components.com\/wp-content\/uploads\/2025\/03\/rigid-coupling-1.webp 879w, https:\/\/fmp-components.com\/wp-content\/uploads\/2025\/03\/rigid-coupling-1-480x381.webp 480w\" sizes=\"(min-width: 0px) and (max-width: 480px) 480px, (min-width: 481px) 879px, 100vw\" \/><\/p>\n<h2>Sert Kaplinlerin \u00d6zellikleri<\/h2>\n<ul>\n<li>Hafif, ultra d\u00fc\u015f\u00fck atalet ve y\u00fcksek hassasiyet<\/li>\n<li>Bak\u0131m gerektirmez, s\u00fcper ya\u011f ve korozyon direnci<\/li>\n<li>Al\u00fcminyum ala\u015f\u0131m ve paslanmaz \u00e7elik malzemeler<\/li>\n<li>Ba\u011flant\u0131 c\u0131vatas\u0131 tipi, klips tipi ve ay\u0131rma tipi sa\u011flay\u0131n<\/li>\n<li>Her iki ucunda farkl\u0131 delik boyutlar\u0131na sahip modeller de stoklar\u0131m\u0131zda mevcuttur<\/li>\n<\/ul>\n<h2>Sert Kaplinlerin Avantajlar\u0131 ve Dezavantajlar\u0131<\/h2>\n<p><strong>Sert Kaplinlerin Avantajlar\u0131<\/strong><br \/>\nRijit kaplinler, basit tasar\u0131mlar\u0131, uygun maliyetleri ve b\u00fcy\u00fck torklar\u0131 iletme kabiliyetleri sayesinde \u015faftlar\u0131n y\u00fcksek rijitlik ve hassas hizalama g\u00f6sterdi\u011fi d\u00fc\u015f\u00fck h\u0131zl\u0131, darbesiz uygulamalarda yayg\u0131n olarak kullan\u0131l\u0131r. Yayg\u0131n bir \u00f6rnek:\u00a0<strong>flan\u015fl\u0131 ba\u011flant\u0131<\/strong>C\u0131vatalarla birbirine ba\u011flanan iki flan\u015fl\u0131 diskten olu\u015fan bir sistemdir. Her disk, kamal\u0131 bir ba\u011flant\u0131 arac\u0131l\u0131\u011f\u0131yla bir \u015fafta monte edilmi\u015ftir ve bu sayede iki \u015faft aras\u0131nda tork ve hareket iletimi sa\u011flan\u0131r.<\/p>\n<p>Flan\u015fl\u0131 kaplinlerin temel avantajlar\u0131 \u015funlard\u0131r:<\/p>\n<ol start=\"1\">\n<li><strong>Basitlik ve Uygun Fiyat<\/strong>: \u00dcretimi, montaj\u0131 ve bak\u0131m\u0131 kolayd\u0131r, \u00fcretim maliyetleri d\u00fc\u015f\u00fckt\u00fcr.<\/li>\n<li><strong>Y\u00fcksek Tork Kapasitesi<\/strong>: \u00d6nemli torku g\u00fcvenilir bir \u015fekilde iletebilme yetene\u011fine sahiptir.<\/li>\n<li><strong>Hassas Hizalama<\/strong>: \u015eaft hizalamas\u0131n\u0131n do\u011frulu\u011funu garanti alt\u0131na alarak y\u00fcksek h\u0131zl\u0131 uygulamalar veya s\u0131k\u0131 \u015fanz\u0131man hassasiyeti gerektiren sistemler i\u00e7in idealdir.<\/li>\n<li><strong>Dayan\u0131kl\u0131l\u0131k<\/strong>: Sa\u011flam yap\u0131s\u0131, sabit y\u00fck ko\u015fullar\u0131nda a\u015f\u0131nmay\u0131 en aza indirir.<\/li>\n<\/ol>\n<p>Ancak rijit kaplinlerde radyal, eksenel veya a\u00e7\u0131sal dengeleme yoktur. \u015eaft hizalamas\u0131 \u00e7al\u0131\u015fma s\u0131ras\u0131nda kusurluysa, verim d\u00fc\u015f\u00fckl\u00fc\u011f\u00fcne, a\u015f\u0131nman\u0131n h\u0131zlanmas\u0131na, titre\u015fimin artmas\u0131na ve g\u00fcr\u00fclt\u00fcye yol a\u00e7abilir. Tork taleplerini kar\u015f\u0131lamak i\u00e7in, flan\u015fl\u0131 kaplinlerde ba\u011flant\u0131lar\u0131n tamam\u0131 veya yar\u0131s\u0131 i\u00e7in delikli c\u0131vatalar kullan\u0131labilir; kalan c\u0131vatalar standartt\u0131r.<\/p>\n<p><strong>Sert Kaplinlerin Dezavantajlar\u0131<\/strong><br \/>\nFlan\u015fl\u0131 kaplinler gibi rijit kaplinlerin temel dezavantaj\u0131,\u00a0<strong>hassas \u015faft hizalamas\u0131 i\u00e7in s\u0131k\u0131 gereklilik<\/strong>\u015eaftlar aras\u0131ndaki herhangi bir ba\u011f\u0131l yer de\u011fi\u015ftirme, ba\u011fl\u0131 bile\u015fenler \u00fczerinde ek stres olu\u015fturarak \u00e7al\u0131\u015fma ko\u015fullar\u0131n\u0131 k\u00f6t\u00fcle\u015ftirir. Bu s\u0131n\u0131rlama, \u015faftlar\u0131 potansiyel hizalama hatalar\u0131, dinamik y\u00fckler veya darbe emme ihtiya\u00e7lar\u0131 olan sistemler i\u00e7in uygunsuz hale getirir.<\/p>\n<p>\u00d6zetle, rijit kaplinler iyi hizalanm\u0131\u015f miller i\u00e7in basitlik ve tork iletimi a\u00e7\u0131s\u0131ndan \u00fcst\u00fcnl\u00fck sa\u011flarken, hizalama hatalar\u0131n\u0131 telafi edememeleri daha dinamik veya esnek sistemlerde kullan\u0131mlar\u0131n\u0131 k\u0131s\u0131tlamaktad\u0131r.<\/p>\n<p>&nbsp;<\/p>","protected":false},"excerpt":{"rendered":"<p>Specifications of Rigid Couplings Rigid Couplings Features Lightweight, ultra-low inertia, and high sensitivity Maintenance-free, super oil and corrosion resistance Aluminum alloy and stainless steel materials Provide fastening bolt type, clip type and separation type Models with different hole sizes at both ends are also available in stock Advantages and Disadvantages of Rigid Couplings Advantages of [&hellip;]<\/p>","protected":false},"featured_media":6410,"comment_status":"open","ping_status":"closed","template":"","meta":{"_et_pb_use_builder":"","_et_pb_old_content":"","_et_gb_content_width":""},"product_brand":[],"product_cat":[101],"product_tag":[],"class_list":{"0":"post-6409","1":"product","2":"type-product","3":"status-publish","4":"has-post-thumbnail","6":"product_cat-coupling","8":"first","9":"instock","10":"shipping-taxable","11":"product-type-simple"},"_links":{"self":[{"href":"https:\/\/fmp-components.com\/tr\/wp-json\/wp\/v2\/product\/6409","targetHints":{"allow":["GET"]}}],"collection":[{"href":"https:\/\/fmp-components.com\/tr\/wp-json\/wp\/v2\/product"}],"about":[{"href":"https:\/\/fmp-components.com\/tr\/wp-json\/wp\/v2\/types\/product"}],"replies":[{"embeddable":true,"href":"https:\/\/fmp-components.com\/tr\/wp-json\/wp\/v2\/comments?post=6409"}],"wp:featuredmedia":[{"embeddable":true,"href":"https:\/\/fmp-components.com\/tr\/wp-json\/wp\/v2\/media\/6410"}],"wp:attachment":[{"href":"https:\/\/fmp-components.com\/tr\/wp-json\/wp\/v2\/media?parent=6409"}],"wp:term":[{"taxonomy":"product_brand","embeddable":true,"href":"https:\/\/fmp-components.com\/tr\/wp-json\/wp\/v2\/product_brand?post=6409"},{"taxonomy":"product_cat","embeddable":true,"href":"https:\/\/fmp-components.com\/tr\/wp-json\/wp\/v2\/product_cat?post=6409"},{"taxonomy":"product_tag","embeddable":true,"href":"https:\/\/fmp-components.com\/tr\/wp-json\/wp\/v2\/product_tag?post=6409"}],"curies":[{"name":"wp","href":"https:\/\/api.w.org\/{rel}","templated":true}]}}