{"id":6402,"date":"2025-03-10T05:41:33","date_gmt":"2025-03-10T05:41:33","guid":{"rendered":"https:\/\/fmp-components.com\/?post_type=product&#038;p=6402"},"modified":"2025-03-10T05:41:33","modified_gmt":"2025-03-10T05:41:33","slug":"mh-couplings","status":"publish","type":"product","link":"https:\/\/fmp-components.com\/tr\/product\/mh-couplings\/","title":{"rendered":"MH Kaplinleri"},"content":{"rendered":"<p>MH serisi, iki benzer d\u00f6kme demir g\u00f6vdeye sahip sentetik kau\u00e7uktan \u00fcretilmi\u015f esnek bir ba\u011flant\u0131 eleman\u0131d\u0131r. Y\u00fcksek kaliteli d\u00f6kme demir flan\u015flar, g\u00fc\u00e7 aktar\u0131m\u0131nda kullan\u0131l\u0131r ve esnek kau\u00e7u\u011fu korur. Elastik kau\u00e7u\u011fu, m\u00fckemmel dayan\u0131kl\u0131l\u0131k ve kaliteli ba\u011flant\u0131 performans\u0131 sa\u011flar. MH ba\u011flant\u0131 eleman\u0131, \u00e7e\u015fitli \u015faft hizalama hatalar\u0131n\u0131 telafi edebilen iki flan\u015f ve elastik halkadan olu\u015fur. Elastik halka sentetik kau\u00e7uktan \u00fcretilmi\u015ftir ve ba\u011flant\u0131 eleman\u0131n\u0131n g\u00fcvenilirli\u011fini ve maksimum \u00e7al\u0131\u015fma h\u0131z\u0131n\u0131 art\u0131rmak i\u00e7in i\u00e7 k\u0131s\u0131mda \u00e7elik bir \u00e7ekirdekle g\u00fc\u00e7lendirilmi\u015ftir. Kau\u00e7u\u011fun s\u00f6n\u00fcmleme \u00f6zellikleri, burulma titre\u015fimlerini emip bast\u0131rabilir ve -40 ila +100\u00b0C s\u0131cakl\u0131k aral\u0131\u011f\u0131nda etkili bir \u015fekilde \u00e7al\u0131\u015fabilir. Ayr\u0131ca kau\u00e7uk, ya\u011f, kir, gres, nem, ozona ve bir\u00e7ok kimyasal \u00e7\u00f6z\u00fcc\u00fcye kar\u015f\u0131 dayan\u0131kl\u0131d\u0131r.<\/p>\n<h2>MH Kaplinlerinin \u0130n\u015fas\u0131<\/h2>\n<p><img loading=\"lazy\" decoding=\"async\" class=\"size-full wp-image-6405 aligncenter\" src=\"https:\/\/fmp-components.com\/wp-content\/uploads\/2025\/03\/mh-couplings-1.webp\" alt=\"MH ba\u011flant\u0131s\u0131\" width=\"600\" height=\"400\" title=\"\" srcset=\"https:\/\/fmp-components.com\/wp-content\/uploads\/2025\/03\/mh-couplings-1.webp 600w, https:\/\/fmp-components.com\/wp-content\/uploads\/2025\/03\/mh-couplings-1-480x320.webp 480w\" sizes=\"(min-width: 0px) and (max-width: 480px) 480px, (min-width: 481px) 600px, 100vw\" \/> \u00a0<img loading=\"lazy\" decoding=\"async\" class=\"size-full wp-image-6407 aligncenter\" src=\"https:\/\/fmp-components.com\/wp-content\/uploads\/2025\/03\/k3gaks3a-mh-coupling-2.webp\" alt=\"MH ba\u011flant\u0131s\u0131\" width=\"686\" height=\"429\" title=\"\" srcset=\"https:\/\/fmp-components.com\/wp-content\/uploads\/2025\/03\/k3gaks3a-mh-coupling-2.webp 686w, https:\/\/fmp-components.com\/wp-content\/uploads\/2025\/03\/k3gaks3a-mh-coupling-2-480x300.webp 480w\" sizes=\"(min-width: 0px) and (max-width: 480px) 480px, (min-width: 481px) 686px, 100vw\" \/><\/p>\n<h2>MH Ba\u011flant\u0131 \u00d6zellikleri<\/h2>\n<p><img loading=\"lazy\" decoding=\"async\" class=\"alignnone size-full wp-image-6395\" src=\"https:\/\/fmp-components.com\/wp-content\/uploads\/2025\/03\/mh-coupling-1.webp\" alt=\"MH ba\u011flant\u0131s\u0131\" width=\"867\" height=\"567\" title=\"\" srcset=\"https:\/\/fmp-components.com\/wp-content\/uploads\/2025\/03\/mh-coupling-1.webp 867w, https:\/\/fmp-components.com\/wp-content\/uploads\/2025\/03\/mh-coupling-1-480x314.webp 480w\" sizes=\"(min-width: 0px) and (max-width: 480px) 480px, (min-width: 481px) 867px, 100vw\" \/><\/p>\n<h3>MH Kaplinlerinin Uygulamalar\u0131<\/h3>\n<p>MH kaplinler, \u00f6zel tasar\u0131mlar\u0131na ve sekt\u00f6rel ba\u011flamlar\u0131na ba\u011fl\u0131 olarak, her biri farkl\u0131 uygulamalara sahip \u00e7e\u015fitli kaplin tiplerini ifade edebilir. A\u015fa\u011f\u0131da, yayg\u0131n yorumlara dayal\u0131 olarak olas\u0131 uygulamalara ili\u015fkin yap\u0131land\u0131r\u0131lm\u0131\u015f bir genel bak\u0131\u015f yer almaktad\u0131r:<\/p>\n<h4>Genel End\u00fcstriyel Makineler<\/h4>\n<ul>\n<li>Pompalar ve Kompres\u00f6rler: Motorlar\u0131 millere ba\u011flayarak hizalama hatalar\u0131n\u0131 giderir ve titre\u015fim iletimini azalt\u0131r.<\/li>\n<li>Konvey\u00f6r Sistemleri: Tahrik motorlar\u0131n\u0131 konvey\u00f6rlere ba\u011flayarak, operasyonel a\u015f\u0131nmadan kaynaklanan hizalama kaymalar\u0131n\u0131 \u00f6nleyin.<\/li>\n<li>Fanlar ve \u00dcfleyiciler: HVAC sistemlerinde titre\u015fimleri s\u00f6n\u00fcmler ve termal genle\u015fmeyi y\u00f6netir.<\/li>\n<\/ul>\n<h4>Hassas Hareket Kontrol\u00fc<\/h4>\n<ul>\n<li>Robotik: Y\u00fcksek hassasiyetli k\u00f6r\u00fckler veya helezoni kaplinler (\u00f6rne\u011fin, R+W MH serisi) servo tahrikli eklemlerde s\u0131f\u0131r bo\u015fluk sa\u011flar.<\/li>\n<li>CNC Tezgahlar\u0131: Motorlardan gelen hassas hareketi mil veya vidalara iletir.<\/li>\n<li>Yar\u0131 \u0130letken \u00dcretimi: Temiz oda ekipmanlar\u0131nda hassas konumland\u0131rma i\u00e7in kullan\u0131l\u0131r.<\/li>\n<\/ul>\n<h4>Hidrolik ve Ak\u0131\u015fkan Sistemleri<\/h4>\n<ul>\n<li>H\u0131zl\u0131 Ba\u011flant\u0131 Kaplinleri: Hidrolik makinelerde (in\u015faat, tar\u0131m) h\u0131zl\u0131, s\u0131zd\u0131rmaz ba\u011flant\u0131lara olanak sa\u011flar.<\/li>\n<li>Kimyasal Tesisler: Metal hortum ba\u011flant\u0131lar\u0131 a\u015f\u0131nd\u0131r\u0131c\u0131 s\u0131v\u0131lar\u0131 ve y\u00fcksek s\u0131cakl\u0131klar\u0131 ta\u015f\u0131r.<\/li>\n<\/ul>\n<h4>Y\u00fcksek S\u0131cakl\u0131k\/A\u015f\u0131nd\u0131r\u0131c\u0131 Ortamlar<\/h4>\n<ul>\n<li>Egzoz Sistemleri: Is\u0131ya dayan\u0131kl\u0131 metal hortum ba\u011flant\u0131 par\u00e7alar\u0131n\u0131n kullan\u0131ld\u0131\u011f\u0131 otomotiv\/denizcilik uygulamalar\u0131.<\/li>\n<li>Petrol ve Gaz: Boru hatlar\u0131nda termal genle\u015fme ve titre\u015fimi y\u00f6netmek i\u00e7in esnek kaplinler.<\/li>\n<\/ul>\n<h4>Deniz ve A\u00e7\u0131k Deniz<\/h4>\n<ul>\n<li>Tahrik Sistemleri: G\u00f6vdenin esnemesinden kaynaklanan \u015faft hizalama hatalar\u0131n\u0131 telafi eder.<\/li>\n<li>G\u00fcverte Makineleri: Dinamik y\u00fcklere maruz kalan vin\u00e7\/vin\u00e7lerdeki tahrikleri ba\u011flay\u0131n.<\/li>\n<\/ul>\n<h4>Yenilenebilir Enerji<\/h4>\n<ul>\n<li><strong>R\u00fczgar T\u00fcrbinleri<\/strong>: De\u011fi\u015fken y\u00fckleri ve hizalama hatalar\u0131n\u0131 idare eden di\u015fli kutular\u0131 ve jenerat\u00f6rler aras\u0131ndaki kaplinler.<\/li>\n<\/ul>\n<p><img loading=\"lazy\" decoding=\"async\" class=\"wp-image-6406 aligncenter\" src=\"https:\/\/fmp-components.com\/wp-content\/uploads\/2025\/03\/mh-couplings-2.webp\" alt=\"MH ba\u011flant\u0131s\u0131\" width=\"652\" height=\"652\" title=\"\" srcset=\"https:\/\/fmp-components.com\/wp-content\/uploads\/2025\/03\/mh-couplings-2.webp 652w, https:\/\/fmp-components.com\/wp-content\/uploads\/2025\/03\/mh-couplings-2-480x480.webp 480w\" sizes=\"(min-width: 0px) and (max-width: 480px) 480px, (min-width: 481px) 652px, 100vw\" \/><\/p>","protected":false},"excerpt":{"rendered":"<p>The MH series is a flexible coupling device constructed of synthetic rubber with two similar cast iron bodies. The high-quality cast iron flanges are mainly used for power transmission and protect the flexible rubber. Its elastic rubber provides excellent durability and quality coupling performance. The MH coupling consists of two flanges and elastic rings, which [&hellip;]<\/p>","protected":false},"featured_media":6404,"comment_status":"open","ping_status":"closed","template":"","meta":{"_et_pb_use_builder":"","_et_pb_old_content":"","_et_gb_content_width":""},"product_brand":[],"product_cat":[101],"product_tag":[],"class_list":{"0":"post-6402","1":"product","2":"type-product","3":"status-publish","4":"has-post-thumbnail","6":"product_cat-coupling","8":"first","9":"instock","10":"shipping-taxable","11":"product-type-simple"},"_links":{"self":[{"href":"https:\/\/fmp-components.com\/tr\/wp-json\/wp\/v2\/product\/6402","targetHints":{"allow":["GET"]}}],"collection":[{"href":"https:\/\/fmp-components.com\/tr\/wp-json\/wp\/v2\/product"}],"about":[{"href":"https:\/\/fmp-components.com\/tr\/wp-json\/wp\/v2\/types\/product"}],"replies":[{"embeddable":true,"href":"https:\/\/fmp-components.com\/tr\/wp-json\/wp\/v2\/comments?post=6402"}],"wp:featuredmedia":[{"embeddable":true,"href":"https:\/\/fmp-components.com\/tr\/wp-json\/wp\/v2\/media\/6404"}],"wp:attachment":[{"href":"https:\/\/fmp-components.com\/tr\/wp-json\/wp\/v2\/media?parent=6402"}],"wp:term":[{"taxonomy":"product_brand","embeddable":true,"href":"https:\/\/fmp-components.com\/tr\/wp-json\/wp\/v2\/product_brand?post=6402"},{"taxonomy":"product_cat","embeddable":true,"href":"https:\/\/fmp-components.com\/tr\/wp-json\/wp\/v2\/product_cat?post=6402"},{"taxonomy":"product_tag","embeddable":true,"href":"https:\/\/fmp-components.com\/tr\/wp-json\/wp\/v2\/product_tag?post=6402"}],"curies":[{"name":"wp","href":"https:\/\/api.w.org\/{rel}","templated":true}]}}