{"id":6394,"date":"2025-03-10T05:33:12","date_gmt":"2025-03-10T05:33:12","guid":{"rendered":"https:\/\/fmp-components.com\/?post_type=product&#038;p=6394"},"modified":"2025-03-10T05:57:43","modified_gmt":"2025-03-10T05:57:43","slug":"pin-couplings","status":"publish","type":"product","link":"https:\/\/fmp-components.com\/tr\/product\/pin-couplings\/","title":{"rendered":"PIN Ba\u011flant\u0131lar\u0131"},"content":{"rendered":"<p>Bur\u00e7lu pimli kaplinlerde, elastik elemanlar aras\u0131nda bir ara halka bulunur. Bu halka, y\u00fczer yap\u0131dad\u0131r ve bir pimle hizalanm\u0131\u015f u\u00e7 diske ba\u011flan\u0131r. Kaplin, pim \u00fczerine monte edilmi\u015f elastik eleman arac\u0131l\u0131\u011f\u0131yla kaplinin di\u011fer yar\u0131s\u0131na iletilir; pim ve kaplinin di\u011fer yar\u0131s\u0131 ise rijit olmayan bir \u015fekilde ba\u011flanm\u0131\u015ft\u0131r, bu da yanal kuvvetleri sorunsuz bir \u015fekilde y\u00fckleyebilir ve \u00f6nemli \u00f6l\u00e7\u00fcde azaltabilir.<\/p>\n<p>Bu kaplinin avantaj\u0131, hafif hizas\u0131z \u015faftlarla kolayca uyum sa\u011flamas\u0131 ve titre\u015fimleri ve \u015foklar\u0131 emmeye yard\u0131mc\u0131 olmak i\u00e7in belirli bir esneklik sa\u011flamas\u0131d\u0131r. Bu kaplin, \u00f6zellikle eksenel, radyal veya a\u00e7\u0131sal hizas\u0131zl\u0131\u011f\u0131n oldu\u011fu durumlar i\u00e7in uygundur ve esnek bir kaplin cihaz\u0131d\u0131r.<\/p>\n<h2>Pim Ba\u011flant\u0131lar\u0131n\u0131n Boyutlar\u0131<\/h2>\n<p><img loading=\"lazy\" decoding=\"async\" class=\"alignnone size-full wp-image-6401\" src=\"https:\/\/fmp-components.com\/wp-content\/uploads\/2025\/03\/pin-coupling-specification.webp\" alt=\"pim-kaplin-spesifikasyonu\" width=\"873\" height=\"687\" title=\"\" srcset=\"https:\/\/fmp-components.com\/wp-content\/uploads\/2025\/03\/pin-coupling-specification.webp 873w, https:\/\/fmp-components.com\/wp-content\/uploads\/2025\/03\/pin-coupling-specification-480x378.webp 480w\" sizes=\"(min-width: 0px) and (max-width: 480px) 480px, (min-width: 481px) 873px, 100vw\" \/><\/p>\n<h3>Pim Kaplinlerinin \u00d6zellikleri<\/h3>\n<p>1. Maliyet Etkin ve Kullan\u0131c\u0131 Dostu Tasar\u0131m<\/p>\n<ul>\n<li>D\u00fc\u015f\u00fck Maliyet: Miller aras\u0131 tork iletimi i\u00e7in ekonomik \u00e7\u00f6z\u00fcm.<\/li>\n<li>Basit Montaj: Kolayla\u015ft\u0131r\u0131lm\u0131\u015f kurulum s\u00fcreci, aksama s\u00fcresini en aza indirir.<\/li>\n<li>Malzeme \u00c7e\u015fitlili\u011fi: Genellikle metal veya kau\u00e7uktan \u00fcretilir, ancak geli\u015fmi\u015f birle\u015fim dayan\u0131kl\u0131l\u0131\u011f\u0131 i\u00e7in \u00f6zel \u00e7e\u015fitleri mevcuttur.<\/li>\n<\/ul>\n<p>2. Mekanik Avantajlar<\/p>\n<ul>\n<li>Hatal\u0131 Hizalama Tolerans\u0131: A\u00e7\u0131sal, paralel ve eksenel \u015faft hatalar\u0131n\u0131 kar\u015f\u0131layarak ba\u011fl\u0131 ekipmanlardaki stresi azalt\u0131r.<\/li>\n<li>Kuvvet Direnci: B\u00fcy\u00fck kuvvetleri desteklemek i\u00e7in temas y\u00fczeylerindeki s\u00fcrt\u00fcnmeden yararlan\u0131r, titre\u015fimleri etkili bir \u015fekilde azalt\u0131r ve makine \u00f6mr\u00fcn\u00fc uzat\u0131r.<\/li>\n<\/ul>\n<p>3. Teknik Tasar\u0131m Hususlar\u0131<\/p>\n<ul>\n<li>\u00dc\u00e7 Pimli Ba\u011flant\u0131 Optimizasyonu:\n<ul>\n<li>S\u00fcrt\u00fcnme Y\u00f6netimi: Aray\u00fcz d\u00fczlemi daha y\u00fcksek s\u00fcrt\u00fcnme i\u00e7in tasarlanm\u0131\u015ft\u0131r, pim kenarlar\u0131 ise asimetrik b\u00fck\u00fclmeyi \u00f6nlemek i\u00e7in d\u00fc\u015f\u00fck s\u00fcrt\u00fcnmeyi korur.<\/li>\n<li>\u00c7ukurlu S\u00fcrt\u00fcnme Plakalar\u0131: S\u00fcrt\u00fcnme \u00f6zelliklerini ve tork iletim verimlili\u011fini art\u0131rmak i\u00e7in iste\u011fe ba\u011fl\u0131 \u00f6zellik.<\/li>\n<\/ul>\n<\/li>\n<li>\u00d6n Y\u00fckleme Hassasiyeti: G\u00fcvenli pim-aray\u00fcz temas\u0131 ve optimum performans sa\u011flamak i\u00e7in c\u0131vatalar son y\u00fck\u00fcn en az 10%'si oran\u0131nda s\u0131k\u0131lmal\u0131d\u0131r.<\/li>\n<\/ul>\n<p>4. Ar\u0131zaya Kar\u015f\u0131 G\u00fcvenli ve Koruyucu Rol<\/p>\n<ul>\n<li>A\u015f\u0131r\u0131 y\u00fck ko\u015fullar\u0131nda mekanik bir koruma g\u00f6revi g\u00f6rerek \u015fok y\u00fcklerini emer ve kritik bile\u015fenlerin hasar g\u00f6rmesini \u00f6nler.<\/li>\n<\/ul>\n<p>5. \u00d6zelle\u015ftirme ve Uyarlanabilirlik<\/p>\n<ul>\n<li>\u00d6zel Konfig\u00fcrasyonlar: Y\u00fcksek tork veya a\u015f\u0131nd\u0131r\u0131c\u0131 ortamlar gibi belirli operasyonel talepleri kar\u015f\u0131lamak i\u00e7in \u00f6zel tasar\u0131mlarda mevcuttur.<\/li>\n<\/ul>\n<p>Pimli kaplinler, basitlik, dayan\u0131kl\u0131l\u0131k ve uyarlanabilirlik aras\u0131nda pratik bir denge sunarak, dahili hizalama ve titre\u015fim y\u00f6netimi ile uygun maliyetli tork iletimi gerektiren sistemler i\u00e7in idealdir.<\/p>","protected":false},"excerpt":{"rendered":"<p>In the bushing pin coupling, there is an intermediate ring between the elastic elements. This ring is floating and connected to the end disc aligned by a pin. The coupling is transmitted to the other half of the coupling via the elastic element mounted on the pin, while the pin and the half of the [&hellip;]<\/p>","protected":false},"featured_media":6396,"comment_status":"open","ping_status":"closed","template":"","meta":{"_et_pb_use_builder":"","_et_pb_old_content":"","_et_gb_content_width":""},"product_brand":[],"product_cat":[101],"product_tag":[],"class_list":{"0":"post-6394","1":"product","2":"type-product","3":"status-publish","4":"has-post-thumbnail","6":"product_cat-coupling","8":"first","9":"instock","10":"shipping-taxable","11":"product-type-simple"},"_links":{"self":[{"href":"https:\/\/fmp-components.com\/tr\/wp-json\/wp\/v2\/product\/6394","targetHints":{"allow":["GET"]}}],"collection":[{"href":"https:\/\/fmp-components.com\/tr\/wp-json\/wp\/v2\/product"}],"about":[{"href":"https:\/\/fmp-components.com\/tr\/wp-json\/wp\/v2\/types\/product"}],"replies":[{"embeddable":true,"href":"https:\/\/fmp-components.com\/tr\/wp-json\/wp\/v2\/comments?post=6394"}],"wp:featuredmedia":[{"embeddable":true,"href":"https:\/\/fmp-components.com\/tr\/wp-json\/wp\/v2\/media\/6396"}],"wp:attachment":[{"href":"https:\/\/fmp-components.com\/tr\/wp-json\/wp\/v2\/media?parent=6394"}],"wp:term":[{"taxonomy":"product_brand","embeddable":true,"href":"https:\/\/fmp-components.com\/tr\/wp-json\/wp\/v2\/product_brand?post=6394"},{"taxonomy":"product_cat","embeddable":true,"href":"https:\/\/fmp-components.com\/tr\/wp-json\/wp\/v2\/product_cat?post=6394"},{"taxonomy":"product_tag","embeddable":true,"href":"https:\/\/fmp-components.com\/tr\/wp-json\/wp\/v2\/product_tag?post=6394"}],"curies":[{"name":"wp","href":"https:\/\/api.w.org\/{rel}","templated":true}]}}