{"id":6379,"date":"2025-03-10T03:30:21","date_gmt":"2025-03-10T03:30:21","guid":{"rendered":"https:\/\/fmp-components.com\/?post_type=product&#038;p=6379"},"modified":"2025-03-10T03:37:25","modified_gmt":"2025-03-10T03:37:25","slug":"chain-couplings","status":"publish","type":"product","link":"https:\/\/fmp-components.com\/tr\/product\/chain-couplings\/","title":{"rendered":"Zincir Ba\u011flant\u0131lar\u0131"},"content":{"rendered":"<p>Zincir kaplin, \u00e7ift makaral\u0131 bir zincir ve iki di\u015fliden olu\u015fur. Zincir mafsal\u0131, kaplini ba\u011flamak veya s\u00f6kmek i\u00e7in kullan\u0131l\u0131r, bu da onu basit ve kolay kullan\u0131ml\u0131 hale getirir. Zincir kaplinler k\u00fc\u00e7\u00fck ama \u00e7ok g\u00fc\u00e7l\u00fcd\u00fcr ve uzun \u00f6m\u00fcrl\u00fc olacak \u015fekilde \u00fcretilmi\u015ftir. G\u00fcvenlidirler ve verimli \u00e7al\u0131\u015f\u0131rlar. Kolayca monte edilip hizalanabilen \u00f6zellikleri sayesinde kurulum veya onar\u0131m s\u0131ras\u0131nda zamandan ve emekten tasarruf sa\u011flarlar.<\/p>\n<p>G\u00fc\u00e7l\u00fc tasar\u0131mlar\u0131 ve esneklikleri sayesinde zincir kaplinler, makineler, konvey\u00f6r bantlar\u0131 ve di\u011fer mekanik ekipmanlar gibi bir\u00e7ok alanda kullan\u0131labilir. K\u00fc\u00e7\u00fck hizalama hatalar\u0131n\u0131 giderirken torku (bir d\u00f6nme kuvveti) aktarmada m\u00fckemmeldirler ve bu da onlar\u0131 bir\u00e7ok i\u015f i\u00e7in g\u00fcvenilir ve kullan\u0131\u015fl\u0131 bir se\u00e7enek haline getirir.<\/p>\n<h2>Zincir Ba\u011flant\u0131lar\u0131n\u0131n Parametreleri<\/h2>\n<p><img loading=\"lazy\" decoding=\"async\" class=\"size-full wp-image-6383 aligncenter\" src=\"https:\/\/fmp-components.com\/wp-content\/uploads\/2025\/03\/chain-couplings.webp\" alt=\"zincir ba\u011flant\u0131 eleman\u0131\" width=\"330\" height=\"327\" title=\"\" srcset=\"https:\/\/fmp-components.com\/wp-content\/uploads\/2025\/03\/chain-couplings.webp 330w, https:\/\/fmp-components.com\/wp-content\/uploads\/2025\/03\/chain-couplings-300x297.webp 300w, https:\/\/fmp-components.com\/wp-content\/uploads\/2025\/03\/chain-couplings-150x150.webp 150w, https:\/\/fmp-components.com\/wp-content\/uploads\/2025\/03\/chain-couplings-12x12.webp 12w, https:\/\/fmp-components.com\/wp-content\/uploads\/2025\/03\/chain-couplings-100x100.webp 100w\" sizes=\"(max-width: 330px) 100vw, 330px\" \/><\/p>\n<table style=\"width: 103.224%; height: 723px;\" border=\"1\">\n<tbody>\n<tr>\n<td rowspan=\"4\" width=\"86\"><strong>Zincir Ba\u011flant\u0131s\u0131 No.<\/strong><\/td>\n<td rowspan=\"4\" width=\"58\"><strong>Zincir No.<\/strong><\/td>\n<td colspan=\"2\" width=\"68\"><strong>Delik \u00c7ap\u0131<\/strong><\/td>\n<td colspan=\"6\" width=\"204\"><strong>Boyut<\/strong><\/td>\n<td width=\"60\"><strong>Atalet<\/strong><\/td>\n<td width=\"48\"><strong>Yakla\u015f\u0131k A\u011f\u0131rl\u0131k<\/strong><\/td>\n<td colspan=\"3\" width=\"157\"><strong>Muhafaza<\/strong><\/td>\n<\/tr>\n<tr>\n<td rowspan=\"2\" width=\"34\"><strong>Dakika<\/strong><\/td>\n<td rowspan=\"2\" width=\"34\"><strong>Maksimum<\/strong><\/td>\n<td rowspan=\"2\" width=\"34\"><strong>L<\/strong><\/td>\n<td rowspan=\"2\" width=\"34\"><strong>BEN<\/strong><\/td>\n<td rowspan=\"2\" width=\"34\"><strong>S<\/strong><\/td>\n<td rowspan=\"2\" width=\"34\"><strong>D<sub>1<\/sub><\/strong><\/td>\n<td rowspan=\"2\" width=\"34\"><strong>D<sub>2<\/sub><\/strong><\/td>\n<td rowspan=\"2\" width=\"34\"><strong>C<\/strong><\/td>\n<td rowspan=\"2\" width=\"60\"><strong>\u00d710<sup>-3<\/sup><\/strong><\/td>\n<td rowspan=\"2\" width=\"48\"><\/td>\n<td colspan=\"2\" width=\"79\"><strong>Boyut<\/strong><\/td>\n<td rowspan=\"2\" width=\"78\"><strong>Yakla\u015f\u0131k A\u011f\u0131rl\u0131k<\/strong><\/td>\n<\/tr>\n<tr>\n<td width=\"39\"><strong>A<\/strong><\/td>\n<td width=\"40\"><strong>B<\/strong><\/td>\n<\/tr>\n<tr>\n<td width=\"34\"><strong>mm<\/strong><\/td>\n<td width=\"34\"><strong>mm<\/strong><\/td>\n<td width=\"34\"><strong>mm<\/strong><\/td>\n<td width=\"34\"><strong>mm<\/strong><\/td>\n<td width=\"34\"><strong>mm<\/strong><\/td>\n<td width=\"34\"><strong>mm<\/strong><\/td>\n<td width=\"34\"><strong>mm<\/strong><\/td>\n<td width=\"34\"><strong>mm<\/strong><\/td>\n<td width=\"60\"><strong>kgf\u00b7m2<\/strong><\/td>\n<td width=\"48\"><strong>kilogram<\/strong><\/td>\n<td width=\"39\"><strong>mm<\/strong><\/td>\n<td width=\"40\"><strong>mm<\/strong><\/td>\n<td width=\"78\"><strong>kilogram<\/strong><\/td>\n<\/tr>\n<tr>\n<td width=\"86\">3012<\/td>\n<td width=\"58\">06B-2X12<\/td>\n<td width=\"34\">12<\/td>\n<td width=\"34\">16<\/td>\n<td width=\"34\">64.8<\/td>\n<td width=\"34\">29.8<\/td>\n<td width=\"34\">5.2<\/td>\n<td width=\"34\">25<\/td>\n<td width=\"34\">45<\/td>\n<td width=\"34\">10.2<\/td>\n<td width=\"60\">0.233<\/td>\n<td width=\"48\">0.4<\/td>\n<td width=\"39\">69<\/td>\n<td width=\"40\">63<\/td>\n<td width=\"78\">0.3<\/td>\n<\/tr>\n<tr>\n<td width=\"86\">4012<\/td>\n<td width=\"58\">40-2X12<\/td>\n<td width=\"34\">12<\/td>\n<td width=\"34\">22<\/td>\n<td width=\"34\">79.4<\/td>\n<td width=\"34\">36.0<\/td>\n<td width=\"34\">7.4<\/td>\n<td width=\"34\">35<\/td>\n<td width=\"34\">61<\/td>\n<td width=\"34\">14.4<\/td>\n<td width=\"60\">1.020<\/td>\n<td width=\"48\">0.8<\/td>\n<td width=\"39\">77<\/td>\n<td width=\"40\">72<\/td>\n<td width=\"78\">0.3<\/td>\n<\/tr>\n<tr>\n<td width=\"86\">4014<\/td>\n<td width=\"58\">40-2X14<\/td>\n<td width=\"34\">12<\/td>\n<td width=\"34\">28<\/td>\n<td width=\"34\">79.4<\/td>\n<td width=\"34\">36.0<\/td>\n<td width=\"34\">7.4<\/td>\n<td width=\"34\">43<\/td>\n<td width=\"34\">69<\/td>\n<td width=\"34\">14.4<\/td>\n<td width=\"60\">1.924<\/td>\n<td width=\"48\">1.1<\/td>\n<td width=\"39\">84<\/td>\n<td width=\"40\">75<\/td>\n<td width=\"78\">0.4<\/td>\n<\/tr>\n<tr>\n<td width=\"86\">4016<\/td>\n<td width=\"58\">40-2X16<\/td>\n<td width=\"34\">14<\/td>\n<td width=\"34\">32<\/td>\n<td width=\"34\">87.4<\/td>\n<td width=\"34\">40.0<\/td>\n<td width=\"34\">7.4<\/td>\n<td width=\"34\">50<\/td>\n<td width=\"34\">77<\/td>\n<td width=\"34\">14.4<\/td>\n<td width=\"60\">3.285<\/td>\n<td width=\"48\">1.4<\/td>\n<td width=\"39\">92<\/td>\n<td width=\"40\">75<\/td>\n<td width=\"78\">0.4<\/td>\n<\/tr>\n<tr>\n<td width=\"86\">5014<\/td>\n<td width=\"58\">50-2X14<\/td>\n<td width=\"34\">16<\/td>\n<td width=\"34\">35<\/td>\n<td width=\"34\">99.7<\/td>\n<td width=\"34\">45.0<\/td>\n<td width=\"34\">9.7<\/td>\n<td width=\"34\">53<\/td>\n<td width=\"34\">86<\/td>\n<td width=\"34\">18.1<\/td>\n<td width=\"60\">6.010<\/td>\n<td width=\"48\">2.2<\/td>\n<td width=\"39\">101<\/td>\n<td width=\"40\">85<\/td>\n<td width=\"78\">0.5<\/td>\n<\/tr>\n<tr>\n<td width=\"86\">5016<\/td>\n<td width=\"58\">50-2X16<\/td>\n<td width=\"34\">16<\/td>\n<td width=\"34\">40<\/td>\n<td width=\"34\">99.7<\/td>\n<td width=\"34\">45.0<\/td>\n<td width=\"34\">9.7<\/td>\n<td width=\"34\">60<\/td>\n<td width=\"34\">96<\/td>\n<td width=\"34\">18.1<\/td>\n<td width=\"60\">9.720<\/td>\n<td width=\"48\">2.7<\/td>\n<td width=\"39\">111<\/td>\n<td width=\"40\">85<\/td>\n<td width=\"78\">0.6<\/td>\n<\/tr>\n<tr>\n<td width=\"86\">5018<\/td>\n<td width=\"58\">50-2X18<\/td>\n<td width=\"34\">16<\/td>\n<td width=\"34\">45<\/td>\n<td width=\"34\">99.7<\/td>\n<td width=\"34\">45.0<\/td>\n<td width=\"34\">9.7<\/td>\n<td width=\"34\">70<\/td>\n<td width=\"34\">106<\/td>\n<td width=\"34\">18.1<\/td>\n<td width=\"60\">15.420<\/td>\n<td width=\"48\">3.8<\/td>\n<td width=\"39\">122<\/td>\n<td width=\"40\">85<\/td>\n<td width=\"78\">0.8<\/td>\n<\/tr>\n<tr>\n<td width=\"86\">6018<\/td>\n<td width=\"58\">60-2X18<\/td>\n<td width=\"34\">20<\/td>\n<td width=\"34\">56<\/td>\n<td width=\"34\">123.5<\/td>\n<td width=\"34\">56.0<\/td>\n<td width=\"34\">11.5<\/td>\n<td width=\"34\">85<\/td>\n<td width=\"34\">128<\/td>\n<td width=\"34\">22.8<\/td>\n<td width=\"60\">40.210<\/td>\n<td width=\"48\">6.2<\/td>\n<td width=\"39\">142<\/td>\n<td width=\"40\">106<\/td>\n<td width=\"78\">1.2<\/td>\n<\/tr>\n<tr>\n<td width=\"86\">6020<\/td>\n<td width=\"58\">60-2X20<\/td>\n<td width=\"34\">20<\/td>\n<td width=\"34\">60<\/td>\n<td width=\"34\">123.5<\/td>\n<td width=\"34\">56.0<\/td>\n<td width=\"34\">11.5<\/td>\n<td width=\"34\">98<\/td>\n<td width=\"34\">140<\/td>\n<td width=\"34\">22.8<\/td>\n<td width=\"60\">62.870<\/td>\n<td width=\"48\">7.8<\/td>\n<td width=\"39\">158<\/td>\n<td width=\"40\">105<\/td>\n<td width=\"78\">1.6<\/td>\n<\/tr>\n<tr>\n<td width=\"86\">6022<\/td>\n<td width=\"58\">60-2X22<\/td>\n<td width=\"34\">20<\/td>\n<td width=\"34\">71<\/td>\n<td width=\"34\">123.5<\/td>\n<td width=\"34\">56.0<\/td>\n<td width=\"34\">11.5<\/td>\n<td width=\"34\">110<\/td>\n<td width=\"34\">152<\/td>\n<td width=\"34\">22.8<\/td>\n<td width=\"60\">93.450<\/td>\n<td width=\"48\">10.4<\/td>\n<td width=\"39\">168<\/td>\n<td width=\"40\">117<\/td>\n<td width=\"78\">1.8<\/td>\n<\/tr>\n<tr>\n<td width=\"86\">8018<\/td>\n<td width=\"58\">80-2X18<\/td>\n<td width=\"34\">20<\/td>\n<td width=\"34\">80<\/td>\n<td width=\"34\">141.2<\/td>\n<td width=\"34\">63.0<\/td>\n<td width=\"34\">15.2<\/td>\n<td width=\"34\">110<\/td>\n<td width=\"34\">170<\/td>\n<td width=\"34\">29.3<\/td>\n<td width=\"60\">142.030<\/td>\n<td width=\"48\">12.7<\/td>\n<td width=\"39\">190<\/td>\n<td width=\"40\">129<\/td>\n<td width=\"78\">2.5<\/td>\n<\/tr>\n<tr>\n<td width=\"86\">8020<\/td>\n<td width=\"58\">80-2X20<\/td>\n<td width=\"34\">20<\/td>\n<td width=\"34\">90<\/td>\n<td width=\"34\">145.2<\/td>\n<td width=\"34\">65.0<\/td>\n<td width=\"34\">15.2<\/td>\n<td width=\"34\">120<\/td>\n<td width=\"34\">186<\/td>\n<td width=\"34\">29.3<\/td>\n<td width=\"60\">204.900<\/td>\n<td width=\"48\">16.0<\/td>\n<td width=\"39\">210<\/td>\n<td width=\"40\">137<\/td>\n<td width=\"78\">2.9<\/td>\n<\/tr>\n<tr>\n<td width=\"86\">8022<\/td>\n<td width=\"58\">80-2X22<\/td>\n<td width=\"34\">20<\/td>\n<td width=\"34\">100<\/td>\n<td width=\"34\">157.2<\/td>\n<td width=\"34\">71.0<\/td>\n<td width=\"34\">15.2<\/td>\n<td width=\"34\">140<\/td>\n<td width=\"34\">202<\/td>\n<td width=\"34\">29.3<\/td>\n<td width=\"60\">341.170<\/td>\n<td width=\"48\">20.2<\/td>\n<td width=\"39\">226<\/td>\n<td width=\"40\">137<\/td>\n<td width=\"78\">3.6<\/td>\n<\/tr>\n<tr>\n<td width=\"86\">10020<\/td>\n<td width=\"58\">100-2X20<\/td>\n<td width=\"34\">25<\/td>\n<td width=\"34\">110<\/td>\n<td width=\"34\">178.8<\/td>\n<td width=\"34\">80.0<\/td>\n<td width=\"34\">18.8<\/td>\n<td width=\"34\">160<\/td>\n<td width=\"34\">233<\/td>\n<td width=\"34\">35.8<\/td>\n<td width=\"60\">646.290<\/td>\n<td width=\"48\">33.0<\/td>\n<td width=\"39\">281<\/td>\n<td width=\"40\">153<\/td>\n<td width=\"78\">4.6<\/td>\n<\/tr>\n<tr>\n<td width=\"86\">12018<\/td>\n<td width=\"58\">120-2X18<\/td>\n<td width=\"34\">35<\/td>\n<td width=\"34\">125<\/td>\n<td width=\"34\">202.7<\/td>\n<td width=\"34\">90.0<\/td>\n<td width=\"34\">22.7<\/td>\n<td width=\"34\">170<\/td>\n<td width=\"34\">256<\/td>\n<td width=\"34\">45.4<\/td>\n<td width=\"60\">1075.710<\/td>\n<td width=\"48\">47.0<\/td>\n<td width=\"39\">307<\/td>\n<td width=\"40\">181<\/td>\n<td width=\"78\">6.2<\/td>\n<\/tr>\n<tr>\n<td width=\"86\">12022<\/td>\n<td width=\"58\">120-2X22<\/td>\n<td width=\"34\">35<\/td>\n<td width=\"34\">140<\/td>\n<td width=\"34\">222.7<\/td>\n<td width=\"34\">100.0<\/td>\n<td width=\"34\">22.7<\/td>\n<td width=\"34\">210<\/td>\n<td width=\"34\">304<\/td>\n<td width=\"34\">45.4<\/td>\n<td width=\"60\">2454.500<\/td>\n<td width=\"48\">72.0<\/td>\n<td width=\"39\">357<\/td>\n<td width=\"40\">181<\/td>\n<td width=\"78\">8.0<\/td>\n<\/tr>\n<\/tbody>\n<\/table>\n<h2>Zincir Ba\u011flant\u0131s\u0131n\u0131n Uygulanmas\u0131<\/h2>\n<p>Y\u00fcksek torku iletme ve hizalama hatalar\u0131n\u0131 telafi etme kabiliyetleriyle bilinen zincir kaplinler, dayan\u0131kl\u0131l\u0131klar\u0131 ve esneklikleri nedeniyle \u00e7e\u015fitli sekt\u00f6rlerde kullan\u0131lmaktad\u0131r. \u0130\u015fte uygulamalar\u0131n\u0131n kategorilere ayr\u0131lm\u0131\u015f bir \u00f6zeti:<\/p>\n<h3>1. End\u00fcstriyel Makineler<\/h3>\n<ul>\n<li><strong>Konvey\u00f6r Sistemleri<\/strong>: \u00dcretimde ve malzeme ta\u015f\u0131mada motor ve silindirleri birbirine ba\u011flamak, hizalama hatalar\u0131n\u0131 gidermek ve a\u011f\u0131r y\u00fckleri ta\u015f\u0131mak i\u00e7in kullan\u0131l\u0131r.<\/li>\n<li><strong>Pompalar ve Kompres\u00f6rler<\/strong>: Petrol, gaz ve su ar\u0131tma end\u00fcstrilerinde s\u00fcr\u00fcc\u00fcleri pompalara\/kompres\u00f6rlere ba\u011flamak i\u00e7in idealdir ve g\u00fcvenilir tork iletimi sa\u011flar.<\/li>\n<li><strong>\u00c7elik ve Ka\u011f\u0131t Fabrikalar\u0131<\/strong>: Zorlu ortamlarda tahrik millerini silindirlere ba\u011flayarak y\u00fcksek tork ve s\u0131cakl\u0131k de\u011fi\u015fimlerine dayan\u0131kl\u0131 hale getirin.<\/li>\n<li><strong>K\u0131r\u0131c\u0131lar\/De\u011firmenler<\/strong>: Madencilik ve agrega i\u015flemede \u015fok y\u00fckleri kar\u015f\u0131layarak ani kuvvet de\u011fi\u015fikliklerine kar\u015f\u0131 dayan\u0131kl\u0131l\u0131k sa\u011flar.<\/li>\n<\/ul>\n<h3>2. Malzeme Ta\u015f\u0131ma<\/h3>\n<ul>\n<li><strong>Vin\u00e7ler ve Kald\u0131rma Makineleri<\/strong>: \u0130n\u015faat ve nakliyede dinamik gerilmelere dayan\u0131kl\u0131, hassas y\u00fck hareketinin sa\u011flanmas\u0131.<\/li>\n<li><strong>Paketleme Makineleri<\/strong>: Y\u00fcksek h\u0131zl\u0131 paketleme hatlar\u0131nda silindirleri senkronize ederek hafif hizalama hatalar\u0131na kar\u015f\u0131 ayarlamalar yap\u0131lmas\u0131na olanak sa\u011flar.<\/li>\n<\/ul>\n<h3>3. Tar\u0131m<\/h3>\n<ul>\n<li><strong>Trakt\u00f6rler ve Bi\u00e7erd\u00f6verler<\/strong>: Zorlu arazi ko\u015fullar\u0131nda ekipmanlar\u0131n\u0131za g\u00fc\u00e7 kayna\u011f\u0131 ba\u011flayarak toz ve d\u00f6k\u00fcnt\u00fclere kar\u015f\u0131 dayan\u0131kl\u0131l\u0131k sa\u011flay\u0131n.<\/li>\n<li><strong>Sulama Sistemleri<\/strong>: Pompalar\u0131 motorlara ba\u011flay\u0131n, zemin kaymalar\u0131ndan kaynaklanan hizalama hatalar\u0131n\u0131 tolere edin.<\/li>\n<\/ul>\n<h3>4. HVAC ve Enerji<\/h3>\n<ul>\n<li><strong>End\u00fcstriyel Fanlar\/\u00dcfleyiciler<\/strong>: HVAC sistemlerinde motorlar\u0131 fan millerine ba\u011flayarak titre\u015fim iletimini azalt\u0131n.<\/li>\n<li><strong>Orta H\u0131zl\u0131 G\u00fc\u00e7 Aktar\u0131m\u0131<\/strong>:R\u00fczgar t\u00fcrbinlerinde veya hizalaman\u0131n m\u00fckemmel olmad\u0131\u011f\u0131 hidroelektrik sistemlerinde kullan\u0131l\u0131r.<\/li>\n<\/ul>\n<h3>5. \u00d6zel Uygulamalar<\/h3>\n<ul>\n<li><strong>Matbaa Makineleri<\/strong>: Hassas bask\u0131 i\u00e7in senkronize silindirler, k\u00fc\u00e7\u00fck hizalama hatalar\u0131n\u0131 telafi eder.<\/li>\n<li><strong>Deniz Yard\u0131mc\u0131 Sistemleri<\/strong>: Pervane \u015faftlar\u0131nda veya yard\u0131mc\u0131 makinelerde kullan\u0131l\u0131r, ancak korozyon endi\u015fesi nedeniyle daha az yayg\u0131nd\u0131r.<\/li>\n<\/ul>\n<h3>S\u00fcr\u00fc\u015f Uygulamalar\u0131n\u0131n Avantajlar\u0131:<\/h3>\n<ul>\n<li><strong>Hizalama Hatas\u0131 Tolerans\u0131<\/strong>: 1-2 dereceye kadar a\u00e7\u0131sal\/paralel kaymalar.<\/li>\n<li><strong>Y\u00fcksek Tork Kapasitesi<\/strong>: A\u011f\u0131r hizmet tipi \u00e7al\u0131\u015fmalara uygundur.<\/li>\n<li><strong>\u015eok Emilimi<\/strong>: De\u011fi\u015fken y\u00fck senaryolar\u0131nda titre\u015fimleri s\u00f6n\u00fcmler.<\/li>\n<li><strong>Bak\u0131m Kolayl\u0131\u011f\u0131<\/strong>: Kolay ya\u011flama ve par\u00e7a de\u011fi\u015fimi.<\/li>\n<\/ul>\n<h3>S\u0131n\u0131rlamalar:<\/h3>\n<ul>\n<li>Merkezka\u00e7 kuvvetleri nedeniyle y\u00fcksek h\u0131zl\u0131 uygulamalar i\u00e7in ideal de\u011fildir.<\/li>\n<li>Kirletici maddelerin yo\u011fun oldu\u011fu ortamlarda d\u00fczenli ya\u011flamaya ihtiya\u00e7 vard\u0131r.<\/li>\n<\/ul>\n<p><img loading=\"lazy\" decoding=\"async\" class=\"size-full wp-image-6380 aligncenter\" src=\"https:\/\/fmp-components.com\/wp-content\/uploads\/2025\/03\/chain-couplings-3.webp\" alt=\"zincir ba\u011flant\u0131 eleman\u0131\" width=\"800\" height=\"800\" title=\"\" srcset=\"https:\/\/fmp-components.com\/wp-content\/uploads\/2025\/03\/chain-couplings-3.webp 800w, https:\/\/fmp-components.com\/wp-content\/uploads\/2025\/03\/chain-couplings-3-480x480.webp 480w\" sizes=\"(min-width: 0px) and (max-width: 480px) 480px, (min-width: 481px) 800px, 100vw\" \/><\/p>","protected":false},"excerpt":{"rendered":"<p>A chain coupling is made up of a double roller chain and two coupling sprockets. The chain joint is used to connect or disconnect the coupling, making it simple and easy to use. Chain couplings are small but very strong, and they are built to last a long time. They are safe and work efficiently, [&hellip;]<\/p>","protected":false},"featured_media":6382,"comment_status":"open","ping_status":"closed","template":"","meta":{"_et_pb_use_builder":"","_et_pb_old_content":"","_et_gb_content_width":""},"product_brand":[],"product_cat":[101],"product_tag":[],"class_list":{"0":"post-6379","1":"product","2":"type-product","3":"status-publish","4":"has-post-thumbnail","6":"product_cat-coupling","8":"first","9":"instock","10":"shipping-taxable","11":"product-type-simple"},"_links":{"self":[{"href":"https:\/\/fmp-components.com\/tr\/wp-json\/wp\/v2\/product\/6379","targetHints":{"allow":["GET"]}}],"collection":[{"href":"https:\/\/fmp-components.com\/tr\/wp-json\/wp\/v2\/product"}],"about":[{"href":"https:\/\/fmp-components.com\/tr\/wp-json\/wp\/v2\/types\/product"}],"replies":[{"embeddable":true,"href":"https:\/\/fmp-components.com\/tr\/wp-json\/wp\/v2\/comments?post=6379"}],"wp:featuredmedia":[{"embeddable":true,"href":"https:\/\/fmp-components.com\/tr\/wp-json\/wp\/v2\/media\/6382"}],"wp:attachment":[{"href":"https:\/\/fmp-components.com\/tr\/wp-json\/wp\/v2\/media?parent=6379"}],"wp:term":[{"taxonomy":"product_brand","embeddable":true,"href":"https:\/\/fmp-components.com\/tr\/wp-json\/wp\/v2\/product_brand?post=6379"},{"taxonomy":"product_cat","embeddable":true,"href":"https:\/\/fmp-components.com\/tr\/wp-json\/wp\/v2\/product_cat?post=6379"},{"taxonomy":"product_tag","embeddable":true,"href":"https:\/\/fmp-components.com\/tr\/wp-json\/wp\/v2\/product_tag?post=6379"}],"curies":[{"name":"wp","href":"https:\/\/api.w.org\/{rel}","templated":true}]}}