{"id":6375,"date":"2025-03-10T03:17:22","date_gmt":"2025-03-10T03:17:22","guid":{"rendered":"https:\/\/fmp-components.com\/?post_type=product&#038;p=6375"},"modified":"2025-04-05T07:23:10","modified_gmt":"2025-04-05T07:23:10","slug":"flange-flexible-couplings","status":"publish","type":"product","link":"https:\/\/fmp-components.com\/tr\/product\/flange-flexible-couplings\/","title":{"rendered":"Flan\u015fl\u0131 Esnek Kaplinler"},"content":{"rendered":"<p>FMP'nin esnek kaplinleri, titre\u015fimi azaltmak ve \u015fanz\u0131man sistemlerinin onar\u0131m maliyetlerini d\u00fc\u015f\u00fcrmek i\u00e7in \u00fcretilmi\u015ftir. \u00d6zel tasar\u0131mlar\u0131, \u015fanz\u0131man\u0131 hasardan korur ve \u00e7al\u0131\u015f\u0131rken daha az g\u00fcr\u00fclt\u00fc \u00e7\u0131kar\u0131r, bu da sistemin daha iyi \u00e7al\u0131\u015fmas\u0131n\u0131 ve daha uzun \u00f6m\u00fcrl\u00fc olmas\u0131n\u0131 sa\u011flar. Ayr\u0131ca, bu kaplinlerin montaj\u0131 ve ayarlanmas\u0131 kolayd\u0131r, b\u00f6ylece zamandan ve emekten tasarruf edebilirsiniz.<\/p>\n<p>FMP, kaplinlerini \u00fcretmek i\u00e7in g\u00fc\u00e7l\u00fc polyester elastomer kullan\u0131r. Bu malzeme dayan\u0131kl\u0131d\u0131r ve ya\u011flama s\u0131v\u0131lar\u0131yla temas etti\u011finde bile \u015feklini kaybetmez. Bu sayede kaplin, zorlu ko\u015fullarda bile g\u00fc\u00e7l\u00fc ve iyi \u00e7al\u0131\u015f\u0131r durumda kal\u0131r.<\/p>\n<p>Kaplin, torku (bir t\u00fcr d\u00f6nme kuvveti) dakikada yakla\u015f\u0131k \u00e7eyrek in\u00e7lik bir h\u0131zla sabit bir \u015fekilde aktaracak \u015fekilde tasarlanm\u0131\u015ft\u0131r. Bu d\u00fczg\u00fcn ve istikrarl\u0131 kuvvet, kaplinin daha uzun \u00f6m\u00fcrl\u00fc olmas\u0131n\u0131 sa\u011flar ve b\u00f6ylece \u00e7ok az bak\u0131mla y\u0131llarca sorunsuz \u00e7al\u0131\u015fabilir.<\/p>\n<p>Bu \u00f6zellikler, \u015fanz\u0131man sisteminizin daha iyi \u00e7al\u0131\u015fmas\u0131n\u0131 ve daha uzun \u00f6m\u00fcrl\u00fc olmas\u0131n\u0131 istiyorsan\u0131z FMP'nin esnek kaplinlerini harika bir se\u00e7im haline getirir.<\/p>\n<p><img loading=\"lazy\" decoding=\"async\" class=\"wp-image-6377 aligncenter\" src=\"https:\/\/fmp-components.com\/wp-content\/uploads\/2025\/03\/Flange-Flexible-Couplings-2.webp\" alt=\"Flan\u015fl\u0131 Esnek Kaplinler\" width=\"836\" height=\"303\" title=\"\" srcset=\"https:\/\/fmp-components.com\/wp-content\/uploads\/2025\/03\/Flange-Flexible-Couplings-2.webp 836w, https:\/\/fmp-components.com\/wp-content\/uploads\/2025\/03\/Flange-Flexible-Couplings-2-480x174.webp 480w\" sizes=\"(min-width: 0px) and (max-width: 480px) 480px, (min-width: 481px) 836px, 100vw\" \/><\/p>\n<h2 style=\"text-align: left;\" align=\"center\">Flan\u015fl\u0131 Esnek Kaplinlerin Teknik \u00d6zellikleri<\/h2>\n<p><img loading=\"lazy\" decoding=\"async\" class=\"wp-image-6378 aligncenter\" src=\"https:\/\/fmp-components.com\/wp-content\/uploads\/2025\/03\/Flange-Flexible-Couplings-3.webp\" alt=\"Flan\u015fl\u0131 Esnek Kaplinler\" width=\"200\" height=\"216\" title=\"\"><\/p>\n<table style=\"width: 102.258%; height: 601px;\" border=\"1\" cellspacing=\"1\" cellpadding=\"1\" bgcolor=\"#99ccff\">\n<tbody>\n<tr>\n<td align=\"center\" width=\"45\">BOYUT<\/td>\n<td align=\"center\" width=\"35\">Nm<\/td>\n<td align=\"center\" width=\"29\">dev\/dak<\/td>\n<td align=\"center\" width=\"21\">D<\/td>\n<td align=\"center\" width=\"25\">D1<\/td>\n<td align=\"center\" width=\"14\">d1<\/td>\n<td align=\"center\" width=\"25\">L<\/td>\n<td align=\"center\" width=\"9\">C<\/td>\n<td align=\"center\" width=\"73\">nM<\/td>\n<td align=\"center\" width=\"34\">K\u0130LOGRAM<\/td>\n<\/tr>\n<tr bgcolor=\"#cccccc\">\n<td align=\"center\" width=\"45\">90<\/td>\n<td align=\"center\" width=\"35\">4<\/td>\n<td align=\"center\" width=\"29\">4000<\/td>\n<td align=\"center\" width=\"21\">90<\/td>\n<td align=\"center\" width=\"25\">35.5<\/td>\n<td align=\"center\" width=\"14\">11<\/td>\n<td align=\"center\" width=\"25\">28<\/td>\n<td align=\"center\" width=\"9\">3<\/td>\n<td align=\"center\" width=\"73\">4-M8*50<\/td>\n<td align=\"center\" width=\"34\">1.7<\/td>\n<\/tr>\n<tr>\n<td align=\"center\" width=\"45\">100<\/td>\n<td align=\"center\" width=\"35\">10<\/td>\n<td align=\"center\" width=\"29\">4000<\/td>\n<td align=\"center\" width=\"21\">100<\/td>\n<td align=\"center\" width=\"25\">40<\/td>\n<td align=\"center\" width=\"14\">11<\/td>\n<td align=\"center\" width=\"25\">35.5<\/td>\n<td align=\"center\" width=\"9\">3<\/td>\n<td align=\"center\" width=\"73\">4-M10*56<\/td>\n<td align=\"center\" width=\"34\">2.3<\/td>\n<\/tr>\n<tr bgcolor=\"#cccccc\">\n<td align=\"center\" width=\"45\">112<\/td>\n<td align=\"center\" width=\"35\">16<\/td>\n<td align=\"center\" width=\"29\">4000<\/td>\n<td align=\"center\" width=\"21\">112<\/td>\n<td align=\"center\" width=\"25\">45<\/td>\n<td align=\"center\" width=\"14\">13<\/td>\n<td align=\"center\" width=\"25\">40<\/td>\n<td align=\"center\" width=\"9\">3<\/td>\n<td align=\"center\" width=\"73\">4-M10*56<\/td>\n<td align=\"center\" width=\"34\">2.8<\/td>\n<\/tr>\n<tr>\n<td align=\"center\" width=\"45\">125<\/td>\n<td align=\"center\" width=\"35\">25<\/td>\n<td align=\"center\" width=\"29\">4000<\/td>\n<td align=\"center\" width=\"21\">125<\/td>\n<td align=\"center\" width=\"25\">50<\/td>\n<td align=\"center\" width=\"14\">13<\/td>\n<td align=\"center\" width=\"25\">45<\/td>\n<td align=\"center\" width=\"9\">3<\/td>\n<td align=\"center\" width=\"73\">4-M12*64<\/td>\n<td align=\"center\" width=\"34\">4.0<\/td>\n<\/tr>\n<tr bgcolor=\"#cccccc\">\n<td align=\"center\" width=\"45\">140<\/td>\n<td align=\"center\" width=\"35\">50<\/td>\n<td align=\"center\" width=\"29\">4000<\/td>\n<td align=\"center\" width=\"21\">140<\/td>\n<td align=\"center\" width=\"25\">63<\/td>\n<td align=\"center\" width=\"14\">13<\/td>\n<td align=\"center\" width=\"25\">50<\/td>\n<td align=\"center\" width=\"9\">3<\/td>\n<td align=\"center\" width=\"73\">6-M12*64<\/td>\n<td align=\"center\" width=\"34\">5.4<\/td>\n<\/tr>\n<tr>\n<td align=\"center\" width=\"45\">160<\/td>\n<td align=\"center\" width=\"35\">110<\/td>\n<td align=\"center\" width=\"29\">4000<\/td>\n<td align=\"center\" width=\"21\">160<\/td>\n<td align=\"center\" width=\"25\">80<\/td>\n<td align=\"center\" width=\"14\">15<\/td>\n<td align=\"center\" width=\"25\">56<\/td>\n<td align=\"center\" width=\"9\">3<\/td>\n<td align=\"center\" width=\"73\">8-M12*64<\/td>\n<td align=\"center\" width=\"34\">8.0<\/td>\n<\/tr>\n<tr bgcolor=\"#cccccc\">\n<td align=\"center\" width=\"45\">180<\/td>\n<td align=\"center\" width=\"35\">157<\/td>\n<td align=\"center\" width=\"29\">3500<\/td>\n<td align=\"center\" width=\"21\">180<\/td>\n<td align=\"center\" width=\"25\">90<\/td>\n<td align=\"center\" width=\"14\">15<\/td>\n<td align=\"center\" width=\"25\">63<\/td>\n<td align=\"center\" width=\"9\">3<\/td>\n<td align=\"center\" width=\"73\">8-M12*64<\/td>\n<td align=\"center\" width=\"34\">10.5<\/td>\n<\/tr>\n<tr>\n<td align=\"center\" width=\"45\">200<\/td>\n<td align=\"center\" width=\"35\">245<\/td>\n<td align=\"center\" width=\"29\">3200<\/td>\n<td align=\"center\" width=\"21\">200<\/td>\n<td align=\"center\" width=\"25\">100<\/td>\n<td align=\"center\" width=\"14\">21<\/td>\n<td align=\"center\" width=\"25\">71<\/td>\n<td align=\"center\" width=\"9\">4<\/td>\n<td align=\"center\" width=\"73\">8-M20*85<\/td>\n<td align=\"center\" width=\"34\">16.2<\/td>\n<\/tr>\n<tr bgcolor=\"#cccccc\">\n<td align=\"center\" width=\"45\">224<\/td>\n<td align=\"center\" width=\"35\">392<\/td>\n<td align=\"center\" width=\"29\">2850<\/td>\n<td align=\"center\" width=\"21\">224<\/td>\n<td align=\"center\" width=\"25\">112<\/td>\n<td align=\"center\" width=\"14\">21<\/td>\n<td align=\"center\" width=\"25\">80<\/td>\n<td align=\"center\" width=\"9\">4<\/td>\n<td align=\"center\" width=\"73\">8-M20*85<\/td>\n<td align=\"center\" width=\"34\">21.3<\/td>\n<\/tr>\n<tr>\n<td align=\"center\" width=\"45\">250<\/td>\n<td align=\"center\" width=\"35\">618<\/td>\n<td align=\"center\" width=\"29\">2550<\/td>\n<td align=\"center\" width=\"21\">250<\/td>\n<td align=\"center\" width=\"25\">125<\/td>\n<td align=\"center\" width=\"14\">25<\/td>\n<td align=\"center\" width=\"25\">90<\/td>\n<td align=\"center\" width=\"9\">4<\/td>\n<td align=\"center\" width=\"73\">8-M24*100<\/td>\n<td align=\"center\" width=\"34\">31.6<\/td>\n<\/tr>\n<tr bgcolor=\"#cccccc\">\n<td align=\"center\" width=\"45\">280<\/td>\n<td align=\"center\" width=\"35\">980<\/td>\n<td align=\"center\" width=\"29\">2300<\/td>\n<td align=\"center\" width=\"21\">280<\/td>\n<td align=\"center\" width=\"25\">140<\/td>\n<td align=\"center\" width=\"14\">34<\/td>\n<td align=\"center\" width=\"25\">100<\/td>\n<td align=\"center\" width=\"9\">4<\/td>\n<td align=\"center\" width=\"73\">8-M24*116<\/td>\n<td align=\"center\" width=\"34\">44.0<\/td>\n<\/tr>\n<tr>\n<td align=\"center\" width=\"45\">315<\/td>\n<td align=\"center\" width=\"35\">1568<\/td>\n<td align=\"center\" width=\"29\">2050<\/td>\n<td align=\"center\" width=\"21\">315<\/td>\n<td align=\"center\" width=\"25\">160<\/td>\n<td align=\"center\" width=\"14\">41<\/td>\n<td align=\"center\" width=\"25\">112<\/td>\n<td align=\"center\" width=\"9\">4<\/td>\n<td align=\"center\" width=\"73\">10-M24*116<\/td>\n<td align=\"center\" width=\"34\">57.7<\/td>\n<\/tr>\n<tr bgcolor=\"#cccccc\">\n<td align=\"center\" width=\"45\">355<\/td>\n<td align=\"center\" width=\"35\">2450<\/td>\n<td align=\"center\" width=\"29\">1800<\/td>\n<td align=\"center\" width=\"21\">355<\/td>\n<td align=\"center\" width=\"25\">180<\/td>\n<td align=\"center\" width=\"14\">60<\/td>\n<td align=\"center\" width=\"25\">125<\/td>\n<td align=\"center\" width=\"9\">5<\/td>\n<td align=\"center\" width=\"73\">8-M30*150<\/td>\n<td align=\"center\" width=\"34\">89.5<\/td>\n<\/tr>\n<tr>\n<td align=\"center\" width=\"45\">400<\/td>\n<td align=\"center\" width=\"35\">3920<\/td>\n<td align=\"center\" width=\"29\">1600<\/td>\n<td align=\"center\" width=\"21\">400<\/td>\n<td align=\"center\" width=\"25\">200<\/td>\n<td align=\"center\" width=\"14\">60<\/td>\n<td align=\"center\" width=\"25\">125<\/td>\n<td align=\"center\" width=\"9\">5<\/td>\n<td align=\"center\" width=\"73\">10-M30*150<\/td>\n<td align=\"center\" width=\"34\">89.5<\/td>\n<\/tr>\n<tr bgcolor=\"#cccccc\">\n<td align=\"center\" width=\"45\">450<\/td>\n<td align=\"center\" width=\"35\">6174<\/td>\n<td align=\"center\" width=\"29\">1400<\/td>\n<td align=\"center\" width=\"21\">450<\/td>\n<td align=\"center\" width=\"25\">224<\/td>\n<td align=\"center\" width=\"14\">65<\/td>\n<td align=\"center\" width=\"25\">140<\/td>\n<td align=\"center\" width=\"9\">5<\/td>\n<td align=\"center\" width=\"73\">12-M30*150<\/td>\n<td align=\"center\" width=\"34\">145<\/td>\n<\/tr>\n<tr>\n<td align=\"center\" width=\"45\">560<\/td>\n<td align=\"center\" width=\"35\">9800<\/td>\n<td align=\"center\" width=\"29\">1150<\/td>\n<td align=\"center\" width=\"21\">560<\/td>\n<td align=\"center\" width=\"25\">250<\/td>\n<td align=\"center\" width=\"14\">85<\/td>\n<td align=\"center\" width=\"25\">160<\/td>\n<td align=\"center\" width=\"9\">5<\/td>\n<td align=\"center\" width=\"73\">14-M30*150<\/td>\n<td align=\"center\" width=\"34\">229<\/td>\n<\/tr>\n<tr bgcolor=\"#cccccc\">\n<td align=\"center\" width=\"45\">630<\/td>\n<td align=\"center\" width=\"35\">15680<\/td>\n<td align=\"center\" width=\"29\">1000<\/td>\n<td align=\"center\" width=\"21\">630<\/td>\n<td align=\"center\" width=\"25\">280<\/td>\n<td align=\"center\" width=\"14\">95<\/td>\n<td align=\"center\" width=\"25\">180<\/td>\n<td align=\"center\" width=\"9\">5<\/td>\n<td align=\"center\" width=\"73\">18-M30*150<\/td>\n<td align=\"center\" width=\"34\">296<\/td>\n<\/tr>\n<\/tbody>\n<\/table>\n<h3>Esnek ba\u011flant\u0131 t\u00fcrleri<\/h3>\n<div>\n<p class=\"break-words\" dir=\"auto\">Esnek kaplinler, iki \u015faft\u0131 birbirine ba\u011flamak i\u00e7in kullan\u0131lan mekanik cihazlard\u0131r. Bu sayede tork iletimi sa\u011flan\u0131rken, hizalama hatalar\u0131 telafi edilir ve ba\u011fl\u0131 bile\u015fenler \u00fczerindeki stres azalt\u0131l\u0131r. Yayg\u0131n bir t\u00fcr\u00fc, birbirine ge\u00e7en \u00e7enelere sahip iki g\u00f6bek ve elastomerik bir \u00f6r\u00fcmcek ek par\u00e7as\u0131ndan olu\u015fan \u00e7eneli kaplindir. \u00d6r\u00fcmcek, darbeyi emer, titre\u015fimi azalt\u0131r ve k\u00fc\u00e7\u00fck a\u00e7\u0131sal, paralel ve eksenel hizalama hatalar\u0131n\u0131 telafi ederek pompalar ve motorlar gibi genel ama\u00e7l\u0131 uygulamalar i\u00e7in idealdir.<\/p>\n<p class=\"break-words\" dir=\"auto\">Di\u011fer bir tip ise, \u015faftlar\u0131 birbirine ba\u011flayan ince ve esnek bir metal k\u00f6r\u00fckle karakterize edilen k\u00f6r\u00fckl\u00fc kaplindir. Bu tasar\u0131m, hassas tork iletimi i\u00e7in y\u00fcksek burulma sertli\u011fi sa\u011flarken, a\u00e7\u0131sal ve eksenel hizalama hatalar\u0131n\u0131 gidermek i\u00e7in esneklik sa\u011flar. K\u00f6r\u00fckl\u00fc kaplinler, dinamik ko\u015fullar alt\u0131nda do\u011frulu\u011fun kritik oldu\u011fu servo motorlar ve enkoderler gibi y\u00fcksek hassasiyetli sistemlerde s\u0131kl\u0131kla kullan\u0131l\u0131r.<\/p>\n<p class=\"break-words\" dir=\"auto\">\u00dc\u00e7\u00fcnc\u00fc tip ise, bir paket olu\u015fturmak \u00fczere bir araya getirilmi\u015f bir dizi ince ve esnek metal disk kullanan disk kaplindir. Disk paketi, hizalama hatalar\u0131n\u0131 telafi etmek i\u00e7in esner ve titre\u015fimi emerken torku verimli bir \u015fekilde iletir. Disk kaplinler son derece dayan\u0131kl\u0131d\u0131r ve g\u00fcvenilirlik ve minimum bak\u0131m\u0131n \u00f6nemli oldu\u011fu t\u00fcrbinler ve kompres\u00f6rler gibi zorlu uygulamalar i\u00e7in uygundur.<\/p>\n<p dir=\"auto\"><img loading=\"lazy\" decoding=\"async\" class=\"wp-image-7803 aligncenter\" src=\"https:\/\/fmp-components.com\/wp-content\/uploads\/2025\/03\/flexible-coupling3.webp\" alt=\"esnek ba\u011flant\u0131\" width=\"531\" height=\"476\" title=\"\" srcset=\"https:\/\/fmp-components.com\/wp-content\/uploads\/2025\/03\/flexible-coupling3.webp 173w, https:\/\/fmp-components.com\/wp-content\/uploads\/2025\/03\/flexible-coupling3-13x12.webp 13w\" sizes=\"(max-width: 531px) 100vw, 531px\" \/><\/p>\n<\/div>\n<h2>Flan\u015fl\u0131 Esnek Kaplinler: \u0130talyan Kaplin Uzmanlar\u0131 FMP'den Hassas M\u00fchendislik<\/h2>\n<p>FMP, \u015faftlar aras\u0131nda tork aktar\u0131m\u0131n\u0131, hizalama hatalar\u0131n\u0131 ve hareketi telafi ederek sa\u011flamak \u00fczere tasarlanm\u0131\u015f geni\u015f bir kaplin yelpazesinde uzmanla\u015fm\u0131\u015f lider bir \u0130talyan \u00fcreticisidir. \u0130ster Milano'nun hareketli imalat sanayisinde, ister Floransa'n\u0131n zanaat at\u00f6lyesinde olun, paslanmaz \u00e7elik, kau\u00e7uk ve pirin\u00e7 gibi dayan\u0131kl\u0131 malzemelerden \u00fcretilen flan\u015fl\u0131 esnek kaplinlerimiz, pompa setlerinden deniz tahrik sistemlerine kadar \u00e7e\u015fitli uygulamalarda kusursuz g\u00fc\u00e7 aktar\u0131m\u0131 ve \u00e7al\u0131\u015fma verimlili\u011fi sa\u011flar.<\/p>\n<p>FMP, mekanik olarak esnek, metal elemanl\u0131 ve elastomerik elemanl\u0131 tasar\u0131mlar da dahil olmak \u00fczere, \u00f6zel end\u00fcstriyel ihtiya\u00e7lar\u0131 kar\u015f\u0131lamak \u00fczere tasarlanm\u0131\u015f geni\u015f bir kaplin yelpazesi sunmaktan gurur duymaktad\u0131r. Geni\u015f \u00fcr\u00fcn yelpazemize ek olarak, \u0130talya ve di\u011fer b\u00f6lgelerdeki m\u00fc\u015fterilerimize \u00f6zel \u00e7\u00f6z\u00fcmler de sunuyoruz. Bologna'daysan\u0131z ve tar\u0131m makineleriniz i\u00e7in benzersiz bir flan\u015fl\u0131 esnek kapline ihtiyac\u0131n\u0131z varsa veya Milano'da y\u00fcksek h\u0131zl\u0131 bir uygulama i\u00e7in \u00f6zel bir tasar\u0131m ar\u0131yorsan\u0131z, FMP'nin uzman m\u00fchendisleri sizinle \u00e7al\u0131\u015fmaya haz\u0131rd\u0131r. \u00d6zel \u00fcretim s\u00fcrecimiz, her bir kaplinin tam olarak sizin \u00f6zelliklerinize g\u00f6re \u00fcretilmesini ve g\u00fcvenebilece\u011finiz performans ve dayan\u0131kl\u0131l\u0131k sunmas\u0131n\u0131 sa\u011flar.<\/p>\n<p>\u00dcr\u00fcn listemizde tam olarak ihtiyac\u0131n\u0131z olan modeli bulam\u0131yor musunuz? Endi\u015felenmeyin; katalo\u011fumuz s\u00fcrekli g\u00fcncelleniyor ve hen\u00fcz t\u00fcm se\u00e7enekleri y\u00fcklememi\u015f olabiliriz. Floransa, Bologna veya ba\u015fka bir yerdeki i\u015fletmeler i\u00e7in, ihtiya\u00e7lar\u0131n\u0131z\u0131 bize e-posta ile g\u00f6ndermeniz yeterli. \u0130talyan m\u00fchendislerden olu\u015fan uzman ekibimiz, 24 saat i\u00e7inde size \u00f6zel tavsiyeler ve \u00e7\u00f6z\u00fcmlerle yan\u0131t verecektir.<\/p>","protected":false},"excerpt":{"rendered":"<p>FMP'nin esnek kaplinleri, titre\u015fimi azaltmak ve \u015fanz\u0131man sistemlerinin onar\u0131m maliyetlerini d\u00fc\u015f\u00fcrmek i\u00e7in \u00fcretilmi\u015ftir. \u00d6zel tasar\u0131mlar\u0131, \u015fanz\u0131man\u0131 hasardan korur ve \u00e7al\u0131\u015f\u0131rken daha az g\u00fcr\u00fclt\u00fc \u00e7\u0131kar\u0131r, bu da sistemin daha iyi \u00e7al\u0131\u015fmas\u0131n\u0131 ve daha uzun \u00f6m\u00fcrl\u00fc olmas\u0131n\u0131 sa\u011flar. Ayr\u0131ca, bu kaplinlerin montaj\u0131 ve ayarlanmas\u0131 kolayd\u0131r, b\u00f6ylece zamandan tasarruf edebilirsiniz [\u2026]<\/p>","protected":false},"featured_media":6376,"comment_status":"open","ping_status":"closed","template":"","meta":{"_et_pb_use_builder":"","_et_pb_old_content":"","_et_gb_content_width":""},"product_brand":[],"product_cat":[101],"product_tag":[],"class_list":{"0":"post-6375","1":"product","2":"type-product","3":"status-publish","4":"has-post-thumbnail","6":"product_cat-coupling","8":"first","9":"instock","10":"shipping-taxable","11":"product-type-simple"},"_links":{"self":[{"href":"https:\/\/fmp-components.com\/tr\/wp-json\/wp\/v2\/product\/6375","targetHints":{"allow":["GET"]}}],"collection":[{"href":"https:\/\/fmp-components.com\/tr\/wp-json\/wp\/v2\/product"}],"about":[{"href":"https:\/\/fmp-components.com\/tr\/wp-json\/wp\/v2\/types\/product"}],"replies":[{"embeddable":true,"href":"https:\/\/fmp-components.com\/tr\/wp-json\/wp\/v2\/comments?post=6375"}],"wp:featuredmedia":[{"embeddable":true,"href":"https:\/\/fmp-components.com\/tr\/wp-json\/wp\/v2\/media\/6376"}],"wp:attachment":[{"href":"https:\/\/fmp-components.com\/tr\/wp-json\/wp\/v2\/media?parent=6375"}],"wp:term":[{"taxonomy":"product_brand","embeddable":true,"href":"https:\/\/fmp-components.com\/tr\/wp-json\/wp\/v2\/product_brand?post=6375"},{"taxonomy":"product_cat","embeddable":true,"href":"https:\/\/fmp-components.com\/tr\/wp-json\/wp\/v2\/product_cat?post=6375"},{"taxonomy":"product_tag","embeddable":true,"href":"https:\/\/fmp-components.com\/tr\/wp-json\/wp\/v2\/product_tag?post=6375"}],"curies":[{"name":"wp","href":"https:\/\/api.w.org\/{rel}","templated":true}]}}