{"id":604,"date":"2024-12-17T01:34:18","date_gmt":"2024-12-17T01:34:18","guid":{"rendered":"https:\/\/fmp-components.com\/?page_id=8"},"modified":"2024-12-17T02:06:31","modified_gmt":"2024-12-17T02:06:31","slug":"hydraulic-cylinder-for-filter-press","status":"publish","type":"product","link":"https:\/\/fmp-components.com\/tr\/product\/hydraulic-cylinder-for-filter-press\/","title":{"rendered":"Filtre Pres i\u00e7in Hidrolik Silindir"},"content":{"rendered":"<p style=\"text-align: center;\"><span style=\"font-size: 18pt;\">Filtre Pres i\u00e7in Hidrolik Silindir<\/span><\/p>\n<p>Filtre Pres Hidrolik Silindiri, at\u0131k su ar\u0131tma, g\u0131da i\u015fleme ve kimyasal \u00fcretim gibi \u00e7e\u015fitli end\u00fcstriyel uygulamalarda filtre preslerinin \u00e7al\u0131\u015fmas\u0131 i\u00e7in gerekli kuvveti sa\u011flamak \u00fczere tasarlanm\u0131\u015f \u00f6zel bir hidrolik bile\u015fendir. Bu silindir, filtre presinin plakalar\u0131na bas\u0131n\u00e7 uygulayarak kat\u0131lar\u0131n s\u0131v\u0131lardan verimli bir \u015fekilde ayr\u0131lmas\u0131n\u0131 sa\u011flayarak filtrasyon s\u00fcrecinde hayati bir rol oynar.<\/p>\n<p><img loading=\"lazy\" decoding=\"async\" class=\"alignnone size-full wp-image-609\" src=\"https:\/\/fmp-components.com\/wp-content\/uploads\/2024\/12\/Filter-Press-Hydraulic-Cylinder-1.webp\" alt=\"Filtre Pres Hidrolik Silindir\" width=\"1000\" height=\"600\" title=\"\" srcset=\"https:\/\/fmp-components.com\/wp-content\/uploads\/2024\/12\/Filter-Press-Hydraulic-Cylinder-1.webp 1000w, https:\/\/fmp-components.com\/wp-content\/uploads\/2024\/12\/Filter-Press-Hydraulic-Cylinder-1-980x588.webp 980w, https:\/\/fmp-components.com\/wp-content\/uploads\/2024\/12\/Filter-Press-Hydraulic-Cylinder-1-480x288.webp 480w\" sizes=\"(min-width: 0px) and (max-width: 480px) 480px, (min-width: 481px) and (max-width: 980px) 980px, (min-width: 981px) 1000px, 100vw\" \/><\/p>\n<h4>Temel \u00d6zellikler:<\/h4>\n<ul>\n<li><strong>Y\u00fcksek Bas\u0131n\u00e7 Yetene\u011fi:<\/strong> Y\u00fcksek \u00e7al\u0131\u015fma bas\u0131n\u00e7lar\u0131na dayanacak \u015fekilde tasarlanan bu hidrolik silindir, optimum filtrasyon verimlili\u011fine ula\u015fmak i\u00e7in gereken kuvveti sa\u011flar.<\/li>\n<li><strong>Sa\u011flam Yap\u0131:<\/strong> Y\u00fcksek mukavemetli malzemelerden \u00fcretilen filtre pres hidrolik silindiri, filtrasyon s\u00fcre\u00e7lerinin zorlu ko\u015fullar\u0131na dayanacak \u015fekilde \u00fcretilmi\u015ftir ve uzun s\u00fcreli dayan\u0131kl\u0131l\u0131k ve g\u00fcvenilirlik sa\u011flar.<\/li>\n<li><strong>Sorunsuz \u00c7al\u0131\u015fma:<\/strong> Geli\u015fmi\u015f hidrolik tasar\u0131m\u0131, filtre presinin \u00e7al\u0131\u015fmas\u0131 s\u0131ras\u0131nda hassas ayarlamalar yap\u0131lmas\u0131n\u0131 kolayla\u015ft\u0131rarak, d\u00fczg\u00fcn ve kontroll\u00fc hareketlere olanak tan\u0131r.<\/li>\n<li><strong>\u00c7ok Y\u00f6nl\u00fc Uygulama:<\/strong> Madencilik, ila\u00e7 ve g\u0131da \u00fcretimi de dahil olmak \u00fczere \u00e7ok \u00e7e\u015fitli end\u00fcstriler i\u00e7in ideal olan bu silindir, \u00e7e\u015fitli uygulamalarda filtre preslerinin i\u015flevselli\u011fini art\u0131r\u0131r.<\/li>\n<li><strong>D\u00fc\u015f\u00fck Bak\u0131m Gereksinimleri:<\/strong> Minimum a\u015f\u0131nma ve y\u0131pranma i\u00e7in tasarlanan hidrolik silindir daha az bak\u0131m gerektirir, bu da ar\u0131za s\u00fcresini azalt\u0131r ve operasyonel verimlili\u011fin artmas\u0131na katk\u0131da bulunur.<\/li>\n<\/ul>\n<p>\u00d6zetle Filtre Pres Hidrolik Silindiri, filtre preslerin performans\u0131n\u0131 optimize eden ve \u00e7e\u015fitli end\u00fcstriyel ortamlarda etkili kat\u0131-s\u0131v\u0131 ayr\u0131m\u0131 i\u00e7in vazge\u00e7ilmez hale getiren temel bir bile\u015fendir.<\/p>\n<h2>Filtre Pres Hidrolik Silindir \u00d6zellikleri:<\/h2>\n<p><img loading=\"lazy\" decoding=\"async\" class=\"size-full wp-image-605 aligncenter\" src=\"https:\/\/fmp-components.com\/wp-content\/uploads\/2024\/12\/Filter-Press-Hydraulic-Cylinder1.webp\" alt=\"Filtre Pres Hidrolik Silindir\" width=\"500\" height=\"200\" title=\"\" srcset=\"https:\/\/fmp-components.com\/wp-content\/uploads\/2024\/12\/Filter-Press-Hydraulic-Cylinder1.webp 500w, https:\/\/fmp-components.com\/wp-content\/uploads\/2024\/12\/Filter-Press-Hydraulic-Cylinder1-480x192.webp 480w\" sizes=\"(min-width: 0px) and (max-width: 480px) 480px, (min-width: 481px) 500px, 100vw\" \/><\/p>\n<table style=\"width: 102.341%; height: 208px;\" border=\"1\" cellspacing=\"0\" cellpadding=\"0\">\n<tbody>\n<tr>\n<td style=\"width: 25.9768%;\">\u00dcr\u00fcn Ad\u0131<\/td>\n<td style=\"width: 73.9176%;\">Filtre Pres Hidrolik Silindir<\/td>\n<\/tr>\n<tr>\n<td style=\"width: 25.9768%;\">\u00d6zellikler:<\/td>\n<td style=\"width: 73.9176%;\">Bas\u0131n\u00e7 plakas\u0131n\u0131 s\u0131k\u0131\u015ft\u0131rmak i\u00e7in itme\/itme kuvveti uygulay\u0131n\/bas\u0131n\u00e7 plakas\u0131n\u0131 s\u0131k\u0131\u015ft\u0131rmak i\u00e7in bas\u0131n\u00e7 \u00e7ekin<\/td>\n<\/tr>\n<tr>\n<td style=\"width: 25.9768%;\">Delik \u00e7ap\u0131:<\/td>\n<td style=\"width: 73.9176%;\">160 mm\uff5e580 mm<\/td>\n<\/tr>\n<tr>\n<td style=\"width: 25.9768%;\">\u00c7ubuk \u00e7ap\u0131:<\/td>\n<td style=\"width: 73.9176%;\">110 mm\uff5e410 mm<br \/>\nStrok \u22642600mm<\/td>\n<\/tr>\n<tr>\n<td style=\"width: 25.9768%;\">\u0130tme kuvveti:<\/td>\n<td style=\"width: 73.9176%;\">Maksimum 11889KN<br \/>\n(Silindir \u00e7ap\u0131 580mm\/bas\u0131n\u00e7 45MPa)<\/td>\n<\/tr>\n<tr>\n<td style=\"width: 25.9768%;\">Filtre Pres Silindir Uygulamalar\u0131:<\/td>\n<td style=\"width: 73.9176%;\">Filtre Pres<\/td>\n<\/tr>\n<\/tbody>\n<\/table>\n<h2>Filtre Pres Hidrolik Silindirinin Avantajlar\u0131<\/h2>\n<p>Filtre pres hidrolik silindirleri, su ar\u0131tma, kimyasal i\u015fleme, madencilik ve g\u0131da \u00fcretimi gibi \u00e7e\u015fitli end\u00fcstrilerde yayg\u0131n olarak kullan\u0131lan filtre preslerinin \u00e7al\u0131\u015fmas\u0131nda temel bile\u015fenlerdir. Bu silindirler, presleme ve susuzla\u015ft\u0131rma s\u00fcre\u00e7lerinde \u00f6nemli bir rol oynar. Filtre preslerinde hidrolik silindir kullanman\u0131n baz\u0131 temel avantajlar\u0131 a\u015fa\u011f\u0131da verilmi\u015ftir:<\/p>\n<h3>1. Y\u00fcksek Bas\u0131n\u00e7 Yetene\u011fi<\/h3>\n<p>Filtre preslerindeki hidrolik silindirler, filtre presinin boyutuna ba\u011fl\u0131 olarak genellikle 200 ila 1000 bar aras\u0131nda de\u011fi\u015fen \u00e7ok y\u00fcksek bas\u0131n\u00e7lar\u0131 kald\u0131racak \u015fekilde tasarlanm\u0131\u015ft\u0131r. Bu, filtre plakalar\u0131n\u0131 s\u0131k\u0131\u015ft\u0131rmak, s\u00fcz\u00fcnt\u00fcy\u00fc d\u0131\u015far\u0131 atmak ve bulamac\u0131n verimli bir \u015fekilde susuzla\u015ft\u0131r\u0131lmas\u0131n\u0131 sa\u011flamak i\u00e7in gerekli kuvveti uygulamak a\u00e7\u0131s\u0131ndan kritik \u00f6neme sahiptir.<\/p>\n<h3>2. Hassas Kontrol ve Ayarlanabilirlik<\/h3>\n<p>Hidrolik sistemler, presleme kuvveti \u00fczerinde hassas kontrol sa\u011flar. Bas\u0131n\u00e7, filtrasyon s\u00fcrecini optimize etmek i\u00e7in ayarlanabilir ve kontrol edilebilir, bu da verimli ve tutarl\u0131 bir performans sa\u011flar. Bu hassasiyet ayn\u0131 zamanda ekipman\u0131n g\u00fcvenli\u011fini sa\u011flar ve a\u015f\u0131nma ve y\u0131pranmay\u0131 en aza indirmeye yard\u0131mc\u0131 olur.<\/p>\n<h3>3. Otomatik Operasyon<\/h3>\n<p>Hidrolik silindirler, otomatik \u00e7al\u0131\u015fmay\u0131 m\u00fcmk\u00fcn k\u0131larak manuel m\u00fcdahale ihtiyac\u0131n\u0131 azalt\u0131r. Filtre presi, filtrasyon d\u00f6ng\u00fcs\u00fc s\u0131ras\u0131nda bas\u0131nc\u0131 otomatik olarak ayarlayarak optimum performans sa\u011flarken zamandan ve i\u015f\u00e7ilik maliyetlerinden tasarruf sa\u011flar.<\/p>\n<h3>4. Dayan\u0131kl\u0131l\u0131k ve G\u00fcvenilirlik<\/h3>\n<p>Filtre preslerinde kullan\u0131lan hidrolik silindirler, y\u00fcksek mukavemetli malzemelerden \u00fcretilir ve a\u015f\u0131nd\u0131r\u0131c\u0131 kimyasallara veya a\u015f\u0131nd\u0131r\u0131c\u0131 bulama\u00e7lara maruz kalma gibi zorlu \u00e7al\u0131\u015fma ko\u015fullar\u0131na dayanacak \u015fekilde \u00fcretilir. Bu sayede son derece dayan\u0131kl\u0131 ve g\u00fcvenilirdirler, ar\u0131za s\u00fcrelerini ve s\u0131k s\u0131k de\u011fi\u015ftirme ihtiyac\u0131n\u0131 azalt\u0131rlar.<\/p>\n<h3>5. Kompakt ve Yerden Tasarruflu<\/h3>\n<p>Hidrolik silindirler kompaktt\u0131r ve \u00e7ok fazla alan gerektirmeden y\u00fcksek kuvvet sa\u011flar. Bu, at\u0131k su ar\u0131tma tesisleri veya kimyasal i\u015fleme tesisleri gibi alan\u0131n s\u0131n\u0131rl\u0131 oldu\u011fu end\u00fcstrilerde \u00f6zellikle \u00f6nemlidir.<\/p>\n<h3>6. Enerji Verimlili\u011fi<\/h3>\n<p>Hidrolik sistemler, kuvveti iletmek i\u00e7in bas\u0131n\u00e7l\u0131 s\u0131v\u0131 kulland\u0131klar\u0131ndan di\u011fer mekanik sistemlere k\u0131yasla daha enerji verimli olabilir. Bu, filtre pres sisteminin genel enerji t\u00fcketimini azaltarak uzun vadede maliyet tasarrufuna katk\u0131da bulunabilir.<\/p>\n<h3>7. D\u00fc\u015f\u00fck Bak\u0131m<\/h3>\n<p>Hidrolik silindirler genellikle mekanik veya pn\u00f6matik sistemlere k\u0131yasla daha az bak\u0131m gerektirir. D\u00fczenli s\u0131v\u0131 kontrolleri ve s\u0131zd\u0131rmazl\u0131k bak\u0131m\u0131 gibi uygun bak\u0131mlarla, hidrolik silindirler uzun bir hizmet \u00f6mr\u00fc sunabilir ve bu da s\u00fcrekli filtrasyona dayanan end\u00fcstriler i\u00e7in uygun maliyetlidir.<\/p>\n<h3>8. Daha B\u00fcy\u00fck Y\u00fckleri Ta\u015f\u0131ma Yetene\u011fi<\/h3>\n<p>Hidrolik sistemler, boyutlar\u0131na g\u00f6re \u00f6nemli bir kuvvet \u00fcretebilir ve bu da onlar\u0131 filtre preslerinin a\u011f\u0131r y\u00fck gereksinimlerini kar\u015f\u0131lamak i\u00e7in ideal hale getirir. Bu \u00f6zellik, filtre preslerinin daha b\u00fcy\u00fck hacimlerde bulama\u00e7lar\u0131 i\u015fleyebilmesini ve daha verimli susuzla\u015ft\u0131rma sonu\u00e7lar\u0131 elde etmesini sa\u011flar.<\/p>\n<h3>9. Azalt\u0131lm\u0131\u015f A\u015f\u0131nma ve Y\u0131pranma<\/h3>\n<p>Hidrolik silindirler, hareket olu\u015fturmak i\u00e7in s\u0131v\u0131 kullan\u0131r ve bu da mekanik ba\u011flant\u0131l\u0131 sistemlerde tipik olarak g\u00f6r\u00fclen s\u00fcrt\u00fcnmeyi ve mekanik a\u015f\u0131nmay\u0131 azalt\u0131r. Bu da t\u00fcm filtre pres sisteminin \u00f6mr\u00fcn\u00fc uzat\u0131r.<\/p>\n<h3>10. G\u00fcvenlik \u00d6zellikleri<\/h3>\n<p>Filtre preslerdeki bir\u00e7ok hidrolik sistem, sistemin a\u015f\u0131r\u0131 y\u00fcklenmesini \u00f6nlemeye ve ekipman\u0131 hasardan korumaya yard\u0131mc\u0131 olan bas\u0131n\u00e7 tahliye valfleri ve sens\u00f6rler gibi yerle\u015fik g\u00fcvenlik mekanizmalar\u0131yla birlikte gelir.<\/p>\n<h3>11. \u00d6zelle\u015ftirilebilir Tasar\u0131mlar<\/h3>\n<p>Filtre presleri i\u00e7in hidrolik silindirler, uygulaman\u0131n \u00f6zel gereksinimlerini kar\u015f\u0131layacak \u015fekilde uyarlanabilir. Bas\u0131n\u00e7, strok uzunlu\u011fu veya malzeme se\u00e7imi gibi konularda, hidrolik silindirler belirli bir end\u00fcstrinin veya filtrasyon s\u00fcrecinin hassas ihtiya\u00e7lar\u0131na uyacak \u015fekilde tasarlanabilir.<\/p>\n<p>\u00d6zetle, filtre preslerdeki hidrolik silindirlerin avantajlar\u0131, y\u00fcksek bas\u0131n\u00e7 kapasiteleri, hassas kontrolleri, g\u00fcvenilirlikleri, enerji verimlilikleri ve dayan\u0131kl\u0131l\u0131klar\u0131ndan kaynaklanmaktad\u0131r. Bu \u00f6zellikler, onlar\u0131 sa\u011flam ve verimli filtrasyon \u00e7\u00f6z\u00fcmlerine ihtiya\u00e7 duyan end\u00fcstriler i\u00e7in ideal bir se\u00e7im haline getirmektedir.<\/p>\n<p><img loading=\"lazy\" decoding=\"async\" class=\"alignnone size-full wp-image-610\" src=\"https:\/\/fmp-components.com\/wp-content\/uploads\/2024\/12\/fmwYxuKu-hydraulic-cylinder-factory-1.webp\" alt=\"hidrolik silindir fabrikas\u0131\" width=\"1049\" height=\"665\" title=\"\" srcset=\"https:\/\/fmp-components.com\/wp-content\/uploads\/2024\/12\/fmwYxuKu-hydraulic-cylinder-factory-1.webp 1049w, https:\/\/fmp-components.com\/wp-content\/uploads\/2024\/12\/fmwYxuKu-hydraulic-cylinder-factory-1-980x621.webp 980w, https:\/\/fmp-components.com\/wp-content\/uploads\/2024\/12\/fmwYxuKu-hydraulic-cylinder-factory-1-480x304.webp 480w\" sizes=\"(min-width: 0px) and (max-width: 480px) 480px, (min-width: 481px) and (max-width: 980px) 980px, (min-width: 981px) 1049px, 100vw\" \/><\/p>\n<h2>Filtre Pres Hidrolik Silindirinin Uygulamalar\u0131<\/h2>\n<h3>1. At\u0131ksu Ar\u0131tma<\/h3>\n<p>Filtre pres hidrolik silindirleri, at\u0131k su ar\u0131tma tesislerinde kat\u0131 maddeleri s\u0131v\u0131lardan etkili bir \u015fekilde ay\u0131rmak i\u00e7in yayg\u0131n olarak kullan\u0131l\u0131r. Bu silindirler, y\u00fcksek bas\u0131n\u00e7 uygulayarak at\u0131k sular\u0131n \u00e7evreye de\u015farj edilmeden \u00f6nce s\u0131k\u0131 d\u00fczenleyici standartlar\u0131 kar\u015f\u0131lamas\u0131n\u0131 sa\u011flar. Bu i\u015flem, su kalitesini koruman\u0131n yan\u0131 s\u0131ra s\u00fcrd\u00fcr\u00fclebilir at\u0131k y\u00f6netimi uygulamalar\u0131n\u0131 da te\u015fvik ederek, belediye ve end\u00fcstriyel at\u0131k su ar\u0131tma operasyonlar\u0131nda \u00f6nemli bir bile\u015fen haline getirir.<\/p>\n<h3>2. G\u0131da ve \u0130\u00e7ecek End\u00fcstrisi<\/h3>\n<p>G\u0131da i\u015fleme sekt\u00f6r\u00fcnde, filtre pres hidrolik silindirleri, meyve sular\u0131n\u0131n berrakla\u015ft\u0131r\u0131lmas\u0131, ya\u011flar\u0131n \u00e7\u0131kar\u0131lmas\u0131 ve s\u0131v\u0131 \u00fcr\u00fcnlerden kat\u0131lar\u0131n ayr\u0131lmas\u0131 gibi \u00e7e\u015fitli uygulamalarda hayati bir rol oynar. Bu silindirler, filtrasyon s\u00fcrecini iyile\u015ftirerek y\u00fcksek kaliteli g\u0131da ve i\u00e7ecek \u00fcretimine katk\u0131da bulunur, \u00fcr\u00fcnlerin safs\u0131zl\u0131klardan ar\u0131nd\u0131r\u0131lmas\u0131n\u0131 ve g\u00fcvenlik standartlar\u0131na uygun olmas\u0131n\u0131 sa\u011flar. Verimlilikleri, \u00fcreticilerin \u00fcretim s\u00fcre\u00e7lerini optimize etmelerine ve \u00fcr\u00fcn tutarl\u0131l\u0131\u011f\u0131n\u0131 korumalar\u0131na yard\u0131mc\u0131 olur.<\/p>\n<h3>3. Kimyasal \u00dcretim<\/h3>\n<p>Kimya tesislerinde, filtre pres hidrolik silindirleri, kat\u0131 maddelerin bulama\u00e7lardan verimli bir \u015fekilde ayr\u0131lmas\u0131 i\u00e7in olmazsa olmazd\u0131r. Bu \u00f6zellik, kimyasallar\u0131n safla\u015ft\u0131r\u0131lmas\u0131na ve de\u011ferli malzemelerin geri kazan\u0131lmas\u0131na yard\u0131mc\u0131 olarak \u00fcretim s\u00fcrecini daha ekonomik ve \u00e7evre dostu hale getirir. \u00dcretimde yaln\u0131zca saf maddelerin kullan\u0131lmas\u0131n\u0131 sa\u011flayarak, bu silindirler kimyasal \u00fcr\u00fcnlerin b\u00fct\u00fcnl\u00fc\u011f\u00fcn\u00fcn korunmas\u0131na ve sekt\u00f6r y\u00f6netmeliklerine uygun olmas\u0131na yard\u0131mc\u0131 olur.<\/p>\n<h3>4. Madencilik ve Mineral \u0130\u015fleme<\/h3>\n<p>Madencilik sekt\u00f6r\u00fcnde, bu hidrolik silindirler konsantre ve at\u0131klar\u0131n susuzla\u015ft\u0131r\u0131lmas\u0131 i\u00e7in kritik \u00f6neme sahiptir. Madenden \u00e7\u0131kar\u0131lan malzemelerden suyun ayr\u0131lmas\u0131n\u0131 kolayla\u015ft\u0131rarak at\u0131k y\u00f6netimine ve cevherden de\u011ferli minerallerin geri kazan\u0131lmas\u0131na yard\u0131mc\u0131 olurlar. Bu, yaln\u0131zca operasyonel verimlili\u011fi art\u0131rmakla kalmaz, ayn\u0131 zamanda su kullan\u0131m\u0131n\u0131 azaltarak ve at\u0131k geri d\u00f6n\u00fc\u015f\u00fcm\u00fcn\u00fc te\u015fvik ederek madencilik faaliyetlerinin \u00e7evresel etkisini de en aza indirir.<\/p>\n<h3>5. \u0130la\u00e7lar<\/h3>\n<p>\u0130la\u00e7 \u00fcretiminde, filtre pres hidrolik silindirleri, g\u00fcvenli ve y\u00fcksek kaliteli ila\u00e7lar\u0131n \u00fcretimi i\u00e7in gerekli olan filtrasyon ve ar\u0131tma s\u00fcre\u00e7lerine yard\u0131mc\u0131 olur. Safs\u0131zl\u0131klar\u0131 etkili bir \u015fekilde gidererek ve s\u0131v\u0131 form\u00fclasyonlar\u0131n berrakl\u0131\u011f\u0131n\u0131 sa\u011flayarak, bu silindirler \u00fcreticilerin kat\u0131 d\u00fczenleyici standartlara uymas\u0131na ve \u00fcr\u00fcn etkinli\u011fini korumas\u0131na yard\u0131mc\u0131 olur. \u0130la\u00e7lar\u0131n hem t\u00fcketim i\u00e7in g\u00fcvenli hem de t\u0131bbi rahats\u0131zl\u0131klar\u0131n tedavisinde etkili olmas\u0131n\u0131 sa\u011flamada kritik rol oynarlar.<\/p>\n<h3>6. Ka\u011f\u0131t Hamuru ve Ka\u011f\u0131t End\u00fcstrisi<\/h3>\n<p>Filtre pres hidrolik silindirleri, ka\u011f\u0131t hamuru ve ka\u011f\u0131t end\u00fcstrisinde hamurun suyunu almak ve \u00fcretim s\u0131ras\u0131nda suyu elyaftan etkili bir \u015fekilde ay\u0131rmak i\u00e7in kullan\u0131l\u0131r. Bu i\u015flem, \u00fcretim hatt\u0131n\u0131n verimlili\u011fini art\u0131rman\u0131n yan\u0131 s\u0131ra daha kaliteli ka\u011f\u0131t \u00fcr\u00fcnleri \u00fcretilmesine de yard\u0131mc\u0131 olur. Su i\u00e7eri\u011fini en aza indirerek enerji tasarrufuna katk\u0131da bulunur ve ka\u011f\u0131t \u00fcretim s\u00fcrecinin genel s\u00fcrd\u00fcr\u00fclebilirli\u011fini art\u0131r\u0131r.<\/p>\n<h3>7. \u00c7evresel \u0130yile\u015ftirme<\/h3>\n<p>\u00c7evre temizleme \u00e7al\u0131\u015fmalar\u0131nda, filtre pres hidrolik silindirleri toprak ve sudaki kirleticileri filtrelemek i\u00e7in kullan\u0131l\u0131r. Zararl\u0131 maddeleri temiz malzemelerden etkili bir \u015fekilde ay\u0131ran bu silindirler, kirlenmi\u015f alanlar\u0131n iyile\u015ftirilmesinde ve \u00e7evresel iyile\u015fmenin desteklenmesinde \u00f6nemli bir rol oynar. \u0130yile\u015ftirme projelerinde kullan\u0131lmalar\u0131, ekosistemleri ve halk sa\u011fl\u0131\u011f\u0131n\u0131 korumadaki \u00f6nemlerini vurgular.<\/p>\n<p>Filtre pres hidrolik silindirleri, \u00e7e\u015fitli end\u00fcstrilerde kat\u0131-s\u0131v\u0131 ay\u0131rma i\u015fleminin verimlili\u011fini ve etkinli\u011fini art\u0131ran \u00e7ok y\u00f6nl\u00fc bile\u015fenlerdir. \u00dcr\u00fcn kalitesini ve \u00e7evre y\u00f6netmeliklerine uyumu sa\u011flama yetenekleri, onlar\u0131 at\u0131k su ar\u0131t\u0131m\u0131, g\u0131da i\u015fleme, kimyasal \u00fcretim, madencilik, ila\u00e7, ka\u011f\u0131t hamuru ve ka\u011f\u0131t \u00fcretimi ve \u00e7evre iyile\u015ftirme alanlar\u0131nda vazge\u00e7ilmez k\u0131lmaktad\u0131r. Bu kritik s\u00fcre\u00e7leri optimize ederek, filtre pres hidrolik silindirleri \u00e7e\u015fitli uygulamalarda operasyonel verimlili\u011fe ve s\u00fcrd\u00fcr\u00fclebilirli\u011fe \u00f6nemli \u00f6l\u00e7\u00fcde katk\u0131da bulunur.<\/p>\n<p><img loading=\"lazy\" decoding=\"async\" class=\"alignnone size-full wp-image-607\" src=\"https:\/\/fmp-components.com\/wp-content\/uploads\/2024\/12\/Filter-Press-Hydraulic-Cylinder.webp\" alt=\"Filtre Pres Hidrolik Silindir\" width=\"1024\" height=\"597\" title=\"\" srcset=\"https:\/\/fmp-components.com\/wp-content\/uploads\/2024\/12\/Filter-Press-Hydraulic-Cylinder.webp 1024w, https:\/\/fmp-components.com\/wp-content\/uploads\/2024\/12\/Filter-Press-Hydraulic-Cylinder-980x571.webp 980w, https:\/\/fmp-components.com\/wp-content\/uploads\/2024\/12\/Filter-Press-Hydraulic-Cylinder-480x280.webp 480w\" sizes=\"(min-width: 0px) and (max-width: 480px) 480px, (min-width: 481px) and (max-width: 980px) 980px, (min-width: 981px) 1024px, 100vw\" \/><\/p>\n<h3>FMP Hakk\u0131nda<\/h3>\n<p>FMP, hidrolik silindir \u00fcretimine odaklanm\u0131\u015f uzman bir mekanik \u00fcretim \u015firketidir. Kurulu\u015fundan bu yana \u015firket, hidrolik teknolojisinin ara\u015ft\u0131rma ve \u00fcretimine odaklanm\u0131\u015f ve hasat ve in\u015faat makinelerini de i\u00e7eren geni\u015f \u00fcr\u00fcn yelpazesinden, tar\u0131m trakt\u00f6r\u00fc bile\u015fenlerinde uzmanla\u015fmaya ba\u015far\u0131yla ge\u00e7i\u015f yapm\u0131\u015ft\u0131r. \u00dcretim ve y\u00f6netim alan\u0131nda on y\u0131l\u0131 a\u015fk\u0131n deneyimiyle FMP, geli\u015fmi\u015f \u00fcretim teknikleri sayesinde y\u00fcksek kaliteli \u00fcr\u00fcnler sunmaktad\u0131r.<\/p>\n<p>\u015eirketimiz geli\u015ftik\u00e7e, kapsaml\u0131 bir tala\u015fl\u0131 imalat \u00fcretim hatt\u0131, montaj hatt\u0131 ve kaplama hatt\u0131 geli\u015ftirdi. Ekibimiz, istikrarl\u0131 \u00fcretim kalitesini korurken s\u00fcre\u00e7 s\u00fcreklili\u011fini ve verimlili\u011fini etkili bir \u015fekilde kontrol etmek i\u00e7in birlikte \u00e7al\u0131\u015fan yetenekli y\u00f6netim personeli, deneyimli makine tasar\u0131mc\u0131lar\u0131 ve y\u00fcksek e\u011fitimli teknisyenlerden olu\u015fmaktad\u0131r.<\/p>\n<p>FMP, \u201cTeknolojik Yenilik \u0130lerlemeyi Te\u015fvik Eder, Kalite Marka Yarat\u0131r, \u0130\u015f\u00e7ilik Kaliteyi Sa\u011flar ve Uzun Vadeli Kazan-Kazan \u0130li\u015fkileri Kurar\u201d felsefesini benimser. Y\u00fcksek kaliteli \u00fcr\u00fcnler ve \u00fcst\u00fcn m\u00fc\u015fteri hizmeti sunma taahh\u00fcd\u00fcm\u00fcz, pazar\u0131n geli\u015fen ihtiya\u00e7lar\u0131n\u0131 kar\u015f\u0131lamaya devam ederken temel hedefimiz olmaya devam etmektedir.<\/p>\n<p><img loading=\"lazy\" decoding=\"async\" class=\"alignnone size-full wp-image-426\" src=\"https:\/\/fmp-components.com\/wp-content\/uploads\/2024\/12\/Sanitation-Machinery-Locking-Hydraulic-Cylinder-factory.webp\" sizes=\"(min-width: 0px) and (max-width: 480px) 480px, (min-width: 481px) and (max-width: 980px) 980px, (min-width: 981px) and (max-width: 1280px) 1280px, (min-width: 1281px) 1414px, 100vw\" srcset=\"https:\/\/fmp-components.com\/wp-content\/uploads\/2024\/12\/Sanitation-Machinery-Locking-Hydraulic-Cylinder-factory.webp 1414w, https:\/\/fmp-components.com\/wp-content\/uploads\/2024\/12\/Sanitation-Machinery-Locking-Hydraulic-Cylinder-factory-1280x529.webp 1280w, https:\/\/fmp-components.com\/wp-content\/uploads\/2024\/12\/Sanitation-Machinery-Locking-Hydraulic-Cylinder-factory-980x405.webp 980w, https:\/\/fmp-components.com\/wp-content\/uploads\/2024\/12\/Sanitation-Machinery-Locking-Hydraulic-Cylinder-factory-480x198.webp 480w\" alt=\"Sanitasyon-Makine-Kilitleme-Hidrolik-Silindir-Fabrikas\u0131\" width=\"1414\" height=\"584\" title=\"\"><\/p>\n<p>Yazar: CX<\/p>","protected":false},"excerpt":{"rendered":"<p>Filtre Pres Hidrolik Silindiri, \u00e7e\u015fitli end\u00fcstriyel uygulamalarda filtre preslerinin verimli \u00e7al\u0131\u015fmas\u0131 i\u00e7in gerekli kuvveti sa\u011flamak \u00fczere tasarlanm\u0131\u015f \u00f6nemli bir bile\u015fendir. Bu silindir, filtre plakalar\u0131na bas\u0131n\u00e7 uygulayarak filtrasyon i\u015flemi s\u0131ras\u0131nda kat\u0131lar\u0131n s\u0131v\u0131lardan etkili bir \u015fekilde ayr\u0131lmas\u0131n\u0131 sa\u011flar. Y\u00fcksek mukavemetli malzemelerden \u00fcretilen bu silindir, filtrasyon ortamlar\u0131ndaki tipik zorlu ko\u015fullara dayanacak \u015fekilde \u00fcretilmi\u015ftir ve dayan\u0131kl\u0131l\u0131k ve g\u00fcvenilirlik sa\u011flar. P\u00fcr\u00fczs\u00fcz hidrolik hareketi, hassas kontrol sa\u011flayarak filtrasyon i\u015fleminin genel verimlili\u011fini ve etkinli\u011fini art\u0131r\u0131r. Bu hidrolik silindir, filtre preslerinin performans\u0131n\u0131 optimize etmek i\u00e7in olmazsa olmazd\u0131r ve bu da onu at\u0131k su ar\u0131tma, g\u0131da i\u015fleme ve kimyasal \u00fcretim gibi end\u00fcstrilerde kritik bir unsur haline getirir.<\/p>","protected":false},"featured_media":606,"comment_status":"open","ping_status":"closed","template":"","meta":{"_et_pb_use_builder":"","_et_pb_old_content":"","_et_gb_content_width":""},"product_brand":[],"product_cat":[27],"product_tag":[],"class_list":{"0":"post-604","1":"product","2":"type-product","3":"status-publish","4":"has-post-thumbnail","6":"product_cat-industrial-engineering-hydraulic-cylinders","8":"first","9":"instock","10":"shipping-taxable","11":"product-type-simple"},"_links":{"self":[{"href":"https:\/\/fmp-components.com\/tr\/wp-json\/wp\/v2\/product\/604","targetHints":{"allow":["GET"]}}],"collection":[{"href":"https:\/\/fmp-components.com\/tr\/wp-json\/wp\/v2\/product"}],"about":[{"href":"https:\/\/fmp-components.com\/tr\/wp-json\/wp\/v2\/types\/product"}],"replies":[{"embeddable":true,"href":"https:\/\/fmp-components.com\/tr\/wp-json\/wp\/v2\/comments?post=604"}],"wp:featuredmedia":[{"embeddable":true,"href":"https:\/\/fmp-components.com\/tr\/wp-json\/wp\/v2\/media\/606"}],"wp:attachment":[{"href":"https:\/\/fmp-components.com\/tr\/wp-json\/wp\/v2\/media?parent=604"}],"wp:term":[{"taxonomy":"product_brand","embeddable":true,"href":"https:\/\/fmp-components.com\/tr\/wp-json\/wp\/v2\/product_brand?post=604"},{"taxonomy":"product_cat","embeddable":true,"href":"https:\/\/fmp-components.com\/tr\/wp-json\/wp\/v2\/product_cat?post=604"},{"taxonomy":"product_tag","embeddable":true,"href":"https:\/\/fmp-components.com\/tr\/wp-json\/wp\/v2\/product_tag?post=604"}],"curies":[{"name":"wp","href":"https:\/\/api.w.org\/{rel}","templated":true}]}}