{"id":587,"date":"2024-12-17T01:21:39","date_gmt":"2024-12-17T01:21:39","guid":{"rendered":"https:\/\/fmp-components.com\/?page_id=8"},"modified":"2024-12-17T03:06:10","modified_gmt":"2024-12-17T03:06:10","slug":"hydraulic-cylinder-for-press","status":"publish","type":"product","link":"https:\/\/fmp-components.com\/tr\/product\/hydraulic-cylinder-for-press\/","title":{"rendered":"Pres i\u00e7in Hidrolik Silindir"},"content":{"rendered":"<p style=\"text-align: center;\"><span style=\"font-size: 18pt;\">Pres i\u00e7in Hidrolik Silindir<\/span><\/p>\n<p>Pres Hidrolik Silindiri, \u00e7e\u015fitli end\u00fcstriyel ortamlardaki pres uygulamalar\u0131 i\u00e7in g\u00fc\u00e7l\u00fc bir kuvvet sa\u011flamak \u00fczere tasarlanm\u0131\u015f \u00f6zel bir hidrolik bile\u015fendir. Bu silindir, metal \u015fekillendirme, plastik kal\u0131plama ve montaj i\u015flemleri gibi malzemeleri \u015fekillendirmek veya s\u0131k\u0131\u015ft\u0131rmak i\u00e7in y\u00fcksek kuvvet gerektiren i\u015flemler i\u00e7in olmazsa olmazd\u0131r.<\/p>\n<p><img loading=\"lazy\" decoding=\"async\" class=\"alignnone size-full wp-image-602\" src=\"https:\/\/fmp-components.com\/wp-content\/uploads\/2024\/12\/Hydraulic-Press-Master-Cylinder.webp\" alt=\"Hidrolik Pres Ana Silindiri\" width=\"1000\" height=\"600\" title=\"\" srcset=\"https:\/\/fmp-components.com\/wp-content\/uploads\/2024\/12\/Hydraulic-Press-Master-Cylinder.webp 1000w, https:\/\/fmp-components.com\/wp-content\/uploads\/2024\/12\/Hydraulic-Press-Master-Cylinder-980x588.webp 980w, https:\/\/fmp-components.com\/wp-content\/uploads\/2024\/12\/Hydraulic-Press-Master-Cylinder-480x288.webp 480w\" sizes=\"(min-width: 0px) and (max-width: 480px) 480px, (min-width: 481px) and (max-width: 980px) 980px, (min-width: 981px) 1000px, 100vw\" \/><\/p>\n<h4>Temel \u00d6zellikler:<\/h4>\n<ul>\n<li><strong>Y\u00fcksek Kuvvet \u00c7\u0131k\u0131\u015f\u0131:<\/strong> \u00d6nemli bir hidrolik kuvvet \u00fcretecek \u015fekilde tasarlanan bu silindir, a\u011f\u0131r y\u00fckleri kald\u0131rabilir ve bu da onu zorlu presleme g\u00f6revleri i\u00e7in ideal hale getirir.<\/li>\n<li><strong>Sa\u011flam Yap\u0131:<\/strong> Y\u00fcksek mukavemetli malzemelerden \u00fcretilen hidrolik silindir, end\u00fcstriyel ortamlar\u0131n zorlu ko\u015fullar\u0131na dayanacak \u015fekilde \u00fcretilmi\u015ftir ve uzun s\u00fcreli dayan\u0131kl\u0131l\u0131k ve g\u00fcvenilirlik sa\u011flar.<\/li>\n<li><strong>Sorunsuz \u00c7al\u0131\u015fma:<\/strong> Geli\u015fmi\u015f hidrolik tasar\u0131m\u0131, presleme i\u015flemleri s\u0131ras\u0131nda istenilen sonu\u00e7lara ula\u015fmak i\u00e7in hassas kontrol sa\u011flayarak, yumu\u015fak ve kontroll\u00fc hareketlere olanak tan\u0131r.<\/li>\n<li><strong>\u00c7ok Y\u00f6nl\u00fc Uygulama:<\/strong> \u00c7ok \u00e7e\u015fitli pres makineleri i\u00e7in uygun olan bu silindir, otomotiv, imalat ve metal i\u015fleme end\u00fcstrileri de dahil olmak \u00fczere \u00e7e\u015fitli uygulamalar\u0131n i\u015flevselli\u011fini art\u0131r\u0131r.<\/li>\n<li><strong>D\u00fc\u015f\u00fck Bak\u0131m Gereksinimleri:<\/strong> Minimum a\u015f\u0131nma ve y\u0131pranma i\u00e7in tasarlanan hidrolik silindir daha az bak\u0131m gerektirir, bu da ar\u0131za s\u00fcresini azalt\u0131r ve \u00fcretkenli\u011fin artmas\u0131na katk\u0131da bulunur.<\/li>\n<\/ul>\n<p>Pres Hidrolik Silindiri, presleme uygulamalar\u0131n\u0131n performans\u0131n\u0131 ve verimlili\u011fini optimize eden, \u00e7e\u015fitli end\u00fcstriyel ortamlarda etkili malzeme \u015fekillendirme ve s\u0131k\u0131\u015ft\u0131rma i\u00e7in vazge\u00e7ilmez hale getiren temel bir bile\u015fendir.<\/p>\n<h2>Hidrolik Pres Ana Silindiri<\/h2>\n<p><img loading=\"lazy\" decoding=\"async\" class=\"size-full wp-image-596 aligncenter\" src=\"https:\/\/fmp-components.com\/wp-content\/uploads\/2024\/12\/Hydraulic-Press-Master-Cylinder1.webp\" alt=\"Hidrolik Pres Ana Silindiri\" width=\"500\" height=\"200\" title=\"\" srcset=\"https:\/\/fmp-components.com\/wp-content\/uploads\/2024\/12\/Hydraulic-Press-Master-Cylinder1.webp 500w, https:\/\/fmp-components.com\/wp-content\/uploads\/2024\/12\/Hydraulic-Press-Master-Cylinder1-480x192.webp 480w\" sizes=\"(min-width: 0px) and (max-width: 480px) 480px, (min-width: 481px) 500px, 100vw\" \/><\/p>\n<table style=\"width: 98.4519%; height: 229px;\" border=\"1\" cellspacing=\"0\" cellpadding=\"0\">\n<tbody>\n<tr>\n<td>\u00dcr\u00fcn Ad\u0131<\/td>\n<td>Hidrolik Pres Ana Silindiri<\/td>\n<\/tr>\n<tr>\n<td>\u00d6zellikler:<\/td>\n<td>Bas\u0131n\u0131n ana itici g\u00fcc\u00fcn\u00fc sa\u011flamak<\/td>\n<\/tr>\n<tr>\n<td>Piston:<\/td>\n<td>500 mm\uff5e1800 mm<br \/>\nStrok\u22644500mm<\/td>\n<\/tr>\n<tr>\n<td>\u0130tme kuvveti:<\/td>\n<td>Maksimum 80MN<br \/>\n(Plunger 1800mm\/bas\u0131n\u00e7 31.5MPa)<\/td>\n<\/tr>\n<tr>\n<td>Hidrolik Ana Silindir Uygulamalar\u0131:<\/td>\n<td>Basmak<\/td>\n<\/tr>\n<\/tbody>\n<\/table>\n<h2>Hidrolik Pres Yan Silindiri<\/h2>\n<p><img loading=\"lazy\" decoding=\"async\" class=\"size-full wp-image-600 aligncenter\" src=\"https:\/\/fmp-components.com\/wp-content\/uploads\/2024\/12\/Hydraulic-Press-Side-Cylinder1.webp\" alt=\"Hidrolik Pres Yan Silindiri\" width=\"500\" height=\"200\" title=\"\" srcset=\"https:\/\/fmp-components.com\/wp-content\/uploads\/2024\/12\/Hydraulic-Press-Side-Cylinder1.webp 500w, https:\/\/fmp-components.com\/wp-content\/uploads\/2024\/12\/Hydraulic-Press-Side-Cylinder1-480x192.webp 480w\" sizes=\"(min-width: 0px) and (max-width: 480px) 480px, (min-width: 481px) 500px, 100vw\" \/><\/p>\n<table style=\"width: 98.5144%; height: 257px;\" border=\"1\" cellspacing=\"0\" cellpadding=\"0\">\n<tbody>\n<tr style=\"height: 23px;\">\n<td style=\"height: 23px;\">\u00dcr\u00fcn Ad\u0131<\/td>\n<td style=\"height: 23px;\">Hidrolik Pres Yan Silindiri<\/td>\n<\/tr>\n<tr style=\"height: 23px;\">\n<td style=\"height: 23px;\">\u00d6zellikler:<\/td>\n<td style=\"height: 23px;\">Ana silindir ile prese itme g\u00fcc\u00fc sa\u011flay\u0131n<\/td>\n<\/tr>\n<tr style=\"height: 23px;\">\n<td style=\"height: 23px;\">Piston:<\/td>\n<td style=\"height: 23px;\">420 mm\uff5e1000 mm<\/td>\n<\/tr>\n<tr style=\"height: 23px;\">\n<td style=\"height: 23px;\">Fel\u00e7:<\/td>\n<td style=\"height: 23px;\">Strok\u22644500mm<\/td>\n<\/tr>\n<tr style=\"height: 47px;\">\n<td style=\"height: 47px;\">\u0130tme kuvveti:<\/td>\n<td style=\"height: 47px;\">Maksimum 24,7 milyon<br \/>\n(Plunger 1000mm\/bas\u0131n\u00e7 31.5MPa)<\/td>\n<\/tr>\n<tr style=\"height: 23px;\">\n<td style=\"height: 23px;\">Hidrolik Yan Silindir Uygulamalar\u0131:<\/td>\n<td style=\"height: 23px;\">Hidrolik Pres<\/td>\n<\/tr>\n<\/tbody>\n<\/table>\n<h2>Hidrolik Pres D\u00f6n\u00fc\u015f Silindiri<\/h2>\n<p><img loading=\"lazy\" decoding=\"async\" class=\"size-full wp-image-599 aligncenter\" src=\"https:\/\/fmp-components.com\/wp-content\/uploads\/2024\/12\/Hydraulic-Press-Return-Cylinder1.webp\" alt=\"Hidrolik Pres D\u00f6n\u00fc\u015f Silindiri\" width=\"500\" height=\"200\" title=\"\" srcset=\"https:\/\/fmp-components.com\/wp-content\/uploads\/2024\/12\/Hydraulic-Press-Return-Cylinder1.webp 500w, https:\/\/fmp-components.com\/wp-content\/uploads\/2024\/12\/Hydraulic-Press-Return-Cylinder1-480x192.webp 480w\" sizes=\"(min-width: 0px) and (max-width: 480px) 480px, (min-width: 481px) 500px, 100vw\" \/><\/p>\n<table style=\"width: 98.5637%; height: 319px;\" border=\"1\" cellspacing=\"0\" cellpadding=\"0\">\n<tbody>\n<tr>\n<td>\u00dcr\u00fcn Ad\u0131<\/td>\n<td>Hidrolik Pres D\u00f6n\u00fc\u015f Silindiri<\/td>\n<\/tr>\n<tr>\n<td>\u00d6zellikler:<\/td>\n<td>Ana silindir ve yan silindir i\u00e7in piston tipi\/piston tipi olmak \u00fczere iki ayr\u0131 geri d\u00f6n\u00fc\u015f kuvveti sa\u011flar<\/td>\n<\/tr>\n<tr>\n<td>Delik \u00e7ap\u0131:<\/td>\n<td>180 mm\uff5e410 mm<\/td>\n<\/tr>\n<tr>\n<td>\u00c7ubuk \u00e7ap\u0131:<\/td>\n<td>\u00a0120 mm\uff5e360 mm<br \/>\nStrok\u22644500mm<\/td>\n<\/tr>\n<tr>\n<td>\u0130tme kuvveti:<\/td>\n<td>Maksimum 2612KN<br \/>\n(Delik \u00e7ap\u0131: 410mm\/bas\u0131n\u00e7 31,5MPa)<\/td>\n<\/tr>\n<tr>\n<td>Piston:<\/td>\n<td>\u00a0140 mm\uff5e360 mm<br \/>\nStrok\u22643000 mm<\/td>\n<\/tr>\n<tr>\n<td>Piston \u0130tme kuvveti:<\/td>\n<td>Maksimum 3206KN<br \/>\n(Plunger 360mm\/bas\u0131n\u00e7 31.5MPa)<\/td>\n<\/tr>\n<tr>\n<td>Hidrolik Pres D\u00f6n\u00fc\u015f Silindiri Uygulamalar\u0131:<\/td>\n<td>Hidrolik Pres<\/td>\n<\/tr>\n<\/tbody>\n<\/table>\n<h2>Hidrolik Pres Tesviye Silindiri<\/h2>\n<p><img loading=\"lazy\" decoding=\"async\" class=\"size-full wp-image-595 aligncenter\" src=\"https:\/\/fmp-components.com\/wp-content\/uploads\/2024\/12\/Hydraulic-Press-Leveling-Cylinder1.webp\" alt=\"Hidrolik Pres Tesviye Silindiri\" width=\"500\" height=\"200\" title=\"\" srcset=\"https:\/\/fmp-components.com\/wp-content\/uploads\/2024\/12\/Hydraulic-Press-Leveling-Cylinder1.webp 500w, https:\/\/fmp-components.com\/wp-content\/uploads\/2024\/12\/Hydraulic-Press-Leveling-Cylinder1-480x192.webp 480w\" sizes=\"(min-width: 0px) and (max-width: 480px) 480px, (min-width: 481px) 500px, 100vw\" \/><\/p>\n<table style=\"width: 101.009%; height: 270px;\" border=\"1\" cellspacing=\"0\" cellpadding=\"0\">\n<tbody>\n<tr>\n<td>\u00dcr\u00fcn Ad\u0131<\/td>\n<td>Hidrolik Pres Tesviye Silindiri<\/td>\n<\/tr>\n<tr>\n<td>\u00d6zellikler:<\/td>\n<td>Bo\u015fluklar\u0131n veya i\u015f par\u00e7alar\u0131n\u0131n paralel kald\u0131r\u0131lmas\u0131<\/td>\n<\/tr>\n<tr>\n<td>Delik \u00e7ap\u0131:<\/td>\n<td>\u00a090 mm\uff5e380 mm<\/td>\n<\/tr>\n<tr>\n<td>\u00c7ubuk \u00e7ap\u0131:<\/td>\n<td>50 mm\uff5e280 mm<br \/>\nStrok\u22642500mm<\/td>\n<\/tr>\n<tr>\n<td>\u0130tme kuvveti:<\/td>\n<td>Maksimum 2835KN<br \/>\n(Silindir \u00e7ap\u0131 380mm\/bas\u0131n\u00e7 25MPa)<\/td>\n<\/tr>\n<tr>\n<td>Hidrolik Pres Tesviye Silindiri Uygulamalar\u0131:<\/td>\n<td>Hidrolik Pres<\/td>\n<\/tr>\n<\/tbody>\n<\/table>\n<h2>Hidrolik Pres E\u011fim Silindiri<\/h2>\n<p><img loading=\"lazy\" decoding=\"async\" class=\"size-full wp-image-601 aligncenter\" src=\"https:\/\/fmp-components.com\/wp-content\/uploads\/2024\/12\/Hydraulic-Press-Tilt-Cylinder1.webp\" alt=\"Hidrolik Pres E\u011fim Silindiri\" width=\"500\" height=\"200\" title=\"\" srcset=\"https:\/\/fmp-components.com\/wp-content\/uploads\/2024\/12\/Hydraulic-Press-Tilt-Cylinder1.webp 500w, https:\/\/fmp-components.com\/wp-content\/uploads\/2024\/12\/Hydraulic-Press-Tilt-Cylinder1-480x192.webp 480w\" sizes=\"(min-width: 0px) and (max-width: 480px) 480px, (min-width: 481px) 500px, 100vw\" \/><\/p>\n<table style=\"width: 97.3917%; height: 226px;\" border=\"1\" cellspacing=\"0\" cellpadding=\"0\">\n<tbody>\n<tr>\n<td>\u00dcr\u00fcn Ad\u0131<\/td>\n<td>Hidrolik Pres E\u011fim Silindiri<\/td>\n<\/tr>\n<tr>\n<td>\u00d6zellikler:<\/td>\n<td>Manip\u00fclat\u00f6r\u00fcn kelep\u00e7e ba\u015fl\u0131\u011f\u0131n\u0131n kald\u0131r\u0131lmas\u0131n\u0131 ger\u00e7ekle\u015ftirin<\/td>\n<\/tr>\n<tr>\n<td>Delik \u00e7ap\u0131:<\/td>\n<td>\u00a0100mm\uff5e400mm<\/td>\n<\/tr>\n<tr>\n<td>\u00c7ubuk \u00e7ap\u0131:<\/td>\n<td>50mm\uff5e300mm<br \/>\nStrok\u22641500mm<\/td>\n<\/tr>\n<tr>\n<td>\u0130tme kuvveti:<\/td>\n<td>Maksimum 3141KN<br \/>\n(Silindir \u00e7ap\u0131 400mm\/bas\u0131n\u00e7 25MPa)<\/td>\n<\/tr>\n<tr>\n<td>Hidrolik Pres E\u011fimli Silindir Uygulamalar\u0131:<\/td>\n<td>Hidrolik Pres<\/td>\n<\/tr>\n<\/tbody>\n<\/table>\n<h2>Hidrolik Pres Yanal Kayd\u0131rma \u00d6rs Silindiri<\/h2>\n<p><img loading=\"lazy\" decoding=\"async\" class=\"size-full wp-image-594 aligncenter\" src=\"https:\/\/fmp-components.com\/wp-content\/uploads\/2024\/12\/Hydraulic-Press-Lateral-Shift-Anvil-Cylinder1.webp\" alt=\"Hidrolik Pres Yanal Kayd\u0131rma \u00d6rs Silindiri\" width=\"500\" height=\"200\" title=\"\" srcset=\"https:\/\/fmp-components.com\/wp-content\/uploads\/2024\/12\/Hydraulic-Press-Lateral-Shift-Anvil-Cylinder1.webp 500w, https:\/\/fmp-components.com\/wp-content\/uploads\/2024\/12\/Hydraulic-Press-Lateral-Shift-Anvil-Cylinder1-480x192.webp 480w\" sizes=\"(min-width: 0px) and (max-width: 480px) 480px, (min-width: 481px) 500px, 100vw\" \/><\/p>\n<table style=\"width: 97.9604%; height: 251px;\" border=\"1\" cellspacing=\"0\" cellpadding=\"0\">\n<tbody>\n<tr style=\"height: 23px;\">\n<td style=\"height: 23px;\">\u00dcr\u00fcn Ad\u0131<\/td>\n<td style=\"height: 23px;\">Hidrolik Pres Yanal Kayd\u0131rma \u00d6rs Silindiri<\/td>\n<\/tr>\n<tr style=\"height: 23px;\">\n<td style=\"height: 23px;\">\u00d6zellikler:<\/td>\n<td style=\"height: 23px;\">\u00d6rs\u00fcn yanlara do\u011fru hareket etmesini sa\u011flay\u0131n<\/td>\n<\/tr>\n<tr style=\"height: 23px;\">\n<td style=\"height: 23px;\">Delik \u00e7ap\u0131:<\/td>\n<td style=\"height: 23px;\">125 mm\uff5e250 mm<\/td>\n<\/tr>\n<tr style=\"height: 47px;\">\n<td style=\"height: 47px;\">\u00c7ubuk \u00e7ap\u0131:<\/td>\n<td style=\"height: 47px;\">90mm\uff5e180mm<br \/>\nStrok\u22645500mm<\/td>\n<\/tr>\n<tr style=\"height: 47px;\">\n<td style=\"height: 47px;\">\u0130tme kuvveti:<\/td>\n<td style=\"height: 47px;\">Maksimum 1546KN<br \/>\n(Delik \u00e7ap\u0131: 250mm\/bas\u0131n\u00e7 31,5MPa)<\/td>\n<\/tr>\n<tr style=\"height: 23px;\">\n<td style=\"height: 23px;\">Yanal Kayd\u0131rmal\u0131 \u00d6rs Silindir Uygulamalar\u0131:<\/td>\n<td style=\"height: 23px;\">Hidrolik Pres<\/td>\n<\/tr>\n<\/tbody>\n<\/table>\n<h2>Hidrolik Pres Mobil Tezgah Silindiri<\/h2>\n<p><img loading=\"lazy\" decoding=\"async\" class=\"size-full wp-image-597 aligncenter\" src=\"https:\/\/fmp-components.com\/wp-content\/uploads\/2024\/12\/Hydraulic-Press-Mobile-Workbench-Cylinder1.webp\" alt=\"Hidrolik Pres Mobil Tezgah Silindiri\" width=\"500\" height=\"200\" title=\"\" srcset=\"https:\/\/fmp-components.com\/wp-content\/uploads\/2024\/12\/Hydraulic-Press-Mobile-Workbench-Cylinder1.webp 500w, https:\/\/fmp-components.com\/wp-content\/uploads\/2024\/12\/Hydraulic-Press-Mobile-Workbench-Cylinder1-480x192.webp 480w\" sizes=\"(min-width: 0px) and (max-width: 480px) 480px, (min-width: 481px) 500px, 100vw\" \/><\/p>\n<table style=\"width: 97.2085%; height: 246px;\" border=\"1\" cellspacing=\"0\" cellpadding=\"0\">\n<tbody>\n<tr>\n<td>\u00dcr\u00fcn Ad\u0131<\/td>\n<td>Hidrolik Pres Mobil Tezgah Silindiri<\/td>\n<\/tr>\n<tr>\n<td>\u00d6zellikler:<\/td>\n<td>\u00c7al\u0131\u015fma tezgah\u0131n\u0131 hareket ettirmek i\u00e7in s\u00fcr\u00fcn<\/td>\n<\/tr>\n<tr>\n<td>Delik \u00e7ap\u0131:<\/td>\n<td>125 mm\uff5e320 mm<\/td>\n<\/tr>\n<tr>\n<td>\u00c7ubuk \u00e7ap\u0131:<\/td>\n<td>90 mm\uff5e220 mm<br \/>\nStrok\u22647500mm<\/td>\n<\/tr>\n<tr>\n<td>\u0130tme kuvveti:<\/td>\n<td>Maksimum 2533KN<br \/>\n(Silindir \u00e7ap\u0131 320mm\/bas\u0131n\u00e7 31,5MPa)<\/td>\n<\/tr>\n<tr>\n<td>Mobil Tezgah Silindir Uygulamalar\u0131:<\/td>\n<td>Hidrolik Pres<\/td>\n<\/tr>\n<\/tbody>\n<\/table>\n<h2>Hidrolik Pres S\u0131kma Silindiri<\/h2>\n<p><img loading=\"lazy\" decoding=\"async\" class=\"size-full wp-image-590 aligncenter\" src=\"https:\/\/fmp-components.com\/wp-content\/uploads\/2024\/12\/Hydraulic-Press-Clamping-Cylinder1.webp\" alt=\"Hidrolik Pres S\u0131kma Silindiri\" width=\"500\" height=\"200\" title=\"\" srcset=\"https:\/\/fmp-components.com\/wp-content\/uploads\/2024\/12\/Hydraulic-Press-Clamping-Cylinder1.webp 500w, https:\/\/fmp-components.com\/wp-content\/uploads\/2024\/12\/Hydraulic-Press-Clamping-Cylinder1-480x192.webp 480w\" sizes=\"(min-width: 0px) and (max-width: 480px) 480px, (min-width: 481px) 500px, 100vw\" \/><\/p>\n<table style=\"width: 94.5324%; height: 230px;\" border=\"1\" cellspacing=\"0\" cellpadding=\"0\">\n<tbody>\n<tr>\n<td>\u00dcr\u00fcn Ad\u0131<\/td>\n<td>Hidrolik Pres S\u0131kma Silindiri<\/td>\n<\/tr>\n<tr>\n<td>\u00d6zellikler:<\/td>\n<td>\u00c7elik k\u00fcl\u00e7e veya k\u00fct\u00fc\u011f\u00fc tutan kelep\u00e7e ba\u015fl\u0131\u011f\u0131n\u0131 s\u0131k\u0131n<\/td>\n<\/tr>\n<tr>\n<td>Delik \u00e7ap\u0131:<\/td>\n<td>125 mm\uff5e700 mm<\/td>\n<\/tr>\n<tr>\n<td>\u00c7ubuk \u00e7ap\u0131:<\/td>\n<td>80 mm\uff5e520 mm<br \/>\nStrok\u22641200mm<\/td>\n<\/tr>\n<tr>\n<td>\u0130tme kuvveti:<\/td>\n<td>Maksimum 9621KN<br \/>\n(Silindir \u00e7ap\u0131 700mm\/bas\u0131n\u00e7 25MPa)<\/td>\n<\/tr>\n<tr>\n<td>\u00a0S\u0131k\u0131\u015ft\u0131rma Silindiri Uygulamalar\u0131:<\/td>\n<td>Hidrolik Pres<\/td>\n<\/tr>\n<\/tbody>\n<\/table>\n<h2>Hidrolik Pres Yast\u0131k Silindiri<\/h2>\n<p><img loading=\"lazy\" decoding=\"async\" class=\"size-full wp-image-591 aligncenter\" src=\"https:\/\/fmp-components.com\/wp-content\/uploads\/2024\/12\/Hydraulic-Press-Cushion-Cylinder1.webp\" alt=\"Hidrolik Pres Yast\u0131k Silindiri\" width=\"500\" height=\"200\" title=\"\" srcset=\"https:\/\/fmp-components.com\/wp-content\/uploads\/2024\/12\/Hydraulic-Press-Cushion-Cylinder1.webp 500w, https:\/\/fmp-components.com\/wp-content\/uploads\/2024\/12\/Hydraulic-Press-Cushion-Cylinder1-480x192.webp 480w\" sizes=\"(min-width: 0px) and (max-width: 480px) 480px, (min-width: 481px) 500px, 100vw\" \/><\/p>\n<table style=\"width: 98.7377%; height: 264px;\" border=\"1\" cellspacing=\"0\" cellpadding=\"0\">\n<tbody>\n<tr>\n<td>\u00dcr\u00fcn Ad\u0131<\/td>\n<td>Hidrolik Pres Yast\u0131k Silindiri<\/td>\n<\/tr>\n<tr>\n<td>\u00d6zellikler:<\/td>\n<td>D\u00f6vme yer de\u011fi\u015ftirmesini\/\u015fok titre\u015fimini emer<\/td>\n<\/tr>\n<tr>\n<td>Delik \u00e7ap\u0131:<\/td>\n<td>75 mm\uff5e300 mm<\/td>\n<\/tr>\n<tr>\n<td>\u00c7ubuk \u00e7ap\u0131:<\/td>\n<td>\u00a050 mm\uff5e180 mm<br \/>\nStrok\u2264500mm<\/td>\n<\/tr>\n<tr>\n<td>\u0130tme kuvveti:<\/td>\n<td>Maksimum 1130KN<br \/>\n(Silindir \u00e7ap\u0131 300mm\/bas\u0131n\u00e7 25MPa)<\/td>\n<\/tr>\n<tr>\n<td>Yast\u0131k Silindir Uygulamalar\u0131:<\/td>\n<td>Hidrolik Pres<\/td>\n<\/tr>\n<\/tbody>\n<\/table>\n<h2>Hidrolik Pres Merkezleme Silindiri<\/h2>\n<p><img loading=\"lazy\" decoding=\"async\" class=\"size-full wp-image-589 aligncenter\" src=\"https:\/\/fmp-components.com\/wp-content\/uploads\/2024\/12\/Hydraulic-Press-Centering-Cylinder1.webp\" alt=\"Hidrolik Pres Merkezleme Silindiri\" width=\"500\" height=\"200\" title=\"\" srcset=\"https:\/\/fmp-components.com\/wp-content\/uploads\/2024\/12\/Hydraulic-Press-Centering-Cylinder1.webp 500w, https:\/\/fmp-components.com\/wp-content\/uploads\/2024\/12\/Hydraulic-Press-Centering-Cylinder1-480x192.webp 480w\" sizes=\"(min-width: 0px) and (max-width: 480px) 480px, (min-width: 481px) 500px, 100vw\" \/><\/p>\n<table style=\"width: 98.8953%; height: 305px;\" border=\"1\" cellspacing=\"0\" cellpadding=\"0\">\n<tbody>\n<tr style=\"height: 23px;\">\n<td style=\"height: 23px;\">\u00dcr\u00fcn Ad\u0131<\/td>\n<td style=\"height: 23px;\">Hidrolik Pres Merkezleme Silindiri<\/td>\n<\/tr>\n<tr style=\"height: 47px;\">\n<td style=\"height: 47px;\">\u00d6zellikler:<\/td>\n<td style=\"height: 47px;\">Kelep\u00e7e ba\u015fl\u0131\u011f\u0131n\u0131n orta konumunu sa\u011flay\u0131n<\/td>\n<\/tr>\n<tr style=\"height: 23px;\">\n<td style=\"height: 23px;\">Delik \u00e7ap\u0131:<\/td>\n<td style=\"height: 23px;\">50 mm\uff5e190 mm<\/td>\n<\/tr>\n<tr style=\"height: 47px;\">\n<td style=\"height: 47px;\">\u00c7ubuk \u00e7ap\u0131:<\/td>\n<td style=\"height: 47px;\">35 mm\uff5e150 mm<br \/>\nStrok\u22641200mm<\/td>\n<\/tr>\n<tr style=\"height: 47px;\">\n<td style=\"height: 47px;\">\u0130tme kuvveti:<\/td>\n<td style=\"height: 47px;\">Maksimum 441KN<br \/>\n(Silindir \u00e7ap\u0131 190mm\/bas\u0131n\u00e7 25MPa)<\/td>\n<\/tr>\n<tr style=\"height: 47px;\">\n<td style=\"height: 47px;\">Merkezleme Silindiri Uygulamalar\u0131:<\/td>\n<td style=\"height: 47px;\">Hidrolik Pres<\/td>\n<\/tr>\n<\/tbody>\n<\/table>\n<h2>Hidrolik Pres \u00d6n Yan Kayd\u0131rma Silindiri<\/h2>\n<p><img loading=\"lazy\" decoding=\"async\" class=\"size-full wp-image-593 aligncenter\" src=\"https:\/\/fmp-components.com\/wp-content\/uploads\/2024\/12\/Hydraulic-Press-Front-Side-Shift-Cylinder1.webp\" alt=\"Hidrolik Pres \u00d6n Yan Kayd\u0131rma Silindiri\" width=\"500\" height=\"200\" title=\"\" srcset=\"https:\/\/fmp-components.com\/wp-content\/uploads\/2024\/12\/Hydraulic-Press-Front-Side-Shift-Cylinder1.webp 500w, https:\/\/fmp-components.com\/wp-content\/uploads\/2024\/12\/Hydraulic-Press-Front-Side-Shift-Cylinder1-480x192.webp 480w\" sizes=\"(min-width: 0px) and (max-width: 480px) 480px, (min-width: 481px) 500px, 100vw\" \/><\/p>\n<table style=\"width: 97.2921%; height: 221px;\" border=\"1\" cellspacing=\"0\" cellpadding=\"0\">\n<tbody>\n<tr>\n<td>\u00dcr\u00fcn Ad\u0131<\/td>\n<td>Hidrolik Pres \u00d6n Yan Kayd\u0131rma Silindiri<\/td>\n<\/tr>\n<tr>\n<td>\u00d6zellikler:<\/td>\n<td>Bo\u015flu\u011fu veya i\u015f par\u00e7as\u0131n\u0131 yatay olarak hareket ettirin<\/td>\n<\/tr>\n<tr>\n<td>Piston:<\/td>\n<td>80 mm\uff5e240 mm<br \/>\nStrok\u2264300 mm<\/td>\n<\/tr>\n<tr>\n<td>\u0130tme kuvveti:<\/td>\n<td>Maksimum 1130KN<br \/>\n(Plunger 240mm\/bas\u0131n\u00e7 25MPa)<\/td>\n<\/tr>\n<tr>\n<td>\u00d6n Yan Vites Silindiri Uygulamalar\u0131:<\/td>\n<td>Hidrolik Pres<\/td>\n<\/tr>\n<\/tbody>\n<\/table>\n<h2>Hidrolik Pres Arka Yan Kayd\u0131rma Silindiri<\/h2>\n<p><img loading=\"lazy\" decoding=\"async\" class=\"size-full wp-image-598 aligncenter\" src=\"https:\/\/fmp-components.com\/wp-content\/uploads\/2024\/12\/Hydraulic-Press-Rear-Side-Shift-Cylinder1.webp\" alt=\"Hidrolik Pres Arka Yan Kayd\u0131rma Silindiri\" width=\"500\" height=\"200\" title=\"\" srcset=\"https:\/\/fmp-components.com\/wp-content\/uploads\/2024\/12\/Hydraulic-Press-Rear-Side-Shift-Cylinder1.webp 500w, https:\/\/fmp-components.com\/wp-content\/uploads\/2024\/12\/Hydraulic-Press-Rear-Side-Shift-Cylinder1-480x192.webp 480w\" sizes=\"(min-width: 0px) and (max-width: 480px) 480px, (min-width: 481px) 500px, 100vw\" \/><\/p>\n<table style=\"width: 98.0387%; height: 230px;\" border=\"1\" cellspacing=\"0\" cellpadding=\"0\">\n<tbody>\n<tr>\n<td>\u00dcr\u00fcn Ad\u0131<\/td>\n<td>Hidrolik Pres Arka Yan Kayd\u0131rma Silindiri<\/td>\n<\/tr>\n<tr>\n<td>\u00d6zellikler:<\/td>\n<td>Manip\u00fclat\u00f6r\u00fcn kelep\u00e7e ba\u015fl\u0131\u011f\u0131n\u0131n kald\u0131r\u0131lmas\u0131n\u0131 ger\u00e7ekle\u015ftirmek i\u00e7in i\u015fbirli\u011fi yap\u0131n<\/td>\n<\/tr>\n<tr>\n<td>Piston:<\/td>\n<td>70 mm\uff5e180 mm<br \/>\nStrok\u2264300 mm<\/td>\n<\/tr>\n<tr>\n<td>\u0130tme kuvveti:<\/td>\n<td>Maksimum 636KN<br \/>\n(Plunger 180mm\/bas\u0131n\u00e7 25MPa)<\/td>\n<\/tr>\n<tr>\n<td>Arka Yan Vites Silindiri Uygulamalar\u0131:<\/td>\n<td>Hidrolik Pres<\/td>\n<\/tr>\n<\/tbody>\n<\/table>\n<h3>FMP Hakk\u0131nda<\/h3>\n<p>FMP, hidrolik silindir \u00fcretimine odaklanm\u0131\u015f uzman bir mekanik \u00fcretim \u015firketidir. Kurulu\u015fundan bu yana \u015firket, hidrolik teknolojisinin ara\u015ft\u0131rma ve \u00fcretimine odaklanm\u0131\u015f ve hasat ve in\u015faat makinelerini de i\u00e7eren geni\u015f \u00fcr\u00fcn yelpazesinden, tar\u0131m trakt\u00f6r\u00fc bile\u015fenlerinde uzmanla\u015fmaya ba\u015far\u0131yla ge\u00e7i\u015f yapm\u0131\u015ft\u0131r. \u00dcretim ve y\u00f6netim alan\u0131nda on y\u0131l\u0131 a\u015fk\u0131n deneyimiyle FMP, geli\u015fmi\u015f \u00fcretim teknikleri sayesinde y\u00fcksek kaliteli \u00fcr\u00fcnler sunmaktad\u0131r.<\/p>\n<p>\u015eirketimiz geli\u015ftik\u00e7e, kapsaml\u0131 bir tala\u015fl\u0131 imalat \u00fcretim hatt\u0131, montaj hatt\u0131 ve kaplama hatt\u0131 geli\u015ftirdi. Ekibimiz, istikrarl\u0131 \u00fcretim kalitesini korurken s\u00fcre\u00e7 s\u00fcreklili\u011fini ve verimlili\u011fini etkili bir \u015fekilde kontrol etmek i\u00e7in birlikte \u00e7al\u0131\u015fan yetenekli y\u00f6netim personeli, deneyimli makine tasar\u0131mc\u0131lar\u0131 ve y\u00fcksek e\u011fitimli teknisyenlerden olu\u015fmaktad\u0131r.<\/p>\n<p>FMP, \u201cTeknolojik Yenilik \u0130lerlemeyi Te\u015fvik Eder, Kalite Marka Yarat\u0131r, \u0130\u015f\u00e7ilik Kaliteyi Sa\u011flar ve Uzun Vadeli Kazan-Kazan \u0130li\u015fkileri Kurar\u201d felsefesini benimser. Y\u00fcksek kaliteli \u00fcr\u00fcnler ve \u00fcst\u00fcn m\u00fc\u015fteri hizmeti sunma taahh\u00fcd\u00fcm\u00fcz, pazar\u0131n geli\u015fen ihtiya\u00e7lar\u0131n\u0131 kar\u015f\u0131lamaya devam ederken temel hedefimiz olmaya devam etmektedir.<\/p>\n<p><img loading=\"lazy\" decoding=\"async\" class=\"alignnone size-full wp-image-426\" src=\"https:\/\/fmp-components.com\/wp-content\/uploads\/2024\/12\/Sanitation-Machinery-Locking-Hydraulic-Cylinder-factory.webp\" sizes=\"(min-width: 0px) and (max-width: 480px) 480px, (min-width: 481px) and (max-width: 980px) 980px, (min-width: 981px) and (max-width: 1280px) 1280px, (min-width: 1281px) 1414px, 100vw\" srcset=\"https:\/\/fmp-components.com\/wp-content\/uploads\/2024\/12\/Sanitation-Machinery-Locking-Hydraulic-Cylinder-factory.webp 1414w, https:\/\/fmp-components.com\/wp-content\/uploads\/2024\/12\/Sanitation-Machinery-Locking-Hydraulic-Cylinder-factory-1280x529.webp 1280w, https:\/\/fmp-components.com\/wp-content\/uploads\/2024\/12\/Sanitation-Machinery-Locking-Hydraulic-Cylinder-factory-980x405.webp 980w, https:\/\/fmp-components.com\/wp-content\/uploads\/2024\/12\/Sanitation-Machinery-Locking-Hydraulic-Cylinder-factory-480x198.webp 480w\" alt=\"Sanitasyon-Makine-Kilitleme-Hidrolik-Silindir-Fabrikas\u0131\" width=\"1414\" height=\"584\" title=\"\"><\/p>\n<p>Yazar: CX<\/p>","protected":false},"excerpt":{"rendered":"<p>Pres Hidrolik Silindiri, \u00e7e\u015fitli end\u00fcstriyel sekt\u00f6rlerdeki presleme uygulamalar\u0131 i\u00e7in y\u00fcksek kuvvet sa\u011flamak \u00fczere tasarlanm\u0131\u015f g\u00fc\u00e7l\u00fc bir hidrolik bile\u015fendir. A\u011f\u0131r y\u00fckleri kald\u0131racak \u015fekilde tasarlanan bu silindir, hassas bas\u0131nc\u0131n \u00f6nemli oldu\u011fu metal \u015fekillendirme, plastik kal\u0131plama ve montaj i\u015flemleri gibi g\u00f6revler i\u00e7in kritik \u00f6neme sahiptir. Y\u00fcksek mukavemetli malzemelerden \u00fcretilen bu silindir, zorlu ortamlarda dayan\u0131kl\u0131l\u0131k ve g\u00fcvenilirlik sa\u011flar. Sorunsuz hidrolik \u00e7al\u0131\u015fmas\u0131, kontroll\u00fc hareketlere olanak tan\u0131yarak presleme g\u00f6revleri s\u0131ras\u0131nda do\u011fru sonu\u00e7lar sa\u011flar. Genel olarak, bu hidrolik silindir presleme uygulamalar\u0131nda performans ve verimlili\u011fi optimize etmek i\u00e7in hayati \u00f6nem ta\u015f\u0131r ve bu da onu etkili malzeme \u015fekillendirme ve s\u0131k\u0131\u015ft\u0131rma i\u00e7in vazge\u00e7ilmez k\u0131lar.<\/p>","protected":false},"featured_media":588,"comment_status":"open","ping_status":"closed","template":"","meta":{"_et_pb_use_builder":"","_et_pb_old_content":"","_et_gb_content_width":""},"product_brand":[],"product_cat":[27],"product_tag":[],"class_list":{"0":"post-587","1":"product","2":"type-product","3":"status-publish","4":"has-post-thumbnail","6":"product_cat-industrial-engineering-hydraulic-cylinders","8":"first","9":"instock","10":"shipping-taxable","11":"product-type-simple"},"_links":{"self":[{"href":"https:\/\/fmp-components.com\/tr\/wp-json\/wp\/v2\/product\/587","targetHints":{"allow":["GET"]}}],"collection":[{"href":"https:\/\/fmp-components.com\/tr\/wp-json\/wp\/v2\/product"}],"about":[{"href":"https:\/\/fmp-components.com\/tr\/wp-json\/wp\/v2\/types\/product"}],"replies":[{"embeddable":true,"href":"https:\/\/fmp-components.com\/tr\/wp-json\/wp\/v2\/comments?post=587"}],"wp:featuredmedia":[{"embeddable":true,"href":"https:\/\/fmp-components.com\/tr\/wp-json\/wp\/v2\/media\/588"}],"wp:attachment":[{"href":"https:\/\/fmp-components.com\/tr\/wp-json\/wp\/v2\/media?parent=587"}],"wp:term":[{"taxonomy":"product_brand","embeddable":true,"href":"https:\/\/fmp-components.com\/tr\/wp-json\/wp\/v2\/product_brand?post=587"},{"taxonomy":"product_cat","embeddable":true,"href":"https:\/\/fmp-components.com\/tr\/wp-json\/wp\/v2\/product_cat?post=587"},{"taxonomy":"product_tag","embeddable":true,"href":"https:\/\/fmp-components.com\/tr\/wp-json\/wp\/v2\/product_tag?post=587"}],"curies":[{"name":"wp","href":"https:\/\/api.w.org\/{rel}","templated":true}]}}