{"id":567,"date":"2024-12-16T08:32:55","date_gmt":"2024-12-16T08:32:55","guid":{"rendered":"https:\/\/fmp-components.com\/?page_id=8"},"modified":"2024-12-16T09:02:56","modified_gmt":"2024-12-16T09:02:56","slug":"mining-dump-truck-cylinder","status":"publish","type":"product","link":"https:\/\/fmp-components.com\/tr\/product\/mining-dump-truck-cylinder\/","title":{"rendered":"Madencilik Damperli Kamyon Silindiri"},"content":{"rendered":"<p style=\"text-align: center;\"><span style=\"font-size: 18pt;\">Madencilik Damperli Kamyon Silindiri<\/span><\/p>\n<p>Madencilik damperli kamyon silindiri, madencilik damperli kamyonlar\u0131n\u0131n kald\u0131rma ve bo\u015faltma i\u015flevlerini kolayla\u015ft\u0131rmak i\u00e7in tasarlanm\u0131\u015f hayati bir hidrolik bile\u015fendir. Bu silindir, kamyon kasas\u0131n\u0131 kald\u0131rmak i\u00e7in gerekli kuvveti sa\u011flayarak cevher, \u00e7ak\u0131l ve at\u0131k gibi malzemelerin verimli bir \u015fekilde bo\u015falt\u0131lmas\u0131na olanak tan\u0131r.<\/p>\n<p><img loading=\"lazy\" decoding=\"async\" class=\"size-full wp-image-568 aligncenter\" src=\"https:\/\/fmp-components.com\/wp-content\/uploads\/2024\/12\/Mining-Dump-Truck-Cylinder.webp\" alt=\"Madencilik-Damperli Kamyon-Silindiri\" width=\"760\" height=\"533\" title=\"\" srcset=\"https:\/\/fmp-components.com\/wp-content\/uploads\/2024\/12\/Mining-Dump-Truck-Cylinder.webp 760w, https:\/\/fmp-components.com\/wp-content\/uploads\/2024\/12\/Mining-Dump-Truck-Cylinder-480x337.webp 480w\" sizes=\"(min-width: 0px) and (max-width: 480px) 480px, (min-width: 481px) 760px, 100vw\" \/><\/p>\n<p>Temel \u00d6zellikler:<\/p>\n<ul>\n<li>Sa\u011flam Yap\u0131: Y\u00fcksek mukavemetli malzemelerden \u00fcretilen maden damperli kamyon silindiri, madencilik ortamlar\u0131n\u0131n zorlu ko\u015fullar\u0131na dayanacak \u015fekilde tasarlanm\u0131\u015ft\u0131r ve uzun \u00f6m\u00fcrl\u00fc dayan\u0131kl\u0131l\u0131k ve g\u00fcvenilirlik sa\u011flar.<\/li>\n<li>Sorunsuz Hidrolik \u00c7al\u0131\u015fma: Hidrolik tasar\u0131m, sorunsuz ve kontroll\u00fc hareketlere olanak tan\u0131yarak, malzeme ta\u015f\u0131ma verimlili\u011fini art\u0131rmak i\u00e7in damperli kasan\u0131n hassas bir \u015fekilde kald\u0131r\u0131l\u0131p indirilmesini sa\u011flar.<\/li>\n<li>Y\u00fcksek Kapasite: A\u011f\u0131r y\u00fckleri kald\u0131racak \u015fekilde tasarlanan bu silindir, madencilik operasyonlar\u0131nda s\u0131kl\u0131kla kar\u015f\u0131la\u015f\u0131lan zorlu g\u00f6revler i\u00e7in gereken g\u00fcc\u00fc sa\u011flar.<\/li>\n<li>\u00c7ok Y\u00f6nl\u00fc Kullan\u0131m: \u00c7e\u015fitli maden kamyonlar\u0131na uygun olan silindir, kamyonun i\u015flevselli\u011fini art\u0131rarak, farkl\u0131 madencilik senaryolar\u0131nda d\u00f6kme malzemelerin ta\u015f\u0131nmas\u0131 ve bo\u015falt\u0131lmas\u0131 i\u00e7in ideal hale getirir.<\/li>\n<li>D\u00fc\u015f\u00fck Bak\u0131m Gereksinimleri: Dayan\u0131kl\u0131 tasar\u0131m, a\u015f\u0131nma ve y\u0131pranmay\u0131 en aza indirerek daha d\u00fc\u015f\u00fck bak\u0131m ihtiya\u00e7lar\u0131 ve daha az ar\u0131za s\u00fcresi sa\u011flar ve verimlili\u011fin artmas\u0131na katk\u0131da bulunur.<\/li>\n<\/ul>\n<p>Madencilik damperli kamyon silindiri, madencilik damperli kamyonlar\u0131n\u0131n performans\u0131n\u0131 ve verimlili\u011fini optimize eden, madencilik operasyonlar\u0131nda etkili malzeme ta\u015f\u0131ma i\u00e7in vazge\u00e7ilmez bir bile\u015fendir.<\/p>\n<h2>Madencilik Kamyonu Kald\u0131rma Silindiri \u00d6zellikleri:<\/h2>\n<p>Madencilik damperli kamyonu kald\u0131rma silindiri, madencilik damperli kamyonlar\u0131nda damper yata\u011f\u0131n\u0131n kald\u0131r\u0131lmas\u0131n\u0131 ve devrilmesini kolayla\u015ft\u0131rmak i\u00e7in tasarlanm\u0131\u015f \u00f6nemli bir hidrolik bile\u015fendir. Bu silindir, yata\u011f\u0131 kald\u0131rmak i\u00e7in gerekli kuvveti sa\u011flayarak cevher, kaya ve at\u0131k gibi a\u011f\u0131r malzemelerin verimli bir \u015fekilde bo\u015falt\u0131lmas\u0131na olanak tan\u0131r. Y\u00fcksek mukavemetli malzemelerden \u00fcretilen bu silindir, madencilik operasyonlar\u0131n\u0131n zorlu ko\u015fullar\u0131na dayanacak \u015fekilde tasarlanm\u0131\u015ft\u0131r ve a\u015f\u0131r\u0131 y\u00fckler alt\u0131nda dayan\u0131kl\u0131l\u0131k ve g\u00fcvenilirlik sa\u011flar. P\u00fcr\u00fczs\u00fcz hidrolik hareket, kald\u0131rma ve bo\u015faltma s\u0131ras\u0131nda hassas kontrol sa\u011flayarak operasyonel verimlili\u011fi ve g\u00fcvenli\u011fi art\u0131r\u0131r. Bu kald\u0131rma silindiri, \u00e7e\u015fitli madencilik uygulamalar\u0131nda damperli kamyonlar\u0131n performans\u0131n\u0131 optimize etmek, etkili malzeme ta\u015f\u0131ma ve verimlili\u011fe katk\u0131da bulunmak i\u00e7in gereklidir.<\/p>\n<p><img loading=\"lazy\" decoding=\"async\" class=\"size-full wp-image-572 aligncenter\" src=\"https:\/\/fmp-components.com\/wp-content\/uploads\/2024\/12\/Mining-Dump-Truck-Lifting-Cylinder1.webp\" alt=\"Madencilik Damperli Kamyon Kald\u0131rma Silindiri\" width=\"500\" height=\"200\" title=\"\" srcset=\"https:\/\/fmp-components.com\/wp-content\/uploads\/2024\/12\/Mining-Dump-Truck-Lifting-Cylinder1.webp 500w, https:\/\/fmp-components.com\/wp-content\/uploads\/2024\/12\/Mining-Dump-Truck-Lifting-Cylinder1-480x192.webp 480w\" sizes=\"(min-width: 0px) and (max-width: 480px) 480px, (min-width: 481px) 500px, 100vw\" \/><\/p>\n<table style=\"width: 97.3366%; height: 117px;\" border=\"1\" cellspacing=\"0\" cellpadding=\"0\">\n<tbody>\n<tr>\n<td>\u00dcr\u00fcn Ad\u0131<\/td>\n<td>Madencilik Damperli Kamyon Kald\u0131rma Silindiri<\/td>\n<\/tr>\n<tr>\n<td>\u00d6zellikler:<\/td>\n<td>Y\u00fck bo\u015faltma i\u00e7in g\u00f6vdeyi kald\u0131r\u0131n\/indirin<\/td>\n<\/tr>\n<tr>\n<td>Delik \u00e7ap\u0131:<\/td>\n<td>120 mm\uff5e380 mm<\/td>\n<\/tr>\n<tr>\n<td>\u00c7ubuk \u00e7ap\u0131:<\/td>\n<td>90mm\uff5e350mm<\/td>\n<\/tr>\n<tr>\n<td>Genel olarak:<\/td>\n<td>\u0130ki kademeli veya \u00fc\u00e7 kademeli silindir<\/td>\n<\/tr>\n<tr>\n<td>Kald\u0131rma Silindiri Uygulamalar\u0131:<\/td>\n<td>Madencilik Damperli Kamyonu<\/td>\n<\/tr>\n<\/tbody>\n<\/table>\n<p><img loading=\"lazy\" decoding=\"async\" class=\"alignnone size-full wp-image-576\" src=\"https:\/\/fmp-components.com\/wp-content\/uploads\/2024\/12\/Mining-Dump-Truck-Lifting-Cylinder.webp\" alt=\"Madencilik-Damperli Kamyon-Kald\u0131rma-Silindiri\" width=\"1000\" height=\"600\" title=\"\" srcset=\"https:\/\/fmp-components.com\/wp-content\/uploads\/2024\/12\/Mining-Dump-Truck-Lifting-Cylinder.webp 1000w, https:\/\/fmp-components.com\/wp-content\/uploads\/2024\/12\/Mining-Dump-Truck-Lifting-Cylinder-980x588.webp 980w, https:\/\/fmp-components.com\/wp-content\/uploads\/2024\/12\/Mining-Dump-Truck-Lifting-Cylinder-480x288.webp 480w\" sizes=\"(min-width: 0px) and (max-width: 480px) 480px, (min-width: 481px) and (max-width: 980px) 980px, (min-width: 981px) 1000px, 100vw\" \/>Madencilik Kamyonu Direksiyon Silindiri \u00d6zellikleri:<\/p>\n<p>Madencilik damperli kamyonunun direksiyon silindiri, damperli kamyonun direksiyon mekanizmas\u0131n\u0131n hassas kontrol\u00fcn\u00fc sa\u011flayan ve zorlu madencilik ortamlar\u0131nda etkili manevra kabiliyetini garanti eden hayati bir hidrolik bile\u015fendir. Bu silindir, kamyonun tekerleklerinin hareketini kolayla\u015ft\u0131rarak operat\u00f6rlerin dar alanlarda ve engebeli arazide kolayl\u0131kla hareket etmelerini sa\u011flar. Y\u00fcksek mukavemetli malzemelerden \u00fcretilen bu silindir, madencilik operasyonlar\u0131n\u0131n zorlu ko\u015fullar\u0131na dayanacak \u015fekilde tasarlanm\u0131\u015f olup dayan\u0131kl\u0131l\u0131k ve g\u00fcvenilirlik sunar. Sorunsuz hidrolik \u00e7al\u0131\u015fma, direksiyon tepkisini art\u0131rarak malzeme ta\u015f\u0131mac\u0131l\u0131\u011f\u0131 s\u0131ras\u0131nda genel g\u00fcvenlik ve verimlili\u011fe katk\u0131da bulunur. Bu direksiyon silindiri, \u00e7e\u015fitli uygulamalarda madencilik damperli kamyonlar\u0131n\u0131n performans\u0131n\u0131 optimize etmek ve engebeli maden sahalar\u0131nda g\u00fcvenli ve etkili hareket sa\u011flamak i\u00e7in gereklidir.<\/p>\n<p><img loading=\"lazy\" decoding=\"async\" class=\"size-full wp-image-575 aligncenter\" src=\"https:\/\/fmp-components.com\/wp-content\/uploads\/2024\/12\/Mining-Dump-Truck-Steering-Cylinder1.webp\" alt=\"Madencilik Kamyonu Direksiyon Silindiri\" width=\"500\" height=\"200\" title=\"\" srcset=\"https:\/\/fmp-components.com\/wp-content\/uploads\/2024\/12\/Mining-Dump-Truck-Steering-Cylinder1.webp 500w, https:\/\/fmp-components.com\/wp-content\/uploads\/2024\/12\/Mining-Dump-Truck-Steering-Cylinder1-480x192.webp 480w\" sizes=\"(min-width: 0px) and (max-width: 480px) 480px, (min-width: 481px) 500px, 100vw\" \/><\/p>\n<table style=\"width: 98.357%; height: 232px;\" border=\"1\" cellspacing=\"0\" cellpadding=\"0\">\n<tbody>\n<tr style=\"height: 23px;\">\n<td style=\"height: 23px; width: 41.7778%;\">\u00dcr\u00fcn Ad\u0131<\/td>\n<td style=\"height: 23px; width: 58%;\">Madencilik Kamyonu Direksiyon Silindiri<\/td>\n<\/tr>\n<tr style=\"height: 23px;\">\n<td style=\"height: 23px; width: 41.7778%;\">\u00d6zellikler:<\/td>\n<td style=\"height: 23px; width: 58%;\">Direksiyon sistemi destek sa\u011flar.<\/td>\n<\/tr>\n<tr style=\"height: 23px;\">\n<td style=\"height: 23px; width: 41.7778%;\">Delik \u00e7ap\u0131:<\/td>\n<td style=\"height: 23px; width: 58%;\">63 mm\uff5e210 mm<\/td>\n<\/tr>\n<tr style=\"height: 47px;\">\n<td style=\"height: 47px; width: 41.7778%;\">\u00c7ubuk \u00e7ap\u0131:<\/td>\n<td style=\"height: 47px; width: 58%;\">40 mm\uff5e100 mm<br \/>\nStrok\u22642000mm<\/td>\n<\/tr>\n<tr style=\"height: 71px;\">\n<td style=\"height: 71px; width: 41.7778%;\">\u0130tme kuvveti:<\/td>\n<td style=\"height: 71px; width: 58%;\">Maksimum 779 KN<br \/>\n(\u0130\u00e7 \u00e7ap 210 mm \/ bas\u0131n\u00e7 22,5 MPa)<\/td>\n<\/tr>\n<tr style=\"height: 47px;\">\n<td style=\"height: 47px; width: 41.7778%;\">Direksiyon Silindiri Uygulamalar\u0131:<\/td>\n<td style=\"height: 47px; width: 58%;\">Madencilik Damperli Kamyonu<\/td>\n<\/tr>\n<\/tbody>\n<\/table>\n<p><img loading=\"lazy\" decoding=\"async\" class=\"alignnone size-full wp-image-578\" src=\"https:\/\/fmp-components.com\/wp-content\/uploads\/2024\/12\/Mining-Dump-Truck-Steering-Cylinder.webp\" alt=\"Madencilik Kamyonu Direksiyon Silindiri\" width=\"1000\" height=\"600\" title=\"\" srcset=\"https:\/\/fmp-components.com\/wp-content\/uploads\/2024\/12\/Mining-Dump-Truck-Steering-Cylinder.webp 1000w, https:\/\/fmp-components.com\/wp-content\/uploads\/2024\/12\/Mining-Dump-Truck-Steering-Cylinder-980x588.webp 980w, https:\/\/fmp-components.com\/wp-content\/uploads\/2024\/12\/Mining-Dump-Truck-Steering-Cylinder-480x288.webp 480w\" sizes=\"(min-width: 0px) and (max-width: 480px) 480px, (min-width: 481px) and (max-width: 980px) 980px, (min-width: 981px) 1000px, 100vw\" \/>Madencilik Kamyonu \u00d6n S\u00fcspansiyon Silindir Boyutu:<\/p>\n<p>Madencilik damperli kamyonlar\u0131n\u0131n \u00f6n s\u00fcspansiyon silindiri, bu kamyonlar\u0131n \u00f6n s\u00fcspansiyon sistemini desteklemek ve dengelemek i\u00e7in tasarlanm\u0131\u015f kritik bir hidrolik bile\u015fendir. Bu silindir, engebeli araziden kaynaklanan \u015foklar\u0131 ve titre\u015fimleri emerek daha yumu\u015fak bir s\u00fcr\u00fc\u015f sa\u011flar ve kamyonun genel stabilitesini art\u0131r\u0131r. Y\u00fcksek mukavemetli malzemelerden \u00fcretilen bu silindir, madencilik ortamlar\u0131nda tipik olan zorlu ko\u015fullara dayanacak \u015fekilde tasarlanm\u0131\u015ft\u0131r ve uzun \u00f6m\u00fcrl\u00fc dayan\u0131kl\u0131l\u0131k ve g\u00fcvenilirlik sunar. Etkili hidrolik hareket, s\u00fcspansiyon sistemi \u00fczerinde hassas kontrol sa\u011flayarak ta\u015f\u0131ma i\u015flemleri s\u0131ras\u0131nda yol tutu\u015funu ve g\u00fcvenli\u011fi art\u0131r\u0131r. Bu \u00f6n s\u00fcspansiyon silindiri, madencilik damperli kamyonlar\u0131n\u0131n performans\u0131n\u0131 optimize etmek, zorlu ko\u015fullarda verimli malzeme hareketine ve operat\u00f6r konforuna katk\u0131da bulunmak i\u00e7in gereklidir.<\/p>\n<p><img loading=\"lazy\" decoding=\"async\" class=\"size-full wp-image-571 aligncenter\" src=\"https:\/\/fmp-components.com\/wp-content\/uploads\/2024\/12\/Mining-Dump-Truck-Front-Suspension-Cylinder1.webp\" alt=\"Madencilik Kamyonu \u00d6n S\u00fcspansiyon Silindiri\" width=\"500\" height=\"200\" title=\"\" srcset=\"https:\/\/fmp-components.com\/wp-content\/uploads\/2024\/12\/Mining-Dump-Truck-Front-Suspension-Cylinder1.webp 500w, https:\/\/fmp-components.com\/wp-content\/uploads\/2024\/12\/Mining-Dump-Truck-Front-Suspension-Cylinder1-480x192.webp 480w\" sizes=\"(min-width: 0px) and (max-width: 480px) 480px, (min-width: 481px) 500px, 100vw\" \/><\/p>\n<table style=\"width: 98.6949%; height: 171px;\" border=\"1\" cellspacing=\"0\" cellpadding=\"0\">\n<tbody>\n<tr>\n<td>\u00dcr\u00fcn Ad\u0131<\/td>\n<td>Madencilik Kamyonu \u00d6n S\u00fcspansiyon Silindiri<\/td>\n<\/tr>\n<tr>\n<td>\u00d6zellikler:<\/td>\n<td>A\u011f\u0131rl\u0131\u011f\u0131 destekler, titre\u015fimi emer ve ortadan kald\u0131r\u0131r.<\/td>\n<\/tr>\n<tr>\n<td>Delik \u00e7ap\u0131:<\/td>\n<td>150 mm\uff5e450 mm<\/td>\n<\/tr>\n<tr>\n<td>\u00c7ubuk \u00e7ap\u0131:<\/td>\n<td>120 mm\uff5e400 mm<br \/>\nStrok\u2264400mm<\/td>\n<\/tr>\n<tr>\n<td>\u0130tme kuvveti:<\/td>\n<td>Maksimum 38 MPa<\/td>\n<\/tr>\n<tr>\n<td>\u00d6n S\u00fcspansiyon Silindiri Uygulamalar\u0131:<\/td>\n<td>Madencilik Damperli Kamyonu<\/td>\n<\/tr>\n<\/tbody>\n<\/table>\n<h2><\/h2>\n<p><img loading=\"lazy\" decoding=\"async\" class=\"alignnone size-full wp-image-579\" src=\"https:\/\/fmp-components.com\/wp-content\/uploads\/2024\/12\/Mining-Dump-Truck-Front-Suspension-Cylinder.webp\" alt=\"Madencilik Kamyonu \u00d6n S\u00fcspansiyon Silindiri\" width=\"842\" height=\"419\" title=\"\" srcset=\"https:\/\/fmp-components.com\/wp-content\/uploads\/2024\/12\/Mining-Dump-Truck-Front-Suspension-Cylinder.webp 842w, https:\/\/fmp-components.com\/wp-content\/uploads\/2024\/12\/Mining-Dump-Truck-Front-Suspension-Cylinder-480x239.webp 480w\" sizes=\"(min-width: 0px) and (max-width: 480px) 480px, (min-width: 481px) 842px, 100vw\" \/><\/p>\n<h2>Madencilik Kamyonu Arka S\u00fcspansiyon Silindir Boyutu:<\/h2>\n<p>Madencilik damperli kamyonlar\u0131n\u0131n arka s\u00fcspansiyon silindiri, madencilik damperli kamyonlar\u0131n\u0131n arka s\u00fcspansiyon sisteminin stabilitesini ve konforunu art\u0131rmak i\u00e7in tasarlanm\u0131\u015f hayati bir hidrolik bile\u015fendir. Bu silindir, engebeli araziden kaynaklanan \u015foklar\u0131 ve titre\u015fimleri emerek daha yumu\u015fak bir s\u00fcr\u00fc\u015f sa\u011flar ve ta\u015f\u0131ma s\u0131ras\u0131nda y\u00fck stabilitesini iyile\u015ftirir. Y\u00fcksek mukavemetli malzemelerden \u00fcretilen bu silindir, madencilik ortamlar\u0131n\u0131n zorlu ko\u015fullar\u0131na dayanacak \u015fekilde tasarlanm\u0131\u015ft\u0131r ve a\u011f\u0131r y\u00fckler alt\u0131nda dayan\u0131kl\u0131l\u0131k ve g\u00fcvenilirlik sa\u011flar. Verimli hidrolik \u00e7al\u0131\u015fma, arka s\u00fcspansiyonun hassas kontrol\u00fcne olanak tan\u0131yarak, \u00e7al\u0131\u015fma s\u0131ras\u0131nda daha iyi yol tutu\u015fu ve g\u00fcvenli\u011fe katk\u0131da bulunur. Bu arka s\u00fcspansiyon silindiri, madencilik damperli kamyonlar\u0131n\u0131n performans\u0131n\u0131 optimize etmek, verimli malzeme ta\u015f\u0131mac\u0131l\u0131\u011f\u0131n\u0131 sa\u011flamak ve zorlu ko\u015fullarda operat\u00f6r konforunu art\u0131rmak i\u00e7in gereklidir.<\/p>\n<p><img loading=\"lazy\" decoding=\"async\" class=\"size-full wp-image-574 aligncenter\" src=\"https:\/\/fmp-components.com\/wp-content\/uploads\/2024\/12\/Mining-Dump-Truck-Rear-Suspension-Cylinder1.webp\" alt=\"Madencilik Kamyonu Arka S\u00fcspansiyon Silindiri\" width=\"500\" height=\"200\" title=\"\" srcset=\"https:\/\/fmp-components.com\/wp-content\/uploads\/2024\/12\/Mining-Dump-Truck-Rear-Suspension-Cylinder1.webp 500w, https:\/\/fmp-components.com\/wp-content\/uploads\/2024\/12\/Mining-Dump-Truck-Rear-Suspension-Cylinder1-480x192.webp 480w\" sizes=\"(min-width: 0px) and (max-width: 480px) 480px, (min-width: 481px) 500px, 100vw\" \/><\/p>\n<table style=\"width: 98.6236%; height: 164px;\" border=\"1\" cellspacing=\"0\" cellpadding=\"0\">\n<tbody>\n<tr>\n<td>\u00dcr\u00fcn Ad\u0131<\/td>\n<td>Madencilik Kamyonu Arka S\u00fcspansiyon Silindiri<\/td>\n<\/tr>\n<tr>\n<td>\u00d6zellikler:<\/td>\n<td>A\u011f\u0131rl\u0131\u011f\u0131 destekler, titre\u015fimi emer ve ortadan kald\u0131r\u0131r.<\/td>\n<\/tr>\n<tr>\n<td>Delik \u00e7ap\u0131:<\/td>\n<td>150 mm\uff5e450 mm<\/td>\n<\/tr>\n<tr>\n<td>\u00c7ubuk \u00e7ap\u0131:<\/td>\n<td>120 mm\uff5e400 mm<br \/>\nStrok\u2264400mm<\/td>\n<\/tr>\n<tr>\n<td>\u0130tme kuvveti:<\/td>\n<td>Maksimum 38 MPa<\/td>\n<\/tr>\n<tr>\n<td>Arka S\u00fcspansiyon Silindiri Uygulamalar\u0131:<\/td>\n<td>Madencilik Damperli Kamyonu<\/td>\n<\/tr>\n<\/tbody>\n<\/table>\n<p><img loading=\"lazy\" decoding=\"async\" class=\"alignnone size-full wp-image-581\" src=\"https:\/\/fmp-components.com\/wp-content\/uploads\/2024\/12\/Mining-Dump-Truck-Rear-Suspension-Cylinder1-1.webp\" alt=\"Madencilik Kamyonu Arka S\u00fcspansiyon Silindiri\" width=\"849\" height=\"402\" title=\"\" srcset=\"https:\/\/fmp-components.com\/wp-content\/uploads\/2024\/12\/Mining-Dump-Truck-Rear-Suspension-Cylinder1-1.webp 849w, https:\/\/fmp-components.com\/wp-content\/uploads\/2024\/12\/Mining-Dump-Truck-Rear-Suspension-Cylinder1-1-480x227.webp 480w\" sizes=\"(min-width: 0px) and (max-width: 480px) 480px, (min-width: 481px) 849px, 100vw\" \/><\/p>\n<h2>Madencilik Kamyonu Piston Ak\u00fcm\u00fclat\u00f6r\u00fcn\u00fcn \u00d6zellikleri:<\/h2>\n<p>Madencilik damperli kamyonlar\u0131nda hidrolik enerjiyi depolamak ve serbest b\u0131rakmak i\u00e7in tasarlanm\u0131\u015f, hayati \u00f6neme sahip bir hidrolik bile\u015fen olan piston ak\u00fcm\u00fclat\u00f6r\u00fc, y\u00fcksek mukavemetli malzemelerden \u00fcretilmi\u015ftir. Bu ak\u00fcm\u00fclat\u00f6r, madencilik ortamlar\u0131n\u0131n zorlu ko\u015fullar\u0131na dayanacak \u015fekilde tasarlanm\u0131\u015ft\u0131r ve dayan\u0131kl\u0131l\u0131k ve g\u00fcvenilirlik sa\u011flar. Bas\u0131n\u00e7 dalgalanmalar\u0131n\u0131 emerek, genel hidrolik sistemin performans\u0131n\u0131 art\u0131r\u0131r ve malzeme ta\u015f\u0131ma s\u0131ras\u0131nda g\u00fcvenli\u011fi ve verimlili\u011fi iyile\u015ftirir. Bu ak\u00fcm\u00fclat\u00f6r, madencilik damperli kamyonlar\u0131n\u0131n i\u015flevselli\u011fini optimize etmek ve zorlu arazilerde etkili \u00e7al\u0131\u015fma sa\u011flamak i\u00e7in gereklidir.<\/p>\n<p><img loading=\"lazy\" decoding=\"async\" class=\"size-full wp-image-573 aligncenter\" src=\"https:\/\/fmp-components.com\/wp-content\/uploads\/2024\/12\/Mining-Dump-Truck-Piston-Accumulator1.webp\" alt=\"Madencilik Kamyonu Piston Ak\u00fcm\u00fclat\u00f6r\u00fc\" width=\"500\" height=\"200\" title=\"\" srcset=\"https:\/\/fmp-components.com\/wp-content\/uploads\/2024\/12\/Mining-Dump-Truck-Piston-Accumulator1.webp 500w, https:\/\/fmp-components.com\/wp-content\/uploads\/2024\/12\/Mining-Dump-Truck-Piston-Accumulator1-480x192.webp 480w\" sizes=\"(min-width: 0px) and (max-width: 480px) 480px, (min-width: 481px) 500px, 100vw\" \/><\/p>\n<table border=\"1\" cellspacing=\"0\" cellpadding=\"0\">\n<tbody>\n<tr>\n<td>\u00dcr\u00fcn Ad\u0131<\/td>\n<td>Madencilik Kamyonu Piston Ak\u00fcm\u00fclat\u00f6r\u00fc<\/td>\n<\/tr>\n<tr>\n<td>\u00d6zellikler:<\/td>\n<td>Akslar\u0131n ta\u015f\u0131ma kapasitesini dengelemek i\u00e7in y\u00fck, ger\u00e7ek zamanl\u0131 olarak orta ve arka akslara e\u015fit olarak da\u011f\u0131t\u0131l\u0131r.<\/td>\n<\/tr>\n<tr>\n<td>\u0130tme kuvveti:<\/td>\n<td>Maksimum 27,5 MPa<\/td>\n<\/tr>\n<tr>\n<td>Pistonlu Ak\u00fcm\u00fclat\u00f6r Uygulamalar\u0131:<\/td>\n<td>Madencilik Damperli Kamyonu<\/td>\n<\/tr>\n<\/tbody>\n<\/table>\n<h2><img loading=\"lazy\" decoding=\"async\" class=\"alignnone  wp-image-580\" src=\"https:\/\/fmp-components.com\/wp-content\/uploads\/2024\/12\/Mining-Dump-Truck-Piston-Accumulator-1.webp\" alt=\"Madencilik Kamyonu Piston Ak\u00fcm\u00fclat\u00f6r\u00fc\" width=\"911\" height=\"461\" title=\"\" srcset=\"https:\/\/fmp-components.com\/wp-content\/uploads\/2024\/12\/Mining-Dump-Truck-Piston-Accumulator-1.webp 911w, https:\/\/fmp-components.com\/wp-content\/uploads\/2024\/12\/Mining-Dump-Truck-Piston-Accumulator-1-480x243.webp 480w\" sizes=\"(min-width: 0px) and (max-width: 480px) 480px, (min-width: 481px) 911px, 100vw\" \/><img loading=\"lazy\" decoding=\"async\" class=\"alignnone  wp-image-577\" src=\"https:\/\/fmp-components.com\/wp-content\/uploads\/2024\/12\/Mining-Dump-Truck-Piston-Accumulator.webp\" alt=\"Madencilik Kamyonu Piston Ak\u00fcm\u00fclat\u00f6r\u00fc\" width=\"905\" height=\"523\" title=\"\"><\/h2>\n<h2>FMP Hakk\u0131nda<\/h2>\n<p>FMP, hidrolik silindir \u00fcretimine odaklanm\u0131\u015f uzman bir mekanik \u00fcretim \u015firketidir. Kurulu\u015fundan bu yana \u015firket, hidrolik teknolojisinin ara\u015ft\u0131rma ve \u00fcretimine odaklanm\u0131\u015f ve hasat ve in\u015faat makinelerini de i\u00e7eren geni\u015f \u00fcr\u00fcn yelpazesinden, tar\u0131m trakt\u00f6r\u00fc bile\u015fenlerinde uzmanla\u015fmaya ba\u015far\u0131yla ge\u00e7i\u015f yapm\u0131\u015ft\u0131r. \u00dcretim ve y\u00f6netim alan\u0131nda on y\u0131l\u0131 a\u015fk\u0131n deneyimiyle FMP, geli\u015fmi\u015f \u00fcretim teknikleri sayesinde y\u00fcksek kaliteli \u00fcr\u00fcnler sunmaktad\u0131r.<\/p>\n<p>\u015eirketimiz geli\u015ftik\u00e7e, kapsaml\u0131 bir tala\u015fl\u0131 imalat \u00fcretim hatt\u0131, montaj hatt\u0131 ve kaplama hatt\u0131 geli\u015ftirdi. Ekibimiz, istikrarl\u0131 \u00fcretim kalitesini korurken s\u00fcre\u00e7 s\u00fcreklili\u011fini ve verimlili\u011fini etkili bir \u015fekilde kontrol etmek i\u00e7in birlikte \u00e7al\u0131\u015fan yetenekli y\u00f6netim personeli, deneyimli makine tasar\u0131mc\u0131lar\u0131 ve y\u00fcksek e\u011fitimli teknisyenlerden olu\u015fmaktad\u0131r.<\/p>\n<p>FMP, \u201cTeknolojik Yenilik \u0130lerlemeyi Te\u015fvik Eder, Kalite Marka Yarat\u0131r, \u0130\u015f\u00e7ilik Kaliteyi Sa\u011flar ve Uzun Vadeli Kazan-Kazan \u0130li\u015fkileri Kurar\u201d felsefesini benimser. Y\u00fcksek kaliteli \u00fcr\u00fcnler ve \u00fcst\u00fcn m\u00fc\u015fteri hizmeti sunma taahh\u00fcd\u00fcm\u00fcz, pazar\u0131n geli\u015fen ihtiya\u00e7lar\u0131n\u0131 kar\u015f\u0131lamaya devam ederken temel hedefimiz olmaya devam etmektedir.<\/p>\n<p><img loading=\"lazy\" decoding=\"async\" class=\"alignnone size-full wp-image-426\" src=\"https:\/\/fmp-components.com\/wp-content\/uploads\/2024\/12\/Sanitation-Machinery-Locking-Hydraulic-Cylinder-factory.webp\" sizes=\"(min-width: 0px) and (max-width: 480px) 480px, (min-width: 481px) and (max-width: 980px) 980px, (min-width: 981px) and (max-width: 1280px) 1280px, (min-width: 1281px) 1414px, 100vw\" srcset=\"https:\/\/fmp-components.com\/wp-content\/uploads\/2024\/12\/Sanitation-Machinery-Locking-Hydraulic-Cylinder-factory.webp 1414w, https:\/\/fmp-components.com\/wp-content\/uploads\/2024\/12\/Sanitation-Machinery-Locking-Hydraulic-Cylinder-factory-1280x529.webp 1280w, https:\/\/fmp-components.com\/wp-content\/uploads\/2024\/12\/Sanitation-Machinery-Locking-Hydraulic-Cylinder-factory-980x405.webp 980w, https:\/\/fmp-components.com\/wp-content\/uploads\/2024\/12\/Sanitation-Machinery-Locking-Hydraulic-Cylinder-factory-480x198.webp 480w\" alt=\"Sanitasyon-Makine-Kilitleme-Hidrolik-Silindir-Fabrikas\u0131\" width=\"1414\" height=\"584\" title=\"\"><\/p>\n<p>Yazar: CX<\/p>","protected":false},"excerpt":{"rendered":"<p>Mining Dump Truck Cylinder The Mining Dump Truck Cylinder is a vital hydraulic component designed to facilitate the lifting and dumping functions of mining dump trucks. This cylinder provides the necessary force to raise the truck bed, allowing for efficient unloading of materials such as ore, gravel, and waste. Key Features: Robust Construction: Built from [&hellip;]<\/p>","protected":false},"featured_media":570,"comment_status":"open","ping_status":"closed","template":"","meta":{"_et_pb_use_builder":"","_et_pb_old_content":"","_et_gb_content_width":""},"product_brand":[],"product_cat":[25],"product_tag":[],"class_list":{"0":"post-567","1":"product","2":"type-product","3":"status-publish","4":"has-post-thumbnail","6":"product_cat-mobile-machinery-hydraulic-cylinder","8":"first","9":"instock","10":"shipping-taxable","11":"product-type-simple"},"_links":{"self":[{"href":"https:\/\/fmp-components.com\/tr\/wp-json\/wp\/v2\/product\/567","targetHints":{"allow":["GET"]}}],"collection":[{"href":"https:\/\/fmp-components.com\/tr\/wp-json\/wp\/v2\/product"}],"about":[{"href":"https:\/\/fmp-components.com\/tr\/wp-json\/wp\/v2\/types\/product"}],"replies":[{"embeddable":true,"href":"https:\/\/fmp-components.com\/tr\/wp-json\/wp\/v2\/comments?post=567"}],"wp:featuredmedia":[{"embeddable":true,"href":"https:\/\/fmp-components.com\/tr\/wp-json\/wp\/v2\/media\/570"}],"wp:attachment":[{"href":"https:\/\/fmp-components.com\/tr\/wp-json\/wp\/v2\/media?parent=567"}],"wp:term":[{"taxonomy":"product_brand","embeddable":true,"href":"https:\/\/fmp-components.com\/tr\/wp-json\/wp\/v2\/product_brand?post=567"},{"taxonomy":"product_cat","embeddable":true,"href":"https:\/\/fmp-components.com\/tr\/wp-json\/wp\/v2\/product_cat?post=567"},{"taxonomy":"product_tag","embeddable":true,"href":"https:\/\/fmp-components.com\/tr\/wp-json\/wp\/v2\/product_tag?post=567"}],"curies":[{"name":"wp","href":"https:\/\/api.w.org\/{rel}","templated":true}]}}