{"id":555,"date":"2024-12-16T08:31:00","date_gmt":"2024-12-16T08:31:00","guid":{"rendered":"https:\/\/fmp-components.com\/?page_id=8"},"modified":"2024-12-16T08:31:00","modified_gmt":"2024-12-16T08:31:00","slug":"rotary-drilling-cylinder","status":"publish","type":"product","link":"https:\/\/fmp-components.com\/tr\/product\/rotary-drilling-cylinder\/","title":{"rendered":"D\u00f6ner Delme Silindiri"},"content":{"rendered":"<p style=\"text-align: center;\"><span style=\"font-size: 18pt;\">D\u00f6ner Delme Silindiri<\/span><\/p>\n<p>D\u00f6ner Sondaj Silindiri, in\u015faat, madencilik ve jeoteknik m\u00fchendisli\u011fi gibi \u00e7e\u015fitli uygulamalarda sondaj i\u015flemleri i\u00e7in gereken d\u00f6nme hareketini kolayla\u015ft\u0131rmak \u00fczere tasarlanm\u0131\u015f \u00f6nemli bir hidrolik bile\u015fendir. Bu silindir, matkap ucunu d\u00f6nd\u00fcrmek i\u00e7in gerekli kuvveti sa\u011flayarak farkl\u0131 toprak ve kaya t\u00fcrlerine verimli bir \u015fekilde n\u00fcfuz etmeyi sa\u011flar.<\/p>\n<p><img loading=\"lazy\" decoding=\"async\" class=\"size-full wp-image-556 aligncenter\" src=\"https:\/\/fmp-components.com\/wp-content\/uploads\/2024\/12\/Rotary-Drilling-Cylinder.webp\" alt=\"D\u00f6ner Delme Silindiri\" width=\"760\" height=\"533\" title=\"\" srcset=\"https:\/\/fmp-components.com\/wp-content\/uploads\/2024\/12\/Rotary-Drilling-Cylinder.webp 760w, https:\/\/fmp-components.com\/wp-content\/uploads\/2024\/12\/Rotary-Drilling-Cylinder-480x337.webp 480w\" sizes=\"(min-width: 0px) and (max-width: 480px) 480px, (min-width: 481px) 760px, 100vw\" \/><\/p>\n<h4>Temel \u00d6zellikler:<\/h4>\n<ul>\n<li><strong>Sa\u011flam Yap\u0131:<\/strong> Y\u00fcksek mukavemetli malzemelerden \u00fcretilen d\u00f6ner delme silindiri, delme ortamlar\u0131n\u0131n zorlu ko\u015fullar\u0131na dayanacak \u015fekilde tasarlanm\u0131\u015ft\u0131r ve uzun s\u00fcreli dayan\u0131kl\u0131l\u0131k ve g\u00fcvenilirlik sa\u011flar.<\/li>\n<li><strong>Sorunsuz \u00c7al\u0131\u015fma:<\/strong> Hidrolik tasar\u0131m, d\u00fczg\u00fcn ve kontroll\u00fc d\u00f6n\u00fc\u015fe olanak tan\u0131yarak hassas delme kabiliyeti sa\u011flar ve genel operasyonel verimlili\u011fi art\u0131r\u0131r.<\/li>\n<li><strong>\u00c7ok Y\u00f6nl\u00fc Uygulama:<\/strong> \u00c7ok \u00e7e\u015fitli sondaj ekipmanlar\u0131 i\u00e7in uygun olan bu silindir, d\u00f6ner matkaplar\u0131n, burgular\u0131n ve di\u011fer sondaj makinelerinin i\u015flevselli\u011fini art\u0131rarak \u00e7e\u015fitli projeler i\u00e7in ideal hale getirir.<\/li>\n<li><strong>Geli\u015fmi\u015f Performans:<\/strong> D\u00f6ner delme silindiri, tutarl\u0131 g\u00fc\u00e7 ve tork sa\u011flayarak delme performans\u0131n\u0131 optimize eder, daha h\u0131zl\u0131 ve daha etkili penetrasyona olanak tan\u0131r.<\/li>\n<li><strong>D\u00fc\u015f\u00fck Bak\u0131m Gereksinimleri:<\/strong> Minimum a\u015f\u0131nma i\u00e7in tasarlanan bu silindir daha az bak\u0131m gerektirir, bu da ar\u0131za s\u00fcresini azalt\u0131r ve delme operasyonlar\u0131nda \u00fcretkenli\u011fin artmas\u0131na katk\u0131da bulunur.<\/li>\n<\/ul>\n<p>\u00d6zetle, D\u00f6ner Sondaj Silindiri, sondaj operasyonlar\u0131n\u0131n verimlili\u011fini ve etkinli\u011fini art\u0131ran, onu \u00e7e\u015fitli end\u00fcstriyel ve in\u015faat uygulamalar\u0131 i\u00e7in vazge\u00e7ilmez k\u0131lan temel bir bile\u015fendir.<\/p>\n<h2>D\u00f6ner Delme Bom Silindiri \u00d6zellikleri:<\/h2>\n<p>D\u00f6ner Sondaj Bom Silindiri, sondaj kulesinin bomunun a\u00e7\u0131s\u0131n\u0131 kontrol etmek ve sondaj i\u015flemleri s\u0131ras\u0131nda hassas konumland\u0131rma sa\u011flamak i\u00e7in tasarlanm\u0131\u015f hayati bir hidrolik bile\u015fendir. Bu silindir, bomun y\u00fcksekli\u011fini ve a\u00e7\u0131s\u0131n\u0131 ayarlayarak sondaj verimlili\u011fini ve \u00e7e\u015fitli derinliklere eri\u015fimi optimize eden bom hareketini sa\u011flar. Y\u00fcksek mukavemetli malzemelerden \u00fcretilen bu silindir, in\u015faat ve sondaj ortamlar\u0131n\u0131n zorlu ko\u015fullar\u0131na dayanacak \u015fekilde \u00fcretilmi\u015ftir ve dayan\u0131kl\u0131l\u0131k ve g\u00fcvenilirlik sa\u011flar. Bom silindirinin sorunsuz hidrolik \u00e7al\u0131\u015fmas\u0131, h\u0131zl\u0131 ayarlamalara olanak tan\u0131yarak kulenin \u00e7ok y\u00f6nl\u00fcl\u00fc\u011f\u00fcn\u00fc ve performans\u0131n\u0131 art\u0131r\u0131rken, \u00e7e\u015fitli uygulamalarda g\u00fcvenli ve verimli sondaj sa\u011flar.<\/p>\n<p><img loading=\"lazy\" decoding=\"async\" class=\"size-full wp-image-558 aligncenter\" src=\"https:\/\/fmp-components.com\/wp-content\/uploads\/2024\/12\/Rotary-Drilling-Luffing-Cylinder1.webp\" alt=\"D\u00f6ner Delme Bom Silindiri\" width=\"500\" height=\"200\" title=\"\" srcset=\"https:\/\/fmp-components.com\/wp-content\/uploads\/2024\/12\/Rotary-Drilling-Luffing-Cylinder1.webp 500w, https:\/\/fmp-components.com\/wp-content\/uploads\/2024\/12\/Rotary-Drilling-Luffing-Cylinder1-480x192.webp 480w\" sizes=\"(min-width: 0px) and (max-width: 480px) 480px, (min-width: 481px) 500px, 100vw\" \/><\/p>\n<table style=\"width: 92.1166%; height: 218px;\" border=\"1\" cellspacing=\"0\" cellpadding=\"0\">\n<tbody>\n<tr>\n<td>\u00dcr\u00fcn Ad\u0131<\/td>\n<td>D\u00f6ner Delme Bom Silindiri<\/td>\n<\/tr>\n<tr>\n<td>\u00d6zellikler:<\/td>\n<td>Luffing a\u00e7\u0131s\u0131n\u0131 kontrol edin, direk ile ana makine aras\u0131ndaki mesafeyi ayarlay\u0131n<\/td>\n<\/tr>\n<tr>\n<td>Delik \u00e7ap\u0131:<\/td>\n<td>125 mm\uff5e250 mm<\/td>\n<\/tr>\n<tr>\n<td>\u00c7ubuk \u00e7ap\u0131:<\/td>\n<td>90mm\uff5e160mm<br \/>\nStrok\u22641640 mm<\/td>\n<\/tr>\n<tr>\n<td>Bas\u0131n\u00e7:<\/td>\n<td>32MPa'ya kadar<\/td>\n<\/tr>\n<tr>\n<td>Luffing Silindir Uygulamalar\u0131:<\/td>\n<td>D\u00f6ner Sondaj<\/td>\n<\/tr>\n<\/tbody>\n<\/table>\n<p><img loading=\"lazy\" decoding=\"async\" class=\"alignnone size-full wp-image-565\" src=\"https:\/\/fmp-components.com\/wp-content\/uploads\/2024\/12\/Rotary-Drilling-Luffing-Cylinder1-1.webp\" alt=\"D\u00f6ner Delme Bom Silindiri\" width=\"839\" height=\"425\" title=\"\" srcset=\"https:\/\/fmp-components.com\/wp-content\/uploads\/2024\/12\/Rotary-Drilling-Luffing-Cylinder1-1.webp 839w, https:\/\/fmp-components.com\/wp-content\/uploads\/2024\/12\/Rotary-Drilling-Luffing-Cylinder1-1-480x243.webp 480w\" sizes=\"(min-width: 0px) and (max-width: 480px) 480px, (min-width: 481px) 839px, 100vw\" \/> <img loading=\"lazy\" decoding=\"async\" class=\"alignnone size-full wp-image-566\" src=\"https:\/\/fmp-components.com\/wp-content\/uploads\/2024\/12\/Rotary-Drilling-Luffing-Cylinder2.webp\" alt=\"D\u00f6ner Delme Bom Silindiri\" width=\"831\" height=\"417\" title=\"\" srcset=\"https:\/\/fmp-components.com\/wp-content\/uploads\/2024\/12\/Rotary-Drilling-Luffing-Cylinder2.webp 831w, https:\/\/fmp-components.com\/wp-content\/uploads\/2024\/12\/Rotary-Drilling-Luffing-Cylinder2-480x241.webp 480w\" sizes=\"(min-width: 0px) and (max-width: 480px) 480px, (min-width: 481px) 831px, 100vw\" \/><\/p>\n<h2>D\u00f6ner Sondaj Mast Silindiri \u00d6zellikleri:<\/h2>\n<p>D\u00f6ner Sondaj Mast\u0131 Silindiri, sondaj mast\u0131n\u0131n dikey hareketini destekleyen ve sondaj i\u015flemleri s\u0131ras\u0131nda y\u00fckselip al\u00e7almas\u0131n\u0131 sa\u011flayan \u00f6nemli bir hidrolik bile\u015fendir. Bu silindir, mast\u0131n \u00e7e\u015fitli y\u00fcksekliklere uzat\u0131lmas\u0131 i\u00e7in gerekli kuvveti sa\u011flayarak sondaj i\u00e7in gereken derinliklere verimli eri\u015fim sa\u011flar. Y\u00fcksek mukavemetli malzemelerden \u00fcretilen bu silindir, sondaj ortamlar\u0131n\u0131n zorlu ko\u015fullar\u0131na dayanacak \u015fekilde tasarlanm\u0131\u015f olup, uzun s\u00fcreli dayan\u0131kl\u0131l\u0131k ve g\u00fcvenilirlik sa\u011flar. Mast silindirinin p\u00fcr\u00fczs\u00fcz hidrolik hareketi, hassas kontrol\u00fc kolayla\u015ft\u0131r\u0131r, sondaj kulesinin genel stabilitesini ve performans\u0131n\u0131 art\u0131r\u0131rken \u00e7e\u015fitli uygulamalarda g\u00fcvenli ve etkili operasyonlar sa\u011flar.<\/p>\n<p><img loading=\"lazy\" decoding=\"async\" class=\"size-full wp-image-559 aligncenter\" src=\"https:\/\/fmp-components.com\/wp-content\/uploads\/2024\/12\/Rotary-Drilling-Mast-Cylinder1.webp\" alt=\"D\u00f6ner Sondaj Mast Silindiri\" width=\"500\" height=\"200\" title=\"\" srcset=\"https:\/\/fmp-components.com\/wp-content\/uploads\/2024\/12\/Rotary-Drilling-Mast-Cylinder1.webp 500w, https:\/\/fmp-components.com\/wp-content\/uploads\/2024\/12\/Rotary-Drilling-Mast-Cylinder1-480x192.webp 480w\" sizes=\"(min-width: 0px) and (max-width: 480px) 480px, (min-width: 481px) 500px, 100vw\" \/><\/p>\n<table style=\"width: 92.4146%; height: 200px;\" border=\"1\" cellspacing=\"0\" cellpadding=\"0\">\n<tbody>\n<tr style=\"height: 23px;\">\n<td style=\"width: 30.6306%; height: 23px;\">\u00dcr\u00fcn Ad\u0131<\/td>\n<td style=\"width: 69.009%; height: 23px;\">D\u00f6ner Sondaj Mast Silindiri<\/td>\n<\/tr>\n<tr style=\"height: 23px;\">\n<td style=\"width: 30.6306%; height: 23px;\">\u00d6zellikler:<\/td>\n<td style=\"width: 69.009%; height: 23px;\">Dire\u011fi kontrol edin, dire\u011fin ve zeminin a\u00e7\u0131s\u0131n\u0131 ayarlay\u0131n<\/td>\n<\/tr>\n<tr style=\"height: 23px;\">\n<td style=\"width: 30.6306%; height: 23px;\">Delik \u00e7ap\u0131:<\/td>\n<td style=\"width: 69.009%; height: 23px;\">140 mm\uff5e350 mm<\/td>\n<\/tr>\n<tr style=\"height: 47px;\">\n<td style=\"width: 30.6306%; height: 47px;\">\u00c7ubuk \u00e7ap\u0131:<\/td>\n<td style=\"width: 69.009%; height: 47px;\">90 mm\uff5e230 mm<br \/>\nStrok\u22645550mm<\/td>\n<\/tr>\n<tr style=\"height: 23px;\">\n<td style=\"width: 30.6306%; height: 23px;\">Bas\u0131n\u00e7:<\/td>\n<td style=\"width: 69.009%; height: 23px;\">32MPa'ya kadar<\/td>\n<\/tr>\n<tr style=\"height: 23px;\">\n<td style=\"width: 30.6306%; height: 23px;\">Mast Silindir Uygulamalar\u0131:<\/td>\n<td style=\"width: 69.009%; height: 23px;\">D\u00f6ner Sondaj<\/td>\n<\/tr>\n<\/tbody>\n<\/table>\n<p><img loading=\"lazy\" decoding=\"async\" class=\"alignnone size-full wp-image-563\" src=\"https:\/\/fmp-components.com\/wp-content\/uploads\/2024\/12\/Rotary-Drilling-Mast-Cylinder1-1.webp\" alt=\"D\u00f6ner Sondaj Mast Silindiri\" width=\"821\" height=\"426\" title=\"\" srcset=\"https:\/\/fmp-components.com\/wp-content\/uploads\/2024\/12\/Rotary-Drilling-Mast-Cylinder1-1.webp 821w, https:\/\/fmp-components.com\/wp-content\/uploads\/2024\/12\/Rotary-Drilling-Mast-Cylinder1-1-480x249.webp 480w\" sizes=\"(min-width: 0px) and (max-width: 480px) 480px, (min-width: 481px) 821px, 100vw\" \/> <img loading=\"lazy\" decoding=\"async\" class=\"alignnone size-full wp-image-564\" src=\"https:\/\/fmp-components.com\/wp-content\/uploads\/2024\/12\/Rotary-Drilling-Mast-Cylinder2.webp\" alt=\"D\u00f6ner Sondaj Mast Silindiri\" width=\"828\" height=\"414\" title=\"\" srcset=\"https:\/\/fmp-components.com\/wp-content\/uploads\/2024\/12\/Rotary-Drilling-Mast-Cylinder2.webp 828w, https:\/\/fmp-components.com\/wp-content\/uploads\/2024\/12\/Rotary-Drilling-Mast-Cylinder2-480x240.webp 480w\" sizes=\"(min-width: 0px) and (max-width: 480px) 480px, (min-width: 481px) 828px, 100vw\" \/><\/p>\n<h2>D\u00f6ner Sondaj Bas\u0131n\u00e7l\u0131 Silindir \u00d6zellikleri:<\/h2>\n<p>D\u00f6ner Sondaj Bas\u0131n\u00e7l\u0131 Silindiri, d\u00f6ner sondaj i\u015flemleri s\u0131ras\u0131nda bas\u0131n\u00e7 uygulamak ve s\u00fcrd\u00fcrmek i\u00e7in tasarlanm\u0131\u015f kritik bir hidrolik bile\u015fendir. Bu silindir, matkap ucunun tutarl\u0131 bir kuvvet almas\u0131n\u0131 sa\u011flayarak \u00e7e\u015fitli toprak ve kaya olu\u015fumlar\u0131na n\u00fcfuz etme etkinli\u011fini art\u0131r\u0131r. Y\u00fcksek mukavemetli malzemelerden \u00fcretilen bu silindir, zorlu sondaj ortamlar\u0131na dayanacak \u015fekilde tasarlanm\u0131\u015ft\u0131r ve dayan\u0131kl\u0131l\u0131k ve g\u00fcvenilirlik sunar. Bas\u0131n\u00e7l\u0131 \u00e7al\u0131\u015fma, verimli sondaj performans\u0131 sa\u011flayarak operasyonlar\u0131n h\u0131z\u0131n\u0131 ve etkinli\u011fini art\u0131r\u0131r. Ayr\u0131ca, silindirin tasar\u0131m\u0131 sorunsuz hidrolik hareketi kolayla\u015ft\u0131rarak sondaj g\u00f6revleri s\u0131ras\u0131nda hassas kontrol ve stabilite sa\u011flar ve bu da onu \u00e7e\u015fitli in\u015faat ve jeoteknik uygulamalar i\u00e7in vazge\u00e7ilmez k\u0131lar.<\/p>\n<p><img loading=\"lazy\" decoding=\"async\" class=\"size-full wp-image-560 aligncenter\" src=\"https:\/\/fmp-components.com\/wp-content\/uploads\/2024\/12\/Rotary-Drilling-Pressurized-Cylinder.webp\" alt=\"D\u00f6ner Sondaj Bas\u0131n\u00e7l\u0131 Silindir\" width=\"500\" height=\"200\" title=\"\" srcset=\"https:\/\/fmp-components.com\/wp-content\/uploads\/2024\/12\/Rotary-Drilling-Pressurized-Cylinder.webp 500w, https:\/\/fmp-components.com\/wp-content\/uploads\/2024\/12\/Rotary-Drilling-Pressurized-Cylinder-480x192.webp 480w\" sizes=\"(min-width: 0px) and (max-width: 480px) 480px, (min-width: 481px) 500px, 100vw\" \/><\/p>\n<table style=\"width: 91.2553%; height: 204px;\" border=\"1\" cellspacing=\"0\" cellpadding=\"0\">\n<tbody>\n<tr>\n<td>\u00dcr\u00fcn Ad\u0131<\/td>\n<td>D\u00f6ner Sondaj Bas\u0131n\u00e7l\u0131 Silindir<\/td>\n<\/tr>\n<tr>\n<td>\u00d6zellikler:<\/td>\n<td>G\u00fc\u00e7 kafas\u0131n\u0131n kald\u0131r\u0131lmas\u0131n\u0131 ve indirilmesini kontrol edin<\/td>\n<\/tr>\n<tr>\n<td>Delik \u00e7ap\u0131:<\/td>\n<td>125 mm\uff5e210 mm<\/td>\n<\/tr>\n<tr>\n<td>\u00c7ubuk \u00e7ap\u0131:<\/td>\n<td>90mm\uff5e150mm<br \/>\nStrok\u22648500mm<\/td>\n<\/tr>\n<tr>\n<td>Bas\u0131n\u00e7:<\/td>\n<td>35MPa'ya kadar<\/td>\n<\/tr>\n<tr>\n<td>Bas\u0131n\u00e7l\u0131 Silindir Uygulamalar\u0131:<\/td>\n<td>D\u00f6ner Sondaj<\/td>\n<\/tr>\n<\/tbody>\n<\/table>\n<p><img loading=\"lazy\" decoding=\"async\" class=\"alignnone size-full wp-image-561\" src=\"https:\/\/fmp-components.com\/wp-content\/uploads\/2024\/12\/Rotary-Drilling-Pressurized-Cylinder2.webp\" alt=\"D\u00f6ner Sondaj Bas\u0131n\u00e7l\u0131 Silindir\" width=\"831\" height=\"416\" title=\"\" srcset=\"https:\/\/fmp-components.com\/wp-content\/uploads\/2024\/12\/Rotary-Drilling-Pressurized-Cylinder2.webp 831w, https:\/\/fmp-components.com\/wp-content\/uploads\/2024\/12\/Rotary-Drilling-Pressurized-Cylinder2-480x240.webp 480w\" sizes=\"(min-width: 0px) and (max-width: 480px) 480px, (min-width: 481px) 831px, 100vw\" \/> <img loading=\"lazy\" decoding=\"async\" class=\"alignnone size-full wp-image-562\" src=\"https:\/\/fmp-components.com\/wp-content\/uploads\/2024\/12\/Rotary-Drilling-Pressurized-Cylinder1.png\" alt=\"D\u00f6ner Sondaj Bas\u0131n\u00e7l\u0131 Silindir\" width=\"817\" height=\"430\" title=\"\" srcset=\"https:\/\/fmp-components.com\/wp-content\/uploads\/2024\/12\/Rotary-Drilling-Pressurized-Cylinder1.png 817w, https:\/\/fmp-components.com\/wp-content\/uploads\/2024\/12\/Rotary-Drilling-Pressurized-Cylinder1-480x253.png 480w\" sizes=\"(min-width: 0px) and (max-width: 480px) 480px, (min-width: 481px) 817px, 100vw\" \/><\/p>\n<h2>FMP Hakk\u0131nda<\/h2>\n<p>FMP, hidrolik silindir \u00fcretimine odaklanm\u0131\u015f uzman bir mekanik \u00fcretim \u015firketidir. Kurulu\u015fundan bu yana \u015firket, hidrolik teknolojisinin ara\u015ft\u0131rma ve \u00fcretimine odaklanm\u0131\u015f ve hasat ve in\u015faat makinelerini de i\u00e7eren geni\u015f \u00fcr\u00fcn yelpazesinden, tar\u0131m trakt\u00f6r\u00fc bile\u015fenlerinde uzmanla\u015fmaya ba\u015far\u0131yla ge\u00e7i\u015f yapm\u0131\u015ft\u0131r. \u00dcretim ve y\u00f6netim alan\u0131nda on y\u0131l\u0131 a\u015fk\u0131n deneyimiyle FMP, geli\u015fmi\u015f \u00fcretim teknikleri sayesinde y\u00fcksek kaliteli \u00fcr\u00fcnler sunmaktad\u0131r.<\/p>\n<p>\u015eirketimiz geli\u015ftik\u00e7e, kapsaml\u0131 bir tala\u015fl\u0131 imalat \u00fcretim hatt\u0131, montaj hatt\u0131 ve kaplama hatt\u0131 geli\u015ftirdi. Ekibimiz, istikrarl\u0131 \u00fcretim kalitesini korurken s\u00fcre\u00e7 s\u00fcreklili\u011fini ve verimlili\u011fini etkili bir \u015fekilde kontrol etmek i\u00e7in birlikte \u00e7al\u0131\u015fan yetenekli y\u00f6netim personeli, deneyimli makine tasar\u0131mc\u0131lar\u0131 ve y\u00fcksek e\u011fitimli teknisyenlerden olu\u015fmaktad\u0131r.<\/p>\n<p>FMP, \u201cTeknolojik Yenilik \u0130lerlemeyi Te\u015fvik Eder, Kalite Marka Yarat\u0131r, \u0130\u015f\u00e7ilik Kaliteyi Sa\u011flar ve Uzun Vadeli Kazan-Kazan \u0130li\u015fkileri Kurar\u201d felsefesini benimser. Y\u00fcksek kaliteli \u00fcr\u00fcnler ve \u00fcst\u00fcn m\u00fc\u015fteri hizmeti sunma taahh\u00fcd\u00fcm\u00fcz, pazar\u0131n geli\u015fen ihtiya\u00e7lar\u0131n\u0131 kar\u015f\u0131lamaya devam ederken temel hedefimiz olmaya devam etmektedir.<\/p>\n<p><img loading=\"lazy\" decoding=\"async\" class=\"alignnone size-full wp-image-426\" src=\"https:\/\/fmp-components.com\/wp-content\/uploads\/2024\/12\/Sanitation-Machinery-Locking-Hydraulic-Cylinder-factory.webp\" sizes=\"(min-width: 0px) and (max-width: 480px) 480px, (min-width: 481px) and (max-width: 980px) 980px, (min-width: 981px) and (max-width: 1280px) 1280px, (min-width: 1281px) 1414px, 100vw\" srcset=\"https:\/\/fmp-components.com\/wp-content\/uploads\/2024\/12\/Sanitation-Machinery-Locking-Hydraulic-Cylinder-factory.webp 1414w, https:\/\/fmp-components.com\/wp-content\/uploads\/2024\/12\/Sanitation-Machinery-Locking-Hydraulic-Cylinder-factory-1280x529.webp 1280w, https:\/\/fmp-components.com\/wp-content\/uploads\/2024\/12\/Sanitation-Machinery-Locking-Hydraulic-Cylinder-factory-980x405.webp 980w, https:\/\/fmp-components.com\/wp-content\/uploads\/2024\/12\/Sanitation-Machinery-Locking-Hydraulic-Cylinder-factory-480x198.webp 480w\" alt=\"Sanitasyon-Makine-Kilitleme-Hidrolik-Silindir-Fabrikas\u0131\" width=\"1414\" height=\"584\" title=\"\"><\/p>\n<p>Yazar: CX<\/p>","protected":false},"excerpt":{"rendered":"<p>Rotary Drilling Cylinder The Rotary Drilling Cylinder is a crucial hydraulic component designed to facilitate the rotary motion required for drilling operations in various applications, including construction, mining, and geotechnical engineering. This cylinder provides the necessary force to rotate the drill bit, enabling efficient penetration into different types of soil and rock. Key Features: Robust [&hellip;]<\/p>","protected":false},"featured_media":557,"comment_status":"open","ping_status":"closed","template":"","meta":{"_et_pb_use_builder":"","_et_pb_old_content":"","_et_gb_content_width":""},"product_brand":[],"product_cat":[25],"product_tag":[],"class_list":{"0":"post-555","1":"product","2":"type-product","3":"status-publish","4":"has-post-thumbnail","6":"product_cat-mobile-machinery-hydraulic-cylinder","8":"first","9":"instock","10":"shipping-taxable","11":"product-type-simple"},"_links":{"self":[{"href":"https:\/\/fmp-components.com\/tr\/wp-json\/wp\/v2\/product\/555","targetHints":{"allow":["GET"]}}],"collection":[{"href":"https:\/\/fmp-components.com\/tr\/wp-json\/wp\/v2\/product"}],"about":[{"href":"https:\/\/fmp-components.com\/tr\/wp-json\/wp\/v2\/types\/product"}],"replies":[{"embeddable":true,"href":"https:\/\/fmp-components.com\/tr\/wp-json\/wp\/v2\/comments?post=555"}],"wp:featuredmedia":[{"embeddable":true,"href":"https:\/\/fmp-components.com\/tr\/wp-json\/wp\/v2\/media\/557"}],"wp:attachment":[{"href":"https:\/\/fmp-components.com\/tr\/wp-json\/wp\/v2\/media?parent=555"}],"wp:term":[{"taxonomy":"product_brand","embeddable":true,"href":"https:\/\/fmp-components.com\/tr\/wp-json\/wp\/v2\/product_brand?post=555"},{"taxonomy":"product_cat","embeddable":true,"href":"https:\/\/fmp-components.com\/tr\/wp-json\/wp\/v2\/product_cat?post=555"},{"taxonomy":"product_tag","embeddable":true,"href":"https:\/\/fmp-components.com\/tr\/wp-json\/wp\/v2\/product_tag?post=555"}],"curies":[{"name":"wp","href":"https:\/\/api.w.org\/{rel}","templated":true}]}}