{"id":5256,"date":"2025-02-05T05:17:19","date_gmt":"2025-02-05T05:17:19","guid":{"rendered":"https:\/\/fmp-components.com\/?post_type=product&#038;p=5256"},"modified":"2025-02-05T06:13:06","modified_gmt":"2025-02-05T06:13:06","slug":"hand-or-electric-chain-hoist-sprocket-for-crane-lifting","status":"publish","type":"product","link":"https:\/\/fmp-components.com\/tr\/product\/hand-or-electric-chain-hoist-sprocket-for-crane-lifting\/","title":{"rendered":"Vin\u00e7 Kald\u0131rma i\u00e7in El veya Elektrikli Zincirli Vin\u00e7 Di\u015flisi"},"content":{"rendered":"<h2>Zincirli Vin\u00e7 Zincir Di\u015flisi \u00dcr\u00fcn Genel Bak\u0131\u015f\u0131<\/h2>\n<p>Zincirli vin\u00e7 di\u015flisi, kullan\u0131m kolayl\u0131\u011f\u0131, ta\u015f\u0131nabilirlik ve g\u00fcvenlik i\u00e7in tasarlanm\u0131\u015ft\u0131r ve bu da onu kullan\u0131c\u0131lar aras\u0131nda pop\u00fcler bir tercih haline getirir. Yenilik\u00e7i tasar\u0131m\u0131 ve sorunsuz i\u015flevselli\u011fiyle bu di\u015fli, a\u011f\u0131r kald\u0131rma uygulamalar\u0131nda m\u00fckemmeldir. Peki onu farkl\u0131 k\u0131lan nedir?<\/p>\n<p>Zincirli vin\u00e7 di\u015flisi, y\u00fcksek y\u00fck ta\u015f\u0131ma kapasitesine, m\u00fckemmel toklu\u011fa ve mukavemete sahip kancalar, zincirler ve di\u011fer par\u00e7alar gibi bile\u015fenlerden \u00fcretilmi\u015ftir. Bu \u00f6zellikler, di\u015flinin kullan\u0131m s\u0131ras\u0131nda dayan\u0131kl\u0131 ve k\u0131r\u0131lmaya kar\u015f\u0131 diren\u00e7li kalmas\u0131n\u0131 sa\u011flayarak \u00e7al\u0131\u015fma g\u00fcvenli\u011fini \u00f6nemli \u00f6l\u00e7\u00fcde art\u0131r\u0131r. Di\u015flinin sa\u011flam yap\u0131s\u0131, a\u011f\u0131r y\u00fckleri uzun s\u00fcreler boyunca s\u00fcrekli olarak kald\u0131rmas\u0131na olanak tan\u0131r, i\u015f verimlili\u011fini art\u0131r\u0131r ve manuel i\u015f g\u00fcc\u00fcne olan ihtiyac\u0131 azalt\u0131r.<\/p>\n<p>Enerji, ula\u015f\u0131m, k\u00f6pr\u00fc in\u015faat\u0131 ve k\u00f6m\u00fcr gibi sekt\u00f6rlerde yayg\u0131n olarak kullan\u0131lan zincirli vin\u00e7 di\u015flisi, \u00e7e\u015fitli alanlarda daha verimli ve daha g\u00fcvenli operasyonlara katk\u0131da bulunan benzersiz avantajlar sunarak, \u00fcretkenli\u011fi art\u0131rmak i\u00e7in paha bi\u00e7ilmez bir ara\u00e7t\u0131r.<\/p>\n<h3>Geli\u015ftirilmi\u015f Sabit Kasnak Tasar\u0131m\u0131<\/h3>\n<p>Zincirli vin\u00e7 di\u015flisi, geleneksel sabit kasna\u011f\u0131n geli\u015fmi\u015f bir versiyonudur ve sabit kasna\u011f\u0131n en iyi \u00f6zelliklerini ek i\u015flevsellikle birle\u015ftirir. Red\u00fckt\u00f6r, geri vites freni ve zincirli vin\u00e7 di\u015flisini simetrik bir ikincil mahmuz di\u015fli sistemi i\u00e7inde birle\u015ftirir. Bu kurulum basit, dayan\u0131kl\u0131 ve son derece verimlidir.<\/p>\n<p>\u0130\u015flem basittir: Manuel zincir ve el zinciri \u00e7ark\u0131, s\u00fcrt\u00fcnme plakas\u0131 c\u0131rc\u0131r\u0131n\u0131 ve fren yuvas\u0131n\u0131 kavramak i\u00e7in \u00e7ekilir ve birlikte d\u00f6nmelerini sa\u011flar. Uzun di\u015fli \u015faft, plaka di\u015flisini d\u00f6nd\u00fcrd\u00fck\u00e7e, k\u0131sa di\u015fli \u015faft ve yivli delik di\u015flisi de onu takip eder. Bu hareket, kald\u0131rma zinciri \u00e7ark\u0131n\u0131 \u00e7al\u0131\u015ft\u0131r\u0131r ve bu da a\u011f\u0131r y\u00fck\u00fc sabit bir \u015fekilde kald\u0131rmak i\u00e7in kald\u0131rma zincirini hareket ettirir. Ayr\u0131ca, c\u0131rc\u0131rl\u0131 s\u00fcrt\u00fcnme plakas\u0131na sahip tek y\u00f6nl\u00fc fren mekanizmas\u0131, y\u00fck alt\u0131nda otomatik frenleme sa\u011flar. Mandal, yay gerilimi alt\u0131nda c\u0131rc\u0131rla temas ederek frenin g\u00fcvenli ve emniyetli bir \u015fekilde \u00e7al\u0131\u015fmas\u0131n\u0131 sa\u011flar.<\/p>\n<p>Zincirli vin\u00e7 di\u015flisi, g\u00fcvenilir, verimli ve g\u00fcvenli kald\u0131rma sa\u011flamak \u00fczere tasarlanm\u0131\u015ft\u0131r ve bu da onu zorlu end\u00fcstriyel g\u00f6revler i\u00e7in ideal bir se\u00e7im haline getirir.<\/p>\n<h3>El Zincirli Vin\u00e7 Zincir Di\u015flisinin Bak\u0131m\u0131<\/h3>\n<p>El zincirli vin\u00e7 di\u015flisi, \u00f6ncelikle a\u011f\u0131r nesneleri kald\u0131rmak ve ekipman takmak i\u00e7in kullan\u0131l\u0131r. G\u00fcvenli ve sorunsuz bir \u00e7al\u0131\u015fma sa\u011flamak i\u00e7in, herhangi bir kald\u0131rma i\u015flemine ba\u015flamadan \u00f6nce a\u015fa\u011f\u0131daki ad\u0131mlar izlenmelidir:<\/p>\n<ol>\n<li><strong>Y\u00fck Kapasitesini Kontrol Edin<\/strong>:Kald\u0131r\u0131lacak nesnenin a\u011f\u0131rl\u0131\u011f\u0131n\u0131n, a\u015f\u0131r\u0131 y\u00fcklenmeyi \u00f6nlemek i\u00e7in el zincirli vincin nominal y\u00fck kapasitesi dahilinde oldu\u011fundan emin olun.<\/li>\n<li><strong>\u00c7al\u0131\u015fma Ortam\u0131n\u0131 Denetleyin<\/strong>: \u00c7al\u0131\u015fma alan\u0131n\u0131n gerekli g\u00fcvenlik gerekliliklerini kar\u015f\u0131lad\u0131\u011f\u0131ndan emin olun. Kaza riskini en aza indirmek i\u00e7in kald\u0131rma i\u015fleminin etraf\u0131nda belirlenmi\u015f bir g\u00fcvenlik b\u00f6lgesi olu\u015fturun.<\/li>\n<li><strong>Kald\u0131rma Bile\u015fenlerini \u0130nceleyin<\/strong>: El zincirli vincini inceleyin ve par\u00e7alar\u0131nda pas, a\u015f\u0131nma veya \u00e7atlak olup olmad\u0131\u011f\u0131na dikkat edin. Herhangi bir sorun tespit ederseniz, i\u015flemi derhal durdurun ve hasarl\u0131 bile\u015fenleri de\u011fi\u015ftirin veya onar\u0131n.<\/li>\n<li><strong>Y\u00fck\u00fc Sabitleyin<\/strong>: \u0130\u015flem s\u0131ras\u0131nda y\u00fck\u00fcn d\u00fc\u015fmesini \u00f6nlemek i\u00e7in kald\u0131rmadan \u00f6nce y\u00fck\u00fcn uygun \u015fekilde sabitlendi\u011finden emin olun.<\/li>\n<\/ol>\n<p>Bu bak\u0131m ve g\u00fcvenlik y\u00f6nergelerini izleyerek, el zincirli vin\u00e7 di\u015flinizin uzun \u00f6m\u00fcrl\u00fc olmas\u0131n\u0131 sa\u011flayabilir ve ayn\u0131 zamanda g\u00fcvenli bir \u00e7al\u0131\u015fma ortam\u0131n\u0131 koruyabilirsiniz.<\/p>\n<table style=\"width: 100%;\" border=\"1\" width=\"100%\" cellspacing=\"0\" cellpadding=\"0\">\n<tbody>\n<tr style=\"height: 14.40pt;\">\n<td style=\"height: 14.4pt; width: 26.5659%;\" width=\"166\" height=\"24\">El zincirli vin\u00e7<\/td>\n<td style=\"width: 26.5658%;\" width=\"187\">Elektrikli zincirli vin\u00e7<\/td>\n<td style=\"width: 23.2181%;\" width=\"123\">Kald\u0131ra\u00e7l\u0131 vin\u00e7<\/td>\n<td style=\"width: 23.4341%;\" width=\"80\">Di\u015fli arabas\u0131<\/td>\n<\/tr>\n<tr style=\"height: 14.40pt;\">\n<td style=\"height: 14.4pt; width: 26.5659%;\" align=\"right\" height=\"24\"><img loading=\"lazy\" decoding=\"async\" class=\"alignnone size-full wp-image-5267\" src=\"https:\/\/fmp-components.com\/wp-content\/uploads\/2025\/02\/fmp_cast-sprocket-4.webp\" alt=\"fmp_cast-di\u015fli \u00e7ark\u0131\" width=\"300\" height=\"300\" title=\"\" srcset=\"https:\/\/fmp-components.com\/wp-content\/uploads\/2025\/02\/fmp_cast-sprocket-4.webp 300w, https:\/\/fmp-components.com\/wp-content\/uploads\/2025\/02\/fmp_cast-sprocket-4-150x150.webp 150w, https:\/\/fmp-components.com\/wp-content\/uploads\/2025\/02\/fmp_cast-sprocket-4-12x12.webp 12w, https:\/\/fmp-components.com\/wp-content\/uploads\/2025\/02\/fmp_cast-sprocket-4-100x100.webp 100w\" sizes=\"(max-width: 300px) 100vw, 300px\" \/><\/td>\n<td style=\"width: 26.5658%;\" align=\"right\"><img loading=\"lazy\" decoding=\"async\" class=\"alignnone size-full wp-image-5259\" src=\"https:\/\/fmp-components.com\/wp-content\/uploads\/2025\/02\/fmp_cast-sprocket-7.webp\" alt=\"fmp_cast-di\u015fli \u00e7ark\u0131\" width=\"300\" height=\"300\" title=\"\" srcset=\"https:\/\/fmp-components.com\/wp-content\/uploads\/2025\/02\/fmp_cast-sprocket-7.webp 300w, https:\/\/fmp-components.com\/wp-content\/uploads\/2025\/02\/fmp_cast-sprocket-7-150x150.webp 150w, https:\/\/fmp-components.com\/wp-content\/uploads\/2025\/02\/fmp_cast-sprocket-7-12x12.webp 12w, https:\/\/fmp-components.com\/wp-content\/uploads\/2025\/02\/fmp_cast-sprocket-7-100x100.webp 100w\" sizes=\"(max-width: 300px) 100vw, 300px\" \/><\/td>\n<td style=\"width: 23.2181%;\" align=\"right\"><img loading=\"lazy\" decoding=\"async\" class=\"alignnone size-full wp-image-5260\" src=\"https:\/\/fmp-components.com\/wp-content\/uploads\/2025\/02\/fmp_cast-sprocket-9.webp\" alt=\"fmp_cast-di\u015fli \u00e7ark\u0131\" width=\"300\" height=\"300\" title=\"\" srcset=\"https:\/\/fmp-components.com\/wp-content\/uploads\/2025\/02\/fmp_cast-sprocket-9.webp 300w, https:\/\/fmp-components.com\/wp-content\/uploads\/2025\/02\/fmp_cast-sprocket-9-150x150.webp 150w, https:\/\/fmp-components.com\/wp-content\/uploads\/2025\/02\/fmp_cast-sprocket-9-12x12.webp 12w, https:\/\/fmp-components.com\/wp-content\/uploads\/2025\/02\/fmp_cast-sprocket-9-100x100.webp 100w\" sizes=\"(max-width: 300px) 100vw, 300px\" \/><\/td>\n<td style=\"width: 23.4341%;\" align=\"right\"><img loading=\"lazy\" decoding=\"async\" class=\"alignnone size-full wp-image-5266\" src=\"https:\/\/fmp-components.com\/wp-content\/uploads\/2025\/02\/fmp_cast-sprocket-101.webp\" alt=\"fmp_cast-di\u015fli \u00e7ark\u0131\" width=\"225\" height=\"225\" title=\"\" srcset=\"https:\/\/fmp-components.com\/wp-content\/uploads\/2025\/02\/fmp_cast-sprocket-101.webp 225w, https:\/\/fmp-components.com\/wp-content\/uploads\/2025\/02\/fmp_cast-sprocket-101-150x150.webp 150w, https:\/\/fmp-components.com\/wp-content\/uploads\/2025\/02\/fmp_cast-sprocket-101-12x12.webp 12w, https:\/\/fmp-components.com\/wp-content\/uploads\/2025\/02\/fmp_cast-sprocket-101-100x100.webp 100w\" sizes=\"(max-width: 225px) 100vw, 225px\" \/><\/td>\n<\/tr>\n<tr style=\"height: 14.40pt;\">\n<td style=\"height: 14.4pt; width: 26.5659%;\" align=\"right\" height=\"24\"><img loading=\"lazy\" decoding=\"async\" class=\"alignnone size-full wp-image-5262\" src=\"https:\/\/fmp-components.com\/wp-content\/uploads\/2025\/02\/fmp_cast-sprocket-6.webp\" alt=\"fmp_cast-di\u015fli-\" width=\"300\" height=\"300\" title=\"\" srcset=\"https:\/\/fmp-components.com\/wp-content\/uploads\/2025\/02\/fmp_cast-sprocket-6.webp 300w, https:\/\/fmp-components.com\/wp-content\/uploads\/2025\/02\/fmp_cast-sprocket-6-150x150.webp 150w, https:\/\/fmp-components.com\/wp-content\/uploads\/2025\/02\/fmp_cast-sprocket-6-12x12.webp 12w, https:\/\/fmp-components.com\/wp-content\/uploads\/2025\/02\/fmp_cast-sprocket-6-100x100.webp 100w\" sizes=\"(max-width: 300px) 100vw, 300px\" \/><\/td>\n<td style=\"width: 26.5658%;\" align=\"right\"><img loading=\"lazy\" decoding=\"async\" class=\"alignnone size-full wp-image-5263\" src=\"https:\/\/fmp-components.com\/wp-content\/uploads\/2025\/02\/fmp_cast-sprocket-8.webp\" alt=\"fmp_cast-di\u015fli \u00e7ark\u0131\" width=\"300\" height=\"300\" title=\"\" srcset=\"https:\/\/fmp-components.com\/wp-content\/uploads\/2025\/02\/fmp_cast-sprocket-8.webp 300w, https:\/\/fmp-components.com\/wp-content\/uploads\/2025\/02\/fmp_cast-sprocket-8-150x150.webp 150w, https:\/\/fmp-components.com\/wp-content\/uploads\/2025\/02\/fmp_cast-sprocket-8-12x12.webp 12w, https:\/\/fmp-components.com\/wp-content\/uploads\/2025\/02\/fmp_cast-sprocket-8-100x100.webp 100w\" sizes=\"(max-width: 300px) 100vw, 300px\" \/><\/td>\n<td style=\"width: 23.2181%;\" align=\"right\"><img loading=\"lazy\" decoding=\"async\" class=\"alignnone size-full wp-image-5264\" src=\"https:\/\/fmp-components.com\/wp-content\/uploads\/2025\/02\/fmp_cast-sprocket-81.webp\" alt=\"fmp_cast-di\u015fli \u00e7ark\u0131\" width=\"347\" height=\"347\" title=\"\" srcset=\"https:\/\/fmp-components.com\/wp-content\/uploads\/2025\/02\/fmp_cast-sprocket-81.webp 347w, https:\/\/fmp-components.com\/wp-content\/uploads\/2025\/02\/fmp_cast-sprocket-81-300x300.webp 300w, https:\/\/fmp-components.com\/wp-content\/uploads\/2025\/02\/fmp_cast-sprocket-81-150x150.webp 150w, https:\/\/fmp-components.com\/wp-content\/uploads\/2025\/02\/fmp_cast-sprocket-81-12x12.webp 12w, https:\/\/fmp-components.com\/wp-content\/uploads\/2025\/02\/fmp_cast-sprocket-81-100x100.webp 100w\" sizes=\"(max-width: 347px) 100vw, 347px\" \/><\/td>\n<td style=\"width: 23.4341%;\" align=\"right\"><img loading=\"lazy\" decoding=\"async\" class=\"alignnone size-full wp-image-5265\" src=\"https:\/\/fmp-components.com\/wp-content\/uploads\/2025\/02\/fmp_cast-sprocket-11.webp\" alt=\"fmp_cast-di\u015fli \u00e7ark\u0131\" width=\"300\" height=\"300\" title=\"\" srcset=\"https:\/\/fmp-components.com\/wp-content\/uploads\/2025\/02\/fmp_cast-sprocket-11.webp 300w, https:\/\/fmp-components.com\/wp-content\/uploads\/2025\/02\/fmp_cast-sprocket-11-150x150.webp 150w, https:\/\/fmp-components.com\/wp-content\/uploads\/2025\/02\/fmp_cast-sprocket-11-12x12.webp 12w, https:\/\/fmp-components.com\/wp-content\/uploads\/2025\/02\/fmp_cast-sprocket-11-100x100.webp 100w\" sizes=\"(max-width: 300px) 100vw, 300px\" \/><\/td>\n<\/tr>\n<\/tbody>\n<\/table>\n<h3>Di\u011fer malzemelerden yap\u0131lm\u0131\u015f zincirli vin\u00e7 di\u015flisi<\/h3>\n<table style=\"width: 100%;\" border=\"1\" width=\"100%\" cellspacing=\"0\" cellpadding=\"0\">\n<tbody>\n<tr style=\"height: 14.40pt;\">\n<td style=\"height: 14.4pt; width: 49.0281%; text-align: center;\" align=\"right\" width=\"166\" height=\"24\">Plastik zincirli vin\u00e7 di\u015flisi<\/td>\n<td style=\"width: 50.7559%; text-align: center;\" align=\"right\" width=\"187\">Paslanmaz \u00e7elik zincirli vin\u00e7 di\u015flisi<\/td>\n<\/tr>\n<tr style=\"height: 14.40pt;\">\n<td class=\"et2\" style=\"height: 14.4pt; width: 49.0281%;\" height=\"24\"><img loading=\"lazy\" decoding=\"async\" class=\"alignnone wp-image-5268\" src=\"https:\/\/fmp-components.com\/wp-content\/uploads\/2025\/02\/fmp_plastic-sprocket-11.webp\" alt=\"fmp_plastik-di\u015fli\" width=\"447\" height=\"447\" title=\"\" srcset=\"https:\/\/fmp-components.com\/wp-content\/uploads\/2025\/02\/fmp_plastic-sprocket-11.webp 300w, https:\/\/fmp-components.com\/wp-content\/uploads\/2025\/02\/fmp_plastic-sprocket-11-150x150.webp 150w, https:\/\/fmp-components.com\/wp-content\/uploads\/2025\/02\/fmp_plastic-sprocket-11-12x12.webp 12w, https:\/\/fmp-components.com\/wp-content\/uploads\/2025\/02\/fmp_plastic-sprocket-11-100x100.webp 100w\" sizes=\"(max-width: 447px) 100vw, 447px\" \/><\/td>\n<td class=\"et2\" style=\"width: 50.7559%;\"><img loading=\"lazy\" decoding=\"async\" class=\"alignnone wp-image-5269\" src=\"https:\/\/fmp-components.com\/wp-content\/uploads\/2025\/02\/fmp_plastic-sprocket-12.webp\" alt=\"fmp_plastik-di\u015fli\" width=\"486\" height=\"486\" title=\"\" srcset=\"https:\/\/fmp-components.com\/wp-content\/uploads\/2025\/02\/fmp_plastic-sprocket-12.webp 300w, https:\/\/fmp-components.com\/wp-content\/uploads\/2025\/02\/fmp_plastic-sprocket-12-150x150.webp 150w, https:\/\/fmp-components.com\/wp-content\/uploads\/2025\/02\/fmp_plastic-sprocket-12-12x12.webp 12w, https:\/\/fmp-components.com\/wp-content\/uploads\/2025\/02\/fmp_plastic-sprocket-12-100x100.webp 100w\" sizes=\"(max-width: 486px) 100vw, 486px\" \/><\/td>\n<\/tr>\n<\/tbody>\n<\/table>\n<h2>FMP Hakk\u0131nda<\/h2>\n<p>FMP olarak, \u0130talya'daki geli\u015fmi\u015f tesisimizde \u00fcretilen y\u00fcksek kaliteli zincir di\u015flilerinin lider \u00fcreticisi olmaktan gurur duyuyoruz. \u00c7e\u015fitli end\u00fcstrilerin benzersiz ihtiya\u00e7lar\u0131n\u0131 kar\u015f\u0131lamak \u00fczere tasarlanm\u0131\u015f geni\u015f bir zincir di\u015flisi yelpazesi sunuyoruz. \u0130ster i\u015flenmi\u015f delik zincir di\u015flileri, ister k\u0131lavuz zincir di\u015flileri, ister konik kilit zincir di\u015flileri veya konvey\u00f6r zincir di\u015flileri ar\u0131yor olun, her \u00fcr\u00fcn\u00fc optimum performans sa\u011flamak i\u00e7in hassasiyet ve dayan\u0131kl\u0131l\u0131kla \u00fcretiyoruz. Paslanmaz \u00e7elik, plastik ve \u00e7elik zincir di\u015flilerinin yan\u0131 s\u0131ra \u00e7ift ad\u0131ml\u0131 ve \u00e7ift s\u0131ral\u0131 zincir di\u015flileri gibi \u00f6zel modeller de sunarak her uygulama i\u00e7in ideal \u00e7\u00f6z\u00fcm\u00fc sunuyoruz.<\/p>\n<p>FMP'yi farkl\u0131 k\u0131lan, \u00f6zelle\u015ftirmeye olan ba\u011fl\u0131l\u0131\u011f\u0131m\u0131zd\u0131r. Her projenin kendine \u00f6zg\u00fc gereksinimleri oldu\u011funun bilincindeyiz ve bu nedenle ihtiya\u00e7lar\u0131n\u0131za \u00f6zel, ki\u015fiye \u00f6zel di\u015fli \u00e7\u00f6z\u00fcmleri sunuyoruz. \u0130ster \u00f6zel bir tasar\u0131ma ihtiyac\u0131n\u0131z olsun ister \u00f6zel teknik talepleriniz olsun, uzman ekibimiz hassas, g\u00fcvenilir ve y\u00fcksek performansl\u0131 \u00e7\u00f6z\u00fcmler sunmaya haz\u0131rd\u0131r.<\/p>\n<p>Hem m\u00fchendislik hem de \u00fcretimde m\u00fckemmelli\u011fe kendimizi adam\u0131\u015f durumday\u0131z ve \u00fcretti\u011fimiz her di\u015flinin en y\u00fcksek kalite standartlar\u0131n\u0131 kar\u015f\u0131lamas\u0131n\u0131 ve uzun \u00f6m\u00fcrl\u00fc olmas\u0131n\u0131 sa\u011fl\u0131yoruz. Herhangi bir sorunuz varsa veya \u00f6zelle\u015ftirilmi\u015f bir di\u015fli \u00e7\u00f6z\u00fcm\u00fcne ihtiyac\u0131n\u0131z varsa, bizimle ileti\u015fime ge\u00e7mekten \u00e7ekinmeyin. Ekibimiz, tam memnuniyetinizi sa\u011flamak i\u00e7in uzman rehberli\u011fi ve zaman\u0131nda yan\u0131tlar sunmak i\u00e7in burada. E-posta yoluyla bize ula\u015fman\u0131z yeterli; en k\u0131sa s\u00fcrede size geri d\u00f6n\u00fc\u015f yapaca\u011f\u0131z.<\/p>\n<p><img loading=\"lazy\" decoding=\"async\" class=\"alignnone size-full wp-image-5246\" src=\"https:\/\/fmp-components.com\/wp-content\/uploads\/2025\/02\/fmp-cast-sprocket-1.webp\" alt=\"fmp-cast-di\u015fli\" width=\"2492\" height=\"1179\" title=\"\" srcset=\"https:\/\/fmp-components.com\/wp-content\/uploads\/2025\/02\/fmp-cast-sprocket-1.webp 2492w, https:\/\/fmp-components.com\/wp-content\/uploads\/2025\/02\/fmp-cast-sprocket-1-1280x606.webp 1280w, https:\/\/fmp-components.com\/wp-content\/uploads\/2025\/02\/fmp-cast-sprocket-1-980x464.webp 980w, https:\/\/fmp-components.com\/wp-content\/uploads\/2025\/02\/fmp-cast-sprocket-1-480x227.webp 480w\" sizes=\"(min-width: 0px) and (max-width: 480px) 480px, (min-width: 481px) and (max-width: 980px) 980px, (min-width: 981px) and (max-width: 1280px) 1280px, (min-width: 1281px) 2492px, 100vw\" \/><\/p>","protected":false},"excerpt":{"rendered":"<p>Chain Hoist Sprocket Product Overview The chain hoist sprocket is designed for ease of operation, portability, and safety, making it a popular choice among users. With its innovative design and smooth functionality, this sprocket excels in heavy lifting applications. But what sets it apart? The chain hoist sprocket is built with components such as hooks, [&hellip;]<\/p>","protected":false},"featured_media":5257,"comment_status":"open","ping_status":"closed","template":"","meta":{"_et_pb_use_builder":"","_et_pb_old_content":"","_et_gb_content_width":""},"product_brand":[],"product_cat":[99],"product_tag":[],"class_list":{"0":"post-5256","1":"product","2":"type-product","3":"status-publish","4":"has-post-thumbnail","6":"product_cat-specialty-sprockets","8":"first","9":"instock","10":"shipping-taxable","11":"product-type-simple"},"_links":{"self":[{"href":"https:\/\/fmp-components.com\/tr\/wp-json\/wp\/v2\/product\/5256","targetHints":{"allow":["GET"]}}],"collection":[{"href":"https:\/\/fmp-components.com\/tr\/wp-json\/wp\/v2\/product"}],"about":[{"href":"https:\/\/fmp-components.com\/tr\/wp-json\/wp\/v2\/types\/product"}],"replies":[{"embeddable":true,"href":"https:\/\/fmp-components.com\/tr\/wp-json\/wp\/v2\/comments?post=5256"}],"wp:featuredmedia":[{"embeddable":true,"href":"https:\/\/fmp-components.com\/tr\/wp-json\/wp\/v2\/media\/5257"}],"wp:attachment":[{"href":"https:\/\/fmp-components.com\/tr\/wp-json\/wp\/v2\/media?parent=5256"}],"wp:term":[{"taxonomy":"product_brand","embeddable":true,"href":"https:\/\/fmp-components.com\/tr\/wp-json\/wp\/v2\/product_brand?post=5256"},{"taxonomy":"product_cat","embeddable":true,"href":"https:\/\/fmp-components.com\/tr\/wp-json\/wp\/v2\/product_cat?post=5256"},{"taxonomy":"product_tag","embeddable":true,"href":"https:\/\/fmp-components.com\/tr\/wp-json\/wp\/v2\/product_tag?post=5256"}],"curies":[{"name":"wp","href":"https:\/\/api.w.org\/{rel}","templated":true}]}}