{"id":5250,"date":"2025-02-05T05:02:51","date_gmt":"2025-02-05T05:02:51","guid":{"rendered":"https:\/\/fmp-components.com\/?post_type=product&#038;p=5250"},"modified":"2025-02-05T05:09:56","modified_gmt":"2025-02-05T05:09:56","slug":"boiler-sprocket-for-fire-grate-slag-remover","status":"publish","type":"product","link":"https:\/\/fmp-components.com\/tr\/product\/boiler-sprocket-for-fire-grate-slag-remover\/","title":{"rendered":"Ate\u015f Izgaras\u0131 C\u00fcruf S\u00f6k\u00fcc\u00fc i\u00e7in Kazan Di\u015flisi"},"content":{"rendered":"<h2>Ate\u015f Izgaras\u0131 C\u00fcruf Temizleyici i\u00e7in Kazan Di\u015flisi<\/h2>\n<p>\u015e\u00f6mine \u0131zgaras\u0131 c\u00fcrufunu gidermek i\u00e7in kulland\u0131\u011f\u0131m\u0131z Kazan Di\u015flisi, k\u00f6m\u00fcr\u00fc kazana ta\u015f\u0131yan zincir halkalar\u0131n\u0131n tahrikinde hayati bir rol oynar. Kazan yard\u0131mc\u0131 sisteminin \u00f6nemli bir bile\u015feni olarak, sorunsuz ve verimli bir \u00e7al\u0131\u015fma sa\u011flar. Bu di\u015fli, y\u00fcksek s\u0131cakl\u0131klara ve s\u00fcrt\u00fcnmeye dayan\u0131kl\u0131, dayan\u0131kl\u0131 ve g\u00fcvenilir bir yap\u0131da olacak \u015fekilde ileri teknolojiyle tasarlanm\u0131\u015ft\u0131r. Kullan\u0131c\u0131 dostu tasar\u0131m\u0131, kolay de\u011fi\u015fim imk\u00e2n\u0131 sunarak ar\u0131za s\u00fcresini ve bak\u0131m maliyetlerini en aza indirir.<\/p>\n<p>Zincir di\u015flisi, \u00fc\u00e7 t\u00fcr y\u00fcksek kaliteli hammadde kullan\u0131larak \u00fcretilmektedir: d\u00f6kme \u00e7elik, teneke levha ve d\u00f6kme demir. Bu malzeme \u00e7e\u015fitlili\u011fi, zincir di\u015flisinin k\u00fcresel m\u00fc\u015fterilerimizin \u00e7e\u015fitli ihtiya\u00e7lar\u0131n\u0131 kar\u015f\u0131lamas\u0131n\u0131 sa\u011flar. Zincir di\u015flisinin teknik \u00f6zellikleri 9, 11, 12, 13, 15, 16 ve 18 boyutlar\u0131 aras\u0131nda de\u011fi\u015fmekte olup, \u00f6zel m\u00fc\u015fteri gereksinimlerine g\u00f6re \u00f6zel \u00fcretim esnekli\u011fi de mevcuttur.<\/p>\n<p><img loading=\"lazy\" decoding=\"async\" class=\"alignnone size-full wp-image-5251\" src=\"https:\/\/fmp-components.com\/wp-content\/uploads\/2025\/02\/fmp_cast-sprocket-3.webp\" alt=\"fmp_cast-di\u015fli \u00e7ark\u0131\" width=\"650\" height=\"650\" title=\"\" srcset=\"https:\/\/fmp-components.com\/wp-content\/uploads\/2025\/02\/fmp_cast-sprocket-3.webp 650w, https:\/\/fmp-components.com\/wp-content\/uploads\/2025\/02\/fmp_cast-sprocket-3-480x480.webp 480w\" sizes=\"(min-width: 0px) and (max-width: 480px) 480px, (min-width: 481px) 650px, 100vw\" \/><\/p>\n<h3>Kazan Di\u015flileri ve Par\u00e7alar\u0131n\u0131n \u00d6zellikleri:<\/h3>\n<ul>\n<li><strong>Y\u00fcksek Boyutsal Do\u011fruluk<\/strong>: Optimum performans i\u00e7in hassas uyumu garanti eder.<\/li>\n<li><strong>M\u00fckemmel Y\u00fczey Kaplamas\u0131<\/strong>: Sorunsuz \u00e7al\u0131\u015fma ve art\u0131r\u0131lm\u0131\u015f dayan\u0131kl\u0131l\u0131k sa\u011flar.<\/li>\n<li><strong>Geni\u015f Karma\u015f\u0131k Ala\u015f\u0131ml\u0131 D\u00f6k\u00fcm Yelpazesi<\/strong>: \u00d6zel ihtiya\u00e7lar\u0131 kar\u015f\u0131lamak \u00fczere \u00e7e\u015fitli kazan komponentleri \u00fcretebilme kapasitesine sahiptir.<\/li>\n<li><strong>Geli\u015fmi\u015f D\u00f6k\u00fcm Teknikleri<\/strong>: Hassas ve karma\u015f\u0131k par\u00e7alar \u00fcretmek i\u00e7in \u00e7ok katmanl\u0131 refrakter kal\u0131plar kullanan \u201ckay\u0131p balmumu d\u00f6k\u00fcm\u00fc\u201d veya \u201cyat\u0131r\u0131m d\u00f6k\u00fcm\u00fc\u201d kullan\u0131l\u0131r.<\/li>\n<\/ul>\n<p>Ayr\u0131ca, sirk\u00fclasyonlu ak\u0131\u015fkan yatakl\u0131 kazan kapaklar\u0131, hava giri\u015f borular\u0131, a\u015f\u0131nmaya dayan\u0131kl\u0131 koruyucu tu\u011flalar, 300 MW sirk\u00fclasyonlu ak\u0131\u015fkan yatakl\u0131 kazanlar i\u00e7in destek man\u015fonlar\u0131, ark plakalar\u0131, ba\u011flant\u0131 borular\u0131, yar\u0131kl\u0131 ay\u0131r\u0131c\u0131lar, k\u00f6r plakalar, kancalar ve kanatlar gibi bir dizi di\u011fer temel kazan bile\u015feni de \u00fcretiyoruz. T\u00fcm \u00fcr\u00fcnler, en zorlu end\u00fcstriyel uygulamalar i\u00e7in en y\u00fcksek kalite ve performans standartlar\u0131n\u0131 kar\u015f\u0131layacak \u015fekilde tasarlanm\u0131\u015ft\u0131r.<\/p>\n<p>&nbsp;<\/p>\n<p><strong>Kazan Di\u015flisi Malzemelerinin Se\u00e7imi<\/strong><\/p>\n<p>Zincir di\u015flisi i\u00e7in se\u00e7ilen malzeme, di\u015fli di\u015flerinin yeterli mukavemet ve a\u015f\u0131nma direncine sahip olmas\u0131n\u0131 sa\u011flamal\u0131d\u0131r. Genellikle, zincir di\u015flisinin di\u015f y\u00fczeyi, optimum performans ve dayan\u0131kl\u0131l\u0131k i\u00e7in gerekli sertli\u011fe ula\u015fmak amac\u0131yla \u0131s\u0131l i\u015fleme tabi tutulur.<\/p>\n<p>Kazan aksesuarlar\u0131 i\u00e7in hem b\u00fcy\u00fck hem de k\u00fc\u00e7\u00fck zincir di\u015flileri genellikle di\u015flileri olu\u015fturmak \u00fczere damgalanm\u0131\u015f y\u00fcksek kaliteli karbon yap\u0131 \u00e7eli\u011finden yap\u0131l\u0131r.<\/p>\n<p>Ningsen Machinery'nin bu k\u0131sa \u00f6zeti, kazan sistemlerinde kullan\u0131lan d\u00f6k\u00fcm kazan di\u015flilerinin temel \u00f6zelliklerini vurgulayarak, bunlar\u0131n se\u00e7imi ve bak\u0131m\u0131 konusunda de\u011ferli bilgiler sa\u011flamay\u0131 ama\u00e7lamaktad\u0131r.<\/p>\n<h2>Kazan Izgara Di\u015flisinin Rutin Bak\u0131m\u0131<\/h2>\n<p>Kazan di\u015flilerinin kusursuz \u00e7al\u0131\u015fmas\u0131, end\u00fcstriyel kazan sistemlerine dayanan end\u00fcstrilerin genel verimlili\u011fi ve ba\u015far\u0131s\u0131 i\u00e7in hayati \u00f6nem ta\u015f\u0131r. Kazan sisteminin en y\u00fcksek performansta \u00e7al\u0131\u015fmas\u0131n\u0131 sa\u011flamak ve hizmet \u00f6mr\u00fcn\u00fc uzatmak i\u00e7in d\u00fczenli bak\u0131m \u015fartt\u0131r. G\u00fcnl\u00fck bak\u0131m, maliyetli ar\u0131za s\u00fcrelerine ve g\u00fcvenlik tehlikelerine yol a\u00e7abilecek sorunlar\u0131n \u00f6nlenmesinde hayati bir rol oynar.<img loading=\"lazy\" decoding=\"async\" class=\"size-full wp-image-5252 alignleft\" src=\"https:\/\/fmp-components.com\/wp-content\/uploads\/2025\/02\/boiler.webp\" alt=\"kazan\" width=\"500\" height=\"333\" title=\"\" srcset=\"https:\/\/fmp-components.com\/wp-content\/uploads\/2025\/02\/boiler.webp 500w, https:\/\/fmp-components.com\/wp-content\/uploads\/2025\/02\/boiler-480x320.webp 480w\" sizes=\"(min-width: 0px) and (max-width: 480px) 480px, (min-width: 481px) 500px, 100vw\" \/><\/p>\n<p>Do\u011fru bak\u0131m, end\u00fcstriyel kazanlar\u0131n verimlili\u011fini \u00f6nemli \u00f6l\u00e7\u00fcde etkileyebilen kurum ve kire\u00e7 olu\u015fumunu \u00f6nlemeye yard\u0131mc\u0131 olur. Sistemdeki ar\u0131zalar tehlikeli olabilir, \u00fcretkenli\u011fin azalmas\u0131na, gelir kayb\u0131na ve hatta patlama gibi felaketlere yol a\u00e7abilir. Rutin kontroller, \u00e7al\u0131\u015fanlar\u0131n g\u00fcvenli\u011fini ve ekipman\u0131n uzun \u00f6m\u00fcrl\u00fc olmas\u0131n\u0131 sa\u011flar.<\/p>\n<h3>Kazan Di\u015flileri ve Sistemleri i\u00e7in Temel Bak\u0131m Ad\u0131mlar\u0131:<\/h3>\n<ol>\n<li><strong>Su Kenar\u0131n\u0131 ve Bile\u015fenlerini Kontrol Edin:<\/strong> End\u00fcstriyel kazan sistemindeki su bile\u015fenlerinin d\u00fczenli kontrolleri hayati \u00f6nem ta\u015f\u0131r. Mineral tortusu, kazan\u0131n verimlili\u011fini d\u00fc\u015f\u00fcrerek sistemin etkili bir \u015fekilde buhar \u00fcretme kabiliyetini olumsuz etkileyebilecek t\u0131kan\u0131kl\u0131klara neden olabilir. Borular\u0131, f\u0131r\u0131n alan\u0131n\u0131 ve conta s\u0131zd\u0131rmazl\u0131k y\u00fczeylerini de\u011ferlendirin. Gerekirse, detayl\u0131 kontroller i\u00e7in profesyonel yard\u0131m al\u0131n.<\/li>\n<li><strong>F\u0131r\u0131n Kenarlar\u0131n\u0131 ve Br\u00fcl\u00f6rleri Kontrol Edin:<\/strong> F\u0131r\u0131n kenarlar\u0131 ve br\u00fcl\u00f6rler, s\u0131z\u0131nt\u0131 veya kurum birikmesi gibi kazan verimlili\u011fini d\u00fc\u015f\u00fcrebilecek herhangi bir sorun a\u00e7\u0131s\u0131ndan kontrol edilmelidir. Ayr\u0131ca, damperleri, elektrotlar\u0131, kanat\u00e7\u0131klar\u0131, hortumlar\u0131, taray\u0131c\u0131lar\u0131 ve dif\u00fcz\u00f6rleri t\u0131kan\u0131kl\u0131k veya a\u015f\u0131nma belirtileri a\u00e7\u0131s\u0131ndan inceleyin. Yanma s\u00fcrecini optimize etmek ve genel kazan verimlili\u011fini art\u0131rmak i\u00e7in a\u015f\u0131nm\u0131\u015f veya hasarl\u0131 par\u00e7alar derhal de\u011fi\u015ftirilmelidir.<\/li>\n<li><strong>Kontrol Tedbirlerinin Analizi:<\/strong> Kazan\u0131n g\u00fcvenli \u00e7al\u0131\u015fmas\u0131 i\u00e7in kontrol \u00f6nlemlerinin d\u00fczenli olarak analiz edilmesi \u015fartt\u0131r. Su seviyesinin do\u011fru \u015fekilde korundu\u011fundan ve herhangi bir \u00e7atlama veya a\u015f\u0131nma belirtisi olmad\u0131\u011f\u0131ndan emin olun. Fabrika personeli, ekipman\u0131n \u00e7\u0131k\u0131\u015f\u0131n\u0131 dikkatlice incelemeli ve kontrol de\u011ferlerini izlemelidir. Herhangi bir \u00f6l\u00e7\u00fcmde hata olmas\u0131, profesyonel yard\u0131m gerektiren daha derin bir soruna i\u015faret ediyor olabilir.<\/li>\n<li><strong>\u00c7atlaklar\u0131n G\u00f6rsel Muayenesi:<\/strong> K\u00fc\u00e7\u00fck \u00e7atlaklar da dahil olmak \u00fczere herhangi bir \u00e7atlak belirtisi olup olmad\u0131\u011f\u0131n\u0131 d\u00fczenli olarak g\u00f6rsel olarak kontrol edin. \u00c7atlaklar, kazan\u0131n verimlili\u011fini \u00f6nemli \u00f6l\u00e7\u00fcde azaltabilir ve i\u00e7 bile\u015fenlere a\u015f\u0131r\u0131 y\u00fck bindirebilir. Bu durum, su ve elektrik i\u015fletme maliyetlerinin artmas\u0131na neden olabilir. \u00c7atlak tespit edilirse, gelecekteki sorunlar\u0131 \u00f6nlemek i\u00e7in bak\u0131m s\u0131ras\u0131nda y\u00fcksek kaliteli tamir malzemeleri kullan\u0131ld\u0131\u011f\u0131ndan emin olun.<\/li>\n<li><strong>G\u00fcnl\u00fck Bak\u0131m ve Muayene:<\/strong> Kazan normal \u00e7al\u0131\u015f\u0131yor gibi g\u00f6r\u00fcnse bile, s\u0131z\u0131nt\u0131, \u00e7atlak veya gev\u015fek bile\u015fenler gibi hasar belirtilerini erken tespit etmek i\u00e7in g\u00fcnl\u00fck kontroller kritik \u00f6neme sahiptir. Bu k\u00fc\u00e7\u00fck ayr\u0131nt\u0131lar\u0131n ihmal edilmesi, kazan verimlili\u011finin d\u00fc\u015fmesine ve ekipman ar\u0131zas\u0131 riskinin artmas\u0131na neden olabilir. Rutin kontroller ayr\u0131ca yak\u0131t ve enerji kullan\u0131m\u0131n\u0131 optimize etmeye, maliyetleri en aza indirmeye ve \u00fcretkenlik seviyelerini korumaya yard\u0131mc\u0131 olabilir.<\/li>\n<\/ol>\n<p>G\u00fcnl\u00fck kontrollere ek olarak, g\u00fcvenilir \u00fcreticiler taraf\u0131ndan yap\u0131lan ayl\u0131k bak\u0131mlar, kazan sisteminin uzun vadeli performans\u0131n\u0131 garanti alt\u0131na alacakt\u0131r. Bak\u0131m plan\u0131, s\u00fcrekli ve verimli bir performans sa\u011flamak i\u00e7in sistemin s\u0131kl\u0131\u011f\u0131n\u0131, s\u00fcresini ve operasyonel gereksinimlerini dikkate almal\u0131d\u0131r.<\/p>\n<p>Bu en iyi uygulamalara ba\u011fl\u0131 kalarak, end\u00fcstriler kazan sistemlerinin verimli, g\u00fcvenli ve uzun \u00f6m\u00fcrl\u00fc \u00e7al\u0131\u015fmas\u0131n\u0131 sa\u011flayabilirler.<\/p>\n<p><img loading=\"lazy\" decoding=\"async\" class=\"wp-image-5253 aligncenter\" src=\"https:\/\/fmp-components.com\/wp-content\/uploads\/2025\/02\/fmp_gear-sprocket.webp\" alt=\"fmp_di\u015fli-di\u015flisi\" width=\"864\" height=\"576\" title=\"\" srcset=\"https:\/\/fmp-components.com\/wp-content\/uploads\/2025\/02\/fmp_gear-sprocket.webp 864w, https:\/\/fmp-components.com\/wp-content\/uploads\/2025\/02\/fmp_gear-sprocket-480x320.webp 480w\" sizes=\"(min-width: 0px) and (max-width: 480px) 480px, (min-width: 481px) 864px, 100vw\" \/><\/p>\n<div class=\"flex max-w-full flex-col flex-grow\">\n<div class=\"min-h-8 text-message flex w-full flex-col items-end gap-2 whitespace-normal break-words text-start [.text-message+&amp;]:mt-5\" dir=\"auto\" data-message-author-role=\"assistant\" data-message-id=\"24ae20e9-9f74-4024-a282-a852b18b5b58\" data-message-model-slug=\"gpt-4o\">\n<div class=\"flex w-full flex-col gap-1 empty:hidden first:pt-[3px]\">\n<div class=\"markdown prose w-full break-words dark:prose-invert light\">\n<h3>FMP Hakk\u0131nda<\/h3>\n<p>FMP olarak, \u0130talya'daki son teknoloji tesisimizde \u00fcretilen en kaliteli zincir di\u015flilerinin \u00f6nde gelen \u00fcreticilerinden biri olmaya kendimizi adad\u0131k. Kapsaml\u0131 zincir di\u015flisi yelpazemiz, d\u00fcnya \u00e7ap\u0131ndaki end\u00fcstrilerin \u00e7e\u015fitli ihtiya\u00e7lar\u0131n\u0131 kar\u015f\u0131lamak \u00fczere tasarlanm\u0131\u015ft\u0131r. Haz\u0131r delik zincir di\u015flilerinden k\u0131lavuz zincir di\u015flilerine, konik kilitli zincir di\u015flilerinden konvey\u00f6r zincir di\u015flilerine kadar her \u00fcr\u00fcn, ola\u011fan\u00fcst\u00fc performans ve dayan\u0131kl\u0131l\u0131k sa\u011flamak i\u00e7in hassasiyetle \u00fcretilmi\u015ftir. Paslanmaz \u00e7elik, plastik ve \u00e7elik gibi \u00e7e\u015fitli malzemelerin yan\u0131 s\u0131ra \u00e7ift ad\u0131ml\u0131 ve \u00e7ift s\u0131ral\u0131 zincir di\u015flileri gibi \u00f6zel se\u00e7enekler sunarak her uygulama i\u00e7in \u00e7ok y\u00f6nl\u00fc \u00e7\u00f6z\u00fcmler sunuyoruz.<\/p>\n<p>FMP'yi ger\u00e7ekten farkl\u0131 k\u0131lan \u015fey, ki\u015fiselle\u015ftirmeye olan ba\u011fl\u0131l\u0131\u011f\u0131m\u0131zd\u0131r. Her projenin benzersiz oldu\u011funun fark\u0131nday\u0131z ve \u00f6zel gereksinimlerinizi kar\u015f\u0131layacak \u015fekilde tasarlanm\u0131\u015f, size \u00f6zel di\u015fli \u00e7\u00f6z\u00fcmleri sunmaktan gurur duyuyoruz. \u0130ster \u00f6zel bir tasar\u0131ma ihtiyac\u0131n\u0131z olsun ister \u00f6zel teknik ihtiya\u00e7lar\u0131n\u0131z olsun, uzman ekibimiz size g\u00fcvenilir ve y\u00fcksek performansl\u0131 \u00e7\u00f6z\u00fcmler sunmaya haz\u0131r.<\/p>\n<p>M\u00fchendislik m\u00fckemmelli\u011fine ve titiz \u00fcretim standartlar\u0131na olan ba\u011fl\u0131l\u0131\u011f\u0131m\u0131z, \u00fcretti\u011fimiz her di\u015flinin ola\u011fan\u00fcst\u00fc g\u00fcvenilirlik ve uzun \u00f6m\u00fcr sunmas\u0131n\u0131 sa\u011flar. Herhangi bir sorunuz varsa veya \u00f6zel bir di\u015fliye ihtiyac\u0131n\u0131z varsa, bizimle ileti\u015fime ge\u00e7menizi \u00f6neririz. Ekibimiz, uzman tavsiyeleri ve h\u0131zl\u0131 yan\u0131tlar\u0131yla tam memnuniyetinizi sa\u011flamak i\u00e7in her zaman yard\u0131mc\u0131 olmaya haz\u0131rd\u0131r. E-posta yoluyla bizimle ileti\u015fime ge\u00e7in, en k\u0131sa s\u00fcrede size geri d\u00f6n\u00fc\u015f yapaca\u011f\u0131z.<\/p>\n<p><img loading=\"lazy\" decoding=\"async\" class=\"alignnone size-full wp-image-5246\" src=\"https:\/\/fmp-components.com\/wp-content\/uploads\/2025\/02\/fmp-cast-sprocket-1.webp\" alt=\"fmp-cast-di\u015fli\" width=\"2492\" height=\"1179\" title=\"\" srcset=\"https:\/\/fmp-components.com\/wp-content\/uploads\/2025\/02\/fmp-cast-sprocket-1.webp 2492w, https:\/\/fmp-components.com\/wp-content\/uploads\/2025\/02\/fmp-cast-sprocket-1-1280x606.webp 1280w, https:\/\/fmp-components.com\/wp-content\/uploads\/2025\/02\/fmp-cast-sprocket-1-980x464.webp 980w, https:\/\/fmp-components.com\/wp-content\/uploads\/2025\/02\/fmp-cast-sprocket-1-480x227.webp 480w\" sizes=\"(min-width: 0px) and (max-width: 480px) 480px, (min-width: 481px) and (max-width: 980px) 980px, (min-width: 981px) and (max-width: 1280px) 1280px, (min-width: 1281px) 2492px, 100vw\" \/><\/p>\n<\/div>\n<\/div>\n<\/div>\n<\/div>","protected":false},"excerpt":{"rendered":"<p>Boiler Sprocket for Fire Grate Slag Remover Our Boiler Sprocket for fire grate slag removal plays a vital role in driving the chain links that transport coal to the boiler. As a crucial component of the boiler auxiliary system, it ensures smooth and efficient operation. This sprocket is designed with advanced technology to withstand high [&hellip;]<\/p>","protected":false},"featured_media":5251,"comment_status":"open","ping_status":"closed","template":"","meta":{"_et_pb_use_builder":"on","_et_pb_old_content":"<h2>Boiler Sprocket for Fire Grate Slag Remover<\/h2>\r\nOur Boiler Sprocket for fire grate slag removal plays a vital role in driving the chain links that transport coal to the boiler. As a crucial component of the boiler auxiliary system, it ensures smooth and efficient operation. This sprocket is designed with advanced technology to withstand high temperatures and friction, making it durable and reliable. Its user-friendly design allows for easy replacement, minimizing downtime and maintenance costs.\r\n\r\nThe sprocket is manufactured using three types of high-quality raw materials: cast steel, tinplate iron, and cast iron. This variety of materials ensures the sprocket meets the diverse needs of our global clientele. The specifications for the sprocket range from sizes 9, 11, 12, 13, 15, 16, to 18, with the added flexibility of custom manufacturing according to specific customer requirements.\r\n\r\n<img class=\"alignnone size-full wp-image-5251\" src=\"https:\/\/fmp-components.com\/wp-content\/uploads\/2025\/02\/fmp_cast-sprocket-3.webp\" alt=\"fmp_cast-sprocket\" width=\"650\" height=\"650\" \/>\r\n<h3>Characteristics of Boiler Sprockets and Parts:<\/h3>\r\n<ul>\r\n \t<li><strong>High Dimensional Accuracy<\/strong>: Ensures precision fit for optimal performance.<\/li>\r\n \t<li><strong>Excellent Surface Finish<\/strong>: Provides smooth operation and increased durability.<\/li>\r\n \t<li><strong>Wide Range of Complex Alloy Castings<\/strong>: Capable of producing various boiler components to meet specific needs.<\/li>\r\n \t<li><strong>Advanced Casting Techniques<\/strong>: Utilizing \"lost wax casting\" or \"investment casting,\" which involves a multi-layer refractory mold to produce precise and intricate parts.<\/li>\r\n<\/ul>\r\nWe also manufacture a range of other essential boiler components, such as circulating fluidized bed boiler covers, air inlet pipes, wear-resistant protective bricks, support sleeves for 300 MW circulating fluidized bed boilers, arc plates, connecting pipes, slotted separators, blind plates, hooks, and blades. All products are crafted to meet the highest standards of quality and performance for the most demanding industrial applications.\r\n\r\n&nbsp;\r\n\r\n<strong>Selection of Boiler Sprocket Materials<\/strong>\r\n\r\nThe material chosen for the sprocket must ensure that the gear teeth possess adequate strength and wear resistance. Typically, the sprocket\u2019s tooth surface undergoes heat treatment to achieve the required hardness for optimal performance and durability.\r\n\r\nFor boiler accessories, both the large and small chain sprockets are typically made from high-quality carbon structural steel, which is stamped to form the sprockets.\r\n\r\nThis brief overview from Ningsen Machinery highlights the key features of casting boiler sprockets used in boiler systems, aiming to provide valuable insights into their selection and maintenance.\r\n<h2>Routine Maintenance of Boiler Grate Sprocket<\/h2>\r\nThe seamless operation of boiler sprockets is crucial for the overall efficiency and success of industries that rely on industrial boiler systems. To ensure the boiler system operates at peak performance and to extend its service life, regular maintenance is essential. Daily maintenance plays a vital role in preventing issues that could lead to costly downtime and safety hazards.<img class=\"size-full wp-image-5252 alignleft\" src=\"https:\/\/fmp-components.com\/wp-content\/uploads\/2025\/02\/boiler.webp\" alt=\"boiler\" width=\"500\" height=\"333\" \/>\r\n\r\nProper maintenance helps prevent the buildup of soot and scale, which can significantly impact the efficiency of industrial boilers. Failures in the system can be dangerous, leading to reduced productivity, loss of revenue, and even catastrophic incidents such as explosions. Routine checks ensure the safety of workers and the longevity of the equipment.\r\n<h3>Key Maintenance Steps for Boiler Sprockets and Systems:<\/h3>\r\n<ol>\r\n \t<li><strong>Check Water Edge and Components:<\/strong> Regular inspections of the water components in the industrial boiler system are crucial. Mineral scale buildup can reduce the efficiency of the boiler, causing blockages that may impair the system's ability to produce steam effectively. Evaluate the pipes, furnace area, and gasket sealing surfaces. If needed, seek professional assistance for detailed inspections.<\/li>\r\n \t<li><strong>Inspect Furnace Edges and Burners:<\/strong> The furnace edges and burners should be checked for any issues that may decrease boiler efficiency, such as leaks or soot accumulation. Also, inspect dampers, electrodes, fins, hoses, scanners, and diffusers for signs of blockage or erosion. Worn or damaged parts should be replaced promptly to optimize the combustion process and enhance overall boiler efficiency.<\/li>\r\n \t<li><strong>Analysis of Control Measures:<\/strong> Regular analysis of control measures is essential for the safe operation of the boiler. Ensure that the water level is maintained correctly and that there are no signs of cracking or erosion. Factory personnel should carefully examine the equipment's output and monitor control readings. If any readings are inaccurate, it may indicate a deeper issue that requires professional assistance.<\/li>\r\n \t<li><strong>Visual Inspection for Cracks:<\/strong> Conduct regular visual inspections for any signs of cracks, even minor ones. Cracks can significantly reduce the efficiency of the boiler and place undue stress on internal components. This can lead to higher operational costs for water and electricity. If cracks are found, ensure that high-quality repair agents are used during maintenance to prevent future issues.<\/li>\r\n \t<li><strong>Daily Maintenance and Inspection:<\/strong> Even if the boiler appears to be operating normally, daily inspections are critical for identifying early signs of damage such as leaks, cracks, or loose components. Neglecting these small details can result in reduced boiler efficiency and a higher risk of equipment failure. Routine checks can also help optimize fuel and energy use, minimizing costs while maintaining productivity levels.<\/li>\r\n<\/ol>\r\nIn addition to daily checks, monthly maintenance from reliable manufacturers will ensure the long-term performance of the boiler system. The maintenance plan should consider the frequency, duration, and operational demands of the system to ensure continuous, efficient performance.\r\n\r\nBy adhering to these best practices, industries can ensure their boiler systems operate efficiently, safely, and with a prolonged service life.\r\n\r\n<img class=\"wp-image-5253 aligncenter\" src=\"https:\/\/fmp-components.com\/wp-content\/uploads\/2025\/02\/fmp_gear-sprocket.webp\" alt=\"fmp_gear-sprocket\" width=\"864\" height=\"576\" \/>\r\n<div class=\"flex max-w-full flex-col flex-grow\">\r\n<div class=\"min-h-8 text-message flex w-full flex-col items-end gap-2 whitespace-normal break-words text-start [.text-message+&amp;]:mt-5\" dir=\"auto\" data-message-author-role=\"assistant\" data-message-id=\"24ae20e9-9f74-4024-a282-a852b18b5b58\" data-message-model-slug=\"gpt-4o\">\r\n<div class=\"flex w-full flex-col gap-1 empty:hidden first:pt-[3px]\">\r\n<div class=\"markdown prose w-full break-words dark:prose-invert light\">\r\n<h3>About FMP<\/h3>\r\nAt FMP, we are dedicated to being a premier manufacturer of top-quality sprockets, produced at our state-of-the-art facility in Italy. Our comprehensive range of sprockets is designed to meet the diverse needs of industries worldwide. From finished bore sprockets to idler sprockets, taper lock sprockets to conveyor sprockets, each product is crafted with precision to ensure outstanding performance and durability. We offer a variety of materials, including stainless steel, plastic, and steel, as well as specialized options like double pitch and double row sprockets, providing versatile solutions for any application.\r\n\r\nWhat truly distinguishes FMP is our commitment to customization. We understand that every project is unique, and we take pride in offering bespoke sprocket solutions that are tailored to meet your specific requirements. Whether you need a custom design or have specialized technical needs, our team of experts is ready to provide you with reliable, high-performance solutions.\r\n\r\nOur commitment to engineering excellence and rigorous manufacturing standards ensures that every sprocket we produce delivers exceptional reliability and longevity. If you have any questions or require a custom sprocket, we encourage you to get in touch. Our team is always ready to assist with expert advice and prompt responses to ensure your full satisfaction. Contact us via email, and we will get back to you as soon as possible.\r\n\r\n<img class=\"alignnone size-full wp-image-5246\" src=\"https:\/\/fmp-components.com\/wp-content\/uploads\/2025\/02\/fmp-cast-sprocket-1.webp\" alt=\"fmp-cast-sprocket\" width=\"2492\" height=\"1179\" \/>\r\n\r\n<\/div>\r\n<\/div>\r\n<\/div>\r\n<\/div>","_et_gb_content_width":""},"product_brand":[],"product_cat":[99],"product_tag":[],"class_list":{"0":"post-5250","1":"product","2":"type-product","3":"status-publish","4":"has-post-thumbnail","6":"product_cat-specialty-sprockets","8":"first","9":"instock","10":"shipping-taxable","11":"product-type-simple"},"_links":{"self":[{"href":"https:\/\/fmp-components.com\/tr\/wp-json\/wp\/v2\/product\/5250","targetHints":{"allow":["GET"]}}],"collection":[{"href":"https:\/\/fmp-components.com\/tr\/wp-json\/wp\/v2\/product"}],"about":[{"href":"https:\/\/fmp-components.com\/tr\/wp-json\/wp\/v2\/types\/product"}],"replies":[{"embeddable":true,"href":"https:\/\/fmp-components.com\/tr\/wp-json\/wp\/v2\/comments?post=5250"}],"wp:featuredmedia":[{"embeddable":true,"href":"https:\/\/fmp-components.com\/tr\/wp-json\/wp\/v2\/media\/5251"}],"wp:attachment":[{"href":"https:\/\/fmp-components.com\/tr\/wp-json\/wp\/v2\/media?parent=5250"}],"wp:term":[{"taxonomy":"product_brand","embeddable":true,"href":"https:\/\/fmp-components.com\/tr\/wp-json\/wp\/v2\/product_brand?post=5250"},{"taxonomy":"product_cat","embeddable":true,"href":"https:\/\/fmp-components.com\/tr\/wp-json\/wp\/v2\/product_cat?post=5250"},{"taxonomy":"product_tag","embeddable":true,"href":"https:\/\/fmp-components.com\/tr\/wp-json\/wp\/v2\/product_tag?post=5250"}],"curies":[{"name":"wp","href":"https:\/\/api.w.org\/{rel}","templated":true}]}}