{"id":5245,"date":"2025-02-05T03:47:45","date_gmt":"2025-02-05T03:47:45","guid":{"rendered":"https:\/\/fmp-components.com\/?post_type=product&#038;p=5245"},"modified":"2025-02-05T03:47:46","modified_gmt":"2025-02-05T03:47:46","slug":"bucket-elevator-sprocket","status":"publish","type":"product","link":"https:\/\/fmp-components.com\/tr\/product\/bucket-elevator-sprocket\/","title":{"rendered":"Kova Asans\u00f6r Di\u015flisi"},"content":{"rendered":"<h2>Kova Asans\u00f6r Di\u015flisi<\/h2>\n<p>Kova elevat\u00f6r\u00fc, malzemeleri d\u00fc\u015f\u00fck rak\u0131mlardan y\u00fcksek rak\u0131mlara verimli bir \u015fekilde ta\u015f\u0131mak i\u00e7in tasarlanm\u0131\u015ft\u0131r. <img loading=\"lazy\" decoding=\"async\" class=\"size-full wp-image-5248 alignright\" src=\"https:\/\/fmp-components.com\/wp-content\/uploads\/2025\/02\/fmp_cast-sprocket-16.webp\" alt=\"fmp_cast-di\u015fli \u00e7ark\u0131\" width=\"538\" height=\"522\" title=\"\" srcset=\"https:\/\/fmp-components.com\/wp-content\/uploads\/2025\/02\/fmp_cast-sprocket-16.webp 538w, https:\/\/fmp-components.com\/wp-content\/uploads\/2025\/02\/fmp_cast-sprocket-16-480x466.webp 480w\" sizes=\"(min-width: 0px) and (max-width: 480px) 480px, (min-width: 481px) 538px, 100vw\" \/>Malzemeler titre\u015fimli bir tabla vas\u0131tas\u0131yla hazneye yerle\u015ftirildikten sonra, makine otomatik ve s\u00fcrekli olarak \u00e7al\u0131\u015farak malzemeleri yukar\u0131 do\u011fru kald\u0131r\u0131r. Konvey\u00f6r\u00fcn h\u0131z\u0131, gerekli ta\u015f\u0131ma hacmine g\u00f6re ayarlanabilir ve kald\u0131rma y\u00fcksekli\u011fi, \u00f6zel ihtiya\u00e7lara uygun olarak \u00f6zelle\u015ftirilebilir.<\/p>\n<p>Kova elevat\u00f6r\u00fcm\u00fcz, \u00e7e\u015fitli sekt\u00f6rlerdeki uygulama alan\u0131n\u0131 geni\u015fleten, kendi tasar\u0131m\u0131m\u0131z olan toksik olmayan PP hazneye sahiptir. Hazne, optimum performans i\u00e7in \u00f6zenle tasarlanm\u0131\u015f olup, dayan\u0131kl\u0131l\u0131k ve malzemelerin g\u00fcvenli bir \u015fekilde ta\u015f\u0131nmas\u0131n\u0131 sa\u011flar. Sistemin t\u00fcm boyutlar\u0131, uygulaman\u0131n \u00f6zel gereksinimlerini kar\u015f\u0131layacak \u015fekilde uyarlanm\u0131\u015ft\u0131r.<\/p>\n<p>Bu kova elevat\u00f6r\u00fc, dikey paketleme makinelerini ve bilgisayarl\u0131 \u00f6l\u00e7\u00fcm sistemlerini desteklemek i\u00e7in idealdir. G\u0131da, ila\u00e7, end\u00fcstriyel kimyasallar, vidalar, somunlar ve di\u011fer \u00fcr\u00fcnler gibi \u00fcr\u00fcnlerin kald\u0131r\u0131lmas\u0131 ve beslenmesinde yayg\u0131n olarak kullan\u0131l\u0131r. Makinenin \u00e7al\u0131\u015fmas\u0131, ba\u011fl\u0131 paketleme makinesinden gelen sinyal tan\u0131ma yoluyla otomatik olarak kontrol edilebilir, bu da sorunsuz ba\u015flatma ve durdurma i\u015flevi sa\u011flar.<\/p>\n<p>Esnek tasar\u0131m\u0131 ve y\u00fcksek kaliteli bile\u015fenleriyle kova elevat\u00f6r\u00fcm\u00fcz, \u00e7e\u015fitli sekt\u00f6rlerde verimli dikey ta\u015f\u0131mac\u0131l\u0131k i\u00e7in g\u00fcvenilir bir \u00e7\u00f6z\u00fcmd\u00fcr.<\/p>\n<h2>Koval\u0131 elevat\u00f6r\u00fcn \u00e7al\u0131\u015fma prensibi<\/h2>\n<p>Kova elevat\u00f6r\u00fc, alt depolama alan\u0131ndan malzemeleri almak i\u00e7in bir dizi hazne kullanarak \u00e7al\u0131\u015f\u0131r. Konvey\u00f6r bant veya zincir yukar\u0131 kald\u0131r\u0131ld\u0131\u011f\u0131nda, \u00fcst tekerle\u011fin \u00fczerinden ge\u00e7er ve ard\u0131ndan malzemeleri bir al\u0131c\u0131 tanka bo\u015faltmak \u00fczere a\u015fa\u011f\u0131 iner. Bu i\u015flem, kova elevat\u00f6r\u00fcn\u00fcn malzemeleri s\u00fcrekli bir hareketle dikey olarak ta\u015f\u0131mas\u0131n\u0131 sa\u011flar.<\/p>\n<p><img loading=\"lazy\" decoding=\"async\" class=\"size-full wp-image-5247 alignleft\" src=\"https:\/\/fmp-components.com\/wp-content\/uploads\/2025\/02\/fmp_cast-sprocket-15.webp\" alt=\"fmp_cast-di\u015fli \u00e7ark\u0131\" width=\"526\" height=\"435\" title=\"\" srcset=\"https:\/\/fmp-components.com\/wp-content\/uploads\/2025\/02\/fmp_cast-sprocket-15.webp 526w, https:\/\/fmp-components.com\/wp-content\/uploads\/2025\/02\/fmp_cast-sprocket-15-480x397.webp 480w\" sizes=\"(min-width: 0px) and (max-width: 480px) 480px, (min-width: 481px) 526px, 100vw\" \/>\u00c7o\u011fu kova elevat\u00f6r\u00fcnde, tahrik sistemi hem alt hem de \u00fcst tahrik tamburlar\u0131na, ayr\u0131ca \u00fcst ve alt y\u00f6nlendirme tamburlar\u0131na monte edilmi\u015f bir kau\u00e7uk kay\u0131\u015fla \u00e7al\u0131\u015ft\u0131r\u0131l\u0131r. Alternatif olarak, zincir tahrikli kova elevat\u00f6rleri iki paralel iletim zinciriyle donat\u0131lm\u0131\u015ft\u0131r. Bu zincirler, \u00fcst veya alt k\u0131s\u0131mda bulunan bir \u00e7ift iletim di\u015flisi ve kar\u015f\u0131 u\u00e7ta bulunan y\u00f6nlendirme di\u015flileriyle birlikte \u00e7al\u0131\u015f\u0131r.<\/p>\n<p>Verimli ve temiz bir \u00e7al\u0131\u015fma sa\u011flamak i\u00e7in, kova elevat\u00f6rleri genellikle malzeme ta\u015f\u0131ma s\u0131ras\u0131nda tozun d\u0131\u015far\u0131 \u00e7\u0131kmas\u0131n\u0131 \u00f6nlemeye yard\u0131mc\u0131 olan muhafazalar i\u00e7ine al\u0131n\u0131r.<\/p>\n<p>Kova elevat\u00f6rleri, malzemelerin dikey ta\u015f\u0131nmas\u0131 i\u00e7in idealdir. Malzemeler titre\u015fimli bir tabla vas\u0131tas\u0131yla hazneye yerle\u015ftirildikten sonra, sistem malzemeleri istenen y\u00fcksekli\u011fe kald\u0131rmak i\u00e7in otomatik ve s\u00fcrekli olarak \u00e7al\u0131\u015f\u0131r ve g\u00fcvenilir ve verimli malzeme ta\u015f\u0131ma sa\u011flar.<\/p>\n<h2>FMP Hakk\u0131nda<\/h2>\n<p>FMP olarak, \u0130talya'daki geli\u015fmi\u015f tesisimizde \u00fcretilen y\u00fcksek kaliteli zincir di\u015flilerinin lider \u00fcreticisi olmaktan gurur duyuyoruz. \u00c7e\u015fitli end\u00fcstrilerin benzersiz ihtiya\u00e7lar\u0131n\u0131 kar\u015f\u0131lamak \u00fczere tasarlanm\u0131\u015f geni\u015f bir zincir di\u015flisi yelpazesi sunuyoruz. \u0130ster i\u015flenmi\u015f delik zincir di\u015flileri, ister k\u0131lavuz zincir di\u015flileri, ister konik kilit zincir di\u015flileri veya konvey\u00f6r zincir di\u015flileri ar\u0131yor olun, her \u00fcr\u00fcn\u00fc optimum performans sa\u011flamak i\u00e7in hassasiyet ve dayan\u0131kl\u0131l\u0131kla \u00fcretiyoruz. Paslanmaz \u00e7elik, plastik ve \u00e7elik zincir di\u015flilerinin yan\u0131 s\u0131ra \u00e7ift ad\u0131ml\u0131 ve \u00e7ift s\u0131ral\u0131 zincir di\u015flileri gibi \u00f6zel modeller de sunarak her uygulama i\u00e7in ideal \u00e7\u00f6z\u00fcm\u00fc sunuyoruz.<\/p>\n<p>FMP'yi farkl\u0131 k\u0131lan, \u00f6zelle\u015ftirmeye olan ba\u011fl\u0131l\u0131\u011f\u0131m\u0131zd\u0131r. Her projenin kendine \u00f6zg\u00fc gereksinimleri oldu\u011funun bilincindeyiz ve bu nedenle ihtiya\u00e7lar\u0131n\u0131za \u00f6zel, ki\u015fiye \u00f6zel di\u015fli \u00e7\u00f6z\u00fcmleri sunuyoruz. \u0130ster \u00f6zel bir tasar\u0131ma ihtiyac\u0131n\u0131z olsun ister \u00f6zel teknik talepleriniz olsun, uzman ekibimiz hassas, g\u00fcvenilir ve y\u00fcksek performansl\u0131 \u00e7\u00f6z\u00fcmler sunmaya haz\u0131rd\u0131r.<\/p>\n<p>Hem m\u00fchendislik hem de \u00fcretimde m\u00fckemmelli\u011fe kendimizi adam\u0131\u015f durumday\u0131z ve \u00fcretti\u011fimiz her di\u015flinin en y\u00fcksek kalite standartlar\u0131n\u0131 kar\u015f\u0131lamas\u0131n\u0131 ve uzun \u00f6m\u00fcrl\u00fc olmas\u0131n\u0131 sa\u011fl\u0131yoruz. Herhangi bir sorunuz varsa veya \u00f6zelle\u015ftirilmi\u015f bir di\u015fli \u00e7\u00f6z\u00fcm\u00fcne ihtiyac\u0131n\u0131z varsa, bizimle ileti\u015fime ge\u00e7mekten \u00e7ekinmeyin. Ekibimiz, tam memnuniyetinizi sa\u011flamak i\u00e7in uzman rehberli\u011fi ve zaman\u0131nda yan\u0131tlar sunmak i\u00e7in burada. E-posta yoluyla bize ula\u015fman\u0131z yeterli; en k\u0131sa s\u00fcrede size geri d\u00f6n\u00fc\u015f yapaca\u011f\u0131z.<\/p>\n<p><img loading=\"lazy\" decoding=\"async\" class=\"alignnone size-full wp-image-5246\" src=\"https:\/\/fmp-components.com\/wp-content\/uploads\/2025\/02\/fmp-cast-sprocket-1.webp\" alt=\"fmp-cast-di\u015fli\" width=\"2492\" height=\"1179\" title=\"\" srcset=\"https:\/\/fmp-components.com\/wp-content\/uploads\/2025\/02\/fmp-cast-sprocket-1.webp 2492w, https:\/\/fmp-components.com\/wp-content\/uploads\/2025\/02\/fmp-cast-sprocket-1-1280x606.webp 1280w, https:\/\/fmp-components.com\/wp-content\/uploads\/2025\/02\/fmp-cast-sprocket-1-980x464.webp 980w, https:\/\/fmp-components.com\/wp-content\/uploads\/2025\/02\/fmp-cast-sprocket-1-480x227.webp 480w\" sizes=\"(min-width: 0px) and (max-width: 480px) 480px, (min-width: 481px) and (max-width: 980px) 980px, (min-width: 981px) and (max-width: 1280px) 1280px, (min-width: 1281px) 2492px, 100vw\" \/><\/p>","protected":false},"excerpt":{"rendered":"<p>Bucket Elevator Sprocket The bucket elevator is designed to efficiently transport materials from lower to higher elevations. After materials are placed into the hopper via a vibration table, the machine operates automatically and continuously, lifting the materials upward. The speed of the conveyor can be adjusted based on the required transport volume, and the lifting [&hellip;]<\/p>","protected":false},"featured_media":5249,"comment_status":"open","ping_status":"closed","template":"","meta":{"_et_pb_use_builder":"","_et_pb_old_content":"","_et_gb_content_width":""},"product_brand":[],"product_cat":[99],"product_tag":[],"class_list":{"0":"post-5245","1":"product","2":"type-product","3":"status-publish","4":"has-post-thumbnail","6":"product_cat-specialty-sprockets","8":"first","9":"instock","10":"shipping-taxable","11":"product-type-simple"},"_links":{"self":[{"href":"https:\/\/fmp-components.com\/tr\/wp-json\/wp\/v2\/product\/5245","targetHints":{"allow":["GET"]}}],"collection":[{"href":"https:\/\/fmp-components.com\/tr\/wp-json\/wp\/v2\/product"}],"about":[{"href":"https:\/\/fmp-components.com\/tr\/wp-json\/wp\/v2\/types\/product"}],"replies":[{"embeddable":true,"href":"https:\/\/fmp-components.com\/tr\/wp-json\/wp\/v2\/comments?post=5245"}],"wp:featuredmedia":[{"embeddable":true,"href":"https:\/\/fmp-components.com\/tr\/wp-json\/wp\/v2\/media\/5249"}],"wp:attachment":[{"href":"https:\/\/fmp-components.com\/tr\/wp-json\/wp\/v2\/media?parent=5245"}],"wp:term":[{"taxonomy":"product_brand","embeddable":true,"href":"https:\/\/fmp-components.com\/tr\/wp-json\/wp\/v2\/product_brand?post=5245"},{"taxonomy":"product_cat","embeddable":true,"href":"https:\/\/fmp-components.com\/tr\/wp-json\/wp\/v2\/product_cat?post=5245"},{"taxonomy":"product_tag","embeddable":true,"href":"https:\/\/fmp-components.com\/tr\/wp-json\/wp\/v2\/product_tag?post=5245"}],"curies":[{"name":"wp","href":"https:\/\/api.w.org\/{rel}","templated":true}]}}