{"id":5047,"date":"2025-01-26T03:31:20","date_gmt":"2025-01-26T03:31:20","guid":{"rendered":"https:\/\/fmp-components.com\/?post_type=product&#038;p=5047"},"modified":"2025-01-26T03:31:20","modified_gmt":"2025-01-26T03:31:20","slug":"cement-mixer-2810-gearbox-reducer-for-concrete-mixer-innovative-drive-system-%ef%bc%88zl-2810%ef%bc%89","status":"publish","type":"product","link":"https:\/\/fmp-components.com\/tr\/product\/cement-mixer-2810-gearbox-reducer-for-concrete-mixer-innovative-drive-system-%ef%bc%88zl-2810%ef%bc%89\/","title":{"rendered":"\u00c7imento Mikseri 2810 Beton Mikseri i\u00e7in \u015eanz\u0131man Red\u00fckt\u00f6r\u00fc Yenilik\u00e7i Tahrik Sistemi \uff08ZL-2810\uff09"},"content":{"rendered":"<h2>2810 \u015eanz\u0131man\u0131n Yap\u0131 \u015eemas\u0131<\/h2>\n<p><img loading=\"lazy\" decoding=\"async\" class=\"wp-image-5048 aligncenter\" src=\"https:\/\/fmp-components.com\/wp-content\/uploads\/2025\/01\/cement-mixer-gearbox11.webp\" alt=\"\u00e7imento mikseri di\u015fli kutusu\" width=\"855\" height=\"523\" title=\"\" srcset=\"https:\/\/fmp-components.com\/wp-content\/uploads\/2025\/01\/cement-mixer-gearbox11.webp 855w, https:\/\/fmp-components.com\/wp-content\/uploads\/2025\/01\/cement-mixer-gearbox11-480x294.webp 480w\" sizes=\"(min-width: 0px) and (max-width: 480px) 480px, (min-width: 481px) 855px, 100vw\" \/><\/p>\n<table style=\"width: 100%;\" border=\"1\" width=\"100%\" cellspacing=\"0\" cellpadding=\"0\">\n<tbody>\n<tr>\n<th>Bile\u015fen Numaras\u0131<\/th>\n<th>Bile\u015fen Ad\u0131<\/th>\n<th>Bile\u015fen Numaras\u0131<\/th>\n<th>Bile\u015fen Ad\u0131<\/th>\n<th>Bile\u015fen Numaras\u0131<\/th>\n<th>Bile\u015fen Ad\u0131<\/th>\n<\/tr>\n<tr>\n<td>1<\/td>\n<td>Giri\u015f Mili<\/td>\n<td>2<\/td>\n<td>Ya\u011f Ke\u00e7esi<\/td>\n<td>3<\/td>\n<td>Derin Oluklu Bilyal\u0131 Rulman<\/td>\n<\/tr>\n<tr>\n<td>4<\/td>\n<td>Kap\u0131 \u00d6rt\u00fcs\u00fc<\/td>\n<td>5<\/td>\n<td>Derin Oluklu Bilyal\u0131 Rulman<\/td>\n<td>6<\/td>\n<td>Alt\u0131gen Ba\u015fl\u0131 C\u0131vata<\/td>\n<\/tr>\n<tr>\n<td>7<\/td>\n<td>D\u00fcz Anahtar<\/td>\n<td>8<\/td>\n<td>Sonsuz Di\u015fli<\/td>\n<td>9<\/td>\n<td>Ya\u011f Tapas\u0131 Vidas\u0131<\/td>\n<\/tr>\n<tr>\n<td>10<\/td>\n<td>Kutu<\/td>\n<td>11<\/td>\n<td>D\u00fcz Anahtar<\/td>\n<td>12<\/td>\n<td>Konik Di\u015fli<\/td>\n<\/tr>\n<tr>\n<td>13<\/td>\n<td>Segman<\/td>\n<td>14<\/td>\n<td>\u015eim<\/td>\n<td>15<\/td>\n<td>Solucan<\/td>\n<\/tr>\n<tr>\n<td>16<\/td>\n<td>Derin Oluklu Bilyal\u0131 Rulman<\/td>\n<td>17<\/td>\n<td>Segman<\/td>\n<td>18<\/td>\n<td>Ya\u011f Ke\u00e7esi<\/td>\n<\/tr>\n<tr>\n<td>19<\/td>\n<td>Kamal\u0131 Mil<\/td>\n<td>20<\/td>\n<td>Ya\u011f Ke\u00e7esi<\/td>\n<td>21<\/td>\n<td>Tutucu Halka<\/td>\n<\/tr>\n<tr>\n<td>22<\/td>\n<td>Kap\u0131 \u00d6rt\u00fcs\u00fc<\/td>\n<td>23<\/td>\n<td>Kamal\u0131 Man\u015fon<\/td>\n<td><\/td>\n<td><\/td>\n<\/tr>\n<\/tbody>\n<\/table>\n<p>Notlar:<br \/>\n1. Montajdan \u00f6nce t\u00fcm par\u00e7alar temizlenmelidir.<br \/>\n2. Montaj s\u0131ras\u0131nda, rulman \u015faft\u0131n omuz k\u0131sm\u0131na s\u0131k\u0131ca oturmal\u0131d\u0131r.<br \/>\n3. WA460 ya\u011flama ya\u011f\u0131 kullan\u0131n veya ortam s\u0131cakl\u0131\u011f\u0131na g\u00f6re uygun ya\u011f\u0131 se\u00e7in.<br \/>\n4. Y\u00fcks\u00fcz bir test ger\u00e7ekle\u015ftirin; \u00e7al\u0131\u015fma esnek ve serbest olmal\u0131d\u0131r. 1 saat \u00e7al\u0131\u015ft\u0131ktan sonra s\u0131cakl\u0131k art\u0131\u015f\u0131 \u2264 45 \u2103 olmal\u0131d\u0131r.<\/p>\n<p><img loading=\"lazy\" decoding=\"async\" class=\"alignnone  wp-image-5049\" src=\"https:\/\/fmp-components.com\/wp-content\/uploads\/2025\/01\/0_cement-mixer-gearbox51.webp\" alt=\"\u00e7imento mikseri di\u015fli kutusu\" width=\"967\" height=\"910\" title=\"\" srcset=\"https:\/\/fmp-components.com\/wp-content\/uploads\/2025\/01\/0_cement-mixer-gearbox51.webp 967w, https:\/\/fmp-components.com\/wp-content\/uploads\/2025\/01\/0_cement-mixer-gearbox51-480x452.webp 480w\" sizes=\"(min-width: 0px) and (max-width: 480px) 480px, (min-width: 481px) 967px, 100vw\" \/><\/p>\n<h3>Beton mikserinde \u015fanz\u0131man nas\u0131l \u00e7al\u0131\u015f\u0131r?<\/h3>\n<p>Beton mikserindeki di\u015fli kutusu, motorun g\u00fcc\u00fcn\u00fc kar\u0131\u015ft\u0131rma tamburuna aktarmada ve kar\u0131\u015ft\u0131rma i\u015flemini m\u00fcmk\u00fcn k\u0131lmada \u00e7ok \u00f6nemli bir rol oynar. \u0130\u015fte beton mikserindeki di\u015fli kutusunun nas\u0131l \u00e7al\u0131\u015ft\u0131\u011f\u0131na dair genel bir bak\u0131\u015f:<\/p>\n<ol>\n<li><strong>G\u00fc\u00e7 Aktar\u0131m\u0131:<\/strong> Di\u015fli kutusu, mikserin \u00e7al\u0131\u015fmas\u0131 i\u00e7in gereken g\u00fcc\u00fc sa\u011flayan motora ba\u011fl\u0131d\u0131r. Motor genellikle y\u00fcksek h\u0131zda \u00e7al\u0131\u015f\u0131r, ancak kar\u0131\u015ft\u0131rma tamburunun betonu d\u00fczg\u00fcn bir \u015fekilde kar\u0131\u015ft\u0131rmas\u0131 i\u00e7in daha d\u00fc\u015f\u00fck, kontroll\u00fc bir h\u0131za ve daha y\u00fcksek torka ihtiyac\u0131 vard\u0131r. Di\u015fli kutusu, motorun y\u00fcksek h\u0131zl\u0131 d\u00f6n\u00fc\u015f\u00fcn\u00fc, tamburun d\u00f6n\u00fc\u015f\u00fc i\u00e7in daha uygun olan daha d\u00fc\u015f\u00fck bir h\u0131za d\u00fc\u015f\u00fcr\u00fcr.<\/li>\n<li><strong>H\u0131z Azaltma:<\/strong> \u015eanz\u0131man, gerekli h\u0131z d\u00fc\u015f\u00fc\u015f\u00fcn\u00fc sa\u011flamak i\u00e7in genellikle planet di\u015fliler veya helisel di\u015fliler olmak \u00fczere bir di\u015fli sistemi kullan\u0131r. Bu, kar\u0131\u015ft\u0131rma tamburunun daha yava\u015f ve kontroll\u00fc bir h\u0131zda d\u00f6nmesini sa\u011flar; bu da motoru a\u015f\u0131r\u0131 \u00e7al\u0131\u015ft\u0131rmadan veya ekipmana zarar vermeden homojen bir kar\u0131\u015ft\u0131rma i\u00e7in \u00e7ok \u00f6nemlidir.<\/li>\n<li><strong>Tork Amplifikasyonu:<\/strong> H\u0131z\u0131 d\u00fc\u015f\u00fcrmenin yan\u0131 s\u0131ra, \u015fanz\u0131man torku da art\u0131rarak a\u011f\u0131r tamburu d\u00f6nd\u00fcrmek ve betonu verimli bir \u015fekilde kar\u0131\u015ft\u0131rmak i\u00e7in gereken ekstra g\u00fcc\u00fc sa\u011flar. Artan tork, tamburun a\u011f\u0131r beton malzemeleriyle dolu bir y\u00fck ta\u015f\u0131d\u0131\u011f\u0131nda bile sorunsuz bir \u015fekilde d\u00f6nmesini sa\u011flar.<\/li>\n<li><strong>Verimli G\u00fc\u00e7 Da\u011f\u0131t\u0131m\u0131:<\/strong> Di\u015fli kutusu, kar\u0131\u015ft\u0131rma tamburuna ve bazen de kar\u0131\u015ft\u0131r\u0131c\u0131n\u0131n bu \u00f6zelliklere sahip olmas\u0131 durumunda helezon veya paletler gibi di\u011fer bile\u015fenlere g\u00fcc\u00fcn verimli bir \u015fekilde da\u011f\u0131t\u0131lmas\u0131n\u0131 sa\u011flar. Kar\u0131\u015ft\u0131rma i\u015fleminin istikrarl\u0131 olmas\u0131n\u0131, enerji kayb\u0131n\u0131 azaltmas\u0131n\u0131 ve istenen performans\u0131 korumas\u0131n\u0131 sa\u011flar.<\/li>\n<li><strong>Dayan\u0131kl\u0131l\u0131k ve G\u00fcvenilirlik:<\/strong> Beton mikserindeki di\u015fli kutusu, zorlu ortamlarda a\u011f\u0131r ve s\u00fcrekli \u00e7al\u0131\u015fmaya dayanacak \u015fekilde tasarlanm\u0131\u015ft\u0131r. S\u0131k s\u0131k durma-ba\u015flama d\u00f6ng\u00fclerinin, a\u011f\u0131r y\u00fcklerin ve toz ve nem gibi sert ko\u015fullara maruz kalman\u0131n yaratt\u0131\u011f\u0131 stresi kald\u0131rabilmek i\u00e7in y\u00fcksek mukavemetli malzemelerden \u00fcretilmi\u015ftir.<\/li>\n<li><strong>Bak\u0131m ve Uzun \u00d6m\u00fcr:<\/strong> \u015eanz\u0131man, ya\u011flama sistemi ve s\u0131zd\u0131rmaz rulmanlar gibi \u00f6zellikleriyle zaman i\u00e7inde sorunsuz \u00e7al\u0131\u015fmay\u0131 sa\u011flamak \u00fczere kolay bak\u0131m i\u00e7in tasarlanm\u0131\u015ft\u0131r. D\u00fczenli bak\u0131m, \u015fanz\u0131man\u0131n verimli bir \u015fekilde \u00e7al\u0131\u015fmaya devam etmesini, ar\u0131za s\u00fcrelerini azaltmas\u0131n\u0131 ve mikserin kullan\u0131m \u00f6mr\u00fcn\u00fc uzatmas\u0131n\u0131 sa\u011flar.<\/li>\n<\/ol>\n<p>\u00d6zetle, beton mikserindeki di\u015fli kutusu, motorun y\u00fcksek h\u0131zl\u0131 g\u00fcc\u00fcn\u00fc d\u00fc\u015f\u00fck h\u0131zl\u0131, y\u00fcksek torklu harekete d\u00f6n\u00fc\u015ft\u00fcrmek ve etkili ve g\u00fcvenilir kar\u0131\u015ft\u0131rma performans\u0131 sa\u011flamak i\u00e7in hayati \u00f6neme sahiptir. D\u00fczg\u00fcn kar\u0131\u015ft\u0131rmay\u0131 sa\u011flamak, bile\u015fenlerdeki a\u015f\u0131nmay\u0131 azaltmak ve zorlu ortamlarda uzun s\u00fcreli kullan\u0131m i\u00e7in gereken dayan\u0131kl\u0131l\u0131\u011f\u0131 sa\u011flamak a\u00e7\u0131s\u0131ndan da b\u00fcy\u00fck \u00f6nem ta\u015f\u0131r.<\/p>\n<table style=\"border-collapse: collapse; width: 99.6093%; height: 112px;\" border=\"0\" width=\"160\" cellspacing=\"0\" cellpadding=\"0\">\n<tbody>\n<tr style=\"height: 14.40pt;\">\n<td style=\"height: 14.4pt; width: 49.2308%;\" align=\"right\" width=\"80\" height=\"24\"><img loading=\"lazy\" decoding=\"async\" class=\"alignnone size-full wp-image-5051\" src=\"https:\/\/fmp-components.com\/wp-content\/uploads\/2025\/01\/fmp_2810-gearbox-3.webp\" alt=\"fmp_2810-\u015fanz\u0131man\" width=\"2016\" height=\"1512\" title=\"\" srcset=\"https:\/\/fmp-components.com\/wp-content\/uploads\/2025\/01\/fmp_2810-gearbox-3.webp 2016w, https:\/\/fmp-components.com\/wp-content\/uploads\/2025\/01\/fmp_2810-gearbox-3-1280x960.webp 1280w, https:\/\/fmp-components.com\/wp-content\/uploads\/2025\/01\/fmp_2810-gearbox-3-980x735.webp 980w, https:\/\/fmp-components.com\/wp-content\/uploads\/2025\/01\/fmp_2810-gearbox-3-480x360.webp 480w\" sizes=\"(min-width: 0px) and (max-width: 480px) 480px, (min-width: 481px) and (max-width: 980px) 980px, (min-width: 981px) and (max-width: 1280px) 1280px, (min-width: 1281px) 2016px, 100vw\" \/><\/td>\n<td style=\"width: 49.2308%;\" align=\"right\" width=\"80\"><img loading=\"lazy\" decoding=\"async\" class=\"alignnone size-full wp-image-5050\" src=\"https:\/\/fmp-components.com\/wp-content\/uploads\/2025\/01\/fmp_2810-gearbox-2.webp\" alt=\"fmp_2810-\u015fanz\u0131man\" width=\"2016\" height=\"1512\" title=\"\" srcset=\"https:\/\/fmp-components.com\/wp-content\/uploads\/2025\/01\/fmp_2810-gearbox-2.webp 2016w, https:\/\/fmp-components.com\/wp-content\/uploads\/2025\/01\/fmp_2810-gearbox-2-1280x960.webp 1280w, https:\/\/fmp-components.com\/wp-content\/uploads\/2025\/01\/fmp_2810-gearbox-2-980x735.webp 980w, https:\/\/fmp-components.com\/wp-content\/uploads\/2025\/01\/fmp_2810-gearbox-2-480x360.webp 480w\" sizes=\"(min-width: 0px) and (max-width: 480px) 480px, (min-width: 481px) and (max-width: 980px) 980px, (min-width: 981px) and (max-width: 1280px) 1280px, (min-width: 1281px) 2016px, 100vw\" \/><\/td>\n<\/tr>\n<\/tbody>\n<\/table>\n<h3>FMP Hakk\u0131nda<\/h3>\n<p>FMP, m\u00fckemmellik konusunda g\u00fc\u00e7l\u00fc bir \u00fcne sahip profesyonel bir di\u015fli kutusu \u00fcretim fabrikas\u0131d\u0131r. Di\u015fli kutusu imalat sekt\u00f6r\u00fcnde g\u00fcvenilir bir ortak olmam\u0131z\u0131 sa\u011flayan bir dizi temel avantaj sunmaktan gurur duyuyoruz:<\/p>\n<p><img loading=\"lazy\" decoding=\"async\" class=\"size-full wp-image-5052 alignleft\" src=\"https:\/\/fmp-components.com\/wp-content\/uploads\/2025\/01\/0_cement-mixer-gearbox131.webp\" alt=\"0_\u00e7imento-mikser-\u015fanz\u0131man\u013113(1)\" width=\"562\" height=\"750\" title=\"\" srcset=\"https:\/\/fmp-components.com\/wp-content\/uploads\/2025\/01\/0_cement-mixer-gearbox131.webp 562w, https:\/\/fmp-components.com\/wp-content\/uploads\/2025\/01\/0_cement-mixer-gearbox131-480x641.webp 480w\" sizes=\"(min-width: 0px) and (max-width: 480px) 480px, (min-width: 481px) 562px, 100vw\" \/><\/p>\n<ol>\n<li><strong>M\u00fckemmel \u00dcretim S\u00fcreci:<\/strong><br \/>\nGeli\u015fmi\u015f uluslararas\u0131 \u00fcretim ekipmanlar\u0131 ve hassas \u00fcretim teknolojisi kullanarak, her bir di\u015fli kutusunun en y\u00fcksek end\u00fcstri standartlar\u0131n\u0131 kar\u015f\u0131lamas\u0131n\u0131 sa\u011fl\u0131yoruz. Hassasiyet, sa\u011flaml\u0131k ve dayan\u0131kl\u0131l\u0131\u011f\u0131 garanti etmek i\u00e7in ISO kalite y\u00f6netim sistemi standartlar\u0131na s\u0131k\u0131 s\u0131k\u0131ya ba\u011fl\u0131 kal\u0131yoruz.<\/li>\n<li><strong>\u00c7e\u015fitlendirilmi\u015f \u00dcr\u00fcn Yelpazesi:<\/strong><br \/>\nGeni\u015f \u00fcr\u00fcn yelpazemiz, end\u00fcstriyel ekipman, tar\u0131m makineleri, in\u015faat ekipmanlar\u0131, gemi g\u00fc\u00e7 sistemleri ve yeni enerji iletim sistemleri de dahil olmak \u00fczere \u00e7e\u015fitli sekt\u00f6rlere hizmet vermektedir. Spesifikasyonlar veya gereksinimler ne olursa olsun, \u00f6zel ihtiya\u00e7lar\u0131n\u0131za g\u00f6re uyarlanm\u0131\u015f hem standart hem de \u00f6zel \u00e7\u00f6z\u00fcmler sunuyoruz.<\/li>\n<li><strong>Yenilik\u00e7i Ar-Ge G\u00fcc\u00fc:<\/strong><br \/>\nNitelikli ve yenilik\u00e7i Ar-Ge ekibimizle, yeni, verimli, enerji tasarruflu, d\u00fc\u015f\u00fck g\u00fcr\u00fclt\u00fcl\u00fc ve y\u00fcksek performansl\u0131 di\u015fli kutular\u0131 geli\u015ftirmek i\u00e7in teknolojimizi ve tasar\u0131m\u0131m\u0131z\u0131 s\u00fcrekli olarak geli\u015ftiriyoruz. En son teknolojik talepleri kar\u015f\u0131lamak i\u00e7in piyasa trendlerinin \u00f6n\u00fcnde kal\u0131yoruz.<\/li>\n<li><strong>Se\u00e7ilmi\u015f Hammaddeler ve Aksesuarlar:<\/strong><br \/>\nY\u00fcksek kaliteli \u00e7elik ve di\u011fer dayan\u0131kl\u0131 malzemeler kullanarak kaliteye \u00f6ncelik veriyoruz. Rulmanlar ve contalar gibi t\u00fcm destekleyici bile\u015fenler, istikrarl\u0131 ve g\u00fcvenilir performans sa\u011flamak i\u00e7in sayg\u0131n yerli ve uluslararas\u0131 markalardan temin edilmektedir.<\/li>\n<li><strong>S\u0131k\u0131 Kalite Kontrol Sistemi:<\/strong><br \/>\n\u00dcretim s\u00fcrecinin tamam\u0131nda titiz kalite kontrolleri uyguluyoruz. Hammadde giri\u015finden nihai \u00fcr\u00fcnlerin teslimine kadar, her bir \u015fanz\u0131man, sevkiyat \u00f6ncesinde s\u0131f\u0131r hata sa\u011flamak i\u00e7in geli\u015fmi\u015f ekipmanlar kullan\u0131larak kapsaml\u0131 testlerden ge\u00e7irilmektedir.<\/li>\n<li><strong>Tam Servis Garantisi:<\/strong><br \/>\nY\u00fcksek kaliteli \u00fcr\u00fcnlerin yan\u0131 s\u0131ra kapsaml\u0131 sat\u0131\u015f sonras\u0131 destek sa\u011flamaya da kararl\u0131y\u0131z. M\u00fc\u015fterilerimizin tam memnuniyetini ve g\u00f6n\u00fcl rahatl\u0131\u011f\u0131n\u0131 sa\u011flamak i\u00e7in kurulum rehberli\u011fi, bak\u0131m, ar\u0131za te\u015fhisi ve yedek par\u00e7a temini gibi hizmetler sunuyoruz.<\/li>\n<li><strong>Zengin Sekt\u00f6r Deneyimi ve \u0130yi Bir \u0130tibar:<\/strong><br \/>\nDi\u015fli kutusu \u00fcretiminde onlarca y\u0131ll\u0131k uzmanl\u0131\u011f\u0131m\u0131z sayesinde, paha bi\u00e7ilmez bir deneyim ve g\u00fc\u00e7l\u00fc bir teknik altyap\u0131 kazand\u0131k. Kalite ve g\u00fcvenilirlik konusundaki itibar\u0131m\u0131z, d\u00fcnya \u00e7ap\u0131ndaki m\u00fc\u015fterilerimizin g\u00fcvenini kazanmam\u0131z\u0131 sa\u011flad\u0131.<\/li>\n<\/ol>\n<p><strong>\u00d6zel \u00c7\u00f6z\u00fcmler:<\/strong><\/p>\n<p>FMP olarak, \u00f6zel ihtiya\u00e7lar\u0131n\u0131za g\u00f6re \u00f6zel tasar\u0131mlar konusunda da size destek vermekten mutluluk duyuyoruz. Akl\u0131n\u0131zda bir \u00e7izim veya tasar\u0131m varsa, bize e-posta ile g\u00f6ndermeniz yeterli; uzman ekibimiz bunu inceleyip 24 saat i\u00e7inde fiyat teklifi sunacakt\u0131r. Projelerinizi hayata ge\u00e7irmenize yard\u0131mc\u0131 olmak i\u00e7in h\u0131zl\u0131, verimli ve size \u00f6zel \u00e7\u00f6z\u00fcmler sunmaya kendimizi adad\u0131k.<\/p>","protected":false},"excerpt":{"rendered":"<p>Structure Diagram of 2810 Gearbox Component Number Component Name Component Number Component Name Component Number Component Name 1 Input Shaft 2 Oil Seal 3 Deep Groove Ball Bearing 4 Door Cover 5 Deep Groove Ball Bearing 6 Hexagonal Head Bolt 7 Flat Key 8 Worm Gear 9 Oil Plug Screw 10 Box 11 Flat Key [&hellip;]<\/p>","protected":false},"featured_media":5053,"comment_status":"open","ping_status":"closed","template":"","meta":{"_et_pb_use_builder":"","_et_pb_old_content":"","_et_gb_content_width":""},"product_brand":[],"product_cat":[94],"product_tag":[],"class_list":{"0":"post-5047","1":"product","2":"type-product","3":"status-publish","4":"has-post-thumbnail","6":"product_cat-industrial-gearbox","8":"first","9":"instock","10":"shipping-taxable","11":"product-type-simple"},"_links":{"self":[{"href":"https:\/\/fmp-components.com\/tr\/wp-json\/wp\/v2\/product\/5047","targetHints":{"allow":["GET"]}}],"collection":[{"href":"https:\/\/fmp-components.com\/tr\/wp-json\/wp\/v2\/product"}],"about":[{"href":"https:\/\/fmp-components.com\/tr\/wp-json\/wp\/v2\/types\/product"}],"replies":[{"embeddable":true,"href":"https:\/\/fmp-components.com\/tr\/wp-json\/wp\/v2\/comments?post=5047"}],"wp:featuredmedia":[{"embeddable":true,"href":"https:\/\/fmp-components.com\/tr\/wp-json\/wp\/v2\/media\/5053"}],"wp:attachment":[{"href":"https:\/\/fmp-components.com\/tr\/wp-json\/wp\/v2\/media?parent=5047"}],"wp:term":[{"taxonomy":"product_brand","embeddable":true,"href":"https:\/\/fmp-components.com\/tr\/wp-json\/wp\/v2\/product_brand?post=5047"},{"taxonomy":"product_cat","embeddable":true,"href":"https:\/\/fmp-components.com\/tr\/wp-json\/wp\/v2\/product_cat?post=5047"},{"taxonomy":"product_tag","embeddable":true,"href":"https:\/\/fmp-components.com\/tr\/wp-json\/wp\/v2\/product_tag?post=5047"}],"curies":[{"name":"wp","href":"https:\/\/api.w.org\/{rel}","templated":true}]}}