{"id":5040,"date":"2025-01-26T03:04:33","date_gmt":"2025-01-26T03:04:33","guid":{"rendered":"https:\/\/fmp-components.com\/?post_type=product&#038;p=5040"},"modified":"2025-01-26T03:04:33","modified_gmt":"2025-01-26T03:04:33","slug":"cement-polishing-gearbox-for-smooth-concrete-floors-and-walls","status":"publish","type":"product","link":"https:\/\/fmp-components.com\/tr\/product\/cement-polishing-gearbox-for-smooth-concrete-floors-and-walls\/","title":{"rendered":"P\u00fcr\u00fczs\u00fcz Beton Zeminler ve Duvarlar i\u00e7in \u00c7imento Parlatma \u015eanz\u0131man\u0131"},"content":{"rendered":"<h2>\u00c7imento Parlatma \u015eanz\u0131man\u0131<\/h2>\n<p>Beton Parlatma \u015eanz\u0131man\u0131, beton ta\u015flama ve parlatma makinelerinde kullan\u0131lmak \u00fczere tasarlanm\u0131\u015f, y\u00fcksek performansl\u0131 ve hassas m\u00fchendislik \u00fcr\u00fcn\u00fc bir bile\u015fendir. Bu \u015fanz\u0131man, optimum parlatma sonu\u00e7lar\u0131 i\u00e7in gerekli tork ve h\u0131z kontrol\u00fcn\u00fc sa\u011flayarak, sorunsuz ve verimli bir \u00e7al\u0131\u015fma sa\u011flamada kritik bir rol oynar. \u0130ster end\u00fcstriyel ister ticari beton uygulamalar\u0131nda kullan\u0131ls\u0131n, zorlu ko\u015fullarda dayan\u0131kl\u0131l\u0131k, g\u00fcvenilirlik ve performans sa\u011flar.<\/p>\n<p><strong>Temel \u00d6zellikler:<\/strong><\/p>\n<ol>\n<li><strong>Y\u00fcksek Tork ve H\u0131z Kontrol\u00fc:<\/strong> \u015eanz\u0131man, motorun y\u00fcksek h\u0131zl\u0131 d\u00f6n\u00fc\u015f\u00fcn\u00fc azaltarak parlatma aletleri i\u00e7in ideal tork ve h\u0131z\u0131 sa\u011flayacak \u015fekilde tasarlanm\u0131\u015ft\u0131r. Bu sayede beton y\u00fczeylerin tutarl\u0131 ve e\u015fit \u015fekilde parlat\u0131lmas\u0131, aletlerin a\u015f\u0131nmas\u0131n\u0131n en aza indirilmesi ve genel y\u00fczey kalitesinin iyile\u015ftirilmesi sa\u011flan\u0131r.<\/li>\n<li><strong>Dayan\u0131kl\u0131l\u0131k ve G\u00fcvenilirlik:<\/strong> Sa\u011flam malzemeler ve y\u00fcksek kaliteli i\u015f\u00e7ilikle \u00fcretilen Beton Parlatma \u015eanz\u0131man\u0131, beton parlatma makinelerinin a\u011f\u0131r hizmet taleplerine dayanacak \u015fekilde tasarlanm\u0131\u015ft\u0131r. Zorlu \u00e7al\u0131\u015fma ko\u015fullar\u0131nda bile ola\u011fan\u00fcst\u00fc dayan\u0131kl\u0131l\u0131k sunarak uzun \u00f6m\u00fcrl\u00fc performans sa\u011flar.<\/li>\n<li><strong>Verimli G\u00fc\u00e7 Aktar\u0131m\u0131:<\/strong> \u015eanz\u0131man, sonsuz di\u015fliler veya planet di\u015fliler gibi son derece verimli bir di\u015fli sistemi kullanarak motordan parlatma kafas\u0131na kusursuz g\u00fc\u00e7 aktar\u0131m\u0131 sa\u011flar. Bu, p\u00fcr\u00fczs\u00fcz ve s\u00fcrekli bir hareket sa\u011flayarak parlatma i\u015flemi s\u0131ras\u0131nda daha iyi kontrol ve hassasiyet sa\u011flar.<\/li>\n<li><strong>G\u00fcr\u00fclt\u00fc Azaltma ve D\u00fczg\u00fcn \u00c7al\u0131\u015fma:<\/strong> G\u00fcr\u00fclt\u00fc ve titre\u015fimi en aza indirecek \u015fekilde tasarlanan \u015fanz\u0131man, daha sessiz \u00e7al\u0131\u015fma sa\u011flayarak daha konforlu bir \u00e7al\u0131\u015fma ortam\u0131na ve makinenin stabilitesinin artmas\u0131na katk\u0131da bulunuyor.<\/li>\n<li><strong>Is\u0131ya Dayan\u0131kl\u0131l\u0131k:<\/strong> \u015eanz\u0131man, s\u00fcrekli \u00e7al\u0131\u015fma s\u0131ras\u0131nda olu\u015fan y\u00fcksek s\u0131cakl\u0131klara dayanacak \u015fekilde \u00fcretilmi\u015ftir; bu sayede a\u015f\u0131r\u0131 \u0131s\u0131nma veya performans d\u00fc\u015f\u00fc\u015f\u00fc riski olmadan uzun \u00e7al\u0131\u015fma saatlerine uygundur.<\/li>\n<li><strong>Kolay Bak\u0131m:<\/strong> Basit ama etkili tasar\u0131m\u0131yla Beton Parlatma \u015eanz\u0131man\u0131n\u0131n bak\u0131m\u0131 kolayd\u0131r. D\u00fczenli bak\u0131m ve ya\u011flama i\u015flemleri basittir, bu da minimum ar\u0131za s\u00fcresi ve d\u00fc\u015f\u00fck bak\u0131m maliyetleri sa\u011flar.<\/li>\n<li><strong>Kompakt ve Hafif Tasar\u0131m:<\/strong> Sa\u011flam yap\u0131s\u0131na ra\u011fmen \u015fanz\u0131man, kompakt ve hafif olacak \u015fekilde tasarlanm\u0131\u015ft\u0131r; bu sayede \u00e7e\u015fitli beton parlatma makinelerine kolayca entegre edilebilir, optimum denge ve kullan\u0131m kolayl\u0131\u011f\u0131 sa\u011flar.<\/li>\n<\/ol>\n<p><strong>Uygulamalar:<\/strong><\/p>\n<ul>\n<li>Ticari ve end\u00fcstriyel beton parlatma makineleri<\/li>\n<li>Zemin ta\u015flama ve bitirme ekipmanlar\u0131<\/li>\n<li>A\u011f\u0131r hizmet tipi y\u00fczey haz\u0131rl\u0131\u011f\u0131 ve yenileme<\/li>\n<li>Depolar, sergi salonlar\u0131 ve end\u00fcstriyel tesisler dahil olmak \u00fczere beton zeminlerin cilalanmas\u0131 ve parlat\u0131lmas\u0131<\/li>\n<\/ul>\n<p>Beton Parlatma \u015eanz\u0131man\u0131, beton parlatmada y\u00fcksek kaliteli ve tutarl\u0131 sonu\u00e7lar elde etmek i\u00e7in olmazsa olmaz bir bile\u015fendir. Y\u00fcksek tork, dayan\u0131kl\u0131l\u0131k ve sorunsuz \u00e7al\u0131\u015fma kombinasyonuyla, zorlu beton parlatma uygulamalar\u0131nda verimli performans i\u00e7in gereken g\u00fc\u00e7 ve g\u00fcvenilirli\u011fi sa\u011flar.<\/p>\n<table style=\"width: 100%;\" border=\"1\" width=\"100%\" cellspacing=\"0\" cellpadding=\"0\">\n<tbody>\n<tr style=\"height: 14.40pt;\">\n<td style=\"height: 14.40pt; width: 48.00pt;\" align=\"right\" width=\"80\" height=\"24\"><img loading=\"lazy\" decoding=\"async\" class=\"alignnone size-full wp-image-5045\" src=\"https:\/\/fmp-components.com\/wp-content\/uploads\/2025\/01\/1-meter-long-shell-gearbox-copper-gear.webp\" alt=\"1 metre uzunlu\u011funda kabuk di\u015fli kutusu - bak\u0131r di\u015fli\" width=\"427\" height=\"448\" title=\"\" srcset=\"https:\/\/fmp-components.com\/wp-content\/uploads\/2025\/01\/1-meter-long-shell-gearbox-copper-gear.webp 427w, https:\/\/fmp-components.com\/wp-content\/uploads\/2025\/01\/1-meter-long-shell-gearbox-copper-gear-286x300.webp 286w, https:\/\/fmp-components.com\/wp-content\/uploads\/2025\/01\/1-meter-long-shell-gearbox-copper-gear-11x12.webp 11w\" sizes=\"(max-width: 427px) 100vw, 427px\" \/><\/td>\n<td style=\"width: 48.00pt;\" align=\"right\" width=\"80\"><img loading=\"lazy\" decoding=\"async\" class=\"alignnone size-full wp-image-5044\" src=\"https:\/\/fmp-components.com\/wp-content\/uploads\/2025\/01\/1-meter-long-shell-gearbox-iron-gear.webp\" alt=\"1 metre uzunlu\u011funda g\u00f6vde \u015fanz\u0131man-demir di\u015fli\" width=\"427\" height=\"448\" title=\"\" srcset=\"https:\/\/fmp-components.com\/wp-content\/uploads\/2025\/01\/1-meter-long-shell-gearbox-iron-gear.webp 427w, https:\/\/fmp-components.com\/wp-content\/uploads\/2025\/01\/1-meter-long-shell-gearbox-iron-gear-286x300.webp 286w, https:\/\/fmp-components.com\/wp-content\/uploads\/2025\/01\/1-meter-long-shell-gearbox-iron-gear-11x12.webp 11w\" sizes=\"(max-width: 427px) 100vw, 427px\" \/><\/td>\n<td style=\"width: 48.00pt;\" align=\"right\" width=\"80\"><img loading=\"lazy\" decoding=\"async\" class=\"alignnone size-full wp-image-5043\" src=\"https:\/\/fmp-components.com\/wp-content\/uploads\/2025\/01\/1-meter-square-shell-gearbox.webp\" alt=\"1 metre kare g\u00f6vdeli \u015fanz\u0131man\" width=\"427\" height=\"448\" title=\"\" srcset=\"https:\/\/fmp-components.com\/wp-content\/uploads\/2025\/01\/1-meter-square-shell-gearbox.webp 427w, https:\/\/fmp-components.com\/wp-content\/uploads\/2025\/01\/1-meter-square-shell-gearbox-286x300.webp 286w, https:\/\/fmp-components.com\/wp-content\/uploads\/2025\/01\/1-meter-square-shell-gearbox-11x12.webp 11w\" sizes=\"(max-width: 427px) 100vw, 427px\" \/><\/td>\n<td style=\"width: 48.00pt;\" align=\"right\" width=\"80\"><img loading=\"lazy\" decoding=\"async\" class=\"alignnone size-full wp-image-5042\" src=\"https:\/\/fmp-components.com\/wp-content\/uploads\/2025\/01\/60-90-Aluminum-case-gearbox.webp\" alt=\"60-90 Al\u00fcminyum kasal\u0131 \u015fanz\u0131man\" width=\"427\" height=\"448\" title=\"\" srcset=\"https:\/\/fmp-components.com\/wp-content\/uploads\/2025\/01\/60-90-Aluminum-case-gearbox.webp 427w, https:\/\/fmp-components.com\/wp-content\/uploads\/2025\/01\/60-90-Aluminum-case-gearbox-286x300.webp 286w, https:\/\/fmp-components.com\/wp-content\/uploads\/2025\/01\/60-90-Aluminum-case-gearbox-11x12.webp 11w\" sizes=\"(max-width: 427px) 100vw, 427px\" \/><\/td>\n<td style=\"width: 48.00pt;\" align=\"right\" width=\"80\"><img loading=\"lazy\" decoding=\"async\" class=\"alignnone size-full wp-image-5046\" src=\"https:\/\/fmp-components.com\/wp-content\/uploads\/2025\/01\/60-90-iron-case-gearbox1.webp\" alt=\"60-90 demir kasal\u0131 \u015fanz\u0131man(1)\" width=\"427\" height=\"448\" title=\"\" srcset=\"https:\/\/fmp-components.com\/wp-content\/uploads\/2025\/01\/60-90-iron-case-gearbox1.webp 427w, https:\/\/fmp-components.com\/wp-content\/uploads\/2025\/01\/60-90-iron-case-gearbox1-286x300.webp 286w, https:\/\/fmp-components.com\/wp-content\/uploads\/2025\/01\/60-90-iron-case-gearbox1-11x12.webp 11w\" sizes=\"(max-width: 427px) 100vw, 427px\" \/><\/td>\n<\/tr>\n<tr style=\"height: 14.40pt;\">\n<td style=\"height: 14.4pt; text-align: center;\" align=\"right\" height=\"24\"><strong>1 metre uzunlu\u011funda kabuk di\u015fli kutusu - bak\u0131r di\u015fli<\/strong><\/td>\n<td style=\"text-align: center;\" align=\"right\"><strong>1 metre uzunlu\u011funda g\u00f6vde \u015fanz\u0131man-demir di\u015fli<\/strong><\/td>\n<td style=\"text-align: center;\" align=\"right\"><strong>1 metre kare g\u00f6vdeli \u015fanz\u0131man<\/strong><\/td>\n<td style=\"text-align: center;\" align=\"right\"><strong>60-90 Al\u00fcminyum kasal\u0131 \u015fanz\u0131man<\/strong><\/td>\n<td style=\"text-align: center;\" align=\"right\"><strong>60-90 demir kasal\u0131 \u015fanz\u0131man<\/strong><\/td>\n<\/tr>\n<\/tbody>\n<\/table>\n<p>\u0130htiya\u00e7lar\u0131n\u0131za \u00f6zel \u00e7\u00f6z\u00fcmler sunuyoruz. Bir tasar\u0131m veya \u00e7iziminiz varsa, l\u00fctfen bize e-posta yoluyla g\u00f6nderin. Uzman ekibimiz gereksinimlerinizi inceleyip 24 saat i\u00e7inde bir fiyat teklifi sunacakt\u0131r. Projenizin sorunsuz ilerlemesini sa\u011flamak i\u00e7in h\u0131zl\u0131 ve do\u011fru yan\u0131tlar vermeye kararl\u0131y\u0131z.<\/p>","protected":false},"excerpt":{"rendered":"<p>Cement Polishing Gearbox The Concrete Polishing Gearbox is a high-performance, precision-engineered component designed for use in concrete grinding and polishing machinery. This gearbox plays a critical role in ensuring smooth and efficient operation, providing the necessary torque and speed control for optimal polishing results. Whether used in industrial or commercial concrete applications, it ensures durability, [&hellip;]<\/p>","protected":false},"featured_media":5041,"comment_status":"open","ping_status":"closed","template":"","meta":{"_et_pb_use_builder":"","_et_pb_old_content":"","_et_gb_content_width":""},"product_brand":[],"product_cat":[94],"product_tag":[],"class_list":{"0":"post-5040","1":"product","2":"type-product","3":"status-publish","4":"has-post-thumbnail","6":"product_cat-industrial-gearbox","8":"first","9":"instock","10":"shipping-taxable","11":"product-type-simple"},"_links":{"self":[{"href":"https:\/\/fmp-components.com\/tr\/wp-json\/wp\/v2\/product\/5040","targetHints":{"allow":["GET"]}}],"collection":[{"href":"https:\/\/fmp-components.com\/tr\/wp-json\/wp\/v2\/product"}],"about":[{"href":"https:\/\/fmp-components.com\/tr\/wp-json\/wp\/v2\/types\/product"}],"replies":[{"embeddable":true,"href":"https:\/\/fmp-components.com\/tr\/wp-json\/wp\/v2\/comments?post=5040"}],"wp:featuredmedia":[{"embeddable":true,"href":"https:\/\/fmp-components.com\/tr\/wp-json\/wp\/v2\/media\/5041"}],"wp:attachment":[{"href":"https:\/\/fmp-components.com\/tr\/wp-json\/wp\/v2\/media?parent=5040"}],"wp:term":[{"taxonomy":"product_brand","embeddable":true,"href":"https:\/\/fmp-components.com\/tr\/wp-json\/wp\/v2\/product_brand?post=5040"},{"taxonomy":"product_cat","embeddable":true,"href":"https:\/\/fmp-components.com\/tr\/wp-json\/wp\/v2\/product_cat?post=5040"},{"taxonomy":"product_tag","embeddable":true,"href":"https:\/\/fmp-components.com\/tr\/wp-json\/wp\/v2\/product_tag?post=5040"}],"curies":[{"name":"wp","href":"https:\/\/api.w.org\/{rel}","templated":true}]}}