{"id":4909,"date":"2025-01-23T06:50:33","date_gmt":"2025-01-23T06:50:33","guid":{"rendered":"https:\/\/fmp-components.com\/?post_type=product&#038;p=4909"},"modified":"2025-01-23T08:51:43","modified_gmt":"2025-01-23T08:51:43","slug":"xrv-series-car-washer-gearbox-for-automatic-car-wash-system-xrv050-gearmotor","status":"publish","type":"product","link":"https:\/\/fmp-components.com\/tr\/product\/xrv-series-car-washer-gearbox-for-automatic-car-wash-system-xrv050-gearmotor\/","title":{"rendered":"XRV Serisi Otomatik Ara\u00e7 Y\u0131kama Sistemi i\u00e7in Ara\u00e7 Y\u0131kama \u015eanz\u0131man\u0131 XRV050 Red\u00fckt\u00f6rl\u00fc Motor"},"content":{"rendered":"<table style=\"border-collapse: collapse; width: 102.047%; height: 5px;\" border=\"0\" width=\"160\" cellspacing=\"0\" cellpadding=\"0\">\n<tbody>\n<tr style=\"height: 14.40pt;\">\n<td style=\"height: 14.40pt; width: 48.00pt;\" align=\"right\" width=\"80\" height=\"24\"><img loading=\"lazy\" decoding=\"async\" class=\"alignnone size-full wp-image-4917\" src=\"https:\/\/fmp-components.com\/wp-content\/uploads\/2025\/01\/xrv050-worm-gearmotor-1.webp\" alt=\"xrv050-solucan-di\u015fli-motoru\" width=\"500\" height=\"375\" title=\"\" srcset=\"https:\/\/fmp-components.com\/wp-content\/uploads\/2025\/01\/xrv050-worm-gearmotor-1.webp 500w, https:\/\/fmp-components.com\/wp-content\/uploads\/2025\/01\/xrv050-worm-gearmotor-1-480x360.webp 480w\" sizes=\"(min-width: 0px) and (max-width: 480px) 480px, (min-width: 481px) 500px, 100vw\" \/><\/td>\n<td style=\"width: 48.00pt;\" align=\"right\" width=\"80\"><img loading=\"lazy\" decoding=\"async\" class=\"alignnone size-full wp-image-4918\" src=\"https:\/\/fmp-components.com\/wp-content\/uploads\/2025\/01\/Car-Wash-Machine-Gearmotor-5.webp\" alt=\"Araba Y\u0131kama Makinesi Di\u015fli Motoru-5\" width=\"493\" height=\"397\" title=\"\" srcset=\"https:\/\/fmp-components.com\/wp-content\/uploads\/2025\/01\/Car-Wash-Machine-Gearmotor-5.webp 493w, https:\/\/fmp-components.com\/wp-content\/uploads\/2025\/01\/Car-Wash-Machine-Gearmotor-5-480x387.webp 480w\" sizes=\"(min-width: 0px) and (max-width: 480px) 480px, (min-width: 481px) 493px, 100vw\" \/><\/td>\n<\/tr>\n<\/tbody>\n<\/table>\n<h2>XRV050 Ara\u00e7 Y\u0131kama Makinesi Sonsuz Di\u015fli Red\u00fckt\u00f6r\u00fcn\u00fcn Teknik \u00d6zellikleri<\/h2>\n<p><img loading=\"lazy\" decoding=\"async\" class=\"size-full wp-image-4910 aligncenter\" src=\"https:\/\/fmp-components.com\/wp-content\/uploads\/2025\/01\/XRV050-worm-gear-reducer-parameters.webp\" alt=\"XRV050-sonsuz-di\u015fli-red\u00fckt\u00f6r-parametreleri\" width=\"619\" height=\"551\" title=\"\" srcset=\"https:\/\/fmp-components.com\/wp-content\/uploads\/2025\/01\/XRV050-worm-gear-reducer-parameters.webp 619w, https:\/\/fmp-components.com\/wp-content\/uploads\/2025\/01\/XRV050-worm-gear-reducer-parameters-480x427.webp 480w\" sizes=\"(min-width: 0px) and (max-width: 480px) 480px, (min-width: 481px) 619px, 100vw\" \/><\/p>\n<table border=\"1\" width=\"100%\" cellspacing=\"0px\">\n<tbody>\n<tr>\n<td width=\"64\">Tip<\/td>\n<td width=\"64\">Oran<\/td>\n<td width=\"64\">Flan\u015f<\/td>\n<td width=\"64\">G\u00fc\u00e7<\/td>\n<\/tr>\n<tr>\n<td rowspan=\"2\">XRV050<\/td>\n<td rowspan=\"2\">5\u00a0\u00a0\u00a0\u00a0 7.5\u00a0 10\u00a0\u00a0\u00a0\u00a0 12\u00a0 15\u00a0\u00a0\u00a0\u00a0 20\u00a0 30\u00a0\u00a0\u00a0\u00a0 40\u00a0 50\u00a0\u00a0\u00a0\u00a0 60\u00a0 80\u00a0\u00a0\u00a0 100<\/td>\n<td>71B14<\/td>\n<td rowspan=\"2\">0,18 kW 0,25 kW 0,37 kW 0,55 kW 0,75 kW 1,1 kW<\/td>\n<\/tr>\n<tr>\n<td>80B14<\/td>\n<\/tr>\n<\/tbody>\n<\/table>\n<table border=\"1\" width=\"100%\" cellspacing=\"0px\">\n<tbody>\n<tr>\n<td width=\"64\">Tip<\/td>\n<td width=\"64\">Ben<\/td>\n<td width=\"64\">n2\/r\/min<\/td>\n<td width=\"64\">Mn2\/Nm<\/td>\n<td width=\"64\">Fr2\/N<\/td>\n<td width=\"64\">Motor<\/td>\n<td width=\"64\">P1\/kw<\/td>\n<td width=\"64\">L\/mm<\/td>\n<\/tr>\n<tr>\n<td rowspan=\"41\" width=\"64\">XRV050<\/td>\n<td rowspan=\"2\">5<\/td>\n<td>280<\/td>\n<td>17<\/td>\n<td>1577<\/td>\n<td>7134<\/td>\n<td>0.55<\/td>\n<td>180<\/td>\n<\/tr>\n<tr>\n<td>280<\/td>\n<td>23<\/td>\n<td>1577<\/td>\n<td>8024<\/td>\n<td>0.75<\/td>\n<td>205<\/td>\n<\/tr>\n<tr>\n<td rowspan=\"2\">7.5<\/td>\n<td>187<\/td>\n<td>25<\/td>\n<td>1805<\/td>\n<td>7134<\/td>\n<td>0.55<\/td>\n<td>180<\/td>\n<\/tr>\n<tr>\n<td>187<\/td>\n<td>34<\/td>\n<td>1805<\/td>\n<td>8024<\/td>\n<td>0.75<\/td>\n<td>205<\/td>\n<\/tr>\n<tr>\n<td rowspan=\"3\">10<\/td>\n<td>140<\/td>\n<td>22<\/td>\n<td>1987<\/td>\n<td>7124<\/td>\n<td>0.37<\/td>\n<td>180<\/td>\n<\/tr>\n<tr>\n<td>140<\/td>\n<td>32<\/td>\n<td>1987<\/td>\n<td>7134<\/td>\n<td>0.55<\/td>\n<td>180<\/td>\n<\/tr>\n<tr>\n<td>140<\/td>\n<td>44<\/td>\n<td>1987<\/td>\n<td>8024<\/td>\n<td>0.75<\/td>\n<td>205<\/td>\n<\/tr>\n<tr>\n<td rowspan=\"3\">12<\/td>\n<td>117<\/td>\n<td>26<\/td>\n<td>2016<\/td>\n<td>7124<\/td>\n<td>0.37<\/td>\n<td>180<\/td>\n<\/tr>\n<tr>\n<td>117<\/td>\n<td>33<\/td>\n<td>2016<\/td>\n<td>7134<\/td>\n<td>0.55<\/td>\n<td>205<\/td>\n<\/tr>\n<tr>\n<td>117<\/td>\n<td>48<\/td>\n<td>2016<\/td>\n<td>8024<\/td>\n<td>0.75<\/td>\n<td>205<\/td>\n<\/tr>\n<tr>\n<td rowspan=\"3\">15<\/td>\n<td>93<\/td>\n<td>31<\/td>\n<td>2274<\/td>\n<td>7124<\/td>\n<td>0.37<\/td>\n<td>180<\/td>\n<\/tr>\n<tr>\n<td>93<\/td>\n<td>46<\/td>\n<td>2274<\/td>\n<td>7134<\/td>\n<td>0.55<\/td>\n<td>180<\/td>\n<\/tr>\n<tr>\n<td>93<\/td>\n<td>63<\/td>\n<td>2274<\/td>\n<td>8024<\/td>\n<td>0.75<\/td>\n<td>205<\/td>\n<\/tr>\n<tr>\n<td rowspan=\"4\">20<\/td>\n<td>70<\/td>\n<td>27<\/td>\n<td>2503<\/td>\n<td>7114<\/td>\n<td>0.25<\/td>\n<td>180<\/td>\n<\/tr>\n<tr>\n<td>70<\/td>\n<td>40<\/td>\n<td>2503<\/td>\n<td>7124<\/td>\n<td>0.37<\/td>\n<td>180<\/td>\n<\/tr>\n<tr>\n<td>70<\/td>\n<td>59<\/td>\n<td>2503<\/td>\n<td>7134<\/td>\n<td>0.55<\/td>\n<td>180<\/td>\n<\/tr>\n<tr>\n<td>70<\/td>\n<td>81<\/td>\n<td>2503<\/td>\n<td>8024<\/td>\n<td>0.75<\/td>\n<td>205<\/td>\n<\/tr>\n<tr>\n<td rowspan=\"3\">25<\/td>\n<td>56<\/td>\n<td>32<\/td>\n<td>2696<\/td>\n<td>7114<\/td>\n<td>0.25<\/td>\n<td>180<\/td>\n<\/tr>\n<tr>\n<td>56<\/td>\n<td>48<\/td>\n<td>2696<\/td>\n<td>7124<\/td>\n<td>0.37<\/td>\n<td>180<\/td>\n<\/tr>\n<tr>\n<td>56<\/td>\n<td>71<\/td>\n<td>2696<\/td>\n<td>7134<\/td>\n<td>0.55<\/td>\n<td>180<\/td>\n<\/tr>\n<tr>\n<td rowspan=\"3\">30<\/td>\n<td>47<\/td>\n<td>37<\/td>\n<td>2865<\/td>\n<td>7114<\/td>\n<td>0.25<\/td>\n<td>180<\/td>\n<\/tr>\n<tr>\n<td>47<\/td>\n<td>55<\/td>\n<td>2865<\/td>\n<td>7124<\/td>\n<td>0.37<\/td>\n<td>180<\/td>\n<\/tr>\n<tr>\n<td>47<\/td>\n<td>81<\/td>\n<td>2865<\/td>\n<td>7134<\/td>\n<td>0.55<\/td>\n<td>180<\/td>\n<\/tr>\n<tr>\n<td rowspan=\"3\">40<\/td>\n<td>35<\/td>\n<td>33<\/td>\n<td>3153<\/td>\n<td>7114<\/td>\n<td>0.25<\/td>\n<td>180<\/td>\n<\/tr>\n<tr>\n<td>35<\/td>\n<td>46<\/td>\n<td>3153<\/td>\n<td>7124<\/td>\n<td>0.37<\/td>\n<td>180<\/td>\n<\/tr>\n<tr>\n<td>35<\/td>\n<td>68<\/td>\n<td>3153<\/td>\n<td>7134<\/td>\n<td>0.55<\/td>\n<td>180<\/td>\n<\/tr>\n<tr>\n<td rowspan=\"3\">50<\/td>\n<td>28<\/td>\n<td>54<\/td>\n<td>3397<\/td>\n<td>7114<\/td>\n<td>0.25<\/td>\n<td>180<\/td>\n<\/tr>\n<tr>\n<td>28<\/td>\n<td>72<\/td>\n<td>3397<\/td>\n<td>7124<\/td>\n<td>0.37<\/td>\n<td>180<\/td>\n<\/tr>\n<tr>\n<td>28<\/td>\n<td>80<\/td>\n<td>3397<\/td>\n<td>7134<\/td>\n<td>0.55<\/td>\n<td>180<\/td>\n<\/tr>\n<tr>\n<td rowspan=\"3\">52<\/td>\n<td>27<\/td>\n<td>55<\/td>\n<td>3482<\/td>\n<td>7114<\/td>\n<td>0.25<\/td>\n<td>180<\/td>\n<\/tr>\n<tr>\n<td>27<\/td>\n<td>73<\/td>\n<td>3482<\/td>\n<td>7124<\/td>\n<td>0.37<\/td>\n<td>180<\/td>\n<\/tr>\n<tr>\n<td>27<\/td>\n<td>82<\/td>\n<td>3482<\/td>\n<td>7134<\/td>\n<td>0.55<\/td>\n<td>180<\/td>\n<\/tr>\n<tr>\n<td rowspan=\"3\">60<\/td>\n<td>23<\/td>\n<td>60<\/td>\n<td>3610<\/td>\n<td>7114<\/td>\n<td>0.25<\/td>\n<td>180<\/td>\n<\/tr>\n<tr>\n<td>23<\/td>\n<td>75<\/td>\n<td>3610<\/td>\n<td>7124<\/td>\n<td>0.37<\/td>\n<td>180<\/td>\n<\/tr>\n<tr>\n<td>23<\/td>\n<td>84<\/td>\n<td>3610<\/td>\n<td>7134<\/td>\n<td>0.55<\/td>\n<td>180<\/td>\n<\/tr>\n<tr>\n<td rowspan=\"3\">80<\/td>\n<td>18<\/td>\n<td>64<\/td>\n<td>3973<\/td>\n<td>7114<\/td>\n<td>0.25<\/td>\n<td>180<\/td>\n<\/tr>\n<tr>\n<td>18<\/td>\n<td>77<\/td>\n<td>3973<\/td>\n<td>7124<\/td>\n<td>0.37<\/td>\n<td>180<\/td>\n<\/tr>\n<tr>\n<td>18<\/td>\n<td>89<\/td>\n<td>3973<\/td>\n<td>7134<\/td>\n<td>0.55<\/td>\n<td>180<\/td>\n<\/tr>\n<tr>\n<td rowspan=\"3\">100<\/td>\n<td>14<\/td>\n<td>68<\/td>\n<td>4280<\/td>\n<td>7114<\/td>\n<td>0.25<\/td>\n<td>180<\/td>\n<\/tr>\n<tr>\n<td>14<\/td>\n<td>79<\/td>\n<td>4280<\/td>\n<td>7124<\/td>\n<td>0.37<\/td>\n<td>180<\/td>\n<\/tr>\n<tr>\n<td>14<\/td>\n<td>93<\/td>\n<td>4280<\/td>\n<td>7134<\/td>\n<td>0.55<\/td>\n<td>180<\/td>\n<\/tr>\n<\/tbody>\n<\/table>\n<p><img loading=\"lazy\" decoding=\"async\" class=\"alignnone wp-image-4913\" src=\"https:\/\/fmp-components.com\/wp-content\/uploads\/2025\/01\/Car-Wash-Machine-Gearmotor.webp\" alt=\"Araba Y\u0131kama Makinesi Red\u00fckt\u00f6rl\u00fc Motor\" width=\"937\" height=\"623\" title=\"\"><\/p>\n<h2>Araba Y\u0131kama Makinesi Hakk\u0131nda<\/h2>\n<p>Ara\u00e7 y\u0131kama makinesi, ara\u00e7lar\u0131 y\u0131kamak i\u00e7in f\u0131r\u00e7alar\u0131 ve y\u00fcksek bas\u0131n\u00e7l\u0131 suyu \u00e7al\u0131\u015ft\u0131rmak \u00fczere bilgisayar kontrol\u00fc kullanan otomatik bir cihazd\u0131r. Bir ara\u00e7 sahibi olarak, bir oto y\u0131kama tesisini ziyaret etti\u011finizde, yatay f\u0131r\u00e7alar, dikey f\u0131r\u00e7alar ve tekerlek f\u0131r\u00e7alar\u0131 dahil olmak \u00fczere \u00e7e\u015fitli iletim sistemlerini fark edeceksiniz. Manuel m\u00fcdahale gerektirmeyen bu sistemler, ara\u00e7 y\u0131kama makinesinin red\u00fckt\u00f6r\u00fc taraf\u0131ndan \u00e7al\u0131\u015ft\u0131r\u0131l\u0131r. Red\u00fckt\u00f6r, motorun h\u0131z\u0131n\u0131 d\u00fc\u015f\u00fcrerek ve su p\u00fcsk\u00fcrtme ve d\u00f6nen f\u0131r\u00e7a sistemlerine sabit g\u00fc\u00e7 sa\u011flayarak ara\u00e7 y\u0131kama ekipman\u0131nda \u00e7ok \u00f6nemli bir rol oynar. Bu, ara\u00e7 y\u0131kama bile\u015fenlerinin verimli \u00e7al\u0131\u015fmas\u0131 i\u00e7in do\u011fru h\u0131z ve torkun sa\u011flanmas\u0131n\u0131 garanti ederek, \u00e7e\u015fitli ortamlarda istikrarl\u0131 performans ve etkili temizlik sa\u011flar.<\/p>\n<table style=\"border-collapse: collapse; width: 101.172%; height: 5px;\" border=\"0\" width=\"160\" cellspacing=\"0\" cellpadding=\"0\">\n<tbody>\n<tr style=\"height: 14.40pt;\">\n<td style=\"height: 14.4pt; width: 51.282%;\" align=\"right\" width=\"80\" height=\"24\"><img loading=\"lazy\" decoding=\"async\" class=\"alignnone size-full wp-image-4911\" src=\"https:\/\/fmp-components.com\/wp-content\/uploads\/2025\/01\/Car-Wash-Machine-Gearmotor-2.webp\" alt=\"Araba Y\u0131kama Makinesi Di\u015fli Motoru-2\" width=\"926\" height=\"626\" title=\"\" srcset=\"https:\/\/fmp-components.com\/wp-content\/uploads\/2025\/01\/Car-Wash-Machine-Gearmotor-2.webp 926w, https:\/\/fmp-components.com\/wp-content\/uploads\/2025\/01\/Car-Wash-Machine-Gearmotor-2-480x324.webp 480w\" sizes=\"(min-width: 0px) and (max-width: 480px) 480px, (min-width: 481px) 926px, 100vw\" \/><\/td>\n<td style=\"width: 48.718%;\" align=\"right\" width=\"80\"><img loading=\"lazy\" decoding=\"async\" class=\"alignnone size-full wp-image-4912\" src=\"https:\/\/fmp-components.com\/wp-content\/uploads\/2025\/01\/Car-Wash-Machine-Gearmotor-1.webp\" alt=\"Araba Y\u0131kama Makinesi Di\u015fli Motoru-1\" width=\"919\" height=\"655\" title=\"\" srcset=\"https:\/\/fmp-components.com\/wp-content\/uploads\/2025\/01\/Car-Wash-Machine-Gearmotor-1.webp 919w, https:\/\/fmp-components.com\/wp-content\/uploads\/2025\/01\/Car-Wash-Machine-Gearmotor-1-480x342.webp 480w\" sizes=\"(min-width: 0px) and (max-width: 480px) 480px, (min-width: 481px) 919px, 100vw\" \/><\/td>\n<\/tr>\n<\/tbody>\n<\/table>\n<p><strong>Otomatik Tamburlu Araba Y\u0131kama Makineleri<\/strong>Bu geli\u015fmi\u015f y\u0131kama makineleri, arac\u0131 iyice temizlemek i\u00e7in b\u00fcy\u00fck, d\u00f6nen f\u0131r\u00e7alar kullan\u0131r. Optimum performans sa\u011flamak i\u00e7in, f\u0131r\u00e7alar\u0131 tahrik etmek \u00fczere bir sonsuz di\u015fli red\u00fckt\u00f6r\u00fc kullan\u0131l\u0131r; bu da f\u0131r\u00e7alar\u0131n, arac\u0131n y\u00fczeyinden kir ve d\u00f6k\u00fcnt\u00fcleri temizlemek i\u00e7in ideal h\u0131zda d\u00f6nmesini sa\u011flar.<\/p>\n<p><strong>T\u00fcnel Ara\u00e7 Y\u0131kama Sistemleri<\/strong>Bu sistemlerde, ara\u00e7lar geli\u015fmi\u015f temizleme ve cilalama makineleriyle donat\u0131lm\u0131\u015f sabit bir t\u00fcnelden ge\u00e7er. Sistem i\u00e7indeki d\u00f6nen f\u0131r\u00e7alar\u0131 veya silindirleri \u00e7al\u0131\u015ft\u0131rmak i\u00e7in genellikle sonsuz di\u015fli motorlar kullan\u0131l\u0131r ve bu da tutarl\u0131 temizlik i\u00e7in g\u00fcvenilir g\u00fc\u00e7 \u00e7\u0131k\u0131\u015f\u0131 sa\u011flar.<\/p>\n<p><strong>Temasl\u0131 ve Temass\u0131z Ara\u00e7 Y\u0131kama Sistemleri<\/strong>Modern oto y\u0131kama sistemleri, farkl\u0131 tercihlere uygun olarak hem temasl\u0131 hem de temass\u0131z se\u00e7enekler sunmaktad\u0131r. Temasl\u0131 sistemlerde, d\u00f6nen f\u0131r\u00e7alar arac\u0131n y\u00fczeyine fiziksel olarak temas ederek temizlik sa\u011flar. Temass\u0131z sistemler ise y\u00fcksek bas\u0131n\u00e7l\u0131 su jetleri kullanarak arac\u0131 temizler. Temasl\u0131 sistemlerdeki sonsuz di\u015fli kutusu, f\u0131r\u00e7a h\u0131z\u0131 ve bas\u0131nc\u0131 \u00fczerinde hassas kontrol sa\u011flayarak, arac\u0131n boyas\u0131na zarar vermeden etkili temizlik sa\u011flar.<\/p>\n<p><img loading=\"lazy\" decoding=\"async\" class=\"alignnone size-full wp-image-4919\" src=\"https:\/\/fmp-components.com\/wp-content\/uploads\/2025\/01\/Leisuwash-360-Longitudinal-drive-system.webp\" alt=\"tahrik sistemi\" width=\"900\" height=\"600\" title=\"\" srcset=\"https:\/\/fmp-components.com\/wp-content\/uploads\/2025\/01\/Leisuwash-360-Longitudinal-drive-system.webp 900w, https:\/\/fmp-components.com\/wp-content\/uploads\/2025\/01\/Leisuwash-360-Longitudinal-drive-system-480x320.webp 480w\" sizes=\"(min-width: 0px) and (max-width: 480px) 480px, (min-width: 481px) 900px, 100vw\" \/><\/p>\n<h2>Otomatik oto y\u0131kama makinelerinin di\u015fli motorlar\u0131 nas\u0131l \u00e7al\u0131\u015f\u0131r?<\/h2>\n<p>Otomatik oto y\u0131kama sistemlerinin \u00e7al\u0131\u015fmas\u0131nda, otomatik oto y\u0131kama di\u015fli motorlar\u0131 temel bile\u015fenlerdir. F\u0131r\u00e7alar, konvey\u00f6rler ve p\u00fcsk\u00fcrtme sistemleri gibi y\u0131kama i\u015fleminde yer alan \u00e7e\u015fitli par\u00e7alar\u0131n hareket etmesi i\u00e7in gerekli g\u00fcc\u00fc sa\u011flarlar. Tasar\u0131mlar farkl\u0131l\u0131k g\u00f6sterebilse de, otomatik oto y\u0131kama di\u015fli motorlar\u0131n\u0131n nas\u0131l \u00e7al\u0131\u015ft\u0131\u011f\u0131na dair genel bir bak\u0131\u015f a\u015fa\u011f\u0131da verilmi\u015ftir:<\/p>\n<ol>\n<li><strong>Motor<\/strong>Di\u015fli motor, birincil g\u00fc\u00e7 kayna\u011f\u0131 olarak elektrik motoru kullan\u0131r. Genellikle, ticari oto y\u0131kama tesislerinde AC motor veya daha k\u00fc\u00e7\u00fck veya ta\u015f\u0131nabilir sistemlerde DC motor kullan\u0131l\u0131r.<\/li>\n<li><strong>Vites kutusu<\/strong>Motor, y\u00fcksek h\u0131zl\u0131 d\u00f6n\u00fc\u015f\u00fcn\u00fc daha d\u00fc\u015f\u00fck bir h\u0131za ve daha y\u00fcksek torka d\u00fc\u015f\u00fcren bir di\u015fli kutusuna ba\u011fl\u0131d\u0131r. Di\u015fli kutusu, tasar\u0131ma ba\u011fl\u0131 olarak sonsuz di\u015fliler, planet di\u015fliler veya d\u00fcz di\u015fliler gibi \u00e7e\u015fitli di\u015fliler i\u00e7erir. Bu di\u015fliler, istenen h\u0131z ve tork d\u00f6n\u00fc\u015f\u00fcm\u00fcn\u00fc sa\u011flamak i\u00e7in birlikte \u00e7al\u0131\u015f\u0131r.<\/li>\n<li><strong>G\u00fc\u00e7 Aktar\u0131m\u0131<\/strong>\u015eanz\u0131man\u0131n \u00e7\u0131k\u0131\u015f mili, oto y\u0131kama sisteminin tasar\u0131m\u0131na ba\u011fl\u0131 olarak kay\u0131\u015flar, zincirler veya do\u011frudan ba\u011flant\u0131 sistemine ba\u011flan\u0131r. Bu aktar\u0131m sistemi, d\u00f6nme hareketini di\u015fli motordan f\u0131r\u00e7alar ve konvey\u00f6r bantlar\u0131 gibi hareket etmesi gereken bile\u015fenlere iletir.<\/li>\n<li><strong>Kontrol Sistemi<\/strong>: Di\u015fli motor, oto y\u0131kama tesisinin \u00e7al\u0131\u015fmas\u0131n\u0131 y\u00f6neten merkezi bir kontrol sistemi taraf\u0131ndan kontrol edilir. Kontrol sistemi, sens\u00f6rlerden, anahtarlardan veya otomatik tetikleyicilerden gelen girdileri al\u0131r ve do\u011fru zamanda belirli i\u015flemleri ba\u015flatmak i\u00e7in di\u015fli motora sinyaller g\u00f6nderir. \u00d6rne\u011fin, bir ara\u00e7 oto y\u0131kama tesisine girdi\u011finde, sistem konvey\u00f6r\u00fc \u00e7al\u0131\u015ft\u0131rmak veya f\u0131r\u00e7alar\u0131 etkinle\u015ftirmek i\u00e7in motoru tetikleyebilir.<\/li>\n<li><strong>G\u00fcvenlik \u00d6zellikleri<\/strong>Otomatik ara\u00e7 y\u0131kama makinelerinin motorlar\u0131nda genellikle hasar\u0131 veya kazalar\u0131 \u00f6nlemek i\u00e7in g\u00fcvenlik \u00f6zellikleri bulunur. Bunlar aras\u0131nda engelleri veya a\u015f\u0131r\u0131 kuvveti alg\u0131layan limit anahtarlar\u0131 veya sens\u00f6rler, acil durdurma d\u00fc\u011fmeleri ve a\u015f\u0131r\u0131 y\u00fck koruma mekanizmalar\u0131 yer alabilir. Bu g\u00fcvenlik fonksiyonlar\u0131, motorun g\u00fcvenli parametreler i\u00e7inde \u00e7al\u0131\u015fmas\u0131n\u0131 ve hem ekipman\u0131 hem de y\u0131kanan arac\u0131 korumas\u0131n\u0131 sa\u011flar.<\/li>\n<\/ol>\n<p>Motorun g\u00fcc\u00fcn\u00fc, \u015fanz\u0131man\u0131n h\u0131z d\u00fc\u015f\u00fcrme \u00f6zelli\u011fini ve kontroll\u00fc g\u00fc\u00e7 aktar\u0131m\u0131n\u0131 birle\u015ftirerek, otomatik ara\u00e7 y\u0131kama di\u015fli motoru \u00e7e\u015fitli bile\u015fenlerin hareketini senkronize eder ve verimli bir y\u0131kama s\u00fcreci sa\u011flar.<\/p>\n<p>FMP taraf\u0131ndan oto y\u0131kama makineleri i\u00e7in geli\u015ftirilen ve \u00fcretilen di\u015fli red\u00fckt\u00f6rler, g\u00fcn\u00fcm\u00fcz\u00fcn yayg\u0131n oto y\u0131kama ekipmanlar\u0131nda kullan\u0131lmak \u00fczere \u00f6zel olarak tasarlanm\u0131\u015ft\u0131r. Kolay kurulum, d\u00fc\u015f\u00fck g\u00fcr\u00fclt\u00fc seviyesi, uzun \u00f6m\u00fcr ve m\u00fckemmel koruma \u00f6zelliklerine sahiptirler. Su ge\u00e7irmez di\u015fli red\u00fckt\u00f6rler, geleneksel sonsuz di\u015fli red\u00fckt\u00f6rlere g\u00f6re daha y\u00fcksek bir koruma seviyesi sa\u011flar ve modern oto y\u0131kama end\u00fcstrisi i\u00e7in \u00f6zel olarak \u00fcretilmi\u015ftir.<\/p>\n<table style=\"border-collapse: collapse; width: 102.375%; height: 19px;\" border=\"0\" width=\"160\" cellspacing=\"0\" cellpadding=\"0\">\n<tbody>\n<tr style=\"height: 14.40pt;\">\n<td style=\"height: 14.40pt; width: 48.00pt;\" align=\"right\" width=\"80\" height=\"24\"><img loading=\"lazy\" decoding=\"async\" class=\"alignnone size-full wp-image-4921\" src=\"https:\/\/fmp-components.com\/wp-content\/uploads\/2025\/01\/Car-Wash-Machine-Gearmotor-8.webp\" alt=\"Araba Y\u0131kama Makinesi Di\u015fli Motoru-8\" width=\"751\" height=\"580\" title=\"\" srcset=\"https:\/\/fmp-components.com\/wp-content\/uploads\/2025\/01\/Car-Wash-Machine-Gearmotor-8.webp 751w, https:\/\/fmp-components.com\/wp-content\/uploads\/2025\/01\/Car-Wash-Machine-Gearmotor-8-480x371.webp 480w\" sizes=\"(min-width: 0px) and (max-width: 480px) 480px, (min-width: 481px) 751px, 100vw\" \/><\/td>\n<td style=\"width: 48.00pt;\" align=\"right\" width=\"80\"><img loading=\"lazy\" decoding=\"async\" class=\"alignnone wp-image-4920\" src=\"https:\/\/fmp-components.com\/wp-content\/uploads\/2025\/01\/Car-Wash-Machine-Gearmotor-6.webp\" alt=\"Araba Y\u0131kama Makinesi Red\u00fckt\u00f6rl\u00fc Motor\" width=\"944\" height=\"944\" title=\"\" srcset=\"https:\/\/fmp-components.com\/wp-content\/uploads\/2025\/01\/Car-Wash-Machine-Gearmotor-6.webp 944w, https:\/\/fmp-components.com\/wp-content\/uploads\/2025\/01\/Car-Wash-Machine-Gearmotor-6-480x480.webp 480w\" sizes=\"(min-width: 0px) and (max-width: 480px) 480px, (min-width: 481px) 944px, 100vw\" \/><\/td>\n<\/tr>\n<\/tbody>\n<\/table>\n<h2>FMP taraf\u0131ndan \u00fcretilen oto y\u0131kama makinesi red\u00fckt\u00f6r\u00fcn\u00fcn performans ve avantajlar\u0131 \u015funlard\u0131r:<\/h2>\n<p>\u00d6zel motor konfig\u00fcrasyonlar\u0131; 0,25 kW, 0,37 kW, 0,55 kW, 0,75 kW ve 2,2 kW g\u00fc\u00e7 se\u00e7enekleri vb.<\/p>\n<p>M\u00fc\u015fteri ihtiya\u00e7lar\u0131na g\u00f6re \u00e7e\u015fitli flan\u015f tipleri se\u00e7ilebilir;<\/p>\n<p>Her mod\u00fcl mod\u00fcler bir tasar\u0131ma sahiptir ve par\u00e7alar\u0131 daha evrenseldir;<\/p>\n<p>H\u0131z oran\u0131 aral\u0131\u011f\u0131 geni\u015ftir ve genel modellere g\u00f6re daha fazla h\u0131z oran\u0131 se\u00e7ene\u011fi sunar;<\/p>\n<p>\u00c7\u0131k\u0131\u015f ucu, kullan\u0131m s\u0131ras\u0131nda paslanmamas\u0131n\u0131 sa\u011flamak i\u00e7in 304 paslanmaz \u00e7elikten yap\u0131lm\u0131\u015ft\u0131r;<\/p>\n<p>G\u00f6vde yap\u0131s\u0131 kompaktt\u0131r ve \u00e7e\u015fitli ortamlara kurulumu kolayd\u0131r;<\/p>\n<p>\u00d6zel tam sentetik ya\u011flay\u0131c\u0131, \u00f6m\u00fcr boyu ya\u011f de\u011fi\u015ftirme ihtiyac\u0131 yok;<\/p>\n<p>G\u00f6vde y\u00fczeyi, iyi korozyon direncine sahip, g\u00fczel ve kullan\u0131\u015fl\u0131 bir plastik kaplama ile kaplanm\u0131\u015ft\u0131r;<\/p>\n<p>Giri\u015f ve \u00e7\u0131k\u0131\u015f u\u00e7lar\u0131, s\u0131zd\u0131rmazl\u0131k performans\u0131n\u0131 sa\u011flamak i\u00e7in ya\u011f ke\u00e7eleriyle kapat\u0131lm\u0131\u015ft\u0131r;<\/p>\n<p>Sonsuz di\u015fli \u00e7ark\u0131 a\u015f\u0131nmaya dayan\u0131kl\u0131 kalay bronzdan yap\u0131lm\u0131\u015ft\u0131r ve sonsuz vida y\u00fcksek sertli\u011fe sahip olacak \u015fekilde karbonlama ve sertle\u015ftirme i\u015flemine tabi tutulmu\u015ftur;<\/p>\n<p>Koruma seviyesi IP67 olup, \u00e7e\u015fitli i\u00e7 ve d\u0131\u015f mekan kullan\u0131m senaryolar\u0131nda ve zorlu \u00e7al\u0131\u015fma ortamlar\u0131nda kullan\u0131labilir;<\/p>\n<p><img loading=\"lazy\" decoding=\"async\" class=\"alignnone  wp-image-4931\" src=\"https:\/\/fmp-components.com\/wp-content\/uploads\/2025\/01\/Car-Wash-Machine-Gearmotor-10.webp\" alt=\"Araba Y\u0131kama Makinesi Red\u00fckt\u00f6rl\u00fc Motor\" width=\"943\" height=\"856\" title=\"\" srcset=\"https:\/\/fmp-components.com\/wp-content\/uploads\/2025\/01\/Car-Wash-Machine-Gearmotor-10.webp 943w, https:\/\/fmp-components.com\/wp-content\/uploads\/2025\/01\/Car-Wash-Machine-Gearmotor-10-480x436.webp 480w\" sizes=\"(min-width: 0px) and (max-width: 480px) 480px, (min-width: 481px) 943px, 100vw\" \/><\/p>\n<p><img loading=\"lazy\" decoding=\"async\" class=\"alignnone wp-image-4930\" src=\"https:\/\/fmp-components.com\/wp-content\/uploads\/2025\/01\/Car-Wash-Machine-Gearmotor-9.webp\" alt=\"Araba Y\u0131kama Makinesi Red\u00fckt\u00f6rl\u00fc Motor\" width=\"944\" height=\"985\" title=\"\" srcset=\"https:\/\/fmp-components.com\/wp-content\/uploads\/2025\/01\/Car-Wash-Machine-Gearmotor-9.webp 944w, https:\/\/fmp-components.com\/wp-content\/uploads\/2025\/01\/Car-Wash-Machine-Gearmotor-9-480x501.webp 480w\" sizes=\"(min-width: 0px) and (max-width: 480px) 480px, (min-width: 481px) 944px, 100vw\" \/><\/p>","protected":false},"excerpt":{"rendered":"<p>Specifications of XRV050 Car Washer Worm Gear Reducer Type Ratio Flange Power XRV050 5\u00a0\u00a0\u00a0\u00a0 7.5\u00a0 10\u00a0\u00a0\u00a0\u00a0 12\u00a0 15\u00a0\u00a0\u00a0\u00a0 20\u00a0 30\u00a0\u00a0\u00a0\u00a0 40\u00a0 50\u00a0\u00a0\u00a0\u00a0 60\u00a0 80\u00a0\u00a0\u00a0 100 71B14 0.18KW\u00a0\u00a0\u00a0\u00a0 0.25KW\u00a0\u00a0\u00a0 0.37KW\u00a0\u00a0\u00a0 0.55KW\u00a0\u00a0\u00a0 0.75KW\u00a0\u00a0\u00a0\u00a0 1.1KW 80B14 Type i n2\/r\/min Mn2\/Nm Fr2\/N Motor P1\/kw L\/mm XRV050 5 280 17 1577 7134 0.55 180 280 23 1577 8024 0.75 205 [&hellip;]<\/p>","protected":false},"featured_media":4914,"comment_status":"open","ping_status":"closed","template":"","meta":{"_et_pb_use_builder":"","_et_pb_old_content":"","_et_gb_content_width":""},"product_brand":[],"product_cat":[93],"product_tag":[],"class_list":{"0":"post-4909","1":"product","2":"type-product","3":"status-publish","4":"has-post-thumbnail","6":"product_cat-car-wash-machine-gearmotor","8":"first","9":"instock","10":"shipping-taxable","11":"product-type-simple"},"_links":{"self":[{"href":"https:\/\/fmp-components.com\/tr\/wp-json\/wp\/v2\/product\/4909","targetHints":{"allow":["GET"]}}],"collection":[{"href":"https:\/\/fmp-components.com\/tr\/wp-json\/wp\/v2\/product"}],"about":[{"href":"https:\/\/fmp-components.com\/tr\/wp-json\/wp\/v2\/types\/product"}],"replies":[{"embeddable":true,"href":"https:\/\/fmp-components.com\/tr\/wp-json\/wp\/v2\/comments?post=4909"}],"wp:featuredmedia":[{"embeddable":true,"href":"https:\/\/fmp-components.com\/tr\/wp-json\/wp\/v2\/media\/4914"}],"wp:attachment":[{"href":"https:\/\/fmp-components.com\/tr\/wp-json\/wp\/v2\/media?parent=4909"}],"wp:term":[{"taxonomy":"product_brand","embeddable":true,"href":"https:\/\/fmp-components.com\/tr\/wp-json\/wp\/v2\/product_brand?post=4909"},{"taxonomy":"product_cat","embeddable":true,"href":"https:\/\/fmp-components.com\/tr\/wp-json\/wp\/v2\/product_cat?post=4909"},{"taxonomy":"product_tag","embeddable":true,"href":"https:\/\/fmp-components.com\/tr\/wp-json\/wp\/v2\/product_tag?post=4909"}],"curies":[{"name":"wp","href":"https:\/\/api.w.org\/{rel}","templated":true}]}}