{"id":4777,"date":"2025-01-20T08:49:32","date_gmt":"2025-01-20T08:49:32","guid":{"rendered":"https:\/\/fmp-components.com\/?page_id=8"},"modified":"2025-01-20T08:53:40","modified_gmt":"2025-01-20T08:53:40","slug":"curved-rack-and-pinion-gear","status":"publish","type":"product","link":"https:\/\/fmp-components.com\/tr\/product\/curved-rack-and-pinion-gear\/","title":{"rendered":"Kavisli Kremayer ve Pinyon Di\u015flisi"},"content":{"rendered":"<h2>Kavisli Kremayer ve Pinyon Di\u015flilerinin \u00d6zellikleri<\/h2>\n<p>Robot i\u00e7in Hassas \u0130\u015fleme Paslanmaz \u00c7elik Kavisli Raf ve Pinyon Di\u015flisi<\/p>\n<table class=\"table\" border=\"1\" width=\"100%\" cellspacing=\"0\" cellpadding=\"0\">\n<tbody>\n<tr class=\"firstRow\">\n<td><strong>Model Numaras\u0131<\/strong><\/td>\n<td>M1,M1.5,M2,M2.5,M3,M4,M5,M8,M12 vb.<\/td>\n<\/tr>\n<tr>\n<td><strong>Malzeme<\/strong><\/td>\n<td>Pirin\u00e7, C45 \u00e7elik, Paslanmaz \u00e7elik, Bak\u0131r, POM, Al\u00fcminyum, Ala\u015f\u0131m vb.<\/td>\n<\/tr>\n<tr>\n<td><strong>Y\u00fczey i\u015fleme<\/strong><\/td>\n<td>\u00c7inko kaplama, Nikel kaplama, Pasivasyon, Oksidasyon, Anodizasyon, Geomet, Dakromet, Siyah Oksit, Fosfatlama, Toz Boya ve Elektroforez.<\/td>\n<\/tr>\n<tr>\n<td><strong>Standart<\/strong><\/td>\n<td>ISO, DIN, ANSI, JIS, BS ve Standart d\u0131\u015f\u0131.<\/td>\n<\/tr>\n<tr>\n<td><strong>Kesinlik<\/strong><\/td>\n<td>DIN6,DIN7,DIN8,DIN9.<\/td>\n<\/tr>\n<tr>\n<td><strong>Di\u015f tedavisi<\/strong><\/td>\n<td>Sertle\u015ftirilmi\u015f, Frezelenmi\u015f veya Zeminlenmi\u015f<\/td>\n<\/tr>\n<tr>\n<td><strong>Ho\u015fg\u00f6r\u00fc<\/strong><\/td>\n<td>0,001 mm-0,01 mm-0,1 mm<\/td>\n<\/tr>\n<tr>\n<td><strong>Sona ermek<\/strong><\/td>\n<td>kumlama\/kum p\u00fcsk\u00fcrtme, \u0131s\u0131l i\u015flem, tavlama, temperleme, parlatma, eloksallama, \u00e7inko kaplama<\/td>\n<\/tr>\n<tr>\n<td><strong>\u00d6\u011felerin paketlenmesi<\/strong><\/td>\n<td>Plastik torba + Karton veya Ah\u015fap Ambalaj<\/td>\n<\/tr>\n<tr>\n<td><strong>\u00d6deme ko\u015fullar\u0131<\/strong><\/td>\n<td>T\/T, L\/C<\/td>\n<\/tr>\n<tr>\n<td><strong>\u00d6rnekler<\/strong><\/td>\n<td>\u00d6rnek fiyat aral\u0131\u011f\u0131 $2 ile $100 aras\u0131ndad\u0131r. \u00d6rnek ekspres talebi m\u00fc\u015fteriler taraf\u0131ndan \u00f6denir<\/td>\n<\/tr>\n<tr>\n<td><strong>Ba\u015fvuru<\/strong><\/td>\n<td>1. Otomatik kontrol makinesi 2. Yar\u0131 iletken end\u00fcstrisi 3. Genel sanayi makineleri 4. T\u0131bbi ekipman 5. G\u00fcne\u015f enerjisi ekipman\u0131 6. Tak\u0131m tezgah\u0131 7. Park sistemi 8. Y\u00fcksek h\u0131zl\u0131 tren ve havac\u0131l\u0131k ula\u015f\u0131m ekipmanlar\u0131 vb.<\/td>\n<\/tr>\n<\/tbody>\n<\/table>\n<p>Yayl\u0131 veya kavisli di\u015fli kremayer ve pinyon malzeme se\u00e7imi bilimsel ve makuld\u00fcr. Projenin ger\u00e7ek kullan\u0131m ortam\u0131 tamamen dikkate al\u0131n\u0131r ve iyi bir a\u015f\u0131nma direncine sahiptir. Kavisli di\u015fli kremayer, \u00f6zel kullan\u0131m ortam\u0131n\u0131 ve malzemenin ak\u0131\u015f \u00f6zelliklerini de\u011ferlendirir ve se\u00e7imden sonra bunlar\u0131 i\u015fler. Kavisli di\u015fli kremayer ve pinyonlar ise sertle\u015ftirme i\u015fleminden sonra a\u015f\u0131nma direncine ve stabiliteye sahiptir.<\/p>","protected":false},"excerpt":{"rendered":"<p>Specification of Curved Rack and Pinion Gears Precision Machining Stainless Steel Curved Rack and Pinion Gear for Robot Model Number M1,M1.5,M2,M2.5,M3,M4,M5,M8,M12 etc. Material Brass, \u00a0 C45 steel, Stainless steel, Copper, POM, Aluminum, Alloy, and so on Surface treatment Zinc-plated, Nickel plated, Passivation, Oxidation, Anodization,\u00a0 \u00a0 Geomet, Dacromet, Black Oxide, Phosphatizing, Powder Coating, and \u00a0 Electrophoresis. [&hellip;]<\/p>","protected":false},"featured_media":4778,"comment_status":"open","ping_status":"closed","template":"","meta":{"_et_pb_use_builder":"","_et_pb_old_content":"","_et_gb_content_width":""},"product_brand":[],"product_cat":[91],"product_tag":[],"class_list":{"0":"post-4777","1":"product","2":"type-product","3":"status-publish","4":"has-post-thumbnail","6":"product_cat-gear-racks","8":"first","9":"instock","10":"shipping-taxable","11":"product-type-simple"},"_links":{"self":[{"href":"https:\/\/fmp-components.com\/tr\/wp-json\/wp\/v2\/product\/4777","targetHints":{"allow":["GET"]}}],"collection":[{"href":"https:\/\/fmp-components.com\/tr\/wp-json\/wp\/v2\/product"}],"about":[{"href":"https:\/\/fmp-components.com\/tr\/wp-json\/wp\/v2\/types\/product"}],"replies":[{"embeddable":true,"href":"https:\/\/fmp-components.com\/tr\/wp-json\/wp\/v2\/comments?post=4777"}],"wp:featuredmedia":[{"embeddable":true,"href":"https:\/\/fmp-components.com\/tr\/wp-json\/wp\/v2\/media\/4778"}],"wp:attachment":[{"href":"https:\/\/fmp-components.com\/tr\/wp-json\/wp\/v2\/media?parent=4777"}],"wp:term":[{"taxonomy":"product_brand","embeddable":true,"href":"https:\/\/fmp-components.com\/tr\/wp-json\/wp\/v2\/product_brand?post=4777"},{"taxonomy":"product_cat","embeddable":true,"href":"https:\/\/fmp-components.com\/tr\/wp-json\/wp\/v2\/product_cat?post=4777"},{"taxonomy":"product_tag","embeddable":true,"href":"https:\/\/fmp-components.com\/tr\/wp-json\/wp\/v2\/product_tag?post=4777"}],"curies":[{"name":"wp","href":"https:\/\/api.w.org\/{rel}","templated":true}]}}