{"id":4763,"date":"2025-01-20T06:18:59","date_gmt":"2025-01-20T06:18:59","guid":{"rendered":"https:\/\/fmp-components.com\/?page_id=8"},"modified":"2025-01-20T06:45:54","modified_gmt":"2025-01-20T06:45:54","slug":"gear-rack-and-pinion","status":"publish","type":"product","link":"https:\/\/fmp-components.com\/tr\/product\/gear-rack-and-pinion\/","title":{"rendered":"Di\u015fli Raf ve Pinyon"},"content":{"rendered":"<table style=\"border-collapse: collapse; width: 101.172%; height: 57px;\" border=\"0\" width=\"128\" cellspacing=\"0\" cellpadding=\"0\">\n<tbody>\n<tr style=\"height: 13.8pt;\">\n<td style=\"height: 13.8pt; width: 48pt;\" align=\"right\" width=\"64\" height=\"18\"><img loading=\"lazy\" decoding=\"async\" class=\"alignnone size-full wp-image-4765\" src=\"https:\/\/fmp-components.com\/wp-content\/uploads\/2025\/01\/Rack-and-Pinion-Gear.webp\" alt=\"Di\u015fli \u00c7ark\" width=\"600\" height=\"600\" title=\"\" srcset=\"https:\/\/fmp-components.com\/wp-content\/uploads\/2025\/01\/Rack-and-Pinion-Gear.webp 600w, https:\/\/fmp-components.com\/wp-content\/uploads\/2025\/01\/Rack-and-Pinion-Gear-480x480.webp 480w\" sizes=\"(min-width: 0px) and (max-width: 480px) 480px, (min-width: 481px) 600px, 100vw\" \/><\/td>\n<td style=\"width: 48pt;\" align=\"right\" width=\"64\"><img loading=\"lazy\" decoding=\"async\" class=\"alignnone size-full wp-image-4766\" src=\"https:\/\/fmp-components.com\/wp-content\/uploads\/2025\/01\/Rack-and-Pinion-Gears.webp\" alt=\"Di\u015fli \u00c7arklar\" width=\"600\" height=\"600\" title=\"\" srcset=\"https:\/\/fmp-components.com\/wp-content\/uploads\/2025\/01\/Rack-and-Pinion-Gears.webp 600w, https:\/\/fmp-components.com\/wp-content\/uploads\/2025\/01\/Rack-and-Pinion-Gears-480x480.webp 480w\" sizes=\"(min-width: 0px) and (max-width: 480px) 480px, (min-width: 481px) 600px, 100vw\" \/><\/td>\n<\/tr>\n<\/tbody>\n<\/table>\n<h2>Kremayer ve Pinyon Di\u015fli Malzemesi<\/h2>\n<p>Di\u015fli \u00e7ark ve kremayerlerin yap\u0131m\u0131nda kullan\u0131lan malzemelerde ise mukavemet, a\u015f\u0131nma direnci ve emicilik dikkate al\u0131n\u0131r. Karbon \u00e7eli\u011fi, di\u015fli \u00e7ark ve kremayer \u00e7eli\u011fi yap\u0131m\u0131nda en yayg\u0131n kullan\u0131lan malzemedir.<\/p>\n<ol>\n<li>Bu malzeme \u00e7o\u011fu ortam ve kullan\u0131m senaryosu i\u00e7in m\u00fckemmeldir.<\/li>\n<li>Di\u015fli \u00e7ark\u0131n ve pinyonun nispeten g\u00fc\u00e7l\u00fc yap\u0131s\u0131, bu malzemeyi etkili k\u0131l\u0131yor.<\/li>\n<li>Ayr\u0131ca, malzeme mukavemeti art\u0131rmak i\u00e7in \u0131s\u0131l i\u015fleme uygundur, di\u015fli veya c\u0131vata deliklerinin a\u00e7\u0131lmas\u0131na olanak tan\u0131r, boyutsal stabilitesini korur ve gerekirse d\u00fczeltilebilir.<\/li>\n<\/ol>\n<table border=\"1\" cellspacing=\"0\" cellpadding=\"0\">\n<tbody>\n<tr>\n<td><b>Al\u00fcminyum<\/b><\/td>\n<td>Al\u00fcminyum, mavimsi, g\u00fcm\u00fc\u015f beyaz\u0131, d\u00f6v\u00fclebilir, b\u00fck\u00fclebilir, hafif, \u00fc\u00e7 de\u011ferlikli, iyi elektriksel ve termal iletkenli\u011fe, y\u00fcksek yans\u0131t\u0131c\u0131l\u0131\u011fa ve oksidasyon direncine sahip metalik bir elementtir. \u00c7elikten daha hafiftir ancak onun kadar g\u00fc\u00e7l\u00fc de\u011fildir.<\/td>\n<\/tr>\n<tr>\n<td><b>Pirin\u00e7<\/b><\/td>\n<td class=\"LtGrey\" valign=\"top\">Pirin\u00e7, iyi mukavemete, y\u00fcksek s\u0131cakl\u0131k s\u00fcnekli\u011fine ve so\u011fuk esnekli\u011fe, elektriksel iletkenli\u011fe, korozyon direncine, ta\u015f\u0131ma \u00f6zelliklerine ve d\u00fc\u015f\u00fck manyetik ge\u00e7irgenli\u011fe sahiptir.<\/td>\n<\/tr>\n<tr>\n<td><b>Bronz\u00a0<\/b><\/td>\n<td class=\"LtGrey\" valign=\"top\">Bronz, ana ala\u015f\u0131m metali olarak bak\u0131r ve kalay, \u00e7inko veya fosfor gibi bir veya daha fazla ba\u015fka metalden olu\u015fan, bak\u0131r bazl\u0131 bir ala\u015f\u0131md\u0131r. Silikon bronz, tipik bir bronz ala\u015f\u0131m\u0131d\u0131r.<\/td>\n<\/tr>\n<tr>\n<td><b>D\u00f6kme demir<\/b><\/td>\n<td class=\"LtGrey\" valign=\"top\">D\u00f6kme demir, y\u00fcksek miktarda karbon i\u00e7eren \u00e7ok dayan\u0131kl\u0131 bir demir ala\u015f\u0131m\u0131d\u0131r. \u00c7e\u015fitleri aras\u0131nda s\u00fcnek d\u00f6kme demir, gri d\u00f6kme demir ve beyaz d\u00f6kme demir bulunur. Kaliteler aras\u0131ndaki farkl\u0131l\u0131klar, bile\u015fim ve i\u015fleme y\u00f6ntemlerindeki farkl\u0131l\u0131klardan kaynaklan\u0131r.<\/td>\n<\/tr>\n<tr>\n<td><b>Karbon \/ Ala\u015f\u0131ml\u0131 \u00c7elik<\/b><\/td>\n<td class=\"LtGrey\" valign=\"top\">\u00c7elik, temel ala\u015f\u0131m bile\u015feni olarak yakla\u015f\u0131k %1,7'ye kadar herhangi bir miktarda karbon i\u00e7eren ticari bir demir t\u00fcr\u00fcd\u00fcr. Bir\u00e7ok karbon ve ala\u015f\u0131ml\u0131 \u00e7elik \u00e7e\u015fidi mevcuttur. Ancak korozyona kar\u015f\u0131 koruma i\u00e7in bir kaplamaya ihtiya\u00e7 duyabilirler.<\/td>\n<\/tr>\n<tr>\n<td><b>Sertle\u015ftirilmi\u015f \u00c7elik<\/b><\/td>\n<td class=\"LtGrey\" valign=\"top\">\u00c7elik \u00e7e\u015fitli y\u00f6ntemlerle sertle\u015ftirilebilir. Bunlar aras\u0131nda ya\u011f ve suda \u00e7e\u015fitli so\u011futma teknikleri, \u00e7eli\u011fin ind\u00fcksiyon odalar\u0131ndan ge\u00e7irilmesi vb. yer al\u0131r. \u0130\u015fleme s\u0131ras\u0131nda \u00e7eli\u011fin h\u0131zl\u0131 so\u011futulmas\u0131, karbon atomlar\u0131n\u0131 b\u00fcz\u00fclm\u00fc\u015f demir kristallerinin i\u00e7inde dondurur, hapseder ve s\u0131k\u0131\u015ft\u0131r\u0131r; bu da sert ve k\u0131r\u0131lgan bir metal \u00fcretir. Zorlu olsa da, k\u0131r\u0131lmadan fazla \u015fok veya darbeyi ememez.<\/td>\n<\/tr>\n<tr>\n<td><b>Paslanmaz \u00e7elik<\/b><\/td>\n<td class=\"LtGrey\" valign=\"top\">Paslanmaz \u00e7elik kimyasallara ve korozyona kar\u015f\u0131 dayan\u0131kl\u0131d\u0131r ve nispeten y\u00fcksek gerilme de\u011ferlerine sahip olabilir. \u00c7o\u011fu paslanmaz \u00e7elik, karbon \u00e7elikleri kadar sertle\u015ftirilemez.<\/td>\n<\/tr>\n<tr>\n<td><b>Asetal<\/b><\/td>\n<td>Asetal, kendili\u011finden ya\u011flama \u00f6zelli\u011fine sahip, kararl\u0131 bir plastik malzemedir ve bu \u00f6zellik ya\u011flay\u0131c\u0131 dolgu maddeleriyle daha da geli\u015ftirilebilir.<\/td>\n<\/tr>\n<tr>\n<td><b>Delrin<\/b><\/td>\n<td class=\"LtGrey\" valign=\"top\">Delrin, y\u00fcksek dayan\u0131kl\u0131l\u0131k, sertlik, a\u015f\u0131nma ve y\u0131pranma direnci ve d\u00fc\u015f\u00fck s\u00fcrt\u00fcnme \u00f6zelliklerine sahip, m\u00fchendislik \u00fcr\u00fcn\u00fc bir plastiktir.<\/td>\n<\/tr>\n<tr>\n<td><b>Naylon<\/b><\/td>\n<td class=\"LtGrey\" valign=\"top\">\u00c7e\u015fitli poliamid t\u00fcrlerinden olu\u015fan naylon, yayg\u0131n olarak kullan\u0131lan \u00e7ok ama\u00e7l\u0131 bir malzemedir. Zorlu ko\u015fullara dayan\u0131kl\u0131d\u0131r ve iyi bas\u0131n\u00e7 dayan\u0131m\u0131na sahiptir.<\/td>\n<\/tr>\n<tr>\n<td><b>Polikarbonat<\/b><\/td>\n<td class=\"LtGrey\" valign=\"top\">Polikarbonat, son derece dayan\u0131kl\u0131 ve hassas toleranslarla i\u015flenebilen bir polimerdir. Polikarbonat\u0131n a\u015f\u0131nma \u00f6zellikleri di\u011fer baz\u0131 polimerler kadar iyi olmad\u0131\u011f\u0131 i\u00e7in bazen ya\u011flama gerekebilir.<\/td>\n<\/tr>\n<\/tbody>\n<\/table>\n<h3>Di\u015fli Raf\u0131 Uygulamas\u0131<\/h3>\n<p>Ba\u015fl\u0131ca olarak otomatik makineler, CNC tezgahlar\u0131, yap\u0131 malzemeleri at\u00f6lyeleri, imalat tesisleri, makine tamir at\u00f6lyeleri, in\u015faat projeleri vb. gibi \u00e7e\u015fitli mekanik iletim sistemlerinde kullan\u0131l\u0131r.<\/p>\n<p><img loading=\"lazy\" decoding=\"async\" class=\"alignnone size-full wp-image-4767\" src=\"https:\/\/fmp-components.com\/wp-content\/uploads\/2025\/01\/gear-rack-11.webp\" alt=\"di\u015fli raf\u0131\" width=\"1200\" height=\"209\" title=\"\" srcset=\"https:\/\/fmp-components.com\/wp-content\/uploads\/2025\/01\/gear-rack-11.webp 1200w, https:\/\/fmp-components.com\/wp-content\/uploads\/2025\/01\/gear-rack-11-980x171.webp 980w, https:\/\/fmp-components.com\/wp-content\/uploads\/2025\/01\/gear-rack-11-480x84.webp 480w\" sizes=\"(min-width: 0px) and (max-width: 480px) 480px, (min-width: 481px) and (max-width: 980px) 980px, (min-width: 981px) 1200px, 100vw\" \/><\/p>","protected":false},"excerpt":{"rendered":"<p>Rack and Pinion Gear Material As for the materials of racks and pinions, strength, abrasion resistance, and absorbency are considered. Carbon steel is the most common material used to make racks and pinion steel. This material is excellent for most settings and usage scenarios. The relative strength of the rack tooth combined with the pinion [&hellip;]<\/p>","protected":false},"featured_media":4764,"comment_status":"open","ping_status":"closed","template":"","meta":{"_et_pb_use_builder":"","_et_pb_old_content":"","_et_gb_content_width":""},"product_brand":[],"product_cat":[91],"product_tag":[],"class_list":{"0":"post-4763","1":"product","2":"type-product","3":"status-publish","4":"has-post-thumbnail","6":"product_cat-gear-racks","8":"first","9":"instock","10":"shipping-taxable","11":"product-type-simple"},"_links":{"self":[{"href":"https:\/\/fmp-components.com\/tr\/wp-json\/wp\/v2\/product\/4763","targetHints":{"allow":["GET"]}}],"collection":[{"href":"https:\/\/fmp-components.com\/tr\/wp-json\/wp\/v2\/product"}],"about":[{"href":"https:\/\/fmp-components.com\/tr\/wp-json\/wp\/v2\/types\/product"}],"replies":[{"embeddable":true,"href":"https:\/\/fmp-components.com\/tr\/wp-json\/wp\/v2\/comments?post=4763"}],"wp:featuredmedia":[{"embeddable":true,"href":"https:\/\/fmp-components.com\/tr\/wp-json\/wp\/v2\/media\/4764"}],"wp:attachment":[{"href":"https:\/\/fmp-components.com\/tr\/wp-json\/wp\/v2\/media?parent=4763"}],"wp:term":[{"taxonomy":"product_brand","embeddable":true,"href":"https:\/\/fmp-components.com\/tr\/wp-json\/wp\/v2\/product_brand?post=4763"},{"taxonomy":"product_cat","embeddable":true,"href":"https:\/\/fmp-components.com\/tr\/wp-json\/wp\/v2\/product_cat?post=4763"},{"taxonomy":"product_tag","embeddable":true,"href":"https:\/\/fmp-components.com\/tr\/wp-json\/wp\/v2\/product_tag?post=4763"}],"curies":[{"name":"wp","href":"https:\/\/api.w.org\/{rel}","templated":true}]}}