{"id":469,"date":"2024-12-10T08:34:34","date_gmt":"2024-12-10T08:34:34","guid":{"rendered":"https:\/\/fmp-components.com\/?page_id=8"},"modified":"2024-12-10T08:53:20","modified_gmt":"2024-12-10T08:53:20","slug":"small-excavator-cylinder","status":"publish","type":"product","link":"https:\/\/fmp-components.com\/tr\/product\/small-excavator-cylinder\/","title":{"rendered":"K\u00fc\u00e7\u00fck Ekskavat\u00f6r Silindiri"},"content":{"rendered":"<p style=\"text-align: center;\"><span style=\"font-size: 18pt;\">K\u00fc\u00e7\u00fck Ekskavat\u00f6r Silindiri<\/span><\/p>\n<p>K\u00fc\u00e7\u00fck Ekskavat\u00f6r Silindiri, \u00e7e\u015fitli in\u015faat ve kaz\u0131 g\u00f6revlerinde k\u00fc\u00e7\u00fck ekskavat\u00f6rlerin performans\u0131n\u0131 optimize etmek i\u00e7in tasarlanm\u0131\u015f kritik bir hidrolik bile\u015fendir. Dayan\u0131kl\u0131l\u0131k ve verimlilik i\u00e7in tasarlanan bu silindir, kald\u0131rma, kazma ve manevra gibi temel hareketleri kolayla\u015ft\u0131rarak hassas bir \u00e7al\u0131\u015fma sa\u011flar.<\/p>\n<p><img loading=\"lazy\" decoding=\"async\" class=\"size-full wp-image-483 aligncenter\" src=\"https:\/\/fmp-components.com\/wp-content\/uploads\/2024\/12\/Small-Excavator-Cylinder.webp\" alt=\"K\u00fc\u00e7\u00fck Ekskavat\u00f6r Silindiri\" width=\"760\" height=\"533\" title=\"\" srcset=\"https:\/\/fmp-components.com\/wp-content\/uploads\/2024\/12\/Small-Excavator-Cylinder.webp 760w, https:\/\/fmp-components.com\/wp-content\/uploads\/2024\/12\/Small-Excavator-Cylinder-480x337.webp 480w\" sizes=\"(min-width: 0px) and (max-width: 480px) 480px, (min-width: 481px) 760px, 100vw\" \/><\/p>\n<h4>Temel \u00d6zellikler:<\/h4>\n<ul>\n<li>Sa\u011flam Yap\u0131: Y\u00fcksek mukavemetli malzemelerden \u00fcretilen k\u00fc\u00e7\u00fck ekskavat\u00f6r silindiri, in\u015faat sahalar\u0131n\u0131n zorlu ko\u015fullar\u0131na dayanacak \u015fekilde \u00fcretilmi\u015ftir ve uzun s\u00fcreli g\u00fcvenilirlik ve performans sa\u011flar.<\/li>\n<li>\u00c7ok Y\u00f6nl\u00fc \u0130\u015flevsellik: Bu silindir, bom, \u00e7ubuk, kep\u00e7e ve ata\u015fmanlar\u0131n \u00e7al\u0131\u015fmas\u0131 dahil olmak \u00fczere \u00e7e\u015fitli i\u015flevleri destekler ve bu da onu ekskavat\u00f6r\u00fcn genel \u00e7al\u0131\u015fmas\u0131 i\u00e7in ayr\u0131lmaz bir par\u00e7a haline getirir.<\/li>\n<li>Verimli Hidrolik Performans: D\u00fczg\u00fcn ve h\u0131zl\u0131 tepki veren bir \u00e7al\u0131\u015fma i\u00e7in tasarlanan hidrolik sistem, operat\u00f6rlerin g\u00f6revleri hassasiyetle ger\u00e7ekle\u015ftirmesini sa\u011flayarak kazma, tesviye ve malzeme ta\u015f\u0131mada \u00fcretkenli\u011fi art\u0131r\u0131r.<\/li>\n<li>Kompakt Tasar\u0131m: Silindirin kompakt tasar\u0131m\u0131, k\u00fc\u00e7\u00fck ekskavat\u00f6rlere kolayca entegre edilebilmesini sa\u011flayarak dar alanlarda manevra kabiliyetini art\u0131r\u0131rken g\u00fc\u00e7l\u00fc performans\u0131n\u0131 da korur.<\/li>\n<li>D\u00fc\u015f\u00fck Bak\u0131m Gereksinimleri: Dayan\u0131kl\u0131l\u0131k i\u00e7in tasarlanan k\u00fc\u00e7\u00fck ekskavat\u00f6r silindiri, minimum bak\u0131m gerektirir, bu da ar\u0131za s\u00fcresini azalt\u0131r ve operasyonlardaki genel verimlili\u011fe katk\u0131da bulunur.<\/li>\n<\/ul>\n<p>K\u00fc\u00e7\u00fck Ekskavat\u00f6r Silindiri, k\u00fc\u00e7\u00fck ekskavat\u00f6rlerin i\u015flevselli\u011fini ve \u00e7ok y\u00f6nl\u00fcl\u00fc\u011f\u00fcn\u00fc art\u0131ran, onlar\u0131 in\u015faat, peyzaj ve kaz\u0131 gibi geni\u015f yelpazedeki uygulamalar i\u00e7in etkili ara\u00e7lar haline getiren temel bir bile\u015fendir.<\/p>\n<h2>K\u00fc\u00e7\u00fck Ekskavat\u00f6r \u00c7ubuk Silindiri (Kol Silindiri) \u00d6zellikleri:<\/h2>\n<p>Kol silindiri olarak da bilinen \u00e7ubuk silindiri, ekskavat\u00f6r\u00fcn kolunun uzat\u0131l\u0131p geri \u00e7ekilmesinden sorumludur. Bu silindir, \u00e7ubu\u011fu kald\u0131r\u0131p indirmek i\u00e7in gerekli kuvveti sa\u011flayarak kazma ve malzeme ta\u015f\u0131ma g\u00f6revleri s\u0131ras\u0131nda hassas hareket kabiliyeti sa\u011flar.<\/p>\n<h2><img loading=\"lazy\" decoding=\"async\" class=\"size-full wp-image-471 aligncenter\" src=\"https:\/\/fmp-components.com\/wp-content\/uploads\/2024\/12\/Small-Excavator-Cylinder1.webp\" alt=\"K\u00fc\u00e7\u00fck Ekskavat\u00f6r Silindiri\" width=\"500\" height=\"200\" title=\"\" srcset=\"https:\/\/fmp-components.com\/wp-content\/uploads\/2024\/12\/Small-Excavator-Cylinder1.webp 500w, https:\/\/fmp-components.com\/wp-content\/uploads\/2024\/12\/Small-Excavator-Cylinder1-480x192.webp 480w\" sizes=\"(min-width: 0px) and (max-width: 480px) 480px, (min-width: 481px) 500px, 100vw\" \/><\/h2>\n<table style=\"width: 100%;\" border=\"1\" width=\"100%\" cellspacing=\"0\" cellpadding=\"0\">\n<tbody>\n<tr>\n<td>\u00dcr\u00fcn Ad\u0131<\/td>\n<td>K\u00fc\u00e7\u00fck Ekskavat\u00f6r \u00c7ubuk Silindiri<\/td>\n<\/tr>\n<tr>\n<td>\u00d6zellikler:<\/td>\n<td>\u00d6n kolun hareketini kontrol edin<\/td>\n<\/tr>\n<tr>\n<td>Delik \u00e7ap\u0131:<\/td>\n<td>50 mm\uff5e115 mm<\/td>\n<\/tr>\n<tr>\n<td>\u00c7ubuk \u00e7ap\u0131:<\/td>\n<td>25mm\uff5e70mm<br \/>\nStrok\u22641000mm<\/td>\n<\/tr>\n<tr>\n<td>\u0130tme kuvveti:<\/td>\n<td>Maksimum 305KN<\/td>\n<\/tr>\n<tr>\n<td>Delik \u00e7ap\u0131:<\/td>\n<td>115mm\/bas\u0131n\u00e7 29.4MPa)<\/td>\n<\/tr>\n<\/tbody>\n<\/table>\n<h2><\/h2>\n<h2><img loading=\"lazy\" decoding=\"async\" class=\"alignnone size-full wp-image-472\" src=\"https:\/\/fmp-components.com\/wp-content\/uploads\/2024\/12\/Small-Excavator-Cylinder1-1.webp\" alt=\"K\u00fc\u00e7\u00fck Ekskavat\u00f6r Silindiri\" width=\"828\" height=\"416\" title=\"\" srcset=\"https:\/\/fmp-components.com\/wp-content\/uploads\/2024\/12\/Small-Excavator-Cylinder1-1.webp 828w, https:\/\/fmp-components.com\/wp-content\/uploads\/2024\/12\/Small-Excavator-Cylinder1-1-480x241.webp 480w\" sizes=\"(min-width: 0px) and (max-width: 480px) 480px, (min-width: 481px) 828px, 100vw\" \/><\/h2>\n<h2>K\u00fc\u00e7\u00fck Ekskavat\u00f6r Kova Silindiri \u00d6zellikleri:<\/h2>\n<p>Kova silindiri, ekskavat\u00f6r\u00fcn kovas\u0131n\u0131 \u00e7al\u0131\u015ft\u0131rarak malzemeleri e\u011fip bo\u015faltmas\u0131n\u0131 sa\u011flar. Bu silindir, kazma, kep\u00e7eleme ve y\u00fckleme i\u00e7in hayati \u00f6nem ta\u015f\u0131r ve kovay\u0131 etkili bir \u015fekilde hareket ettirmek i\u00e7in gereken g\u00fcc\u00fc sa\u011flar.<\/p>\n<h2><img loading=\"lazy\" decoding=\"async\" class=\"size-full wp-image-473 aligncenter\" src=\"https:\/\/fmp-components.com\/wp-content\/uploads\/2024\/12\/Small-Excavator-Cylinder2.webp\" alt=\"K\u00fc\u00e7\u00fck Ekskavat\u00f6r Silindiri\" width=\"500\" height=\"200\" title=\"\" srcset=\"https:\/\/fmp-components.com\/wp-content\/uploads\/2024\/12\/Small-Excavator-Cylinder2.webp 500w, https:\/\/fmp-components.com\/wp-content\/uploads\/2024\/12\/Small-Excavator-Cylinder2-480x192.webp 480w\" sizes=\"(min-width: 0px) and (max-width: 480px) 480px, (min-width: 481px) 500px, 100vw\" \/><\/h2>\n<table style=\"width: 100%;\" border=\"1\" width=\"100%\" cellspacing=\"0\" cellpadding=\"0\">\n<tbody>\n<tr>\n<td>\u00dcr\u00fcn Ad\u0131<\/td>\n<td>K\u00fc\u00e7\u00fck Ekskavat\u00f6r Kova Silindiri<\/td>\n<\/tr>\n<tr>\n<td>\u00d6zellikler:<\/td>\n<td>Kovan\u0131n hareketini kontrol edin<\/td>\n<\/tr>\n<tr>\n<td>Delik \u00e7ap\u0131:<\/td>\n<td>50mm\uff5e105mm<\/td>\n<\/tr>\n<tr>\n<td>\u00c7ubuk \u00e7ap\u0131:<\/td>\n<td>25mm\uff5e70mm<br \/>\nStrok\u22641000 mm<\/td>\n<\/tr>\n<tr>\n<td>\u0130tme kuvveti:<\/td>\n<td>Maksimum 255KN<\/td>\n<\/tr>\n<tr>\n<td>Delik \u00e7ap\u0131:<\/td>\n<td>105mm\/bas\u0131n\u00e7 29,4MPa<\/td>\n<\/tr>\n<\/tbody>\n<\/table>\n<h2><\/h2>\n<h2><img loading=\"lazy\" decoding=\"async\" class=\"alignnone size-full wp-image-474\" src=\"https:\/\/fmp-components.com\/wp-content\/uploads\/2024\/12\/Small-Excavator-Cylinder2-1.webp\" alt=\"K\u00fc\u00e7\u00fck Ekskavat\u00f6r Silindiri\" width=\"847\" height=\"410\" title=\"\" srcset=\"https:\/\/fmp-components.com\/wp-content\/uploads\/2024\/12\/Small-Excavator-Cylinder2-1.webp 847w, https:\/\/fmp-components.com\/wp-content\/uploads\/2024\/12\/Small-Excavator-Cylinder2-1-480x232.webp 480w\" sizes=\"(min-width: 0px) and (max-width: 480px) 480px, (min-width: 481px) 847px, 100vw\" \/><\/h2>\n<h2>K\u00fc\u00e7\u00fck Ekskavat\u00f6r Bom Silindiri \u00d6zellikleri:<\/h2>\n<p>Bom silindiri, ekskavat\u00f6r\u00fcn bomunun hareketini kontrol ederek y\u00fckselip al\u00e7almas\u0131n\u0131 sa\u011flar. Bu silindir, farkl\u0131 y\u00fckseklik ve derinliklere ula\u015fmak i\u00e7in olmazsa olmazd\u0131r ve ekskavat\u00f6r\u00fcn \u00e7e\u015fitli g\u00f6revleri hassasiyetle ger\u00e7ekle\u015ftirmesini sa\u011flar.<\/p>\n<h2><img loading=\"lazy\" decoding=\"async\" class=\"size-full wp-image-475 aligncenter\" src=\"https:\/\/fmp-components.com\/wp-content\/uploads\/2024\/12\/Small-Excavator-Cylinder3.webp\" alt=\"K\u00fc\u00e7\u00fck Ekskavat\u00f6r Silindiri\" width=\"500\" height=\"200\" title=\"\" srcset=\"https:\/\/fmp-components.com\/wp-content\/uploads\/2024\/12\/Small-Excavator-Cylinder3.webp 500w, https:\/\/fmp-components.com\/wp-content\/uploads\/2024\/12\/Small-Excavator-Cylinder3-480x192.webp 480w\" sizes=\"(min-width: 0px) and (max-width: 480px) 480px, (min-width: 481px) 500px, 100vw\" \/><\/h2>\n<table style=\"width: 100%;\" border=\"1\" width=\"100%\" cellspacing=\"0\" cellpadding=\"0\">\n<tbody>\n<tr>\n<td>\u00dcr\u00fcn Ad\u0131<\/td>\n<td>K\u00fc\u00e7\u00fck Ekskavat\u00f6r Bom Silindiri<\/td>\n<\/tr>\n<tr>\n<td>\u00d6zellikler:<\/td>\n<td>B\u00fcy\u00fck kolun kald\u0131rma hareketini kontrol edin<\/td>\n<\/tr>\n<tr>\n<td>Delik \u00e7ap\u0131:<\/td>\n<td>50 mm\uff5e125 mm<\/td>\n<\/tr>\n<tr>\n<td>\u00c7ubuk \u00e7ap\u0131:<\/td>\n<td>25mm\uff5e75mm<br \/>\nStrok\u22641000mm<\/td>\n<\/tr>\n<tr>\n<td>\u0130tme kuvveti:<\/td>\n<td>Maksimum 361KN<\/td>\n<\/tr>\n<tr>\n<td>Delik \u00e7ap\u0131:<\/td>\n<td>125mm\/bas\u0131n\u00e7 29,4MPa<\/td>\n<\/tr>\n<\/tbody>\n<\/table>\n<h2><\/h2>\n<h2><img loading=\"lazy\" decoding=\"async\" class=\"alignnone size-full wp-image-476\" src=\"https:\/\/fmp-components.com\/wp-content\/uploads\/2024\/12\/Small-Excavator-Cylinder3-1.webp\" alt=\"K\u00fc\u00e7\u00fck Ekskavat\u00f6r Silindiri\" width=\"874\" height=\"394\" title=\"\" srcset=\"https:\/\/fmp-components.com\/wp-content\/uploads\/2024\/12\/Small-Excavator-Cylinder3-1.webp 874w, https:\/\/fmp-components.com\/wp-content\/uploads\/2024\/12\/Small-Excavator-Cylinder3-1-480x216.webp 480w\" sizes=\"(min-width: 0px) and (max-width: 480px) 480px, (min-width: 481px) 874px, 100vw\" \/><\/h2>\n<h2>K\u00fc\u00e7\u00fck Ekskavat\u00f6r Buldozer Silindiri \u00d6zellikleri:<\/h2>\n<p>Buldozer silindiri, ekskavat\u00f6r\u00fcn b\u0131\u00e7a\u011f\u0131n\u0131 kontrol etmek i\u00e7in kullan\u0131l\u0131r ve zeminin hassas bir \u015fekilde d\u00fczle\u015ftirilmesini ve tesviye edilmesini sa\u011flar. Bu silindir, ekskavat\u00f6r\u00fcn \u00e7ok y\u00f6nl\u00fcl\u00fc\u011f\u00fcn\u00fc art\u0131rarak, \u015fantiye haz\u0131rl\u0131\u011f\u0131 ve toprak i\u015fleri gibi g\u00f6revler i\u00e7in uygun hale getirir.<\/p>\n<h2><img loading=\"lazy\" decoding=\"async\" class=\"size-full wp-image-477 aligncenter\" src=\"https:\/\/fmp-components.com\/wp-content\/uploads\/2024\/12\/Small-Excavator-Cylinder4.webp\" alt=\"K\u00fc\u00e7\u00fck Ekskavat\u00f6r Silindiri\" width=\"500\" height=\"200\" title=\"\" srcset=\"https:\/\/fmp-components.com\/wp-content\/uploads\/2024\/12\/Small-Excavator-Cylinder4.webp 500w, https:\/\/fmp-components.com\/wp-content\/uploads\/2024\/12\/Small-Excavator-Cylinder4-480x192.webp 480w\" sizes=\"(min-width: 0px) and (max-width: 480px) 480px, (min-width: 481px) 500px, 100vw\" \/><\/h2>\n<table style=\"width: 100%;\" border=\"1\" width=\"100%\" cellspacing=\"0\" cellpadding=\"0\">\n<tbody>\n<tr>\n<td>\u00dcr\u00fcn Ad\u0131<\/td>\n<td>K\u00fc\u00e7\u00fck Ekskavat\u00f6r Buldozer Silindiri<\/td>\n<\/tr>\n<tr>\n<td>\u00d6zellikler:<\/td>\n<td>Buldozerin hareketini kontrol edin<\/td>\n<\/tr>\n<tr>\n<td>Delik \u00e7ap\u0131:<\/td>\n<td>50 mm\uff5e140 mm<\/td>\n<\/tr>\n<tr>\n<td>\u00c7ubuk \u00e7ap\u0131:<\/td>\n<td>25 mm\uff5e80 mm<br \/>\nStrok\u2264250mm<\/td>\n<\/tr>\n<tr>\n<td>\u0130tme kuvveti:<\/td>\n<td>Maksimum 453KN<\/td>\n<\/tr>\n<tr>\n<td>Delik \u00e7ap\u0131:<\/td>\n<td>140mm\/bas\u0131n\u00e7 29,4MPa<\/td>\n<\/tr>\n<\/tbody>\n<\/table>\n<h2><\/h2>\n<h2><img loading=\"lazy\" decoding=\"async\" class=\"alignnone size-full wp-image-478\" src=\"https:\/\/fmp-components.com\/wp-content\/uploads\/2024\/12\/Small-Excavator-Cylinder4-1.webp\" alt=\"K\u00fc\u00e7\u00fck Ekskavat\u00f6r Silindiri\" width=\"847\" height=\"401\" title=\"\" srcset=\"https:\/\/fmp-components.com\/wp-content\/uploads\/2024\/12\/Small-Excavator-Cylinder4-1.webp 847w, https:\/\/fmp-components.com\/wp-content\/uploads\/2024\/12\/Small-Excavator-Cylinder4-1-480x227.webp 480w\" sizes=\"(min-width: 0px) and (max-width: 480px) 480px, (min-width: 481px) 847px, 100vw\" \/><\/h2>\n<h2>K\u00fc\u00e7\u00fck Ekskavat\u00f6r D\u00f6ner Akt\u00fcat\u00f6r \u00d6zellikleri:<\/h2>\n<p>D\u00f6ner akt\u00fcat\u00f6r, burgu veya k\u0131ska\u00e7 gibi ata\u015fmanlar i\u00e7in d\u00f6nme hareketi sa\u011flar. Bu bile\u015fen, ekskavat\u00f6r\u00fcn d\u00f6nme veya d\u00f6nme hareketleri gerektiren g\u00f6revleri ger\u00e7ekle\u015ftirmesini sa\u011flayarak operasyonel esnekli\u011fini art\u0131r\u0131r.<\/p>\n<h2><img loading=\"lazy\" decoding=\"async\" class=\"size-full wp-image-479 aligncenter\" src=\"https:\/\/fmp-components.com\/wp-content\/uploads\/2024\/12\/Small-Excavator-Cylinder5.webp\" alt=\"K\u00fc\u00e7\u00fck Ekskavat\u00f6r Silindiri\" width=\"500\" height=\"200\" title=\"\" srcset=\"https:\/\/fmp-components.com\/wp-content\/uploads\/2024\/12\/Small-Excavator-Cylinder5.webp 500w, https:\/\/fmp-components.com\/wp-content\/uploads\/2024\/12\/Small-Excavator-Cylinder5-480x192.webp 480w\" sizes=\"(min-width: 0px) and (max-width: 480px) 480px, (min-width: 481px) 500px, 100vw\" \/><\/h2>\n<table style=\"width: 100%;\" border=\"1\" width=\"100%\" cellspacing=\"0\" cellpadding=\"0\">\n<tbody>\n<tr style=\"height: 23px;\">\n<td style=\"height: 23px;\">\u00dcr\u00fcn Ad\u0131<\/td>\n<td style=\"height: 23px;\">K\u00fc\u00e7\u00fck Ekskavat\u00f6r D\u00f6ner Akt\u00fcat\u00f6r\u00fc<\/td>\n<\/tr>\n<tr style=\"height: 23px;\">\n<td style=\"height: 23px;\">\u00d6zellikler:<\/td>\n<td style=\"height: 23px;\">B\u00fcy\u00fck kolun sapmas\u0131<\/td>\n<\/tr>\n<tr style=\"height: 23px;\">\n<td style=\"height: 23px;\">Delik \u00e7ap\u0131:<\/td>\n<td style=\"height: 23px;\">50mm\uff5e120mm<\/td>\n<\/tr>\n<tr style=\"height: 47px;\">\n<td style=\"height: 47px;\">\u00c7ubuk \u00e7ap\u0131:<\/td>\n<td style=\"height: 47px;\">25mm\uff5e75mm<br \/>\nStrok\u22641000mm<\/td>\n<\/tr>\n<tr style=\"height: 23px;\">\n<td style=\"height: 23px;\">\u0130tme kuvveti:<\/td>\n<td style=\"height: 23px;\">Maksimum 333KN<\/td>\n<\/tr>\n<tr style=\"height: 23px;\">\n<td style=\"height: 23px;\">Delik \u00e7ap\u0131:<\/td>\n<td style=\"height: 23px;\">120mm\/bas\u0131n\u00e7 29,4MPa<\/td>\n<\/tr>\n<\/tbody>\n<\/table>\n<h2><\/h2>\n<h2><img loading=\"lazy\" decoding=\"async\" class=\"alignnone size-full wp-image-480\" src=\"https:\/\/fmp-components.com\/wp-content\/uploads\/2024\/12\/Small-Excavator-Cylinder5-1.webp\" alt=\"K\u00fc\u00e7\u00fck Ekskavat\u00f6r Silindiri\" width=\"849\" height=\"392\" title=\"\" srcset=\"https:\/\/fmp-components.com\/wp-content\/uploads\/2024\/12\/Small-Excavator-Cylinder5-1.webp 849w, https:\/\/fmp-components.com\/wp-content\/uploads\/2024\/12\/Small-Excavator-Cylinder5-1-480x222.webp 480w\" sizes=\"(min-width: 0px) and (max-width: 480px) 480px, (min-width: 481px) 849px, 100vw\" \/><\/h2>\n<h2>FMP Hakk\u0131nda<\/h2>\n<p>FMP, hidrolik silindir \u00fcretimine odaklanm\u0131\u015f uzman bir mekanik \u00fcretim \u015firketidir. Kurulu\u015fundan bu yana \u015firket, hidrolik teknolojisinin ara\u015ft\u0131rma ve \u00fcretimine odaklanm\u0131\u015f ve hasat ve in\u015faat makinelerini de i\u00e7eren geni\u015f \u00fcr\u00fcn yelpazesinden, tar\u0131m trakt\u00f6r\u00fc bile\u015fenlerinde uzmanla\u015fmaya ba\u015far\u0131yla ge\u00e7i\u015f yapm\u0131\u015ft\u0131r. \u00dcretim ve y\u00f6netim alan\u0131nda on y\u0131l\u0131 a\u015fk\u0131n deneyimiyle FMP, geli\u015fmi\u015f \u00fcretim teknikleri sayesinde y\u00fcksek kaliteli \u00fcr\u00fcnler sunmaktad\u0131r.<\/p>\n<p>\u015eirketimiz geli\u015ftik\u00e7e, kapsaml\u0131 bir tala\u015fl\u0131 imalat \u00fcretim hatt\u0131, montaj hatt\u0131 ve kaplama hatt\u0131 geli\u015ftirdi. Ekibimiz, istikrarl\u0131 \u00fcretim kalitesini korurken s\u00fcre\u00e7 s\u00fcreklili\u011fini ve verimlili\u011fini etkili bir \u015fekilde kontrol etmek i\u00e7in birlikte \u00e7al\u0131\u015fan yetenekli y\u00f6netim personeli, deneyimli makine tasar\u0131mc\u0131lar\u0131 ve y\u00fcksek e\u011fitimli teknisyenlerden olu\u015fmaktad\u0131r.<\/p>\n<p>FMP, \u201cTeknolojik Yenilik \u0130lerlemeyi Te\u015fvik Eder, Kalite Marka Yarat\u0131r, \u0130\u015f\u00e7ilik Kaliteyi Sa\u011flar ve Uzun Vadeli Kazan-Kazan \u0130li\u015fkileri Kurar\u201d felsefesini benimser. Y\u00fcksek kaliteli \u00fcr\u00fcnler ve \u00fcst\u00fcn m\u00fc\u015fteri hizmeti sunma taahh\u00fcd\u00fcm\u00fcz, pazar\u0131n geli\u015fen ihtiya\u00e7lar\u0131n\u0131 kar\u015f\u0131lamaya devam ederken temel hedefimiz olmaya devam etmektedir.<\/p>\n<p><img loading=\"lazy\" decoding=\"async\" class=\"alignnone size-full wp-image-426\" src=\"https:\/\/fmp-components.com\/wp-content\/uploads\/2024\/12\/Sanitation-Machinery-Locking-Hydraulic-Cylinder-factory.webp\" sizes=\"(min-width: 0px) and (max-width: 480px) 480px, (min-width: 481px) and (max-width: 980px) 980px, (min-width: 981px) and (max-width: 1280px) 1280px, (min-width: 1281px) 1414px, 100vw\" srcset=\"https:\/\/fmp-components.com\/wp-content\/uploads\/2024\/12\/Sanitation-Machinery-Locking-Hydraulic-Cylinder-factory.webp 1414w, https:\/\/fmp-components.com\/wp-content\/uploads\/2024\/12\/Sanitation-Machinery-Locking-Hydraulic-Cylinder-factory-1280x529.webp 1280w, https:\/\/fmp-components.com\/wp-content\/uploads\/2024\/12\/Sanitation-Machinery-Locking-Hydraulic-Cylinder-factory-980x405.webp 980w, https:\/\/fmp-components.com\/wp-content\/uploads\/2024\/12\/Sanitation-Machinery-Locking-Hydraulic-Cylinder-factory-480x198.webp 480w\" alt=\"Sanitasyon-Makine-Kilitleme-Hidrolik-Silindir-Fabrikas\u0131\" width=\"1414\" height=\"584\" title=\"\"><\/p>\n<p>Yazar: CX<\/p>","protected":false},"excerpt":{"rendered":"<p>K\u00fc\u00e7\u00fck Ekskavat\u00f6r Silindiri, k\u00fc\u00e7\u00fck ekskavat\u00f6rler i\u00e7in g\u00fc\u00e7l\u00fc ve hassas hareket sa\u011flamak \u00fczere tasarlanm\u0131\u015f \u00f6nemli bir hidrolik bile\u015fendir. Bu silindir, kald\u0131rma, kazma ve e\u011fme gibi \u00e7e\u015fitli i\u015flevleri kolayla\u015ft\u0131racak ve makinenin verimli \u00e7al\u0131\u015fmas\u0131n\u0131 sa\u011flayacak \u015fekilde tasarlanm\u0131\u015ft\u0131r. Y\u00fcksek mukavemetli malzemelerden \u00fcretilen silindir, in\u015faat ve kaz\u0131 sahalar\u0131n\u0131n zorlu ko\u015fullar\u0131na dayanacak \u015fekilde \u00fcretilmi\u015ftir ve dayan\u0131kl\u0131l\u0131k ve g\u00fcvenilirlik sunar. Kompakt tasar\u0131m\u0131, k\u00fc\u00e7\u00fck ekskavat\u00f6rlere kolay entegrasyon sa\u011flayarak dar alanlarda geli\u015fmi\u015f manevra kabiliyeti sa\u011flar. Verimli hidrolik performans\u0131yla k\u00fc\u00e7\u00fck ekskavat\u00f6r silindiri, makinenin \u00e7ok \u00e7e\u015fitli uygulamalar i\u00e7in yeteneklerini optimize etmede hayati bir rol oynar.<\/p>","protected":false},"featured_media":470,"comment_status":"open","ping_status":"closed","template":"","meta":{"_et_pb_use_builder":"","_et_pb_old_content":"","_et_gb_content_width":""},"product_brand":[],"product_cat":[25],"product_tag":[],"class_list":{"0":"post-469","1":"product","2":"type-product","3":"status-publish","4":"has-post-thumbnail","6":"product_cat-mobile-machinery-hydraulic-cylinder","8":"first","9":"instock","10":"shipping-taxable","11":"product-type-simple"},"_links":{"self":[{"href":"https:\/\/fmp-components.com\/tr\/wp-json\/wp\/v2\/product\/469","targetHints":{"allow":["GET"]}}],"collection":[{"href":"https:\/\/fmp-components.com\/tr\/wp-json\/wp\/v2\/product"}],"about":[{"href":"https:\/\/fmp-components.com\/tr\/wp-json\/wp\/v2\/types\/product"}],"replies":[{"embeddable":true,"href":"https:\/\/fmp-components.com\/tr\/wp-json\/wp\/v2\/comments?post=469"}],"wp:featuredmedia":[{"embeddable":true,"href":"https:\/\/fmp-components.com\/tr\/wp-json\/wp\/v2\/media\/470"}],"wp:attachment":[{"href":"https:\/\/fmp-components.com\/tr\/wp-json\/wp\/v2\/media?parent=469"}],"wp:term":[{"taxonomy":"product_brand","embeddable":true,"href":"https:\/\/fmp-components.com\/tr\/wp-json\/wp\/v2\/product_brand?post=469"},{"taxonomy":"product_cat","embeddable":true,"href":"https:\/\/fmp-components.com\/tr\/wp-json\/wp\/v2\/product_cat?post=469"},{"taxonomy":"product_tag","embeddable":true,"href":"https:\/\/fmp-components.com\/tr\/wp-json\/wp\/v2\/product_tag?post=469"}],"curies":[{"name":"wp","href":"https:\/\/api.w.org\/{rel}","templated":true}]}}