{"id":456,"date":"2024-12-10T07:37:31","date_gmt":"2024-12-10T07:37:31","guid":{"rendered":"https:\/\/fmp-components.com\/?page_id=8"},"modified":"2024-12-10T07:38:07","modified_gmt":"2024-12-10T07:38:07","slug":"crane-boom-anti-tilt-hydraulic-cylinder","status":"publish","type":"product","link":"https:\/\/fmp-components.com\/tr\/product\/crane-boom-anti-tilt-hydraulic-cylinder\/","title":{"rendered":"Vin\u00e7 Bomu Devrilme \u00d6nleyici Hidrolik Silindir"},"content":{"rendered":"<p style=\"text-align: center;\"><span style=\"font-size: 18pt;\">Vin\u00e7 Bomu Devrilme \u00d6nleyici Hidrolik Silindir<\/span><\/p>\n<p>Vin\u00e7 Bomu Devrilme \u00d6nleyici Hidrolik Silindir, kald\u0131rma s\u0131ras\u0131nda bomun devrilmesini \u00f6nleyerek vin\u00e7 operasyonlar\u0131n\u0131n stabilitesini ve g\u00fcvenli\u011fini art\u0131rmak i\u00e7in tasarlanm\u0131\u015f temel bir bile\u015fendir. Bu hidrolik silindir, bomun a\u00e7\u0131s\u0131 \u00fczerinde hassas kontrol sa\u011flayarak a\u011f\u0131r y\u00fckler ta\u015f\u0131n\u0131rken bile dengede kalmas\u0131n\u0131 sa\u011flar.<\/p>\n<h2><img loading=\"lazy\" decoding=\"async\" class=\"size-full wp-image-458 aligncenter\" src=\"https:\/\/fmp-components.com\/wp-content\/uploads\/2024\/12\/Crane-Boom-Anti-Tilt-Hydraulic-Cylinder.jpg\" alt=\"Vin\u00e7 Bomu Devrilme \u00d6nleyici Hidrolik Silindir\" width=\"500\" height=\"500\" title=\"\" srcset=\"https:\/\/fmp-components.com\/wp-content\/uploads\/2024\/12\/Crane-Boom-Anti-Tilt-Hydraulic-Cylinder.jpg 500w, https:\/\/fmp-components.com\/wp-content\/uploads\/2024\/12\/Crane-Boom-Anti-Tilt-Hydraulic-Cylinder-480x480.jpg 480w\" sizes=\"(min-width: 0px) and (max-width: 480px) 480px, (min-width: 481px) 500px, 100vw\" \/><\/h2>\n<h4>Temel \u00d6zellikler:<\/h4>\n<ul>\n<li>Dayan\u0131kl\u0131 Yap\u0131: Y\u00fcksek mukavemetli malzemelerden \u00fcretilen bu hidrolik silindir, in\u015faat ve end\u00fcstriyel ortamlar\u0131n zorlu ko\u015fullar\u0131na dayanacak \u015fekilde tasarlanm\u0131\u015ft\u0131r ve uzun s\u00fcreli dayan\u0131kl\u0131l\u0131k ve g\u00fcvenilirlik sa\u011flar.<\/li>\n<li>Geli\u015fmi\u015f Denge: Vin\u00e7 bomunun devrilmesini \u00f6nleyen bu silindir, optimum dengeyi korumaya yard\u0131mc\u0131 olur, kaza riskini azalt\u0131r ve operat\u00f6rler ile saha personeli i\u00e7in genel g\u00fcvenli\u011fi art\u0131r\u0131r.<\/li>\n<li>P\u00fcr\u00fczs\u00fcz Hidrolik \u00c7al\u0131\u015fma: Geli\u015fmi\u015f hidrolik sistem ak\u0131c\u0131 ve kontroll\u00fc hareketlere olanak tan\u0131r ve dengeyi bozmadan bomun konumunun h\u0131zl\u0131 bir \u015fekilde ayarlanmas\u0131n\u0131 sa\u011flar.<\/li>\n<li>\u00c7ok Y\u00f6nl\u00fc Uygulama: Kule vin\u00e7ler ve mobil vin\u00e7ler de dahil olmak \u00fczere \u00e7ok \u00e7e\u015fitli vin\u00e7ler i\u00e7in uygun olan devrilme \u00f6nleyici hidrolik silindir, \u00e7e\u015fitli kald\u0131rma sistemlerine kolayca entegre edilebilir ve bu da onu \u00e7ok y\u00f6nl\u00fc bir \u00e7\u00f6z\u00fcm haline getirir.<\/li>\n<li>D\u00fc\u015f\u00fck Bak\u0131m Gereksinimleri: Verimlilik ve dayan\u0131kl\u0131l\u0131k i\u00e7in tasarlanan bu hidrolik silindir, minimum bak\u0131m gerektirir ve bu da duru\u015f s\u00fcresinin azalt\u0131lmas\u0131na ve \u00fcretkenli\u011fin art\u0131r\u0131lmas\u0131na katk\u0131da bulunur.<\/li>\n<\/ul>\n<p>\u00d6zetle, Vin\u00e7 Bomu Devrilme \u00d6nleyici Hidrolik Silindir, kald\u0131rma i\u015flemleri s\u0131ras\u0131nda dengeyi sa\u011flayarak vin\u00e7 performans\u0131n\u0131 ve g\u00fcvenli\u011fini art\u0131ran hayati bir bile\u015fendir ve bu da onu etkili ve g\u00fcvenilir kald\u0131rma uygulamalar\u0131 i\u00e7in vazge\u00e7ilmez k\u0131lar.<\/p>\n<h2>Vin\u00e7 Bom Devrilme \u00d6nleyici Hidrolik Silindir Par\u00e7alar\u0131:<\/h2>\n<h2><img loading=\"lazy\" decoding=\"async\" class=\"alignnone size-full wp-image-460\" src=\"https:\/\/fmp-components.com\/wp-content\/uploads\/2024\/12\/Crane-Boom-Anti-Tilt-Hydraulic-Cylinder-Parts.webp\" alt=\"Vin\u00e7 Bomu Devrilme \u00d6nleyici Hidrolik Silindir\" width=\"1024\" height=\"584\" title=\"\" srcset=\"https:\/\/fmp-components.com\/wp-content\/uploads\/2024\/12\/Crane-Boom-Anti-Tilt-Hydraulic-Cylinder-Parts.webp 1024w, https:\/\/fmp-components.com\/wp-content\/uploads\/2024\/12\/Crane-Boom-Anti-Tilt-Hydraulic-Cylinder-Parts-980x559.webp 980w, https:\/\/fmp-components.com\/wp-content\/uploads\/2024\/12\/Crane-Boom-Anti-Tilt-Hydraulic-Cylinder-Parts-480x274.webp 480w\" sizes=\"(min-width: 0px) and (max-width: 480px) 480px, (min-width: 481px) and (max-width: 980px) 980px, (min-width: 981px) 1024px, 100vw\" \/><\/h2>\n<div class=\"J_module\">\n<div class=\"ife-detail-decorate-table\">\n<table class=\"has-title all magic-6\" style=\"width: 92.8712%;\" border=\"1\" cellspacing=\"0\" cellpadding=\"0\">\n<tbody>\n<tr>\n<td style=\"width: 4.6832%;\" colspan=\"1\" rowspan=\"1\">\n<div class=\"magic-30\" data-spm-anchor-id=\"a2700.details.0.i49.7e632033fSTlII\">1<\/div>\n<\/td>\n<td style=\"width: 38.292%;\" colspan=\"1\" rowspan=\"1\">\n<div class=\"magic-31\">Silindir Muhafazas\u0131 tertibat\u0131<\/div>\n<\/td>\n<td style=\"width: 4.6832%;\" colspan=\"1\" rowspan=\"1\">\n<div class=\"magic-32\">12<\/div>\n<\/td>\n<td style=\"width: 27.5482%;\" colspan=\"1\" rowspan=\"1\">\n<div class=\"magic-33\">Ceviz<\/div>\n<\/td>\n<td style=\"width: 4.6832%;\" colspan=\"1\" rowspan=\"1\">\n<div class=\"magic-34\">23<\/div>\n<\/td>\n<td style=\"width: 160.331%;\" colspan=\"1\" rowspan=\"1\">\n<div class=\"magic-35\">Set Vidalar\u0131<\/div>\n<\/td>\n<\/tr>\n<tr>\n<td style=\"width: 4.6832%;\" colspan=\"1\" rowspan=\"1\">\n<div class=\"magic-30\">2<\/div>\n<\/td>\n<td style=\"width: 38.292%;\" colspan=\"1\" rowspan=\"1\">\n<div class=\"magic-31\">Piston \u00c7ubu\u011fu<\/div>\n<\/td>\n<td style=\"width: 4.6832%;\" colspan=\"1\" rowspan=\"1\">\n<div class=\"magic-32\">13<\/div>\n<\/td>\n<td style=\"width: 27.5482%;\" colspan=\"1\" rowspan=\"1\">\n<div class=\"magic-33\">Yayl\u0131 Rondelalar<\/div>\n<\/td>\n<td style=\"width: 4.6832%;\" colspan=\"1\" rowspan=\"1\">\n<div class=\"magic-34\">24<\/div>\n<\/td>\n<td style=\"width: 160.331%;\" colspan=\"1\" rowspan=\"1\">\n<div class=\"magic-35\">Du Bush<\/div>\n<\/td>\n<\/tr>\n<tr>\n<td style=\"width: 4.6832%;\" colspan=\"1\" rowspan=\"1\">\n<div class=\"magic-30\">3<\/div>\n<\/td>\n<td style=\"width: 38.292%;\" colspan=\"1\" rowspan=\"1\">\n<div class=\"magic-31\">Piston<\/div>\n<\/td>\n<td style=\"width: 4.6832%;\" colspan=\"1\" rowspan=\"1\">\n<div class=\"magic-32\">14<\/div>\n<\/td>\n<td style=\"width: 27.5482%;\" colspan=\"1\" rowspan=\"1\">\n<div class=\"magic-33\">D\u00fcz Rondelalar<\/div>\n<\/td>\n<td style=\"width: 4.6832%;\" colspan=\"1\" rowspan=\"1\">\n<div class=\"magic-34\">25<\/div>\n<\/td>\n<td style=\"width: 160.331%;\" colspan=\"1\" rowspan=\"1\">\n<div class=\"magic-35\">\u00c7ubuk Contas\u0131<\/div>\n<\/td>\n<\/tr>\n<tr>\n<td style=\"width: 4.6832%;\" colspan=\"1\" rowspan=\"1\">\n<div class=\"magic-30\">4<\/div>\n<\/td>\n<td style=\"width: 38.292%;\" colspan=\"1\" rowspan=\"1\">\n<div class=\"magic-31\">Kilit Somunu<\/div>\n<\/td>\n<td style=\"width: 4.6832%;\" colspan=\"1\" rowspan=\"1\">\n<div class=\"magic-32\">15<\/div>\n<\/td>\n<td style=\"width: 27.5482%;\" colspan=\"1\" rowspan=\"1\">\n<div class=\"magic-33\">Valf Kapa\u011f\u0131<\/div>\n<\/td>\n<td style=\"width: 4.6832%;\" colspan=\"1\" rowspan=\"1\">\n<div class=\"magic-34\">26<\/div>\n<\/td>\n<td style=\"width: 160.331%;\" colspan=\"1\" rowspan=\"1\">\n<div class=\"magic-35\">U-Halkas\u0131<\/div>\n<\/td>\n<\/tr>\n<tr>\n<td style=\"width: 4.6832%;\" colspan=\"1\" rowspan=\"1\">\n<div class=\"magic-30\">5<\/div>\n<\/td>\n<td style=\"width: 38.292%;\" colspan=\"1\" rowspan=\"1\">\n<div class=\"magic-31\">Rehber Bush<\/div>\n<\/td>\n<td style=\"width: 4.6832%;\" colspan=\"1\" rowspan=\"1\">\n<div class=\"magic-32\">16<\/div>\n<\/td>\n<td style=\"width: 27.5482%;\" colspan=\"1\" rowspan=\"1\">\n<div class=\"magic-33\">Set Vidalar\u0131<\/div>\n<\/td>\n<td style=\"width: 4.6832%;\" colspan=\"1\" rowspan=\"1\">\n<div class=\"magic-34\">27<\/div>\n<\/td>\n<td style=\"width: 160.331%;\" colspan=\"1\" rowspan=\"1\">\n<div class=\"magic-35\">Toz Silece\u011fi<\/div>\n<\/td>\n<\/tr>\n<tr>\n<td style=\"width: 4.6832%;\" colspan=\"1\" rowspan=\"1\">\n<div class=\"magic-30\">6<\/div>\n<\/td>\n<td style=\"width: 38.292%;\" colspan=\"1\" rowspan=\"1\">\n<div class=\"magic-31\">Bez<\/div>\n<\/td>\n<td style=\"width: 4.6832%;\" colspan=\"1\" rowspan=\"1\">\n<div class=\"magic-32\">17<\/div>\n<\/td>\n<td style=\"width: 27.5482%;\" colspan=\"1\" rowspan=\"1\">\n<div class=\"magic-33\">A\u015f\u0131nma Halkas\u0131<\/div>\n<\/td>\n<td style=\"width: 4.6832%;\" colspan=\"1\" rowspan=\"1\">\n<div class=\"magic-34\">28<\/div>\n<\/td>\n<td style=\"width: 160.331%;\" colspan=\"1\" rowspan=\"1\">\n<div class=\"magic-35\">O-Ring<\/div>\n<\/td>\n<\/tr>\n<tr>\n<td style=\"width: 4.6832%;\" colspan=\"1\" rowspan=\"1\">\n<div class=\"magic-30\">7<\/div>\n<\/td>\n<td style=\"width: 38.292%;\" colspan=\"1\" rowspan=\"1\">\n<div class=\"magic-31\">\u00c7atal<\/div>\n<\/td>\n<td style=\"width: 4.6832%;\" colspan=\"1\" rowspan=\"1\">\n<div class=\"magic-32\">18<\/div>\n<\/td>\n<td style=\"width: 27.5482%;\" colspan=\"1\" rowspan=\"1\">\n<div class=\"magic-33\">Delik Contas\u0131<\/div>\n<\/td>\n<td style=\"width: 4.6832%;\" colspan=\"1\" rowspan=\"1\">\n<div class=\"magic-34\">29<\/div>\n<\/td>\n<td style=\"width: 160.331%;\" colspan=\"1\" rowspan=\"1\">\n<div class=\"magic-35\">O-Ring<\/div>\n<\/td>\n<\/tr>\n<tr>\n<td style=\"width: 4.6832%;\" colspan=\"1\" rowspan=\"1\">\n<div class=\"magic-30\">8<\/div>\n<\/td>\n<td style=\"width: 38.292%;\" colspan=\"1\" rowspan=\"1\">\n<div class=\"magic-31\">Toz Kapa\u011f\u0131<\/div>\n<\/td>\n<td style=\"width: 4.6832%;\" colspan=\"1\" rowspan=\"1\">\n<div class=\"magic-32\">19<\/div>\n<\/td>\n<td style=\"width: 27.5482%;\" colspan=\"1\" rowspan=\"1\">\n<div class=\"magic-33\">U-Halkas\u0131<\/div>\n<\/td>\n<td style=\"width: 4.6832%;\" colspan=\"1\" rowspan=\"1\">\n<div class=\"magic-34\">30<\/div>\n<\/td>\n<td style=\"width: 160.331%;\" colspan=\"1\" rowspan=\"1\">\n<div class=\"magic-35\">Du Bush<\/div>\n<\/td>\n<\/tr>\n<tr>\n<td style=\"width: 4.6832%;\" colspan=\"1\" rowspan=\"1\">\n<div class=\"magic-30\">9<\/div>\n<\/td>\n<td style=\"width: 38.292%;\" colspan=\"1\" rowspan=\"1\">\n<div class=\"magic-31\">Petrol Borusu Kapa\u011f\u0131<\/div>\n<\/td>\n<td style=\"width: 4.6832%;\" colspan=\"1\" rowspan=\"1\">\n<div class=\"magic-32\">20<\/div>\n<\/td>\n<td style=\"width: 27.5482%;\" colspan=\"1\" rowspan=\"1\">\n<div class=\"magic-33\">O-Ring<\/div>\n<\/td>\n<td style=\"width: 4.6832%;\" colspan=\"1\" rowspan=\"1\">\n<div class=\"magic-34\">31<\/div>\n<\/td>\n<td style=\"width: 160.331%;\" colspan=\"1\" rowspan=\"1\">\n<div class=\"magic-35\">Set Vidalar\u0131<\/div>\n<\/td>\n<\/tr>\n<tr>\n<td style=\"width: 4.6832%;\" colspan=\"1\" rowspan=\"1\">\n<div class=\"magic-30\">10<\/div>\n<\/td>\n<td style=\"width: 38.292%;\" colspan=\"1\" rowspan=\"1\">\n<div class=\"magic-31\">K\u0131lavuz \u00e7ubuk<\/div>\n<\/td>\n<td style=\"width: 4.6832%;\" colspan=\"1\" rowspan=\"1\">\n<div class=\"magic-32\">21<\/div>\n<\/td>\n<td style=\"width: 27.5482%;\" colspan=\"1\" rowspan=\"1\">\n<div class=\"magic-33\">O-Ring<\/div>\n<\/td>\n<td style=\"width: 4.6832%;\" colspan=\"1\" rowspan=\"1\">\n<div class=\"magic-34\"><\/div>\n<\/td>\n<td style=\"width: 160.331%;\" colspan=\"1\" rowspan=\"1\">\n<div class=\"magic-35\"><\/div>\n<\/td>\n<\/tr>\n<tr>\n<td style=\"width: 4.6832%;\" colspan=\"1\" rowspan=\"1\">\n<div class=\"magic-30\">11<\/div>\n<\/td>\n<td style=\"width: 38.292%;\" colspan=\"1\" rowspan=\"1\">\n<div class=\"magic-31\">S\u00fcrg\u00fc<\/div>\n<\/td>\n<td style=\"width: 4.6832%;\" colspan=\"1\" rowspan=\"1\">\n<div class=\"magic-32\">22<\/div>\n<\/td>\n<td style=\"width: 27.5482%;\" colspan=\"1\" rowspan=\"1\">\n<div class=\"magic-33\">Arka Halka<\/div>\n<\/td>\n<td style=\"width: 4.6832%;\" colspan=\"1\" rowspan=\"1\">\n<div class=\"magic-34\"><\/div>\n<\/td>\n<td style=\"width: 160.331%;\" colspan=\"1\" rowspan=\"1\">\n<div class=\"magic-35\"><\/div>\n<\/td>\n<\/tr>\n<\/tbody>\n<\/table>\n<\/div>\n<\/div>\n<h2>Vin\u00e7 Bomu Devrilme \u00d6nleyici Hidrolik Silindir \u00d6l\u00e7\u00fcleri:<\/h2>\n<table style=\"width: 100%;\">\n<tbody>\n<tr>\n<td style=\"width: 52.2532%;\">\n<h2><img loading=\"lazy\" decoding=\"async\" class=\"alignnone size-full wp-image-458\" src=\"https:\/\/fmp-components.com\/wp-content\/uploads\/2024\/12\/Crane-Boom-Anti-Tilt-Hydraulic-Cylinder.jpg\" alt=\"Vin\u00e7 Bomu Devrilme \u00d6nleyici Hidrolik Silindir\" width=\"500\" height=\"500\" title=\"\" srcset=\"https:\/\/fmp-components.com\/wp-content\/uploads\/2024\/12\/Crane-Boom-Anti-Tilt-Hydraulic-Cylinder.jpg 500w, https:\/\/fmp-components.com\/wp-content\/uploads\/2024\/12\/Crane-Boom-Anti-Tilt-Hydraulic-Cylinder-480x480.jpg 480w\" sizes=\"(min-width: 0px) and (max-width: 480px) 480px, (min-width: 481px) 500px, 100vw\" \/><\/h2>\n<\/td>\n<td style=\"width: 47.103%;\">\n<h2><img loading=\"lazy\" decoding=\"async\" class=\"alignnone size-full wp-image-459\" src=\"https:\/\/fmp-components.com\/wp-content\/uploads\/2024\/12\/Crane-Boom-Anti-Tilt-Hydraulic-Cylinder-Dimensions-2.webp\" alt=\"Vin\u00e7 Bomu Devrilme \u00d6nleyici Hidrolik Silindir\" width=\"980\" height=\"435\" title=\"\" srcset=\"https:\/\/fmp-components.com\/wp-content\/uploads\/2024\/12\/Crane-Boom-Anti-Tilt-Hydraulic-Cylinder-Dimensions-2.webp 980w, https:\/\/fmp-components.com\/wp-content\/uploads\/2024\/12\/Crane-Boom-Anti-Tilt-Hydraulic-Cylinder-Dimensions-2-480x213.webp 480w\" sizes=\"(min-width: 0px) and (max-width: 480px) 480px, (min-width: 481px) 980px, 100vw\" \/><\/h2>\n<\/td>\n<\/tr>\n<\/tbody>\n<\/table>\n<table style=\"width: 100%; height: 131px;\" border=\"1\" cellspacing=\"0\" cellpadding=\"0\">\n<tbody>\n<tr style=\"height: 71px;\">\n<td style=\"height: 71px;\" width=\"246\">Silindir Ad\u0131<\/td>\n<td style=\"height: 71px;\" width=\"336\">\u00c7izim numaras\u0131<\/td>\n<td style=\"height: 71px;\" width=\"126\">Delik \u00e7ap\u0131 (D)<\/td>\n<td style=\"height: 71px;\" width=\"123\">\u00c7ubuk \u00e7ap\u0131 (d)<\/td>\n<td style=\"height: 71px;\" width=\"114\">\u0130nme (S)<\/td>\n<td style=\"height: 71px;\" width=\"170\">Kurulum mesafesi (L)<\/td>\n<td style=\"height: 71px;\" width=\"172\">\u00c7al\u0131\u015fma bas\u0131nc\u0131<\/td>\n<td style=\"height: 71px;\" width=\"366\">Aray\u00fcz boyutlar\u0131 (M)<\/td>\n<td style=\"height: 71px;\" width=\"96\">A\u011f\u0131rl\u0131k<\/td>\n<\/tr>\n<tr style=\"height: 60px;\">\n<td class=\"et3\" style=\"height: 60px;\" width=\"246\" height=\"335\">Bom devrilme \u00f6nleyici hidrolik silindir<\/td>\n<td class=\"et4\" style=\"height: 60px;\" width=\"336\">ZXYG17.04-00<\/td>\n<td class=\"et4\" style=\"height: 60px;\" width=\"126\">\u03a6190<\/td>\n<td class=\"et4\" style=\"height: 60px;\" width=\"123\">\u03a6160<\/td>\n<td class=\"et4\" style=\"height: 60px;\" width=\"114\">1400<\/td>\n<td class=\"et4\" style=\"height: 60px;\" width=\"170\">4300<\/td>\n<td class=\"et4\" style=\"height: 60px;\" width=\"172\">31,5 MPa<\/td>\n<td class=\"et4\" style=\"height: 60px;\" width=\"366\">G1\/4;2-\u03a69<\/td>\n<td class=\"et4\" style=\"height: 60px;\" width=\"96\">820 kg<\/td>\n<\/tr>\n<\/tbody>\n<\/table>\n<h2>Mevcut Hidrolik Silindir Marka ve Modelleri:<\/h2>\n<table border=\"1\" cellspacing=\"0\" cellpadding=\"0\">\n<tbody>\n<tr>\n<td><span data-spm-anchor-id=\"a2700.details.0.i43.45d84a73e99C9z\">KOMATSU (PC)<\/span><\/td>\n<td>PC30, PC40, PC50, PC56, PC60, PC78, PC100, PC110, PC120, PC130, PC160, PC200-3\/5\/6\/7\/8\/8MO, PC210, PC220-5\/6\/7\/8\/8MO, PC240, PC300\/350\/360-5\/6\/7\/8\/8MO, PC400\/450-5\/6\/7\/8\/8MO, PC800, PC850<\/td>\n<\/tr>\n<tr>\n<td>TIRTIL (E)<\/td>\n<td>E301.5, E302, E305.5, E306, E307V1\/V2\/B\/C\/D\/E\/F, E308B\/C, E120B, E312V1\/V2\/B\/C\/D, E313D2, E312D2, E315D,<br \/>\nE200B,E320V1\/V2\/A\/B\/C\/D,E324D,E325C\/D,E329D,E330\/336C\/D,E345C,E349D,E365C,E374,E390<\/td>\n<\/tr>\n<tr>\n<td>KOBELCO (SK)<\/td>\n<td>SK60-3\/5\/8,SK75-8\/SR, SK100 ,SK120-3\/5, SK135-8\/SR, SK140-8, SK200-3\/5\/6\/6E, SK210-3\/5\/6\/6E,<br \/>\nSK230\/250-6E,SK250-8,SK260-8,SK350-8\/S8,SK460\/480-8<\/td>\n<\/tr>\n<tr>\n<td>HYUNDAI (R)<\/td>\n<td>R55-5\/7, R60-5\/7, R80, R110, R130, R200-5, R210-5, R215-5\/7, R220-5\/7\/9, R225-5\/7\/9, R250, R260, R265, R290, R305, R445, R485, R505<\/td>\n<\/tr>\n<tr>\n<td><span data-spm-anchor-id=\"a2700.details.0.i53.45d84a73e99C9z\">HITACHI (EX.ZX)<\/span><\/td>\n<td>EX60, EX100-1\/2\/3, EX120-1\/3\/5\/6, EX200-1\/3\/5, EX230-5, EX300-1, EX400<br \/>\nZAX60,ZAX70,ZA120-6,ZAX200\/210-1\/3\/5\/5K,ZAX240,ZAX250,ZAX260,ZAX330-3\/5\/6,ZAX450\/470,ZAX650\/670,ZAX850\/870<\/td>\n<\/tr>\n<tr>\n<td>\n<div class=\"magic-32\"><span data-spm-anchor-id=\"a2700.details.0.i55.45d84a73e99C9z\">DOOSAN (DH\/DX)<\/span><\/div>\n<\/td>\n<td>\n<div class=\"magic-33\"><span class=\"magic-34\">DH55, DH60, DH80,DH150, DH215-5\/7,DH220-5,DH225-5\/7,DH258,DH300-5\/7, DH370,DH420,DH500<br \/>\nDX55, DX60, DX75, DX130, DX225-9, DX300, DX380, DX420, DX500<\/span><\/div>\n<\/td>\n<\/tr>\n<tr>\n<td>\n<div class=\"magic-32\">VOLVO (EC)<\/div>\n<\/td>\n<td>\n<div class=\"magic-33\"><span class=\"magic-34\">EC55, EC60, EC75, EC80, EC140, EC210B\/D, EC220D, EC240, EC250, EC290, EC300, EC360 EC380, EC460, EC480, EC700, EC750, EC950<\/span><\/div>\n<\/td>\n<\/tr>\n<tr>\n<td>\n<div class=\"magic-32\">KATO (HD)<\/div>\n<\/td>\n<td>\n<div class=\"magic-33\"><span class=\"magic-34\">HD307\/308, HD450, HD512, HD700-5\/7, HD820-1\/2\/3\/5\/R, HD1023-1\/3, HD1430-1\/3<\/span><\/div>\n<\/td>\n<\/tr>\n<tr>\n<td>\n<div class=\"magic-32\">D\u0130\u011eER MARKA<\/div>\n<\/td>\n<td>\n<div class=\"magic-33\"><span class=\"magic-34\">XCMG,LIUGONG,KUBOTA,CASE,YANMAR,SUNWARD,ZOOMLION,LISHIDE,LIEHERR<\/span><\/div>\n<\/td>\n<\/tr>\n<\/tbody>\n<\/table>\n<h3>Vin\u00e7 Bomu Devrilme \u00d6nleyici Hidrolik Silindirinin Avantajlar\u0131<\/h3>\n<h4>1. Geli\u015fmi\u015f Stabilite<\/h4>\n<p>Vin\u00e7 Bomu Devrilme \u00d6nleyici Hidrolik Silindir, kald\u0131rma i\u015flemleri s\u0131ras\u0131nda bomun devrilmesini \u00f6nlemek i\u00e7in \u00f6zel olarak tasarlanm\u0131\u015ft\u0131r. Bu denge, a\u011f\u0131r y\u00fcklerin g\u00fcvenli bir \u015fekilde ta\u015f\u0131nmas\u0131 i\u00e7in hayati \u00f6nem ta\u015f\u0131r ve \u015fantiyedeki kaza riskini azalt\u0131r.<\/p>\n<h4>2. Geli\u015ftirilmi\u015f G\u00fcvenlik<\/h4>\n<p>Bu hidrolik silindir, vin\u00e7 bomunu d\u00fcz bir konumda tutarak operat\u00f6rlerin ve \u00e7evredeki personelin genel g\u00fcvenli\u011fini art\u0131r\u0131r. Bom ar\u0131zas\u0131 veya istenmeyen hareket olas\u0131l\u0131\u011f\u0131n\u0131 en aza indirerek hem ekipman\u0131 hem de \u00e7al\u0131\u015fanlar\u0131 korur.<\/p>\n<h4>3. Hassas Kontrol<\/h4>\n<p>Silindir, bomun a\u00e7\u0131s\u0131 \u00fczerinde hassas kontrol sa\u011flayarak operat\u00f6rlerin sorunsuz ayarlamalar yapmas\u0131na olanak tan\u0131r. Bu hassasiyet, karma\u015f\u0131k kald\u0131rma g\u00f6revlerinde gezinmek ve dar alanlarda performans\u0131 optimize etmek i\u00e7in olmazsa olmazd\u0131r.<\/p>\n<h4>4. Dayan\u0131kl\u0131 Yap\u0131<\/h4>\n<p>Y\u00fcksek mukavemetli malzemelerden \u00fcretilen devrilme \u00f6nleyici hidrolik silindir, in\u015faat ve end\u00fcstriyel ortamlar\u0131n zorlu ko\u015fullar\u0131na dayanacak \u015fekilde tasarlanm\u0131\u015ft\u0131r. Sa\u011flam yap\u0131s\u0131, uzun s\u00fcreli dayan\u0131kl\u0131l\u0131k ve g\u00fcvenilirlik sa\u011flar.<\/p>\n<h4>5. \u00c7ok Y\u00f6nl\u00fc Uygulama<\/h4>\n<p>Bu hidrolik silindir, kule vin\u00e7ler ve mobil vin\u00e7ler de dahil olmak \u00fczere \u00e7e\u015fitli vin\u00e7 tipleriyle uyumludur. \u00c7ok y\u00f6nl\u00fcl\u00fc\u011f\u00fc, onu \u00e7e\u015fitli sekt\u00f6rlerdeki farkl\u0131 kald\u0131rma uygulamalar\u0131 i\u00e7in uygun hale getirir.<\/p>\n<h4>6. D\u00fc\u015f\u00fck Bak\u0131m Gereksinimleri<\/h4>\n<p>Devrilme \u00f6nleyici hidrolik silindirin tasar\u0131m\u0131, a\u015f\u0131nma ve y\u0131pranmay\u0131 en aza indirerek daha d\u00fc\u015f\u00fck bak\u0131m ihtiyac\u0131 sa\u011flar. Bu da duru\u015f s\u00fcrelerinin ve i\u015fletme maliyetlerinin azalmas\u0131na ve verimlili\u011fin artmas\u0131na katk\u0131da bulunur.<\/p>\n<h4>7. Enerji Verimlili\u011fi<\/h4>\n<p>Hidrolik sistem, enerji kullan\u0131m\u0131 a\u00e7\u0131s\u0131ndan optimize edilmi\u015f olup, \u00e7al\u0131\u015fma s\u0131ras\u0131nda g\u00fc\u00e7 t\u00fcketimini azalt\u0131r. Bu verimlilik, yaln\u0131zca i\u015fletme maliyetlerini d\u00fc\u015f\u00fcrmekle kalmaz, ayn\u0131 zamanda vin\u00e7 operasyonlar\u0131nda daha s\u00fcrd\u00fcr\u00fclebilir uygulamalar\u0131 da destekler.<\/p>\n<p>Vin\u00e7 Bomu Devrilme \u00d6nleyici Hidrolik Silindir, geli\u015fmi\u015f denge, iyile\u015ftirilmi\u015f g\u00fcvenlik ve hassas kontrol gibi \u00e7ok say\u0131da avantaj sunarak, \u00e7e\u015fitli uygulamalarda etkili ve g\u00fcvenilir vin\u00e7 operasyonlar\u0131 i\u00e7in vazge\u00e7ilmez bir bile\u015fen haline gelir.<\/p>\n<p><img loading=\"lazy\" decoding=\"async\" class=\"alignnone size-full wp-image-447\" src=\"https:\/\/fmp-components.com\/wp-content\/uploads\/2024\/12\/Crane.webp\" alt=\"Vin\u00e7\" width=\"1234\" height=\"822\" title=\"\" srcset=\"https:\/\/fmp-components.com\/wp-content\/uploads\/2024\/12\/Crane.webp 1234w, https:\/\/fmp-components.com\/wp-content\/uploads\/2024\/12\/Crane-980x653.webp 980w, https:\/\/fmp-components.com\/wp-content\/uploads\/2024\/12\/Crane-480x320.webp 480w\" sizes=\"(min-width: 0px) and (max-width: 480px) 480px, (min-width: 481px) and (max-width: 980px) 980px, (min-width: 981px) 1234px, 100vw\" \/><\/p>\n<h2>FMP Hakk\u0131nda<\/h2>\n<p>FMP, hidrolik silindir \u00fcretimine odaklanm\u0131\u015f uzman bir mekanik \u00fcretim \u015firketidir. Kurulu\u015fundan bu yana \u015firket, hidrolik teknolojisinin ara\u015ft\u0131rma ve \u00fcretimine odaklanm\u0131\u015f ve hasat ve in\u015faat makinelerini de i\u00e7eren geni\u015f \u00fcr\u00fcn yelpazesinden, tar\u0131m trakt\u00f6r\u00fc bile\u015fenlerinde uzmanla\u015fmaya ba\u015far\u0131yla ge\u00e7i\u015f yapm\u0131\u015ft\u0131r. \u00dcretim ve y\u00f6netim alan\u0131nda on y\u0131l\u0131 a\u015fk\u0131n deneyimiyle FMP, geli\u015fmi\u015f \u00fcretim teknikleri sayesinde y\u00fcksek kaliteli \u00fcr\u00fcnler sunmaktad\u0131r.<\/p>\n<p>\u015eirketimiz geli\u015ftik\u00e7e, kapsaml\u0131 bir tala\u015fl\u0131 imalat \u00fcretim hatt\u0131, montaj hatt\u0131 ve kaplama hatt\u0131 geli\u015ftirdi. Ekibimiz, istikrarl\u0131 \u00fcretim kalitesini korurken s\u00fcre\u00e7 s\u00fcreklili\u011fini ve verimlili\u011fini etkili bir \u015fekilde kontrol etmek i\u00e7in birlikte \u00e7al\u0131\u015fan yetenekli y\u00f6netim personeli, deneyimli makine tasar\u0131mc\u0131lar\u0131 ve y\u00fcksek e\u011fitimli teknisyenlerden olu\u015fmaktad\u0131r.<\/p>\n<p>FMP, \u201cTeknolojik Yenilik \u0130lerlemeyi Te\u015fvik Eder, Kalite Marka Yarat\u0131r, \u0130\u015f\u00e7ilik Kaliteyi Sa\u011flar ve Uzun Vadeli Kazan-Kazan \u0130li\u015fkileri Kurar\u201d felsefesini benimser. Y\u00fcksek kaliteli \u00fcr\u00fcnler ve \u00fcst\u00fcn m\u00fc\u015fteri hizmeti sunma taahh\u00fcd\u00fcm\u00fcz, pazar\u0131n geli\u015fen ihtiya\u00e7lar\u0131n\u0131 kar\u015f\u0131lamaya devam ederken temel hedefimiz olmaya devam etmektedir.<\/p>\n<p><img loading=\"lazy\" decoding=\"async\" class=\"alignnone size-full wp-image-426\" src=\"https:\/\/fmp-components.com\/wp-content\/uploads\/2024\/12\/Sanitation-Machinery-Locking-Hydraulic-Cylinder-factory.webp\" sizes=\"(min-width: 0px) and (max-width: 480px) 480px, (min-width: 481px) and (max-width: 980px) 980px, (min-width: 981px) and (max-width: 1280px) 1280px, (min-width: 1281px) 1414px, 100vw\" srcset=\"https:\/\/fmp-components.com\/wp-content\/uploads\/2024\/12\/Sanitation-Machinery-Locking-Hydraulic-Cylinder-factory.webp 1414w, https:\/\/fmp-components.com\/wp-content\/uploads\/2024\/12\/Sanitation-Machinery-Locking-Hydraulic-Cylinder-factory-1280x529.webp 1280w, https:\/\/fmp-components.com\/wp-content\/uploads\/2024\/12\/Sanitation-Machinery-Locking-Hydraulic-Cylinder-factory-980x405.webp 980w, https:\/\/fmp-components.com\/wp-content\/uploads\/2024\/12\/Sanitation-Machinery-Locking-Hydraulic-Cylinder-factory-480x198.webp 480w\" alt=\"Sanitasyon-Makine-Kilitleme-Hidrolik-Silindir-Fabrikas\u0131\" width=\"1414\" height=\"584\" title=\"\"><\/p>\n<p>Yazar: CX<\/p>","protected":false},"excerpt":{"rendered":"<p>Vin\u00e7 Bomu Devrilme \u00d6nleyici Hidrolik Silindiri, kald\u0131rma i\u015flemleri s\u0131ras\u0131nda vin\u00e7 bomunun devrilmesini \u00f6nleyerek denge ve g\u00fcvenli\u011fi sa\u011flamak \u00fczere tasarlanm\u0131\u015f kritik bir bile\u015fendir. Bu hidrolik silindir, bomun a\u00e7\u0131s\u0131 \u00fczerinde hassas kontrol sa\u011flayarak a\u011f\u0131r y\u00fckleri kald\u0131r\u0131rken vincin dengesini koruyan hassas ayarlamalar yap\u0131lmas\u0131n\u0131 sa\u011flar. Y\u00fcksek mukavemetli malzemelerden \u00fcretilen bu silindir, in\u015faat ve end\u00fcstriyel ortamlar\u0131n zorlu ko\u015fullar\u0131na dayanacak \u015fekilde \u00fcretilmi\u015ftir. Verimli hidrolik sistem, h\u0131zl\u0131 tepki veren bir \u00e7al\u0131\u015fma sa\u011flayarak vincin genel performans\u0131n\u0131 ve g\u00fcvenli\u011fini art\u0131r\u0131r. Bu temel silindir, vin\u00e7 i\u015flevselli\u011fini optimize etmede hayati bir rol oynar ve onu \u00e7e\u015fitli kald\u0131rma uygulamalar\u0131 i\u00e7in vazge\u00e7ilmez k\u0131lar.<\/p>","protected":false},"featured_media":458,"comment_status":"open","ping_status":"closed","template":"","meta":{"_et_pb_use_builder":"","_et_pb_old_content":"","_et_gb_content_width":""},"product_brand":[],"product_cat":[24],"product_tag":[],"class_list":{"0":"post-456","1":"product","2":"type-product","3":"status-publish","4":"has-post-thumbnail","6":"product_cat-construction-machinery-hydraulic-cylinders","8":"first","9":"instock","10":"shipping-taxable","11":"product-type-simple"},"_links":{"self":[{"href":"https:\/\/fmp-components.com\/tr\/wp-json\/wp\/v2\/product\/456","targetHints":{"allow":["GET"]}}],"collection":[{"href":"https:\/\/fmp-components.com\/tr\/wp-json\/wp\/v2\/product"}],"about":[{"href":"https:\/\/fmp-components.com\/tr\/wp-json\/wp\/v2\/types\/product"}],"replies":[{"embeddable":true,"href":"https:\/\/fmp-components.com\/tr\/wp-json\/wp\/v2\/comments?post=456"}],"wp:featuredmedia":[{"embeddable":true,"href":"https:\/\/fmp-components.com\/tr\/wp-json\/wp\/v2\/media\/458"}],"wp:attachment":[{"href":"https:\/\/fmp-components.com\/tr\/wp-json\/wp\/v2\/media?parent=456"}],"wp:term":[{"taxonomy":"product_brand","embeddable":true,"href":"https:\/\/fmp-components.com\/tr\/wp-json\/wp\/v2\/product_brand?post=456"},{"taxonomy":"product_cat","embeddable":true,"href":"https:\/\/fmp-components.com\/tr\/wp-json\/wp\/v2\/product_cat?post=456"},{"taxonomy":"product_tag","embeddable":true,"href":"https:\/\/fmp-components.com\/tr\/wp-json\/wp\/v2\/product_tag?post=456"}],"curies":[{"name":"wp","href":"https:\/\/api.w.org\/{rel}","templated":true}]}}