{"id":452,"date":"2024-12-10T07:23:50","date_gmt":"2024-12-10T07:23:50","guid":{"rendered":"https:\/\/fmp-components.com\/?page_id=8"},"modified":"2024-12-10T07:26:39","modified_gmt":"2024-12-10T07:26:39","slug":"crane-pin-hydraulic-cylinder","status":"publish","type":"product","link":"https:\/\/fmp-components.com\/tr\/product\/crane-pin-hydraulic-cylinder\/","title":{"rendered":"Vin\u00e7 Pim Hidrolik Silindiri"},"content":{"rendered":"<p style=\"text-align: center;\"><span style=\"font-size: 18pt;\">Vin\u00e7 Pim Hidrolik Silindiri<\/span><\/p>\n<p>Vin\u00e7 pim hidrolik silindiri, \u00e7e\u015fitli vin\u00e7 uygulamalar\u0131nda pimlerin hassas hareketini ve g\u00fcvenli kilitlenmesini kolayla\u015ft\u0131rmak i\u00e7in tasarlanm\u0131\u015f \u00f6nemli bir bile\u015fendir. Bu hidrolik silindir, farkl\u0131 vin\u00e7 bile\u015fenlerini birbirine ba\u011flayan pimleri devreye sokmak ve devre d\u0131\u015f\u0131 b\u0131rakmak i\u00e7in g\u00fcvenilir bir kuvvet sa\u011flayarak kald\u0131rma i\u015flemleri s\u0131ras\u0131nda stabilite ve g\u00fcvenli\u011fi garanti eder.<\/p>\n<p><img loading=\"lazy\" decoding=\"async\" class=\"size-full wp-image-453 aligncenter\" src=\"https:\/\/fmp-components.com\/wp-content\/uploads\/2024\/12\/Crane-Pin-Hydraulic-Cylinder.jpg\" alt=\"Vin\u00e7 Pim Hidrolik Silindiri\" width=\"500\" height=\"500\" title=\"\" srcset=\"https:\/\/fmp-components.com\/wp-content\/uploads\/2024\/12\/Crane-Pin-Hydraulic-Cylinder.jpg 500w, https:\/\/fmp-components.com\/wp-content\/uploads\/2024\/12\/Crane-Pin-Hydraulic-Cylinder-480x480.jpg 480w\" sizes=\"(min-width: 0px) and (max-width: 480px) 480px, (min-width: 481px) 500px, 100vw\" \/><\/p>\n<h4>Temel \u00d6zellikler:<\/h4>\n<ul>\n<li>Dayan\u0131kl\u0131 Yap\u0131: Y\u00fcksek mukavemetli malzemelerden \u00fcretilen vin\u00e7 pim hidrolik silindiri, in\u015faat ve a\u011f\u0131r kald\u0131rma ortamlar\u0131n\u0131n zorlu ko\u015fullar\u0131na dayanacak \u015fekilde tasarlanm\u0131\u015ft\u0131r ve uzun \u00f6m\u00fcrl\u00fc dayan\u0131kl\u0131l\u0131k ve g\u00fcvenilirlik sa\u011flar.<\/li>\n<li>Sorunsuz \u00c7al\u0131\u015fma: Geli\u015fmi\u015f hidrolik sistem, ak\u0131c\u0131 ve kontroll\u00fc hareketlere olanak tan\u0131yarak pimlerin h\u0131zl\u0131 ve verimli bir \u015fekilde tak\u0131l\u0131p \u00e7\u0131kar\u0131lmas\u0131n\u0131 sa\u011flar ve bu da vincin genel i\u015flevselli\u011fini art\u0131r\u0131r.<\/li>\n<li>Geli\u015ftirilmi\u015f G\u00fcvenlik: Bu hidrolik silindir, g\u00fcvenli pim ba\u011flant\u0131s\u0131n\u0131 sa\u011flayarak vin\u00e7 bile\u015fenlerinin \u00e7al\u0131\u015fma s\u0131ras\u0131nda stabilitesini korumaya yard\u0131mc\u0131 olur, kaza riskini azalt\u0131r ve operat\u00f6rler ile \u015fantiye personeli i\u00e7in g\u00fcvenli\u011fi art\u0131r\u0131r.<\/li>\n<li>\u00c7ok Y\u00f6nl\u00fc Uygulama: \u00c7ok \u00e7e\u015fitli vin\u00e7ler ve kald\u0131rma ekipmanlar\u0131 i\u00e7in uygun olan pimli hidrolik silindir, mevcut sistemlere kolayca entegre edilebildi\u011finden, \u00e7e\u015fitli kald\u0131rma ve in\u015faat i\u015fleri i\u00e7in \u00e7ok y\u00f6nl\u00fc bir \u00e7\u00f6z\u00fcmd\u00fcr.<\/li>\n<li>D\u00fc\u015f\u00fck Bak\u0131m Gereksinimleri: Verimlilik ve dayan\u0131kl\u0131l\u0131k i\u00e7in tasarlanan bu hidrolik silindir, minimum bak\u0131m gerektirir ve bu da duru\u015f s\u00fcresinin azalt\u0131lmas\u0131na ve \u00fcretkenli\u011fin art\u0131r\u0131lmas\u0131na katk\u0131da bulunur.<\/li>\n<\/ul>\n<p>Vin\u00e7 pim hidrolik silindiri, vin\u00e7lerin performans\u0131n\u0131, g\u00fcvenli\u011fini ve g\u00fcvenilirli\u011fini art\u0131ran, \u00e7e\u015fitli uygulamalarda etkili kald\u0131rma i\u015flemleri i\u00e7in vazge\u00e7ilmez bir bile\u015fendir.<\/p>\n<h2>Vin\u00e7 Pimi Hidrolik Silindir \u00d6l\u00e7\u00fcleri:<\/h2>\n<table style=\"width: 100%;\">\n<tbody>\n<tr>\n<td style=\"width: 45.9228%;\"><img loading=\"lazy\" decoding=\"async\" class=\"size-full wp-image-453 aligncenter\" src=\"https:\/\/fmp-components.com\/wp-content\/uploads\/2024\/12\/Crane-Pin-Hydraulic-Cylinder.jpg\" alt=\"Vin\u00e7 Pim Hidrolik Silindiri\" width=\"500\" height=\"500\" title=\"\" srcset=\"https:\/\/fmp-components.com\/wp-content\/uploads\/2024\/12\/Crane-Pin-Hydraulic-Cylinder.jpg 500w, https:\/\/fmp-components.com\/wp-content\/uploads\/2024\/12\/Crane-Pin-Hydraulic-Cylinder-480x480.jpg 480w\" sizes=\"(min-width: 0px) and (max-width: 480px) 480px, (min-width: 481px) 500px, 100vw\" \/><\/td>\n<td style=\"width: 53.4335%;\"><img loading=\"lazy\" decoding=\"async\" class=\"alignnone size-full wp-image-454\" src=\"https:\/\/fmp-components.com\/wp-content\/uploads\/2024\/12\/Crane-Pin-Hydraulic-Cylinder-Dimensions-2.webp\" alt=\"Vin\u00e7 Pim Hidrolik Silindiri\" width=\"1024\" height=\"690\" title=\"\" srcset=\"https:\/\/fmp-components.com\/wp-content\/uploads\/2024\/12\/Crane-Pin-Hydraulic-Cylinder-Dimensions-2.webp 1024w, https:\/\/fmp-components.com\/wp-content\/uploads\/2024\/12\/Crane-Pin-Hydraulic-Cylinder-Dimensions-2-980x660.webp 980w, https:\/\/fmp-components.com\/wp-content\/uploads\/2024\/12\/Crane-Pin-Hydraulic-Cylinder-Dimensions-2-480x323.webp 480w\" sizes=\"(min-width: 0px) and (max-width: 480px) 480px, (min-width: 481px) and (max-width: 980px) 980px, (min-width: 981px) 1024px, 100vw\" \/><\/td>\n<\/tr>\n<\/tbody>\n<\/table>\n<table style=\"width: 100%; height: 133px;\" border=\"1\" cellspacing=\"0\" cellpadding=\"0\">\n<tbody>\n<tr style=\"height: 71px;\">\n<td style=\"height: 71px;\" width=\"246\">Silindir Ad\u0131<\/td>\n<td style=\"height: 71px;\" width=\"336\">\u00c7izim numaras\u0131<\/td>\n<td style=\"height: 71px;\" width=\"126\">Delik \u00e7ap\u0131 (D)<\/td>\n<td style=\"height: 71px;\" width=\"123\">\u00c7ubuk \u00e7ap\u0131 (d)<\/td>\n<td style=\"height: 71px;\" width=\"114\">\u0130nme (S)<\/td>\n<td style=\"height: 71px;\" width=\"170\">Kurulum mesafesi (L)<\/td>\n<td style=\"height: 71px;\" width=\"172\">\u00c7al\u0131\u015fma bas\u0131nc\u0131<\/td>\n<td style=\"height: 71px;\" width=\"366\">Aray\u00fcz boyutlar\u0131 (M)<\/td>\n<td style=\"height: 71px;\" width=\"96\">A\u011f\u0131rl\u0131k<\/td>\n<\/tr>\n<tr style=\"height: 62px;\">\n<td class=\"et3\" style=\"height: 62px;\" width=\"246\" height=\"370\">Pim hidrolik silindiri<\/td>\n<td class=\"et4\" style=\"height: 62px;\" width=\"336\">ZXYG14.01-00<\/td>\n<td class=\"et4\" style=\"height: 62px;\" width=\"126\">\u03a680<\/td>\n<td class=\"et4\" style=\"height: 62px;\" width=\"123\">\u03a640<\/td>\n<td class=\"et4\" style=\"height: 62px;\" width=\"114\">225<\/td>\n<td class=\"et4\" style=\"height: 62px;\" width=\"170\">440<\/td>\n<td class=\"et4\" style=\"height: 62px;\" width=\"172\">25MPa<\/td>\n<td class=\"et4\" style=\"height: 62px;\" width=\"366\">G1\/4<\/td>\n<td class=\"et4\" style=\"height: 62px;\" width=\"96\">97,8 kg<\/td>\n<\/tr>\n<\/tbody>\n<\/table>\n<h2>Vin\u00e7 Pim Hidrolik Silindir Parametreleri:<\/h2>\n<table border=\"1\" width=\"100%\" cellspacing=\"0\" cellpadding=\"0\">\n<tbody>\n<tr>\n<td width=\"70\">\u00d6\u011fe<\/td>\n<td width=\"70\">Tan\u0131m<\/td>\n<\/tr>\n<tr>\n<td width=\"70\">\u00dcr\u00fcn Ad\u0131<\/td>\n<td width=\"70\">\u00d6zel yap\u0131m hidrolik silindir<\/td>\n<\/tr>\n<tr>\n<td width=\"70\">Sertifika:<\/td>\n<td width=\"70\">ISO9001, ISO4001, ISO 45003<\/td>\n<\/tr>\n<tr>\n<td width=\"70\">\u00dcretim kapasitesi:<\/td>\n<td width=\"70\">Y\u0131lda 1200.000 adet<\/td>\n<\/tr>\n<tr>\n<td width=\"70\">\u00d6rnek Zaman\u0131<\/td>\n<td width=\"70\">Ger\u00e7ek t\u00fcre dayal\u0131<\/td>\n<\/tr>\n<tr>\n<td width=\"70\">Marka<\/td>\n<td width=\"70\">FMP veya m\u00fc\u015fterinin logosu<\/td>\n<\/tr>\n<tr>\n<td width=\"70\">Hizmet<\/td>\n<td width=\"70\">OEM ve ODM<\/td>\n<\/tr>\n<tr>\n<td width=\"70\">M\u00fch\u00fcr markas\u0131<\/td>\n<td width=\"70\">Parker, NOK, BUSAK SHAMBAN<\/td>\n<\/tr>\n<tr>\n<td width=\"70\">Teslimat s\u00fcresi<\/td>\n<td width=\"70\">Sipari\u015f miktar\u0131na g\u00f6re.<\/td>\n<\/tr>\n<tr>\n<td width=\"70\">\u0130\u015fletme T\u00fcr\u00fc<\/td>\n<td width=\"70\">\u00dcretici ve \u0130hracat\u00e7\u0131<\/td>\n<\/tr>\n<\/tbody>\n<\/table>\n<h2>Mevcut Hidrolik Silindir Marka ve Modelleri:<\/h2>\n<table border=\"1\" cellspacing=\"0\" cellpadding=\"0\">\n<tbody>\n<tr>\n<td><span data-spm-anchor-id=\"a2700.details.0.i43.45d84a73e99C9z\">KOMATSU (PC)<\/span><\/td>\n<td>PC30, PC40, PC50, PC56, PC60, PC78, PC100, PC110, PC120, PC130, PC160, PC200-3\/5\/6\/7\/8\/8MO, PC210, PC220-5\/6\/7\/8\/8MO, PC240, PC300\/350\/360-5\/6\/7\/8\/8MO, PC400\/450-5\/6\/7\/8\/8MO, PC800, PC850<\/td>\n<\/tr>\n<tr>\n<td>TIRTIL (E)<\/td>\n<td>E301.5, E302, E305.5, E306, E307V1\/V2\/B\/C\/D\/E\/F, E308B\/C, E120B, E312V1\/V2\/B\/C\/D, E313D2, E312D2, E315D,<br \/>\nE200B,E320V1\/V2\/A\/B\/C\/D,E324D,E325C\/D,E329D,E330\/336C\/D,E345C,E349D,E365C,E374,E390<\/td>\n<\/tr>\n<tr>\n<td>KOBELCO (SK)<\/td>\n<td>SK60-3\/5\/8,SK75-8\/SR, SK100 ,SK120-3\/5, SK135-8\/SR, SK140-8, SK200-3\/5\/6\/6E, SK210-3\/5\/6\/6E,<br \/>\nSK230\/250-6E,SK250-8,SK260-8,SK350-8\/S8,SK460\/480-8<\/td>\n<\/tr>\n<tr>\n<td>HYUNDAI (R)<\/td>\n<td>R55-5\/7, R60-5\/7, R80, R110, R130, R200-5, R210-5, R215-5\/7, R220-5\/7\/9, R225-5\/7\/9, R250, R260, R265, R290, R305, R445, R485, R505<\/td>\n<\/tr>\n<tr>\n<td><span data-spm-anchor-id=\"a2700.details.0.i53.45d84a73e99C9z\">HITACHI (EX.ZX)<\/span><\/td>\n<td>EX60, EX100-1\/2\/3, EX120-1\/3\/5\/6, EX200-1\/3\/5, EX230-5, EX300-1, EX400<br \/>\nZAX60,ZAX70,ZA120-6,ZAX200\/210-1\/3\/5\/5K,ZAX240,ZAX250,ZAX260,ZAX330-3\/5\/6,ZAX450\/470,ZAX650\/670,ZAX850\/870<\/td>\n<\/tr>\n<tr>\n<td>\n<div class=\"magic-32\"><span data-spm-anchor-id=\"a2700.details.0.i55.45d84a73e99C9z\">DOOSAN (DH\/DX)<\/span><\/div>\n<\/td>\n<td>\n<div class=\"magic-33\"><span class=\"magic-34\">DH55, DH60, DH80,DH150, DH215-5\/7,DH220-5,DH225-5\/7,DH258,DH300-5\/7, DH370,DH420,DH500<br \/>\nDX55, DX60, DX75, DX130, DX225-9, DX300, DX380, DX420, DX500<\/span><\/div>\n<\/td>\n<\/tr>\n<tr>\n<td>\n<div class=\"magic-32\">VOLVO (EC)<\/div>\n<\/td>\n<td>\n<div class=\"magic-33\"><span class=\"magic-34\">EC55, EC60, EC75, EC80, EC140, EC210B\/D, EC220D, EC240, EC250, EC290, EC300, EC360 EC380, EC460, EC480, EC700, EC750, EC950<\/span><\/div>\n<\/td>\n<\/tr>\n<tr>\n<td>\n<div class=\"magic-32\">KATO (HD)<\/div>\n<\/td>\n<td>\n<div class=\"magic-33\"><span class=\"magic-34\">HD307\/308, HD450, HD512, HD700-5\/7, HD820-1\/2\/3\/5\/R, HD1023-1\/3, HD1430-1\/3<\/span><\/div>\n<\/td>\n<\/tr>\n<tr>\n<td>\n<div class=\"magic-32\">D\u0130\u011eER MARKA<\/div>\n<\/td>\n<td>\n<div class=\"magic-33\"><span class=\"magic-34\">XCMG,LIUGONG,KUBOTA,CASE,YANMAR,SUNWARD,ZOOMLION,LISHIDE,LIEHERR<\/span><\/div>\n<\/td>\n<\/tr>\n<\/tbody>\n<\/table>\n<h3>Vin\u00e7 Pim Hidrolik Silindirinin Avantajlar\u0131<\/h3>\n<h4>1. Kesin Kat\u0131l\u0131m ve Kat\u0131l\u0131mdan Vazge\u00e7me<\/h4>\n<p>Vin\u00e7 pim hidrolik silindiri, pimlerin devreye al\u0131nmas\u0131 ve devre d\u0131\u015f\u0131 b\u0131rak\u0131lmas\u0131 \u00fczerinde hassas kontrol sa\u011flayarak, vin\u00e7 bile\u015fenlerinin \u00e7al\u0131\u015fma s\u0131ras\u0131nda g\u00fcvenli bir \u015fekilde kilitlenmesini garanti eder. Bu hassasiyet, g\u00fcvenli\u011fi ve operasyonel verimlili\u011fi art\u0131r\u0131r.<\/p>\n<h4>2. Geli\u015ftirilmi\u015f Stabilite<\/h4>\n<p>G\u00fcvenilir kilitleme mekanizmalar\u0131 sa\u011flayarak, bu hidrolik silindir, kald\u0131rma i\u015flemleri s\u0131ras\u0131nda vin\u00e7 bile\u015fenlerinin sabit kalmas\u0131n\u0131 sa\u011flar. Bu stabilite, kaza riskini azalt\u0131r ve operat\u00f6rler ile \u00e7evredeki personel i\u00e7in genel g\u00fcvenli\u011fi art\u0131r\u0131r.<\/p>\n<h4>3. Dayan\u0131kl\u0131 Yap\u0131<\/h4>\n<p>Y\u00fcksek mukavemetli malzemelerden \u00fcretilen vin\u00e7 pim hidrolik silindiri, in\u015faat ve a\u011f\u0131r kald\u0131rma i\u015flemlerinin zorlu ko\u015fullar\u0131na dayanacak \u015fekilde tasarlanm\u0131\u015ft\u0131r. Sa\u011flam yap\u0131s\u0131, zorlu ortamlarda uzun \u00f6m\u00fcrl\u00fc dayan\u0131kl\u0131l\u0131k ve g\u00fcvenilirlik sa\u011flar.<\/p>\n<h4>4. Sorunsuz \u00c7al\u0131\u015fma<\/h4>\n<p>Geli\u015fmi\u015f hidrolik sistem, d\u00fczg\u00fcn ve kontroll\u00fc hareketler sa\u011flayarak h\u0131zl\u0131 ayarlamalara olanak tan\u0131r. Bu verimlilik, vincin performans\u0131n\u0131 art\u0131r\u0131r ve operasyonlar s\u0131ras\u0131nda daha h\u0131zl\u0131 d\u00f6ng\u00fc s\u00fcreleri sa\u011flar.<\/p>\n<h4>5. \u00c7ok Y\u00f6nl\u00fc Uygulama<\/h4>\n<p>Bu hidrolik silindir, \u00e7ok \u00e7e\u015fitli vin\u00e7 tipleri ve kald\u0131rma ekipmanlar\u0131 i\u00e7in uygundur ve bu da onu in\u015faat, bak\u0131m ve end\u00fcstriyel ortamlardaki \u00e7e\u015fitli uygulamalar i\u00e7in \u00e7ok y\u00f6nl\u00fc bir \u00e7\u00f6z\u00fcm haline getirir.<\/p>\n<h4>6. D\u00fc\u015f\u00fck Bak\u0131m Gereksinimleri<\/h4>\n<p>Bu tasar\u0131m, a\u015f\u0131nma ve y\u0131pranmay\u0131 en aza indirerek bak\u0131m gereksinimlerini azalt\u0131r. Bu da daha d\u00fc\u015f\u00fck i\u015fletme maliyetleri ve daha az ar\u0131za s\u00fcresiyle sonu\u00e7lan\u0131r ve genel verimlili\u011fe katk\u0131da bulunur.<\/p>\n<h4>7. Enerji Verimlili\u011fi<\/h4>\n<p>Hidrolik sistem, enerji kullan\u0131m\u0131 a\u00e7\u0131s\u0131ndan optimize edilmi\u015ftir ve \u00e7al\u0131\u015fma s\u0131ras\u0131nda g\u00fc\u00e7 t\u00fcketimini azalt\u0131r. Bu verimlilik, yaln\u0131zca i\u015fletme maliyetlerini d\u00fc\u015f\u00fcrmekle kalmaz, ayn\u0131 zamanda kald\u0131rma i\u015flemlerinde \u00e7evre dostu uygulamalar\u0131 da destekler.<\/p>\n<p>Vin\u00e7 pim hidrolik silindiri, hassas kontrol, art\u0131r\u0131lm\u0131\u015f denge ve dayan\u0131kl\u0131l\u0131k gibi bir\u00e7ok avantaj sunarak, \u00e7e\u015fitli uygulamalarda etkili ve g\u00fcvenilir vin\u00e7 operasyonlar\u0131 i\u00e7in vazge\u00e7ilmez bir bile\u015fen haline gelmektedir.<\/p>\n<p><img loading=\"lazy\" decoding=\"async\" class=\"alignnone size-full wp-image-447\" src=\"https:\/\/fmp-components.com\/wp-content\/uploads\/2024\/12\/Crane.webp\" alt=\"Vin\u00e7\" width=\"1234\" height=\"822\" title=\"\" srcset=\"https:\/\/fmp-components.com\/wp-content\/uploads\/2024\/12\/Crane.webp 1234w, https:\/\/fmp-components.com\/wp-content\/uploads\/2024\/12\/Crane-980x653.webp 980w, https:\/\/fmp-components.com\/wp-content\/uploads\/2024\/12\/Crane-480x320.webp 480w\" sizes=\"(min-width: 0px) and (max-width: 480px) 480px, (min-width: 481px) and (max-width: 980px) 980px, (min-width: 981px) 1234px, 100vw\" \/><\/p>\n<h2>FMP Hakk\u0131nda<\/h2>\n<p>FMP, hidrolik silindir \u00fcretimine odaklanm\u0131\u015f uzman bir mekanik \u00fcretim \u015firketidir. Kurulu\u015fundan bu yana \u015firket, hidrolik teknolojisinin ara\u015ft\u0131rma ve \u00fcretimine odaklanm\u0131\u015f ve hasat ve in\u015faat makinelerini de i\u00e7eren geni\u015f \u00fcr\u00fcn yelpazesinden, tar\u0131m trakt\u00f6r\u00fc bile\u015fenlerinde uzmanla\u015fmaya ba\u015far\u0131yla ge\u00e7i\u015f yapm\u0131\u015ft\u0131r. \u00dcretim ve y\u00f6netim alan\u0131nda on y\u0131l\u0131 a\u015fk\u0131n deneyimiyle FMP, geli\u015fmi\u015f \u00fcretim teknikleri sayesinde y\u00fcksek kaliteli \u00fcr\u00fcnler sunmaktad\u0131r.<\/p>\n<p>\u015eirketimiz geli\u015ftik\u00e7e, kapsaml\u0131 bir tala\u015fl\u0131 imalat \u00fcretim hatt\u0131, montaj hatt\u0131 ve kaplama hatt\u0131 geli\u015ftirdi. Ekibimiz, istikrarl\u0131 \u00fcretim kalitesini korurken s\u00fcre\u00e7 s\u00fcreklili\u011fini ve verimlili\u011fini etkili bir \u015fekilde kontrol etmek i\u00e7in birlikte \u00e7al\u0131\u015fan yetenekli y\u00f6netim personeli, deneyimli makine tasar\u0131mc\u0131lar\u0131 ve y\u00fcksek e\u011fitimli teknisyenlerden olu\u015fmaktad\u0131r.<\/p>\n<p>FMP, \u201cTeknolojik Yenilik \u0130lerlemeyi Te\u015fvik Eder, Kalite Marka Yarat\u0131r, \u0130\u015f\u00e7ilik Kaliteyi Sa\u011flar ve Uzun Vadeli Kazan-Kazan \u0130li\u015fkileri Kurar\u201d felsefesini benimser. Y\u00fcksek kaliteli \u00fcr\u00fcnler ve \u00fcst\u00fcn m\u00fc\u015fteri hizmeti sunma taahh\u00fcd\u00fcm\u00fcz, pazar\u0131n geli\u015fen ihtiya\u00e7lar\u0131n\u0131 kar\u015f\u0131lamaya devam ederken temel hedefimiz olmaya devam etmektedir.<\/p>\n<p><img loading=\"lazy\" decoding=\"async\" class=\"alignnone size-full wp-image-426\" src=\"https:\/\/fmp-components.com\/wp-content\/uploads\/2024\/12\/Sanitation-Machinery-Locking-Hydraulic-Cylinder-factory.webp\" sizes=\"(min-width: 0px) and (max-width: 480px) 480px, (min-width: 481px) and (max-width: 980px) 980px, (min-width: 981px) and (max-width: 1280px) 1280px, (min-width: 1281px) 1414px, 100vw\" srcset=\"https:\/\/fmp-components.com\/wp-content\/uploads\/2024\/12\/Sanitation-Machinery-Locking-Hydraulic-Cylinder-factory.webp 1414w, https:\/\/fmp-components.com\/wp-content\/uploads\/2024\/12\/Sanitation-Machinery-Locking-Hydraulic-Cylinder-factory-1280x529.webp 1280w, https:\/\/fmp-components.com\/wp-content\/uploads\/2024\/12\/Sanitation-Machinery-Locking-Hydraulic-Cylinder-factory-980x405.webp 980w, https:\/\/fmp-components.com\/wp-content\/uploads\/2024\/12\/Sanitation-Machinery-Locking-Hydraulic-Cylinder-factory-480x198.webp 480w\" alt=\"Sanitasyon-Makine-Kilitleme-Hidrolik-Silindir-Fabrikas\u0131\" width=\"1414\" height=\"584\" title=\"\"><\/p>\n<p>Yazar: CX<\/p>","protected":false},"excerpt":{"rendered":"<p>Vin\u00e7 pim hidrolik silindiri, vin\u00e7 uygulamalar\u0131nda pimlerin hassas hareketini ve kilitlenmesini kolayla\u015ft\u0131rmak i\u00e7in tasarlanm\u0131\u015f hayati bir bile\u015fendir. Bu hidrolik silindir, \u00e7e\u015fitli vin\u00e7 bile\u015fenlerini sabitleyen pimleri devreye sokmak ve devre d\u0131\u015f\u0131 b\u0131rakmak i\u00e7in g\u00fcvenilir bir kuvvet sa\u011flayarak kald\u0131rma i\u015flemleri s\u0131ras\u0131nda stabilite ve g\u00fcvenli\u011fi garanti eder. Dayan\u0131kl\u0131l\u0131k i\u00e7in tasarlanm\u0131\u015f olup, in\u015faat ortamlar\u0131n\u0131n zorlu taleplerine dayanacak \u015fekilde y\u00fcksek mukavemetli malzemelerden \u00fcretilmi\u015ftir. Verimli hidrolik sistem, sorunsuz ve kontroll\u00fc \u00e7al\u0131\u015fma sa\u011flayarak h\u0131zl\u0131 ayarlamalara olanak tan\u0131r ve vincin genel i\u015flevselli\u011fini art\u0131r\u0131r. Bu temel silindir, vin\u00e7 performans\u0131n\u0131 optimize etmede ve a\u011f\u0131r y\u00fcklerin g\u00fcvenli bir \u015fekilde ta\u015f\u0131nmas\u0131n\u0131 sa\u011flamada \u00e7ok \u00f6nemli bir rol oynar.<\/p>","protected":false},"featured_media":453,"comment_status":"open","ping_status":"closed","template":"","meta":{"_et_pb_use_builder":"","_et_pb_old_content":"","_et_gb_content_width":""},"product_brand":[],"product_cat":[24],"product_tag":[],"class_list":{"0":"post-452","1":"product","2":"type-product","3":"status-publish","4":"has-post-thumbnail","6":"product_cat-construction-machinery-hydraulic-cylinders","8":"first","9":"instock","10":"shipping-taxable","11":"product-type-simple"},"_links":{"self":[{"href":"https:\/\/fmp-components.com\/tr\/wp-json\/wp\/v2\/product\/452","targetHints":{"allow":["GET"]}}],"collection":[{"href":"https:\/\/fmp-components.com\/tr\/wp-json\/wp\/v2\/product"}],"about":[{"href":"https:\/\/fmp-components.com\/tr\/wp-json\/wp\/v2\/types\/product"}],"replies":[{"embeddable":true,"href":"https:\/\/fmp-components.com\/tr\/wp-json\/wp\/v2\/comments?post=452"}],"wp:featuredmedia":[{"embeddable":true,"href":"https:\/\/fmp-components.com\/tr\/wp-json\/wp\/v2\/media\/453"}],"wp:attachment":[{"href":"https:\/\/fmp-components.com\/tr\/wp-json\/wp\/v2\/media?parent=452"}],"wp:term":[{"taxonomy":"product_brand","embeddable":true,"href":"https:\/\/fmp-components.com\/tr\/wp-json\/wp\/v2\/product_brand?post=452"},{"taxonomy":"product_cat","embeddable":true,"href":"https:\/\/fmp-components.com\/tr\/wp-json\/wp\/v2\/product_cat?post=452"},{"taxonomy":"product_tag","embeddable":true,"href":"https:\/\/fmp-components.com\/tr\/wp-json\/wp\/v2\/product_tag?post=452"}],"curies":[{"name":"wp","href":"https:\/\/api.w.org\/{rel}","templated":true}]}}