{"id":427,"date":"2024-12-10T05:55:29","date_gmt":"2024-12-10T05:55:29","guid":{"rendered":"https:\/\/fmp-components.com\/?page_id=8"},"modified":"2024-12-10T05:55:29","modified_gmt":"2024-12-10T05:55:29","slug":"sanitation-machinery-reverse-thrust-hydraulic-cylinder","status":"publish","type":"product","link":"https:\/\/fmp-components.com\/tr\/product\/sanitation-machinery-reverse-thrust-hydraulic-cylinder\/","title":{"rendered":"Sanitasyon Makineleri Ters \u0130ti\u015fli Hidrolik Silindir"},"content":{"rendered":"<p style=\"text-align: center;\"><span style=\"font-size: 18pt;\">Sanitasyon Makineleri Ters \u0130ti\u015fli Hidrolik Silindir<\/span><\/p>\n<p>Sanitasyon Makineleri Ters \u0130ti\u015fli Hidrolik Silindiri, \u00e7\u00f6p kamyonlar\u0131 ve yol s\u00fcp\u00fcrme makineleri de dahil olmak \u00fczere \u00e7e\u015fitli sanitasyon ekipmanlar\u0131 i\u00e7in g\u00fcvenilir ters iti\u015f sa\u011flamak \u00fczere tasarlanm\u0131\u015f temel bir bile\u015fendir. Bu hidrolik silindir, at\u0131k toplama ve temizleme i\u015flemleri s\u0131ras\u0131nda makine fonksiyonlar\u0131n\u0131n etkili bir \u015fekilde devreye girip \u00e7\u0131kmas\u0131n\u0131 sa\u011flayarak, p\u00fcr\u00fczs\u00fcz ve kontroll\u00fc hareketleri kolayla\u015ft\u0131rmak \u00fczere tasarlanm\u0131\u015ft\u0131r.<\/p>\n<p><img loading=\"lazy\" decoding=\"async\" class=\"size-full wp-image-428 aligncenter\" src=\"https:\/\/fmp-components.com\/wp-content\/uploads\/2024\/12\/Sanitation-Machinery-Reverse-Thrust-Hydraulic-Cylinder.webp\" alt=\"Sanitasyon Makineleri Ters \u0130ti\u015fli Hidrolik Silindir\" width=\"500\" height=\"500\" title=\"\" srcset=\"https:\/\/fmp-components.com\/wp-content\/uploads\/2024\/12\/Sanitation-Machinery-Reverse-Thrust-Hydraulic-Cylinder.webp 500w, https:\/\/fmp-components.com\/wp-content\/uploads\/2024\/12\/Sanitation-Machinery-Reverse-Thrust-Hydraulic-Cylinder-480x480.webp 480w\" sizes=\"(min-width: 0px) and (max-width: 480px) 480px, (min-width: 481px) 500px, 100vw\" \/><\/p>\n<h4>Temel \u00d6zellikler:<\/h4>\n<ul>\n<li>Dayan\u0131kl\u0131 Yap\u0131: Y\u00fcksek mukavemetli malzemelerden \u00fcretilen bu hidrolik silindir, zorlu ortamlarda uzun s\u00fcreli performans sa\u011flayarak, sanitasyon \u00e7al\u0131\u015fmalar\u0131n\u0131n zorlu taleplerine dayanacak \u015fekilde \u00fcretilmi\u015ftir.<\/li>\n<li>D\u00fczg\u00fcn Hidrolik \u00c7al\u0131\u015fma: Geli\u015fmi\u015f hidrolik sistem, tepkisel ve ak\u0131c\u0131 hareketler sa\u011flayarak ekipmandaki a\u015f\u0131nmay\u0131 en aza indirir ve genel operasyonel verimlili\u011fi art\u0131r\u0131r.<\/li>\n<li>Geli\u015fmi\u015f Kontrol: Hassas kontrol i\u00e7in tasarlanan ters itme hidrolik silindiri, operat\u00f6rlerin sanitasyon makinelerini etkili bir \u015fekilde kullanmas\u0131n\u0131 ve manevra yapmas\u0131n\u0131 sa\u011flayarak g\u00fcvenli\u011fi ve performans\u0131 art\u0131r\u0131r.<\/li>\n<li>\u00c7ok Y\u00f6nl\u00fc Uygulama: \u00c7ok \u00e7e\u015fitli sanitasyon makinelerine uygun olan bu hidrolik silindir, \u00e7e\u015fitli sistemlere sorunsuz bir \u015fekilde entegre edilebilir ve bu da onu at\u0131k y\u00f6netimi i\u00e7in \u00e7ok y\u00f6nl\u00fc bir \u00e7\u00f6z\u00fcm haline getirir.<\/li>\n<li>Enerji Verimlili\u011fi: Tasar\u0131m\u0131 enerji kullan\u0131m\u0131n\u0131 optimize ederek g\u00fc\u00e7 kayb\u0131n\u0131 azalt\u0131r ve daha d\u00fc\u015f\u00fck i\u015fletme maliyetlerine katk\u0131da bulunur; bu da onu \u00e7evre dostu bir se\u00e7im haline getirir.<\/li>\n<\/ul>\n<p>Sanitasyon Makineleri Ters \u0130ti\u015fli Hidrolik Silindir, at\u0131k y\u00f6netimi operasyonlar\u0131nda etkili performans sa\u011flarken y\u00fcksek dayan\u0131kl\u0131l\u0131k ve kontrol seviyelerini koruyarak sanitasyon ekipmanlar\u0131n\u0131n i\u015flevselli\u011fini ve verimlili\u011fini art\u0131ran kritik bir bile\u015fendir.<\/p>\n<h2 style=\"box-sizing: border-box; user-select: initial !important; margin: 0px; padding: 0px 0px 10px; border: 0px; outline: 0px; font-size: 26px; text-size-adjust: 100%; vertical-align: baseline; background: #ffffff; color: #333333; line-height: 1em; font-weight: 500; font-family: Nunito, Helvetica, Arial, Lucida, sans-serif; font-style: normal; font-variant-ligatures: normal; font-variant-caps: normal; letter-spacing: normal; orphans: 2; text-align: start; text-indent: 0px; text-transform: none; widows: 2; word-spacing: 0px; -webkit-text-stroke-width: 0px; white-space: normal; text-decoration-thickness: initial; text-decoration-style: initial; text-decoration-color: initial;\">Sanitasyon Makinalar\u0131 Ters \u0130tmeli Hidrolik Silindir \u00d6l\u00e7\u00fcleri:<\/h2>\n<table style=\"box-sizing: border-box; user-select: initial !important; border-collapse: collapse; border-spacing: 0px; word-break: break-all !important; color: #666666; font-family: Nunito, Helvetica, Arial, Lucida, sans-serif; font-size: 16px; font-style: normal; font-variant-ligatures: normal; font-variant-caps: normal; font-weight: 500; letter-spacing: normal; orphans: 2; text-align: start; text-transform: none; widows: 2; word-spacing: 0px; -webkit-text-stroke-width: 0px; white-space: normal; background-color: #ffffff; text-decoration-thickness: initial; text-decoration-style: initial; text-decoration-color: initial; width: 735.139px;\">\n<tbody style=\"box-sizing: border-box; user-select: initial !important;\">\n<tr style=\"box-sizing: border-box; user-select: initial !important;\">\n<td style=\"box-sizing: border-box; user-select: initial !important; width: 367.569px;\"><img loading=\"lazy\" decoding=\"async\" class=\"alignnone size-full wp-image-430\" src=\"https:\/\/fmp-components.com\/wp-content\/uploads\/2024\/12\/Sanitation-Machinery-Reverse-thrust-Hydraulic-Cylinder-Dimensions-1.webp\" alt=\"Sanitasyon Makineleri Ters \u0130ti\u015fli Hidrolik Silindir\" width=\"806\" height=\"377\" title=\"\" srcset=\"https:\/\/fmp-components.com\/wp-content\/uploads\/2024\/12\/Sanitation-Machinery-Reverse-thrust-Hydraulic-Cylinder-Dimensions-1.webp 806w, https:\/\/fmp-components.com\/wp-content\/uploads\/2024\/12\/Sanitation-Machinery-Reverse-thrust-Hydraulic-Cylinder-Dimensions-1-480x225.webp 480w\" sizes=\"(min-width: 0px) and (max-width: 480px) 480px, (min-width: 481px) 806px, 100vw\" \/><\/td>\n<td style=\"box-sizing: border-box; user-select: initial !important; width: 367.569px;\"><img loading=\"lazy\" decoding=\"async\" class=\"alignnone size-full wp-image-431\" src=\"https:\/\/fmp-components.com\/wp-content\/uploads\/2024\/12\/Sanitation-Machinery-Reverse-thrust-Hydraulic-Cylinder-Dimensions-2.webp\" alt=\"Sanitasyon Makineleri Ters \u0130ti\u015fli Hidrolik Silindir\" width=\"806\" height=\"377\" title=\"\" srcset=\"https:\/\/fmp-components.com\/wp-content\/uploads\/2024\/12\/Sanitation-Machinery-Reverse-thrust-Hydraulic-Cylinder-Dimensions-2.webp 806w, https:\/\/fmp-components.com\/wp-content\/uploads\/2024\/12\/Sanitation-Machinery-Reverse-thrust-Hydraulic-Cylinder-Dimensions-2-480x225.webp 480w\" sizes=\"(min-width: 0px) and (max-width: 480px) 480px, (min-width: 481px) 806px, 100vw\" \/><\/td>\n<\/tr>\n<\/tbody>\n<\/table>\n<table style=\"box-sizing: border-box; border-collapse: collapse; border-spacing: 0px; color: #666666; font-family: Nunito, Helvetica, Arial, Lucida, sans-serif; font-size: 16px; font-style: normal; font-variant-ligatures: normal; font-variant-caps: normal; font-weight: 500; letter-spacing: normal; orphans: 2; text-align: start; text-transform: none; widows: 2; word-spacing: 0px; -webkit-text-stroke-width: 0px; white-space: normal; background-color: #ffffff; text-decoration-thickness: initial; text-decoration-style: initial; text-decoration-color: initial; height: 62px; width: 97.3832%; user-select: initial !important; word-break: break-all !important;\" border=\"1\" cellspacing=\"0\" cellpadding=\"0\">\n<tbody style=\"box-sizing: border-box; user-select: initial !important;\">\n<tr style=\"box-sizing: border-box; user-select: initial !important; height: 47px;\">\n<td style=\"box-sizing: border-box; height: 47px; width: 12.6359%; text-align: center; user-select: initial !important;\" width=\"246\">Silindir Ad\u0131<\/td>\n<td style=\"box-sizing: border-box; height: 47px; width: 17.5272%; text-align: center; user-select: initial !important;\" width=\"336\">\u00c7izim numaras\u0131<\/td>\n<td style=\"box-sizing: border-box; height: 47px; width: 8.55978%; text-align: center; user-select: initial !important;\" width=\"126\">Delik \u00e7ap\u0131 (D)<\/td>\n<td style=\"box-sizing: border-box; height: 47px; width: 8.42391%; text-align: center; user-select: initial !important;\" width=\"123\">\u00c7ubuk \u00e7ap\u0131 (d)<\/td>\n<td style=\"box-sizing: border-box; height: 47px; width: 7.06522%; text-align: center; user-select: initial !important;\" width=\"114\">\u0130nme (S)<\/td>\n<td style=\"box-sizing: border-box; height: 47px; width: 11.0054%; text-align: center; user-select: initial !important;\" width=\"170\">Kurulum mesafesi (L)<\/td>\n<td style=\"box-sizing: border-box; height: 47px; width: 10.0543%; text-align: center; user-select: initial !important;\" width=\"172\">\u00c7al\u0131\u015fma bas\u0131nc\u0131<\/td>\n<td style=\"box-sizing: border-box; height: 47px; width: 18.0707%; text-align: center; user-select: initial !important;\" width=\"366\">Aray\u00fcz boyutlar\u0131 (M)<\/td>\n<td style=\"box-sizing: border-box; height: 47px; width: 28.7304%; text-align: center; user-select: initial !important;\" width=\"96\">A\u011f\u0131rl\u0131k<\/td>\n<\/tr>\n<tr style=\"box-sizing: border-box; user-select: initial !important; height: 15px;\">\n<td class=\"et3\" style=\"box-sizing: border-box; height: 15px; width: 12.6359%; text-align: center; user-select: initial !important;\" width=\"246\" height=\"303\">Ters itme silindiri<\/td>\n<td class=\"et4\" style=\"box-sizing: border-box; width: 17.5272%; height: 15px; text-align: center; user-select: initial !important;\" width=\"336\">LPE222.2.2-5-00<\/td>\n<td class=\"et4\" style=\"box-sizing: border-box; width: 8.55978%; height: 15px; text-align: center; user-select: initial !important;\" width=\"126\">\u03a6220<\/td>\n<td class=\"et4\" style=\"box-sizing: border-box; width: 8.42391%; height: 15px; text-align: center; user-select: initial !important;\" width=\"123\">\u03a6110<\/td>\n<td class=\"et4\" style=\"box-sizing: border-box; width: 7.06522%; height: 15px; text-align: center; user-select: initial !important;\" width=\"114\">420<\/td>\n<td class=\"et4\" style=\"box-sizing: border-box; width: 11.0054%; height: 15px; text-align: center; user-select: initial !important;\" width=\"170\">1110<\/td>\n<td class=\"et4\" style=\"box-sizing: border-box; width: 10.0543%; height: 15px; text-align: center; user-select: initial !important;\" width=\"172\">16MPa<\/td>\n<td class=\"et4\" style=\"box-sizing: border-box; width: 18.0707%; height: 15px; text-align: center; user-select: initial !important;\" width=\"366\">2-M22*1,5<\/td>\n<td class=\"et4\" style=\"box-sizing: border-box; width: 28.7304%; height: 15px; text-align: center; user-select: initial !important;\" width=\"96\">323 kg<\/td>\n<\/tr>\n<\/tbody>\n<\/table>\n<h2>Mevcut Hidrolik Silindir Marka ve Modelleri:<\/h2>\n<table border=\"1\" cellspacing=\"0\" cellpadding=\"0\">\n<tbody>\n<tr>\n<td><span data-spm-anchor-id=\"a2700.details.0.i43.45d84a73e99C9z\">KOMATSU (PC)<\/span><\/td>\n<td>PC30, PC40, PC50, PC56, PC60, PC78, PC100, PC110, PC120, PC130, PC160, PC200-3\/5\/6\/7\/8\/8MO, PC210, PC220-5\/6\/7\/8\/8MO, PC240, PC300\/350\/360-5\/6\/7\/8\/8MO, PC400\/450-5\/6\/7\/8\/8MO, PC800, PC850<\/td>\n<\/tr>\n<tr>\n<td>TIRTIL (E)<\/td>\n<td>E301.5, E302, E305.5, E306, E307V1\/V2\/B\/C\/D\/E\/F, E308B\/C, E120B, E312V1\/V2\/B\/C\/D, E313D2, E312D2, E315D,<br \/>\nE200B,E320V1\/V2\/A\/B\/C\/D,E324D,E325C\/D,E329D,E330\/336C\/D,E345C,E349D,E365C,E374,E390<\/td>\n<\/tr>\n<tr>\n<td>KOBELCO (SK)<\/td>\n<td>SK60-3\/5\/8,SK75-8\/SR, SK100 ,SK120-3\/5, SK135-8\/SR, SK140-8, SK200-3\/5\/6\/6E, SK210-3\/5\/6\/6E,<br \/>\nSK230\/250-6E,SK250-8,SK260-8,SK350-8\/S8,SK460\/480-8<\/td>\n<\/tr>\n<tr>\n<td>HYUNDAI (R)<\/td>\n<td>R55-5\/7, R60-5\/7, R80, R110, R130, R200-5, R210-5, R215-5\/7, R220-5\/7\/9, R225-5\/7\/9, R250, R260, R265, R290, R305, R445, R485, R505<\/td>\n<\/tr>\n<tr>\n<td><span data-spm-anchor-id=\"a2700.details.0.i53.45d84a73e99C9z\">HITACHI (EX.ZX)<\/span><\/td>\n<td>EX60, EX100-1\/2\/3, EX120-1\/3\/5\/6, EX200-1\/3\/5, EX230-5, EX300-1, EX400<br \/>\nZAX60,ZAX70,ZA120-6,ZAX200\/210-1\/3\/5\/5K,ZAX240,ZAX250,ZAX260,ZAX330-3\/5\/6,ZAX450\/470,ZAX650\/670,ZAX850\/870<\/td>\n<\/tr>\n<tr>\n<td>\n<div class=\"magic-32\"><span data-spm-anchor-id=\"a2700.details.0.i55.45d84a73e99C9z\">DOOSAN (DH\/DX)<\/span><\/div>\n<\/td>\n<td>\n<div class=\"magic-33\"><span class=\"magic-34\">DH55, DH60, DH80,DH150, DH215-5\/7,DH220-5,DH225-5\/7,DH258,DH300-5\/7, DH370,DH420,DH500<br \/>\nDX55, DX60, DX75, DX130, DX225-9, DX300, DX380, DX420, DX500<\/span><\/div>\n<\/td>\n<\/tr>\n<tr>\n<td>\n<div class=\"magic-32\">VOLVO (EC)<\/div>\n<\/td>\n<td>\n<div class=\"magic-33\"><span class=\"magic-34\">EC55, EC60, EC75, EC80, EC140, EC210B\/D, EC220D, EC240, EC250, EC290, EC300, EC360 EC380, EC460, EC480, EC700, EC750, EC950<\/span><\/div>\n<\/td>\n<\/tr>\n<tr>\n<td>\n<div class=\"magic-32\">KATO (HD)<\/div>\n<\/td>\n<td>\n<div class=\"magic-33\"><span class=\"magic-34\">HD307\/308, HD450, HD512, HD700-5\/7, HD820-1\/2\/3\/5\/R, HD1023-1\/3, HD1430-1\/3<\/span><\/div>\n<\/td>\n<\/tr>\n<tr>\n<td>\n<div class=\"magic-32\">D\u0130\u011eER MARKA<\/div>\n<\/td>\n<td>\n<div class=\"magic-33\"><span class=\"magic-34\">XCMG,LIUGONG,KUBOTA,CASE,YANMAR,SUNWARD,ZOOMLION,LISHIDE,LIEHERR<\/span><\/div>\n<\/td>\n<\/tr>\n<\/tbody>\n<\/table>\n<h3>Sanitasyon Makinelerinin Ters \u0130ti\u015fli Hidrolik Silindirlerinin Avantajlar\u0131<\/h3>\n<h4>1. Geli\u015fmi\u015f Kontrol<\/h4>\n<p>Sanitasyon Makineleri Ters \u0130ti\u015fli Hidrolik Silindiri, sanitasyon ekipmanlar\u0131n\u0131n ters iti\u015f hareketleri \u00fczerinde hassas kontrol sa\u011flar. Bu \u00f6zellik, operat\u00f6rlerin etkili manevralar yapmas\u0131n\u0131 sa\u011flayarak at\u0131k toplama ve sokak temizli\u011fi gibi operasyonlar\u0131n genel verimlili\u011fini art\u0131r\u0131r.<\/p>\n<h4>2. Sa\u011flam Dayan\u0131kl\u0131l\u0131k<\/h4>\n<p>Zorlu temizlik ko\u015fullar\u0131na dayanacak \u015fekilde tasarlanan bu hidrolik silindir, y\u00fcksek mukavemetli malzemelerden \u00fcretilmi\u015ftir. Dayan\u0131kl\u0131l\u0131\u011f\u0131, uzun \u00f6m\u00fcrl\u00fc performans sa\u011flayarak s\u0131k s\u0131k de\u011fi\u015ftirme ve bak\u0131m ihtiyac\u0131n\u0131 azalt\u0131r.<\/p>\n<h4>3. Sorunsuz \u00c7al\u0131\u015fma<\/h4>\n<p>Ters itme silindirinin geli\u015fmi\u015f hidrolik sistemi, sorunsuz ve h\u0131zl\u0131 bir \u00e7al\u0131\u015fma sa\u011flar. Bu sayede ekipman a\u015f\u0131nmas\u0131 azal\u0131r ve ani hareket riski en aza indirilerek \u00e7al\u0131\u015fma s\u0131ras\u0131nda g\u00fcvenlik art\u0131r\u0131l\u0131r.<\/p>\n<h4>4. \u00c7ok Y\u00f6nl\u00fcl\u00fck<\/h4>\n<p>Bu hidrolik silindir \u00e7ok y\u00f6nl\u00fcd\u00fcr ve \u00e7\u00f6p kamyonlar\u0131 ve yol s\u00fcp\u00fcrme makineleri de dahil olmak \u00fczere \u00e7e\u015fitli temizlik makinelerinde kullan\u0131labilir. Uyarlanabilirli\u011fi, at\u0131k y\u00f6netimi ve belediye hizmetlerinde \u00e7ok \u00e7e\u015fitli uygulamalar i\u00e7in uygun olmas\u0131n\u0131 sa\u011flar.<\/p>\n<h4>5. Geli\u015fmi\u015f G\u00fcvenlik<\/h4>\n<p>Hidrolik silindir, g\u00fcvenilir ters itme kontrol\u00fc sa\u011flayarak sanitasyon i\u015flemlerinin g\u00fcvenli\u011fini art\u0131r\u0131r. Kazalar\u0131n \u00f6nlenmesine yard\u0131mc\u0131 olur ve makinelerin g\u00fcvenli parametreler dahilinde \u00e7al\u0131\u015fmas\u0131n\u0131 sa\u011flayarak hem operat\u00f6rleri hem de \u00e7evreyi korur.<\/p>\n<h4>6. Enerji Verimlili\u011fi<\/h4>\n<p>Ters itmeli hidrolik silindir tasar\u0131m\u0131, enerji kullan\u0131m\u0131n\u0131 optimize ederek \u00e7al\u0131\u015fma s\u0131ras\u0131nda g\u00fc\u00e7 kayb\u0131n\u0131 en aza indirir. Bu verimlilik, daha d\u00fc\u015f\u00fck i\u015fletme maliyetlerine d\u00f6n\u00fc\u015f\u00fcr ve at\u0131k y\u00f6netiminde \u00e7evre dostu uygulamalara katk\u0131da bulunur.<\/p>\n<h4>7. Kolay Entegrasyon<\/h4>\n<p>Silindir, mevcut sanitasyon ekipmanlar\u0131na kolayca monte edilebilecek \u015fekilde tasarlanm\u0131\u015ft\u0131r; bu sayede h\u0131zl\u0131 y\u00fckseltmelere olanak tan\u0131r ve bak\u0131m veya de\u011fi\u015ftirme s\u0131ras\u0131ndaki kesinti s\u00fcresini en aza indirir.<\/p>\n<p>Sanitasyon Makineleri Ters \u0130ti\u015fli Hidrolik Silindiri, geli\u015fmi\u015f kontrol, dayan\u0131kl\u0131l\u0131k ve g\u00fcvenlik gibi say\u0131s\u0131z avantaj sunarak, verimli ve etkili sanitasyon operasyonlar\u0131 i\u00e7in vazge\u00e7ilmez bir bile\u015fen haline gelmi\u015ftir. \u00c7ok y\u00f6nl\u00fcl\u00fc\u011f\u00fc ve enerji verimlili\u011fi, at\u0131k y\u00f6netimi sekt\u00f6r\u00fcndeki de\u011ferine daha da katk\u0131da bulunmaktad\u0131r.<\/p>\n<p><img loading=\"lazy\" decoding=\"async\" class=\"alignnone size-full wp-image-429\" src=\"https:\/\/fmp-components.com\/wp-content\/uploads\/2024\/12\/Sanitation-Machinery-Reverse-Thrust-Hydraulic-Cylinder-1.webp\" alt=\"Sanitasyon Makineleri Ters \u0130ti\u015fli Hidrolik Silindir\" width=\"1000\" height=\"667\" title=\"\" srcset=\"https:\/\/fmp-components.com\/wp-content\/uploads\/2024\/12\/Sanitation-Machinery-Reverse-Thrust-Hydraulic-Cylinder-1.webp 1000w, https:\/\/fmp-components.com\/wp-content\/uploads\/2024\/12\/Sanitation-Machinery-Reverse-Thrust-Hydraulic-Cylinder-1-980x654.webp 980w, https:\/\/fmp-components.com\/wp-content\/uploads\/2024\/12\/Sanitation-Machinery-Reverse-Thrust-Hydraulic-Cylinder-1-480x320.webp 480w\" sizes=\"(min-width: 0px) and (max-width: 480px) 480px, (min-width: 481px) and (max-width: 980px) 980px, (min-width: 981px) 1000px, 100vw\" \/><\/p>\n<h2>FMP Hakk\u0131nda<\/h2>\n<p>FMP, hidrolik silindir \u00fcretimine odaklanm\u0131\u015f uzman bir mekanik \u00fcretim \u015firketidir. Kurulu\u015fundan bu yana \u015firket, hidrolik teknolojisinin ara\u015ft\u0131rma ve \u00fcretimine odaklanm\u0131\u015f ve hasat ve in\u015faat makinelerini de i\u00e7eren geni\u015f \u00fcr\u00fcn yelpazesinden, tar\u0131m trakt\u00f6r\u00fc bile\u015fenlerinde uzmanla\u015fmaya ba\u015far\u0131yla ge\u00e7i\u015f yapm\u0131\u015ft\u0131r. \u00dcretim ve y\u00f6netim alan\u0131nda on y\u0131l\u0131 a\u015fk\u0131n deneyimiyle FMP, geli\u015fmi\u015f \u00fcretim teknikleri sayesinde y\u00fcksek kaliteli \u00fcr\u00fcnler sunmaktad\u0131r.<\/p>\n<p>\u015eirketimiz geli\u015ftik\u00e7e, kapsaml\u0131 bir tala\u015fl\u0131 imalat \u00fcretim hatt\u0131, montaj hatt\u0131 ve kaplama hatt\u0131 geli\u015ftirdi. Ekibimiz, istikrarl\u0131 \u00fcretim kalitesini korurken s\u00fcre\u00e7 s\u00fcreklili\u011fini ve verimlili\u011fini etkili bir \u015fekilde kontrol etmek i\u00e7in birlikte \u00e7al\u0131\u015fan yetenekli y\u00f6netim personeli, deneyimli makine tasar\u0131mc\u0131lar\u0131 ve y\u00fcksek e\u011fitimli teknisyenlerden olu\u015fmaktad\u0131r.<\/p>\n<p>FMP, \u201cTeknolojik Yenilik \u0130lerlemeyi Te\u015fvik Eder, Kalite Marka Yarat\u0131r, \u0130\u015f\u00e7ilik Kaliteyi Sa\u011flar ve Uzun Vadeli Kazan-Kazan \u0130li\u015fkileri Kurar\u201d felsefesini benimser. Y\u00fcksek kaliteli \u00fcr\u00fcnler ve \u00fcst\u00fcn m\u00fc\u015fteri hizmeti sunma taahh\u00fcd\u00fcm\u00fcz, pazar\u0131n geli\u015fen ihtiya\u00e7lar\u0131n\u0131 kar\u015f\u0131lamaya devam ederken temel hedefimiz olmaya devam etmektedir.<\/p>\n<p><img loading=\"lazy\" decoding=\"async\" class=\"alignnone size-full wp-image-426\" src=\"https:\/\/fmp-components.com\/wp-content\/uploads\/2024\/12\/Sanitation-Machinery-Locking-Hydraulic-Cylinder-factory.webp\" alt=\"Sanitasyon-Makine-Kilitleme-Hidrolik-Silindir-Fabrikas\u0131\" width=\"1414\" height=\"584\" title=\"\" srcset=\"https:\/\/fmp-components.com\/wp-content\/uploads\/2024\/12\/Sanitation-Machinery-Locking-Hydraulic-Cylinder-factory.webp 1414w, https:\/\/fmp-components.com\/wp-content\/uploads\/2024\/12\/Sanitation-Machinery-Locking-Hydraulic-Cylinder-factory-1280x529.webp 1280w, https:\/\/fmp-components.com\/wp-content\/uploads\/2024\/12\/Sanitation-Machinery-Locking-Hydraulic-Cylinder-factory-980x405.webp 980w, https:\/\/fmp-components.com\/wp-content\/uploads\/2024\/12\/Sanitation-Machinery-Locking-Hydraulic-Cylinder-factory-480x198.webp 480w\" sizes=\"(min-width: 0px) and (max-width: 480px) 480px, (min-width: 481px) and (max-width: 980px) 980px, (min-width: 981px) and (max-width: 1280px) 1280px, (min-width: 1281px) 1414px, 100vw\" \/><\/p>\n<p>Yazar: CX<\/p>","protected":false},"excerpt":{"rendered":"<p>Sanitasyon Makineleri Ters \u0130ti\u015fli Hidrolik Silindiri, \u00e7\u00f6p kamyonlar\u0131 ve yol s\u00fcp\u00fcrme ara\u00e7lar\u0131 gibi sanitasyon ekipmanlar\u0131 i\u00e7in etkili bir ters iti\u015f sa\u011flamak \u00fczere tasarlanm\u0131\u015f \u00f6nemli bir bile\u015fendir. G\u00fcvenilir performans sunmak \u00fczere tasarlanan bu hidrolik silindir, sorunsuz ve kontroll\u00fc bir \u00e7al\u0131\u015fma sa\u011flayarak \u00e7e\u015fitli makine i\u015flevlerini devreye al\u0131rken veya devreden \u00e7\u0131kar\u0131rken hassas hareketlere olanak tan\u0131r. Y\u00fcksek mukavemetli malzemelerden \u00fcretilen bu silindir, zorlu \u00e7al\u0131\u015fma ko\u015fullar\u0131n\u0131n zorluklar\u0131na dayanacak \u015fekilde \u00fcretilmi\u015ftir ve dayan\u0131kl\u0131l\u0131k ve uzun \u00f6m\u00fcr sa\u011flar. Verimli hidrolik tasar\u0131m\u0131, operasyonel verimlili\u011fi en \u00fcst d\u00fczeye \u00e7\u0131kar\u0131rken enerji kayb\u0131n\u0131 en aza indirir ve bu da onu at\u0131k y\u00f6netimi uygulamalar\u0131nda sanitasyon makinelerinin i\u015flevselli\u011fini ve verimlili\u011fini art\u0131rmak i\u00e7in vazge\u00e7ilmez bir ara\u00e7 haline getirir.<\/p>","protected":false},"featured_media":428,"comment_status":"open","ping_status":"closed","template":"","meta":{"_et_pb_use_builder":"","_et_pb_old_content":"","_et_gb_content_width":""},"product_brand":[],"product_cat":[23],"product_tag":[],"class_list":{"0":"post-427","1":"product","2":"type-product","3":"status-publish","4":"has-post-thumbnail","6":"product_cat-sanitation-machinery-hydraulic-cylinders","8":"first","9":"instock","10":"shipping-taxable","11":"product-type-simple"},"_links":{"self":[{"href":"https:\/\/fmp-components.com\/tr\/wp-json\/wp\/v2\/product\/427","targetHints":{"allow":["GET"]}}],"collection":[{"href":"https:\/\/fmp-components.com\/tr\/wp-json\/wp\/v2\/product"}],"about":[{"href":"https:\/\/fmp-components.com\/tr\/wp-json\/wp\/v2\/types\/product"}],"replies":[{"embeddable":true,"href":"https:\/\/fmp-components.com\/tr\/wp-json\/wp\/v2\/comments?post=427"}],"wp:featuredmedia":[{"embeddable":true,"href":"https:\/\/fmp-components.com\/tr\/wp-json\/wp\/v2\/media\/428"}],"wp:attachment":[{"href":"https:\/\/fmp-components.com\/tr\/wp-json\/wp\/v2\/media?parent=427"}],"wp:term":[{"taxonomy":"product_brand","embeddable":true,"href":"https:\/\/fmp-components.com\/tr\/wp-json\/wp\/v2\/product_brand?post=427"},{"taxonomy":"product_cat","embeddable":true,"href":"https:\/\/fmp-components.com\/tr\/wp-json\/wp\/v2\/product_cat?post=427"},{"taxonomy":"product_tag","embeddable":true,"href":"https:\/\/fmp-components.com\/tr\/wp-json\/wp\/v2\/product_tag?post=427"}],"curies":[{"name":"wp","href":"https:\/\/api.w.org\/{rel}","templated":true}]}}