{"id":420,"date":"2024-12-10T05:29:31","date_gmt":"2024-12-10T05:29:31","guid":{"rendered":"https:\/\/fmp-components.com\/?page_id=8"},"modified":"2024-12-10T05:45:25","modified_gmt":"2024-12-10T05:45:25","slug":"sanitation-machinery-locking-hydraulic-cylinder","status":"publish","type":"product","link":"https:\/\/fmp-components.com\/tr\/product\/sanitation-machinery-locking-hydraulic-cylinder\/","title":{"rendered":"Sanitasyon Makineleri Kilitli Hidrolik Silindir"},"content":{"rendered":"<p style=\"text-align: center;\"><span style=\"font-size: 18pt;\">Sanitasyon Makineleri Kilitli Hidrolik Silindir<\/span><\/p>\n<p>Temizlik makineleri i\u00e7in kilitlenebilir hidrolik silindir, \u00e7\u00f6p kamyonlar\u0131, sokak s\u00fcp\u00fcr\u00fcc\u00fcleri ve at\u0131k s\u0131k\u0131\u015ft\u0131r\u0131c\u0131lar\u0131 da dahil olmak \u00fczere temizlik ekipmanlar\u0131 i\u00e7in g\u00fcvenli ve g\u00fcvenilir kilitleme mekanizmalar\u0131 sa\u011flamak \u00fczere tasarlanm\u0131\u015f \u00f6nemli bir bile\u015fendir. Bu hidrolik silindir, makinenin \u00e7e\u015fitli par\u00e7alar\u0131n\u0131n \u00e7al\u0131\u015fma ve ta\u015f\u0131ma s\u0131ras\u0131nda sabit ve g\u00fcvenli kalmas\u0131n\u0131 sa\u011flayarak genel g\u00fcvenlik ve verimlili\u011fi art\u0131r\u0131r.<\/p>\n<p><img loading=\"lazy\" decoding=\"async\" class=\"size-full wp-image-421 aligncenter\" src=\"https:\/\/fmp-components.com\/wp-content\/uploads\/2024\/12\/Sanitation-Machinery-Locking-Hydraulic-Cylinder.webp\" alt=\"Sanitasyon Makineleri Kilitli Hidrolik Silindir\" width=\"500\" height=\"500\" title=\"\" srcset=\"https:\/\/fmp-components.com\/wp-content\/uploads\/2024\/12\/Sanitation-Machinery-Locking-Hydraulic-Cylinder.webp 500w, https:\/\/fmp-components.com\/wp-content\/uploads\/2024\/12\/Sanitation-Machinery-Locking-Hydraulic-Cylinder-480x480.webp 480w\" sizes=\"(min-width: 0px) and (max-width: 480px) 480px, (min-width: 481px) 500px, 100vw\" \/><\/p>\n<h4>Temel \u00d6zellikler:<\/h4>\n<ul>\n<li>Sa\u011flam Yap\u0131: Y\u00fcksek mukavemetli malzemelerden \u00fcretilen bu kilitli hidrolik silindir, temizlik i\u015flerinin zorlu ko\u015fullar\u0131na dayanacak \u015fekilde tasarlanm\u0131\u015ft\u0131r ve uzun \u00f6m\u00fcrl\u00fc dayan\u0131kl\u0131l\u0131k ve g\u00fcvenilirlik sa\u011flar.<\/li>\n<li>Verimli Hidrolik Tasar\u0131m: Silindir, sorunsuz ve h\u0131zl\u0131 \u00e7al\u0131\u015fma sa\u011flamak i\u00e7in geli\u015fmi\u015f hidrolik teknolojisini kullan\u0131r. Kilitleme mekanizmas\u0131n\u0131n h\u0131zl\u0131 devreye al\u0131nmas\u0131 ve devre d\u0131\u015f\u0131 b\u0131rak\u0131lmas\u0131, verimli i\u015f ak\u0131\u015f\u0131n\u0131 kolayla\u015ft\u0131r\u0131r.<\/li>\n<li>Geli\u015ftirilmi\u015f G\u00fcvenlik: Hidrolik silindir, sanitasyon makinelerinin kritik bile\u015fenlerini g\u00fcvenli bir \u015fekilde kilitleyerek, \u00e7al\u0131\u015fma s\u0131ras\u0131nda kaz accidental hareket veya yerinden \u00e7\u0131kmay\u0131 \u00f6nlemeye yard\u0131mc\u0131 olur ve b\u00f6ylece kaza riskini azalt\u0131r.<\/li>\n<li>\u00c7ok Y\u00f6nl\u00fc Kullan\u0131m Alanlar\u0131: \u00c7ok \u00e7e\u015fitli temizlik ekipmanlar\u0131 i\u00e7in uygun olan bu kilitleme hidrolik silindiri, at\u0131k y\u00f6netimi ve sokak temizli\u011finde kullan\u0131lan \u00e7e\u015fitli ara\u00e7 ve makinelerin etkin \u00e7al\u0131\u015fmas\u0131 i\u00e7in vazge\u00e7ilmezdir.<\/li>\n<li>Kolay Entegrasyon: Kolay kurulum i\u00e7in tasarlanan kilitleme hidrolik silindiri, mevcut sanitasyon makine sistemlerine sorunsuz bir \u015fekilde entegre edilebilir, b\u00f6ylece ar\u0131za s\u00fcresi en aza indirilir ve h\u0131zl\u0131 devreye alma sa\u011flan\u0131r.<\/li>\n<\/ul>\n<p>At\u0131ksu ar\u0131tma makinelerinin kilitleme hidrolik silindiri, at\u0131ksu ar\u0131tma ekipmanlar\u0131n\u0131n g\u00fcvenli\u011fini, verimlili\u011fini ve g\u00fcvenilirli\u011fini art\u0131ran, etkili at\u0131k y\u00f6netimi operasyonlar\u0131 i\u00e7in vazge\u00e7ilmez bir ara\u00e7t\u0131r.<\/p>\n<h2>Temizlik Makineleri Kilitleme Hidrolik Silindirinin \u00d6l\u00e7\u00fcleri:<\/h2>\n<table>\n<tbody>\n<tr>\n<td><img loading=\"lazy\" decoding=\"async\" class=\"alignnone size-full wp-image-423\" src=\"https:\/\/fmp-components.com\/wp-content\/uploads\/2024\/12\/Sanitation-Machinery-Locking-Hydraulic-Cylinder-Dimensions-1.webp\" alt=\"Sanitasyon Makineleri Kilitli Hidrolik Silindir\" width=\"980\" height=\"427\" title=\"\" srcset=\"https:\/\/fmp-components.com\/wp-content\/uploads\/2024\/12\/Sanitation-Machinery-Locking-Hydraulic-Cylinder-Dimensions-1.webp 980w, https:\/\/fmp-components.com\/wp-content\/uploads\/2024\/12\/Sanitation-Machinery-Locking-Hydraulic-Cylinder-Dimensions-1-480x209.webp 480w\" sizes=\"(min-width: 0px) and (max-width: 480px) 480px, (min-width: 481px) 980px, 100vw\" \/><\/td>\n<td><img loading=\"lazy\" decoding=\"async\" class=\"alignnone size-full wp-image-424\" src=\"https:\/\/fmp-components.com\/wp-content\/uploads\/2024\/12\/Sanitation-Machinery-Locking-Hydraulic-Cylinder-Dimensions-2.webp\" alt=\"Sanitasyon Makineleri Kilitli Hidrolik Silindir\" width=\"980\" height=\"427\" title=\"\" srcset=\"https:\/\/fmp-components.com\/wp-content\/uploads\/2024\/12\/Sanitation-Machinery-Locking-Hydraulic-Cylinder-Dimensions-2.webp 980w, https:\/\/fmp-components.com\/wp-content\/uploads\/2024\/12\/Sanitation-Machinery-Locking-Hydraulic-Cylinder-Dimensions-2-480x209.webp 480w\" sizes=\"(min-width: 0px) and (max-width: 480px) 480px, (min-width: 481px) 980px, 100vw\" \/><\/td>\n<\/tr>\n<\/tbody>\n<\/table>\n<table style=\"width: 100%; height: 124px;\" border=\"1\" cellspacing=\"0\" cellpadding=\"0\">\n<tbody>\n<tr style=\"height: 47px;\">\n<td style=\"height: 47px;\" width=\"246\">Silindir Ad\u0131<\/td>\n<td style=\"height: 47px;\" width=\"336\">\u00c7izim numaras\u0131<\/td>\n<td style=\"height: 47px;\" width=\"126\">Delik \u00e7ap\u0131 (D)<\/td>\n<td style=\"height: 47px;\" width=\"123\">\u00c7ubuk \u00e7ap\u0131 (d)<\/td>\n<td style=\"height: 47px;\" width=\"114\">\u0130nme (S)<\/td>\n<td style=\"height: 47px;\" width=\"170\">Kurulum mesafesi (L)<\/td>\n<td style=\"height: 47px;\" width=\"172\">\u00c7al\u0131\u015fma bas\u0131nc\u0131<\/td>\n<td style=\"height: 47px;\" width=\"366\">Aray\u00fcz boyutlar\u0131 (M)<\/td>\n<td style=\"height: 47px;\" width=\"96\">A\u011f\u0131rl\u0131k<\/td>\n<\/tr>\n<tr style=\"height: 33px;\">\n<td class=\"et3\" style=\"height: 33px;\" width=\"246\" height=\"286\">Kilitleme silindiri<\/td>\n<td class=\"et4\" style=\"height: 33px;\" width=\"336\">107504-00<\/td>\n<td class=\"et4\" style=\"height: 33px;\" width=\"126\">\u03a640<\/td>\n<td class=\"et4\" style=\"height: 33px;\" width=\"123\">\u03a620<\/td>\n<td class=\"et4\" style=\"height: 33px;\" width=\"114\">53<\/td>\n<td class=\"et4\" style=\"height: 33px;\" width=\"170\">245<\/td>\n<td class=\"et4\" style=\"height: 33px;\" width=\"172\">25MPa<\/td>\n<td class=\"et4\" style=\"height: 33px;\" width=\"366\">2-G3\/8<\/td>\n<td class=\"et4\" style=\"height: 33px;\" width=\"96\">2,6 kg<\/td>\n<\/tr>\n<tr style=\"height: 44px;\">\n<td class=\"et3\" style=\"height: 44px;\" width=\"246\" height=\"316\">Kilitleme silindiri<\/td>\n<td class=\"et4\" style=\"height: 44px;\">103631-00<\/td>\n<td class=\"et4\" style=\"height: 44px;\">\u03a663<\/td>\n<td class=\"et4\" style=\"height: 44px;\">\u03a640<\/td>\n<td class=\"et4\" style=\"height: 44px;\">160<\/td>\n<td class=\"et4\" style=\"height: 44px;\">385<\/td>\n<td class=\"et4\" style=\"height: 44px;\">30 MPa<\/td>\n<td class=\"et4\" style=\"height: 44px;\">2-G3\/8<\/td>\n<td class=\"et4\" style=\"height: 44px;\">15kg<\/td>\n<\/tr>\n<\/tbody>\n<\/table>\n<h3>Temizlik Makinelerinde Kullan\u0131lan Kilitleme Hidrolik Silindirinin \u00d6zellikleri<\/h3>\n<h4>1. Sa\u011flam Yap\u0131<\/h4>\n<p>Temizlik makinelerinde kullan\u0131lan hidrolik kilitleme silindiri, dayan\u0131kl\u0131l\u0131k ve a\u015f\u0131nmaya kar\u015f\u0131 diren\u00e7 sa\u011flayan y\u00fcksek mukavemetli malzemelerden \u00fcretilmi\u015ftir ve bu sayede temizlik i\u015flerinin zorlu ko\u015fullar\u0131na uygundur.<\/p>\n<h4>2. Etkin Kilitleme Mekanizmas\u0131<\/h4>\n<p>Bu hidrolik silindir, h\u0131zl\u0131 ve g\u00fcvenli bir \u015fekilde devreye girip \u00e7\u0131kmay\u0131 sa\u011flayan geli\u015fmi\u015f bir kilitleme mekanizmas\u0131yla tasarlanm\u0131\u015ft\u0131r. Bu verimlilik, kullan\u0131m s\u0131ras\u0131nda operasyonel i\u015f ak\u0131\u015f\u0131n\u0131 ve g\u00fcvenli\u011fi art\u0131r\u0131r.<\/p>\n<h4>3. Sorunsuz Hidrolik \u00c7al\u0131\u015fma<\/h4>\n<p>Silindir, sorunsuz ve h\u0131zl\u0131 \u00e7al\u0131\u015fma sa\u011flayan, iyi tasarlanm\u0131\u015f bir hidrolik sistem kullan\u0131r. Bu \u00f6zellik, kilitleme ve kilit a\u00e7ma i\u015flemlerinde hassas kontrol sa\u011flayarak g\u00fcvenilir performans sunar.<\/p>\n<h4>4. G\u00fcvenlik Geli\u015ftirmeleri<\/h4>\n<p>Bas\u0131n\u00e7 tahliye vanalar\u0131 gibi g\u00fcvenlik \u00f6zelliklerini b\u00fcnyesinde bar\u0131nd\u0131ran kilitleme hidrolik silindiri, kaz accidental serbest b\u0131rakmay\u0131 veya hareketi \u00f6nler. Bu, bile\u015fenlerin \u00e7al\u0131\u015fma s\u0131ras\u0131nda g\u00fcvenli bir \u015fekilde kilitli kalmas\u0131n\u0131 sa\u011flayarak kaza riskini azalt\u0131r.<\/p>\n<h4>5. \u00c7ok Y\u00f6nl\u00fc Uyumluluk<\/h4>\n<p>\u00c7\u00f6p kamyonlar\u0131 ve sokak s\u00fcp\u00fcr\u00fcc\u00fcleri de dahil olmak \u00fczere \u00e7ok \u00e7e\u015fitli temizlik ekipmanlar\u0131yla uyumlu olacak \u015fekilde tasarlanan bu hidrolik silindir, \u00e7e\u015fitli makine sistemlerine kolayca entegre edilebilmekte ve bu da onu at\u0131k y\u00f6netimi operasyonlar\u0131 i\u00e7in \u00e7ok y\u00f6nl\u00fc bir se\u00e7enek haline getirmektedir.<\/p>\n<h4>6. D\u00fc\u015f\u00fck Bak\u0131m Gereksinimleri<\/h4>\n<p>Sa\u011flam tasar\u0131m\u0131 ve dayan\u0131kl\u0131 malzemeleri sayesinde, kilitleme hidrolik silindiri minimum bak\u0131m gerektirir; bu da kanalizasyon hizmetlerinde ar\u0131za s\u00fcresini ve i\u015fletme maliyetlerini azalt\u0131r.<\/p>\n<h4>7. Kompakt Tasar\u0131m<\/h4>\n<p>Silindirin kompakt tasar\u0131m\u0131, sanitasyon makineleri i\u00e7indeki alan\u0131n verimli kullan\u0131lmas\u0131n\u0131 sa\u011flayarak, ekipman\u0131n genel d\u00fczenini bozmadan optimum performans elde edilmesine olanak tan\u0131r.<\/p>\n<h4>8. Korozyon Direnci<\/h4>\n<p>Bir\u00e7ok modelde korozyona kar\u015f\u0131 koruma sa\u011flayan kaplamalar bulunur; bu sayede hidrolik silindir, temizlik i\u015flerinde s\u0131k\u00e7a kar\u015f\u0131la\u015f\u0131lan zorlu \u00e7evre ko\u015fullar\u0131na maruz kald\u0131\u011f\u0131nda bile i\u015flevselli\u011fini ve g\u00f6r\u00fcn\u00fcm\u00fcn\u00fc korur.<\/p>\n<p>\u00d6zetle, Sanitasyon Makineleri Kilitleme Hidrolik Silindiri, dayan\u0131kl\u0131l\u0131k, verimlilik ve g\u00fcvenli\u011fi bir araya getirerek sanitasyon sekt\u00f6r\u00fcnde etkili ve g\u00fcvenilir \u00e7al\u0131\u015fma i\u00e7in vazge\u00e7ilmez bir bile\u015fen haline gelmektedir.<\/p>\n<h2><img loading=\"lazy\" decoding=\"async\" class=\"alignnone size-full wp-image-422\" src=\"https:\/\/fmp-components.com\/wp-content\/uploads\/2024\/12\/Sanitation-Machinery.webp\" alt=\"Sanitasyon Makineleri Kilitli Hidrolik Silindir\" width=\"1000\" height=\"667\" title=\"\" srcset=\"https:\/\/fmp-components.com\/wp-content\/uploads\/2024\/12\/Sanitation-Machinery.webp 1000w, https:\/\/fmp-components.com\/wp-content\/uploads\/2024\/12\/Sanitation-Machinery-980x654.webp 980w, https:\/\/fmp-components.com\/wp-content\/uploads\/2024\/12\/Sanitation-Machinery-480x320.webp 480w\" sizes=\"(min-width: 0px) and (max-width: 480px) 480px, (min-width: 481px) and (max-width: 980px) 980px, (min-width: 981px) 1000px, 100vw\" \/><\/h2>\n<h2>FMP Hakk\u0131nda<\/h2>\n<p>FMP, hidrolik silindir \u00fcretimine odaklanm\u0131\u015f uzman bir mekanik \u00fcretim \u015firketidir. Kurulu\u015fundan bu yana \u015firket, hidrolik teknolojisinin ara\u015ft\u0131rma ve \u00fcretimine odaklanm\u0131\u015f ve hasat ve in\u015faat makinelerini de i\u00e7eren geni\u015f \u00fcr\u00fcn yelpazesinden, tar\u0131m trakt\u00f6r\u00fc bile\u015fenlerinde uzmanla\u015fmaya ba\u015far\u0131yla ge\u00e7i\u015f yapm\u0131\u015ft\u0131r. \u00dcretim ve y\u00f6netim alan\u0131nda on y\u0131l\u0131 a\u015fk\u0131n deneyimiyle FMP, geli\u015fmi\u015f \u00fcretim teknikleri sayesinde y\u00fcksek kaliteli \u00fcr\u00fcnler sunmaktad\u0131r.<\/p>\n<p>\u015eirketimiz geli\u015ftik\u00e7e, kapsaml\u0131 bir tala\u015fl\u0131 imalat \u00fcretim hatt\u0131, montaj hatt\u0131 ve kaplama hatt\u0131 geli\u015ftirdi. Ekibimiz, istikrarl\u0131 \u00fcretim kalitesini korurken s\u00fcre\u00e7 s\u00fcreklili\u011fini ve verimlili\u011fini etkili bir \u015fekilde kontrol etmek i\u00e7in birlikte \u00e7al\u0131\u015fan yetenekli y\u00f6netim personeli, deneyimli makine tasar\u0131mc\u0131lar\u0131 ve y\u00fcksek e\u011fitimli teknisyenlerden olu\u015fmaktad\u0131r.<\/p>\n<p>FMP, \u201cTeknolojik Yenilik \u0130lerlemeyi Te\u015fvik Eder, Kalite Marka Yarat\u0131r, \u0130\u015f\u00e7ilik Kaliteyi Sa\u011flar ve Uzun Vadeli Kazan-Kazan \u0130li\u015fkileri Kurar\u201d felsefesini benimser. Y\u00fcksek kaliteli \u00fcr\u00fcnler ve \u00fcst\u00fcn m\u00fc\u015fteri hizmeti sunma taahh\u00fcd\u00fcm\u00fcz, pazar\u0131n geli\u015fen ihtiya\u00e7lar\u0131n\u0131 kar\u015f\u0131lamaya devam ederken temel hedefimiz olmaya devam etmektedir.<\/p>\n<p><img loading=\"lazy\" decoding=\"async\" class=\"alignnone size-full wp-image-426\" src=\"https:\/\/fmp-components.com\/wp-content\/uploads\/2024\/12\/Sanitation-Machinery-Locking-Hydraulic-Cylinder-factory.webp\" alt=\"Sanitasyon-Makine-Kilitleme-Hidrolik-Silindir-Fabrikas\u0131\" width=\"1414\" height=\"584\" title=\"\" srcset=\"https:\/\/fmp-components.com\/wp-content\/uploads\/2024\/12\/Sanitation-Machinery-Locking-Hydraulic-Cylinder-factory.webp 1414w, https:\/\/fmp-components.com\/wp-content\/uploads\/2024\/12\/Sanitation-Machinery-Locking-Hydraulic-Cylinder-factory-1280x529.webp 1280w, https:\/\/fmp-components.com\/wp-content\/uploads\/2024\/12\/Sanitation-Machinery-Locking-Hydraulic-Cylinder-factory-980x405.webp 980w, https:\/\/fmp-components.com\/wp-content\/uploads\/2024\/12\/Sanitation-Machinery-Locking-Hydraulic-Cylinder-factory-480x198.webp 480w\" sizes=\"(min-width: 0px) and (max-width: 480px) 480px, (min-width: 481px) and (max-width: 980px) 980px, (min-width: 981px) and (max-width: 1280px) 1280px, (min-width: 1281px) 1414px, 100vw\" \/><\/p>\n<p>Yazar: CX<\/p>","protected":false},"excerpt":{"rendered":"<p>Temizlik makineleri i\u00e7in kullan\u0131lan hidrolik kilitleme silindiri, \u00e7\u00f6p kamyonlar\u0131 ve sokak s\u00fcp\u00fcr\u00fcc\u00fcleri gibi temizlik ekipmanlar\u0131n\u0131n g\u00fcvenli \u00e7al\u0131\u015fmas\u0131n\u0131 sa\u011flamak i\u00e7in tasarlanm\u0131\u015f hayati bir bile\u015fendir. Bu hidrolik silindir, \u00e7al\u0131\u015fma ve ta\u015f\u0131ma s\u0131ras\u0131nda makinenin stabilitesini ve g\u00fcvenli\u011fini koruyan g\u00fcvenilir kilitleme mekanizmalar\u0131 sa\u011flar. Y\u00fcksek mukavemetli malzemelerden \u00fcretilen bu silindir, zorlu \u00e7al\u0131\u015fma ortamlar\u0131n\u0131n taleplerine dayanacak \u015fekilde tasarlanm\u0131\u015ft\u0131r ve uzun \u00f6m\u00fcrl\u00fcl\u00fck sa\u011flar. Verimli hidrolik tasar\u0131m, sorunsuz \u00e7al\u0131\u015fma sa\u011flayarak kilitleme sisteminin h\u0131zl\u0131 bir \u015fekilde devreye al\u0131nmas\u0131n\u0131 ve devre d\u0131\u015f\u0131 b\u0131rak\u0131lmas\u0131n\u0131 m\u00fcmk\u00fcn k\u0131lar. G\u00fcvenli\u011fi ve verimlili\u011fi art\u0131rmak i\u00e7in gerekli olan bu hidrolik kilitleme silindiri, temizlik makinelerinin etkili \u00e7al\u0131\u015fmas\u0131 i\u00e7in \u00e7ok \u00f6nemlidir.<\/p>","protected":false},"featured_media":421,"comment_status":"open","ping_status":"closed","template":"","meta":{"_et_pb_use_builder":"","_et_pb_old_content":"","_et_gb_content_width":""},"product_brand":[],"product_cat":[23],"product_tag":[],"class_list":{"0":"post-420","1":"product","2":"type-product","3":"status-publish","4":"has-post-thumbnail","6":"product_cat-sanitation-machinery-hydraulic-cylinders","8":"first","9":"instock","10":"shipping-taxable","11":"product-type-simple"},"_links":{"self":[{"href":"https:\/\/fmp-components.com\/tr\/wp-json\/wp\/v2\/product\/420","targetHints":{"allow":["GET"]}}],"collection":[{"href":"https:\/\/fmp-components.com\/tr\/wp-json\/wp\/v2\/product"}],"about":[{"href":"https:\/\/fmp-components.com\/tr\/wp-json\/wp\/v2\/types\/product"}],"replies":[{"embeddable":true,"href":"https:\/\/fmp-components.com\/tr\/wp-json\/wp\/v2\/comments?post=420"}],"wp:featuredmedia":[{"embeddable":true,"href":"https:\/\/fmp-components.com\/tr\/wp-json\/wp\/v2\/media\/421"}],"wp:attachment":[{"href":"https:\/\/fmp-components.com\/tr\/wp-json\/wp\/v2\/media?parent=420"}],"wp:term":[{"taxonomy":"product_brand","embeddable":true,"href":"https:\/\/fmp-components.com\/tr\/wp-json\/wp\/v2\/product_brand?post=420"},{"taxonomy":"product_cat","embeddable":true,"href":"https:\/\/fmp-components.com\/tr\/wp-json\/wp\/v2\/product_cat?post=420"},{"taxonomy":"product_tag","embeddable":true,"href":"https:\/\/fmp-components.com\/tr\/wp-json\/wp\/v2\/product_tag?post=420"}],"curies":[{"name":"wp","href":"https:\/\/api.w.org\/{rel}","templated":true}]}}